{"id":10098,"date":"2019-11-07T10:46:27","date_gmt":"2019-11-07T09:46:27","guid":{"rendered":"https:\/\/www.casavio.com\/szolgaltatasok\/servizi-inclusi\/"},"modified":"2024-10-03T14:19:03","modified_gmt":"2024-10-03T12:19:03","slug":"az-arban-foglalt-szolgaltatasok","status":"publish","type":"page","link":"https:\/\/www.casavio.com\/hu\/szolgaltatasok\/az-arban-foglalt-szolgaltatasok\/","title":{"rendered":"Az \u00e1rban foglalt szolg\u00e1ltat\u00e1sok"},"content":{"rendered":"<p>A Ca&#8217; Savio Kemping minden vend\u00e9ge sz\u00e1m\u00e1ra rendelkez\u00e9sre bocs\u00e1tja ezeket a szolg\u00e1ltat\u00e1sokat, melyek az <a href=\"https:\/\/www.casavio.com\/hu\/szolgaltatasok\/medencek-ca-savio\/\">uszoda<\/a>, a <a href=\"https:\/\/www.casavio.com\/hu\/szolgaltatasok\/strand-ca-savio\/\">tengerpart<\/a> \u00e9s az <a href=\"https:\/\/www.casavio.com\/hu\/tevekenysegek-kemping\/animacio\/\">anim\u00e1ci\u00f3s<\/a> tev\u00e9kenys\u00e9gek haszn\u00e1lat\u00e1val egy\u00fctt benne foglaltatnak az \u00e1rban \u00e9s nem kell p\u00f3td\u00edjat fizetni \u00e9rt\u00fck.<\/p>\n","protected":false},"excerpt":{"rendered":"<p>Az \u00e1rban foglalt szolg\u00e1ltat\u00e1sokra vonatkoz\u00f3 inform\u00e1ci\u00f3k, a lak\u00f3kocsi szervizt\u0151l az orvosi szob\u00e1ig, az \u00fcgyf\u00e9lszolg\u00e1lati irod\u00e1t\u00f3l az elektromos aut\u00f3 t\u00f6lt\u0151oszlopig.<\/p>\n","protected":false},"author":3,"featured_media":3054,"parent":10095,"menu_order":32,"comment_status":"closed","ping_status":"closed","template":"templates\/tpl-children-with-intro.php","meta":{"_acf_changed":false},"class_list":["post-10098","page","type-page","status-publish","has-post-thumbnail","hentry"],"acf":[],"yoast_head":"<!-- This site is optimized with the Yoast SEO plugin v25.3 - https:\/\/yoast.com\/wordpress\/plugins\/seo\/ -->\n<title>Az \u00e1rban foglalt szolg\u00e1ltat\u00e1sok &#8211; Camping Ca&#039; Savio<\/title>\n<meta name=\"description\" content=\"A Ca\u2019 Savio Kemping minden vend\u00e9ge sz\u00e1m\u00e1ra rendelkez\u00e9sre bocs\u00e1tja ezeket a szolg\u00e1ltat\u00e1sokat, melyek az uszoda, a tengerpart \u00e9s az anim\u00e1ci\u00f3s tev\u00e9kenys\u00e9gek haszn\u00e1lat\u00e1val egy\u00fctt benne foglaltatnak az \u00e1rban \u00e9s nem kell p\u00f3td\u00edjat fizetni \u00e9rt\u00fck.\" \/>\n<meta name=\"robots\" content=\"index, follow, max-snippet:-1, max-image-preview:large, max-video-preview:-1\" \/>\n<link rel=\"canonical\" href=\"https:\/\/www.casavio.com\/hu\/szolgaltatasok\/az-arban-foglalt-szolgaltatasok\/\" \/>\n<meta property=\"og:locale\" content=\"hu_HU\" \/>\n<meta property=\"og:type\" content=\"article\" \/>\n<meta property=\"og:title\" content=\"Az \u00e1rban foglalt szolg\u00e1ltat\u00e1sok &#8211; Camping Ca&#039; Savio\" \/>\n<meta property=\"og:description\" content=\"A Ca\u2019 Savio Kemping minden vend\u00e9ge sz\u00e1m\u00e1ra rendelkez\u00e9sre bocs\u00e1tja ezeket a szolg\u00e1ltat\u00e1sokat, melyek az uszoda, a tengerpart \u00e9s az anim\u00e1ci\u00f3s tev\u00e9kenys\u00e9gek haszn\u00e1lat\u00e1val egy\u00fctt benne foglaltatnak az \u00e1rban \u00e9s nem kell p\u00f3td\u00edjat fizetni \u00e9rt\u00fck.\" \/>\n<meta property=\"og:url\" content=\"https:\/\/www.casavio.com\/hu\/szolgaltatasok\/az-arban-foglalt-szolgaltatasok\/\" \/>\n<meta property=\"og:site_name\" content=\"Camping Ca&#039; Savio\" \/>\n<meta property=\"article:publisher\" content=\"https:\/\/www.facebook.com\/campingcasavio\" \/>\n<meta property=\"article:modified_time\" content=\"2024-10-03T12:19:03+00:00\" \/>\n<meta property=\"og:image\" content=\"https:\/\/www.casavio.com\/wp-content\/uploads\/2019\/11\/ca-savio-servizi-inclusi.jpg\" \/>\n\t<meta property=\"og:image:width\" content=\"440\" \/>\n\t<meta property=\"og:image:height\" content=\"600\" \/>\n\t<meta property=\"og:image:type\" content=\"image\/jpeg\" \/>\n<meta name=\"twitter:card\" content=\"summary_large_image\" \/>\n<meta name=\"twitter:label1\" content=\"Becs\u00fclt olvas\u00e1si id\u0151\" \/>\n\t<meta name=\"twitter:data1\" content=\"1 perc\" \/>\n<script type=\"application\/ld+json\" class=\"yoast-schema-graph\">{\"@context\":\"https:\/\/schema.org\",\"@graph\":[{\"@type\":\"WebPage\",\"@id\":\"https:\/\/www.casavio.com\/hu\/szolgaltatasok\/az-arban-foglalt-szolgaltatasok\/\",\"url\":\"https:\/\/www.casavio.com\/hu\/szolgaltatasok\/az-arban-foglalt-szolgaltatasok\/\",\"name\":\"Az \u00e1rban foglalt szolg\u00e1ltat\u00e1sok &#8211; Camping Ca&#039; Savio\",\"isPartOf\":{\"@id\":\"https:\/\/www.casavio.com\/hu\/#website\"},\"primaryImageOfPage\":{\"@id\":\"https:\/\/www.casavio.com\/hu\/szolgaltatasok\/az-arban-foglalt-szolgaltatasok\/#primaryimage\"},\"image\":{\"@id\":\"https:\/\/www.casavio.com\/hu\/szolgaltatasok\/az-arban-foglalt-szolgaltatasok\/#primaryimage\"},\"thumbnailUrl\":\"https:\/\/www.casavio.com\/wp-content\/uploads\/2019\/11\/ca-savio-servizi-inclusi.jpg\",\"datePublished\":\"2019-11-07T09:46:27+00:00\",\"dateModified\":\"2024-10-03T12:19:03+00:00\",\"description\":\"A Ca\u2019 Savio Kemping minden vend\u00e9ge sz\u00e1m\u00e1ra rendelkez\u00e9sre bocs\u00e1tja ezeket a szolg\u00e1ltat\u00e1sokat, melyek az uszoda, a tengerpart \u00e9s az anim\u00e1ci\u00f3s tev\u00e9kenys\u00e9gek haszn\u00e1lat\u00e1val egy\u00fctt benne foglaltatnak az \u00e1rban \u00e9s nem kell p\u00f3td\u00edjat fizetni \u00e9rt\u00fck.\",\"breadcrumb\":{\"@id\":\"https:\/\/www.casavio.com\/hu\/szolgaltatasok\/az-arban-foglalt-szolgaltatasok\/#breadcrumb\"},\"inLanguage\":\"hu\",\"potentialAction\":[{\"@type\":\"ReadAction\",\"target\":[\"https:\/\/www.casavio.com\/hu\/szolgaltatasok\/az-arban-foglalt-szolgaltatasok\/\"]}]},{\"@type\":\"ImageObject\",\"inLanguage\":\"hu\",\"@id\":\"https:\/\/www.casavio.com\/hu\/szolgaltatasok\/az-arban-foglalt-szolgaltatasok\/#primaryimage\",\"url\":\"https:\/\/www.casavio.com\/wp-content\/uploads\/2019\/11\/ca-savio-servizi-inclusi.jpg\",\"contentUrl\":\"https:\/\/www.casavio.com\/wp-content\/uploads\/2019\/11\/ca-savio-servizi-inclusi.jpg\",\"width\":440,\"height\":600},{\"@type\":\"BreadcrumbList\",\"@id\":\"https:\/\/www.casavio.com\/hu\/szolgaltatasok\/az-arban-foglalt-szolgaltatasok\/#breadcrumb\",\"itemListElement\":[{\"@type\":\"ListItem\",\"position\":1,\"name\":\"Home\",\"item\":\"https:\/\/www.casavio.com\/hu\/\"},{\"@type\":\"ListItem\",\"position\":2,\"name\":\"Szolg\u00e1ltat\u00e1sok\",\"item\":\"https:\/\/www.casavio.com\/hu\/szolgaltatasok\/\"},{\"@type\":\"ListItem\",\"position\":3,\"name\":\"Az \u00e1rban foglalt szolg\u00e1ltat\u00e1sok\"}]},{\"@type\":\"WebSite\",\"@id\":\"https:\/\/www.casavio.com\/hu\/#website\",\"url\":\"https:\/\/www.casavio.com\/hu\/\",\"name\":\"Camping Ca&#039; Savio\",\"description\":\"\",\"publisher\":{\"@id\":\"https:\/\/www.casavio.com\/hu\/#organization\"},\"potentialAction\":[{\"@type\":\"SearchAction\",\"target\":{\"@type\":\"EntryPoint\",\"urlTemplate\":\"https:\/\/www.casavio.com\/hu\/?s={search_term_string}\"},\"query-input\":{\"@type\":\"PropertyValueSpecification\",\"valueRequired\":true,\"valueName\":\"search_term_string\"}}],\"inLanguage\":\"hu\"},{\"@type\":\"Organization\",\"@id\":\"https:\/\/www.casavio.com\/hu\/#organization\",\"name\":\"Camping Ca'Savio\",\"url\":\"https:\/\/www.casavio.com\/hu\/\",\"logo\":{\"@type\":\"ImageObject\",\"inLanguage\":\"hu\",\"@id\":\"https:\/\/www.casavio.com\/hu\/#\/schema\/logo\/image\/\",\"url\":\"https:\/\/www.casavio.com\/wp-content\/uploads\/2024\/04\/favicon.png\",\"contentUrl\":\"https:\/\/www.casavio.com\/wp-content\/uploads\/2024\/04\/favicon.png\",\"width\":144,\"height\":144,\"caption\":\"Camping Ca'Savio\"},\"image\":{\"@id\":\"https:\/\/www.casavio.com\/hu\/#\/schema\/logo\/image\/\"},\"sameAs\":[\"https:\/\/www.facebook.com\/campingcasavio\",\"https:\/\/www.instagram.com\/campingcasavio\",\"https:\/\/www.youtube.com\/user\/campingcasavio\"]}]}<\/script>\n<!-- \/ Yoast SEO plugin. -->","yoast_head_json":{"title":"Az \u00e1rban foglalt szolg\u00e1ltat\u00e1sok &#8211; Camping Ca&#039; Savio","description":"A Ca\u2019 Savio Kemping minden vend\u00e9ge sz\u00e1m\u00e1ra rendelkez\u00e9sre bocs\u00e1tja ezeket a szolg\u00e1ltat\u00e1sokat, melyek az uszoda, a tengerpart \u00e9s az anim\u00e1ci\u00f3s tev\u00e9kenys\u00e9gek haszn\u00e1lat\u00e1val egy\u00fctt benne foglaltatnak az \u00e1rban \u00e9s nem kell p\u00f3td\u00edjat fizetni \u00e9rt\u00fck.","robots":{"index":"index","follow":"follow","max-snippet":"max-snippet:-1","max-image-preview":"max-image-preview:large","max-video-preview":"max-video-preview:-1"},"canonical":"https:\/\/www.casavio.com\/hu\/szolgaltatasok\/az-arban-foglalt-szolgaltatasok\/","og_locale":"hu_HU","og_type":"article","og_title":"Az \u00e1rban foglalt szolg\u00e1ltat\u00e1sok &#8211; Camping Ca&#039; Savio","og_description":"A Ca\u2019 Savio Kemping minden vend\u00e9ge sz\u00e1m\u00e1ra rendelkez\u00e9sre bocs\u00e1tja ezeket a szolg\u00e1ltat\u00e1sokat, melyek az uszoda, a tengerpart \u00e9s az anim\u00e1ci\u00f3s tev\u00e9kenys\u00e9gek haszn\u00e1lat\u00e1val egy\u00fctt benne foglaltatnak az \u00e1rban \u00e9s nem kell p\u00f3td\u00edjat fizetni \u00e9rt\u00fck.","og_url":"https:\/\/www.casavio.com\/hu\/szolgaltatasok\/az-arban-foglalt-szolgaltatasok\/","og_site_name":"Camping Ca&#039; Savio","article_publisher":"https:\/\/www.facebook.com\/campingcasavio","article_modified_time":"2024-10-03T12:19:03+00:00","og_image":[{"width":440,"height":600,"url":"https:\/\/www.casavio.com\/wp-content\/uploads\/2019\/11\/ca-savio-servizi-inclusi.jpg","type":"image\/jpeg"}],"twitter_card":"summary_large_image","twitter_misc":{"Becs\u00fclt olvas\u00e1si id\u0151":"1 perc"},"schema":{"@context":"https:\/\/schema.org","@graph":[{"@type":"WebPage","@id":"https:\/\/www.casavio.com\/hu\/szolgaltatasok\/az-arban-foglalt-szolgaltatasok\/","url":"https:\/\/www.casavio.com\/hu\/szolgaltatasok\/az-arban-foglalt-szolgaltatasok\/","name":"Az \u00e1rban foglalt szolg\u00e1ltat\u00e1sok &#8211; Camping Ca&#039; Savio","isPartOf":{"@id":"https:\/\/www.casavio.com\/hu\/#website"},"primaryImageOfPage":{"@id":"https:\/\/www.casavio.com\/hu\/szolgaltatasok\/az-arban-foglalt-szolgaltatasok\/#primaryimage"},"image":{"@id":"https:\/\/www.casavio.com\/hu\/szolgaltatasok\/az-arban-foglalt-szolgaltatasok\/#primaryimage"},"thumbnailUrl":"https:\/\/www.casavio.com\/wp-content\/uploads\/2019\/11\/ca-savio-servizi-inclusi.jpg","datePublished":"2019-11-07T09:46:27+00:00","dateModified":"2024-10-03T12:19:03+00:00","description":"A Ca\u2019 Savio Kemping minden vend\u00e9ge sz\u00e1m\u00e1ra rendelkez\u00e9sre bocs\u00e1tja ezeket a szolg\u00e1ltat\u00e1sokat, melyek az uszoda, a tengerpart \u00e9s az anim\u00e1ci\u00f3s tev\u00e9kenys\u00e9gek haszn\u00e1lat\u00e1val egy\u00fctt benne foglaltatnak az \u00e1rban \u00e9s nem kell p\u00f3td\u00edjat fizetni \u00e9rt\u00fck.","breadcrumb":{"@id":"https:\/\/www.casavio.com\/hu\/szolgaltatasok\/az-arban-foglalt-szolgaltatasok\/#breadcrumb"},"inLanguage":"hu","potentialAction":[{"@type":"ReadAction","target":["https:\/\/www.casavio.com\/hu\/szolgaltatasok\/az-arban-foglalt-szolgaltatasok\/"]}]},{"@type":"ImageObject","inLanguage":"hu","@id":"https:\/\/www.casavio.com\/hu\/szolgaltatasok\/az-arban-foglalt-szolgaltatasok\/#primaryimage","url":"https:\/\/www.casavio.com\/wp-content\/uploads\/2019\/11\/ca-savio-servizi-inclusi.jpg","contentUrl":"https:\/\/www.casavio.com\/wp-content\/uploads\/2019\/11\/ca-savio-servizi-inclusi.jpg","width":440,"height":600},{"@type":"BreadcrumbList","@id":"https:\/\/www.casavio.com\/hu\/szolgaltatasok\/az-arban-foglalt-szolgaltatasok\/#breadcrumb","itemListElement":[{"@type":"ListItem","position":1,"name":"Home","item":"https:\/\/www.casavio.com\/hu\/"},{"@type":"ListItem","position":2,"name":"Szolg\u00e1ltat\u00e1sok","item":"https:\/\/www.casavio.com\/hu\/szolgaltatasok\/"},{"@type":"ListItem","position":3,"name":"Az \u00e1rban foglalt szolg\u00e1ltat\u00e1sok"}]},{"@type":"WebSite","@id":"https:\/\/www.casavio.com\/hu\/#website","url":"https:\/\/www.casavio.com\/hu\/","name":"Camping Ca&#039; Savio","description":"","publisher":{"@id":"https:\/\/www.casavio.com\/hu\/#organization"},"potentialAction":[{"@type":"SearchAction","target":{"@type":"EntryPoint","urlTemplate":"https:\/\/www.casavio.com\/hu\/?s={search_term_string}"},"query-input":{"@type":"PropertyValueSpecification","valueRequired":true,"valueName":"search_term_string"}}],"inLanguage":"hu"},{"@type":"Organization","@id":"https:\/\/www.casavio.com\/hu\/#organization","name":"Camping Ca'Savio","url":"https:\/\/www.casavio.com\/hu\/","logo":{"@type":"ImageObject","inLanguage":"hu","@id":"https:\/\/www.casavio.com\/hu\/#\/schema\/logo\/image\/","url":"https:\/\/www.casavio.com\/wp-content\/uploads\/2024\/04\/favicon.png","contentUrl":"https:\/\/www.casavio.com\/wp-content\/uploads\/2024\/04\/favicon.png","width":144,"height":144,"caption":"Camping Ca'Savio"},"image":{"@id":"https:\/\/www.casavio.com\/hu\/#\/schema\/logo\/image\/"},"sameAs":["https:\/\/www.facebook.com\/campingcasavio","https:\/\/www.instagram.com\/campingcasavio","https:\/\/www.youtube.com\/user\/campingcasavio"]}]}},"_links":{"self":[{"href":"https:\/\/www.casavio.com\/hu\/wp-json\/wp\/v2\/pages\/10098","targetHints":{"allow":["GET"]}}],"collection":[{"href":"https:\/\/www.casavio.com\/hu\/wp-json\/wp\/v2\/pages"}],"about":[{"href":"https:\/\/www.casavio.com\/hu\/wp-json\/wp\/v2\/types\/page"}],"author":[{"embeddable":true,"href":"https:\/\/www.casavio.com\/hu\/wp-json\/wp\/v2\/users\/3"}],"replies":[{"embeddable":true,"href":"https:\/\/www.casavio.com\/hu\/wp-json\/wp\/v2\/comments?post=10098"}],"version-history":[{"count":2,"href":"https:\/\/www.casavio.com\/hu\/wp-json\/wp\/v2\/pages\/10098\/revisions"}],"predecessor-version":[{"id":35755,"href":"https:\/\/www.casavio.com\/hu\/wp-json\/wp\/v2\/pages\/10098\/revisions\/35755"}],"up":[{"embeddable":true,"href":"https:\/\/www.casavio.com\/hu\/wp-json\/wp\/v2\/pages\/10095"}],"wp:featuredmedia":[{"embeddable":true,"href":"https:\/\/www.casavio.com\/hu\/wp-json\/wp\/v2\/media\/3054"}],"wp:attachment":[{"href":"https:\/\/www.casavio.com\/hu\/wp-json\/wp\/v2\/media?parent=10098"}],"curies":[{"name":"wp","href":"https:\/\/api.w.org\/{rel}","templated":true}]}}