{"id":10106,"date":"2019-11-07T10:48:31","date_gmt":"2019-11-07T09:48:31","guid":{"rendered":"https:\/\/www.casavio.com\/szolgaltatasok\/az-arban-foglalt-szolgaltatasok\/sorveglianza-notturna\/"},"modified":"2022-11-21T11:03:49","modified_gmt":"2022-11-21T10:03:49","slug":"ejszakai-felugyelet","status":"publish","type":"page","link":"https:\/\/www.casavio.com\/hu\/szolgaltatasok\/az-arban-foglalt-szolgaltatasok\/ejszakai-felugyelet\/","title":{"rendered":"\u00c9jszakai fel\u00fcgyelet"},"content":{"rendered":"<p>Az \u00e9jszakai \u00f3r\u00e1kban is, amikor a recepci\u00f3 z\u00e1rva van, egy kedves \u00e9s seg\u00edt\u0151k\u00e9sz csapat \u00e1ll a rendelkez\u00e9sedre, aki a Ca\u2019 Savio Kempingben t\u00f6lt\u00f6tt nyaral\u00e1sod sor\u00e1n seg\u00edts\u00e9get \u00e9s t\u00e1maszt ny\u00fajt.<\/p>\n<p>Ha k\u00e9s\u0151n, a <a href=\"https:\/\/www.casavio.com\/hu\/szolgaltatasok\/az-arban-foglalt-szolgaltatasok\/recepcio\/\"><u>recepci\u00f3<\/u> <\/a>nyitvatart\u00e1si idej\u00e9nek lej\u00e1rta ut\u00e1n \u00e9rtek a kempingbe, a bej\u00e1ratn\u00e1l fogad benneteket szem\u00e9lyzet\u00fcnk, ellen\u0151rzi a foglal\u00e1sotokat, gyorsan regisztr\u00e1l benneteket \u00e9s seg\u00edt abban, hogy gyorsan eljussatok sz\u00e1ll\u00e1shelyetekre.<\/p>\n","protected":false},"excerpt":{"rendered":"<p>Az \u00e9jszakai fel\u00fcgyeletet egy csapat l\u00e1tja el, aki akkor is a rendelkez\u00e9sedre \u00e1ll, amikor a recepci\u00f3 z\u00e1rva van.<\/p>\n","protected":false},"author":3,"featured_media":14980,"parent":10098,"menu_order":34,"comment_status":"closed","ping_status":"closed","template":"","meta":{"_acf_changed":false},"class_list":["post-10106","page","type-page","status-publish","has-post-thumbnail","hentry"],"acf":[],"yoast_head":"<!-- This site is optimized with the Yoast SEO plugin v25.3 - https:\/\/yoast.com\/wordpress\/plugins\/seo\/ -->\n<title>Kemping \u00e9jszakai fel\u00fcgyelet &#8211; Camping Ca&#039; Savio<\/title>\n<meta name=\"description\" content=\"Az \u00e9jszakai \u00f3r\u00e1kban is, amikor a recepci\u00f3 z\u00e1rva van, egy kedves \u00e9s seg\u00edt\u0151k\u00e9sz csapat \u00e1ll a rendelkez\u00e9sedre, aki a Ca\u2019 Savio Kempingben t\u00f6lt\u00f6tt nyaral\u00e1sod sor\u00e1n seg\u00edts\u00e9get \u00e9s t\u00e1maszt ny\u00fajt.\" \/>\n<meta name=\"robots\" content=\"index, follow, max-snippet:-1, max-image-preview:large, max-video-preview:-1\" \/>\n<link rel=\"canonical\" href=\"https:\/\/www.casavio.com\/hu\/szolgaltatasok\/az-arban-foglalt-szolgaltatasok\/ejszakai-felugyelet\/\" \/>\n<meta property=\"og:locale\" content=\"hu_HU\" \/>\n<meta property=\"og:type\" content=\"article\" \/>\n<meta property=\"og:title\" content=\"Kemping \u00e9jszakai fel\u00fcgyelet &#8211; Camping Ca&#039; Savio\" \/>\n<meta property=\"og:description\" content=\"Az \u00e9jszakai \u00f3r\u00e1kban is, amikor a recepci\u00f3 z\u00e1rva van, egy kedves \u00e9s seg\u00edt\u0151k\u00e9sz csapat \u00e1ll a rendelkez\u00e9sedre, aki a Ca\u2019 Savio Kempingben t\u00f6lt\u00f6tt nyaral\u00e1sod sor\u00e1n seg\u00edts\u00e9get \u00e9s t\u00e1maszt ny\u00fajt.\" \/>\n<meta property=\"og:url\" content=\"https:\/\/www.casavio.com\/hu\/szolgaltatasok\/az-arban-foglalt-szolgaltatasok\/ejszakai-felugyelet\/\" \/>\n<meta property=\"og:site_name\" content=\"Camping Ca&#039; Savio\" \/>\n<meta property=\"article:publisher\" content=\"https:\/\/www.facebook.com\/campingcasavio\" \/>\n<meta property=\"article:modified_time\" content=\"2022-11-21T10:03:49+00:00\" \/>\n<meta property=\"og:image\" content=\"https:\/\/www.casavio.com\/wp-content\/uploads\/2020\/10\/ca-savio-sorveglianza-notturna-box-dx.jpg\" \/>\n\t<meta property=\"og:image:width\" content=\"440\" \/>\n\t<meta property=\"og:image:height\" content=\"600\" \/>\n\t<meta property=\"og:image:type\" content=\"image\/jpeg\" \/>\n<meta name=\"twitter:card\" content=\"summary_large_image\" \/>\n<script type=\"application\/ld+json\" class=\"yoast-schema-graph\">{\"@context\":\"https:\/\/schema.org\",\"@graph\":[{\"@type\":\"WebPage\",\"@id\":\"https:\/\/www.casavio.com\/hu\/szolgaltatasok\/az-arban-foglalt-szolgaltatasok\/ejszakai-felugyelet\/\",\"url\":\"https:\/\/www.casavio.com\/hu\/szolgaltatasok\/az-arban-foglalt-szolgaltatasok\/ejszakai-felugyelet\/\",\"name\":\"Kemping \u00e9jszakai fel\u00fcgyelet &#8211; Camping Ca&#039; Savio\",\"isPartOf\":{\"@id\":\"https:\/\/www.casavio.com\/hu\/#website\"},\"primaryImageOfPage\":{\"@id\":\"https:\/\/www.casavio.com\/hu\/szolgaltatasok\/az-arban-foglalt-szolgaltatasok\/ejszakai-felugyelet\/#primaryimage\"},\"image\":{\"@id\":\"https:\/\/www.casavio.com\/hu\/szolgaltatasok\/az-arban-foglalt-szolgaltatasok\/ejszakai-felugyelet\/#primaryimage\"},\"thumbnailUrl\":\"https:\/\/www.casavio.com\/wp-content\/uploads\/2020\/10\/ca-savio-sorveglianza-notturna-box-dx.jpg\",\"datePublished\":\"2019-11-07T09:48:31+00:00\",\"dateModified\":\"2022-11-21T10:03:49+00:00\",\"description\":\"Az \u00e9jszakai \u00f3r\u00e1kban is, amikor a recepci\u00f3 z\u00e1rva van, egy kedves \u00e9s seg\u00edt\u0151k\u00e9sz csapat \u00e1ll a rendelkez\u00e9sedre, aki a Ca\u2019 Savio Kempingben t\u00f6lt\u00f6tt nyaral\u00e1sod sor\u00e1n seg\u00edts\u00e9get \u00e9s t\u00e1maszt ny\u00fajt.\",\"breadcrumb\":{\"@id\":\"https:\/\/www.casavio.com\/hu\/szolgaltatasok\/az-arban-foglalt-szolgaltatasok\/ejszakai-felugyelet\/#breadcrumb\"},\"inLanguage\":\"hu\",\"potentialAction\":[{\"@type\":\"ReadAction\",\"target\":[\"https:\/\/www.casavio.com\/hu\/szolgaltatasok\/az-arban-foglalt-szolgaltatasok\/ejszakai-felugyelet\/\"]}]},{\"@type\":\"ImageObject\",\"inLanguage\":\"hu\",\"@id\":\"https:\/\/www.casavio.com\/hu\/szolgaltatasok\/az-arban-foglalt-szolgaltatasok\/ejszakai-felugyelet\/#primaryimage\",\"url\":\"https:\/\/www.casavio.com\/wp-content\/uploads\/2020\/10\/ca-savio-sorveglianza-notturna-box-dx.jpg\",\"contentUrl\":\"https:\/\/www.casavio.com\/wp-content\/uploads\/2020\/10\/ca-savio-sorveglianza-notturna-box-dx.jpg\",\"width\":440,\"height\":600},{\"@type\":\"BreadcrumbList\",\"@id\":\"https:\/\/www.casavio.com\/hu\/szolgaltatasok\/az-arban-foglalt-szolgaltatasok\/ejszakai-felugyelet\/#breadcrumb\",\"itemListElement\":[{\"@type\":\"ListItem\",\"position\":1,\"name\":\"Home\",\"item\":\"https:\/\/www.casavio.com\/hu\/\"},{\"@type\":\"ListItem\",\"position\":2,\"name\":\"Szolg\u00e1ltat\u00e1sok\",\"item\":\"https:\/\/www.casavio.com\/hu\/szolgaltatasok\/\"},{\"@type\":\"ListItem\",\"position\":3,\"name\":\"Az \u00e1rban foglalt szolg\u00e1ltat\u00e1sok\",\"item\":\"https:\/\/www.casavio.com\/hu\/szolgaltatasok\/az-arban-foglalt-szolgaltatasok\/\"},{\"@type\":\"ListItem\",\"position\":4,\"name\":\"\u00c9jszakai fel\u00fcgyelet\"}]},{\"@type\":\"WebSite\",\"@id\":\"https:\/\/www.casavio.com\/hu\/#website\",\"url\":\"https:\/\/www.casavio.com\/hu\/\",\"name\":\"Camping Ca&#039; Savio\",\"description\":\"\",\"publisher\":{\"@id\":\"https:\/\/www.casavio.com\/hu\/#organization\"},\"potentialAction\":[{\"@type\":\"SearchAction\",\"target\":{\"@type\":\"EntryPoint\",\"urlTemplate\":\"https:\/\/www.casavio.com\/hu\/?s={search_term_string}\"},\"query-input\":{\"@type\":\"PropertyValueSpecification\",\"valueRequired\":true,\"valueName\":\"search_term_string\"}}],\"inLanguage\":\"hu\"},{\"@type\":\"Organization\",\"@id\":\"https:\/\/www.casavio.com\/hu\/#organization\",\"name\":\"Camping Ca'Savio\",\"url\":\"https:\/\/www.casavio.com\/hu\/\",\"logo\":{\"@type\":\"ImageObject\",\"inLanguage\":\"hu\",\"@id\":\"https:\/\/www.casavio.com\/hu\/#\/schema\/logo\/image\/\",\"url\":\"https:\/\/www.casavio.com\/wp-content\/uploads\/2024\/04\/favicon.png\",\"contentUrl\":\"https:\/\/www.casavio.com\/wp-content\/uploads\/2024\/04\/favicon.png\",\"width\":144,\"height\":144,\"caption\":\"Camping Ca'Savio\"},\"image\":{\"@id\":\"https:\/\/www.casavio.com\/hu\/#\/schema\/logo\/image\/\"},\"sameAs\":[\"https:\/\/www.facebook.com\/campingcasavio\",\"https:\/\/www.instagram.com\/campingcasavio\",\"https:\/\/www.youtube.com\/user\/campingcasavio\"]}]}<\/script>\n<!-- \/ Yoast SEO plugin. -->","yoast_head_json":{"title":"Kemping \u00e9jszakai fel\u00fcgyelet &#8211; Camping Ca&#039; Savio","description":"Az \u00e9jszakai \u00f3r\u00e1kban is, amikor a recepci\u00f3 z\u00e1rva van, egy kedves \u00e9s seg\u00edt\u0151k\u00e9sz csapat \u00e1ll a rendelkez\u00e9sedre, aki a Ca\u2019 Savio Kempingben t\u00f6lt\u00f6tt nyaral\u00e1sod sor\u00e1n seg\u00edts\u00e9get \u00e9s t\u00e1maszt ny\u00fajt.","robots":{"index":"index","follow":"follow","max-snippet":"max-snippet:-1","max-image-preview":"max-image-preview:large","max-video-preview":"max-video-preview:-1"},"canonical":"https:\/\/www.casavio.com\/hu\/szolgaltatasok\/az-arban-foglalt-szolgaltatasok\/ejszakai-felugyelet\/","og_locale":"hu_HU","og_type":"article","og_title":"Kemping \u00e9jszakai fel\u00fcgyelet &#8211; Camping Ca&#039; Savio","og_description":"Az \u00e9jszakai \u00f3r\u00e1kban is, amikor a recepci\u00f3 z\u00e1rva van, egy kedves \u00e9s seg\u00edt\u0151k\u00e9sz csapat \u00e1ll a rendelkez\u00e9sedre, aki a Ca\u2019 Savio Kempingben t\u00f6lt\u00f6tt nyaral\u00e1sod sor\u00e1n seg\u00edts\u00e9get \u00e9s t\u00e1maszt ny\u00fajt.","og_url":"https:\/\/www.casavio.com\/hu\/szolgaltatasok\/az-arban-foglalt-szolgaltatasok\/ejszakai-felugyelet\/","og_site_name":"Camping Ca&#039; Savio","article_publisher":"https:\/\/www.facebook.com\/campingcasavio","article_modified_time":"2022-11-21T10:03:49+00:00","og_image":[{"width":440,"height":600,"url":"https:\/\/www.casavio.com\/wp-content\/uploads\/2020\/10\/ca-savio-sorveglianza-notturna-box-dx.jpg","type":"image\/jpeg"}],"twitter_card":"summary_large_image","schema":{"@context":"https:\/\/schema.org","@graph":[{"@type":"WebPage","@id":"https:\/\/www.casavio.com\/hu\/szolgaltatasok\/az-arban-foglalt-szolgaltatasok\/ejszakai-felugyelet\/","url":"https:\/\/www.casavio.com\/hu\/szolgaltatasok\/az-arban-foglalt-szolgaltatasok\/ejszakai-felugyelet\/","name":"Kemping \u00e9jszakai fel\u00fcgyelet &#8211; Camping Ca&#039; Savio","isPartOf":{"@id":"https:\/\/www.casavio.com\/hu\/#website"},"primaryImageOfPage":{"@id":"https:\/\/www.casavio.com\/hu\/szolgaltatasok\/az-arban-foglalt-szolgaltatasok\/ejszakai-felugyelet\/#primaryimage"},"image":{"@id":"https:\/\/www.casavio.com\/hu\/szolgaltatasok\/az-arban-foglalt-szolgaltatasok\/ejszakai-felugyelet\/#primaryimage"},"thumbnailUrl":"https:\/\/www.casavio.com\/wp-content\/uploads\/2020\/10\/ca-savio-sorveglianza-notturna-box-dx.jpg","datePublished":"2019-11-07T09:48:31+00:00","dateModified":"2022-11-21T10:03:49+00:00","description":"Az \u00e9jszakai \u00f3r\u00e1kban is, amikor a recepci\u00f3 z\u00e1rva van, egy kedves \u00e9s seg\u00edt\u0151k\u00e9sz csapat \u00e1ll a rendelkez\u00e9sedre, aki a Ca\u2019 Savio Kempingben t\u00f6lt\u00f6tt nyaral\u00e1sod sor\u00e1n seg\u00edts\u00e9get \u00e9s t\u00e1maszt ny\u00fajt.","breadcrumb":{"@id":"https:\/\/www.casavio.com\/hu\/szolgaltatasok\/az-arban-foglalt-szolgaltatasok\/ejszakai-felugyelet\/#breadcrumb"},"inLanguage":"hu","potentialAction":[{"@type":"ReadAction","target":["https:\/\/www.casavio.com\/hu\/szolgaltatasok\/az-arban-foglalt-szolgaltatasok\/ejszakai-felugyelet\/"]}]},{"@type":"ImageObject","inLanguage":"hu","@id":"https:\/\/www.casavio.com\/hu\/szolgaltatasok\/az-arban-foglalt-szolgaltatasok\/ejszakai-felugyelet\/#primaryimage","url":"https:\/\/www.casavio.com\/wp-content\/uploads\/2020\/10\/ca-savio-sorveglianza-notturna-box-dx.jpg","contentUrl":"https:\/\/www.casavio.com\/wp-content\/uploads\/2020\/10\/ca-savio-sorveglianza-notturna-box-dx.jpg","width":440,"height":600},{"@type":"BreadcrumbList","@id":"https:\/\/www.casavio.com\/hu\/szolgaltatasok\/az-arban-foglalt-szolgaltatasok\/ejszakai-felugyelet\/#breadcrumb","itemListElement":[{"@type":"ListItem","position":1,"name":"Home","item":"https:\/\/www.casavio.com\/hu\/"},{"@type":"ListItem","position":2,"name":"Szolg\u00e1ltat\u00e1sok","item":"https:\/\/www.casavio.com\/hu\/szolgaltatasok\/"},{"@type":"ListItem","position":3,"name":"Az \u00e1rban foglalt szolg\u00e1ltat\u00e1sok","item":"https:\/\/www.casavio.com\/hu\/szolgaltatasok\/az-arban-foglalt-szolgaltatasok\/"},{"@type":"ListItem","position":4,"name":"\u00c9jszakai fel\u00fcgyelet"}]},{"@type":"WebSite","@id":"https:\/\/www.casavio.com\/hu\/#website","url":"https:\/\/www.casavio.com\/hu\/","name":"Camping Ca&#039; Savio","description":"","publisher":{"@id":"https:\/\/www.casavio.com\/hu\/#organization"},"potentialAction":[{"@type":"SearchAction","target":{"@type":"EntryPoint","urlTemplate":"https:\/\/www.casavio.com\/hu\/?s={search_term_string}"},"query-input":{"@type":"PropertyValueSpecification","valueRequired":true,"valueName":"search_term_string"}}],"inLanguage":"hu"},{"@type":"Organization","@id":"https:\/\/www.casavio.com\/hu\/#organization","name":"Camping Ca'Savio","url":"https:\/\/www.casavio.com\/hu\/","logo":{"@type":"ImageObject","inLanguage":"hu","@id":"https:\/\/www.casavio.com\/hu\/#\/schema\/logo\/image\/","url":"https:\/\/www.casavio.com\/wp-content\/uploads\/2024\/04\/favicon.png","contentUrl":"https:\/\/www.casavio.com\/wp-content\/uploads\/2024\/04\/favicon.png","width":144,"height":144,"caption":"Camping Ca'Savio"},"image":{"@id":"https:\/\/www.casavio.com\/hu\/#\/schema\/logo\/image\/"},"sameAs":["https:\/\/www.facebook.com\/campingcasavio","https:\/\/www.instagram.com\/campingcasavio","https:\/\/www.youtube.com\/user\/campingcasavio"]}]}},"_links":{"self":[{"href":"https:\/\/www.casavio.com\/hu\/wp-json\/wp\/v2\/pages\/10106","targetHints":{"allow":["GET"]}}],"collection":[{"href":"https:\/\/www.casavio.com\/hu\/wp-json\/wp\/v2\/pages"}],"about":[{"href":"https:\/\/www.casavio.com\/hu\/wp-json\/wp\/v2\/types\/page"}],"author":[{"embeddable":true,"href":"https:\/\/www.casavio.com\/hu\/wp-json\/wp\/v2\/users\/3"}],"replies":[{"embeddable":true,"href":"https:\/\/www.casavio.com\/hu\/wp-json\/wp\/v2\/comments?post=10106"}],"version-history":[{"count":2,"href":"https:\/\/www.casavio.com\/hu\/wp-json\/wp\/v2\/pages\/10106\/revisions"}],"predecessor-version":[{"id":26011,"href":"https:\/\/www.casavio.com\/hu\/wp-json\/wp\/v2\/pages\/10106\/revisions\/26011"}],"up":[{"embeddable":true,"href":"https:\/\/www.casavio.com\/hu\/wp-json\/wp\/v2\/pages\/10098"}],"wp:featuredmedia":[{"embeddable":true,"href":"https:\/\/www.casavio.com\/hu\/wp-json\/wp\/v2\/media\/14980"}],"wp:attachment":[{"href":"https:\/\/www.casavio.com\/hu\/wp-json\/wp\/v2\/media?parent=10106"}],"curies":[{"name":"wp","href":"https:\/\/api.w.org\/{rel}","templated":true}]}}