{"id":10112,"date":"2019-11-07T10:49:30","date_gmt":"2019-11-07T09:49:30","guid":{"rendered":"https:\/\/www.casavio.com\/szolgaltatasok\/az-arban-foglalt-szolgaltatasok\/ricarica-auto-elettriche\/"},"modified":"2026-02-17T14:29:04","modified_gmt":"2026-02-17T13:29:04","slug":"toltooszlop-elektromos-autokhoz","status":"publish","type":"page","link":"https:\/\/www.casavio.com\/hu\/szolgaltatasok\/extra-szolgaltatasok\/toltooszlop-elektromos-autokhoz\/","title":{"rendered":"T\u00f6lt\u0151oszlop elektromos aut\u00f3khoz"},"content":{"rendered":"<p>A k\u00f6rnyezetbar\u00e1t mobilit\u00e1s \u00e9s a k\u00f6rnyezet tisztelete sz\u00e1munkra nagyon fontos t\u00e9m\u00e1k.<br \/>\nM\u00e1r a m\u00faltban is, de az ut\u00f3bbi \u00e9vekben m\u00e9g ink\u00e1bb elk\u00f6telezt\u00fck magunkat a term\u00e9szeti k\u00f6rnyezet v\u00e9delme mellett, \u00e9s k\u00fcl\u00f6nb\u00f6z\u0151 m\u00f3dokon igyeksz\u00fcnk minimaliz\u00e1lni r\u00e1 gyakorolt hat\u00e1sunkat. Ez\u00e9rt, hogy t\u00e1mogassuk alacsony k\u00f6rnyezeti hat\u00e1ssal rendelkez\u0151 j\u00e1rm\u0171vel utaz\u00f3 vend\u00e9geinket, \u00fagy d\u00f6nt\u00f6tt\u00fcnk, hogy n\u00e9h\u00e1ny t\u00f6lt\u0151\u00e1llom\u00e1st telep\u00edt\u00fcnk hibrid \u00e9s elektromos aut\u00f3k felt\u00f6lt\u00e9s\u00e9re. Ezek k\u00e9t k\u00fcl\u00f6nb\u00f6z\u0151 helyen tal\u00e1lhat\u00f3k, \u00edgy sokkal k\u00f6nnyebb lesz ig\u00e9nybe venni ezt a szolg\u00e1ltat\u00e1st.<\/p>\n<h3>Hol t\u00f6ltheti fel elektromos aut\u00f3j\u00e1t?<\/h3>\n<p><a href=\"https:\/\/www.casavio.com\/hu\/kempingunk\/terkep\/\">A kempingben k\u00e9t ter\u00fcleten<\/a> tal\u00e1lhat\u00f3k t\u00f6lt\u0151\u00e1llom\u00e1sok, amelyek megk\u00f6nny\u00edtik \u00e9s biztons\u00e1goss\u00e1 teszik a szolg\u00e1ltat\u00e1s haszn\u00e1lat\u00e1t. Az elektromos j\u00e1rm\u0171veket kiz\u00e1r\u00f3lag a t\u00f6lt\u0151\u00e1llom\u00e1sokon szabad felt\u00f6lteni. Biztons\u00e1gi okokb\u00f3l \u00e9s a t\u0171zvesz\u00e9ly elker\u00fcl\u00e9se \u00e9rdek\u00e9ben tilos a kempinghelyeken vagy a sz\u00e1ll\u00e1sokon tal\u00e1lhat\u00f3 elektromos aljzatokat erre a c\u00e9lra haszn\u00e1lni.<\/p>\n","protected":false},"excerpt":{"rendered":"<p>T\u00f6lt\u0151oszlop azok sz\u00e1m\u00e1ra, akik hozz\u00e1d hasonl\u00f3an elektromos aut\u00f3val utaznak. K\u00e9rj inform\u00e1ci\u00f3t az \u00dcgyf\u00e9lszolg\u00e1lati irod\u00e1n a haszn\u00e1lat m\u00f3dj\u00e1val \u00e9s a t\u00f6lt\u0151oszlop hely\u00e9vel kapcsolatban.<\/p>\n","protected":false},"author":3,"featured_media":37970,"parent":10126,"menu_order":11,"comment_status":"closed","ping_status":"closed","template":"","meta":{"_acf_changed":false},"class_list":["post-10112","page","type-page","status-publish","has-post-thumbnail","hentry"],"acf":[],"yoast_head":"<!-- This site is optimized with the Yoast SEO plugin v25.3 - https:\/\/yoast.com\/wordpress\/plugins\/seo\/ -->\n<title>Kemping t\u00f6lt\u0151oszlop elektromos aut\u00f3khoz &#8211; Camping Ca&#039; Savio<\/title>\n<meta name=\"description\" content=\"T\u00f6lt\u0151oszlop azok sz\u00e1m\u00e1ra, akik hozz\u00e1d hasonl\u00f3an elektromos aut\u00f3val utaznak. K\u00e9rj inform\u00e1ci\u00f3t az \u00dcgyf\u00e9lszolg\u00e1lati irod\u00e1n a haszn\u00e1lat m\u00f3dj\u00e1val \u00e9s a t\u00f6lt\u0151oszlop hely\u00e9vel kapcsolatban.\" \/>\n<meta name=\"robots\" content=\"index, follow, max-snippet:-1, max-image-preview:large, max-video-preview:-1\" \/>\n<link rel=\"canonical\" href=\"https:\/\/www.casavio.com\/hu\/szolgaltatasok\/extra-szolgaltatasok\/toltooszlop-elektromos-autokhoz\/\" \/>\n<meta property=\"og:locale\" content=\"hu_HU\" \/>\n<meta property=\"og:type\" content=\"article\" \/>\n<meta property=\"og:title\" content=\"Kemping t\u00f6lt\u0151oszlop elektromos aut\u00f3khoz &#8211; Camping Ca&#039; Savio\" \/>\n<meta property=\"og:description\" content=\"T\u00f6lt\u0151oszlop azok sz\u00e1m\u00e1ra, akik hozz\u00e1d hasonl\u00f3an elektromos aut\u00f3val utaznak. K\u00e9rj inform\u00e1ci\u00f3t az \u00dcgyf\u00e9lszolg\u00e1lati irod\u00e1n a haszn\u00e1lat m\u00f3dj\u00e1val \u00e9s a t\u00f6lt\u0151oszlop hely\u00e9vel kapcsolatban.\" \/>\n<meta property=\"og:url\" content=\"https:\/\/www.casavio.com\/hu\/szolgaltatasok\/extra-szolgaltatasok\/toltooszlop-elektromos-autokhoz\/\" \/>\n<meta property=\"og:site_name\" content=\"Camping Ca&#039; Savio\" \/>\n<meta property=\"article:publisher\" content=\"https:\/\/www.facebook.com\/campingcasavio\" \/>\n<meta property=\"article:modified_time\" content=\"2026-02-17T13:29:04+00:00\" \/>\n<meta property=\"og:image\" content=\"https:\/\/www.casavio.com\/wp-content\/uploads\/2025\/02\/ricarica-auto-elettrica.jpg\" \/>\n\t<meta property=\"og:image:width\" content=\"440\" \/>\n\t<meta property=\"og:image:height\" content=\"600\" \/>\n\t<meta property=\"og:image:type\" content=\"image\/jpeg\" \/>\n<meta name=\"twitter:card\" content=\"summary_large_image\" \/>\n<meta name=\"twitter:label1\" content=\"Becs\u00fclt olvas\u00e1si id\u0151\" \/>\n\t<meta name=\"twitter:data1\" content=\"1 perc\" \/>\n<script type=\"application\/ld+json\" class=\"yoast-schema-graph\">{\"@context\":\"https:\/\/schema.org\",\"@graph\":[{\"@type\":\"WebPage\",\"@id\":\"https:\/\/www.casavio.com\/hu\/szolgaltatasok\/extra-szolgaltatasok\/toltooszlop-elektromos-autokhoz\/\",\"url\":\"https:\/\/www.casavio.com\/hu\/szolgaltatasok\/extra-szolgaltatasok\/toltooszlop-elektromos-autokhoz\/\",\"name\":\"Kemping t\u00f6lt\u0151oszlop elektromos aut\u00f3khoz &#8211; Camping Ca&#039; Savio\",\"isPartOf\":{\"@id\":\"https:\/\/www.casavio.com\/hu\/#website\"},\"primaryImageOfPage\":{\"@id\":\"https:\/\/www.casavio.com\/hu\/szolgaltatasok\/extra-szolgaltatasok\/toltooszlop-elektromos-autokhoz\/#primaryimage\"},\"image\":{\"@id\":\"https:\/\/www.casavio.com\/hu\/szolgaltatasok\/extra-szolgaltatasok\/toltooszlop-elektromos-autokhoz\/#primaryimage\"},\"thumbnailUrl\":\"https:\/\/www.casavio.com\/wp-content\/uploads\/2025\/02\/ricarica-auto-elettrica.jpg\",\"datePublished\":\"2019-11-07T09:49:30+00:00\",\"dateModified\":\"2026-02-17T13:29:04+00:00\",\"description\":\"T\u00f6lt\u0151oszlop azok sz\u00e1m\u00e1ra, akik hozz\u00e1d hasonl\u00f3an elektromos aut\u00f3val utaznak. K\u00e9rj inform\u00e1ci\u00f3t az \u00dcgyf\u00e9lszolg\u00e1lati irod\u00e1n a haszn\u00e1lat m\u00f3dj\u00e1val \u00e9s a t\u00f6lt\u0151oszlop hely\u00e9vel kapcsolatban.\",\"breadcrumb\":{\"@id\":\"https:\/\/www.casavio.com\/hu\/szolgaltatasok\/extra-szolgaltatasok\/toltooszlop-elektromos-autokhoz\/#breadcrumb\"},\"inLanguage\":\"hu\",\"potentialAction\":[{\"@type\":\"ReadAction\",\"target\":[\"https:\/\/www.casavio.com\/hu\/szolgaltatasok\/extra-szolgaltatasok\/toltooszlop-elektromos-autokhoz\/\"]}]},{\"@type\":\"ImageObject\",\"inLanguage\":\"hu\",\"@id\":\"https:\/\/www.casavio.com\/hu\/szolgaltatasok\/extra-szolgaltatasok\/toltooszlop-elektromos-autokhoz\/#primaryimage\",\"url\":\"https:\/\/www.casavio.com\/wp-content\/uploads\/2025\/02\/ricarica-auto-elettrica.jpg\",\"contentUrl\":\"https:\/\/www.casavio.com\/wp-content\/uploads\/2025\/02\/ricarica-auto-elettrica.jpg\",\"width\":440,\"height\":600},{\"@type\":\"BreadcrumbList\",\"@id\":\"https:\/\/www.casavio.com\/hu\/szolgaltatasok\/extra-szolgaltatasok\/toltooszlop-elektromos-autokhoz\/#breadcrumb\",\"itemListElement\":[{\"@type\":\"ListItem\",\"position\":1,\"name\":\"Home\",\"item\":\"https:\/\/www.casavio.com\/hu\/\"},{\"@type\":\"ListItem\",\"position\":2,\"name\":\"Szolg\u00e1ltat\u00e1sok\",\"item\":\"https:\/\/www.casavio.com\/hu\/szolgaltatasok\/\"},{\"@type\":\"ListItem\",\"position\":3,\"name\":\"Extra szolg\u00e1ltat\u00e1sok\",\"item\":\"https:\/\/www.casavio.com\/hu\/szolgaltatasok\/extra-szolgaltatasok\/\"},{\"@type\":\"ListItem\",\"position\":4,\"name\":\"T\u00f6lt\u0151oszlop elektromos aut\u00f3khoz\"}]},{\"@type\":\"WebSite\",\"@id\":\"https:\/\/www.casavio.com\/hu\/#website\",\"url\":\"https:\/\/www.casavio.com\/hu\/\",\"name\":\"Camping Ca&#039; Savio\",\"description\":\"\",\"publisher\":{\"@id\":\"https:\/\/www.casavio.com\/hu\/#organization\"},\"potentialAction\":[{\"@type\":\"SearchAction\",\"target\":{\"@type\":\"EntryPoint\",\"urlTemplate\":\"https:\/\/www.casavio.com\/hu\/?s={search_term_string}\"},\"query-input\":{\"@type\":\"PropertyValueSpecification\",\"valueRequired\":true,\"valueName\":\"search_term_string\"}}],\"inLanguage\":\"hu\"},{\"@type\":\"Organization\",\"@id\":\"https:\/\/www.casavio.com\/hu\/#organization\",\"name\":\"Camping Ca'Savio\",\"url\":\"https:\/\/www.casavio.com\/hu\/\",\"logo\":{\"@type\":\"ImageObject\",\"inLanguage\":\"hu\",\"@id\":\"https:\/\/www.casavio.com\/hu\/#\/schema\/logo\/image\/\",\"url\":\"https:\/\/www.casavio.com\/wp-content\/uploads\/2024\/04\/favicon.png\",\"contentUrl\":\"https:\/\/www.casavio.com\/wp-content\/uploads\/2024\/04\/favicon.png\",\"width\":144,\"height\":144,\"caption\":\"Camping Ca'Savio\"},\"image\":{\"@id\":\"https:\/\/www.casavio.com\/hu\/#\/schema\/logo\/image\/\"},\"sameAs\":[\"https:\/\/www.facebook.com\/campingcasavio\",\"https:\/\/www.instagram.com\/campingcasavio\",\"https:\/\/www.youtube.com\/user\/campingcasavio\"]}]}<\/script>\n<!-- \/ Yoast SEO plugin. -->","yoast_head_json":{"title":"Kemping t\u00f6lt\u0151oszlop elektromos aut\u00f3khoz &#8211; Camping Ca&#039; Savio","description":"T\u00f6lt\u0151oszlop azok sz\u00e1m\u00e1ra, akik hozz\u00e1d hasonl\u00f3an elektromos aut\u00f3val utaznak. K\u00e9rj inform\u00e1ci\u00f3t az \u00dcgyf\u00e9lszolg\u00e1lati irod\u00e1n a haszn\u00e1lat m\u00f3dj\u00e1val \u00e9s a t\u00f6lt\u0151oszlop hely\u00e9vel kapcsolatban.","robots":{"index":"index","follow":"follow","max-snippet":"max-snippet:-1","max-image-preview":"max-image-preview:large","max-video-preview":"max-video-preview:-1"},"canonical":"https:\/\/www.casavio.com\/hu\/szolgaltatasok\/extra-szolgaltatasok\/toltooszlop-elektromos-autokhoz\/","og_locale":"hu_HU","og_type":"article","og_title":"Kemping t\u00f6lt\u0151oszlop elektromos aut\u00f3khoz &#8211; Camping Ca&#039; Savio","og_description":"T\u00f6lt\u0151oszlop azok sz\u00e1m\u00e1ra, akik hozz\u00e1d hasonl\u00f3an elektromos aut\u00f3val utaznak. K\u00e9rj inform\u00e1ci\u00f3t az \u00dcgyf\u00e9lszolg\u00e1lati irod\u00e1n a haszn\u00e1lat m\u00f3dj\u00e1val \u00e9s a t\u00f6lt\u0151oszlop hely\u00e9vel kapcsolatban.","og_url":"https:\/\/www.casavio.com\/hu\/szolgaltatasok\/extra-szolgaltatasok\/toltooszlop-elektromos-autokhoz\/","og_site_name":"Camping Ca&#039; Savio","article_publisher":"https:\/\/www.facebook.com\/campingcasavio","article_modified_time":"2026-02-17T13:29:04+00:00","og_image":[{"width":440,"height":600,"url":"https:\/\/www.casavio.com\/wp-content\/uploads\/2025\/02\/ricarica-auto-elettrica.jpg","type":"image\/jpeg"}],"twitter_card":"summary_large_image","twitter_misc":{"Becs\u00fclt olvas\u00e1si id\u0151":"1 perc"},"schema":{"@context":"https:\/\/schema.org","@graph":[{"@type":"WebPage","@id":"https:\/\/www.casavio.com\/hu\/szolgaltatasok\/extra-szolgaltatasok\/toltooszlop-elektromos-autokhoz\/","url":"https:\/\/www.casavio.com\/hu\/szolgaltatasok\/extra-szolgaltatasok\/toltooszlop-elektromos-autokhoz\/","name":"Kemping t\u00f6lt\u0151oszlop elektromos aut\u00f3khoz &#8211; Camping Ca&#039; Savio","isPartOf":{"@id":"https:\/\/www.casavio.com\/hu\/#website"},"primaryImageOfPage":{"@id":"https:\/\/www.casavio.com\/hu\/szolgaltatasok\/extra-szolgaltatasok\/toltooszlop-elektromos-autokhoz\/#primaryimage"},"image":{"@id":"https:\/\/www.casavio.com\/hu\/szolgaltatasok\/extra-szolgaltatasok\/toltooszlop-elektromos-autokhoz\/#primaryimage"},"thumbnailUrl":"https:\/\/www.casavio.com\/wp-content\/uploads\/2025\/02\/ricarica-auto-elettrica.jpg","datePublished":"2019-11-07T09:49:30+00:00","dateModified":"2026-02-17T13:29:04+00:00","description":"T\u00f6lt\u0151oszlop azok sz\u00e1m\u00e1ra, akik hozz\u00e1d hasonl\u00f3an elektromos aut\u00f3val utaznak. K\u00e9rj inform\u00e1ci\u00f3t az \u00dcgyf\u00e9lszolg\u00e1lati irod\u00e1n a haszn\u00e1lat m\u00f3dj\u00e1val \u00e9s a t\u00f6lt\u0151oszlop hely\u00e9vel kapcsolatban.","breadcrumb":{"@id":"https:\/\/www.casavio.com\/hu\/szolgaltatasok\/extra-szolgaltatasok\/toltooszlop-elektromos-autokhoz\/#breadcrumb"},"inLanguage":"hu","potentialAction":[{"@type":"ReadAction","target":["https:\/\/www.casavio.com\/hu\/szolgaltatasok\/extra-szolgaltatasok\/toltooszlop-elektromos-autokhoz\/"]}]},{"@type":"ImageObject","inLanguage":"hu","@id":"https:\/\/www.casavio.com\/hu\/szolgaltatasok\/extra-szolgaltatasok\/toltooszlop-elektromos-autokhoz\/#primaryimage","url":"https:\/\/www.casavio.com\/wp-content\/uploads\/2025\/02\/ricarica-auto-elettrica.jpg","contentUrl":"https:\/\/www.casavio.com\/wp-content\/uploads\/2025\/02\/ricarica-auto-elettrica.jpg","width":440,"height":600},{"@type":"BreadcrumbList","@id":"https:\/\/www.casavio.com\/hu\/szolgaltatasok\/extra-szolgaltatasok\/toltooszlop-elektromos-autokhoz\/#breadcrumb","itemListElement":[{"@type":"ListItem","position":1,"name":"Home","item":"https:\/\/www.casavio.com\/hu\/"},{"@type":"ListItem","position":2,"name":"Szolg\u00e1ltat\u00e1sok","item":"https:\/\/www.casavio.com\/hu\/szolgaltatasok\/"},{"@type":"ListItem","position":3,"name":"Extra szolg\u00e1ltat\u00e1sok","item":"https:\/\/www.casavio.com\/hu\/szolgaltatasok\/extra-szolgaltatasok\/"},{"@type":"ListItem","position":4,"name":"T\u00f6lt\u0151oszlop elektromos aut\u00f3khoz"}]},{"@type":"WebSite","@id":"https:\/\/www.casavio.com\/hu\/#website","url":"https:\/\/www.casavio.com\/hu\/","name":"Camping Ca&#039; Savio","description":"","publisher":{"@id":"https:\/\/www.casavio.com\/hu\/#organization"},"potentialAction":[{"@type":"SearchAction","target":{"@type":"EntryPoint","urlTemplate":"https:\/\/www.casavio.com\/hu\/?s={search_term_string}"},"query-input":{"@type":"PropertyValueSpecification","valueRequired":true,"valueName":"search_term_string"}}],"inLanguage":"hu"},{"@type":"Organization","@id":"https:\/\/www.casavio.com\/hu\/#organization","name":"Camping Ca'Savio","url":"https:\/\/www.casavio.com\/hu\/","logo":{"@type":"ImageObject","inLanguage":"hu","@id":"https:\/\/www.casavio.com\/hu\/#\/schema\/logo\/image\/","url":"https:\/\/www.casavio.com\/wp-content\/uploads\/2024\/04\/favicon.png","contentUrl":"https:\/\/www.casavio.com\/wp-content\/uploads\/2024\/04\/favicon.png","width":144,"height":144,"caption":"Camping Ca'Savio"},"image":{"@id":"https:\/\/www.casavio.com\/hu\/#\/schema\/logo\/image\/"},"sameAs":["https:\/\/www.facebook.com\/campingcasavio","https:\/\/www.instagram.com\/campingcasavio","https:\/\/www.youtube.com\/user\/campingcasavio"]}]}},"_links":{"self":[{"href":"https:\/\/www.casavio.com\/hu\/wp-json\/wp\/v2\/pages\/10112","targetHints":{"allow":["GET"]}}],"collection":[{"href":"https:\/\/www.casavio.com\/hu\/wp-json\/wp\/v2\/pages"}],"about":[{"href":"https:\/\/www.casavio.com\/hu\/wp-json\/wp\/v2\/types\/page"}],"author":[{"embeddable":true,"href":"https:\/\/www.casavio.com\/hu\/wp-json\/wp\/v2\/users\/3"}],"replies":[{"embeddable":true,"href":"https:\/\/www.casavio.com\/hu\/wp-json\/wp\/v2\/comments?post=10112"}],"version-history":[{"count":2,"href":"https:\/\/www.casavio.com\/hu\/wp-json\/wp\/v2\/pages\/10112\/revisions"}],"predecessor-version":[{"id":46068,"href":"https:\/\/www.casavio.com\/hu\/wp-json\/wp\/v2\/pages\/10112\/revisions\/46068"}],"up":[{"embeddable":true,"href":"https:\/\/www.casavio.com\/hu\/wp-json\/wp\/v2\/pages\/10126"}],"wp:featuredmedia":[{"embeddable":true,"href":"https:\/\/www.casavio.com\/hu\/wp-json\/wp\/v2\/media\/37970"}],"wp:attachment":[{"href":"https:\/\/www.casavio.com\/hu\/wp-json\/wp\/v2\/media?parent=10112"}],"curies":[{"name":"wp","href":"https:\/\/api.w.org\/{rel}","templated":true}]}}