{"id":10126,"date":"2019-11-07T10:47:01","date_gmt":"2019-11-07T09:47:01","guid":{"rendered":"https:\/\/www.casavio.com\/szolgaltatasok\/extra-services\/"},"modified":"2021-10-15T15:29:00","modified_gmt":"2021-10-15T13:29:00","slug":"extra-szolgaltatasok","status":"publish","type":"page","link":"https:\/\/www.casavio.com\/hu\/szolgaltatasok\/extra-szolgaltatasok\/","title":{"rendered":"Extra szolg\u00e1ltat\u00e1sok"},"content":{"rendered":"<p>Szeretn\u00e9nk, ha nyaral\u00e1sod a lehet\u0151 legk\u00e9nyelmesebb \u00e9s gondtalanabb lenne.<br \/>\nEgy sor olyan szolg\u00e1ltat\u00e1st k\u00edn\u00e1lunk neked, amelyik m\u00e9g kellemesebb\u00e9 teszi itt tart\u00f3zkod\u00e1sodat, ak\u00e1r <a href=\"https:\/\/www.casavio.com\/hu\/camping\/satorhelyek\/\">s\u00e1torhelyen<\/a> t\u00f6lt\u00f6d el, ak\u00e1r <a href=\"https:\/\/www.casavio.com\/hu\/camping\/mozgo-hazak\/\">egyik mozg\u00f3 h\u00e1zunkat<\/a>, <a href=\"https:\/\/www.casavio.com\/hu\/camping\/glamping-kemping-hu\/\">glamping<\/a> s\u00e1trunkat, egyik <a href=\"https:\/\/www.casavio.com\/hu\/camping\/bungalows-chalets-hu\/\">csal\u00e1di bungal\u00f3nkat<\/a> vagy a tengerparthoz k\u00f6zel fekv\u0151 egyik fah\u00e1zunkat b\u00e9relted ki.<\/p>\n","protected":false},"excerpt":{"rendered":"<p>A kieg\u00e9sz\u00edt\u0151 szolg\u00e1ltat\u00e1sokra vonatkoz\u00f3 \u00f6sszes inform\u00e1ci\u00f3, melyekre nyaral\u00e1sod sor\u00e1n sz\u00fcks\u00e9ged lehet.<\/p>\n","protected":false},"author":3,"featured_media":20416,"parent":10095,"menu_order":40,"comment_status":"closed","ping_status":"closed","template":"templates\/tpl-children-with-intro.php","meta":{"_acf_changed":false},"class_list":["post-10126","page","type-page","status-publish","has-post-thumbnail","hentry"],"acf":[],"yoast_head":"<!-- This site is optimized with the Yoast SEO plugin v25.3 - https:\/\/yoast.com\/wordpress\/plugins\/seo\/ -->\n<title>Extra szolg\u00e1ltat\u00e1sok a kemping vend\u00e9gei r\u00e9sz\u00e9re &#8211; Camping Ca&#039; Savio<\/title>\n<meta name=\"description\" content=\"A Ca\u2019 Savio kemping sz\u00e1mos szolg\u00e1ltat\u00e1st ny\u00fajt vend\u00e9geinek: ker\u00e9kp\u00e1r- \u00e9s aut\u00f3k\u00f6lcs\u00f6nz\u00e9s, internet wifi \u00e9s sok egy\u00e9b szolg\u00e1ltat\u00e1s. Fedezd fel \u00e9s foglalj online!\" \/>\n<meta name=\"robots\" content=\"index, follow, max-snippet:-1, max-image-preview:large, max-video-preview:-1\" \/>\n<link rel=\"canonical\" href=\"https:\/\/www.casavio.com\/hu\/szolgaltatasok\/extra-szolgaltatasok\/\" \/>\n<meta property=\"og:locale\" content=\"hu_HU\" \/>\n<meta property=\"og:type\" content=\"article\" \/>\n<meta property=\"og:title\" content=\"Extra szolg\u00e1ltat\u00e1sok a kemping vend\u00e9gei r\u00e9sz\u00e9re &#8211; Camping Ca&#039; Savio\" \/>\n<meta property=\"og:description\" content=\"A Ca\u2019 Savio kemping sz\u00e1mos szolg\u00e1ltat\u00e1st ny\u00fajt vend\u00e9geinek: ker\u00e9kp\u00e1r- \u00e9s aut\u00f3k\u00f6lcs\u00f6nz\u00e9s, internet wifi \u00e9s sok egy\u00e9b szolg\u00e1ltat\u00e1s. Fedezd fel \u00e9s foglalj online!\" \/>\n<meta property=\"og:url\" content=\"https:\/\/www.casavio.com\/hu\/szolgaltatasok\/extra-szolgaltatasok\/\" \/>\n<meta property=\"og:site_name\" content=\"Camping Ca&#039; Savio\" \/>\n<meta property=\"article:publisher\" content=\"https:\/\/www.facebook.com\/campingcasavio\" \/>\n<meta property=\"article:modified_time\" content=\"2021-10-15T13:29:00+00:00\" \/>\n<meta property=\"og:image\" content=\"https:\/\/www.casavio.com\/wp-content\/uploads\/2021\/10\/CaSavio_servizi-extra-ev.jpg\" \/>\n\t<meta property=\"og:image:width\" content=\"440\" \/>\n\t<meta property=\"og:image:height\" content=\"600\" \/>\n\t<meta property=\"og:image:type\" content=\"image\/jpeg\" \/>\n<meta name=\"twitter:card\" content=\"summary_large_image\" \/>\n<script type=\"application\/ld+json\" class=\"yoast-schema-graph\">{\"@context\":\"https:\/\/schema.org\",\"@graph\":[{\"@type\":\"WebPage\",\"@id\":\"https:\/\/www.casavio.com\/hu\/szolgaltatasok\/extra-szolgaltatasok\/\",\"url\":\"https:\/\/www.casavio.com\/hu\/szolgaltatasok\/extra-szolgaltatasok\/\",\"name\":\"Extra szolg\u00e1ltat\u00e1sok a kemping vend\u00e9gei r\u00e9sz\u00e9re &#8211; Camping Ca&#039; Savio\",\"isPartOf\":{\"@id\":\"https:\/\/www.casavio.com\/hu\/#website\"},\"primaryImageOfPage\":{\"@id\":\"https:\/\/www.casavio.com\/hu\/szolgaltatasok\/extra-szolgaltatasok\/#primaryimage\"},\"image\":{\"@id\":\"https:\/\/www.casavio.com\/hu\/szolgaltatasok\/extra-szolgaltatasok\/#primaryimage\"},\"thumbnailUrl\":\"https:\/\/www.casavio.com\/wp-content\/uploads\/2021\/10\/CaSavio_servizi-extra-ev.jpg\",\"datePublished\":\"2019-11-07T09:47:01+00:00\",\"dateModified\":\"2021-10-15T13:29:00+00:00\",\"description\":\"A Ca\u2019 Savio kemping sz\u00e1mos szolg\u00e1ltat\u00e1st ny\u00fajt vend\u00e9geinek: ker\u00e9kp\u00e1r- \u00e9s aut\u00f3k\u00f6lcs\u00f6nz\u00e9s, internet wifi \u00e9s sok egy\u00e9b szolg\u00e1ltat\u00e1s. Fedezd fel \u00e9s foglalj online!\",\"breadcrumb\":{\"@id\":\"https:\/\/www.casavio.com\/hu\/szolgaltatasok\/extra-szolgaltatasok\/#breadcrumb\"},\"inLanguage\":\"hu\",\"potentialAction\":[{\"@type\":\"ReadAction\",\"target\":[\"https:\/\/www.casavio.com\/hu\/szolgaltatasok\/extra-szolgaltatasok\/\"]}]},{\"@type\":\"ImageObject\",\"inLanguage\":\"hu\",\"@id\":\"https:\/\/www.casavio.com\/hu\/szolgaltatasok\/extra-szolgaltatasok\/#primaryimage\",\"url\":\"https:\/\/www.casavio.com\/wp-content\/uploads\/2021\/10\/CaSavio_servizi-extra-ev.jpg\",\"contentUrl\":\"https:\/\/www.casavio.com\/wp-content\/uploads\/2021\/10\/CaSavio_servizi-extra-ev.jpg\",\"width\":440,\"height\":600},{\"@type\":\"BreadcrumbList\",\"@id\":\"https:\/\/www.casavio.com\/hu\/szolgaltatasok\/extra-szolgaltatasok\/#breadcrumb\",\"itemListElement\":[{\"@type\":\"ListItem\",\"position\":1,\"name\":\"Home\",\"item\":\"https:\/\/www.casavio.com\/hu\/\"},{\"@type\":\"ListItem\",\"position\":2,\"name\":\"Szolg\u00e1ltat\u00e1sok\",\"item\":\"https:\/\/www.casavio.com\/hu\/szolgaltatasok\/\"},{\"@type\":\"ListItem\",\"position\":3,\"name\":\"Extra szolg\u00e1ltat\u00e1sok\"}]},{\"@type\":\"WebSite\",\"@id\":\"https:\/\/www.casavio.com\/hu\/#website\",\"url\":\"https:\/\/www.casavio.com\/hu\/\",\"name\":\"Camping Ca&#039; Savio\",\"description\":\"\",\"publisher\":{\"@id\":\"https:\/\/www.casavio.com\/hu\/#organization\"},\"potentialAction\":[{\"@type\":\"SearchAction\",\"target\":{\"@type\":\"EntryPoint\",\"urlTemplate\":\"https:\/\/www.casavio.com\/hu\/?s={search_term_string}\"},\"query-input\":{\"@type\":\"PropertyValueSpecification\",\"valueRequired\":true,\"valueName\":\"search_term_string\"}}],\"inLanguage\":\"hu\"},{\"@type\":\"Organization\",\"@id\":\"https:\/\/www.casavio.com\/hu\/#organization\",\"name\":\"Camping Ca'Savio\",\"url\":\"https:\/\/www.casavio.com\/hu\/\",\"logo\":{\"@type\":\"ImageObject\",\"inLanguage\":\"hu\",\"@id\":\"https:\/\/www.casavio.com\/hu\/#\/schema\/logo\/image\/\",\"url\":\"https:\/\/www.casavio.com\/wp-content\/uploads\/2024\/04\/favicon.png\",\"contentUrl\":\"https:\/\/www.casavio.com\/wp-content\/uploads\/2024\/04\/favicon.png\",\"width\":144,\"height\":144,\"caption\":\"Camping Ca'Savio\"},\"image\":{\"@id\":\"https:\/\/www.casavio.com\/hu\/#\/schema\/logo\/image\/\"},\"sameAs\":[\"https:\/\/www.facebook.com\/campingcasavio\",\"https:\/\/www.instagram.com\/campingcasavio\",\"https:\/\/www.youtube.com\/user\/campingcasavio\"]}]}<\/script>\n<!-- \/ Yoast SEO plugin. -->","yoast_head_json":{"title":"Extra szolg\u00e1ltat\u00e1sok a kemping vend\u00e9gei r\u00e9sz\u00e9re &#8211; Camping Ca&#039; Savio","description":"A Ca\u2019 Savio kemping sz\u00e1mos szolg\u00e1ltat\u00e1st ny\u00fajt vend\u00e9geinek: ker\u00e9kp\u00e1r- \u00e9s aut\u00f3k\u00f6lcs\u00f6nz\u00e9s, internet wifi \u00e9s sok egy\u00e9b szolg\u00e1ltat\u00e1s. Fedezd fel \u00e9s foglalj online!","robots":{"index":"index","follow":"follow","max-snippet":"max-snippet:-1","max-image-preview":"max-image-preview:large","max-video-preview":"max-video-preview:-1"},"canonical":"https:\/\/www.casavio.com\/hu\/szolgaltatasok\/extra-szolgaltatasok\/","og_locale":"hu_HU","og_type":"article","og_title":"Extra szolg\u00e1ltat\u00e1sok a kemping vend\u00e9gei r\u00e9sz\u00e9re &#8211; Camping Ca&#039; Savio","og_description":"A Ca\u2019 Savio kemping sz\u00e1mos szolg\u00e1ltat\u00e1st ny\u00fajt vend\u00e9geinek: ker\u00e9kp\u00e1r- \u00e9s aut\u00f3k\u00f6lcs\u00f6nz\u00e9s, internet wifi \u00e9s sok egy\u00e9b szolg\u00e1ltat\u00e1s. Fedezd fel \u00e9s foglalj online!","og_url":"https:\/\/www.casavio.com\/hu\/szolgaltatasok\/extra-szolgaltatasok\/","og_site_name":"Camping Ca&#039; Savio","article_publisher":"https:\/\/www.facebook.com\/campingcasavio","article_modified_time":"2021-10-15T13:29:00+00:00","og_image":[{"width":440,"height":600,"url":"https:\/\/www.casavio.com\/wp-content\/uploads\/2021\/10\/CaSavio_servizi-extra-ev.jpg","type":"image\/jpeg"}],"twitter_card":"summary_large_image","schema":{"@context":"https:\/\/schema.org","@graph":[{"@type":"WebPage","@id":"https:\/\/www.casavio.com\/hu\/szolgaltatasok\/extra-szolgaltatasok\/","url":"https:\/\/www.casavio.com\/hu\/szolgaltatasok\/extra-szolgaltatasok\/","name":"Extra szolg\u00e1ltat\u00e1sok a kemping vend\u00e9gei r\u00e9sz\u00e9re &#8211; Camping Ca&#039; Savio","isPartOf":{"@id":"https:\/\/www.casavio.com\/hu\/#website"},"primaryImageOfPage":{"@id":"https:\/\/www.casavio.com\/hu\/szolgaltatasok\/extra-szolgaltatasok\/#primaryimage"},"image":{"@id":"https:\/\/www.casavio.com\/hu\/szolgaltatasok\/extra-szolgaltatasok\/#primaryimage"},"thumbnailUrl":"https:\/\/www.casavio.com\/wp-content\/uploads\/2021\/10\/CaSavio_servizi-extra-ev.jpg","datePublished":"2019-11-07T09:47:01+00:00","dateModified":"2021-10-15T13:29:00+00:00","description":"A Ca\u2019 Savio kemping sz\u00e1mos szolg\u00e1ltat\u00e1st ny\u00fajt vend\u00e9geinek: ker\u00e9kp\u00e1r- \u00e9s aut\u00f3k\u00f6lcs\u00f6nz\u00e9s, internet wifi \u00e9s sok egy\u00e9b szolg\u00e1ltat\u00e1s. Fedezd fel \u00e9s foglalj online!","breadcrumb":{"@id":"https:\/\/www.casavio.com\/hu\/szolgaltatasok\/extra-szolgaltatasok\/#breadcrumb"},"inLanguage":"hu","potentialAction":[{"@type":"ReadAction","target":["https:\/\/www.casavio.com\/hu\/szolgaltatasok\/extra-szolgaltatasok\/"]}]},{"@type":"ImageObject","inLanguage":"hu","@id":"https:\/\/www.casavio.com\/hu\/szolgaltatasok\/extra-szolgaltatasok\/#primaryimage","url":"https:\/\/www.casavio.com\/wp-content\/uploads\/2021\/10\/CaSavio_servizi-extra-ev.jpg","contentUrl":"https:\/\/www.casavio.com\/wp-content\/uploads\/2021\/10\/CaSavio_servizi-extra-ev.jpg","width":440,"height":600},{"@type":"BreadcrumbList","@id":"https:\/\/www.casavio.com\/hu\/szolgaltatasok\/extra-szolgaltatasok\/#breadcrumb","itemListElement":[{"@type":"ListItem","position":1,"name":"Home","item":"https:\/\/www.casavio.com\/hu\/"},{"@type":"ListItem","position":2,"name":"Szolg\u00e1ltat\u00e1sok","item":"https:\/\/www.casavio.com\/hu\/szolgaltatasok\/"},{"@type":"ListItem","position":3,"name":"Extra szolg\u00e1ltat\u00e1sok"}]},{"@type":"WebSite","@id":"https:\/\/www.casavio.com\/hu\/#website","url":"https:\/\/www.casavio.com\/hu\/","name":"Camping Ca&#039; Savio","description":"","publisher":{"@id":"https:\/\/www.casavio.com\/hu\/#organization"},"potentialAction":[{"@type":"SearchAction","target":{"@type":"EntryPoint","urlTemplate":"https:\/\/www.casavio.com\/hu\/?s={search_term_string}"},"query-input":{"@type":"PropertyValueSpecification","valueRequired":true,"valueName":"search_term_string"}}],"inLanguage":"hu"},{"@type":"Organization","@id":"https:\/\/www.casavio.com\/hu\/#organization","name":"Camping Ca'Savio","url":"https:\/\/www.casavio.com\/hu\/","logo":{"@type":"ImageObject","inLanguage":"hu","@id":"https:\/\/www.casavio.com\/hu\/#\/schema\/logo\/image\/","url":"https:\/\/www.casavio.com\/wp-content\/uploads\/2024\/04\/favicon.png","contentUrl":"https:\/\/www.casavio.com\/wp-content\/uploads\/2024\/04\/favicon.png","width":144,"height":144,"caption":"Camping Ca'Savio"},"image":{"@id":"https:\/\/www.casavio.com\/hu\/#\/schema\/logo\/image\/"},"sameAs":["https:\/\/www.facebook.com\/campingcasavio","https:\/\/www.instagram.com\/campingcasavio","https:\/\/www.youtube.com\/user\/campingcasavio"]}]}},"_links":{"self":[{"href":"https:\/\/www.casavio.com\/hu\/wp-json\/wp\/v2\/pages\/10126","targetHints":{"allow":["GET"]}}],"collection":[{"href":"https:\/\/www.casavio.com\/hu\/wp-json\/wp\/v2\/pages"}],"about":[{"href":"https:\/\/www.casavio.com\/hu\/wp-json\/wp\/v2\/types\/page"}],"author":[{"embeddable":true,"href":"https:\/\/www.casavio.com\/hu\/wp-json\/wp\/v2\/users\/3"}],"replies":[{"embeddable":true,"href":"https:\/\/www.casavio.com\/hu\/wp-json\/wp\/v2\/comments?post=10126"}],"version-history":[{"count":2,"href":"https:\/\/www.casavio.com\/hu\/wp-json\/wp\/v2\/pages\/10126\/revisions"}],"predecessor-version":[{"id":20408,"href":"https:\/\/www.casavio.com\/hu\/wp-json\/wp\/v2\/pages\/10126\/revisions\/20408"}],"up":[{"embeddable":true,"href":"https:\/\/www.casavio.com\/hu\/wp-json\/wp\/v2\/pages\/10095"}],"wp:featuredmedia":[{"embeddable":true,"href":"https:\/\/www.casavio.com\/hu\/wp-json\/wp\/v2\/media\/20416"}],"wp:attachment":[{"href":"https:\/\/www.casavio.com\/hu\/wp-json\/wp\/v2\/media?parent=10126"}],"curies":[{"name":"wp","href":"https:\/\/api.w.org\/{rel}","templated":true}]}}