{"id":10129,"date":"2019-11-28T17:10:30","date_gmt":"2019-11-28T16:10:30","guid":{"rendered":"https:\/\/www.casavio.com\/szolgaltatasok\/extra-szolgaltatasok\/airport-transfer\/"},"modified":"2026-02-17T13:05:39","modified_gmt":"2026-02-17T12:05:39","slug":"repuloteri-transzfer","status":"publish","type":"page","link":"https:\/\/www.casavio.com\/hu\/szolgaltatasok\/extra-szolgaltatasok\/repuloteri-transzfer\/","title":{"rendered":"Rep\u00fcl\u0151t\u00e9ri transzfer (Velence \/ Treviso)"},"content":{"rendered":"<p>Speci\u00e1lis d\u00edjak\u00a0a Ca&#8217; Savio vend\u00e9gei sz\u00e1m\u00e1ra:<\/p>\n<p><strong>Marco Polo Rep\u00fcl\u0151t\u00e9r (Velence)\u00a0<\/strong>\u2013 Camping Ca&#8217;Savio, vagy Ca&#8217;Savio kemping &#8211; Marco Polo Rep\u00fcl\u0151t\u00e9r (Velence):<\/p>\n<ul>\n<li>Taxi 4, vagy ann\u00e1l kevesebb szem\u00e9lyre \u20ac 105,00<br \/>\nTaxi 5 f\u0151re \u20ac 110,00<\/li>\n<li>Taxi 6 f\u0151re \u20ac 115,00<\/li>\n<li>Taxi 7 f\u0151re \u20ac 120,00<\/li>\n<li>Taxi 8 f\u0151re \u20ac 125,00.<\/li>\n<\/ul>\n<p><strong>Treviso Rep\u00fcl\u0151t\u00e9r<\/strong> \u2013 Camping Ca&#8217;Savio, vagy Camping Ca&#8217;Savio &#8211; Treviso Rep\u00fcl\u0151t\u00e9r:<\/p>\n<ul>\n<li>Taxi 4, vagy ann\u00e1l kevesebb szem\u00e9lyre \u20ac 120,00<\/li>\n<li>Taxi 5 f\u0151re \u20ac 125,00<\/li>\n<li>Taxi 6 f\u0151re \u20ac 130,00<\/li>\n<li>Taxi 7 f\u0151re \u20ac 135,00<\/li>\n<li>Taxi 8 f\u0151re \u20ac 140,00.<\/li>\n<\/ul>\n<p>Gyermek\u00fcl\u00e9s <a href=\"https:\/\/booking.casavio.com\/contact\">el\u0151zetes ig\u00e9nyl\u00e9s eset\u00e9n<\/a>.<\/p>\n<p>Vas\u00e1rnap \u00e9s \u00fcnnepnapokon 22:00 \u00e9s 07:00 k\u00f6z\u00f6tt t\u00f6rt\u00e9n\u0151 transzfer: 20% fel\u00e1r.<br \/>\nAz \u00e1r 1 db poggy\u00e1szt tartalmaz szem\u00e9lyenk\u00e9nt. T\u00f6bblet poggy\u00e1sz: 3 \u20ac.<br \/>\nA taxi vezet\u0151je \u00d6nt a f\u00f6ldet \u00e9r\u00e9s id\u0151pontj\u00e1ban v\u00e1rja.<br \/>\nA fizet\u00e9s helyben, k\u00f6zvetlen\u00fcl a taxi vezet\u0151je fel\u00e9 t\u00f6rt\u00e9nik.<\/p>\n<p>K\u00e9rd ezt a szolg\u00e1ltat\u00e1st legal\u00e1bb 3 nap az \u00e9rkez\u00e9s el\u0151tt a rep\u00fcl\u0151t\u00e9ren \u00e9s mi 48 \u00f3r\u00e1n bel\u00fcl v\u00e1laszolunk neked (kiv\u00e9ve a h\u00e9tv\u00e9g\u00e9ket \u00e9s a t\u00e9li id\u0151szak h\u00f3napjait: okt\u00f3bert\u0151l \u00e1prilisig).<\/p>\n","protected":false},"excerpt":{"rendered":"<p>K\u00fcl\u00f6nleges \u00e1rak taxival t\u00f6rt\u00e9n\u0151 transzferre a Velence Marco Polo rep\u00fcl\u0151t\u00e9r \u00e9s a Treviso Canova rep\u00fcl\u0151t\u00e9r k\u00f6z\u00f6tt.<\/p>\n","protected":false},"author":3,"featured_media":5343,"parent":10126,"menu_order":10,"comment_status":"closed","ping_status":"closed","template":"templates\/tpl-taxi-transfer.php","meta":{"_acf_changed":false},"class_list":["post-10129","page","type-page","status-publish","has-post-thumbnail","hentry"],"acf":[],"yoast_head":"<!-- This site is optimized with the Yoast SEO plugin v25.3 - https:\/\/yoast.com\/wordpress\/plugins\/seo\/ -->\n<title>Cavallino Treporti kemping, rept\u00e9ri transzfer: velencei \u00e9s trevis\u00f3i rep\u00fcl\u0151t\u00e9r &#8211; Camping Ca&#039; Savio<\/title>\n<meta name=\"description\" content=\"Cavallino Treporti kemping, rept\u00e9ri transzfer: Velencei \u00e9s Trevis\u00f3i rep\u00fcl\u0151t\u00e9r.\" \/>\n<meta name=\"robots\" content=\"index, follow, max-snippet:-1, max-image-preview:large, max-video-preview:-1\" \/>\n<link rel=\"canonical\" href=\"https:\/\/www.casavio.com\/hu\/szolgaltatasok\/extra-szolgaltatasok\/repuloteri-transzfer\/\" \/>\n<meta property=\"og:locale\" content=\"hu_HU\" \/>\n<meta property=\"og:type\" content=\"article\" \/>\n<meta property=\"og:title\" content=\"Cavallino Treporti kemping, rept\u00e9ri transzfer: velencei \u00e9s trevis\u00f3i rep\u00fcl\u0151t\u00e9r &#8211; Camping Ca&#039; Savio\" \/>\n<meta property=\"og:description\" content=\"Cavallino Treporti kemping, rept\u00e9ri transzfer: Velencei \u00e9s Trevis\u00f3i rep\u00fcl\u0151t\u00e9r.\" \/>\n<meta property=\"og:url\" content=\"https:\/\/www.casavio.com\/hu\/szolgaltatasok\/extra-szolgaltatasok\/repuloteri-transzfer\/\" \/>\n<meta property=\"og:site_name\" content=\"Camping Ca&#039; Savio\" \/>\n<meta property=\"article:publisher\" content=\"https:\/\/www.facebook.com\/campingcasavio\" \/>\n<meta property=\"article:modified_time\" content=\"2026-02-17T12:05:39+00:00\" \/>\n<meta property=\"og:image\" content=\"https:\/\/www.casavio.com\/wp-content\/uploads\/2019\/11\/ca-savio-transfer-aeroporto.jpg\" \/>\n\t<meta property=\"og:image:width\" content=\"440\" \/>\n\t<meta property=\"og:image:height\" content=\"600\" \/>\n\t<meta property=\"og:image:type\" content=\"image\/jpeg\" \/>\n<meta name=\"twitter:card\" content=\"summary_large_image\" \/>\n<meta name=\"twitter:label1\" content=\"Becs\u00fclt olvas\u00e1si id\u0151\" \/>\n\t<meta name=\"twitter:data1\" content=\"2 perc\" \/>\n<script type=\"application\/ld+json\" class=\"yoast-schema-graph\">{\"@context\":\"https:\/\/schema.org\",\"@graph\":[{\"@type\":\"WebPage\",\"@id\":\"https:\/\/www.casavio.com\/hu\/szolgaltatasok\/extra-szolgaltatasok\/repuloteri-transzfer\/\",\"url\":\"https:\/\/www.casavio.com\/hu\/szolgaltatasok\/extra-szolgaltatasok\/repuloteri-transzfer\/\",\"name\":\"Cavallino Treporti kemping, rept\u00e9ri transzfer: velencei \u00e9s trevis\u00f3i rep\u00fcl\u0151t\u00e9r &#8211; Camping Ca&#039; Savio\",\"isPartOf\":{\"@id\":\"https:\/\/www.casavio.com\/hu\/#website\"},\"primaryImageOfPage\":{\"@id\":\"https:\/\/www.casavio.com\/hu\/szolgaltatasok\/extra-szolgaltatasok\/repuloteri-transzfer\/#primaryimage\"},\"image\":{\"@id\":\"https:\/\/www.casavio.com\/hu\/szolgaltatasok\/extra-szolgaltatasok\/repuloteri-transzfer\/#primaryimage\"},\"thumbnailUrl\":\"https:\/\/www.casavio.com\/wp-content\/uploads\/2019\/11\/ca-savio-transfer-aeroporto.jpg\",\"datePublished\":\"2019-11-28T16:10:30+00:00\",\"dateModified\":\"2026-02-17T12:05:39+00:00\",\"description\":\"Cavallino Treporti kemping, rept\u00e9ri transzfer: Velencei \u00e9s Trevis\u00f3i rep\u00fcl\u0151t\u00e9r.\",\"breadcrumb\":{\"@id\":\"https:\/\/www.casavio.com\/hu\/szolgaltatasok\/extra-szolgaltatasok\/repuloteri-transzfer\/#breadcrumb\"},\"inLanguage\":\"hu\",\"potentialAction\":[{\"@type\":\"ReadAction\",\"target\":[\"https:\/\/www.casavio.com\/hu\/szolgaltatasok\/extra-szolgaltatasok\/repuloteri-transzfer\/\"]}]},{\"@type\":\"ImageObject\",\"inLanguage\":\"hu\",\"@id\":\"https:\/\/www.casavio.com\/hu\/szolgaltatasok\/extra-szolgaltatasok\/repuloteri-transzfer\/#primaryimage\",\"url\":\"https:\/\/www.casavio.com\/wp-content\/uploads\/2019\/11\/ca-savio-transfer-aeroporto.jpg\",\"contentUrl\":\"https:\/\/www.casavio.com\/wp-content\/uploads\/2019\/11\/ca-savio-transfer-aeroporto.jpg\",\"width\":440,\"height\":600},{\"@type\":\"BreadcrumbList\",\"@id\":\"https:\/\/www.casavio.com\/hu\/szolgaltatasok\/extra-szolgaltatasok\/repuloteri-transzfer\/#breadcrumb\",\"itemListElement\":[{\"@type\":\"ListItem\",\"position\":1,\"name\":\"Home\",\"item\":\"https:\/\/www.casavio.com\/hu\/\"},{\"@type\":\"ListItem\",\"position\":2,\"name\":\"Szolg\u00e1ltat\u00e1sok\",\"item\":\"https:\/\/www.casavio.com\/hu\/szolgaltatasok\/\"},{\"@type\":\"ListItem\",\"position\":3,\"name\":\"Extra szolg\u00e1ltat\u00e1sok\",\"item\":\"https:\/\/www.casavio.com\/hu\/szolgaltatasok\/extra-szolgaltatasok\/\"},{\"@type\":\"ListItem\",\"position\":4,\"name\":\"Rep\u00fcl\u0151t\u00e9ri transzfer (Velence \/ Treviso)\"}]},{\"@type\":\"WebSite\",\"@id\":\"https:\/\/www.casavio.com\/hu\/#website\",\"url\":\"https:\/\/www.casavio.com\/hu\/\",\"name\":\"Camping Ca&#039; Savio\",\"description\":\"\",\"publisher\":{\"@id\":\"https:\/\/www.casavio.com\/hu\/#organization\"},\"potentialAction\":[{\"@type\":\"SearchAction\",\"target\":{\"@type\":\"EntryPoint\",\"urlTemplate\":\"https:\/\/www.casavio.com\/hu\/?s={search_term_string}\"},\"query-input\":{\"@type\":\"PropertyValueSpecification\",\"valueRequired\":true,\"valueName\":\"search_term_string\"}}],\"inLanguage\":\"hu\"},{\"@type\":\"Organization\",\"@id\":\"https:\/\/www.casavio.com\/hu\/#organization\",\"name\":\"Camping Ca'Savio\",\"url\":\"https:\/\/www.casavio.com\/hu\/\",\"logo\":{\"@type\":\"ImageObject\",\"inLanguage\":\"hu\",\"@id\":\"https:\/\/www.casavio.com\/hu\/#\/schema\/logo\/image\/\",\"url\":\"https:\/\/www.casavio.com\/wp-content\/uploads\/2024\/04\/favicon.png\",\"contentUrl\":\"https:\/\/www.casavio.com\/wp-content\/uploads\/2024\/04\/favicon.png\",\"width\":144,\"height\":144,\"caption\":\"Camping Ca'Savio\"},\"image\":{\"@id\":\"https:\/\/www.casavio.com\/hu\/#\/schema\/logo\/image\/\"},\"sameAs\":[\"https:\/\/www.facebook.com\/campingcasavio\",\"https:\/\/www.instagram.com\/campingcasavio\",\"https:\/\/www.youtube.com\/user\/campingcasavio\"]}]}<\/script>\n<!-- \/ Yoast SEO plugin. -->","yoast_head_json":{"title":"Cavallino Treporti kemping, rept\u00e9ri transzfer: velencei \u00e9s trevis\u00f3i rep\u00fcl\u0151t\u00e9r &#8211; Camping Ca&#039; Savio","description":"Cavallino Treporti kemping, rept\u00e9ri transzfer: Velencei \u00e9s Trevis\u00f3i rep\u00fcl\u0151t\u00e9r.","robots":{"index":"index","follow":"follow","max-snippet":"max-snippet:-1","max-image-preview":"max-image-preview:large","max-video-preview":"max-video-preview:-1"},"canonical":"https:\/\/www.casavio.com\/hu\/szolgaltatasok\/extra-szolgaltatasok\/repuloteri-transzfer\/","og_locale":"hu_HU","og_type":"article","og_title":"Cavallino Treporti kemping, rept\u00e9ri transzfer: velencei \u00e9s trevis\u00f3i rep\u00fcl\u0151t\u00e9r &#8211; Camping Ca&#039; Savio","og_description":"Cavallino Treporti kemping, rept\u00e9ri transzfer: Velencei \u00e9s Trevis\u00f3i rep\u00fcl\u0151t\u00e9r.","og_url":"https:\/\/www.casavio.com\/hu\/szolgaltatasok\/extra-szolgaltatasok\/repuloteri-transzfer\/","og_site_name":"Camping Ca&#039; Savio","article_publisher":"https:\/\/www.facebook.com\/campingcasavio","article_modified_time":"2026-02-17T12:05:39+00:00","og_image":[{"width":440,"height":600,"url":"https:\/\/www.casavio.com\/wp-content\/uploads\/2019\/11\/ca-savio-transfer-aeroporto.jpg","type":"image\/jpeg"}],"twitter_card":"summary_large_image","twitter_misc":{"Becs\u00fclt olvas\u00e1si id\u0151":"2 perc"},"schema":{"@context":"https:\/\/schema.org","@graph":[{"@type":"WebPage","@id":"https:\/\/www.casavio.com\/hu\/szolgaltatasok\/extra-szolgaltatasok\/repuloteri-transzfer\/","url":"https:\/\/www.casavio.com\/hu\/szolgaltatasok\/extra-szolgaltatasok\/repuloteri-transzfer\/","name":"Cavallino Treporti kemping, rept\u00e9ri transzfer: velencei \u00e9s trevis\u00f3i rep\u00fcl\u0151t\u00e9r &#8211; Camping Ca&#039; Savio","isPartOf":{"@id":"https:\/\/www.casavio.com\/hu\/#website"},"primaryImageOfPage":{"@id":"https:\/\/www.casavio.com\/hu\/szolgaltatasok\/extra-szolgaltatasok\/repuloteri-transzfer\/#primaryimage"},"image":{"@id":"https:\/\/www.casavio.com\/hu\/szolgaltatasok\/extra-szolgaltatasok\/repuloteri-transzfer\/#primaryimage"},"thumbnailUrl":"https:\/\/www.casavio.com\/wp-content\/uploads\/2019\/11\/ca-savio-transfer-aeroporto.jpg","datePublished":"2019-11-28T16:10:30+00:00","dateModified":"2026-02-17T12:05:39+00:00","description":"Cavallino Treporti kemping, rept\u00e9ri transzfer: Velencei \u00e9s Trevis\u00f3i rep\u00fcl\u0151t\u00e9r.","breadcrumb":{"@id":"https:\/\/www.casavio.com\/hu\/szolgaltatasok\/extra-szolgaltatasok\/repuloteri-transzfer\/#breadcrumb"},"inLanguage":"hu","potentialAction":[{"@type":"ReadAction","target":["https:\/\/www.casavio.com\/hu\/szolgaltatasok\/extra-szolgaltatasok\/repuloteri-transzfer\/"]}]},{"@type":"ImageObject","inLanguage":"hu","@id":"https:\/\/www.casavio.com\/hu\/szolgaltatasok\/extra-szolgaltatasok\/repuloteri-transzfer\/#primaryimage","url":"https:\/\/www.casavio.com\/wp-content\/uploads\/2019\/11\/ca-savio-transfer-aeroporto.jpg","contentUrl":"https:\/\/www.casavio.com\/wp-content\/uploads\/2019\/11\/ca-savio-transfer-aeroporto.jpg","width":440,"height":600},{"@type":"BreadcrumbList","@id":"https:\/\/www.casavio.com\/hu\/szolgaltatasok\/extra-szolgaltatasok\/repuloteri-transzfer\/#breadcrumb","itemListElement":[{"@type":"ListItem","position":1,"name":"Home","item":"https:\/\/www.casavio.com\/hu\/"},{"@type":"ListItem","position":2,"name":"Szolg\u00e1ltat\u00e1sok","item":"https:\/\/www.casavio.com\/hu\/szolgaltatasok\/"},{"@type":"ListItem","position":3,"name":"Extra szolg\u00e1ltat\u00e1sok","item":"https:\/\/www.casavio.com\/hu\/szolgaltatasok\/extra-szolgaltatasok\/"},{"@type":"ListItem","position":4,"name":"Rep\u00fcl\u0151t\u00e9ri transzfer (Velence \/ Treviso)"}]},{"@type":"WebSite","@id":"https:\/\/www.casavio.com\/hu\/#website","url":"https:\/\/www.casavio.com\/hu\/","name":"Camping Ca&#039; Savio","description":"","publisher":{"@id":"https:\/\/www.casavio.com\/hu\/#organization"},"potentialAction":[{"@type":"SearchAction","target":{"@type":"EntryPoint","urlTemplate":"https:\/\/www.casavio.com\/hu\/?s={search_term_string}"},"query-input":{"@type":"PropertyValueSpecification","valueRequired":true,"valueName":"search_term_string"}}],"inLanguage":"hu"},{"@type":"Organization","@id":"https:\/\/www.casavio.com\/hu\/#organization","name":"Camping Ca'Savio","url":"https:\/\/www.casavio.com\/hu\/","logo":{"@type":"ImageObject","inLanguage":"hu","@id":"https:\/\/www.casavio.com\/hu\/#\/schema\/logo\/image\/","url":"https:\/\/www.casavio.com\/wp-content\/uploads\/2024\/04\/favicon.png","contentUrl":"https:\/\/www.casavio.com\/wp-content\/uploads\/2024\/04\/favicon.png","width":144,"height":144,"caption":"Camping Ca'Savio"},"image":{"@id":"https:\/\/www.casavio.com\/hu\/#\/schema\/logo\/image\/"},"sameAs":["https:\/\/www.facebook.com\/campingcasavio","https:\/\/www.instagram.com\/campingcasavio","https:\/\/www.youtube.com\/user\/campingcasavio"]}]}},"_links":{"self":[{"href":"https:\/\/www.casavio.com\/hu\/wp-json\/wp\/v2\/pages\/10129","targetHints":{"allow":["GET"]}}],"collection":[{"href":"https:\/\/www.casavio.com\/hu\/wp-json\/wp\/v2\/pages"}],"about":[{"href":"https:\/\/www.casavio.com\/hu\/wp-json\/wp\/v2\/types\/page"}],"author":[{"embeddable":true,"href":"https:\/\/www.casavio.com\/hu\/wp-json\/wp\/v2\/users\/3"}],"replies":[{"embeddable":true,"href":"https:\/\/www.casavio.com\/hu\/wp-json\/wp\/v2\/comments?post=10129"}],"version-history":[{"count":2,"href":"https:\/\/www.casavio.com\/hu\/wp-json\/wp\/v2\/pages\/10129\/revisions"}],"predecessor-version":[{"id":46044,"href":"https:\/\/www.casavio.com\/hu\/wp-json\/wp\/v2\/pages\/10129\/revisions\/46044"}],"up":[{"embeddable":true,"href":"https:\/\/www.casavio.com\/hu\/wp-json\/wp\/v2\/pages\/10126"}],"wp:featuredmedia":[{"embeddable":true,"href":"https:\/\/www.casavio.com\/hu\/wp-json\/wp\/v2\/media\/5343"}],"wp:attachment":[{"href":"https:\/\/www.casavio.com\/hu\/wp-json\/wp\/v2\/media?parent=10129"}],"curies":[{"name":"wp","href":"https:\/\/api.w.org\/{rel}","templated":true}]}}