{"id":10735,"date":"2019-11-07T10:51:15","date_gmt":"2019-11-07T09:51:15","guid":{"rendered":"https:\/\/www.casavio.com\/szolgaltatasok\/extra-szolgaltatasok\/noleggio-biciclette\/"},"modified":"2026-02-17T13:06:30","modified_gmt":"2026-02-17T12:06:30","slug":"kerekparok-kolcsonzese","status":"publish","type":"page","link":"https:\/\/www.casavio.com\/hu\/szolgaltatasok\/extra-szolgaltatasok\/kerekparok-kolcsonzese\/","title":{"rendered":"Ker\u00e9kp\u00e1rok k\u00f6lcs\u00f6nz\u00e9se"},"content":{"rendered":"<p><strong>Feln\u0151tt<\/strong>\u00a0\u00e9s\u00a0<strong>gyermek<\/strong>\u00a0<strong>ker\u00e9kp\u00e1rok<\/strong> (&#8222;Holland&#8221; m\u00e1rk\u00e1j\u00fa, k\u00fcl\u00f6nb\u00f6z\u0151 m\u00e9retekben) \u00e9s kiskocsik b\u00e9rl\u00e9s\u00e9re minden nap <strong>9:00 \u00e9s 13:00, 16:00 \u00e9s 18:45<\/strong> \u00f3ra k\u00f6z\u00f6tt van lehet\u0151s\u00e9g a k\u00f6lcs\u00f6nz\u0151ben (p\u00fcnk\u00f6sdt\u0151l szeptember k\u00f6zep\u00e9ig).<br \/>\nA minim\u00e1lis b\u00e9rleti id\u0151 24 \u00f3ra.<\/p>\n<p><strong>Feln\u0151tt\u00a0<\/strong><strong>ker\u00e9kp\u00e1rok b\u00e9rleti d\u00edja:<\/strong><\/p>\n<ul>\n<li>\u00a01 napra: 10 \u20ac<\/li>\n<li>\u00a02 napra: 17 \u20ac<\/li>\n<li>\u00a03 napra: 23 \u20ac<\/li>\n<li>\u00a07 napra: 36 \u20ac.<\/li>\n<\/ul>\n<p><strong>Gyermek\u00a0ker\u00e9kp\u00e1rok b\u00e9rleti d\u00edja<\/strong>\u00a0*<\/p>\n<ul>\n<li>\u00a01 napra: 9 \u20ac<\/li>\n<li>\u00a02 napra: 14 \u20ac<\/li>\n<li>\u00a03 napra: 17 \u20ac<\/li>\n<li>\u00a07 napra: 29 \u20ac.<\/li>\n<\/ul>\n<p>* Amennyiben rendelkez\u00e9sre \u00e1ll, lehet\u0151s\u00e9g van sisak \u00e9s ker\u00e9kp\u00e1rra szerelhet\u0151 gyermek\u00fcl\u00e9s ingyenes ig\u00e9nybev\u00e9tel\u00e9re.<\/p>\n<p><strong>Balance bike<\/strong>: 5 \u20ac naponta + 50 \u20ac kauci\u00f3.<\/p>\n<p><strong>F\u00e1b\u00f3l k\u00e9sz\u00fclt kiskocsi:<\/strong> 5 \u20ac naponta + 50 \u20ac kauci\u00f3.<br \/>\nHossza: 70 cm<br \/>\nM\u00e9rete: 850 x 550 x 530mm<br \/>\nL\u00e9gt\u00f6ml\u0151s gumikereke \u00d8 250 x 85 mm.<\/p>\n","protected":false},"excerpt":{"rendered":"<p>\u00cdme egy kis \u00fatmutat\u00f3 Ca\u2019 Savio k\u00f6rny\u00e9k\u00e9nek felfedez\u00e9s\u00e9hez a ter\u00fcletet beh\u00e1l\u00f3z\u00f3 ker\u00e9kp\u00e1r\u00fatvonalakon kereszt\u00fcl.<\/p>\n","protected":false},"author":3,"featured_media":14501,"parent":10126,"menu_order":3,"comment_status":"closed","ping_status":"closed","template":"","meta":{"_acf_changed":false},"class_list":["post-10735","page","type-page","status-publish","has-post-thumbnail","hentry"],"acf":[],"yoast_head":"<!-- This site is optimized with the Yoast SEO plugin v25.3 - https:\/\/yoast.com\/wordpress\/plugins\/seo\/ -->\n<title>Ker\u00e9kp\u00e1r k\u00f6lcs\u00f6nz\u00e9s Cavallino Treporti Kemping &#8211; Camping Ca&#039; Savio<\/title>\n<meta name=\"description\" content=\"Haszn\u00e1lja ki a Cavallino Treporti ker\u00e9kp\u00e1rk\u00f6lcs\u00f6nz\u0151 szolg\u00e1ltat\u00e1s\u00e1t, amelyet a Ca&#039; Savio kemping ny\u00fajt. K\u00e9nyelmesen \u00e9rje el a strandot, \u00e9s k\u00f6nnyed\u00e9n mozoghat a kempingben!\" \/>\n<meta name=\"robots\" content=\"index, follow, max-snippet:-1, max-image-preview:large, max-video-preview:-1\" \/>\n<link rel=\"canonical\" href=\"https:\/\/www.casavio.com\/hu\/szolgaltatasok\/extra-szolgaltatasok\/kerekparok-kolcsonzese\/\" \/>\n<meta property=\"og:locale\" content=\"hu_HU\" \/>\n<meta property=\"og:type\" content=\"article\" \/>\n<meta property=\"og:title\" content=\"Ker\u00e9kp\u00e1r k\u00f6lcs\u00f6nz\u00e9s Cavallino Treporti Kemping &#8211; Camping Ca&#039; Savio\" \/>\n<meta property=\"og:description\" content=\"Haszn\u00e1lja ki a Cavallino Treporti ker\u00e9kp\u00e1rk\u00f6lcs\u00f6nz\u0151 szolg\u00e1ltat\u00e1s\u00e1t, amelyet a Ca&#039; Savio kemping ny\u00fajt. K\u00e9nyelmesen \u00e9rje el a strandot, \u00e9s k\u00f6nnyed\u00e9n mozoghat a kempingben!\" \/>\n<meta property=\"og:url\" content=\"https:\/\/www.casavio.com\/hu\/szolgaltatasok\/extra-szolgaltatasok\/kerekparok-kolcsonzese\/\" \/>\n<meta property=\"og:site_name\" content=\"Camping Ca&#039; Savio\" \/>\n<meta property=\"article:publisher\" content=\"https:\/\/www.facebook.com\/campingcasavio\" \/>\n<meta property=\"article:modified_time\" content=\"2026-02-17T12:06:30+00:00\" \/>\n<meta property=\"og:image\" content=\"https:\/\/www.casavio.com\/wp-content\/uploads\/2020\/10\/ca-savio-noleggio-biciclette-1.jpg\" \/>\n\t<meta property=\"og:image:width\" content=\"440\" \/>\n\t<meta property=\"og:image:height\" content=\"600\" \/>\n\t<meta property=\"og:image:type\" content=\"image\/jpeg\" \/>\n<meta name=\"twitter:card\" content=\"summary_large_image\" \/>\n<meta name=\"twitter:label1\" content=\"Becs\u00fclt olvas\u00e1si id\u0151\" \/>\n\t<meta name=\"twitter:data1\" content=\"1 perc\" \/>\n<script type=\"application\/ld+json\" class=\"yoast-schema-graph\">{\"@context\":\"https:\/\/schema.org\",\"@graph\":[{\"@type\":\"WebPage\",\"@id\":\"https:\/\/www.casavio.com\/hu\/szolgaltatasok\/extra-szolgaltatasok\/kerekparok-kolcsonzese\/\",\"url\":\"https:\/\/www.casavio.com\/hu\/szolgaltatasok\/extra-szolgaltatasok\/kerekparok-kolcsonzese\/\",\"name\":\"Ker\u00e9kp\u00e1r k\u00f6lcs\u00f6nz\u00e9s Cavallino Treporti Kemping &#8211; Camping Ca&#039; Savio\",\"isPartOf\":{\"@id\":\"https:\/\/www.casavio.com\/hu\/#website\"},\"primaryImageOfPage\":{\"@id\":\"https:\/\/www.casavio.com\/hu\/szolgaltatasok\/extra-szolgaltatasok\/kerekparok-kolcsonzese\/#primaryimage\"},\"image\":{\"@id\":\"https:\/\/www.casavio.com\/hu\/szolgaltatasok\/extra-szolgaltatasok\/kerekparok-kolcsonzese\/#primaryimage\"},\"thumbnailUrl\":\"https:\/\/www.casavio.com\/wp-content\/uploads\/2020\/10\/ca-savio-noleggio-biciclette-1.jpg\",\"datePublished\":\"2019-11-07T09:51:15+00:00\",\"dateModified\":\"2026-02-17T12:06:30+00:00\",\"description\":\"Haszn\u00e1lja ki a Cavallino Treporti ker\u00e9kp\u00e1rk\u00f6lcs\u00f6nz\u0151 szolg\u00e1ltat\u00e1s\u00e1t, amelyet a Ca' Savio kemping ny\u00fajt. K\u00e9nyelmesen \u00e9rje el a strandot, \u00e9s k\u00f6nnyed\u00e9n mozoghat a kempingben!\",\"breadcrumb\":{\"@id\":\"https:\/\/www.casavio.com\/hu\/szolgaltatasok\/extra-szolgaltatasok\/kerekparok-kolcsonzese\/#breadcrumb\"},\"inLanguage\":\"hu\",\"potentialAction\":[{\"@type\":\"ReadAction\",\"target\":[\"https:\/\/www.casavio.com\/hu\/szolgaltatasok\/extra-szolgaltatasok\/kerekparok-kolcsonzese\/\"]}]},{\"@type\":\"ImageObject\",\"inLanguage\":\"hu\",\"@id\":\"https:\/\/www.casavio.com\/hu\/szolgaltatasok\/extra-szolgaltatasok\/kerekparok-kolcsonzese\/#primaryimage\",\"url\":\"https:\/\/www.casavio.com\/wp-content\/uploads\/2020\/10\/ca-savio-noleggio-biciclette-1.jpg\",\"contentUrl\":\"https:\/\/www.casavio.com\/wp-content\/uploads\/2020\/10\/ca-savio-noleggio-biciclette-1.jpg\",\"width\":440,\"height\":600},{\"@type\":\"BreadcrumbList\",\"@id\":\"https:\/\/www.casavio.com\/hu\/szolgaltatasok\/extra-szolgaltatasok\/kerekparok-kolcsonzese\/#breadcrumb\",\"itemListElement\":[{\"@type\":\"ListItem\",\"position\":1,\"name\":\"Home\",\"item\":\"https:\/\/www.casavio.com\/hu\/\"},{\"@type\":\"ListItem\",\"position\":2,\"name\":\"Szolg\u00e1ltat\u00e1sok\",\"item\":\"https:\/\/www.casavio.com\/hu\/szolgaltatasok\/\"},{\"@type\":\"ListItem\",\"position\":3,\"name\":\"Extra szolg\u00e1ltat\u00e1sok\",\"item\":\"https:\/\/www.casavio.com\/hu\/szolgaltatasok\/extra-szolgaltatasok\/\"},{\"@type\":\"ListItem\",\"position\":4,\"name\":\"Ker\u00e9kp\u00e1rok k\u00f6lcs\u00f6nz\u00e9se\"}]},{\"@type\":\"WebSite\",\"@id\":\"https:\/\/www.casavio.com\/hu\/#website\",\"url\":\"https:\/\/www.casavio.com\/hu\/\",\"name\":\"Camping Ca&#039; Savio\",\"description\":\"\",\"publisher\":{\"@id\":\"https:\/\/www.casavio.com\/hu\/#organization\"},\"potentialAction\":[{\"@type\":\"SearchAction\",\"target\":{\"@type\":\"EntryPoint\",\"urlTemplate\":\"https:\/\/www.casavio.com\/hu\/?s={search_term_string}\"},\"query-input\":{\"@type\":\"PropertyValueSpecification\",\"valueRequired\":true,\"valueName\":\"search_term_string\"}}],\"inLanguage\":\"hu\"},{\"@type\":\"Organization\",\"@id\":\"https:\/\/www.casavio.com\/hu\/#organization\",\"name\":\"Camping Ca'Savio\",\"url\":\"https:\/\/www.casavio.com\/hu\/\",\"logo\":{\"@type\":\"ImageObject\",\"inLanguage\":\"hu\",\"@id\":\"https:\/\/www.casavio.com\/hu\/#\/schema\/logo\/image\/\",\"url\":\"https:\/\/www.casavio.com\/wp-content\/uploads\/2024\/04\/favicon.png\",\"contentUrl\":\"https:\/\/www.casavio.com\/wp-content\/uploads\/2024\/04\/favicon.png\",\"width\":144,\"height\":144,\"caption\":\"Camping Ca'Savio\"},\"image\":{\"@id\":\"https:\/\/www.casavio.com\/hu\/#\/schema\/logo\/image\/\"},\"sameAs\":[\"https:\/\/www.facebook.com\/campingcasavio\",\"https:\/\/www.instagram.com\/campingcasavio\",\"https:\/\/www.youtube.com\/user\/campingcasavio\"]}]}<\/script>\n<!-- \/ Yoast SEO plugin. -->","yoast_head_json":{"title":"Ker\u00e9kp\u00e1r k\u00f6lcs\u00f6nz\u00e9s Cavallino Treporti Kemping &#8211; Camping Ca&#039; Savio","description":"Haszn\u00e1lja ki a Cavallino Treporti ker\u00e9kp\u00e1rk\u00f6lcs\u00f6nz\u0151 szolg\u00e1ltat\u00e1s\u00e1t, amelyet a Ca' Savio kemping ny\u00fajt. K\u00e9nyelmesen \u00e9rje el a strandot, \u00e9s k\u00f6nnyed\u00e9n mozoghat a kempingben!","robots":{"index":"index","follow":"follow","max-snippet":"max-snippet:-1","max-image-preview":"max-image-preview:large","max-video-preview":"max-video-preview:-1"},"canonical":"https:\/\/www.casavio.com\/hu\/szolgaltatasok\/extra-szolgaltatasok\/kerekparok-kolcsonzese\/","og_locale":"hu_HU","og_type":"article","og_title":"Ker\u00e9kp\u00e1r k\u00f6lcs\u00f6nz\u00e9s Cavallino Treporti Kemping &#8211; Camping Ca&#039; Savio","og_description":"Haszn\u00e1lja ki a Cavallino Treporti ker\u00e9kp\u00e1rk\u00f6lcs\u00f6nz\u0151 szolg\u00e1ltat\u00e1s\u00e1t, amelyet a Ca' Savio kemping ny\u00fajt. K\u00e9nyelmesen \u00e9rje el a strandot, \u00e9s k\u00f6nnyed\u00e9n mozoghat a kempingben!","og_url":"https:\/\/www.casavio.com\/hu\/szolgaltatasok\/extra-szolgaltatasok\/kerekparok-kolcsonzese\/","og_site_name":"Camping Ca&#039; Savio","article_publisher":"https:\/\/www.facebook.com\/campingcasavio","article_modified_time":"2026-02-17T12:06:30+00:00","og_image":[{"width":440,"height":600,"url":"https:\/\/www.casavio.com\/wp-content\/uploads\/2020\/10\/ca-savio-noleggio-biciclette-1.jpg","type":"image\/jpeg"}],"twitter_card":"summary_large_image","twitter_misc":{"Becs\u00fclt olvas\u00e1si id\u0151":"1 perc"},"schema":{"@context":"https:\/\/schema.org","@graph":[{"@type":"WebPage","@id":"https:\/\/www.casavio.com\/hu\/szolgaltatasok\/extra-szolgaltatasok\/kerekparok-kolcsonzese\/","url":"https:\/\/www.casavio.com\/hu\/szolgaltatasok\/extra-szolgaltatasok\/kerekparok-kolcsonzese\/","name":"Ker\u00e9kp\u00e1r k\u00f6lcs\u00f6nz\u00e9s Cavallino Treporti Kemping &#8211; Camping Ca&#039; Savio","isPartOf":{"@id":"https:\/\/www.casavio.com\/hu\/#website"},"primaryImageOfPage":{"@id":"https:\/\/www.casavio.com\/hu\/szolgaltatasok\/extra-szolgaltatasok\/kerekparok-kolcsonzese\/#primaryimage"},"image":{"@id":"https:\/\/www.casavio.com\/hu\/szolgaltatasok\/extra-szolgaltatasok\/kerekparok-kolcsonzese\/#primaryimage"},"thumbnailUrl":"https:\/\/www.casavio.com\/wp-content\/uploads\/2020\/10\/ca-savio-noleggio-biciclette-1.jpg","datePublished":"2019-11-07T09:51:15+00:00","dateModified":"2026-02-17T12:06:30+00:00","description":"Haszn\u00e1lja ki a Cavallino Treporti ker\u00e9kp\u00e1rk\u00f6lcs\u00f6nz\u0151 szolg\u00e1ltat\u00e1s\u00e1t, amelyet a Ca' Savio kemping ny\u00fajt. K\u00e9nyelmesen \u00e9rje el a strandot, \u00e9s k\u00f6nnyed\u00e9n mozoghat a kempingben!","breadcrumb":{"@id":"https:\/\/www.casavio.com\/hu\/szolgaltatasok\/extra-szolgaltatasok\/kerekparok-kolcsonzese\/#breadcrumb"},"inLanguage":"hu","potentialAction":[{"@type":"ReadAction","target":["https:\/\/www.casavio.com\/hu\/szolgaltatasok\/extra-szolgaltatasok\/kerekparok-kolcsonzese\/"]}]},{"@type":"ImageObject","inLanguage":"hu","@id":"https:\/\/www.casavio.com\/hu\/szolgaltatasok\/extra-szolgaltatasok\/kerekparok-kolcsonzese\/#primaryimage","url":"https:\/\/www.casavio.com\/wp-content\/uploads\/2020\/10\/ca-savio-noleggio-biciclette-1.jpg","contentUrl":"https:\/\/www.casavio.com\/wp-content\/uploads\/2020\/10\/ca-savio-noleggio-biciclette-1.jpg","width":440,"height":600},{"@type":"BreadcrumbList","@id":"https:\/\/www.casavio.com\/hu\/szolgaltatasok\/extra-szolgaltatasok\/kerekparok-kolcsonzese\/#breadcrumb","itemListElement":[{"@type":"ListItem","position":1,"name":"Home","item":"https:\/\/www.casavio.com\/hu\/"},{"@type":"ListItem","position":2,"name":"Szolg\u00e1ltat\u00e1sok","item":"https:\/\/www.casavio.com\/hu\/szolgaltatasok\/"},{"@type":"ListItem","position":3,"name":"Extra szolg\u00e1ltat\u00e1sok","item":"https:\/\/www.casavio.com\/hu\/szolgaltatasok\/extra-szolgaltatasok\/"},{"@type":"ListItem","position":4,"name":"Ker\u00e9kp\u00e1rok k\u00f6lcs\u00f6nz\u00e9se"}]},{"@type":"WebSite","@id":"https:\/\/www.casavio.com\/hu\/#website","url":"https:\/\/www.casavio.com\/hu\/","name":"Camping Ca&#039; Savio","description":"","publisher":{"@id":"https:\/\/www.casavio.com\/hu\/#organization"},"potentialAction":[{"@type":"SearchAction","target":{"@type":"EntryPoint","urlTemplate":"https:\/\/www.casavio.com\/hu\/?s={search_term_string}"},"query-input":{"@type":"PropertyValueSpecification","valueRequired":true,"valueName":"search_term_string"}}],"inLanguage":"hu"},{"@type":"Organization","@id":"https:\/\/www.casavio.com\/hu\/#organization","name":"Camping Ca'Savio","url":"https:\/\/www.casavio.com\/hu\/","logo":{"@type":"ImageObject","inLanguage":"hu","@id":"https:\/\/www.casavio.com\/hu\/#\/schema\/logo\/image\/","url":"https:\/\/www.casavio.com\/wp-content\/uploads\/2024\/04\/favicon.png","contentUrl":"https:\/\/www.casavio.com\/wp-content\/uploads\/2024\/04\/favicon.png","width":144,"height":144,"caption":"Camping Ca'Savio"},"image":{"@id":"https:\/\/www.casavio.com\/hu\/#\/schema\/logo\/image\/"},"sameAs":["https:\/\/www.facebook.com\/campingcasavio","https:\/\/www.instagram.com\/campingcasavio","https:\/\/www.youtube.com\/user\/campingcasavio"]}]}},"_links":{"self":[{"href":"https:\/\/www.casavio.com\/hu\/wp-json\/wp\/v2\/pages\/10735","targetHints":{"allow":["GET"]}}],"collection":[{"href":"https:\/\/www.casavio.com\/hu\/wp-json\/wp\/v2\/pages"}],"about":[{"href":"https:\/\/www.casavio.com\/hu\/wp-json\/wp\/v2\/types\/page"}],"author":[{"embeddable":true,"href":"https:\/\/www.casavio.com\/hu\/wp-json\/wp\/v2\/users\/3"}],"replies":[{"embeddable":true,"href":"https:\/\/www.casavio.com\/hu\/wp-json\/wp\/v2\/comments?post=10735"}],"version-history":[{"count":2,"href":"https:\/\/www.casavio.com\/hu\/wp-json\/wp\/v2\/pages\/10735\/revisions"}],"predecessor-version":[{"id":46045,"href":"https:\/\/www.casavio.com\/hu\/wp-json\/wp\/v2\/pages\/10735\/revisions\/46045"}],"up":[{"embeddable":true,"href":"https:\/\/www.casavio.com\/hu\/wp-json\/wp\/v2\/pages\/10126"}],"wp:featuredmedia":[{"embeddable":true,"href":"https:\/\/www.casavio.com\/hu\/wp-json\/wp\/v2\/media\/14501"}],"wp:attachment":[{"href":"https:\/\/www.casavio.com\/hu\/wp-json\/wp\/v2\/media?parent=10735"}],"curies":[{"name":"wp","href":"https:\/\/api.w.org\/{rel}","templated":true}]}}