{"id":10744,"date":"2019-11-07T10:52:15","date_gmt":"2019-11-07T09:52:15","guid":{"rendered":"https:\/\/www.casavio.com\/szolgaltatasok\/extra-szolgaltatasok\/noleggio-lenzuola-asciugamani\/"},"modified":"2025-01-31T10:39:05","modified_gmt":"2025-01-31T09:39:05","slug":"torolkozo-es-lepedo-kolcsonzes","status":"publish","type":"page","link":"https:\/\/www.casavio.com\/hu\/szolgaltatasok\/extra-szolgaltatasok\/torolkozo-es-lepedo-kolcsonzes\/","title":{"rendered":"T\u00f6r\u00f6lk\u00f6z\u0151 \u00e9s leped\u0151 k\u00f6lcs\u00f6nz\u00e9s"},"content":{"rendered":"<p>Ne gondolj arra, hogy nincs el\u00e9g hely az aut\u00f3dban vagy k\u00f6nny\u00edts a csomagjaidon \u00e9s el\u0151re foglald le a leped\u0151ket \u00e9s t\u00f6r\u00fclk\u00f6z\u0151ket\u00a0 az eg\u00e9sz csal\u00e1d sz\u00e1m\u00e1ra. \u00c9rkez\u00e9skor a sz\u00e1ll\u00e1son fog v\u00e1rni a leped\u0151 \u00e9s t\u00f6r\u00fclk\u00f6z\u0151 k\u00e9szlet \u00e9s a haszn\u00e1ltakat a szem\u00e9lyzet gy\u0171jti \u00f6ssze a nyaral\u00e1s v\u00e9gi takar\u00edt\u00e1skor.<\/p>\n<ul>\n<li><strong>Francia\u00e1gy k\u00e9szlet <\/strong>(22,00 euro): 2 francia\u00e1gyra val\u00f3 leped\u0151, 2 v\u00e1nkoshuzat \u00e9s 2 zuhany t\u00f6r\u00fclk\u00f6z\u0151<\/li>\n<li><strong>Egy szem\u00e9lyes k\u00e9szlet <\/strong>(16,00 euro): 2 egy szem\u00e9lyes leped\u0151, 2 v\u00e1nkoshuzat \u00e9s 1 zuhany t\u00f6r\u00fclk\u00f6z\u0151<\/li>\n<li><strong>Plusz<\/strong> zuhany <strong>t\u00f6r\u00fclk\u00f6z\u0151<\/strong> (5,00 euro).<\/li>\n<\/ul>\n<p>A t\u00f6r\u00fclk\u00f6z\u0151 \u00e9s leped\u0151 k\u00e9szleteket lehet\u0151s\u00e9g szerint <a href=\"https:\/\/booking.casavio.com\/search\" target=\"_blank\" rel=\"noopener noreferrer\"><strong>foglal\u00e1skor kell ig\u00e9nyelni<\/strong><\/a> vagy azt k\u00f6vet\u0151en (az \u00e9rkez\u00e9s el\u0151tt legal\u00e1bb 1 h\u00e9ttel) az al\u00e1bbi <a href=\"https:\/\/booking.casavio.com\/contact\" target=\"_blank\" rel=\"noopener noreferrer\">\u0171rlapon<\/a>.<\/p>\n<p>A kemping recepci\u00f3j\u00e1n ingyenesen lehet <strong>takar\u00f3kat<\/strong> k\u00e9rni. Mivel nem mindig tudjuk garant\u00e1lni a sz\u00fcks\u00e9ges sz\u00e1m\u00fa takar\u00f3t, javasoljuk, hogy hozzon mag\u00e1val saj\u00e1t takar\u00f3t, k\u00fcl\u00f6n\u00f6sen, ha \u00e1prilisban, m\u00e1jusban \u00e9s szeptemberben tart\u00f3zkodik, vagy kisgyermekkel utazik.<\/p>\n<p>Ezek a szolg\u00e1ltat\u00e1sok csak a k\u00f6zvetlen vend\u00e9gek sz\u00e1m\u00e1ra \u00e1llnak rendelkez\u00e9sre \u00e9s az utaz\u00e1si irod\u00e1kon, tour operatoron vagy m\u00e1s k\u00f6zvet\u00edt\u0151k\u00f6n kereszt\u00fcli foglal\u00e1sokhoz nem vehet\u0151k ig\u00e9nybe.<\/p>\n","protected":false},"excerpt":{"rendered":"<p>Leped\u0151k franci\u00e1gyhoz, egy szem\u00e9lyes \u00e1gyhoz, tengerparti \u00e9s f\u00fcrd\u0151szobai t\u00f6r\u00fclk\u00f6z\u0151 k\u00e9szlet.<br \/>\nA szolg\u00e1ltat\u00e1st foglal\u00e1skor vagy az \u00e9rkez\u00e9s el\u0151tt legal\u00e1bb egy h\u00e9ttel kell ig\u00e9nyelni.<\/p>\n","protected":false},"author":3,"featured_media":3131,"parent":10126,"menu_order":1,"comment_status":"closed","ping_status":"closed","template":"","meta":{"_acf_changed":false},"class_list":["post-10744","page","type-page","status-publish","has-post-thumbnail","hentry"],"acf":[],"yoast_head":"<!-- This site is optimized with the Yoast SEO plugin v25.3 - https:\/\/yoast.com\/wordpress\/plugins\/seo\/ -->\n<title>Leped\u0151 \u00e9s t\u00f6r\u00fclk\u00f6z\u0151 k\u00f6lcs\u00f6nz\u00e9s &#8211; Camping Ca&#039; Savio<\/title>\n<meta name=\"description\" content=\"A Cavallino Treportiben t\u00f6lt\u00f6tt nyaral\u00e1sa sor\u00e1n a Ca&#039;Savio kemping biztos\u00edtja az \u00e1gynem\u0171k k\u00f6lcs\u00f6nz\u00e9s\u00e9t. Tudja meg a r\u00e9szleteket.\" \/>\n<meta name=\"robots\" content=\"index, follow, max-snippet:-1, max-image-preview:large, max-video-preview:-1\" \/>\n<link rel=\"canonical\" href=\"https:\/\/www.casavio.com\/hu\/szolgaltatasok\/extra-szolgaltatasok\/torolkozo-es-lepedo-kolcsonzes\/\" \/>\n<meta property=\"og:locale\" content=\"hu_HU\" \/>\n<meta property=\"og:type\" content=\"article\" \/>\n<meta property=\"og:title\" content=\"Leped\u0151 \u00e9s t\u00f6r\u00fclk\u00f6z\u0151 k\u00f6lcs\u00f6nz\u00e9s &#8211; Camping Ca&#039; Savio\" \/>\n<meta property=\"og:description\" content=\"A Cavallino Treportiben t\u00f6lt\u00f6tt nyaral\u00e1sa sor\u00e1n a Ca&#039;Savio kemping biztos\u00edtja az \u00e1gynem\u0171k k\u00f6lcs\u00f6nz\u00e9s\u00e9t. Tudja meg a r\u00e9szleteket.\" \/>\n<meta property=\"og:url\" content=\"https:\/\/www.casavio.com\/hu\/szolgaltatasok\/extra-szolgaltatasok\/torolkozo-es-lepedo-kolcsonzes\/\" \/>\n<meta property=\"og:site_name\" content=\"Camping Ca&#039; Savio\" \/>\n<meta property=\"article:publisher\" content=\"https:\/\/www.facebook.com\/campingcasavio\" \/>\n<meta property=\"article:modified_time\" content=\"2025-01-31T09:39:05+00:00\" \/>\n<meta property=\"og:image\" content=\"https:\/\/www.casavio.com\/wp-content\/uploads\/2019\/11\/ca-savio-noleggio-lenzuola.jpg\" \/>\n\t<meta property=\"og:image:width\" content=\"440\" \/>\n\t<meta property=\"og:image:height\" content=\"600\" \/>\n\t<meta property=\"og:image:type\" content=\"image\/jpeg\" \/>\n<meta name=\"twitter:card\" content=\"summary_large_image\" \/>\n<meta name=\"twitter:label1\" content=\"Becs\u00fclt olvas\u00e1si id\u0151\" \/>\n\t<meta name=\"twitter:data1\" content=\"2 perc\" \/>\n<script type=\"application\/ld+json\" class=\"yoast-schema-graph\">{\"@context\":\"https:\/\/schema.org\",\"@graph\":[{\"@type\":\"WebPage\",\"@id\":\"https:\/\/www.casavio.com\/hu\/szolgaltatasok\/extra-szolgaltatasok\/torolkozo-es-lepedo-kolcsonzes\/\",\"url\":\"https:\/\/www.casavio.com\/hu\/szolgaltatasok\/extra-szolgaltatasok\/torolkozo-es-lepedo-kolcsonzes\/\",\"name\":\"Leped\u0151 \u00e9s t\u00f6r\u00fclk\u00f6z\u0151 k\u00f6lcs\u00f6nz\u00e9s &#8211; Camping Ca&#039; Savio\",\"isPartOf\":{\"@id\":\"https:\/\/www.casavio.com\/hu\/#website\"},\"primaryImageOfPage\":{\"@id\":\"https:\/\/www.casavio.com\/hu\/szolgaltatasok\/extra-szolgaltatasok\/torolkozo-es-lepedo-kolcsonzes\/#primaryimage\"},\"image\":{\"@id\":\"https:\/\/www.casavio.com\/hu\/szolgaltatasok\/extra-szolgaltatasok\/torolkozo-es-lepedo-kolcsonzes\/#primaryimage\"},\"thumbnailUrl\":\"https:\/\/www.casavio.com\/wp-content\/uploads\/2019\/11\/ca-savio-noleggio-lenzuola.jpg\",\"datePublished\":\"2019-11-07T09:52:15+00:00\",\"dateModified\":\"2025-01-31T09:39:05+00:00\",\"description\":\"A Cavallino Treportiben t\u00f6lt\u00f6tt nyaral\u00e1sa sor\u00e1n a Ca'Savio kemping biztos\u00edtja az \u00e1gynem\u0171k k\u00f6lcs\u00f6nz\u00e9s\u00e9t. Tudja meg a r\u00e9szleteket.\",\"breadcrumb\":{\"@id\":\"https:\/\/www.casavio.com\/hu\/szolgaltatasok\/extra-szolgaltatasok\/torolkozo-es-lepedo-kolcsonzes\/#breadcrumb\"},\"inLanguage\":\"hu\",\"potentialAction\":[{\"@type\":\"ReadAction\",\"target\":[\"https:\/\/www.casavio.com\/hu\/szolgaltatasok\/extra-szolgaltatasok\/torolkozo-es-lepedo-kolcsonzes\/\"]}]},{\"@type\":\"ImageObject\",\"inLanguage\":\"hu\",\"@id\":\"https:\/\/www.casavio.com\/hu\/szolgaltatasok\/extra-szolgaltatasok\/torolkozo-es-lepedo-kolcsonzes\/#primaryimage\",\"url\":\"https:\/\/www.casavio.com\/wp-content\/uploads\/2019\/11\/ca-savio-noleggio-lenzuola.jpg\",\"contentUrl\":\"https:\/\/www.casavio.com\/wp-content\/uploads\/2019\/11\/ca-savio-noleggio-lenzuola.jpg\",\"width\":440,\"height\":600},{\"@type\":\"BreadcrumbList\",\"@id\":\"https:\/\/www.casavio.com\/hu\/szolgaltatasok\/extra-szolgaltatasok\/torolkozo-es-lepedo-kolcsonzes\/#breadcrumb\",\"itemListElement\":[{\"@type\":\"ListItem\",\"position\":1,\"name\":\"Home\",\"item\":\"https:\/\/www.casavio.com\/hu\/\"},{\"@type\":\"ListItem\",\"position\":2,\"name\":\"Szolg\u00e1ltat\u00e1sok\",\"item\":\"https:\/\/www.casavio.com\/hu\/szolgaltatasok\/\"},{\"@type\":\"ListItem\",\"position\":3,\"name\":\"Extra szolg\u00e1ltat\u00e1sok\",\"item\":\"https:\/\/www.casavio.com\/hu\/szolgaltatasok\/extra-szolgaltatasok\/\"},{\"@type\":\"ListItem\",\"position\":4,\"name\":\"T\u00f6r\u00f6lk\u00f6z\u0151 \u00e9s leped\u0151 k\u00f6lcs\u00f6nz\u00e9s\"}]},{\"@type\":\"WebSite\",\"@id\":\"https:\/\/www.casavio.com\/hu\/#website\",\"url\":\"https:\/\/www.casavio.com\/hu\/\",\"name\":\"Camping Ca&#039; Savio\",\"description\":\"\",\"publisher\":{\"@id\":\"https:\/\/www.casavio.com\/hu\/#organization\"},\"potentialAction\":[{\"@type\":\"SearchAction\",\"target\":{\"@type\":\"EntryPoint\",\"urlTemplate\":\"https:\/\/www.casavio.com\/hu\/?s={search_term_string}\"},\"query-input\":{\"@type\":\"PropertyValueSpecification\",\"valueRequired\":true,\"valueName\":\"search_term_string\"}}],\"inLanguage\":\"hu\"},{\"@type\":\"Organization\",\"@id\":\"https:\/\/www.casavio.com\/hu\/#organization\",\"name\":\"Camping Ca'Savio\",\"url\":\"https:\/\/www.casavio.com\/hu\/\",\"logo\":{\"@type\":\"ImageObject\",\"inLanguage\":\"hu\",\"@id\":\"https:\/\/www.casavio.com\/hu\/#\/schema\/logo\/image\/\",\"url\":\"https:\/\/www.casavio.com\/wp-content\/uploads\/2024\/04\/favicon.png\",\"contentUrl\":\"https:\/\/www.casavio.com\/wp-content\/uploads\/2024\/04\/favicon.png\",\"width\":144,\"height\":144,\"caption\":\"Camping Ca'Savio\"},\"image\":{\"@id\":\"https:\/\/www.casavio.com\/hu\/#\/schema\/logo\/image\/\"},\"sameAs\":[\"https:\/\/www.facebook.com\/campingcasavio\",\"https:\/\/www.instagram.com\/campingcasavio\",\"https:\/\/www.youtube.com\/user\/campingcasavio\"]}]}<\/script>\n<!-- \/ Yoast SEO plugin. -->","yoast_head_json":{"title":"Leped\u0151 \u00e9s t\u00f6r\u00fclk\u00f6z\u0151 k\u00f6lcs\u00f6nz\u00e9s &#8211; Camping Ca&#039; Savio","description":"A Cavallino Treportiben t\u00f6lt\u00f6tt nyaral\u00e1sa sor\u00e1n a Ca'Savio kemping biztos\u00edtja az \u00e1gynem\u0171k k\u00f6lcs\u00f6nz\u00e9s\u00e9t. Tudja meg a r\u00e9szleteket.","robots":{"index":"index","follow":"follow","max-snippet":"max-snippet:-1","max-image-preview":"max-image-preview:large","max-video-preview":"max-video-preview:-1"},"canonical":"https:\/\/www.casavio.com\/hu\/szolgaltatasok\/extra-szolgaltatasok\/torolkozo-es-lepedo-kolcsonzes\/","og_locale":"hu_HU","og_type":"article","og_title":"Leped\u0151 \u00e9s t\u00f6r\u00fclk\u00f6z\u0151 k\u00f6lcs\u00f6nz\u00e9s &#8211; Camping Ca&#039; Savio","og_description":"A Cavallino Treportiben t\u00f6lt\u00f6tt nyaral\u00e1sa sor\u00e1n a Ca'Savio kemping biztos\u00edtja az \u00e1gynem\u0171k k\u00f6lcs\u00f6nz\u00e9s\u00e9t. Tudja meg a r\u00e9szleteket.","og_url":"https:\/\/www.casavio.com\/hu\/szolgaltatasok\/extra-szolgaltatasok\/torolkozo-es-lepedo-kolcsonzes\/","og_site_name":"Camping Ca&#039; Savio","article_publisher":"https:\/\/www.facebook.com\/campingcasavio","article_modified_time":"2025-01-31T09:39:05+00:00","og_image":[{"width":440,"height":600,"url":"https:\/\/www.casavio.com\/wp-content\/uploads\/2019\/11\/ca-savio-noleggio-lenzuola.jpg","type":"image\/jpeg"}],"twitter_card":"summary_large_image","twitter_misc":{"Becs\u00fclt olvas\u00e1si id\u0151":"2 perc"},"schema":{"@context":"https:\/\/schema.org","@graph":[{"@type":"WebPage","@id":"https:\/\/www.casavio.com\/hu\/szolgaltatasok\/extra-szolgaltatasok\/torolkozo-es-lepedo-kolcsonzes\/","url":"https:\/\/www.casavio.com\/hu\/szolgaltatasok\/extra-szolgaltatasok\/torolkozo-es-lepedo-kolcsonzes\/","name":"Leped\u0151 \u00e9s t\u00f6r\u00fclk\u00f6z\u0151 k\u00f6lcs\u00f6nz\u00e9s &#8211; Camping Ca&#039; Savio","isPartOf":{"@id":"https:\/\/www.casavio.com\/hu\/#website"},"primaryImageOfPage":{"@id":"https:\/\/www.casavio.com\/hu\/szolgaltatasok\/extra-szolgaltatasok\/torolkozo-es-lepedo-kolcsonzes\/#primaryimage"},"image":{"@id":"https:\/\/www.casavio.com\/hu\/szolgaltatasok\/extra-szolgaltatasok\/torolkozo-es-lepedo-kolcsonzes\/#primaryimage"},"thumbnailUrl":"https:\/\/www.casavio.com\/wp-content\/uploads\/2019\/11\/ca-savio-noleggio-lenzuola.jpg","datePublished":"2019-11-07T09:52:15+00:00","dateModified":"2025-01-31T09:39:05+00:00","description":"A Cavallino Treportiben t\u00f6lt\u00f6tt nyaral\u00e1sa sor\u00e1n a Ca'Savio kemping biztos\u00edtja az \u00e1gynem\u0171k k\u00f6lcs\u00f6nz\u00e9s\u00e9t. Tudja meg a r\u00e9szleteket.","breadcrumb":{"@id":"https:\/\/www.casavio.com\/hu\/szolgaltatasok\/extra-szolgaltatasok\/torolkozo-es-lepedo-kolcsonzes\/#breadcrumb"},"inLanguage":"hu","potentialAction":[{"@type":"ReadAction","target":["https:\/\/www.casavio.com\/hu\/szolgaltatasok\/extra-szolgaltatasok\/torolkozo-es-lepedo-kolcsonzes\/"]}]},{"@type":"ImageObject","inLanguage":"hu","@id":"https:\/\/www.casavio.com\/hu\/szolgaltatasok\/extra-szolgaltatasok\/torolkozo-es-lepedo-kolcsonzes\/#primaryimage","url":"https:\/\/www.casavio.com\/wp-content\/uploads\/2019\/11\/ca-savio-noleggio-lenzuola.jpg","contentUrl":"https:\/\/www.casavio.com\/wp-content\/uploads\/2019\/11\/ca-savio-noleggio-lenzuola.jpg","width":440,"height":600},{"@type":"BreadcrumbList","@id":"https:\/\/www.casavio.com\/hu\/szolgaltatasok\/extra-szolgaltatasok\/torolkozo-es-lepedo-kolcsonzes\/#breadcrumb","itemListElement":[{"@type":"ListItem","position":1,"name":"Home","item":"https:\/\/www.casavio.com\/hu\/"},{"@type":"ListItem","position":2,"name":"Szolg\u00e1ltat\u00e1sok","item":"https:\/\/www.casavio.com\/hu\/szolgaltatasok\/"},{"@type":"ListItem","position":3,"name":"Extra szolg\u00e1ltat\u00e1sok","item":"https:\/\/www.casavio.com\/hu\/szolgaltatasok\/extra-szolgaltatasok\/"},{"@type":"ListItem","position":4,"name":"T\u00f6r\u00f6lk\u00f6z\u0151 \u00e9s leped\u0151 k\u00f6lcs\u00f6nz\u00e9s"}]},{"@type":"WebSite","@id":"https:\/\/www.casavio.com\/hu\/#website","url":"https:\/\/www.casavio.com\/hu\/","name":"Camping Ca&#039; Savio","description":"","publisher":{"@id":"https:\/\/www.casavio.com\/hu\/#organization"},"potentialAction":[{"@type":"SearchAction","target":{"@type":"EntryPoint","urlTemplate":"https:\/\/www.casavio.com\/hu\/?s={search_term_string}"},"query-input":{"@type":"PropertyValueSpecification","valueRequired":true,"valueName":"search_term_string"}}],"inLanguage":"hu"},{"@type":"Organization","@id":"https:\/\/www.casavio.com\/hu\/#organization","name":"Camping Ca'Savio","url":"https:\/\/www.casavio.com\/hu\/","logo":{"@type":"ImageObject","inLanguage":"hu","@id":"https:\/\/www.casavio.com\/hu\/#\/schema\/logo\/image\/","url":"https:\/\/www.casavio.com\/wp-content\/uploads\/2024\/04\/favicon.png","contentUrl":"https:\/\/www.casavio.com\/wp-content\/uploads\/2024\/04\/favicon.png","width":144,"height":144,"caption":"Camping Ca'Savio"},"image":{"@id":"https:\/\/www.casavio.com\/hu\/#\/schema\/logo\/image\/"},"sameAs":["https:\/\/www.facebook.com\/campingcasavio","https:\/\/www.instagram.com\/campingcasavio","https:\/\/www.youtube.com\/user\/campingcasavio"]}]}},"_links":{"self":[{"href":"https:\/\/www.casavio.com\/hu\/wp-json\/wp\/v2\/pages\/10744","targetHints":{"allow":["GET"]}}],"collection":[{"href":"https:\/\/www.casavio.com\/hu\/wp-json\/wp\/v2\/pages"}],"about":[{"href":"https:\/\/www.casavio.com\/hu\/wp-json\/wp\/v2\/types\/page"}],"author":[{"embeddable":true,"href":"https:\/\/www.casavio.com\/hu\/wp-json\/wp\/v2\/users\/3"}],"replies":[{"embeddable":true,"href":"https:\/\/www.casavio.com\/hu\/wp-json\/wp\/v2\/comments?post=10744"}],"version-history":[{"count":2,"href":"https:\/\/www.casavio.com\/hu\/wp-json\/wp\/v2\/pages\/10744\/revisions"}],"predecessor-version":[{"id":27099,"href":"https:\/\/www.casavio.com\/hu\/wp-json\/wp\/v2\/pages\/10744\/revisions\/27099"}],"up":[{"embeddable":true,"href":"https:\/\/www.casavio.com\/hu\/wp-json\/wp\/v2\/pages\/10126"}],"wp:featuredmedia":[{"embeddable":true,"href":"https:\/\/www.casavio.com\/hu\/wp-json\/wp\/v2\/media\/3131"}],"wp:attachment":[{"href":"https:\/\/www.casavio.com\/hu\/wp-json\/wp\/v2\/media?parent=10744"}],"curies":[{"name":"wp","href":"https:\/\/api.w.org\/{rel}","templated":true}]}}