{"id":10751,"date":"2019-11-07T10:52:44","date_gmt":"2019-11-07T09:52:44","guid":{"rendered":"https:\/\/www.casavio.com\/szolgaltatasok\/extra-szolgaltatasok\/noleggio-lettini-e-seggioloni\/"},"modified":"2020-10-16T10:24:11","modified_gmt":"2020-10-16T08:24:11","slug":"gyerekagy-es-etetoszek-kolcsonzes","status":"publish","type":"page","link":"https:\/\/www.casavio.com\/hu\/szolgaltatasok\/extra-szolgaltatasok\/gyerekagy-es-etetoszek-kolcsonzes\/","title":{"rendered":"Gyerek\u00e1gy \u00e9s etet\u0151sz\u00e9k k\u00f6lcs\u00f6nz\u00e9s"},"content":{"rendered":"<p>Tudjuk, hogy aki kisgyerekkel utazik, annak gyakran hatalmas csomagjai vannak.<\/p>\n<p>Ez\u00e9rt egy olyan szolg\u00e1ltat\u00e1st gondoltunk ki, mely megk\u00f6nny\u00edti a nyaral\u00e1s megszervez\u00e9s\u00e9t: gyerek\u00e1gy, \u00e1gyr\u00e1cs \u00e9s etet\u0151sz\u00e9k k\u00f6lcs\u00f6nz\u00e9s.<\/p>\n<ul>\n<li>1\u00a0<strong>kis\u00e1gy\u00a0*:\u00a0<\/strong>2,00 \u20ac \u00e9jszaka<\/li>\n<li>1\u00a0<strong>etet\u0151sz\u00e9k<\/strong>: 2,00 \u20ac \u00e9jszaka<\/li>\n<li>1\u00a0<strong>bed rail<\/strong>: 1,00 \u20ac \u00e9jszaka.<\/li>\n<\/ul>\n<p>A szolg\u00e1ltat\u00e1st <a href=\"https:\/\/booking.casavio.com\/search\" target=\"_blank\" rel=\"noopener noreferrer\">foglal\u00e1skor<\/a> vagy azt k\u00f6vet\u0151en lehet ig\u00e9nyelni az <a href=\"https:\/\/booking.casavio.com\/contact\" target=\"_blank\" rel=\"noopener noreferrer\"><u>al\u00e1bbi linken<\/u><\/a>.<strong>\u00a0<\/strong><\/p>\n<p>* \u00c1gym\u00e9ret: 125 cm x 65 cm x 80 cm (h).<br \/>\nMatrac vastags\u00e1g: 4 cm.<br \/>\nA szolg\u00e1ltat\u00e1s nem tartalmazza a p\u00e1rn\u00e1k \u00e9s leped\u0151 megl\u00e9t\u00e9t.<\/p>\n","protected":false},"excerpt":{"rendered":"<p>A kis gyermekekkel utaz\u00f3 csal\u00e1dok sz\u00e1m\u00e1ra etet\u0151sz\u00e9keket, kemping\u00e1gyakat \u00e9s \u00e1gyr\u00e1csokat bocs\u00e1tunk rendelkez\u00e9sre.<br \/>\nA k\u00f6lcs\u00f6nz\u00e9si ig\u00e9nyt foglal\u00e1skor kell jelezni.<\/p>\n","protected":false},"author":3,"featured_media":3157,"parent":10126,"menu_order":2,"comment_status":"closed","ping_status":"closed","template":"","meta":{"_acf_changed":false},"class_list":["post-10751","page","type-page","status-publish","has-post-thumbnail","hentry"],"acf":[],"yoast_head":"<!-- This site is optimized with the Yoast SEO plugin v25.3 - https:\/\/yoast.com\/wordpress\/plugins\/seo\/ -->\n<title>Gyerek\u00e1gy \u00e9s etet\u0151sz\u00e9k k\u00f6lcs\u00f6nz\u00e9s &#8211; Camping Ca&#039; Savio<\/title>\n<meta name=\"description\" content=\"T\u00f6lts\u00f6n el egy b\u00e9k\u00e9s nyaral\u00e1st gyermekeivel. A Ca&#039; Savio kempingben gyermek\u00e1gy \u00e9s etet\u0151sz\u00e9k b\u00e9relhet\u0151. Ker\u00fclje a terjedelmes s\u00falyok hord\u00e1s\u00e1t!\" \/>\n<meta name=\"robots\" content=\"index, follow, max-snippet:-1, max-image-preview:large, max-video-preview:-1\" \/>\n<link rel=\"canonical\" href=\"https:\/\/www.casavio.com\/hu\/szolgaltatasok\/extra-szolgaltatasok\/gyerekagy-es-etetoszek-kolcsonzes\/\" \/>\n<meta property=\"og:locale\" content=\"hu_HU\" \/>\n<meta property=\"og:type\" content=\"article\" \/>\n<meta property=\"og:title\" content=\"Gyerek\u00e1gy \u00e9s etet\u0151sz\u00e9k k\u00f6lcs\u00f6nz\u00e9s &#8211; Camping Ca&#039; Savio\" \/>\n<meta property=\"og:description\" content=\"T\u00f6lts\u00f6n el egy b\u00e9k\u00e9s nyaral\u00e1st gyermekeivel. A Ca&#039; Savio kempingben gyermek\u00e1gy \u00e9s etet\u0151sz\u00e9k b\u00e9relhet\u0151. Ker\u00fclje a terjedelmes s\u00falyok hord\u00e1s\u00e1t!\" \/>\n<meta property=\"og:url\" content=\"https:\/\/www.casavio.com\/hu\/szolgaltatasok\/extra-szolgaltatasok\/gyerekagy-es-etetoszek-kolcsonzes\/\" \/>\n<meta property=\"og:site_name\" content=\"Camping Ca&#039; Savio\" \/>\n<meta property=\"article:publisher\" content=\"https:\/\/www.facebook.com\/campingcasavio\" \/>\n<meta property=\"article:modified_time\" content=\"2020-10-16T08:24:11+00:00\" \/>\n<meta property=\"og:image\" content=\"https:\/\/www.casavio.com\/wp-content\/uploads\/2019\/11\/ca-savio-noleggio-lettini.jpg\" \/>\n\t<meta property=\"og:image:width\" content=\"440\" \/>\n\t<meta property=\"og:image:height\" content=\"600\" \/>\n\t<meta property=\"og:image:type\" content=\"image\/jpeg\" \/>\n<meta name=\"twitter:card\" content=\"summary_large_image\" \/>\n<script type=\"application\/ld+json\" class=\"yoast-schema-graph\">{\"@context\":\"https:\/\/schema.org\",\"@graph\":[{\"@type\":\"WebPage\",\"@id\":\"https:\/\/www.casavio.com\/hu\/szolgaltatasok\/extra-szolgaltatasok\/gyerekagy-es-etetoszek-kolcsonzes\/\",\"url\":\"https:\/\/www.casavio.com\/hu\/szolgaltatasok\/extra-szolgaltatasok\/gyerekagy-es-etetoszek-kolcsonzes\/\",\"name\":\"Gyerek\u00e1gy \u00e9s etet\u0151sz\u00e9k k\u00f6lcs\u00f6nz\u00e9s &#8211; Camping Ca&#039; Savio\",\"isPartOf\":{\"@id\":\"https:\/\/www.casavio.com\/hu\/#website\"},\"primaryImageOfPage\":{\"@id\":\"https:\/\/www.casavio.com\/hu\/szolgaltatasok\/extra-szolgaltatasok\/gyerekagy-es-etetoszek-kolcsonzes\/#primaryimage\"},\"image\":{\"@id\":\"https:\/\/www.casavio.com\/hu\/szolgaltatasok\/extra-szolgaltatasok\/gyerekagy-es-etetoszek-kolcsonzes\/#primaryimage\"},\"thumbnailUrl\":\"https:\/\/www.casavio.com\/wp-content\/uploads\/2019\/11\/ca-savio-noleggio-lettini.jpg\",\"datePublished\":\"2019-11-07T09:52:44+00:00\",\"dateModified\":\"2020-10-16T08:24:11+00:00\",\"description\":\"T\u00f6lts\u00f6n el egy b\u00e9k\u00e9s nyaral\u00e1st gyermekeivel. A Ca' Savio kempingben gyermek\u00e1gy \u00e9s etet\u0151sz\u00e9k b\u00e9relhet\u0151. Ker\u00fclje a terjedelmes s\u00falyok hord\u00e1s\u00e1t!\",\"breadcrumb\":{\"@id\":\"https:\/\/www.casavio.com\/hu\/szolgaltatasok\/extra-szolgaltatasok\/gyerekagy-es-etetoszek-kolcsonzes\/#breadcrumb\"},\"inLanguage\":\"hu\",\"potentialAction\":[{\"@type\":\"ReadAction\",\"target\":[\"https:\/\/www.casavio.com\/hu\/szolgaltatasok\/extra-szolgaltatasok\/gyerekagy-es-etetoszek-kolcsonzes\/\"]}]},{\"@type\":\"ImageObject\",\"inLanguage\":\"hu\",\"@id\":\"https:\/\/www.casavio.com\/hu\/szolgaltatasok\/extra-szolgaltatasok\/gyerekagy-es-etetoszek-kolcsonzes\/#primaryimage\",\"url\":\"https:\/\/www.casavio.com\/wp-content\/uploads\/2019\/11\/ca-savio-noleggio-lettini.jpg\",\"contentUrl\":\"https:\/\/www.casavio.com\/wp-content\/uploads\/2019\/11\/ca-savio-noleggio-lettini.jpg\",\"width\":440,\"height\":600},{\"@type\":\"BreadcrumbList\",\"@id\":\"https:\/\/www.casavio.com\/hu\/szolgaltatasok\/extra-szolgaltatasok\/gyerekagy-es-etetoszek-kolcsonzes\/#breadcrumb\",\"itemListElement\":[{\"@type\":\"ListItem\",\"position\":1,\"name\":\"Home\",\"item\":\"https:\/\/www.casavio.com\/hu\/\"},{\"@type\":\"ListItem\",\"position\":2,\"name\":\"Szolg\u00e1ltat\u00e1sok\",\"item\":\"https:\/\/www.casavio.com\/hu\/szolgaltatasok\/\"},{\"@type\":\"ListItem\",\"position\":3,\"name\":\"Extra szolg\u00e1ltat\u00e1sok\",\"item\":\"https:\/\/www.casavio.com\/hu\/szolgaltatasok\/extra-szolgaltatasok\/\"},{\"@type\":\"ListItem\",\"position\":4,\"name\":\"Gyerek\u00e1gy \u00e9s etet\u0151sz\u00e9k k\u00f6lcs\u00f6nz\u00e9s\"}]},{\"@type\":\"WebSite\",\"@id\":\"https:\/\/www.casavio.com\/hu\/#website\",\"url\":\"https:\/\/www.casavio.com\/hu\/\",\"name\":\"Camping Ca&#039; Savio\",\"description\":\"\",\"publisher\":{\"@id\":\"https:\/\/www.casavio.com\/hu\/#organization\"},\"potentialAction\":[{\"@type\":\"SearchAction\",\"target\":{\"@type\":\"EntryPoint\",\"urlTemplate\":\"https:\/\/www.casavio.com\/hu\/?s={search_term_string}\"},\"query-input\":{\"@type\":\"PropertyValueSpecification\",\"valueRequired\":true,\"valueName\":\"search_term_string\"}}],\"inLanguage\":\"hu\"},{\"@type\":\"Organization\",\"@id\":\"https:\/\/www.casavio.com\/hu\/#organization\",\"name\":\"Camping Ca'Savio\",\"url\":\"https:\/\/www.casavio.com\/hu\/\",\"logo\":{\"@type\":\"ImageObject\",\"inLanguage\":\"hu\",\"@id\":\"https:\/\/www.casavio.com\/hu\/#\/schema\/logo\/image\/\",\"url\":\"https:\/\/www.casavio.com\/wp-content\/uploads\/2024\/04\/favicon.png\",\"contentUrl\":\"https:\/\/www.casavio.com\/wp-content\/uploads\/2024\/04\/favicon.png\",\"width\":144,\"height\":144,\"caption\":\"Camping Ca'Savio\"},\"image\":{\"@id\":\"https:\/\/www.casavio.com\/hu\/#\/schema\/logo\/image\/\"},\"sameAs\":[\"https:\/\/www.facebook.com\/campingcasavio\",\"https:\/\/www.instagram.com\/campingcasavio\",\"https:\/\/www.youtube.com\/user\/campingcasavio\"]}]}<\/script>\n<!-- \/ Yoast SEO plugin. -->","yoast_head_json":{"title":"Gyerek\u00e1gy \u00e9s etet\u0151sz\u00e9k k\u00f6lcs\u00f6nz\u00e9s &#8211; Camping Ca&#039; Savio","description":"T\u00f6lts\u00f6n el egy b\u00e9k\u00e9s nyaral\u00e1st gyermekeivel. A Ca' Savio kempingben gyermek\u00e1gy \u00e9s etet\u0151sz\u00e9k b\u00e9relhet\u0151. Ker\u00fclje a terjedelmes s\u00falyok hord\u00e1s\u00e1t!","robots":{"index":"index","follow":"follow","max-snippet":"max-snippet:-1","max-image-preview":"max-image-preview:large","max-video-preview":"max-video-preview:-1"},"canonical":"https:\/\/www.casavio.com\/hu\/szolgaltatasok\/extra-szolgaltatasok\/gyerekagy-es-etetoszek-kolcsonzes\/","og_locale":"hu_HU","og_type":"article","og_title":"Gyerek\u00e1gy \u00e9s etet\u0151sz\u00e9k k\u00f6lcs\u00f6nz\u00e9s &#8211; Camping Ca&#039; Savio","og_description":"T\u00f6lts\u00f6n el egy b\u00e9k\u00e9s nyaral\u00e1st gyermekeivel. A Ca' Savio kempingben gyermek\u00e1gy \u00e9s etet\u0151sz\u00e9k b\u00e9relhet\u0151. Ker\u00fclje a terjedelmes s\u00falyok hord\u00e1s\u00e1t!","og_url":"https:\/\/www.casavio.com\/hu\/szolgaltatasok\/extra-szolgaltatasok\/gyerekagy-es-etetoszek-kolcsonzes\/","og_site_name":"Camping Ca&#039; Savio","article_publisher":"https:\/\/www.facebook.com\/campingcasavio","article_modified_time":"2020-10-16T08:24:11+00:00","og_image":[{"width":440,"height":600,"url":"https:\/\/www.casavio.com\/wp-content\/uploads\/2019\/11\/ca-savio-noleggio-lettini.jpg","type":"image\/jpeg"}],"twitter_card":"summary_large_image","schema":{"@context":"https:\/\/schema.org","@graph":[{"@type":"WebPage","@id":"https:\/\/www.casavio.com\/hu\/szolgaltatasok\/extra-szolgaltatasok\/gyerekagy-es-etetoszek-kolcsonzes\/","url":"https:\/\/www.casavio.com\/hu\/szolgaltatasok\/extra-szolgaltatasok\/gyerekagy-es-etetoszek-kolcsonzes\/","name":"Gyerek\u00e1gy \u00e9s etet\u0151sz\u00e9k k\u00f6lcs\u00f6nz\u00e9s &#8211; Camping Ca&#039; Savio","isPartOf":{"@id":"https:\/\/www.casavio.com\/hu\/#website"},"primaryImageOfPage":{"@id":"https:\/\/www.casavio.com\/hu\/szolgaltatasok\/extra-szolgaltatasok\/gyerekagy-es-etetoszek-kolcsonzes\/#primaryimage"},"image":{"@id":"https:\/\/www.casavio.com\/hu\/szolgaltatasok\/extra-szolgaltatasok\/gyerekagy-es-etetoszek-kolcsonzes\/#primaryimage"},"thumbnailUrl":"https:\/\/www.casavio.com\/wp-content\/uploads\/2019\/11\/ca-savio-noleggio-lettini.jpg","datePublished":"2019-11-07T09:52:44+00:00","dateModified":"2020-10-16T08:24:11+00:00","description":"T\u00f6lts\u00f6n el egy b\u00e9k\u00e9s nyaral\u00e1st gyermekeivel. A Ca' Savio kempingben gyermek\u00e1gy \u00e9s etet\u0151sz\u00e9k b\u00e9relhet\u0151. Ker\u00fclje a terjedelmes s\u00falyok hord\u00e1s\u00e1t!","breadcrumb":{"@id":"https:\/\/www.casavio.com\/hu\/szolgaltatasok\/extra-szolgaltatasok\/gyerekagy-es-etetoszek-kolcsonzes\/#breadcrumb"},"inLanguage":"hu","potentialAction":[{"@type":"ReadAction","target":["https:\/\/www.casavio.com\/hu\/szolgaltatasok\/extra-szolgaltatasok\/gyerekagy-es-etetoszek-kolcsonzes\/"]}]},{"@type":"ImageObject","inLanguage":"hu","@id":"https:\/\/www.casavio.com\/hu\/szolgaltatasok\/extra-szolgaltatasok\/gyerekagy-es-etetoszek-kolcsonzes\/#primaryimage","url":"https:\/\/www.casavio.com\/wp-content\/uploads\/2019\/11\/ca-savio-noleggio-lettini.jpg","contentUrl":"https:\/\/www.casavio.com\/wp-content\/uploads\/2019\/11\/ca-savio-noleggio-lettini.jpg","width":440,"height":600},{"@type":"BreadcrumbList","@id":"https:\/\/www.casavio.com\/hu\/szolgaltatasok\/extra-szolgaltatasok\/gyerekagy-es-etetoszek-kolcsonzes\/#breadcrumb","itemListElement":[{"@type":"ListItem","position":1,"name":"Home","item":"https:\/\/www.casavio.com\/hu\/"},{"@type":"ListItem","position":2,"name":"Szolg\u00e1ltat\u00e1sok","item":"https:\/\/www.casavio.com\/hu\/szolgaltatasok\/"},{"@type":"ListItem","position":3,"name":"Extra szolg\u00e1ltat\u00e1sok","item":"https:\/\/www.casavio.com\/hu\/szolgaltatasok\/extra-szolgaltatasok\/"},{"@type":"ListItem","position":4,"name":"Gyerek\u00e1gy \u00e9s etet\u0151sz\u00e9k k\u00f6lcs\u00f6nz\u00e9s"}]},{"@type":"WebSite","@id":"https:\/\/www.casavio.com\/hu\/#website","url":"https:\/\/www.casavio.com\/hu\/","name":"Camping Ca&#039; Savio","description":"","publisher":{"@id":"https:\/\/www.casavio.com\/hu\/#organization"},"potentialAction":[{"@type":"SearchAction","target":{"@type":"EntryPoint","urlTemplate":"https:\/\/www.casavio.com\/hu\/?s={search_term_string}"},"query-input":{"@type":"PropertyValueSpecification","valueRequired":true,"valueName":"search_term_string"}}],"inLanguage":"hu"},{"@type":"Organization","@id":"https:\/\/www.casavio.com\/hu\/#organization","name":"Camping Ca'Savio","url":"https:\/\/www.casavio.com\/hu\/","logo":{"@type":"ImageObject","inLanguage":"hu","@id":"https:\/\/www.casavio.com\/hu\/#\/schema\/logo\/image\/","url":"https:\/\/www.casavio.com\/wp-content\/uploads\/2024\/04\/favicon.png","contentUrl":"https:\/\/www.casavio.com\/wp-content\/uploads\/2024\/04\/favicon.png","width":144,"height":144,"caption":"Camping Ca'Savio"},"image":{"@id":"https:\/\/www.casavio.com\/hu\/#\/schema\/logo\/image\/"},"sameAs":["https:\/\/www.facebook.com\/campingcasavio","https:\/\/www.instagram.com\/campingcasavio","https:\/\/www.youtube.com\/user\/campingcasavio"]}]}},"_links":{"self":[{"href":"https:\/\/www.casavio.com\/hu\/wp-json\/wp\/v2\/pages\/10751","targetHints":{"allow":["GET"]}}],"collection":[{"href":"https:\/\/www.casavio.com\/hu\/wp-json\/wp\/v2\/pages"}],"about":[{"href":"https:\/\/www.casavio.com\/hu\/wp-json\/wp\/v2\/types\/page"}],"author":[{"embeddable":true,"href":"https:\/\/www.casavio.com\/hu\/wp-json\/wp\/v2\/users\/3"}],"replies":[{"embeddable":true,"href":"https:\/\/www.casavio.com\/hu\/wp-json\/wp\/v2\/comments?post=10751"}],"version-history":[{"count":2,"href":"https:\/\/www.casavio.com\/hu\/wp-json\/wp\/v2\/pages\/10751\/revisions"}],"predecessor-version":[{"id":14177,"href":"https:\/\/www.casavio.com\/hu\/wp-json\/wp\/v2\/pages\/10751\/revisions\/14177"}],"up":[{"embeddable":true,"href":"https:\/\/www.casavio.com\/hu\/wp-json\/wp\/v2\/pages\/10126"}],"wp:featuredmedia":[{"embeddable":true,"href":"https:\/\/www.casavio.com\/hu\/wp-json\/wp\/v2\/media\/3157"}],"wp:attachment":[{"href":"https:\/\/www.casavio.com\/hu\/wp-json\/wp\/v2\/media?parent=10751"}],"curies":[{"name":"wp","href":"https:\/\/api.w.org\/{rel}","templated":true}]}}