{"id":10754,"date":"2019-11-07T10:53:18","date_gmt":"2019-11-07T09:53:18","guid":{"rendered":"https:\/\/www.casavio.com\/szolgaltatasok\/extra-szolgaltatasok\/internet-wifi\/"},"modified":"2026-02-17T13:59:35","modified_gmt":"2026-02-17T12:59:35","slug":"internet-wifi","status":"publish","type":"page","link":"https:\/\/www.casavio.com\/hu\/szolgaltatasok\/extra-szolgaltatasok\/internet-wifi\/","title":{"rendered":"Internet WiFi"},"content":{"rendered":"<p>A Ca\u2019 Savio Kempingben a wifi csatlakoz\u00e1s az \u00e9tterem ter\u00fclet\u00e9n \u00e1ll rendelkez\u00e9sre, illetve a 37-es \u00e9s 13-as utcail tal\u00e1lhat\u00f3 ristobar-n\u00e1l, <a href=\"https:\/\/www.casavio.com\/hu\/camping\/satorhelyek\/\"><u>s\u00e1torhelyek<\/u><\/a>, <a href=\"https:\/\/www.casavio.com\/hu\/camping\/bungalows-chalets-hu\/tengerre-nezo-bungalok\/\">Bungalow 1 Fila<\/a>, <a href=\"https:\/\/www.casavio.com\/hu\/camping\/bungalows-chalets-hu\/bungalow-vicino-spiaggia\/\">Bungalow 2 Fila<\/a>, <a href=\"https:\/\/www.casavio.com\/hu\/camping\/bungalows-chalets-hu\/comfort-bungalow\/\">Bungalow Comfort<\/a>, <a href=\"https:\/\/www.casavio.com\/hu\/camping\/mozgo-hazak\/beach-house\/\">Beach House<\/a>, <a href=\"https:\/\/www.casavio.com\/hu\/camping\/mozgo-hazak\/maxi-beach-house\/\">Maxi Beach House<\/a>, <a href=\"https:\/\/www.casavio.com\/hu\/camping\/mozgo-hazak\/beach-house-deluxe\/\">Beach House Deluxe<\/a>, <a href=\"https:\/\/www.casavio.com\/hu\/camping\/mozgo-hazak\/burano\/\">Mobile home Burano<\/a>, <a href=\"https:\/\/www.casavio.com\/hu\/camping\/lodge-hu\/libra\/\">Lodge Libra<\/a>, <a href=\"https:\/\/www.casavio.com\/hu\/camping\/lodge-hu\/libra-duo\/\">Lodge Libra Duo<\/a>, Lodge <a href=\"https:\/\/www.casavio.com\/hu\/camping\/lodge-hu\/cool-shade\/\">Cool Shade<\/a>, Lodge <a href=\"https:\/\/www.casavio.com\/hu\/camping\/lodge-hu\/pardis\/\">Pardis<\/a>, Lodge <a href=\"https:\/\/www.casavio.com\/hu\/camping\/lodge-hu\/quadro\/\">Quadro<\/a>, <a href=\"https:\/\/www.casavio.com\/hu\/camping\/glamping-kemping-hu\/nordisk-village\/\">Nordisk Village<\/a>, <a href=\"https:\/\/www.casavio.com\/hu\/camping\/glamping-kemping-hu\/airstream\/\">Airstream Park<\/a>.<\/p>\n<p><a href=\"https:\/\/www.casavio.com\/hu\/kempingunk\/terkep\/\"><u>L\u00e1sd a t\u00e9rk\u00e9pet<\/u><\/a><\/p>\n<p>A szolg\u00e1ltat\u00e1s ig\u00e9nybev\u00e9tel\u00e9hez \u201c<strong>Internet e wi-fi card\u201d<\/strong>\u00a0v\u00e1s\u00e1rl\u00e1s\u00e1ra van sz\u00fcks\u00e9g, erre a <a href=\"https:\/\/www.casavio.com\/hu\/szolgaltatasok\/az-arban-foglalt-szolgaltatasok\/customer-care\/\"><u>Customer Care irod\u00e1n\u00e1l<\/u> <\/a>van lehet\u0151s\u00e9g.<\/p>\n<p><strong>\u00c1rak (El\u0151re fizetett d\u00edjak 1 eszk\u00f6zre \u00e9rv\u00e9nyesek):<\/strong><\/p>\n<ul>\n<li>1 \u00f3ra: 2.00 \u20ac<\/li>\n<li>3 \u00f3ra: 3.00 \u20ac<\/li>\n<li>10 \u00f3ra: 8.00 \u20ac<\/li>\n<li>24 \u00f3ra: 10 \u20ac.<\/li>\n<\/ul>\n<p><strong>\u00c1tal\u00e1nyd\u00edjak:<\/strong><\/p>\n<ul>\n<li>3 nap: 20,00 \u20ac (2 eszk\u00f6z)<\/li>\n<li>7 nap: 30,00 \u20ac (2 eszk\u00f6z)<\/li>\n<li>7 nap: 40,00 \u20ac (4 eszk\u00f6z).<\/li>\n<\/ul>\n<p>A k\u00e1rty\u00e1k nem visszat\u00e9r\u00edthet\u0151k.<\/p>\n","protected":false},"excerpt":{"rendered":"<p>A szolg\u00e1ltat\u00e1s r\u00e9szletei \u00e9s a szolg\u00e1ltat\u00e1s \u00e1ltal fedett ter\u00fcletek.<\/p>\n","protected":false},"author":3,"featured_media":3044,"parent":10126,"menu_order":6,"comment_status":"closed","ping_status":"closed","template":"","meta":{"_acf_changed":false},"class_list":["post-10754","page","type-page","status-publish","has-post-thumbnail","hentry"],"acf":[],"yoast_head":"<!-- This site is optimized with the Yoast SEO plugin v25.3 - https:\/\/yoast.com\/wordpress\/plugins\/seo\/ -->\n<title>Kemping Wi Fi csatlakoz\u00e1ssal Cavallino Treporti-ban &#8211; Camping Ca&#039; Savio<\/title>\n<meta name=\"description\" content=\"Kemping Wi-Fi-vel Cavallino Treporti-ban, Velence. Kapcsolatba l\u00e9phet bar\u00e1taival a Facebookon, megoszthatja f\u00e9nyk\u00e9peit nyaral\u00e1s\u00e1r\u00f3l, a wi-fi r\u00e9v\u00e9n. Tudja meg a r\u00e9szleteket!\" \/>\n<meta name=\"robots\" content=\"index, follow, max-snippet:-1, max-image-preview:large, max-video-preview:-1\" \/>\n<link rel=\"canonical\" href=\"https:\/\/www.casavio.com\/hu\/szolgaltatasok\/extra-szolgaltatasok\/internet-wifi\/\" \/>\n<meta property=\"og:locale\" content=\"hu_HU\" \/>\n<meta property=\"og:type\" content=\"article\" \/>\n<meta property=\"og:title\" content=\"Kemping Wi Fi csatlakoz\u00e1ssal Cavallino Treporti-ban &#8211; Camping Ca&#039; Savio\" \/>\n<meta property=\"og:description\" content=\"Kemping Wi-Fi-vel Cavallino Treporti-ban, Velence. Kapcsolatba l\u00e9phet bar\u00e1taival a Facebookon, megoszthatja f\u00e9nyk\u00e9peit nyaral\u00e1s\u00e1r\u00f3l, a wi-fi r\u00e9v\u00e9n. Tudja meg a r\u00e9szleteket!\" \/>\n<meta property=\"og:url\" content=\"https:\/\/www.casavio.com\/hu\/szolgaltatasok\/extra-szolgaltatasok\/internet-wifi\/\" \/>\n<meta property=\"og:site_name\" content=\"Camping Ca&#039; Savio\" \/>\n<meta property=\"article:publisher\" content=\"https:\/\/www.facebook.com\/campingcasavio\" \/>\n<meta property=\"article:modified_time\" content=\"2026-02-17T12:59:35+00:00\" \/>\n<meta property=\"og:image\" content=\"https:\/\/www.casavio.com\/wp-content\/uploads\/2019\/11\/ca-savio-internet-wifi_1.jpg\" \/>\n\t<meta property=\"og:image:width\" content=\"1200\" \/>\n\t<meta property=\"og:image:height\" content=\"1800\" \/>\n\t<meta property=\"og:image:type\" content=\"image\/jpeg\" \/>\n<meta name=\"twitter:card\" content=\"summary_large_image\" \/>\n<meta name=\"twitter:label1\" content=\"Becs\u00fclt olvas\u00e1si id\u0151\" \/>\n\t<meta name=\"twitter:data1\" content=\"1 perc\" \/>\n<script type=\"application\/ld+json\" class=\"yoast-schema-graph\">{\"@context\":\"https:\/\/schema.org\",\"@graph\":[{\"@type\":\"WebPage\",\"@id\":\"https:\/\/www.casavio.com\/hu\/szolgaltatasok\/extra-szolgaltatasok\/internet-wifi\/\",\"url\":\"https:\/\/www.casavio.com\/hu\/szolgaltatasok\/extra-szolgaltatasok\/internet-wifi\/\",\"name\":\"Kemping Wi Fi csatlakoz\u00e1ssal Cavallino Treporti-ban &#8211; Camping Ca&#039; Savio\",\"isPartOf\":{\"@id\":\"https:\/\/www.casavio.com\/hu\/#website\"},\"primaryImageOfPage\":{\"@id\":\"https:\/\/www.casavio.com\/hu\/szolgaltatasok\/extra-szolgaltatasok\/internet-wifi\/#primaryimage\"},\"image\":{\"@id\":\"https:\/\/www.casavio.com\/hu\/szolgaltatasok\/extra-szolgaltatasok\/internet-wifi\/#primaryimage\"},\"thumbnailUrl\":\"https:\/\/www.casavio.com\/wp-content\/uploads\/2019\/11\/ca-savio-internet-wifi_1.jpg\",\"datePublished\":\"2019-11-07T09:53:18+00:00\",\"dateModified\":\"2026-02-17T12:59:35+00:00\",\"description\":\"Kemping Wi-Fi-vel Cavallino Treporti-ban, Velence. Kapcsolatba l\u00e9phet bar\u00e1taival a Facebookon, megoszthatja f\u00e9nyk\u00e9peit nyaral\u00e1s\u00e1r\u00f3l, a wi-fi r\u00e9v\u00e9n. Tudja meg a r\u00e9szleteket!\",\"breadcrumb\":{\"@id\":\"https:\/\/www.casavio.com\/hu\/szolgaltatasok\/extra-szolgaltatasok\/internet-wifi\/#breadcrumb\"},\"inLanguage\":\"hu\",\"potentialAction\":[{\"@type\":\"ReadAction\",\"target\":[\"https:\/\/www.casavio.com\/hu\/szolgaltatasok\/extra-szolgaltatasok\/internet-wifi\/\"]}]},{\"@type\":\"ImageObject\",\"inLanguage\":\"hu\",\"@id\":\"https:\/\/www.casavio.com\/hu\/szolgaltatasok\/extra-szolgaltatasok\/internet-wifi\/#primaryimage\",\"url\":\"https:\/\/www.casavio.com\/wp-content\/uploads\/2019\/11\/ca-savio-internet-wifi_1.jpg\",\"contentUrl\":\"https:\/\/www.casavio.com\/wp-content\/uploads\/2019\/11\/ca-savio-internet-wifi_1.jpg\",\"width\":1200,\"height\":1800},{\"@type\":\"BreadcrumbList\",\"@id\":\"https:\/\/www.casavio.com\/hu\/szolgaltatasok\/extra-szolgaltatasok\/internet-wifi\/#breadcrumb\",\"itemListElement\":[{\"@type\":\"ListItem\",\"position\":1,\"name\":\"Home\",\"item\":\"https:\/\/www.casavio.com\/hu\/\"},{\"@type\":\"ListItem\",\"position\":2,\"name\":\"Szolg\u00e1ltat\u00e1sok\",\"item\":\"https:\/\/www.casavio.com\/hu\/szolgaltatasok\/\"},{\"@type\":\"ListItem\",\"position\":3,\"name\":\"Extra szolg\u00e1ltat\u00e1sok\",\"item\":\"https:\/\/www.casavio.com\/hu\/szolgaltatasok\/extra-szolgaltatasok\/\"},{\"@type\":\"ListItem\",\"position\":4,\"name\":\"Internet WiFi\"}]},{\"@type\":\"WebSite\",\"@id\":\"https:\/\/www.casavio.com\/hu\/#website\",\"url\":\"https:\/\/www.casavio.com\/hu\/\",\"name\":\"Camping Ca&#039; Savio\",\"description\":\"\",\"publisher\":{\"@id\":\"https:\/\/www.casavio.com\/hu\/#organization\"},\"potentialAction\":[{\"@type\":\"SearchAction\",\"target\":{\"@type\":\"EntryPoint\",\"urlTemplate\":\"https:\/\/www.casavio.com\/hu\/?s={search_term_string}\"},\"query-input\":{\"@type\":\"PropertyValueSpecification\",\"valueRequired\":true,\"valueName\":\"search_term_string\"}}],\"inLanguage\":\"hu\"},{\"@type\":\"Organization\",\"@id\":\"https:\/\/www.casavio.com\/hu\/#organization\",\"name\":\"Camping Ca'Savio\",\"url\":\"https:\/\/www.casavio.com\/hu\/\",\"logo\":{\"@type\":\"ImageObject\",\"inLanguage\":\"hu\",\"@id\":\"https:\/\/www.casavio.com\/hu\/#\/schema\/logo\/image\/\",\"url\":\"https:\/\/www.casavio.com\/wp-content\/uploads\/2024\/04\/favicon.png\",\"contentUrl\":\"https:\/\/www.casavio.com\/wp-content\/uploads\/2024\/04\/favicon.png\",\"width\":144,\"height\":144,\"caption\":\"Camping Ca'Savio\"},\"image\":{\"@id\":\"https:\/\/www.casavio.com\/hu\/#\/schema\/logo\/image\/\"},\"sameAs\":[\"https:\/\/www.facebook.com\/campingcasavio\",\"https:\/\/www.instagram.com\/campingcasavio\",\"https:\/\/www.youtube.com\/user\/campingcasavio\"]}]}<\/script>\n<!-- \/ Yoast SEO plugin. -->","yoast_head_json":{"title":"Kemping Wi Fi csatlakoz\u00e1ssal Cavallino Treporti-ban &#8211; Camping Ca&#039; Savio","description":"Kemping Wi-Fi-vel Cavallino Treporti-ban, Velence. Kapcsolatba l\u00e9phet bar\u00e1taival a Facebookon, megoszthatja f\u00e9nyk\u00e9peit nyaral\u00e1s\u00e1r\u00f3l, a wi-fi r\u00e9v\u00e9n. Tudja meg a r\u00e9szleteket!","robots":{"index":"index","follow":"follow","max-snippet":"max-snippet:-1","max-image-preview":"max-image-preview:large","max-video-preview":"max-video-preview:-1"},"canonical":"https:\/\/www.casavio.com\/hu\/szolgaltatasok\/extra-szolgaltatasok\/internet-wifi\/","og_locale":"hu_HU","og_type":"article","og_title":"Kemping Wi Fi csatlakoz\u00e1ssal Cavallino Treporti-ban &#8211; Camping Ca&#039; Savio","og_description":"Kemping Wi-Fi-vel Cavallino Treporti-ban, Velence. Kapcsolatba l\u00e9phet bar\u00e1taival a Facebookon, megoszthatja f\u00e9nyk\u00e9peit nyaral\u00e1s\u00e1r\u00f3l, a wi-fi r\u00e9v\u00e9n. Tudja meg a r\u00e9szleteket!","og_url":"https:\/\/www.casavio.com\/hu\/szolgaltatasok\/extra-szolgaltatasok\/internet-wifi\/","og_site_name":"Camping Ca&#039; Savio","article_publisher":"https:\/\/www.facebook.com\/campingcasavio","article_modified_time":"2026-02-17T12:59:35+00:00","og_image":[{"width":1200,"height":1800,"url":"https:\/\/www.casavio.com\/wp-content\/uploads\/2019\/11\/ca-savio-internet-wifi_1.jpg","type":"image\/jpeg"}],"twitter_card":"summary_large_image","twitter_misc":{"Becs\u00fclt olvas\u00e1si id\u0151":"1 perc"},"schema":{"@context":"https:\/\/schema.org","@graph":[{"@type":"WebPage","@id":"https:\/\/www.casavio.com\/hu\/szolgaltatasok\/extra-szolgaltatasok\/internet-wifi\/","url":"https:\/\/www.casavio.com\/hu\/szolgaltatasok\/extra-szolgaltatasok\/internet-wifi\/","name":"Kemping Wi Fi csatlakoz\u00e1ssal Cavallino Treporti-ban &#8211; Camping Ca&#039; Savio","isPartOf":{"@id":"https:\/\/www.casavio.com\/hu\/#website"},"primaryImageOfPage":{"@id":"https:\/\/www.casavio.com\/hu\/szolgaltatasok\/extra-szolgaltatasok\/internet-wifi\/#primaryimage"},"image":{"@id":"https:\/\/www.casavio.com\/hu\/szolgaltatasok\/extra-szolgaltatasok\/internet-wifi\/#primaryimage"},"thumbnailUrl":"https:\/\/www.casavio.com\/wp-content\/uploads\/2019\/11\/ca-savio-internet-wifi_1.jpg","datePublished":"2019-11-07T09:53:18+00:00","dateModified":"2026-02-17T12:59:35+00:00","description":"Kemping Wi-Fi-vel Cavallino Treporti-ban, Velence. Kapcsolatba l\u00e9phet bar\u00e1taival a Facebookon, megoszthatja f\u00e9nyk\u00e9peit nyaral\u00e1s\u00e1r\u00f3l, a wi-fi r\u00e9v\u00e9n. Tudja meg a r\u00e9szleteket!","breadcrumb":{"@id":"https:\/\/www.casavio.com\/hu\/szolgaltatasok\/extra-szolgaltatasok\/internet-wifi\/#breadcrumb"},"inLanguage":"hu","potentialAction":[{"@type":"ReadAction","target":["https:\/\/www.casavio.com\/hu\/szolgaltatasok\/extra-szolgaltatasok\/internet-wifi\/"]}]},{"@type":"ImageObject","inLanguage":"hu","@id":"https:\/\/www.casavio.com\/hu\/szolgaltatasok\/extra-szolgaltatasok\/internet-wifi\/#primaryimage","url":"https:\/\/www.casavio.com\/wp-content\/uploads\/2019\/11\/ca-savio-internet-wifi_1.jpg","contentUrl":"https:\/\/www.casavio.com\/wp-content\/uploads\/2019\/11\/ca-savio-internet-wifi_1.jpg","width":1200,"height":1800},{"@type":"BreadcrumbList","@id":"https:\/\/www.casavio.com\/hu\/szolgaltatasok\/extra-szolgaltatasok\/internet-wifi\/#breadcrumb","itemListElement":[{"@type":"ListItem","position":1,"name":"Home","item":"https:\/\/www.casavio.com\/hu\/"},{"@type":"ListItem","position":2,"name":"Szolg\u00e1ltat\u00e1sok","item":"https:\/\/www.casavio.com\/hu\/szolgaltatasok\/"},{"@type":"ListItem","position":3,"name":"Extra szolg\u00e1ltat\u00e1sok","item":"https:\/\/www.casavio.com\/hu\/szolgaltatasok\/extra-szolgaltatasok\/"},{"@type":"ListItem","position":4,"name":"Internet WiFi"}]},{"@type":"WebSite","@id":"https:\/\/www.casavio.com\/hu\/#website","url":"https:\/\/www.casavio.com\/hu\/","name":"Camping Ca&#039; Savio","description":"","publisher":{"@id":"https:\/\/www.casavio.com\/hu\/#organization"},"potentialAction":[{"@type":"SearchAction","target":{"@type":"EntryPoint","urlTemplate":"https:\/\/www.casavio.com\/hu\/?s={search_term_string}"},"query-input":{"@type":"PropertyValueSpecification","valueRequired":true,"valueName":"search_term_string"}}],"inLanguage":"hu"},{"@type":"Organization","@id":"https:\/\/www.casavio.com\/hu\/#organization","name":"Camping Ca'Savio","url":"https:\/\/www.casavio.com\/hu\/","logo":{"@type":"ImageObject","inLanguage":"hu","@id":"https:\/\/www.casavio.com\/hu\/#\/schema\/logo\/image\/","url":"https:\/\/www.casavio.com\/wp-content\/uploads\/2024\/04\/favicon.png","contentUrl":"https:\/\/www.casavio.com\/wp-content\/uploads\/2024\/04\/favicon.png","width":144,"height":144,"caption":"Camping Ca'Savio"},"image":{"@id":"https:\/\/www.casavio.com\/hu\/#\/schema\/logo\/image\/"},"sameAs":["https:\/\/www.facebook.com\/campingcasavio","https:\/\/www.instagram.com\/campingcasavio","https:\/\/www.youtube.com\/user\/campingcasavio"]}]}},"_links":{"self":[{"href":"https:\/\/www.casavio.com\/hu\/wp-json\/wp\/v2\/pages\/10754","targetHints":{"allow":["GET"]}}],"collection":[{"href":"https:\/\/www.casavio.com\/hu\/wp-json\/wp\/v2\/pages"}],"about":[{"href":"https:\/\/www.casavio.com\/hu\/wp-json\/wp\/v2\/types\/page"}],"author":[{"embeddable":true,"href":"https:\/\/www.casavio.com\/hu\/wp-json\/wp\/v2\/users\/3"}],"replies":[{"embeddable":true,"href":"https:\/\/www.casavio.com\/hu\/wp-json\/wp\/v2\/comments?post=10754"}],"version-history":[{"count":2,"href":"https:\/\/www.casavio.com\/hu\/wp-json\/wp\/v2\/pages\/10754\/revisions"}],"predecessor-version":[{"id":46064,"href":"https:\/\/www.casavio.com\/hu\/wp-json\/wp\/v2\/pages\/10754\/revisions\/46064"}],"up":[{"embeddable":true,"href":"https:\/\/www.casavio.com\/hu\/wp-json\/wp\/v2\/pages\/10126"}],"wp:featuredmedia":[{"embeddable":true,"href":"https:\/\/www.casavio.com\/hu\/wp-json\/wp\/v2\/media\/3044"}],"wp:attachment":[{"href":"https:\/\/www.casavio.com\/hu\/wp-json\/wp\/v2\/media?parent=10754"}],"curies":[{"name":"wp","href":"https:\/\/api.w.org\/{rel}","templated":true}]}}