{"id":10759,"date":"2019-11-07T10:53:49","date_gmt":"2019-11-07T09:53:49","guid":{"rendered":"https:\/\/www.casavio.com\/szolgaltatasok\/extra-szolgaltatasok\/klimatyzacja\/"},"modified":"2023-01-11T12:11:47","modified_gmt":"2023-01-11T11:11:47","slug":"legkondicionalas","status":"publish","type":"page","link":"https:\/\/www.casavio.com\/hu\/szolgaltatasok\/extra-szolgaltatasok\/legkondicionalas\/","title":{"rendered":"L\u00e9gkond\u00edcion\u00e1l\u00e1s"},"content":{"rendered":"<p>\u00dagy gondoljuk,\u00a0<strong>k\u00f6rnyezet\u00fcnk meg\u00f3v\u00e1sa<\/strong>\u00a0\u00e9rdek\u00e9ben rendk\u00edv\u00fcl fontos az energiatakar\u00e9koss\u00e1g.<br \/>\nEbb\u0151l kifoly\u00f3lag csup\u00e1n\u00a0<a href=\"https:\/\/www.casavio.com\/hu\/camping\/mozgo-hazak\/\">mobilh\u00e1z<\/a>\u00a0t\u00edpus\u00a0\u00e9s\u00a0csup\u00e1n n\u00e9h\u00e1ny\u00a0<a href=\"https:\/\/www.casavio.com\/hu\/camping\/bungalows-chalets-hu\/\">bungal\u00f3\/chalet<\/a>\u00a0t\u00edpus\u00a0rendelkezik l\u00e9gkond\u00edcion\u00e1l\u00f3 berendez\u00e9ssel, melynek haszn\u00e1lata egy el\u0151re\u00a0<strong>kifizetett k\u00e1rty\u00e1val<\/strong>\u00a0lehets\u00e9ges.<\/p>\n<p>A kemping nem sz\u00e1mol fel semmif\u00e9le fel\u00e1rat a kl\u00edm\u00e1val felszerelt lak\u00f3egys\u00e9gek \u00e1r\u00e1ban, csak azok a vend\u00e9gek fizetnek \u00e9rte\u00a0<strong>fogyaszt\u00e1suknak megfelel\u0151en<\/strong>, akik ig\u00e9nybe is veszik ezt a szolg\u00e1ltat\u00e1st.<\/p>\n<p>A kl\u00edmak\u00e1rtya 12,00 \u20ac vagy 24,00 \u20ac \u00e9rt\u00e9kben v\u00e1s\u00e1rolhat\u00f3 meg a kemping <a href=\"https:\/\/www.casavio.com\/hu\/szolgaltatasok\/az-arban-foglalt-szolgaltatasok\/customer-care\/\">Customer Care<\/a>\u00a0irod\u00e1j\u00e1ban. Ezen \u00f6sszegek\u00e9rt 20 illetve 40 \u00f3r\u00e1nyi kl\u00edmahaszn\u00e1lat biztos\u00edtott (<strong>0,60 \u20ac\/\u00f3ra<\/strong>).<\/p>\n","protected":false},"excerpt":{"rendered":"<p>Arra a k\u00e1rty\u00e1ra vonatkoz\u00f3 \u00f6sszes inform\u00e1ci\u00f3, amelyik lehet\u0151v\u00e9 teszi a bungal\u00f3k\/fah\u00e1zak \u00e9s mozg\u00f3 h\u00e1zak nagy r\u00e9sz\u00e9ben jelen l\u00e9v\u0151 l\u00e9gkondicion\u00e1l\u00f3 szolg\u00e1ltat\u00e1s aktiv\u00e1l\u00e1s\u00e1t.<\/p>\n","protected":false},"author":3,"featured_media":7892,"parent":10126,"menu_order":7,"comment_status":"closed","ping_status":"closed","template":"","meta":{"_acf_changed":false},"class_list":["post-10759","page","type-page","status-publish","has-post-thumbnail","hentry"],"acf":[],"yoast_head":"<!-- This site is optimized with the Yoast SEO plugin v25.3 - https:\/\/yoast.com\/wordpress\/plugins\/seo\/ -->\n<title>L\u00e9gkond\u00edcion\u00e1l\u00e1s a Kempingben &#8211; Camping Ca&#039; Savio<\/title>\n<meta name=\"description\" content=\"L\u00e9gkondicion\u00e1l\u00e1s lehets\u00e9ges a Cavallino Treportiben tal\u00e1lhat\u00f3 Ca&#039;Savio kemping mobilh\u00e1zaiban. Tudja meg a r\u00e9szleteket \u00e9s foglalja le nyaral\u00e1s\u00e1t most!\" \/>\n<meta name=\"robots\" content=\"index, follow, max-snippet:-1, max-image-preview:large, max-video-preview:-1\" \/>\n<link rel=\"canonical\" href=\"https:\/\/www.casavio.com\/hu\/szolgaltatasok\/extra-szolgaltatasok\/legkondicionalas\/\" \/>\n<meta property=\"og:locale\" content=\"hu_HU\" \/>\n<meta property=\"og:type\" content=\"article\" \/>\n<meta property=\"og:title\" content=\"L\u00e9gkond\u00edcion\u00e1l\u00e1s a Kempingben &#8211; Camping Ca&#039; Savio\" \/>\n<meta property=\"og:description\" content=\"L\u00e9gkondicion\u00e1l\u00e1s lehets\u00e9ges a Cavallino Treportiben tal\u00e1lhat\u00f3 Ca&#039;Savio kemping mobilh\u00e1zaiban. Tudja meg a r\u00e9szleteket \u00e9s foglalja le nyaral\u00e1s\u00e1t most!\" \/>\n<meta property=\"og:url\" content=\"https:\/\/www.casavio.com\/hu\/szolgaltatasok\/extra-szolgaltatasok\/legkondicionalas\/\" \/>\n<meta property=\"og:site_name\" content=\"Camping Ca&#039; Savio\" \/>\n<meta property=\"article:publisher\" content=\"https:\/\/www.facebook.com\/campingcasavio\" \/>\n<meta property=\"article:modified_time\" content=\"2023-01-11T11:11:47+00:00\" \/>\n<meta property=\"og:image\" content=\"https:\/\/www.casavio.com\/wp-content\/uploads\/2020\/02\/Anteprima_Aria-condizionata-440-x-600-copy.jpg\" \/>\n\t<meta property=\"og:image:width\" content=\"440\" \/>\n\t<meta property=\"og:image:height\" content=\"600\" \/>\n\t<meta property=\"og:image:type\" content=\"image\/jpeg\" \/>\n<meta name=\"twitter:card\" content=\"summary_large_image\" \/>\n<meta name=\"twitter:label1\" content=\"Becs\u00fclt olvas\u00e1si id\u0151\" \/>\n\t<meta name=\"twitter:data1\" content=\"1 perc\" \/>\n<script type=\"application\/ld+json\" class=\"yoast-schema-graph\">{\"@context\":\"https:\/\/schema.org\",\"@graph\":[{\"@type\":\"WebPage\",\"@id\":\"https:\/\/www.casavio.com\/hu\/szolgaltatasok\/extra-szolgaltatasok\/legkondicionalas\/\",\"url\":\"https:\/\/www.casavio.com\/hu\/szolgaltatasok\/extra-szolgaltatasok\/legkondicionalas\/\",\"name\":\"L\u00e9gkond\u00edcion\u00e1l\u00e1s a Kempingben &#8211; Camping Ca&#039; Savio\",\"isPartOf\":{\"@id\":\"https:\/\/www.casavio.com\/hu\/#website\"},\"primaryImageOfPage\":{\"@id\":\"https:\/\/www.casavio.com\/hu\/szolgaltatasok\/extra-szolgaltatasok\/legkondicionalas\/#primaryimage\"},\"image\":{\"@id\":\"https:\/\/www.casavio.com\/hu\/szolgaltatasok\/extra-szolgaltatasok\/legkondicionalas\/#primaryimage\"},\"thumbnailUrl\":\"https:\/\/www.casavio.com\/wp-content\/uploads\/2020\/02\/Anteprima_Aria-condizionata-440-x-600-copy.jpg\",\"datePublished\":\"2019-11-07T09:53:49+00:00\",\"dateModified\":\"2023-01-11T11:11:47+00:00\",\"description\":\"L\u00e9gkondicion\u00e1l\u00e1s lehets\u00e9ges a Cavallino Treportiben tal\u00e1lhat\u00f3 Ca'Savio kemping mobilh\u00e1zaiban. Tudja meg a r\u00e9szleteket \u00e9s foglalja le nyaral\u00e1s\u00e1t most!\",\"breadcrumb\":{\"@id\":\"https:\/\/www.casavio.com\/hu\/szolgaltatasok\/extra-szolgaltatasok\/legkondicionalas\/#breadcrumb\"},\"inLanguage\":\"hu\",\"potentialAction\":[{\"@type\":\"ReadAction\",\"target\":[\"https:\/\/www.casavio.com\/hu\/szolgaltatasok\/extra-szolgaltatasok\/legkondicionalas\/\"]}]},{\"@type\":\"ImageObject\",\"inLanguage\":\"hu\",\"@id\":\"https:\/\/www.casavio.com\/hu\/szolgaltatasok\/extra-szolgaltatasok\/legkondicionalas\/#primaryimage\",\"url\":\"https:\/\/www.casavio.com\/wp-content\/uploads\/2020\/02\/Anteprima_Aria-condizionata-440-x-600-copy.jpg\",\"contentUrl\":\"https:\/\/www.casavio.com\/wp-content\/uploads\/2020\/02\/Anteprima_Aria-condizionata-440-x-600-copy.jpg\",\"width\":440,\"height\":600},{\"@type\":\"BreadcrumbList\",\"@id\":\"https:\/\/www.casavio.com\/hu\/szolgaltatasok\/extra-szolgaltatasok\/legkondicionalas\/#breadcrumb\",\"itemListElement\":[{\"@type\":\"ListItem\",\"position\":1,\"name\":\"Home\",\"item\":\"https:\/\/www.casavio.com\/hu\/\"},{\"@type\":\"ListItem\",\"position\":2,\"name\":\"Szolg\u00e1ltat\u00e1sok\",\"item\":\"https:\/\/www.casavio.com\/hu\/szolgaltatasok\/\"},{\"@type\":\"ListItem\",\"position\":3,\"name\":\"Extra szolg\u00e1ltat\u00e1sok\",\"item\":\"https:\/\/www.casavio.com\/hu\/szolgaltatasok\/extra-szolgaltatasok\/\"},{\"@type\":\"ListItem\",\"position\":4,\"name\":\"L\u00e9gkond\u00edcion\u00e1l\u00e1s\"}]},{\"@type\":\"WebSite\",\"@id\":\"https:\/\/www.casavio.com\/hu\/#website\",\"url\":\"https:\/\/www.casavio.com\/hu\/\",\"name\":\"Camping Ca&#039; Savio\",\"description\":\"\",\"publisher\":{\"@id\":\"https:\/\/www.casavio.com\/hu\/#organization\"},\"potentialAction\":[{\"@type\":\"SearchAction\",\"target\":{\"@type\":\"EntryPoint\",\"urlTemplate\":\"https:\/\/www.casavio.com\/hu\/?s={search_term_string}\"},\"query-input\":{\"@type\":\"PropertyValueSpecification\",\"valueRequired\":true,\"valueName\":\"search_term_string\"}}],\"inLanguage\":\"hu\"},{\"@type\":\"Organization\",\"@id\":\"https:\/\/www.casavio.com\/hu\/#organization\",\"name\":\"Camping Ca'Savio\",\"url\":\"https:\/\/www.casavio.com\/hu\/\",\"logo\":{\"@type\":\"ImageObject\",\"inLanguage\":\"hu\",\"@id\":\"https:\/\/www.casavio.com\/hu\/#\/schema\/logo\/image\/\",\"url\":\"https:\/\/www.casavio.com\/wp-content\/uploads\/2024\/04\/favicon.png\",\"contentUrl\":\"https:\/\/www.casavio.com\/wp-content\/uploads\/2024\/04\/favicon.png\",\"width\":144,\"height\":144,\"caption\":\"Camping Ca'Savio\"},\"image\":{\"@id\":\"https:\/\/www.casavio.com\/hu\/#\/schema\/logo\/image\/\"},\"sameAs\":[\"https:\/\/www.facebook.com\/campingcasavio\",\"https:\/\/www.instagram.com\/campingcasavio\",\"https:\/\/www.youtube.com\/user\/campingcasavio\"]}]}<\/script>\n<!-- \/ Yoast SEO plugin. -->","yoast_head_json":{"title":"L\u00e9gkond\u00edcion\u00e1l\u00e1s a Kempingben &#8211; Camping Ca&#039; Savio","description":"L\u00e9gkondicion\u00e1l\u00e1s lehets\u00e9ges a Cavallino Treportiben tal\u00e1lhat\u00f3 Ca'Savio kemping mobilh\u00e1zaiban. Tudja meg a r\u00e9szleteket \u00e9s foglalja le nyaral\u00e1s\u00e1t most!","robots":{"index":"index","follow":"follow","max-snippet":"max-snippet:-1","max-image-preview":"max-image-preview:large","max-video-preview":"max-video-preview:-1"},"canonical":"https:\/\/www.casavio.com\/hu\/szolgaltatasok\/extra-szolgaltatasok\/legkondicionalas\/","og_locale":"hu_HU","og_type":"article","og_title":"L\u00e9gkond\u00edcion\u00e1l\u00e1s a Kempingben &#8211; Camping Ca&#039; Savio","og_description":"L\u00e9gkondicion\u00e1l\u00e1s lehets\u00e9ges a Cavallino Treportiben tal\u00e1lhat\u00f3 Ca'Savio kemping mobilh\u00e1zaiban. Tudja meg a r\u00e9szleteket \u00e9s foglalja le nyaral\u00e1s\u00e1t most!","og_url":"https:\/\/www.casavio.com\/hu\/szolgaltatasok\/extra-szolgaltatasok\/legkondicionalas\/","og_site_name":"Camping Ca&#039; Savio","article_publisher":"https:\/\/www.facebook.com\/campingcasavio","article_modified_time":"2023-01-11T11:11:47+00:00","og_image":[{"width":440,"height":600,"url":"https:\/\/www.casavio.com\/wp-content\/uploads\/2020\/02\/Anteprima_Aria-condizionata-440-x-600-copy.jpg","type":"image\/jpeg"}],"twitter_card":"summary_large_image","twitter_misc":{"Becs\u00fclt olvas\u00e1si id\u0151":"1 perc"},"schema":{"@context":"https:\/\/schema.org","@graph":[{"@type":"WebPage","@id":"https:\/\/www.casavio.com\/hu\/szolgaltatasok\/extra-szolgaltatasok\/legkondicionalas\/","url":"https:\/\/www.casavio.com\/hu\/szolgaltatasok\/extra-szolgaltatasok\/legkondicionalas\/","name":"L\u00e9gkond\u00edcion\u00e1l\u00e1s a Kempingben &#8211; Camping Ca&#039; Savio","isPartOf":{"@id":"https:\/\/www.casavio.com\/hu\/#website"},"primaryImageOfPage":{"@id":"https:\/\/www.casavio.com\/hu\/szolgaltatasok\/extra-szolgaltatasok\/legkondicionalas\/#primaryimage"},"image":{"@id":"https:\/\/www.casavio.com\/hu\/szolgaltatasok\/extra-szolgaltatasok\/legkondicionalas\/#primaryimage"},"thumbnailUrl":"https:\/\/www.casavio.com\/wp-content\/uploads\/2020\/02\/Anteprima_Aria-condizionata-440-x-600-copy.jpg","datePublished":"2019-11-07T09:53:49+00:00","dateModified":"2023-01-11T11:11:47+00:00","description":"L\u00e9gkondicion\u00e1l\u00e1s lehets\u00e9ges a Cavallino Treportiben tal\u00e1lhat\u00f3 Ca'Savio kemping mobilh\u00e1zaiban. Tudja meg a r\u00e9szleteket \u00e9s foglalja le nyaral\u00e1s\u00e1t most!","breadcrumb":{"@id":"https:\/\/www.casavio.com\/hu\/szolgaltatasok\/extra-szolgaltatasok\/legkondicionalas\/#breadcrumb"},"inLanguage":"hu","potentialAction":[{"@type":"ReadAction","target":["https:\/\/www.casavio.com\/hu\/szolgaltatasok\/extra-szolgaltatasok\/legkondicionalas\/"]}]},{"@type":"ImageObject","inLanguage":"hu","@id":"https:\/\/www.casavio.com\/hu\/szolgaltatasok\/extra-szolgaltatasok\/legkondicionalas\/#primaryimage","url":"https:\/\/www.casavio.com\/wp-content\/uploads\/2020\/02\/Anteprima_Aria-condizionata-440-x-600-copy.jpg","contentUrl":"https:\/\/www.casavio.com\/wp-content\/uploads\/2020\/02\/Anteprima_Aria-condizionata-440-x-600-copy.jpg","width":440,"height":600},{"@type":"BreadcrumbList","@id":"https:\/\/www.casavio.com\/hu\/szolgaltatasok\/extra-szolgaltatasok\/legkondicionalas\/#breadcrumb","itemListElement":[{"@type":"ListItem","position":1,"name":"Home","item":"https:\/\/www.casavio.com\/hu\/"},{"@type":"ListItem","position":2,"name":"Szolg\u00e1ltat\u00e1sok","item":"https:\/\/www.casavio.com\/hu\/szolgaltatasok\/"},{"@type":"ListItem","position":3,"name":"Extra szolg\u00e1ltat\u00e1sok","item":"https:\/\/www.casavio.com\/hu\/szolgaltatasok\/extra-szolgaltatasok\/"},{"@type":"ListItem","position":4,"name":"L\u00e9gkond\u00edcion\u00e1l\u00e1s"}]},{"@type":"WebSite","@id":"https:\/\/www.casavio.com\/hu\/#website","url":"https:\/\/www.casavio.com\/hu\/","name":"Camping Ca&#039; Savio","description":"","publisher":{"@id":"https:\/\/www.casavio.com\/hu\/#organization"},"potentialAction":[{"@type":"SearchAction","target":{"@type":"EntryPoint","urlTemplate":"https:\/\/www.casavio.com\/hu\/?s={search_term_string}"},"query-input":{"@type":"PropertyValueSpecification","valueRequired":true,"valueName":"search_term_string"}}],"inLanguage":"hu"},{"@type":"Organization","@id":"https:\/\/www.casavio.com\/hu\/#organization","name":"Camping Ca'Savio","url":"https:\/\/www.casavio.com\/hu\/","logo":{"@type":"ImageObject","inLanguage":"hu","@id":"https:\/\/www.casavio.com\/hu\/#\/schema\/logo\/image\/","url":"https:\/\/www.casavio.com\/wp-content\/uploads\/2024\/04\/favicon.png","contentUrl":"https:\/\/www.casavio.com\/wp-content\/uploads\/2024\/04\/favicon.png","width":144,"height":144,"caption":"Camping Ca'Savio"},"image":{"@id":"https:\/\/www.casavio.com\/hu\/#\/schema\/logo\/image\/"},"sameAs":["https:\/\/www.facebook.com\/campingcasavio","https:\/\/www.instagram.com\/campingcasavio","https:\/\/www.youtube.com\/user\/campingcasavio"]}]}},"_links":{"self":[{"href":"https:\/\/www.casavio.com\/hu\/wp-json\/wp\/v2\/pages\/10759","targetHints":{"allow":["GET"]}}],"collection":[{"href":"https:\/\/www.casavio.com\/hu\/wp-json\/wp\/v2\/pages"}],"about":[{"href":"https:\/\/www.casavio.com\/hu\/wp-json\/wp\/v2\/types\/page"}],"author":[{"embeddable":true,"href":"https:\/\/www.casavio.com\/hu\/wp-json\/wp\/v2\/users\/3"}],"replies":[{"embeddable":true,"href":"https:\/\/www.casavio.com\/hu\/wp-json\/wp\/v2\/comments?post=10759"}],"version-history":[{"count":2,"href":"https:\/\/www.casavio.com\/hu\/wp-json\/wp\/v2\/pages\/10759\/revisions"}],"predecessor-version":[{"id":26226,"href":"https:\/\/www.casavio.com\/hu\/wp-json\/wp\/v2\/pages\/10759\/revisions\/26226"}],"up":[{"embeddable":true,"href":"https:\/\/www.casavio.com\/hu\/wp-json\/wp\/v2\/pages\/10126"}],"wp:featuredmedia":[{"embeddable":true,"href":"https:\/\/www.casavio.com\/hu\/wp-json\/wp\/v2\/media\/7892"}],"wp:attachment":[{"href":"https:\/\/www.casavio.com\/hu\/wp-json\/wp\/v2\/media?parent=10759"}],"curies":[{"name":"wp","href":"https:\/\/api.w.org\/{rel}","templated":true}]}}