{"id":10803,"date":"2019-11-07T10:54:47","date_gmt":"2019-11-07T09:54:47","guid":{"rendered":"https:\/\/www.casavio.com\/szolgaltatasok\/extra-szolgaltatasok\/lavanderia-essiccatoio\/"},"modified":"2026-02-17T13:04:44","modified_gmt":"2026-02-17T12:04:44","slug":"mosogepek-es-szaritok","status":"publish","type":"page","link":"https:\/\/www.casavio.com\/hu\/szolgaltatasok\/extra-szolgaltatasok\/mosogepek-es-szaritok\/","title":{"rendered":"Mos\u00f3g\u00e9pek \u00e9s sz\u00e1r\u00edt\u00f3k"},"content":{"rendered":"<p>A kempingez\u00e9s lehet k\u00e9nyelmes \u00e9s k\u00f6rnyezetbar\u00e1t.<\/p>\n<p>Ez\u00e9rt van <a href=\"https:\/\/www.casavio.com\/hu\/szolgaltatasok\/az-arban-foglalt-szolgaltatasok\/mosdok\/\">minden mosd\u00f3<\/a> egys\u00e9gben 7 kg t\u00f6lt\u0151s\u00faly\u00fa mos\u00f3g\u00e9p a mos\u00e1shoz.<\/p>\n<p>Csak beteszed a ruh\u00e1kat, t\u00f6r\u00f6lk\u00f6z\u0151ket vagy m\u00e1s egyebet a mos\u00f3g\u00e9p dobj\u00e1ba, kiv\u00e1lasztod a k\u00edv\u00e1nt programot, beteszed a szappant \u00e9s elind\u00edtod a mos\u00f3g\u00e9pet.<\/p>\n<p>A mos\u00e1s id\u0151tartama a v\u00e1lasztott programt\u00f3l \u00e9s a h\u0151m\u00e9rs\u00e9klett\u0151l f\u00fcgg, de ha k\u00f6rnyezetbar\u00e1t vagy \u00e9s szeretn\u00e9l \u00e1ramot, illetve vizet sp\u00f3rolni, akkor a r\u00f6videbb programokat v\u00e1lasztod.<\/p>\n<p>A kimosott ruha hamar megsz\u00e1rad a szabad leveg\u0151n a sz\u00e1ll\u00e1sokhoz tartoz\u00f3 ruhasz\u00e1r\u00edt\u00f3kon \u00e9s a naps\u00fct\u00e9sben.<\/p>\n<p>Ha el\u0151fordul egy-k\u00e9t es\u0151s nap, akkor ig\u00e9nybe veheted a praktikus sz\u00e1r\u00edt\u00f3kat, melyek a mosogat\u00f3g\u00e9pek mellett tal\u00e1lhat\u00f3k.<\/p>\n<p>\u00c1rak:<\/p>\n<ul>\n<li>Egy mos\u00e1si (with soap and sanitizer): 5 \u20ac.<\/li>\n<li>Sz\u00e1r\u00edt\u00f3k: 4 \u20ac.<\/li>\n<\/ul>\n<p>&nbsp;<\/p>\n","protected":false},"excerpt":{"rendered":"<p>Itt tal\u00e1lja a szolg\u00e1ltat\u00e1s k\u00f6lts\u00e9geit \u00e9s r\u00e9szleteit.<\/p>\n","protected":false},"author":3,"featured_media":3109,"parent":10126,"menu_order":9,"comment_status":"closed","ping_status":"closed","template":"","meta":{"_acf_changed":false},"class_list":["post-10803","page","type-page","status-publish","has-post-thumbnail","hentry"],"acf":[],"yoast_head":"<!-- This site is optimized with the Yoast SEO plugin v25.3 - https:\/\/yoast.com\/wordpress\/plugins\/seo\/ -->\n<title>Mos\u00f3g\u00e9pek \u00e9s sz\u00e1r\u00edt\u00f3k &#8211; Camping Ca&#039; Savio<\/title>\n<meta name=\"description\" content=\"Tudja meg, hogyan \u00e9rheti el a mosodai szolg\u00e1ltat\u00e1st.\" \/>\n<meta name=\"robots\" content=\"index, follow, max-snippet:-1, max-image-preview:large, max-video-preview:-1\" \/>\n<link rel=\"canonical\" href=\"https:\/\/www.casavio.com\/hu\/szolgaltatasok\/extra-szolgaltatasok\/mosogepek-es-szaritok\/\" \/>\n<meta property=\"og:locale\" content=\"hu_HU\" \/>\n<meta property=\"og:type\" content=\"article\" \/>\n<meta property=\"og:title\" content=\"Mos\u00f3g\u00e9pek \u00e9s sz\u00e1r\u00edt\u00f3k &#8211; Camping Ca&#039; Savio\" \/>\n<meta property=\"og:description\" content=\"Tudja meg, hogyan \u00e9rheti el a mosodai szolg\u00e1ltat\u00e1st.\" \/>\n<meta property=\"og:url\" content=\"https:\/\/www.casavio.com\/hu\/szolgaltatasok\/extra-szolgaltatasok\/mosogepek-es-szaritok\/\" \/>\n<meta property=\"og:site_name\" content=\"Camping Ca&#039; Savio\" \/>\n<meta property=\"article:publisher\" content=\"https:\/\/www.facebook.com\/campingcasavio\" \/>\n<meta property=\"article:modified_time\" content=\"2026-02-17T12:04:44+00:00\" \/>\n<meta property=\"og:image\" content=\"https:\/\/www.casavio.com\/wp-content\/uploads\/2019\/11\/ca-savio-lavatrici-essiccatoi.jpg\" \/>\n\t<meta property=\"og:image:width\" content=\"440\" \/>\n\t<meta property=\"og:image:height\" content=\"600\" \/>\n\t<meta property=\"og:image:type\" content=\"image\/jpeg\" \/>\n<meta name=\"twitter:card\" content=\"summary_large_image\" \/>\n<meta name=\"twitter:label1\" content=\"Becs\u00fclt olvas\u00e1si id\u0151\" \/>\n\t<meta name=\"twitter:data1\" content=\"1 perc\" \/>\n<script type=\"application\/ld+json\" class=\"yoast-schema-graph\">{\"@context\":\"https:\/\/schema.org\",\"@graph\":[{\"@type\":\"WebPage\",\"@id\":\"https:\/\/www.casavio.com\/hu\/szolgaltatasok\/extra-szolgaltatasok\/mosogepek-es-szaritok\/\",\"url\":\"https:\/\/www.casavio.com\/hu\/szolgaltatasok\/extra-szolgaltatasok\/mosogepek-es-szaritok\/\",\"name\":\"Mos\u00f3g\u00e9pek \u00e9s sz\u00e1r\u00edt\u00f3k &#8211; Camping Ca&#039; Savio\",\"isPartOf\":{\"@id\":\"https:\/\/www.casavio.com\/hu\/#website\"},\"primaryImageOfPage\":{\"@id\":\"https:\/\/www.casavio.com\/hu\/szolgaltatasok\/extra-szolgaltatasok\/mosogepek-es-szaritok\/#primaryimage\"},\"image\":{\"@id\":\"https:\/\/www.casavio.com\/hu\/szolgaltatasok\/extra-szolgaltatasok\/mosogepek-es-szaritok\/#primaryimage\"},\"thumbnailUrl\":\"https:\/\/www.casavio.com\/wp-content\/uploads\/2019\/11\/ca-savio-lavatrici-essiccatoi.jpg\",\"datePublished\":\"2019-11-07T09:54:47+00:00\",\"dateModified\":\"2026-02-17T12:04:44+00:00\",\"description\":\"Tudja meg, hogyan \u00e9rheti el a mosodai szolg\u00e1ltat\u00e1st.\",\"breadcrumb\":{\"@id\":\"https:\/\/www.casavio.com\/hu\/szolgaltatasok\/extra-szolgaltatasok\/mosogepek-es-szaritok\/#breadcrumb\"},\"inLanguage\":\"hu\",\"potentialAction\":[{\"@type\":\"ReadAction\",\"target\":[\"https:\/\/www.casavio.com\/hu\/szolgaltatasok\/extra-szolgaltatasok\/mosogepek-es-szaritok\/\"]}]},{\"@type\":\"ImageObject\",\"inLanguage\":\"hu\",\"@id\":\"https:\/\/www.casavio.com\/hu\/szolgaltatasok\/extra-szolgaltatasok\/mosogepek-es-szaritok\/#primaryimage\",\"url\":\"https:\/\/www.casavio.com\/wp-content\/uploads\/2019\/11\/ca-savio-lavatrici-essiccatoi.jpg\",\"contentUrl\":\"https:\/\/www.casavio.com\/wp-content\/uploads\/2019\/11\/ca-savio-lavatrici-essiccatoi.jpg\",\"width\":440,\"height\":600},{\"@type\":\"BreadcrumbList\",\"@id\":\"https:\/\/www.casavio.com\/hu\/szolgaltatasok\/extra-szolgaltatasok\/mosogepek-es-szaritok\/#breadcrumb\",\"itemListElement\":[{\"@type\":\"ListItem\",\"position\":1,\"name\":\"Home\",\"item\":\"https:\/\/www.casavio.com\/hu\/\"},{\"@type\":\"ListItem\",\"position\":2,\"name\":\"Szolg\u00e1ltat\u00e1sok\",\"item\":\"https:\/\/www.casavio.com\/hu\/szolgaltatasok\/\"},{\"@type\":\"ListItem\",\"position\":3,\"name\":\"Extra szolg\u00e1ltat\u00e1sok\",\"item\":\"https:\/\/www.casavio.com\/hu\/szolgaltatasok\/extra-szolgaltatasok\/\"},{\"@type\":\"ListItem\",\"position\":4,\"name\":\"Mos\u00f3g\u00e9pek \u00e9s sz\u00e1r\u00edt\u00f3k\"}]},{\"@type\":\"WebSite\",\"@id\":\"https:\/\/www.casavio.com\/hu\/#website\",\"url\":\"https:\/\/www.casavio.com\/hu\/\",\"name\":\"Camping Ca&#039; Savio\",\"description\":\"\",\"publisher\":{\"@id\":\"https:\/\/www.casavio.com\/hu\/#organization\"},\"potentialAction\":[{\"@type\":\"SearchAction\",\"target\":{\"@type\":\"EntryPoint\",\"urlTemplate\":\"https:\/\/www.casavio.com\/hu\/?s={search_term_string}\"},\"query-input\":{\"@type\":\"PropertyValueSpecification\",\"valueRequired\":true,\"valueName\":\"search_term_string\"}}],\"inLanguage\":\"hu\"},{\"@type\":\"Organization\",\"@id\":\"https:\/\/www.casavio.com\/hu\/#organization\",\"name\":\"Camping Ca'Savio\",\"url\":\"https:\/\/www.casavio.com\/hu\/\",\"logo\":{\"@type\":\"ImageObject\",\"inLanguage\":\"hu\",\"@id\":\"https:\/\/www.casavio.com\/hu\/#\/schema\/logo\/image\/\",\"url\":\"https:\/\/www.casavio.com\/wp-content\/uploads\/2024\/04\/favicon.png\",\"contentUrl\":\"https:\/\/www.casavio.com\/wp-content\/uploads\/2024\/04\/favicon.png\",\"width\":144,\"height\":144,\"caption\":\"Camping Ca'Savio\"},\"image\":{\"@id\":\"https:\/\/www.casavio.com\/hu\/#\/schema\/logo\/image\/\"},\"sameAs\":[\"https:\/\/www.facebook.com\/campingcasavio\",\"https:\/\/www.instagram.com\/campingcasavio\",\"https:\/\/www.youtube.com\/user\/campingcasavio\"]}]}<\/script>\n<!-- \/ Yoast SEO plugin. -->","yoast_head_json":{"title":"Mos\u00f3g\u00e9pek \u00e9s sz\u00e1r\u00edt\u00f3k &#8211; Camping Ca&#039; Savio","description":"Tudja meg, hogyan \u00e9rheti el a mosodai szolg\u00e1ltat\u00e1st.","robots":{"index":"index","follow":"follow","max-snippet":"max-snippet:-1","max-image-preview":"max-image-preview:large","max-video-preview":"max-video-preview:-1"},"canonical":"https:\/\/www.casavio.com\/hu\/szolgaltatasok\/extra-szolgaltatasok\/mosogepek-es-szaritok\/","og_locale":"hu_HU","og_type":"article","og_title":"Mos\u00f3g\u00e9pek \u00e9s sz\u00e1r\u00edt\u00f3k &#8211; Camping Ca&#039; Savio","og_description":"Tudja meg, hogyan \u00e9rheti el a mosodai szolg\u00e1ltat\u00e1st.","og_url":"https:\/\/www.casavio.com\/hu\/szolgaltatasok\/extra-szolgaltatasok\/mosogepek-es-szaritok\/","og_site_name":"Camping Ca&#039; Savio","article_publisher":"https:\/\/www.facebook.com\/campingcasavio","article_modified_time":"2026-02-17T12:04:44+00:00","og_image":[{"width":440,"height":600,"url":"https:\/\/www.casavio.com\/wp-content\/uploads\/2019\/11\/ca-savio-lavatrici-essiccatoi.jpg","type":"image\/jpeg"}],"twitter_card":"summary_large_image","twitter_misc":{"Becs\u00fclt olvas\u00e1si id\u0151":"1 perc"},"schema":{"@context":"https:\/\/schema.org","@graph":[{"@type":"WebPage","@id":"https:\/\/www.casavio.com\/hu\/szolgaltatasok\/extra-szolgaltatasok\/mosogepek-es-szaritok\/","url":"https:\/\/www.casavio.com\/hu\/szolgaltatasok\/extra-szolgaltatasok\/mosogepek-es-szaritok\/","name":"Mos\u00f3g\u00e9pek \u00e9s sz\u00e1r\u00edt\u00f3k &#8211; Camping Ca&#039; Savio","isPartOf":{"@id":"https:\/\/www.casavio.com\/hu\/#website"},"primaryImageOfPage":{"@id":"https:\/\/www.casavio.com\/hu\/szolgaltatasok\/extra-szolgaltatasok\/mosogepek-es-szaritok\/#primaryimage"},"image":{"@id":"https:\/\/www.casavio.com\/hu\/szolgaltatasok\/extra-szolgaltatasok\/mosogepek-es-szaritok\/#primaryimage"},"thumbnailUrl":"https:\/\/www.casavio.com\/wp-content\/uploads\/2019\/11\/ca-savio-lavatrici-essiccatoi.jpg","datePublished":"2019-11-07T09:54:47+00:00","dateModified":"2026-02-17T12:04:44+00:00","description":"Tudja meg, hogyan \u00e9rheti el a mosodai szolg\u00e1ltat\u00e1st.","breadcrumb":{"@id":"https:\/\/www.casavio.com\/hu\/szolgaltatasok\/extra-szolgaltatasok\/mosogepek-es-szaritok\/#breadcrumb"},"inLanguage":"hu","potentialAction":[{"@type":"ReadAction","target":["https:\/\/www.casavio.com\/hu\/szolgaltatasok\/extra-szolgaltatasok\/mosogepek-es-szaritok\/"]}]},{"@type":"ImageObject","inLanguage":"hu","@id":"https:\/\/www.casavio.com\/hu\/szolgaltatasok\/extra-szolgaltatasok\/mosogepek-es-szaritok\/#primaryimage","url":"https:\/\/www.casavio.com\/wp-content\/uploads\/2019\/11\/ca-savio-lavatrici-essiccatoi.jpg","contentUrl":"https:\/\/www.casavio.com\/wp-content\/uploads\/2019\/11\/ca-savio-lavatrici-essiccatoi.jpg","width":440,"height":600},{"@type":"BreadcrumbList","@id":"https:\/\/www.casavio.com\/hu\/szolgaltatasok\/extra-szolgaltatasok\/mosogepek-es-szaritok\/#breadcrumb","itemListElement":[{"@type":"ListItem","position":1,"name":"Home","item":"https:\/\/www.casavio.com\/hu\/"},{"@type":"ListItem","position":2,"name":"Szolg\u00e1ltat\u00e1sok","item":"https:\/\/www.casavio.com\/hu\/szolgaltatasok\/"},{"@type":"ListItem","position":3,"name":"Extra szolg\u00e1ltat\u00e1sok","item":"https:\/\/www.casavio.com\/hu\/szolgaltatasok\/extra-szolgaltatasok\/"},{"@type":"ListItem","position":4,"name":"Mos\u00f3g\u00e9pek \u00e9s sz\u00e1r\u00edt\u00f3k"}]},{"@type":"WebSite","@id":"https:\/\/www.casavio.com\/hu\/#website","url":"https:\/\/www.casavio.com\/hu\/","name":"Camping Ca&#039; Savio","description":"","publisher":{"@id":"https:\/\/www.casavio.com\/hu\/#organization"},"potentialAction":[{"@type":"SearchAction","target":{"@type":"EntryPoint","urlTemplate":"https:\/\/www.casavio.com\/hu\/?s={search_term_string}"},"query-input":{"@type":"PropertyValueSpecification","valueRequired":true,"valueName":"search_term_string"}}],"inLanguage":"hu"},{"@type":"Organization","@id":"https:\/\/www.casavio.com\/hu\/#organization","name":"Camping Ca'Savio","url":"https:\/\/www.casavio.com\/hu\/","logo":{"@type":"ImageObject","inLanguage":"hu","@id":"https:\/\/www.casavio.com\/hu\/#\/schema\/logo\/image\/","url":"https:\/\/www.casavio.com\/wp-content\/uploads\/2024\/04\/favicon.png","contentUrl":"https:\/\/www.casavio.com\/wp-content\/uploads\/2024\/04\/favicon.png","width":144,"height":144,"caption":"Camping Ca'Savio"},"image":{"@id":"https:\/\/www.casavio.com\/hu\/#\/schema\/logo\/image\/"},"sameAs":["https:\/\/www.facebook.com\/campingcasavio","https:\/\/www.instagram.com\/campingcasavio","https:\/\/www.youtube.com\/user\/campingcasavio"]}]}},"_links":{"self":[{"href":"https:\/\/www.casavio.com\/hu\/wp-json\/wp\/v2\/pages\/10803","targetHints":{"allow":["GET"]}}],"collection":[{"href":"https:\/\/www.casavio.com\/hu\/wp-json\/wp\/v2\/pages"}],"about":[{"href":"https:\/\/www.casavio.com\/hu\/wp-json\/wp\/v2\/types\/page"}],"author":[{"embeddable":true,"href":"https:\/\/www.casavio.com\/hu\/wp-json\/wp\/v2\/users\/3"}],"replies":[{"embeddable":true,"href":"https:\/\/www.casavio.com\/hu\/wp-json\/wp\/v2\/comments?post=10803"}],"version-history":[{"count":2,"href":"https:\/\/www.casavio.com\/hu\/wp-json\/wp\/v2\/pages\/10803\/revisions"}],"predecessor-version":[{"id":46043,"href":"https:\/\/www.casavio.com\/hu\/wp-json\/wp\/v2\/pages\/10803\/revisions\/46043"}],"up":[{"embeddable":true,"href":"https:\/\/www.casavio.com\/hu\/wp-json\/wp\/v2\/pages\/10126"}],"wp:featuredmedia":[{"embeddable":true,"href":"https:\/\/www.casavio.com\/hu\/wp-json\/wp\/v2\/media\/3109"}],"wp:attachment":[{"href":"https:\/\/www.casavio.com\/hu\/wp-json\/wp\/v2\/media?parent=10803"}],"curies":[{"name":"wp","href":"https:\/\/api.w.org\/{rel}","templated":true}]}}