{"id":10806,"date":"2019-11-07T10:55:15","date_gmt":"2019-11-07T09:55:15","guid":{"rendered":"https:\/\/www.casavio.com\/szolgaltatasok\/spiaggia-ca-savio\/"},"modified":"2026-02-19T14:56:02","modified_gmt":"2026-02-19T13:56:02","slug":"strand-ca-savio","status":"publish","type":"page","link":"https:\/\/www.casavio.com\/hu\/szolgaltatasok\/strand-ca-savio\/","title":{"rendered":"Ca&#8217;Savio Beach"},"content":{"rendered":"","protected":false},"excerpt":{"rendered":"<p>A Ca\u2019Savio Kemping k\u00f6zvetlen\u00fcl a tengerre n\u00e9z \u00e9s majdnem 1 km hossz\u00fa, finom homokkal fedett tengerpartja van.<\/p>\n","protected":false},"author":3,"featured_media":20433,"parent":10095,"menu_order":49,"comment_status":"closed","ping_status":"closed","template":"templates\/tpl-dynamic-layout.php","meta":{"_acf_changed":false},"class_list":["post-10806","page","type-page","status-publish","has-post-thumbnail","hentry"],"acf":[],"yoast_head":"<!-- This site is optimized with the Yoast SEO plugin v25.3 - https:\/\/yoast.com\/wordpress\/plugins\/seo\/ -->\n<title>Ca\u2019 Savio Tengerpart &#8211; Camping Ca&#039; Savio<\/title>\n<meta name=\"description\" content=\"A Ca\u2019 Savio Kemping folyamatosan tiszt\u00e1n tartott szabad strandj\u00e1val k\u00e9szen \u00e1ll a vend\u00e9gek fogad\u00e1s\u00e1ra, hogy ide\u00e1lis napot t\u00f6lthessenek el a tengerparton.\" \/>\n<meta name=\"robots\" content=\"index, follow, max-snippet:-1, max-image-preview:large, max-video-preview:-1\" \/>\n<link rel=\"canonical\" href=\"https:\/\/www.casavio.com\/hu\/szolgaltatasok\/strand-ca-savio\/\" \/>\n<meta property=\"og:locale\" content=\"hu_HU\" \/>\n<meta property=\"og:type\" content=\"article\" \/>\n<meta property=\"og:title\" content=\"Ca\u2019 Savio Tengerpart &#8211; Camping Ca&#039; Savio\" \/>\n<meta property=\"og:description\" content=\"A Ca\u2019 Savio Kemping folyamatosan tiszt\u00e1n tartott szabad strandj\u00e1val k\u00e9szen \u00e1ll a vend\u00e9gek fogad\u00e1s\u00e1ra, hogy ide\u00e1lis napot t\u00f6lthessenek el a tengerparton.\" \/>\n<meta property=\"og:url\" content=\"https:\/\/www.casavio.com\/hu\/szolgaltatasok\/strand-ca-savio\/\" \/>\n<meta property=\"og:site_name\" content=\"Camping Ca&#039; Savio\" \/>\n<meta property=\"article:publisher\" content=\"https:\/\/www.facebook.com\/campingcasavio\" \/>\n<meta property=\"article:modified_time\" content=\"2026-02-19T13:56:02+00:00\" \/>\n<meta property=\"og:image\" content=\"https:\/\/www.casavio.com\/wp-content\/uploads\/2021\/10\/CaSavio_spiaggia-ev.jpg\" \/>\n\t<meta property=\"og:image:width\" content=\"440\" \/>\n\t<meta property=\"og:image:height\" content=\"600\" \/>\n\t<meta property=\"og:image:type\" content=\"image\/jpeg\" \/>\n<meta name=\"twitter:card\" content=\"summary_large_image\" \/>\n<meta name=\"twitter:label1\" content=\"Becs\u00fclt olvas\u00e1si id\u0151\" \/>\n\t<meta name=\"twitter:data1\" content=\"1 perc\" \/>\n<script type=\"application\/ld+json\" class=\"yoast-schema-graph\">{\"@context\":\"https:\/\/schema.org\",\"@graph\":[{\"@type\":\"WebPage\",\"@id\":\"https:\/\/www.casavio.com\/hu\/szolgaltatasok\/strand-ca-savio\/\",\"url\":\"https:\/\/www.casavio.com\/hu\/szolgaltatasok\/strand-ca-savio\/\",\"name\":\"Ca\u2019 Savio Tengerpart &#8211; Camping Ca&#039; Savio\",\"isPartOf\":{\"@id\":\"https:\/\/www.casavio.com\/hu\/#website\"},\"primaryImageOfPage\":{\"@id\":\"https:\/\/www.casavio.com\/hu\/szolgaltatasok\/strand-ca-savio\/#primaryimage\"},\"image\":{\"@id\":\"https:\/\/www.casavio.com\/hu\/szolgaltatasok\/strand-ca-savio\/#primaryimage\"},\"thumbnailUrl\":\"https:\/\/www.casavio.com\/wp-content\/uploads\/2021\/10\/CaSavio_spiaggia-ev.jpg\",\"datePublished\":\"2019-11-07T09:55:15+00:00\",\"dateModified\":\"2026-02-19T13:56:02+00:00\",\"description\":\"A Ca\u2019 Savio Kemping folyamatosan tiszt\u00e1n tartott szabad strandj\u00e1val k\u00e9szen \u00e1ll a vend\u00e9gek fogad\u00e1s\u00e1ra, hogy ide\u00e1lis napot t\u00f6lthessenek el a tengerparton.\",\"breadcrumb\":{\"@id\":\"https:\/\/www.casavio.com\/hu\/szolgaltatasok\/strand-ca-savio\/#breadcrumb\"},\"inLanguage\":\"hu\",\"potentialAction\":[{\"@type\":\"ReadAction\",\"target\":[\"https:\/\/www.casavio.com\/hu\/szolgaltatasok\/strand-ca-savio\/\"]}]},{\"@type\":\"ImageObject\",\"inLanguage\":\"hu\",\"@id\":\"https:\/\/www.casavio.com\/hu\/szolgaltatasok\/strand-ca-savio\/#primaryimage\",\"url\":\"https:\/\/www.casavio.com\/wp-content\/uploads\/2021\/10\/CaSavio_spiaggia-ev.jpg\",\"contentUrl\":\"https:\/\/www.casavio.com\/wp-content\/uploads\/2021\/10\/CaSavio_spiaggia-ev.jpg\",\"width\":440,\"height\":600},{\"@type\":\"BreadcrumbList\",\"@id\":\"https:\/\/www.casavio.com\/hu\/szolgaltatasok\/strand-ca-savio\/#breadcrumb\",\"itemListElement\":[{\"@type\":\"ListItem\",\"position\":1,\"name\":\"Home\",\"item\":\"https:\/\/www.casavio.com\/hu\/\"},{\"@type\":\"ListItem\",\"position\":2,\"name\":\"Szolg\u00e1ltat\u00e1sok\",\"item\":\"https:\/\/www.casavio.com\/hu\/szolgaltatasok\/\"},{\"@type\":\"ListItem\",\"position\":3,\"name\":\"Ca&#8217;Savio Beach\"}]},{\"@type\":\"WebSite\",\"@id\":\"https:\/\/www.casavio.com\/hu\/#website\",\"url\":\"https:\/\/www.casavio.com\/hu\/\",\"name\":\"Camping Ca&#039; Savio\",\"description\":\"\",\"publisher\":{\"@id\":\"https:\/\/www.casavio.com\/hu\/#organization\"},\"potentialAction\":[{\"@type\":\"SearchAction\",\"target\":{\"@type\":\"EntryPoint\",\"urlTemplate\":\"https:\/\/www.casavio.com\/hu\/?s={search_term_string}\"},\"query-input\":{\"@type\":\"PropertyValueSpecification\",\"valueRequired\":true,\"valueName\":\"search_term_string\"}}],\"inLanguage\":\"hu\"},{\"@type\":\"Organization\",\"@id\":\"https:\/\/www.casavio.com\/hu\/#organization\",\"name\":\"Camping Ca'Savio\",\"url\":\"https:\/\/www.casavio.com\/hu\/\",\"logo\":{\"@type\":\"ImageObject\",\"inLanguage\":\"hu\",\"@id\":\"https:\/\/www.casavio.com\/hu\/#\/schema\/logo\/image\/\",\"url\":\"https:\/\/www.casavio.com\/wp-content\/uploads\/2024\/04\/favicon.png\",\"contentUrl\":\"https:\/\/www.casavio.com\/wp-content\/uploads\/2024\/04\/favicon.png\",\"width\":144,\"height\":144,\"caption\":\"Camping Ca'Savio\"},\"image\":{\"@id\":\"https:\/\/www.casavio.com\/hu\/#\/schema\/logo\/image\/\"},\"sameAs\":[\"https:\/\/www.facebook.com\/campingcasavio\",\"https:\/\/www.instagram.com\/campingcasavio\",\"https:\/\/www.youtube.com\/user\/campingcasavio\"]}]}<\/script>\n<!-- \/ Yoast SEO plugin. -->","yoast_head_json":{"title":"Ca\u2019 Savio Tengerpart &#8211; Camping Ca&#039; Savio","description":"A Ca\u2019 Savio Kemping folyamatosan tiszt\u00e1n tartott szabad strandj\u00e1val k\u00e9szen \u00e1ll a vend\u00e9gek fogad\u00e1s\u00e1ra, hogy ide\u00e1lis napot t\u00f6lthessenek el a tengerparton.","robots":{"index":"index","follow":"follow","max-snippet":"max-snippet:-1","max-image-preview":"max-image-preview:large","max-video-preview":"max-video-preview:-1"},"canonical":"https:\/\/www.casavio.com\/hu\/szolgaltatasok\/strand-ca-savio\/","og_locale":"hu_HU","og_type":"article","og_title":"Ca\u2019 Savio Tengerpart &#8211; Camping Ca&#039; Savio","og_description":"A Ca\u2019 Savio Kemping folyamatosan tiszt\u00e1n tartott szabad strandj\u00e1val k\u00e9szen \u00e1ll a vend\u00e9gek fogad\u00e1s\u00e1ra, hogy ide\u00e1lis napot t\u00f6lthessenek el a tengerparton.","og_url":"https:\/\/www.casavio.com\/hu\/szolgaltatasok\/strand-ca-savio\/","og_site_name":"Camping Ca&#039; Savio","article_publisher":"https:\/\/www.facebook.com\/campingcasavio","article_modified_time":"2026-02-19T13:56:02+00:00","og_image":[{"width":440,"height":600,"url":"https:\/\/www.casavio.com\/wp-content\/uploads\/2021\/10\/CaSavio_spiaggia-ev.jpg","type":"image\/jpeg"}],"twitter_card":"summary_large_image","twitter_misc":{"Becs\u00fclt olvas\u00e1si id\u0151":"1 perc"},"schema":{"@context":"https:\/\/schema.org","@graph":[{"@type":"WebPage","@id":"https:\/\/www.casavio.com\/hu\/szolgaltatasok\/strand-ca-savio\/","url":"https:\/\/www.casavio.com\/hu\/szolgaltatasok\/strand-ca-savio\/","name":"Ca\u2019 Savio Tengerpart &#8211; Camping Ca&#039; Savio","isPartOf":{"@id":"https:\/\/www.casavio.com\/hu\/#website"},"primaryImageOfPage":{"@id":"https:\/\/www.casavio.com\/hu\/szolgaltatasok\/strand-ca-savio\/#primaryimage"},"image":{"@id":"https:\/\/www.casavio.com\/hu\/szolgaltatasok\/strand-ca-savio\/#primaryimage"},"thumbnailUrl":"https:\/\/www.casavio.com\/wp-content\/uploads\/2021\/10\/CaSavio_spiaggia-ev.jpg","datePublished":"2019-11-07T09:55:15+00:00","dateModified":"2026-02-19T13:56:02+00:00","description":"A Ca\u2019 Savio Kemping folyamatosan tiszt\u00e1n tartott szabad strandj\u00e1val k\u00e9szen \u00e1ll a vend\u00e9gek fogad\u00e1s\u00e1ra, hogy ide\u00e1lis napot t\u00f6lthessenek el a tengerparton.","breadcrumb":{"@id":"https:\/\/www.casavio.com\/hu\/szolgaltatasok\/strand-ca-savio\/#breadcrumb"},"inLanguage":"hu","potentialAction":[{"@type":"ReadAction","target":["https:\/\/www.casavio.com\/hu\/szolgaltatasok\/strand-ca-savio\/"]}]},{"@type":"ImageObject","inLanguage":"hu","@id":"https:\/\/www.casavio.com\/hu\/szolgaltatasok\/strand-ca-savio\/#primaryimage","url":"https:\/\/www.casavio.com\/wp-content\/uploads\/2021\/10\/CaSavio_spiaggia-ev.jpg","contentUrl":"https:\/\/www.casavio.com\/wp-content\/uploads\/2021\/10\/CaSavio_spiaggia-ev.jpg","width":440,"height":600},{"@type":"BreadcrumbList","@id":"https:\/\/www.casavio.com\/hu\/szolgaltatasok\/strand-ca-savio\/#breadcrumb","itemListElement":[{"@type":"ListItem","position":1,"name":"Home","item":"https:\/\/www.casavio.com\/hu\/"},{"@type":"ListItem","position":2,"name":"Szolg\u00e1ltat\u00e1sok","item":"https:\/\/www.casavio.com\/hu\/szolgaltatasok\/"},{"@type":"ListItem","position":3,"name":"Ca&#8217;Savio Beach"}]},{"@type":"WebSite","@id":"https:\/\/www.casavio.com\/hu\/#website","url":"https:\/\/www.casavio.com\/hu\/","name":"Camping Ca&#039; Savio","description":"","publisher":{"@id":"https:\/\/www.casavio.com\/hu\/#organization"},"potentialAction":[{"@type":"SearchAction","target":{"@type":"EntryPoint","urlTemplate":"https:\/\/www.casavio.com\/hu\/?s={search_term_string}"},"query-input":{"@type":"PropertyValueSpecification","valueRequired":true,"valueName":"search_term_string"}}],"inLanguage":"hu"},{"@type":"Organization","@id":"https:\/\/www.casavio.com\/hu\/#organization","name":"Camping Ca'Savio","url":"https:\/\/www.casavio.com\/hu\/","logo":{"@type":"ImageObject","inLanguage":"hu","@id":"https:\/\/www.casavio.com\/hu\/#\/schema\/logo\/image\/","url":"https:\/\/www.casavio.com\/wp-content\/uploads\/2024\/04\/favicon.png","contentUrl":"https:\/\/www.casavio.com\/wp-content\/uploads\/2024\/04\/favicon.png","width":144,"height":144,"caption":"Camping Ca'Savio"},"image":{"@id":"https:\/\/www.casavio.com\/hu\/#\/schema\/logo\/image\/"},"sameAs":["https:\/\/www.facebook.com\/campingcasavio","https:\/\/www.instagram.com\/campingcasavio","https:\/\/www.youtube.com\/user\/campingcasavio"]}]}},"_links":{"self":[{"href":"https:\/\/www.casavio.com\/hu\/wp-json\/wp\/v2\/pages\/10806","targetHints":{"allow":["GET"]}}],"collection":[{"href":"https:\/\/www.casavio.com\/hu\/wp-json\/wp\/v2\/pages"}],"about":[{"href":"https:\/\/www.casavio.com\/hu\/wp-json\/wp\/v2\/types\/page"}],"author":[{"embeddable":true,"href":"https:\/\/www.casavio.com\/hu\/wp-json\/wp\/v2\/users\/3"}],"replies":[{"embeddable":true,"href":"https:\/\/www.casavio.com\/hu\/wp-json\/wp\/v2\/comments?post=10806"}],"version-history":[{"count":3,"href":"https:\/\/www.casavio.com\/hu\/wp-json\/wp\/v2\/pages\/10806\/revisions"}],"predecessor-version":[{"id":46084,"href":"https:\/\/www.casavio.com\/hu\/wp-json\/wp\/v2\/pages\/10806\/revisions\/46084"}],"up":[{"embeddable":true,"href":"https:\/\/www.casavio.com\/hu\/wp-json\/wp\/v2\/pages\/10095"}],"wp:featuredmedia":[{"embeddable":true,"href":"https:\/\/www.casavio.com\/hu\/wp-json\/wp\/v2\/media\/20433"}],"wp:attachment":[{"href":"https:\/\/www.casavio.com\/hu\/wp-json\/wp\/v2\/media?parent=10806"}],"curies":[{"name":"wp","href":"https:\/\/api.w.org\/{rel}","templated":true}]}}