{"id":10815,"date":"2019-11-07T11:00:52","date_gmt":"2019-11-07T10:00:52","guid":{"rendered":"https:\/\/www.casavio.com\/attivita-in-campeggio\/sport-e-fitness\/"},"modified":"2020-04-30T10:22:03","modified_gmt":"2020-04-30T08:22:03","slug":"sport-es-fitnesz","status":"publish","type":"page","link":"https:\/\/www.casavio.com\/hu\/tevekenysegek-kemping\/sport-es-fitnesz\/","title":{"rendered":"Sport \u00e9s Fitnesz"},"content":{"rendered":"<p>Sz\u00e1mos szabadt\u00e9ri sporttev\u00e9kenys\u00e9g v\u00e1r a Ca\u2019 Savio kempingben, hogy form\u00e1ban maradj \u00e9s sz\u00f3rakozz. Egy regener\u00e1l\u00f3 \u00e9s sz\u00f3rakoztat\u00f3 nyaral\u00e1s az, amit sz\u00e1motokra kigondoltunk&#8230;<\/p>\n","protected":false},"excerpt":{"rendered":"<p>Sz\u00e1mos szabadt\u00e9ri tev\u00e9kenys\u00e9g a sport \u00e9s a kellemes k\u00f6z\u00e9rzet jegy\u00e9ben elt\u00f6ltend\u0151 nyaral\u00e1shoz.<\/p>\n","protected":false},"author":3,"featured_media":3281,"parent":10813,"menu_order":54,"comment_status":"closed","ping_status":"closed","template":"templates\/tpl-children-with-intro.php","meta":{"_acf_changed":false},"class_list":["post-10815","page","type-page","status-publish","has-post-thumbnail","hentry"],"acf":[],"yoast_head":"<!-- This site is optimized with the Yoast SEO plugin v25.3 - https:\/\/yoast.com\/wordpress\/plugins\/seo\/ -->\n<title>Sport \u00e9s Fitnesz a Kempingben &#8211; Camping Ca&#039; Savio<\/title>\n<meta name=\"description\" content=\"Sport gyerekeidnek \u00e9s neked a Ca\u2019 Savio kempingben, Cavallino Treporti-ban. A kempingben sportversenyek \u00e9s tanfolyamok v\u00e1rnak, hogy tartsd a form\u00e1d \u00e9s j\u00f3l \u00e9rezd magad. Ismerd meg a r\u00e9szleteket \u00e9s l\u00e9pj kapcsolatba vel\u00fcnk!\" \/>\n<meta name=\"robots\" content=\"index, follow, max-snippet:-1, max-image-preview:large, max-video-preview:-1\" \/>\n<link rel=\"canonical\" href=\"https:\/\/www.casavio.com\/hu\/tevekenysegek-kemping\/sport-es-fitnesz\/\" \/>\n<meta property=\"og:locale\" content=\"hu_HU\" \/>\n<meta property=\"og:type\" content=\"article\" \/>\n<meta property=\"og:title\" content=\"Sport \u00e9s Fitnesz a Kempingben &#8211; Camping Ca&#039; Savio\" \/>\n<meta property=\"og:description\" content=\"Sport gyerekeidnek \u00e9s neked a Ca\u2019 Savio kempingben, Cavallino Treporti-ban. A kempingben sportversenyek \u00e9s tanfolyamok v\u00e1rnak, hogy tartsd a form\u00e1d \u00e9s j\u00f3l \u00e9rezd magad. Ismerd meg a r\u00e9szleteket \u00e9s l\u00e9pj kapcsolatba vel\u00fcnk!\" \/>\n<meta property=\"og:url\" content=\"https:\/\/www.casavio.com\/hu\/tevekenysegek-kemping\/sport-es-fitnesz\/\" \/>\n<meta property=\"og:site_name\" content=\"Camping Ca&#039; Savio\" \/>\n<meta property=\"article:publisher\" content=\"https:\/\/www.facebook.com\/campingcasavio\" \/>\n<meta property=\"article:modified_time\" content=\"2020-04-30T08:22:03+00:00\" \/>\n<meta property=\"og:image\" content=\"https:\/\/www.casavio.com\/wp-content\/uploads\/2019\/11\/ca-savio-attivit\u00e0-sport-fitness.jpg\" \/>\n\t<meta property=\"og:image:width\" content=\"440\" \/>\n\t<meta property=\"og:image:height\" content=\"600\" \/>\n\t<meta property=\"og:image:type\" content=\"image\/jpeg\" \/>\n<meta name=\"twitter:card\" content=\"summary_large_image\" \/>\n<script type=\"application\/ld+json\" class=\"yoast-schema-graph\">{\"@context\":\"https:\/\/schema.org\",\"@graph\":[{\"@type\":\"WebPage\",\"@id\":\"https:\/\/www.casavio.com\/hu\/tevekenysegek-kemping\/sport-es-fitnesz\/\",\"url\":\"https:\/\/www.casavio.com\/hu\/tevekenysegek-kemping\/sport-es-fitnesz\/\",\"name\":\"Sport \u00e9s Fitnesz a Kempingben &#8211; Camping Ca&#039; Savio\",\"isPartOf\":{\"@id\":\"https:\/\/www.casavio.com\/hu\/#website\"},\"primaryImageOfPage\":{\"@id\":\"https:\/\/www.casavio.com\/hu\/tevekenysegek-kemping\/sport-es-fitnesz\/#primaryimage\"},\"image\":{\"@id\":\"https:\/\/www.casavio.com\/hu\/tevekenysegek-kemping\/sport-es-fitnesz\/#primaryimage\"},\"thumbnailUrl\":\"https:\/\/www.casavio.com\/wp-content\/uploads\/2019\/11\/ca-savio-attivit\u00e0-sport-fitness.jpg\",\"datePublished\":\"2019-11-07T10:00:52+00:00\",\"dateModified\":\"2020-04-30T08:22:03+00:00\",\"description\":\"Sport gyerekeidnek \u00e9s neked a Ca\u2019 Savio kempingben, Cavallino Treporti-ban. A kempingben sportversenyek \u00e9s tanfolyamok v\u00e1rnak, hogy tartsd a form\u00e1d \u00e9s j\u00f3l \u00e9rezd magad. Ismerd meg a r\u00e9szleteket \u00e9s l\u00e9pj kapcsolatba vel\u00fcnk!\",\"breadcrumb\":{\"@id\":\"https:\/\/www.casavio.com\/hu\/tevekenysegek-kemping\/sport-es-fitnesz\/#breadcrumb\"},\"inLanguage\":\"hu\",\"potentialAction\":[{\"@type\":\"ReadAction\",\"target\":[\"https:\/\/www.casavio.com\/hu\/tevekenysegek-kemping\/sport-es-fitnesz\/\"]}]},{\"@type\":\"ImageObject\",\"inLanguage\":\"hu\",\"@id\":\"https:\/\/www.casavio.com\/hu\/tevekenysegek-kemping\/sport-es-fitnesz\/#primaryimage\",\"url\":\"https:\/\/www.casavio.com\/wp-content\/uploads\/2019\/11\/ca-savio-attivit\u00e0-sport-fitness.jpg\",\"contentUrl\":\"https:\/\/www.casavio.com\/wp-content\/uploads\/2019\/11\/ca-savio-attivit\u00e0-sport-fitness.jpg\",\"width\":440,\"height\":600},{\"@type\":\"BreadcrumbList\",\"@id\":\"https:\/\/www.casavio.com\/hu\/tevekenysegek-kemping\/sport-es-fitnesz\/#breadcrumb\",\"itemListElement\":[{\"@type\":\"ListItem\",\"position\":1,\"name\":\"Home\",\"item\":\"https:\/\/www.casavio.com\/hu\/\"},{\"@type\":\"ListItem\",\"position\":2,\"name\":\"Tev\u00e9kenys\u00e9gek\",\"item\":\"https:\/\/www.casavio.com\/hu\/tevekenysegek-kemping\/\"},{\"@type\":\"ListItem\",\"position\":3,\"name\":\"Sport \u00e9s Fitnesz\"}]},{\"@type\":\"WebSite\",\"@id\":\"https:\/\/www.casavio.com\/hu\/#website\",\"url\":\"https:\/\/www.casavio.com\/hu\/\",\"name\":\"Camping Ca&#039; Savio\",\"description\":\"\",\"publisher\":{\"@id\":\"https:\/\/www.casavio.com\/hu\/#organization\"},\"potentialAction\":[{\"@type\":\"SearchAction\",\"target\":{\"@type\":\"EntryPoint\",\"urlTemplate\":\"https:\/\/www.casavio.com\/hu\/?s={search_term_string}\"},\"query-input\":{\"@type\":\"PropertyValueSpecification\",\"valueRequired\":true,\"valueName\":\"search_term_string\"}}],\"inLanguage\":\"hu\"},{\"@type\":\"Organization\",\"@id\":\"https:\/\/www.casavio.com\/hu\/#organization\",\"name\":\"Camping Ca'Savio\",\"url\":\"https:\/\/www.casavio.com\/hu\/\",\"logo\":{\"@type\":\"ImageObject\",\"inLanguage\":\"hu\",\"@id\":\"https:\/\/www.casavio.com\/hu\/#\/schema\/logo\/image\/\",\"url\":\"https:\/\/www.casavio.com\/wp-content\/uploads\/2024\/04\/favicon.png\",\"contentUrl\":\"https:\/\/www.casavio.com\/wp-content\/uploads\/2024\/04\/favicon.png\",\"width\":144,\"height\":144,\"caption\":\"Camping Ca'Savio\"},\"image\":{\"@id\":\"https:\/\/www.casavio.com\/hu\/#\/schema\/logo\/image\/\"},\"sameAs\":[\"https:\/\/www.facebook.com\/campingcasavio\",\"https:\/\/www.instagram.com\/campingcasavio\",\"https:\/\/www.youtube.com\/user\/campingcasavio\"]}]}<\/script>\n<!-- \/ Yoast SEO plugin. -->","yoast_head_json":{"title":"Sport \u00e9s Fitnesz a Kempingben &#8211; Camping Ca&#039; Savio","description":"Sport gyerekeidnek \u00e9s neked a Ca\u2019 Savio kempingben, Cavallino Treporti-ban. A kempingben sportversenyek \u00e9s tanfolyamok v\u00e1rnak, hogy tartsd a form\u00e1d \u00e9s j\u00f3l \u00e9rezd magad. Ismerd meg a r\u00e9szleteket \u00e9s l\u00e9pj kapcsolatba vel\u00fcnk!","robots":{"index":"index","follow":"follow","max-snippet":"max-snippet:-1","max-image-preview":"max-image-preview:large","max-video-preview":"max-video-preview:-1"},"canonical":"https:\/\/www.casavio.com\/hu\/tevekenysegek-kemping\/sport-es-fitnesz\/","og_locale":"hu_HU","og_type":"article","og_title":"Sport \u00e9s Fitnesz a Kempingben &#8211; Camping Ca&#039; Savio","og_description":"Sport gyerekeidnek \u00e9s neked a Ca\u2019 Savio kempingben, Cavallino Treporti-ban. A kempingben sportversenyek \u00e9s tanfolyamok v\u00e1rnak, hogy tartsd a form\u00e1d \u00e9s j\u00f3l \u00e9rezd magad. Ismerd meg a r\u00e9szleteket \u00e9s l\u00e9pj kapcsolatba vel\u00fcnk!","og_url":"https:\/\/www.casavio.com\/hu\/tevekenysegek-kemping\/sport-es-fitnesz\/","og_site_name":"Camping Ca&#039; Savio","article_publisher":"https:\/\/www.facebook.com\/campingcasavio","article_modified_time":"2020-04-30T08:22:03+00:00","og_image":[{"width":440,"height":600,"url":"https:\/\/www.casavio.com\/wp-content\/uploads\/2019\/11\/ca-savio-attivit\u00e0-sport-fitness.jpg","type":"image\/jpeg"}],"twitter_card":"summary_large_image","schema":{"@context":"https:\/\/schema.org","@graph":[{"@type":"WebPage","@id":"https:\/\/www.casavio.com\/hu\/tevekenysegek-kemping\/sport-es-fitnesz\/","url":"https:\/\/www.casavio.com\/hu\/tevekenysegek-kemping\/sport-es-fitnesz\/","name":"Sport \u00e9s Fitnesz a Kempingben &#8211; Camping Ca&#039; Savio","isPartOf":{"@id":"https:\/\/www.casavio.com\/hu\/#website"},"primaryImageOfPage":{"@id":"https:\/\/www.casavio.com\/hu\/tevekenysegek-kemping\/sport-es-fitnesz\/#primaryimage"},"image":{"@id":"https:\/\/www.casavio.com\/hu\/tevekenysegek-kemping\/sport-es-fitnesz\/#primaryimage"},"thumbnailUrl":"https:\/\/www.casavio.com\/wp-content\/uploads\/2019\/11\/ca-savio-attivit\u00e0-sport-fitness.jpg","datePublished":"2019-11-07T10:00:52+00:00","dateModified":"2020-04-30T08:22:03+00:00","description":"Sport gyerekeidnek \u00e9s neked a Ca\u2019 Savio kempingben, Cavallino Treporti-ban. A kempingben sportversenyek \u00e9s tanfolyamok v\u00e1rnak, hogy tartsd a form\u00e1d \u00e9s j\u00f3l \u00e9rezd magad. Ismerd meg a r\u00e9szleteket \u00e9s l\u00e9pj kapcsolatba vel\u00fcnk!","breadcrumb":{"@id":"https:\/\/www.casavio.com\/hu\/tevekenysegek-kemping\/sport-es-fitnesz\/#breadcrumb"},"inLanguage":"hu","potentialAction":[{"@type":"ReadAction","target":["https:\/\/www.casavio.com\/hu\/tevekenysegek-kemping\/sport-es-fitnesz\/"]}]},{"@type":"ImageObject","inLanguage":"hu","@id":"https:\/\/www.casavio.com\/hu\/tevekenysegek-kemping\/sport-es-fitnesz\/#primaryimage","url":"https:\/\/www.casavio.com\/wp-content\/uploads\/2019\/11\/ca-savio-attivit\u00e0-sport-fitness.jpg","contentUrl":"https:\/\/www.casavio.com\/wp-content\/uploads\/2019\/11\/ca-savio-attivit\u00e0-sport-fitness.jpg","width":440,"height":600},{"@type":"BreadcrumbList","@id":"https:\/\/www.casavio.com\/hu\/tevekenysegek-kemping\/sport-es-fitnesz\/#breadcrumb","itemListElement":[{"@type":"ListItem","position":1,"name":"Home","item":"https:\/\/www.casavio.com\/hu\/"},{"@type":"ListItem","position":2,"name":"Tev\u00e9kenys\u00e9gek","item":"https:\/\/www.casavio.com\/hu\/tevekenysegek-kemping\/"},{"@type":"ListItem","position":3,"name":"Sport \u00e9s Fitnesz"}]},{"@type":"WebSite","@id":"https:\/\/www.casavio.com\/hu\/#website","url":"https:\/\/www.casavio.com\/hu\/","name":"Camping Ca&#039; Savio","description":"","publisher":{"@id":"https:\/\/www.casavio.com\/hu\/#organization"},"potentialAction":[{"@type":"SearchAction","target":{"@type":"EntryPoint","urlTemplate":"https:\/\/www.casavio.com\/hu\/?s={search_term_string}"},"query-input":{"@type":"PropertyValueSpecification","valueRequired":true,"valueName":"search_term_string"}}],"inLanguage":"hu"},{"@type":"Organization","@id":"https:\/\/www.casavio.com\/hu\/#organization","name":"Camping Ca'Savio","url":"https:\/\/www.casavio.com\/hu\/","logo":{"@type":"ImageObject","inLanguage":"hu","@id":"https:\/\/www.casavio.com\/hu\/#\/schema\/logo\/image\/","url":"https:\/\/www.casavio.com\/wp-content\/uploads\/2024\/04\/favicon.png","contentUrl":"https:\/\/www.casavio.com\/wp-content\/uploads\/2024\/04\/favicon.png","width":144,"height":144,"caption":"Camping Ca'Savio"},"image":{"@id":"https:\/\/www.casavio.com\/hu\/#\/schema\/logo\/image\/"},"sameAs":["https:\/\/www.facebook.com\/campingcasavio","https:\/\/www.instagram.com\/campingcasavio","https:\/\/www.youtube.com\/user\/campingcasavio"]}]}},"_links":{"self":[{"href":"https:\/\/www.casavio.com\/hu\/wp-json\/wp\/v2\/pages\/10815","targetHints":{"allow":["GET"]}}],"collection":[{"href":"https:\/\/www.casavio.com\/hu\/wp-json\/wp\/v2\/pages"}],"about":[{"href":"https:\/\/www.casavio.com\/hu\/wp-json\/wp\/v2\/types\/page"}],"author":[{"embeddable":true,"href":"https:\/\/www.casavio.com\/hu\/wp-json\/wp\/v2\/users\/3"}],"replies":[{"embeddable":true,"href":"https:\/\/www.casavio.com\/hu\/wp-json\/wp\/v2\/comments?post=10815"}],"version-history":[{"count":1,"href":"https:\/\/www.casavio.com\/hu\/wp-json\/wp\/v2\/pages\/10815\/revisions"}],"predecessor-version":[{"id":10817,"href":"https:\/\/www.casavio.com\/hu\/wp-json\/wp\/v2\/pages\/10815\/revisions\/10817"}],"up":[{"embeddable":true,"href":"https:\/\/www.casavio.com\/hu\/wp-json\/wp\/v2\/pages\/10813"}],"wp:featuredmedia":[{"embeddable":true,"href":"https:\/\/www.casavio.com\/hu\/wp-json\/wp\/v2\/media\/3281"}],"wp:attachment":[{"href":"https:\/\/www.casavio.com\/hu\/wp-json\/wp\/v2\/media?parent=10815"}],"curies":[{"name":"wp","href":"https:\/\/api.w.org\/{rel}","templated":true}]}}