{"id":10828,"date":"2019-11-07T11:04:11","date_gmt":"2019-11-07T10:04:11","guid":{"rendered":"https:\/\/www.casavio.com\/tevekenysegek-kemping\/sport-es-fitnesz\/scuola-volley\/"},"modified":"2026-02-10T12:07:32","modified_gmt":"2026-02-10T11:07:32","slug":"beach-volley-suli","status":"publish","type":"page","link":"https:\/\/www.casavio.com\/hu\/tevekenysegek-kemping\/sport-es-fitnesz\/beach-volley-suli\/","title":{"rendered":"Beach volley"},"content":{"rendered":"<p>A finom szemcs\u00e9j\u0171, arany sz\u00edn\u0171 homokkal fedett t\u00e1gas <a href=\"https:\/\/www.casavio.com\/hu\/szolgaltatasok\/strand-ca-savio\/\">tengerpart<\/a>, amelyre a Ca\u2019 Savio kemping n\u00e9z, ide\u00e1lis hely a kikapcsol\u00f3d\u00e1shoz, de a <strong>beach volley<\/strong> sport \u0171z\u00e9s\u00e9hez is.<\/p>\n<p>Minden h\u00e9ten r\u00e9szt vehet az anim\u00e1ci\u00f3s csapatunk \u00e1ltal szervezett <strong>torn\u00e1kon<\/strong>, mind a gyermekek (reggel), mind a feln\u0151ttek (d\u00e9lut\u00e1n) sz\u00e1m\u00e1ra.<\/p>\n<p>A tal\u00e1lkoz\u00e1si pont a strandon (3. strand kij\u00e1rat) tal\u00e1lhat\u00f3, ahol r\u00f6plabdah\u00e1l\u00f3k is vannak.<\/p>\n<p>&nbsp;<\/p>\n","protected":false},"excerpt":{"rendered":"<p>Azoknak a gyerekeknek, akik szeretn\u00e9k elsaj\u00e1t\u00edtani a beach volley alapjait.<\/p>\n","protected":false},"author":3,"featured_media":3322,"parent":10815,"menu_order":56,"comment_status":"closed","ping_status":"closed","template":"","meta":{"_acf_changed":false},"class_list":["post-10828","page","type-page","status-publish","has-post-thumbnail","hentry"],"acf":[],"yoast_head":"<!-- This site is optimized with the Yoast SEO plugin v25.3 - https:\/\/yoast.com\/wordpress\/plugins\/seo\/ -->\n<title>R\u00f6plabda iskola | Sport \u00e9s Fitnesz a Kempingben &#8211; Camping Ca&#039; Savio<\/title>\n<meta name=\"description\" content=\"Oktat\u00f3inknak k\u00f6sz\u00f6nhet\u0151en j\u00e1tszhat vagy megtanulhat strandr\u00f6plabd\u00e1t. Tudjon meg t\u00f6bbet \u00e9s vegye fel vel\u00fcnk a kapcsolatot!\" \/>\n<meta name=\"robots\" content=\"index, follow, max-snippet:-1, max-image-preview:large, max-video-preview:-1\" \/>\n<link rel=\"canonical\" href=\"https:\/\/www.casavio.com\/hu\/tevekenysegek-kemping\/sport-es-fitnesz\/beach-volley-suli\/\" \/>\n<meta property=\"og:locale\" content=\"hu_HU\" \/>\n<meta property=\"og:type\" content=\"article\" \/>\n<meta property=\"og:title\" content=\"R\u00f6plabda iskola | Sport \u00e9s Fitnesz a Kempingben &#8211; Camping Ca&#039; Savio\" \/>\n<meta property=\"og:description\" content=\"Oktat\u00f3inknak k\u00f6sz\u00f6nhet\u0151en j\u00e1tszhat vagy megtanulhat strandr\u00f6plabd\u00e1t. Tudjon meg t\u00f6bbet \u00e9s vegye fel vel\u00fcnk a kapcsolatot!\" \/>\n<meta property=\"og:url\" content=\"https:\/\/www.casavio.com\/hu\/tevekenysegek-kemping\/sport-es-fitnesz\/beach-volley-suli\/\" \/>\n<meta property=\"og:site_name\" content=\"Camping Ca&#039; Savio\" \/>\n<meta property=\"article:publisher\" content=\"https:\/\/www.facebook.com\/campingcasavio\" \/>\n<meta property=\"article:modified_time\" content=\"2026-02-10T11:07:32+00:00\" \/>\n<meta property=\"og:image\" content=\"https:\/\/www.casavio.com\/wp-content\/uploads\/2019\/11\/ca-savio-sport-fitness-scuola-volley.jpg\" \/>\n\t<meta property=\"og:image:width\" content=\"440\" \/>\n\t<meta property=\"og:image:height\" content=\"600\" \/>\n\t<meta property=\"og:image:type\" content=\"image\/jpeg\" \/>\n<meta name=\"twitter:card\" content=\"summary_large_image\" \/>\n<meta name=\"twitter:label1\" content=\"Becs\u00fclt olvas\u00e1si id\u0151\" \/>\n\t<meta name=\"twitter:data1\" content=\"1 perc\" \/>\n<script type=\"application\/ld+json\" class=\"yoast-schema-graph\">{\"@context\":\"https:\/\/schema.org\",\"@graph\":[{\"@type\":\"WebPage\",\"@id\":\"https:\/\/www.casavio.com\/hu\/tevekenysegek-kemping\/sport-es-fitnesz\/beach-volley-suli\/\",\"url\":\"https:\/\/www.casavio.com\/hu\/tevekenysegek-kemping\/sport-es-fitnesz\/beach-volley-suli\/\",\"name\":\"R\u00f6plabda iskola | Sport \u00e9s Fitnesz a Kempingben &#8211; Camping Ca&#039; Savio\",\"isPartOf\":{\"@id\":\"https:\/\/www.casavio.com\/hu\/#website\"},\"primaryImageOfPage\":{\"@id\":\"https:\/\/www.casavio.com\/hu\/tevekenysegek-kemping\/sport-es-fitnesz\/beach-volley-suli\/#primaryimage\"},\"image\":{\"@id\":\"https:\/\/www.casavio.com\/hu\/tevekenysegek-kemping\/sport-es-fitnesz\/beach-volley-suli\/#primaryimage\"},\"thumbnailUrl\":\"https:\/\/www.casavio.com\/wp-content\/uploads\/2019\/11\/ca-savio-sport-fitness-scuola-volley.jpg\",\"datePublished\":\"2019-11-07T10:04:11+00:00\",\"dateModified\":\"2026-02-10T11:07:32+00:00\",\"description\":\"Oktat\u00f3inknak k\u00f6sz\u00f6nhet\u0151en j\u00e1tszhat vagy megtanulhat strandr\u00f6plabd\u00e1t. Tudjon meg t\u00f6bbet \u00e9s vegye fel vel\u00fcnk a kapcsolatot!\",\"breadcrumb\":{\"@id\":\"https:\/\/www.casavio.com\/hu\/tevekenysegek-kemping\/sport-es-fitnesz\/beach-volley-suli\/#breadcrumb\"},\"inLanguage\":\"hu\",\"potentialAction\":[{\"@type\":\"ReadAction\",\"target\":[\"https:\/\/www.casavio.com\/hu\/tevekenysegek-kemping\/sport-es-fitnesz\/beach-volley-suli\/\"]}]},{\"@type\":\"ImageObject\",\"inLanguage\":\"hu\",\"@id\":\"https:\/\/www.casavio.com\/hu\/tevekenysegek-kemping\/sport-es-fitnesz\/beach-volley-suli\/#primaryimage\",\"url\":\"https:\/\/www.casavio.com\/wp-content\/uploads\/2019\/11\/ca-savio-sport-fitness-scuola-volley.jpg\",\"contentUrl\":\"https:\/\/www.casavio.com\/wp-content\/uploads\/2019\/11\/ca-savio-sport-fitness-scuola-volley.jpg\",\"width\":440,\"height\":600},{\"@type\":\"BreadcrumbList\",\"@id\":\"https:\/\/www.casavio.com\/hu\/tevekenysegek-kemping\/sport-es-fitnesz\/beach-volley-suli\/#breadcrumb\",\"itemListElement\":[{\"@type\":\"ListItem\",\"position\":1,\"name\":\"Home\",\"item\":\"https:\/\/www.casavio.com\/hu\/\"},{\"@type\":\"ListItem\",\"position\":2,\"name\":\"Tev\u00e9kenys\u00e9gek\",\"item\":\"https:\/\/www.casavio.com\/hu\/tevekenysegek-kemping\/\"},{\"@type\":\"ListItem\",\"position\":3,\"name\":\"Sport \u00e9s Fitnesz\",\"item\":\"https:\/\/www.casavio.com\/hu\/tevekenysegek-kemping\/sport-es-fitnesz\/\"},{\"@type\":\"ListItem\",\"position\":4,\"name\":\"Beach volley\"}]},{\"@type\":\"WebSite\",\"@id\":\"https:\/\/www.casavio.com\/hu\/#website\",\"url\":\"https:\/\/www.casavio.com\/hu\/\",\"name\":\"Camping Ca&#039; Savio\",\"description\":\"\",\"publisher\":{\"@id\":\"https:\/\/www.casavio.com\/hu\/#organization\"},\"potentialAction\":[{\"@type\":\"SearchAction\",\"target\":{\"@type\":\"EntryPoint\",\"urlTemplate\":\"https:\/\/www.casavio.com\/hu\/?s={search_term_string}\"},\"query-input\":{\"@type\":\"PropertyValueSpecification\",\"valueRequired\":true,\"valueName\":\"search_term_string\"}}],\"inLanguage\":\"hu\"},{\"@type\":\"Organization\",\"@id\":\"https:\/\/www.casavio.com\/hu\/#organization\",\"name\":\"Camping Ca'Savio\",\"url\":\"https:\/\/www.casavio.com\/hu\/\",\"logo\":{\"@type\":\"ImageObject\",\"inLanguage\":\"hu\",\"@id\":\"https:\/\/www.casavio.com\/hu\/#\/schema\/logo\/image\/\",\"url\":\"https:\/\/www.casavio.com\/wp-content\/uploads\/2024\/04\/favicon.png\",\"contentUrl\":\"https:\/\/www.casavio.com\/wp-content\/uploads\/2024\/04\/favicon.png\",\"width\":144,\"height\":144,\"caption\":\"Camping Ca'Savio\"},\"image\":{\"@id\":\"https:\/\/www.casavio.com\/hu\/#\/schema\/logo\/image\/\"},\"sameAs\":[\"https:\/\/www.facebook.com\/campingcasavio\",\"https:\/\/www.instagram.com\/campingcasavio\",\"https:\/\/www.youtube.com\/user\/campingcasavio\"]}]}<\/script>\n<!-- \/ Yoast SEO plugin. -->","yoast_head_json":{"title":"R\u00f6plabda iskola | Sport \u00e9s Fitnesz a Kempingben &#8211; Camping Ca&#039; Savio","description":"Oktat\u00f3inknak k\u00f6sz\u00f6nhet\u0151en j\u00e1tszhat vagy megtanulhat strandr\u00f6plabd\u00e1t. Tudjon meg t\u00f6bbet \u00e9s vegye fel vel\u00fcnk a kapcsolatot!","robots":{"index":"index","follow":"follow","max-snippet":"max-snippet:-1","max-image-preview":"max-image-preview:large","max-video-preview":"max-video-preview:-1"},"canonical":"https:\/\/www.casavio.com\/hu\/tevekenysegek-kemping\/sport-es-fitnesz\/beach-volley-suli\/","og_locale":"hu_HU","og_type":"article","og_title":"R\u00f6plabda iskola | Sport \u00e9s Fitnesz a Kempingben &#8211; Camping Ca&#039; Savio","og_description":"Oktat\u00f3inknak k\u00f6sz\u00f6nhet\u0151en j\u00e1tszhat vagy megtanulhat strandr\u00f6plabd\u00e1t. Tudjon meg t\u00f6bbet \u00e9s vegye fel vel\u00fcnk a kapcsolatot!","og_url":"https:\/\/www.casavio.com\/hu\/tevekenysegek-kemping\/sport-es-fitnesz\/beach-volley-suli\/","og_site_name":"Camping Ca&#039; Savio","article_publisher":"https:\/\/www.facebook.com\/campingcasavio","article_modified_time":"2026-02-10T11:07:32+00:00","og_image":[{"width":440,"height":600,"url":"https:\/\/www.casavio.com\/wp-content\/uploads\/2019\/11\/ca-savio-sport-fitness-scuola-volley.jpg","type":"image\/jpeg"}],"twitter_card":"summary_large_image","twitter_misc":{"Becs\u00fclt olvas\u00e1si id\u0151":"1 perc"},"schema":{"@context":"https:\/\/schema.org","@graph":[{"@type":"WebPage","@id":"https:\/\/www.casavio.com\/hu\/tevekenysegek-kemping\/sport-es-fitnesz\/beach-volley-suli\/","url":"https:\/\/www.casavio.com\/hu\/tevekenysegek-kemping\/sport-es-fitnesz\/beach-volley-suli\/","name":"R\u00f6plabda iskola | Sport \u00e9s Fitnesz a Kempingben &#8211; Camping Ca&#039; Savio","isPartOf":{"@id":"https:\/\/www.casavio.com\/hu\/#website"},"primaryImageOfPage":{"@id":"https:\/\/www.casavio.com\/hu\/tevekenysegek-kemping\/sport-es-fitnesz\/beach-volley-suli\/#primaryimage"},"image":{"@id":"https:\/\/www.casavio.com\/hu\/tevekenysegek-kemping\/sport-es-fitnesz\/beach-volley-suli\/#primaryimage"},"thumbnailUrl":"https:\/\/www.casavio.com\/wp-content\/uploads\/2019\/11\/ca-savio-sport-fitness-scuola-volley.jpg","datePublished":"2019-11-07T10:04:11+00:00","dateModified":"2026-02-10T11:07:32+00:00","description":"Oktat\u00f3inknak k\u00f6sz\u00f6nhet\u0151en j\u00e1tszhat vagy megtanulhat strandr\u00f6plabd\u00e1t. Tudjon meg t\u00f6bbet \u00e9s vegye fel vel\u00fcnk a kapcsolatot!","breadcrumb":{"@id":"https:\/\/www.casavio.com\/hu\/tevekenysegek-kemping\/sport-es-fitnesz\/beach-volley-suli\/#breadcrumb"},"inLanguage":"hu","potentialAction":[{"@type":"ReadAction","target":["https:\/\/www.casavio.com\/hu\/tevekenysegek-kemping\/sport-es-fitnesz\/beach-volley-suli\/"]}]},{"@type":"ImageObject","inLanguage":"hu","@id":"https:\/\/www.casavio.com\/hu\/tevekenysegek-kemping\/sport-es-fitnesz\/beach-volley-suli\/#primaryimage","url":"https:\/\/www.casavio.com\/wp-content\/uploads\/2019\/11\/ca-savio-sport-fitness-scuola-volley.jpg","contentUrl":"https:\/\/www.casavio.com\/wp-content\/uploads\/2019\/11\/ca-savio-sport-fitness-scuola-volley.jpg","width":440,"height":600},{"@type":"BreadcrumbList","@id":"https:\/\/www.casavio.com\/hu\/tevekenysegek-kemping\/sport-es-fitnesz\/beach-volley-suli\/#breadcrumb","itemListElement":[{"@type":"ListItem","position":1,"name":"Home","item":"https:\/\/www.casavio.com\/hu\/"},{"@type":"ListItem","position":2,"name":"Tev\u00e9kenys\u00e9gek","item":"https:\/\/www.casavio.com\/hu\/tevekenysegek-kemping\/"},{"@type":"ListItem","position":3,"name":"Sport \u00e9s Fitnesz","item":"https:\/\/www.casavio.com\/hu\/tevekenysegek-kemping\/sport-es-fitnesz\/"},{"@type":"ListItem","position":4,"name":"Beach volley"}]},{"@type":"WebSite","@id":"https:\/\/www.casavio.com\/hu\/#website","url":"https:\/\/www.casavio.com\/hu\/","name":"Camping Ca&#039; Savio","description":"","publisher":{"@id":"https:\/\/www.casavio.com\/hu\/#organization"},"potentialAction":[{"@type":"SearchAction","target":{"@type":"EntryPoint","urlTemplate":"https:\/\/www.casavio.com\/hu\/?s={search_term_string}"},"query-input":{"@type":"PropertyValueSpecification","valueRequired":true,"valueName":"search_term_string"}}],"inLanguage":"hu"},{"@type":"Organization","@id":"https:\/\/www.casavio.com\/hu\/#organization","name":"Camping Ca'Savio","url":"https:\/\/www.casavio.com\/hu\/","logo":{"@type":"ImageObject","inLanguage":"hu","@id":"https:\/\/www.casavio.com\/hu\/#\/schema\/logo\/image\/","url":"https:\/\/www.casavio.com\/wp-content\/uploads\/2024\/04\/favicon.png","contentUrl":"https:\/\/www.casavio.com\/wp-content\/uploads\/2024\/04\/favicon.png","width":144,"height":144,"caption":"Camping Ca'Savio"},"image":{"@id":"https:\/\/www.casavio.com\/hu\/#\/schema\/logo\/image\/"},"sameAs":["https:\/\/www.facebook.com\/campingcasavio","https:\/\/www.instagram.com\/campingcasavio","https:\/\/www.youtube.com\/user\/campingcasavio"]}]}},"_links":{"self":[{"href":"https:\/\/www.casavio.com\/hu\/wp-json\/wp\/v2\/pages\/10828","targetHints":{"allow":["GET"]}}],"collection":[{"href":"https:\/\/www.casavio.com\/hu\/wp-json\/wp\/v2\/pages"}],"about":[{"href":"https:\/\/www.casavio.com\/hu\/wp-json\/wp\/v2\/types\/page"}],"author":[{"embeddable":true,"href":"https:\/\/www.casavio.com\/hu\/wp-json\/wp\/v2\/users\/3"}],"replies":[{"embeddable":true,"href":"https:\/\/www.casavio.com\/hu\/wp-json\/wp\/v2\/comments?post=10828"}],"version-history":[{"count":2,"href":"https:\/\/www.casavio.com\/hu\/wp-json\/wp\/v2\/pages\/10828\/revisions"}],"predecessor-version":[{"id":45947,"href":"https:\/\/www.casavio.com\/hu\/wp-json\/wp\/v2\/pages\/10828\/revisions\/45947"}],"up":[{"embeddable":true,"href":"https:\/\/www.casavio.com\/hu\/wp-json\/wp\/v2\/pages\/10815"}],"wp:featuredmedia":[{"embeddable":true,"href":"https:\/\/www.casavio.com\/hu\/wp-json\/wp\/v2\/media\/3322"}],"wp:attachment":[{"href":"https:\/\/www.casavio.com\/hu\/wp-json\/wp\/v2\/media?parent=10828"}],"curies":[{"name":"wp","href":"https:\/\/api.w.org\/{rel}","templated":true}]}}