{"id":10831,"date":"2019-11-07T11:04:38","date_gmt":"2019-11-07T10:04:38","guid":{"rendered":"https:\/\/www.casavio.com\/tevekenysegek-kemping\/sport-es-fitnesz\/yoga-stretching\/"},"modified":"2024-10-03T12:52:22","modified_gmt":"2024-10-03T10:52:22","slug":"yoga-stretching","status":"publish","type":"page","link":"https:\/\/www.casavio.com\/hu\/tevekenysegek-kemping\/sport-es-fitnesz\/yoga-stretching\/","title":{"rendered":"Yoga &#038; Stretching"},"content":{"rendered":"<p>Egy kellemes nyaral\u00e1st elt\u00f6lteni azt is jelenti, hogy id\u0151t szak\u00edtasz saj\u00e1t magadra, gondoz\u00e1sba veszed a testedet, hogy a kor\u00e1bbin\u00e1l m\u00e9g jobb form\u00e1ban t\u00e9rj vissza a mindennapok rutinj\u00e1hoz, a medit\u00e1ci\u00f3 r\u00e9v\u00e9n is.<\/p>\n<p>A <strong>j\u00f3ga<\/strong> \u00e9s a <strong>stretching<\/strong> ide\u00e1lisak a test \u00e9s a l\u00e9lek regener\u00e1l\u00e1s\u00e1ra, \u00e9s Ca&#8217; Savio-ban t\u00f6lt\u00f6tt nyaral\u00e1sod sor\u00e1n is gyakorolhatod \u0151ket.<\/p>\n<p>Szeretn\u00e9l r\u00e9szt venni programjainkban?<\/p>\n","protected":false},"excerpt":{"rendered":"<p>Test \u00e9s l\u00e9lek regener\u00e1l\u00e1sa a term\u00e9szetben, n\u00e9h\u00e1ny l\u00e9p\u00e9sre a tengert\u0151l.<\/p>\n","protected":false},"author":3,"featured_media":14550,"parent":10815,"menu_order":57,"comment_status":"closed","ping_status":"closed","template":"","meta":{"_acf_changed":false},"class_list":["post-10831","page","type-page","status-publish","has-post-thumbnail","hentry"],"acf":[],"yoast_head":"<!-- This site is optimized with the Yoast SEO plugin v25.3 - https:\/\/yoast.com\/wordpress\/plugins\/seo\/ -->\n<title>Yoga a Kempingben &#8211; Camping Ca&#039; Savio<\/title>\n<meta name=\"description\" content=\"Ogni mattina presso il giardino del ristorante principale i nostri esperti animatori organizzeranno esercizi combinati di yoga e stretching adatti a tutti.\" \/>\n<meta name=\"robots\" content=\"index, follow, max-snippet:-1, max-image-preview:large, max-video-preview:-1\" \/>\n<link rel=\"canonical\" href=\"https:\/\/www.casavio.com\/hu\/tevekenysegek-kemping\/sport-es-fitnesz\/yoga-stretching\/\" \/>\n<meta property=\"og:locale\" content=\"hu_HU\" \/>\n<meta property=\"og:type\" content=\"article\" \/>\n<meta property=\"og:title\" content=\"Yoga a Kempingben &#8211; Camping Ca&#039; Savio\" \/>\n<meta property=\"og:description\" content=\"Ogni mattina presso il giardino del ristorante principale i nostri esperti animatori organizzeranno esercizi combinati di yoga e stretching adatti a tutti.\" \/>\n<meta property=\"og:url\" content=\"https:\/\/www.casavio.com\/hu\/tevekenysegek-kemping\/sport-es-fitnesz\/yoga-stretching\/\" \/>\n<meta property=\"og:site_name\" content=\"Camping Ca&#039; Savio\" \/>\n<meta property=\"article:publisher\" content=\"https:\/\/www.facebook.com\/campingcasavio\" \/>\n<meta property=\"article:modified_time\" content=\"2024-10-03T10:52:22+00:00\" \/>\n<meta property=\"og:image\" content=\"https:\/\/www.casavio.com\/wp-content\/uploads\/2020\/10\/ca-savio-sport-fitness-yoga-header.jpg\" \/>\n\t<meta property=\"og:image:width\" content=\"440\" \/>\n\t<meta property=\"og:image:height\" content=\"600\" \/>\n\t<meta property=\"og:image:type\" content=\"image\/jpeg\" \/>\n<meta name=\"twitter:card\" content=\"summary_large_image\" \/>\n<meta name=\"twitter:label1\" content=\"Becs\u00fclt olvas\u00e1si id\u0151\" \/>\n\t<meta name=\"twitter:data1\" content=\"1 perc\" \/>\n<script type=\"application\/ld+json\" class=\"yoast-schema-graph\">{\"@context\":\"https:\/\/schema.org\",\"@graph\":[{\"@type\":\"WebPage\",\"@id\":\"https:\/\/www.casavio.com\/hu\/tevekenysegek-kemping\/sport-es-fitnesz\/yoga-stretching\/\",\"url\":\"https:\/\/www.casavio.com\/hu\/tevekenysegek-kemping\/sport-es-fitnesz\/yoga-stretching\/\",\"name\":\"Yoga a Kempingben &#8211; Camping Ca&#039; Savio\",\"isPartOf\":{\"@id\":\"https:\/\/www.casavio.com\/hu\/#website\"},\"primaryImageOfPage\":{\"@id\":\"https:\/\/www.casavio.com\/hu\/tevekenysegek-kemping\/sport-es-fitnesz\/yoga-stretching\/#primaryimage\"},\"image\":{\"@id\":\"https:\/\/www.casavio.com\/hu\/tevekenysegek-kemping\/sport-es-fitnesz\/yoga-stretching\/#primaryimage\"},\"thumbnailUrl\":\"https:\/\/www.casavio.com\/wp-content\/uploads\/2020\/10\/ca-savio-sport-fitness-yoga-header.jpg\",\"datePublished\":\"2019-11-07T10:04:38+00:00\",\"dateModified\":\"2024-10-03T10:52:22+00:00\",\"description\":\"Ogni mattina presso il giardino del ristorante principale i nostri esperti animatori organizzeranno esercizi combinati di yoga e stretching adatti a tutti.\",\"breadcrumb\":{\"@id\":\"https:\/\/www.casavio.com\/hu\/tevekenysegek-kemping\/sport-es-fitnesz\/yoga-stretching\/#breadcrumb\"},\"inLanguage\":\"hu\",\"potentialAction\":[{\"@type\":\"ReadAction\",\"target\":[\"https:\/\/www.casavio.com\/hu\/tevekenysegek-kemping\/sport-es-fitnesz\/yoga-stretching\/\"]}]},{\"@type\":\"ImageObject\",\"inLanguage\":\"hu\",\"@id\":\"https:\/\/www.casavio.com\/hu\/tevekenysegek-kemping\/sport-es-fitnesz\/yoga-stretching\/#primaryimage\",\"url\":\"https:\/\/www.casavio.com\/wp-content\/uploads\/2020\/10\/ca-savio-sport-fitness-yoga-header.jpg\",\"contentUrl\":\"https:\/\/www.casavio.com\/wp-content\/uploads\/2020\/10\/ca-savio-sport-fitness-yoga-header.jpg\",\"width\":440,\"height\":600},{\"@type\":\"BreadcrumbList\",\"@id\":\"https:\/\/www.casavio.com\/hu\/tevekenysegek-kemping\/sport-es-fitnesz\/yoga-stretching\/#breadcrumb\",\"itemListElement\":[{\"@type\":\"ListItem\",\"position\":1,\"name\":\"Home\",\"item\":\"https:\/\/www.casavio.com\/hu\/\"},{\"@type\":\"ListItem\",\"position\":2,\"name\":\"Tev\u00e9kenys\u00e9gek\",\"item\":\"https:\/\/www.casavio.com\/hu\/tevekenysegek-kemping\/\"},{\"@type\":\"ListItem\",\"position\":3,\"name\":\"Sport \u00e9s Fitnesz\",\"item\":\"https:\/\/www.casavio.com\/hu\/tevekenysegek-kemping\/sport-es-fitnesz\/\"},{\"@type\":\"ListItem\",\"position\":4,\"name\":\"Yoga &#038; Stretching\"}]},{\"@type\":\"WebSite\",\"@id\":\"https:\/\/www.casavio.com\/hu\/#website\",\"url\":\"https:\/\/www.casavio.com\/hu\/\",\"name\":\"Camping Ca&#039; Savio\",\"description\":\"\",\"publisher\":{\"@id\":\"https:\/\/www.casavio.com\/hu\/#organization\"},\"potentialAction\":[{\"@type\":\"SearchAction\",\"target\":{\"@type\":\"EntryPoint\",\"urlTemplate\":\"https:\/\/www.casavio.com\/hu\/?s={search_term_string}\"},\"query-input\":{\"@type\":\"PropertyValueSpecification\",\"valueRequired\":true,\"valueName\":\"search_term_string\"}}],\"inLanguage\":\"hu\"},{\"@type\":\"Organization\",\"@id\":\"https:\/\/www.casavio.com\/hu\/#organization\",\"name\":\"Camping Ca'Savio\",\"url\":\"https:\/\/www.casavio.com\/hu\/\",\"logo\":{\"@type\":\"ImageObject\",\"inLanguage\":\"hu\",\"@id\":\"https:\/\/www.casavio.com\/hu\/#\/schema\/logo\/image\/\",\"url\":\"https:\/\/www.casavio.com\/wp-content\/uploads\/2024\/04\/favicon.png\",\"contentUrl\":\"https:\/\/www.casavio.com\/wp-content\/uploads\/2024\/04\/favicon.png\",\"width\":144,\"height\":144,\"caption\":\"Camping Ca'Savio\"},\"image\":{\"@id\":\"https:\/\/www.casavio.com\/hu\/#\/schema\/logo\/image\/\"},\"sameAs\":[\"https:\/\/www.facebook.com\/campingcasavio\",\"https:\/\/www.instagram.com\/campingcasavio\",\"https:\/\/www.youtube.com\/user\/campingcasavio\"]}]}<\/script>\n<!-- \/ Yoast SEO plugin. -->","yoast_head_json":{"title":"Yoga a Kempingben &#8211; Camping Ca&#039; Savio","description":"Ogni mattina presso il giardino del ristorante principale i nostri esperti animatori organizzeranno esercizi combinati di yoga e stretching adatti a tutti.","robots":{"index":"index","follow":"follow","max-snippet":"max-snippet:-1","max-image-preview":"max-image-preview:large","max-video-preview":"max-video-preview:-1"},"canonical":"https:\/\/www.casavio.com\/hu\/tevekenysegek-kemping\/sport-es-fitnesz\/yoga-stretching\/","og_locale":"hu_HU","og_type":"article","og_title":"Yoga a Kempingben &#8211; Camping Ca&#039; Savio","og_description":"Ogni mattina presso il giardino del ristorante principale i nostri esperti animatori organizzeranno esercizi combinati di yoga e stretching adatti a tutti.","og_url":"https:\/\/www.casavio.com\/hu\/tevekenysegek-kemping\/sport-es-fitnesz\/yoga-stretching\/","og_site_name":"Camping Ca&#039; Savio","article_publisher":"https:\/\/www.facebook.com\/campingcasavio","article_modified_time":"2024-10-03T10:52:22+00:00","og_image":[{"width":440,"height":600,"url":"https:\/\/www.casavio.com\/wp-content\/uploads\/2020\/10\/ca-savio-sport-fitness-yoga-header.jpg","type":"image\/jpeg"}],"twitter_card":"summary_large_image","twitter_misc":{"Becs\u00fclt olvas\u00e1si id\u0151":"1 perc"},"schema":{"@context":"https:\/\/schema.org","@graph":[{"@type":"WebPage","@id":"https:\/\/www.casavio.com\/hu\/tevekenysegek-kemping\/sport-es-fitnesz\/yoga-stretching\/","url":"https:\/\/www.casavio.com\/hu\/tevekenysegek-kemping\/sport-es-fitnesz\/yoga-stretching\/","name":"Yoga a Kempingben &#8211; Camping Ca&#039; Savio","isPartOf":{"@id":"https:\/\/www.casavio.com\/hu\/#website"},"primaryImageOfPage":{"@id":"https:\/\/www.casavio.com\/hu\/tevekenysegek-kemping\/sport-es-fitnesz\/yoga-stretching\/#primaryimage"},"image":{"@id":"https:\/\/www.casavio.com\/hu\/tevekenysegek-kemping\/sport-es-fitnesz\/yoga-stretching\/#primaryimage"},"thumbnailUrl":"https:\/\/www.casavio.com\/wp-content\/uploads\/2020\/10\/ca-savio-sport-fitness-yoga-header.jpg","datePublished":"2019-11-07T10:04:38+00:00","dateModified":"2024-10-03T10:52:22+00:00","description":"Ogni mattina presso il giardino del ristorante principale i nostri esperti animatori organizzeranno esercizi combinati di yoga e stretching adatti a tutti.","breadcrumb":{"@id":"https:\/\/www.casavio.com\/hu\/tevekenysegek-kemping\/sport-es-fitnesz\/yoga-stretching\/#breadcrumb"},"inLanguage":"hu","potentialAction":[{"@type":"ReadAction","target":["https:\/\/www.casavio.com\/hu\/tevekenysegek-kemping\/sport-es-fitnesz\/yoga-stretching\/"]}]},{"@type":"ImageObject","inLanguage":"hu","@id":"https:\/\/www.casavio.com\/hu\/tevekenysegek-kemping\/sport-es-fitnesz\/yoga-stretching\/#primaryimage","url":"https:\/\/www.casavio.com\/wp-content\/uploads\/2020\/10\/ca-savio-sport-fitness-yoga-header.jpg","contentUrl":"https:\/\/www.casavio.com\/wp-content\/uploads\/2020\/10\/ca-savio-sport-fitness-yoga-header.jpg","width":440,"height":600},{"@type":"BreadcrumbList","@id":"https:\/\/www.casavio.com\/hu\/tevekenysegek-kemping\/sport-es-fitnesz\/yoga-stretching\/#breadcrumb","itemListElement":[{"@type":"ListItem","position":1,"name":"Home","item":"https:\/\/www.casavio.com\/hu\/"},{"@type":"ListItem","position":2,"name":"Tev\u00e9kenys\u00e9gek","item":"https:\/\/www.casavio.com\/hu\/tevekenysegek-kemping\/"},{"@type":"ListItem","position":3,"name":"Sport \u00e9s Fitnesz","item":"https:\/\/www.casavio.com\/hu\/tevekenysegek-kemping\/sport-es-fitnesz\/"},{"@type":"ListItem","position":4,"name":"Yoga &#038; Stretching"}]},{"@type":"WebSite","@id":"https:\/\/www.casavio.com\/hu\/#website","url":"https:\/\/www.casavio.com\/hu\/","name":"Camping Ca&#039; Savio","description":"","publisher":{"@id":"https:\/\/www.casavio.com\/hu\/#organization"},"potentialAction":[{"@type":"SearchAction","target":{"@type":"EntryPoint","urlTemplate":"https:\/\/www.casavio.com\/hu\/?s={search_term_string}"},"query-input":{"@type":"PropertyValueSpecification","valueRequired":true,"valueName":"search_term_string"}}],"inLanguage":"hu"},{"@type":"Organization","@id":"https:\/\/www.casavio.com\/hu\/#organization","name":"Camping Ca'Savio","url":"https:\/\/www.casavio.com\/hu\/","logo":{"@type":"ImageObject","inLanguage":"hu","@id":"https:\/\/www.casavio.com\/hu\/#\/schema\/logo\/image\/","url":"https:\/\/www.casavio.com\/wp-content\/uploads\/2024\/04\/favicon.png","contentUrl":"https:\/\/www.casavio.com\/wp-content\/uploads\/2024\/04\/favicon.png","width":144,"height":144,"caption":"Camping Ca'Savio"},"image":{"@id":"https:\/\/www.casavio.com\/hu\/#\/schema\/logo\/image\/"},"sameAs":["https:\/\/www.facebook.com\/campingcasavio","https:\/\/www.instagram.com\/campingcasavio","https:\/\/www.youtube.com\/user\/campingcasavio"]}]}},"_links":{"self":[{"href":"https:\/\/www.casavio.com\/hu\/wp-json\/wp\/v2\/pages\/10831","targetHints":{"allow":["GET"]}}],"collection":[{"href":"https:\/\/www.casavio.com\/hu\/wp-json\/wp\/v2\/pages"}],"about":[{"href":"https:\/\/www.casavio.com\/hu\/wp-json\/wp\/v2\/types\/page"}],"author":[{"embeddable":true,"href":"https:\/\/www.casavio.com\/hu\/wp-json\/wp\/v2\/users\/3"}],"replies":[{"embeddable":true,"href":"https:\/\/www.casavio.com\/hu\/wp-json\/wp\/v2\/comments?post=10831"}],"version-history":[{"count":2,"href":"https:\/\/www.casavio.com\/hu\/wp-json\/wp\/v2\/pages\/10831\/revisions"}],"predecessor-version":[{"id":35670,"href":"https:\/\/www.casavio.com\/hu\/wp-json\/wp\/v2\/pages\/10831\/revisions\/35670"}],"up":[{"embeddable":true,"href":"https:\/\/www.casavio.com\/hu\/wp-json\/wp\/v2\/pages\/10815"}],"wp:featuredmedia":[{"embeddable":true,"href":"https:\/\/www.casavio.com\/hu\/wp-json\/wp\/v2\/media\/14550"}],"wp:attachment":[{"href":"https:\/\/www.casavio.com\/hu\/wp-json\/wp\/v2\/media?parent=10831"}],"curies":[{"name":"wp","href":"https:\/\/api.w.org\/{rel}","templated":true}]}}