{"id":10834,"date":"2019-11-07T11:05:03","date_gmt":"2019-11-07T10:05:03","guid":{"rendered":"https:\/\/www.casavio.com\/tevekenysegek-kemping\/sport-es-fitnesz\/allenamento-funzionale\/"},"modified":"2024-10-03T13:06:08","modified_gmt":"2024-10-03T11:06:08","slug":"funkcionalis-edzes","status":"publish","type":"page","link":"https:\/\/www.casavio.com\/hu\/tevekenysegek-kemping\/sport-es-fitnesz\/funkcionalis-edzes\/","title":{"rendered":"Funkcion\u00e1lis edz\u00e9s"},"content":{"rendered":"<p>Szeretn\u00e9d nyaral\u00e1s k\u00f6zben is tartani a form\u00e1dat \u00e9s testmozg\u00e1st v\u00e9gezni a szabad leveg\u0151n, a term\u00e9szetben?<\/p>\n<p>A Ca&#8217; Savio-ban nincs enn\u00e9l egyszer\u0171bb. \u00c9s el sem kell hagynod a kempinget&#8230;<\/p>\n","protected":false},"excerpt":{"rendered":"<p>A szabadt\u00e9ri sportokat kedvel\u0151k sz\u00e1m\u00e1ra, gyakorlatok az \u00e1ll\u00f3k\u00e9pess\u00e9g meg\u0151rz\u00e9s\u00e9re, t\u00e1rsas\u00e1gban.<\/p>\n","protected":false},"author":3,"featured_media":14254,"parent":10815,"menu_order":59,"comment_status":"closed","ping_status":"closed","template":"","meta":{"_acf_changed":false},"class_list":["post-10834","page","type-page","status-publish","has-post-thumbnail","hentry"],"acf":[],"yoast_head":"<!-- This site is optimized with the Yoast SEO plugin v25.3 - https:\/\/yoast.com\/wordpress\/plugins\/seo\/ -->\n<title>Funkcion\u00e1lis edz\u00e9s a Kempingben &#8211; Camping Ca&#039; Savio<\/title>\n<meta name=\"robots\" content=\"index, follow, max-snippet:-1, max-image-preview:large, max-video-preview:-1\" \/>\n<link rel=\"canonical\" href=\"https:\/\/www.casavio.com\/hu\/tevekenysegek-kemping\/sport-es-fitnesz\/funkcionalis-edzes\/\" \/>\n<meta property=\"og:locale\" content=\"hu_HU\" \/>\n<meta property=\"og:type\" content=\"article\" \/>\n<meta property=\"og:title\" content=\"Funkcion\u00e1lis edz\u00e9s a Kempingben &#8211; Camping Ca&#039; Savio\" \/>\n<meta property=\"og:description\" content=\"A szabadt\u00e9ri sportokat kedvel\u0151k sz\u00e1m\u00e1ra, gyakorlatok az \u00e1ll\u00f3k\u00e9pess\u00e9g meg\u0151rz\u00e9s\u00e9re, t\u00e1rsas\u00e1gban.\" \/>\n<meta property=\"og:url\" content=\"https:\/\/www.casavio.com\/hu\/tevekenysegek-kemping\/sport-es-fitnesz\/funkcionalis-edzes\/\" \/>\n<meta property=\"og:site_name\" content=\"Camping Ca&#039; Savio\" \/>\n<meta property=\"article:publisher\" content=\"https:\/\/www.facebook.com\/campingcasavio\" \/>\n<meta property=\"article:modified_time\" content=\"2024-10-03T11:06:08+00:00\" \/>\n<meta property=\"og:image\" content=\"https:\/\/www.casavio.com\/wp-content\/uploads\/2020\/10\/ca-savio-sport-fitness-allenamento-funzionale-1.jpg\" \/>\n\t<meta property=\"og:image:width\" content=\"440\" \/>\n\t<meta property=\"og:image:height\" content=\"600\" \/>\n\t<meta property=\"og:image:type\" content=\"image\/jpeg\" \/>\n<meta name=\"twitter:card\" content=\"summary_large_image\" \/>\n<meta name=\"twitter:label1\" content=\"Becs\u00fclt olvas\u00e1si id\u0151\" \/>\n\t<meta name=\"twitter:data1\" content=\"1 perc\" \/>\n<script type=\"application\/ld+json\" class=\"yoast-schema-graph\">{\"@context\":\"https:\/\/schema.org\",\"@graph\":[{\"@type\":\"WebPage\",\"@id\":\"https:\/\/www.casavio.com\/hu\/tevekenysegek-kemping\/sport-es-fitnesz\/funkcionalis-edzes\/\",\"url\":\"https:\/\/www.casavio.com\/hu\/tevekenysegek-kemping\/sport-es-fitnesz\/funkcionalis-edzes\/\",\"name\":\"Funkcion\u00e1lis edz\u00e9s a Kempingben &#8211; Camping Ca&#039; Savio\",\"isPartOf\":{\"@id\":\"https:\/\/www.casavio.com\/hu\/#website\"},\"primaryImageOfPage\":{\"@id\":\"https:\/\/www.casavio.com\/hu\/tevekenysegek-kemping\/sport-es-fitnesz\/funkcionalis-edzes\/#primaryimage\"},\"image\":{\"@id\":\"https:\/\/www.casavio.com\/hu\/tevekenysegek-kemping\/sport-es-fitnesz\/funkcionalis-edzes\/#primaryimage\"},\"thumbnailUrl\":\"https:\/\/www.casavio.com\/wp-content\/uploads\/2020\/10\/ca-savio-sport-fitness-allenamento-funzionale-1.jpg\",\"datePublished\":\"2019-11-07T10:05:03+00:00\",\"dateModified\":\"2024-10-03T11:06:08+00:00\",\"breadcrumb\":{\"@id\":\"https:\/\/www.casavio.com\/hu\/tevekenysegek-kemping\/sport-es-fitnesz\/funkcionalis-edzes\/#breadcrumb\"},\"inLanguage\":\"hu\",\"potentialAction\":[{\"@type\":\"ReadAction\",\"target\":[\"https:\/\/www.casavio.com\/hu\/tevekenysegek-kemping\/sport-es-fitnesz\/funkcionalis-edzes\/\"]}]},{\"@type\":\"ImageObject\",\"inLanguage\":\"hu\",\"@id\":\"https:\/\/www.casavio.com\/hu\/tevekenysegek-kemping\/sport-es-fitnesz\/funkcionalis-edzes\/#primaryimage\",\"url\":\"https:\/\/www.casavio.com\/wp-content\/uploads\/2020\/10\/ca-savio-sport-fitness-allenamento-funzionale-1.jpg\",\"contentUrl\":\"https:\/\/www.casavio.com\/wp-content\/uploads\/2020\/10\/ca-savio-sport-fitness-allenamento-funzionale-1.jpg\",\"width\":440,\"height\":600},{\"@type\":\"BreadcrumbList\",\"@id\":\"https:\/\/www.casavio.com\/hu\/tevekenysegek-kemping\/sport-es-fitnesz\/funkcionalis-edzes\/#breadcrumb\",\"itemListElement\":[{\"@type\":\"ListItem\",\"position\":1,\"name\":\"Home\",\"item\":\"https:\/\/www.casavio.com\/hu\/\"},{\"@type\":\"ListItem\",\"position\":2,\"name\":\"Tev\u00e9kenys\u00e9gek\",\"item\":\"https:\/\/www.casavio.com\/hu\/tevekenysegek-kemping\/\"},{\"@type\":\"ListItem\",\"position\":3,\"name\":\"Sport \u00e9s Fitnesz\",\"item\":\"https:\/\/www.casavio.com\/hu\/tevekenysegek-kemping\/sport-es-fitnesz\/\"},{\"@type\":\"ListItem\",\"position\":4,\"name\":\"Funkcion\u00e1lis edz\u00e9s\"}]},{\"@type\":\"WebSite\",\"@id\":\"https:\/\/www.casavio.com\/hu\/#website\",\"url\":\"https:\/\/www.casavio.com\/hu\/\",\"name\":\"Camping Ca&#039; Savio\",\"description\":\"\",\"publisher\":{\"@id\":\"https:\/\/www.casavio.com\/hu\/#organization\"},\"potentialAction\":[{\"@type\":\"SearchAction\",\"target\":{\"@type\":\"EntryPoint\",\"urlTemplate\":\"https:\/\/www.casavio.com\/hu\/?s={search_term_string}\"},\"query-input\":{\"@type\":\"PropertyValueSpecification\",\"valueRequired\":true,\"valueName\":\"search_term_string\"}}],\"inLanguage\":\"hu\"},{\"@type\":\"Organization\",\"@id\":\"https:\/\/www.casavio.com\/hu\/#organization\",\"name\":\"Camping Ca'Savio\",\"url\":\"https:\/\/www.casavio.com\/hu\/\",\"logo\":{\"@type\":\"ImageObject\",\"inLanguage\":\"hu\",\"@id\":\"https:\/\/www.casavio.com\/hu\/#\/schema\/logo\/image\/\",\"url\":\"https:\/\/www.casavio.com\/wp-content\/uploads\/2024\/04\/favicon.png\",\"contentUrl\":\"https:\/\/www.casavio.com\/wp-content\/uploads\/2024\/04\/favicon.png\",\"width\":144,\"height\":144,\"caption\":\"Camping Ca'Savio\"},\"image\":{\"@id\":\"https:\/\/www.casavio.com\/hu\/#\/schema\/logo\/image\/\"},\"sameAs\":[\"https:\/\/www.facebook.com\/campingcasavio\",\"https:\/\/www.instagram.com\/campingcasavio\",\"https:\/\/www.youtube.com\/user\/campingcasavio\"]}]}<\/script>\n<!-- \/ Yoast SEO plugin. -->","yoast_head_json":{"title":"Funkcion\u00e1lis edz\u00e9s a Kempingben &#8211; Camping Ca&#039; Savio","robots":{"index":"index","follow":"follow","max-snippet":"max-snippet:-1","max-image-preview":"max-image-preview:large","max-video-preview":"max-video-preview:-1"},"canonical":"https:\/\/www.casavio.com\/hu\/tevekenysegek-kemping\/sport-es-fitnesz\/funkcionalis-edzes\/","og_locale":"hu_HU","og_type":"article","og_title":"Funkcion\u00e1lis edz\u00e9s a Kempingben &#8211; Camping Ca&#039; Savio","og_description":"A szabadt\u00e9ri sportokat kedvel\u0151k sz\u00e1m\u00e1ra, gyakorlatok az \u00e1ll\u00f3k\u00e9pess\u00e9g meg\u0151rz\u00e9s\u00e9re, t\u00e1rsas\u00e1gban.","og_url":"https:\/\/www.casavio.com\/hu\/tevekenysegek-kemping\/sport-es-fitnesz\/funkcionalis-edzes\/","og_site_name":"Camping Ca&#039; Savio","article_publisher":"https:\/\/www.facebook.com\/campingcasavio","article_modified_time":"2024-10-03T11:06:08+00:00","og_image":[{"width":440,"height":600,"url":"https:\/\/www.casavio.com\/wp-content\/uploads\/2020\/10\/ca-savio-sport-fitness-allenamento-funzionale-1.jpg","type":"image\/jpeg"}],"twitter_card":"summary_large_image","twitter_misc":{"Becs\u00fclt olvas\u00e1si id\u0151":"1 perc"},"schema":{"@context":"https:\/\/schema.org","@graph":[{"@type":"WebPage","@id":"https:\/\/www.casavio.com\/hu\/tevekenysegek-kemping\/sport-es-fitnesz\/funkcionalis-edzes\/","url":"https:\/\/www.casavio.com\/hu\/tevekenysegek-kemping\/sport-es-fitnesz\/funkcionalis-edzes\/","name":"Funkcion\u00e1lis edz\u00e9s a Kempingben &#8211; Camping Ca&#039; Savio","isPartOf":{"@id":"https:\/\/www.casavio.com\/hu\/#website"},"primaryImageOfPage":{"@id":"https:\/\/www.casavio.com\/hu\/tevekenysegek-kemping\/sport-es-fitnesz\/funkcionalis-edzes\/#primaryimage"},"image":{"@id":"https:\/\/www.casavio.com\/hu\/tevekenysegek-kemping\/sport-es-fitnesz\/funkcionalis-edzes\/#primaryimage"},"thumbnailUrl":"https:\/\/www.casavio.com\/wp-content\/uploads\/2020\/10\/ca-savio-sport-fitness-allenamento-funzionale-1.jpg","datePublished":"2019-11-07T10:05:03+00:00","dateModified":"2024-10-03T11:06:08+00:00","breadcrumb":{"@id":"https:\/\/www.casavio.com\/hu\/tevekenysegek-kemping\/sport-es-fitnesz\/funkcionalis-edzes\/#breadcrumb"},"inLanguage":"hu","potentialAction":[{"@type":"ReadAction","target":["https:\/\/www.casavio.com\/hu\/tevekenysegek-kemping\/sport-es-fitnesz\/funkcionalis-edzes\/"]}]},{"@type":"ImageObject","inLanguage":"hu","@id":"https:\/\/www.casavio.com\/hu\/tevekenysegek-kemping\/sport-es-fitnesz\/funkcionalis-edzes\/#primaryimage","url":"https:\/\/www.casavio.com\/wp-content\/uploads\/2020\/10\/ca-savio-sport-fitness-allenamento-funzionale-1.jpg","contentUrl":"https:\/\/www.casavio.com\/wp-content\/uploads\/2020\/10\/ca-savio-sport-fitness-allenamento-funzionale-1.jpg","width":440,"height":600},{"@type":"BreadcrumbList","@id":"https:\/\/www.casavio.com\/hu\/tevekenysegek-kemping\/sport-es-fitnesz\/funkcionalis-edzes\/#breadcrumb","itemListElement":[{"@type":"ListItem","position":1,"name":"Home","item":"https:\/\/www.casavio.com\/hu\/"},{"@type":"ListItem","position":2,"name":"Tev\u00e9kenys\u00e9gek","item":"https:\/\/www.casavio.com\/hu\/tevekenysegek-kemping\/"},{"@type":"ListItem","position":3,"name":"Sport \u00e9s Fitnesz","item":"https:\/\/www.casavio.com\/hu\/tevekenysegek-kemping\/sport-es-fitnesz\/"},{"@type":"ListItem","position":4,"name":"Funkcion\u00e1lis edz\u00e9s"}]},{"@type":"WebSite","@id":"https:\/\/www.casavio.com\/hu\/#website","url":"https:\/\/www.casavio.com\/hu\/","name":"Camping Ca&#039; Savio","description":"","publisher":{"@id":"https:\/\/www.casavio.com\/hu\/#organization"},"potentialAction":[{"@type":"SearchAction","target":{"@type":"EntryPoint","urlTemplate":"https:\/\/www.casavio.com\/hu\/?s={search_term_string}"},"query-input":{"@type":"PropertyValueSpecification","valueRequired":true,"valueName":"search_term_string"}}],"inLanguage":"hu"},{"@type":"Organization","@id":"https:\/\/www.casavio.com\/hu\/#organization","name":"Camping Ca'Savio","url":"https:\/\/www.casavio.com\/hu\/","logo":{"@type":"ImageObject","inLanguage":"hu","@id":"https:\/\/www.casavio.com\/hu\/#\/schema\/logo\/image\/","url":"https:\/\/www.casavio.com\/wp-content\/uploads\/2024\/04\/favicon.png","contentUrl":"https:\/\/www.casavio.com\/wp-content\/uploads\/2024\/04\/favicon.png","width":144,"height":144,"caption":"Camping Ca'Savio"},"image":{"@id":"https:\/\/www.casavio.com\/hu\/#\/schema\/logo\/image\/"},"sameAs":["https:\/\/www.facebook.com\/campingcasavio","https:\/\/www.instagram.com\/campingcasavio","https:\/\/www.youtube.com\/user\/campingcasavio"]}]}},"_links":{"self":[{"href":"https:\/\/www.casavio.com\/hu\/wp-json\/wp\/v2\/pages\/10834","targetHints":{"allow":["GET"]}}],"collection":[{"href":"https:\/\/www.casavio.com\/hu\/wp-json\/wp\/v2\/pages"}],"about":[{"href":"https:\/\/www.casavio.com\/hu\/wp-json\/wp\/v2\/types\/page"}],"author":[{"embeddable":true,"href":"https:\/\/www.casavio.com\/hu\/wp-json\/wp\/v2\/users\/3"}],"replies":[{"embeddable":true,"href":"https:\/\/www.casavio.com\/hu\/wp-json\/wp\/v2\/comments?post=10834"}],"version-history":[{"count":2,"href":"https:\/\/www.casavio.com\/hu\/wp-json\/wp\/v2\/pages\/10834\/revisions"}],"predecessor-version":[{"id":35696,"href":"https:\/\/www.casavio.com\/hu\/wp-json\/wp\/v2\/pages\/10834\/revisions\/35696"}],"up":[{"embeddable":true,"href":"https:\/\/www.casavio.com\/hu\/wp-json\/wp\/v2\/pages\/10815"}],"wp:featuredmedia":[{"embeddable":true,"href":"https:\/\/www.casavio.com\/hu\/wp-json\/wp\/v2\/media\/14254"}],"wp:attachment":[{"href":"https:\/\/www.casavio.com\/hu\/wp-json\/wp\/v2\/media?parent=10834"}],"curies":[{"name":"wp","href":"https:\/\/api.w.org\/{rel}","templated":true}]}}