{"id":10837,"date":"2019-11-07T11:01:19","date_gmt":"2019-11-07T10:01:19","guid":{"rendered":"https:\/\/www.casavio.com\/tevekenysegek-kemping\/animazione\/"},"modified":"2024-10-03T15:46:27","modified_gmt":"2024-10-03T13:46:27","slug":"animacio","status":"publish","type":"page","link":"https:\/\/www.casavio.com\/hu\/tevekenysegek-kemping\/animacio\/","title":{"rendered":"J\u00e1t\u00e9kok \u00e9s Anim\u00e1ci\u00f3"},"content":{"rendered":"<p>P\u00fcnk\u00f6sdt\u0151l szeptember k\u00f6zep\u00e9ig a Ca\u2019 Savio kemping tev\u00e9kenys\u00e9gek sz\u00e9les sk\u00e1l\u00e1j\u00e1t k\u00edn\u00e1lja az eg\u00e9sz csal\u00e1d sz\u00f3rakoztat\u00e1s\u00e1ra. A Ca\u2019 Savio kempingben a nyaral\u00e1s soha nem unalmas! Fedezz\u00e9tek fel aj\u00e1nlatainkat:<\/p>\n","protected":false},"excerpt":{"rendered":"<p>T\u00f6bb nyelv\u0171 sz\u00f3rakoz\u00e1s \u00e9s sok m\u00e1s az eg\u00e9sz csal\u00e1d sz\u00e1m\u00e1ra a Ca\u2019 Savio Kempingben. <\/p>\n","protected":false},"author":3,"featured_media":5315,"parent":10813,"menu_order":60,"comment_status":"closed","ping_status":"closed","template":"templates\/tpl-children-with-intro.php","meta":{"_acf_changed":false},"class_list":["post-10837","page","type-page","status-publish","has-post-thumbnail","hentry"],"acf":[],"yoast_head":"<!-- This site is optimized with the Yoast SEO plugin v25.3 - https:\/\/yoast.com\/wordpress\/plugins\/seo\/ -->\n<title>Gyermek anim\u00e1ci\u00f3 a Ca\u2019 Savio kempingben Cavallino Treporti-ban, Velence &#8211; Camping Ca&#039; Savio<\/title>\n<meta name=\"description\" content=\"Anim\u00e1ci\u00f3 gyermekeid sz\u00e1m\u00e1ra \u00e9s neked a Ca\u2019 Savio kempingben, Cavallino Treporti-ban. Sz\u00f3rakoz\u00e1s \u00e9jjel \u00e9s nappal minden koroszt\u00e1ly sz\u00e1m\u00e1ra. Ismerd meg a r\u00e9szleteket \u00e9s l\u00e9pj kapcsolatba vel\u00fcnk.\" \/>\n<meta name=\"robots\" content=\"index, follow, max-snippet:-1, max-image-preview:large, max-video-preview:-1\" \/>\n<link rel=\"canonical\" href=\"https:\/\/www.casavio.com\/hu\/tevekenysegek-kemping\/animacio\/\" \/>\n<meta property=\"og:locale\" content=\"hu_HU\" \/>\n<meta property=\"og:type\" content=\"article\" \/>\n<meta property=\"og:title\" content=\"Gyermek anim\u00e1ci\u00f3 a Ca\u2019 Savio kempingben Cavallino Treporti-ban, Velence &#8211; Camping Ca&#039; Savio\" \/>\n<meta property=\"og:description\" content=\"Anim\u00e1ci\u00f3 gyermekeid sz\u00e1m\u00e1ra \u00e9s neked a Ca\u2019 Savio kempingben, Cavallino Treporti-ban. Sz\u00f3rakoz\u00e1s \u00e9jjel \u00e9s nappal minden koroszt\u00e1ly sz\u00e1m\u00e1ra. Ismerd meg a r\u00e9szleteket \u00e9s l\u00e9pj kapcsolatba vel\u00fcnk.\" \/>\n<meta property=\"og:url\" content=\"https:\/\/www.casavio.com\/hu\/tevekenysegek-kemping\/animacio\/\" \/>\n<meta property=\"og:site_name\" content=\"Camping Ca&#039; Savio\" \/>\n<meta property=\"article:publisher\" content=\"https:\/\/www.facebook.com\/campingcasavio\" \/>\n<meta property=\"article:modified_time\" content=\"2024-10-03T13:46:27+00:00\" \/>\n<meta property=\"og:image\" content=\"https:\/\/www.casavio.com\/wp-content\/uploads\/2019\/11\/ca-savio-giochi-animazione-box-1.jpg\" \/>\n\t<meta property=\"og:image:width\" content=\"440\" \/>\n\t<meta property=\"og:image:height\" content=\"600\" \/>\n\t<meta property=\"og:image:type\" content=\"image\/jpeg\" \/>\n<meta name=\"twitter:card\" content=\"summary_large_image\" \/>\n<meta name=\"twitter:label1\" content=\"Becs\u00fclt olvas\u00e1si id\u0151\" \/>\n\t<meta name=\"twitter:data1\" content=\"1 perc\" \/>\n<script type=\"application\/ld+json\" class=\"yoast-schema-graph\">{\"@context\":\"https:\/\/schema.org\",\"@graph\":[{\"@type\":\"WebPage\",\"@id\":\"https:\/\/www.casavio.com\/hu\/tevekenysegek-kemping\/animacio\/\",\"url\":\"https:\/\/www.casavio.com\/hu\/tevekenysegek-kemping\/animacio\/\",\"name\":\"Gyermek anim\u00e1ci\u00f3 a Ca\u2019 Savio kempingben Cavallino Treporti-ban, Velence &#8211; Camping Ca&#039; Savio\",\"isPartOf\":{\"@id\":\"https:\/\/www.casavio.com\/hu\/#website\"},\"primaryImageOfPage\":{\"@id\":\"https:\/\/www.casavio.com\/hu\/tevekenysegek-kemping\/animacio\/#primaryimage\"},\"image\":{\"@id\":\"https:\/\/www.casavio.com\/hu\/tevekenysegek-kemping\/animacio\/#primaryimage\"},\"thumbnailUrl\":\"https:\/\/www.casavio.com\/wp-content\/uploads\/2019\/11\/ca-savio-giochi-animazione-box-1.jpg\",\"datePublished\":\"2019-11-07T10:01:19+00:00\",\"dateModified\":\"2024-10-03T13:46:27+00:00\",\"description\":\"Anim\u00e1ci\u00f3 gyermekeid sz\u00e1m\u00e1ra \u00e9s neked a Ca\u2019 Savio kempingben, Cavallino Treporti-ban. Sz\u00f3rakoz\u00e1s \u00e9jjel \u00e9s nappal minden koroszt\u00e1ly sz\u00e1m\u00e1ra. Ismerd meg a r\u00e9szleteket \u00e9s l\u00e9pj kapcsolatba vel\u00fcnk.\",\"breadcrumb\":{\"@id\":\"https:\/\/www.casavio.com\/hu\/tevekenysegek-kemping\/animacio\/#breadcrumb\"},\"inLanguage\":\"hu\",\"potentialAction\":[{\"@type\":\"ReadAction\",\"target\":[\"https:\/\/www.casavio.com\/hu\/tevekenysegek-kemping\/animacio\/\"]}]},{\"@type\":\"ImageObject\",\"inLanguage\":\"hu\",\"@id\":\"https:\/\/www.casavio.com\/hu\/tevekenysegek-kemping\/animacio\/#primaryimage\",\"url\":\"https:\/\/www.casavio.com\/wp-content\/uploads\/2019\/11\/ca-savio-giochi-animazione-box-1.jpg\",\"contentUrl\":\"https:\/\/www.casavio.com\/wp-content\/uploads\/2019\/11\/ca-savio-giochi-animazione-box-1.jpg\",\"width\":440,\"height\":600},{\"@type\":\"BreadcrumbList\",\"@id\":\"https:\/\/www.casavio.com\/hu\/tevekenysegek-kemping\/animacio\/#breadcrumb\",\"itemListElement\":[{\"@type\":\"ListItem\",\"position\":1,\"name\":\"Home\",\"item\":\"https:\/\/www.casavio.com\/hu\/\"},{\"@type\":\"ListItem\",\"position\":2,\"name\":\"Tev\u00e9kenys\u00e9gek\",\"item\":\"https:\/\/www.casavio.com\/hu\/tevekenysegek-kemping\/\"},{\"@type\":\"ListItem\",\"position\":3,\"name\":\"J\u00e1t\u00e9kok \u00e9s Anim\u00e1ci\u00f3\"}]},{\"@type\":\"WebSite\",\"@id\":\"https:\/\/www.casavio.com\/hu\/#website\",\"url\":\"https:\/\/www.casavio.com\/hu\/\",\"name\":\"Camping Ca&#039; Savio\",\"description\":\"\",\"publisher\":{\"@id\":\"https:\/\/www.casavio.com\/hu\/#organization\"},\"potentialAction\":[{\"@type\":\"SearchAction\",\"target\":{\"@type\":\"EntryPoint\",\"urlTemplate\":\"https:\/\/www.casavio.com\/hu\/?s={search_term_string}\"},\"query-input\":{\"@type\":\"PropertyValueSpecification\",\"valueRequired\":true,\"valueName\":\"search_term_string\"}}],\"inLanguage\":\"hu\"},{\"@type\":\"Organization\",\"@id\":\"https:\/\/www.casavio.com\/hu\/#organization\",\"name\":\"Camping Ca'Savio\",\"url\":\"https:\/\/www.casavio.com\/hu\/\",\"logo\":{\"@type\":\"ImageObject\",\"inLanguage\":\"hu\",\"@id\":\"https:\/\/www.casavio.com\/hu\/#\/schema\/logo\/image\/\",\"url\":\"https:\/\/www.casavio.com\/wp-content\/uploads\/2024\/04\/favicon.png\",\"contentUrl\":\"https:\/\/www.casavio.com\/wp-content\/uploads\/2024\/04\/favicon.png\",\"width\":144,\"height\":144,\"caption\":\"Camping Ca'Savio\"},\"image\":{\"@id\":\"https:\/\/www.casavio.com\/hu\/#\/schema\/logo\/image\/\"},\"sameAs\":[\"https:\/\/www.facebook.com\/campingcasavio\",\"https:\/\/www.instagram.com\/campingcasavio\",\"https:\/\/www.youtube.com\/user\/campingcasavio\"]}]}<\/script>\n<!-- \/ Yoast SEO plugin. -->","yoast_head_json":{"title":"Gyermek anim\u00e1ci\u00f3 a Ca\u2019 Savio kempingben Cavallino Treporti-ban, Velence &#8211; Camping Ca&#039; Savio","description":"Anim\u00e1ci\u00f3 gyermekeid sz\u00e1m\u00e1ra \u00e9s neked a Ca\u2019 Savio kempingben, Cavallino Treporti-ban. Sz\u00f3rakoz\u00e1s \u00e9jjel \u00e9s nappal minden koroszt\u00e1ly sz\u00e1m\u00e1ra. Ismerd meg a r\u00e9szleteket \u00e9s l\u00e9pj kapcsolatba vel\u00fcnk.","robots":{"index":"index","follow":"follow","max-snippet":"max-snippet:-1","max-image-preview":"max-image-preview:large","max-video-preview":"max-video-preview:-1"},"canonical":"https:\/\/www.casavio.com\/hu\/tevekenysegek-kemping\/animacio\/","og_locale":"hu_HU","og_type":"article","og_title":"Gyermek anim\u00e1ci\u00f3 a Ca\u2019 Savio kempingben Cavallino Treporti-ban, Velence &#8211; Camping Ca&#039; Savio","og_description":"Anim\u00e1ci\u00f3 gyermekeid sz\u00e1m\u00e1ra \u00e9s neked a Ca\u2019 Savio kempingben, Cavallino Treporti-ban. Sz\u00f3rakoz\u00e1s \u00e9jjel \u00e9s nappal minden koroszt\u00e1ly sz\u00e1m\u00e1ra. Ismerd meg a r\u00e9szleteket \u00e9s l\u00e9pj kapcsolatba vel\u00fcnk.","og_url":"https:\/\/www.casavio.com\/hu\/tevekenysegek-kemping\/animacio\/","og_site_name":"Camping Ca&#039; Savio","article_publisher":"https:\/\/www.facebook.com\/campingcasavio","article_modified_time":"2024-10-03T13:46:27+00:00","og_image":[{"width":440,"height":600,"url":"https:\/\/www.casavio.com\/wp-content\/uploads\/2019\/11\/ca-savio-giochi-animazione-box-1.jpg","type":"image\/jpeg"}],"twitter_card":"summary_large_image","twitter_misc":{"Becs\u00fclt olvas\u00e1si id\u0151":"1 perc"},"schema":{"@context":"https:\/\/schema.org","@graph":[{"@type":"WebPage","@id":"https:\/\/www.casavio.com\/hu\/tevekenysegek-kemping\/animacio\/","url":"https:\/\/www.casavio.com\/hu\/tevekenysegek-kemping\/animacio\/","name":"Gyermek anim\u00e1ci\u00f3 a Ca\u2019 Savio kempingben Cavallino Treporti-ban, Velence &#8211; Camping Ca&#039; Savio","isPartOf":{"@id":"https:\/\/www.casavio.com\/hu\/#website"},"primaryImageOfPage":{"@id":"https:\/\/www.casavio.com\/hu\/tevekenysegek-kemping\/animacio\/#primaryimage"},"image":{"@id":"https:\/\/www.casavio.com\/hu\/tevekenysegek-kemping\/animacio\/#primaryimage"},"thumbnailUrl":"https:\/\/www.casavio.com\/wp-content\/uploads\/2019\/11\/ca-savio-giochi-animazione-box-1.jpg","datePublished":"2019-11-07T10:01:19+00:00","dateModified":"2024-10-03T13:46:27+00:00","description":"Anim\u00e1ci\u00f3 gyermekeid sz\u00e1m\u00e1ra \u00e9s neked a Ca\u2019 Savio kempingben, Cavallino Treporti-ban. Sz\u00f3rakoz\u00e1s \u00e9jjel \u00e9s nappal minden koroszt\u00e1ly sz\u00e1m\u00e1ra. Ismerd meg a r\u00e9szleteket \u00e9s l\u00e9pj kapcsolatba vel\u00fcnk.","breadcrumb":{"@id":"https:\/\/www.casavio.com\/hu\/tevekenysegek-kemping\/animacio\/#breadcrumb"},"inLanguage":"hu","potentialAction":[{"@type":"ReadAction","target":["https:\/\/www.casavio.com\/hu\/tevekenysegek-kemping\/animacio\/"]}]},{"@type":"ImageObject","inLanguage":"hu","@id":"https:\/\/www.casavio.com\/hu\/tevekenysegek-kemping\/animacio\/#primaryimage","url":"https:\/\/www.casavio.com\/wp-content\/uploads\/2019\/11\/ca-savio-giochi-animazione-box-1.jpg","contentUrl":"https:\/\/www.casavio.com\/wp-content\/uploads\/2019\/11\/ca-savio-giochi-animazione-box-1.jpg","width":440,"height":600},{"@type":"BreadcrumbList","@id":"https:\/\/www.casavio.com\/hu\/tevekenysegek-kemping\/animacio\/#breadcrumb","itemListElement":[{"@type":"ListItem","position":1,"name":"Home","item":"https:\/\/www.casavio.com\/hu\/"},{"@type":"ListItem","position":2,"name":"Tev\u00e9kenys\u00e9gek","item":"https:\/\/www.casavio.com\/hu\/tevekenysegek-kemping\/"},{"@type":"ListItem","position":3,"name":"J\u00e1t\u00e9kok \u00e9s Anim\u00e1ci\u00f3"}]},{"@type":"WebSite","@id":"https:\/\/www.casavio.com\/hu\/#website","url":"https:\/\/www.casavio.com\/hu\/","name":"Camping Ca&#039; Savio","description":"","publisher":{"@id":"https:\/\/www.casavio.com\/hu\/#organization"},"potentialAction":[{"@type":"SearchAction","target":{"@type":"EntryPoint","urlTemplate":"https:\/\/www.casavio.com\/hu\/?s={search_term_string}"},"query-input":{"@type":"PropertyValueSpecification","valueRequired":true,"valueName":"search_term_string"}}],"inLanguage":"hu"},{"@type":"Organization","@id":"https:\/\/www.casavio.com\/hu\/#organization","name":"Camping Ca'Savio","url":"https:\/\/www.casavio.com\/hu\/","logo":{"@type":"ImageObject","inLanguage":"hu","@id":"https:\/\/www.casavio.com\/hu\/#\/schema\/logo\/image\/","url":"https:\/\/www.casavio.com\/wp-content\/uploads\/2024\/04\/favicon.png","contentUrl":"https:\/\/www.casavio.com\/wp-content\/uploads\/2024\/04\/favicon.png","width":144,"height":144,"caption":"Camping Ca'Savio"},"image":{"@id":"https:\/\/www.casavio.com\/hu\/#\/schema\/logo\/image\/"},"sameAs":["https:\/\/www.facebook.com\/campingcasavio","https:\/\/www.instagram.com\/campingcasavio","https:\/\/www.youtube.com\/user\/campingcasavio"]}]}},"_links":{"self":[{"href":"https:\/\/www.casavio.com\/hu\/wp-json\/wp\/v2\/pages\/10837","targetHints":{"allow":["GET"]}}],"collection":[{"href":"https:\/\/www.casavio.com\/hu\/wp-json\/wp\/v2\/pages"}],"about":[{"href":"https:\/\/www.casavio.com\/hu\/wp-json\/wp\/v2\/types\/page"}],"author":[{"embeddable":true,"href":"https:\/\/www.casavio.com\/hu\/wp-json\/wp\/v2\/users\/3"}],"replies":[{"embeddable":true,"href":"https:\/\/www.casavio.com\/hu\/wp-json\/wp\/v2\/comments?post=10837"}],"version-history":[{"count":1,"href":"https:\/\/www.casavio.com\/hu\/wp-json\/wp\/v2\/pages\/10837\/revisions"}],"predecessor-version":[{"id":35853,"href":"https:\/\/www.casavio.com\/hu\/wp-json\/wp\/v2\/pages\/10837\/revisions\/35853"}],"up":[{"embeddable":true,"href":"https:\/\/www.casavio.com\/hu\/wp-json\/wp\/v2\/pages\/10813"}],"wp:featuredmedia":[{"embeddable":true,"href":"https:\/\/www.casavio.com\/hu\/wp-json\/wp\/v2\/media\/5315"}],"wp:attachment":[{"href":"https:\/\/www.casavio.com\/hu\/wp-json\/wp\/v2\/media?parent=10837"}],"curies":[{"name":"wp","href":"https:\/\/api.w.org\/{rel}","templated":true}]}}