{"id":10845,"date":"2019-11-07T11:08:55","date_gmt":"2019-11-07T10:08:55","guid":{"rendered":"https:\/\/www.casavio.com\/tevekenysegek-kemping\/animacio\/happy-disco\/"},"modified":"2026-02-10T12:12:48","modified_gmt":"2026-02-10T11:12:48","slug":"happy-disco","status":"publish","type":"page","link":"https:\/\/www.casavio.com\/hu\/tevekenysegek-kemping\/animacio\/happy-disco\/","title":{"rendered":"Happy disco"},"content":{"rendered":"<p>A f\u0151 \u00e9tterem \u00e9s a <a href=\"https:\/\/www.casavio.com\/hu\/tevekenysegek-kemping\/animacio\/miniclub\/\"><u>MiniClub<\/u><\/a> k\u00f6zel\u00e9ben tal\u00e1lhat\u00f3 <strong>sz\u00ednpad<\/strong> sok csal\u00e1d esti tal\u00e1lkoz\u00f3helye, akik itt j\u00f6nnek \u00f6ssze vacsora ut\u00e1n, hogy n\u00e9h\u00e1ny \u00f3r\u00e1t kellemes t\u00e1rsas\u00e1gban t\u00f6ltsenek. K\u00e9szen \u00e1lltok arra, hogy <strong>t\u00f6bbnyelv\u0171 anim\u00e1toraink<\/strong> sz\u00f3rakoztassanak benneteket? Sz\u00e1mos program v\u00e1r r\u00e1tok &#8230;<\/p>\n","protected":false},"excerpt":{"rendered":"<p>T\u00e1ncoljatok vel\u00fcnk az \u00e1ltalunk v\u00e1lasztott zenesz\u00e1mokra!<\/p>\n","protected":false},"author":3,"featured_media":14246,"parent":10837,"menu_order":63,"comment_status":"closed","ping_status":"closed","template":"","meta":{"_acf_changed":false},"class_list":["post-10845","page","type-page","status-publish","has-post-thumbnail","hentry"],"acf":[],"yoast_head":"<!-- This site is optimized with the Yoast SEO plugin v25.3 - https:\/\/yoast.com\/wordpress\/plugins\/seo\/ -->\n<title>Happy Disco: a kemping bemutat\u00f3i &#8211; Camping Ca&#039; Savio<\/title>\n<meta name=\"description\" content=\"Az esti el\u0151ad\u00e1sok el\u0151tt sorra ker\u00fcl\u0151 Happy Disco a legkisebbek kedvenc sz\u00f3rakoz\u00e1sa. Err\u0151l a programr\u00f3l nem maradhatnak le. A zene ritmus\u00e1ra tombolni kezdenek \u00e9s zenei list\u00e1nk dalaira t\u00e1ncolnak anya \u00e9s apa vigy\u00e1z\u00f3 tekintete mellett.\" \/>\n<meta name=\"robots\" content=\"index, follow, max-snippet:-1, max-image-preview:large, max-video-preview:-1\" \/>\n<link rel=\"canonical\" href=\"https:\/\/www.casavio.com\/hu\/tevekenysegek-kemping\/animacio\/happy-disco\/\" \/>\n<meta property=\"og:locale\" content=\"hu_HU\" \/>\n<meta property=\"og:type\" content=\"article\" \/>\n<meta property=\"og:title\" content=\"Happy Disco: a kemping bemutat\u00f3i &#8211; Camping Ca&#039; Savio\" \/>\n<meta property=\"og:description\" content=\"Az esti el\u0151ad\u00e1sok el\u0151tt sorra ker\u00fcl\u0151 Happy Disco a legkisebbek kedvenc sz\u00f3rakoz\u00e1sa. Err\u0151l a programr\u00f3l nem maradhatnak le. A zene ritmus\u00e1ra tombolni kezdenek \u00e9s zenei list\u00e1nk dalaira t\u00e1ncolnak anya \u00e9s apa vigy\u00e1z\u00f3 tekintete mellett.\" \/>\n<meta property=\"og:url\" content=\"https:\/\/www.casavio.com\/hu\/tevekenysegek-kemping\/animacio\/happy-disco\/\" \/>\n<meta property=\"og:site_name\" content=\"Camping Ca&#039; Savio\" \/>\n<meta property=\"article:publisher\" content=\"https:\/\/www.facebook.com\/campingcasavio\" \/>\n<meta property=\"article:modified_time\" content=\"2026-02-10T11:12:48+00:00\" \/>\n<meta property=\"og:image\" content=\"https:\/\/www.casavio.com\/wp-content\/uploads\/2020\/10\/ca-savio-giochi-animazione-happydisco.jpg\" \/>\n\t<meta property=\"og:image:width\" content=\"440\" \/>\n\t<meta property=\"og:image:height\" content=\"600\" \/>\n\t<meta property=\"og:image:type\" content=\"image\/jpeg\" \/>\n<meta name=\"twitter:card\" content=\"summary_large_image\" \/>\n<meta name=\"twitter:label1\" content=\"Becs\u00fclt olvas\u00e1si id\u0151\" \/>\n\t<meta name=\"twitter:data1\" content=\"1 perc\" \/>\n<script type=\"application\/ld+json\" class=\"yoast-schema-graph\">{\"@context\":\"https:\/\/schema.org\",\"@graph\":[{\"@type\":\"WebPage\",\"@id\":\"https:\/\/www.casavio.com\/hu\/tevekenysegek-kemping\/animacio\/happy-disco\/\",\"url\":\"https:\/\/www.casavio.com\/hu\/tevekenysegek-kemping\/animacio\/happy-disco\/\",\"name\":\"Happy Disco: a kemping bemutat\u00f3i &#8211; Camping Ca&#039; Savio\",\"isPartOf\":{\"@id\":\"https:\/\/www.casavio.com\/hu\/#website\"},\"primaryImageOfPage\":{\"@id\":\"https:\/\/www.casavio.com\/hu\/tevekenysegek-kemping\/animacio\/happy-disco\/#primaryimage\"},\"image\":{\"@id\":\"https:\/\/www.casavio.com\/hu\/tevekenysegek-kemping\/animacio\/happy-disco\/#primaryimage\"},\"thumbnailUrl\":\"https:\/\/www.casavio.com\/wp-content\/uploads\/2020\/10\/ca-savio-giochi-animazione-happydisco.jpg\",\"datePublished\":\"2019-11-07T10:08:55+00:00\",\"dateModified\":\"2026-02-10T11:12:48+00:00\",\"description\":\"Az esti el\u0151ad\u00e1sok el\u0151tt sorra ker\u00fcl\u0151 Happy Disco a legkisebbek kedvenc sz\u00f3rakoz\u00e1sa. Err\u0151l a programr\u00f3l nem maradhatnak le. A zene ritmus\u00e1ra tombolni kezdenek \u00e9s zenei list\u00e1nk dalaira t\u00e1ncolnak anya \u00e9s apa vigy\u00e1z\u00f3 tekintete mellett.\",\"breadcrumb\":{\"@id\":\"https:\/\/www.casavio.com\/hu\/tevekenysegek-kemping\/animacio\/happy-disco\/#breadcrumb\"},\"inLanguage\":\"hu\",\"potentialAction\":[{\"@type\":\"ReadAction\",\"target\":[\"https:\/\/www.casavio.com\/hu\/tevekenysegek-kemping\/animacio\/happy-disco\/\"]}]},{\"@type\":\"ImageObject\",\"inLanguage\":\"hu\",\"@id\":\"https:\/\/www.casavio.com\/hu\/tevekenysegek-kemping\/animacio\/happy-disco\/#primaryimage\",\"url\":\"https:\/\/www.casavio.com\/wp-content\/uploads\/2020\/10\/ca-savio-giochi-animazione-happydisco.jpg\",\"contentUrl\":\"https:\/\/www.casavio.com\/wp-content\/uploads\/2020\/10\/ca-savio-giochi-animazione-happydisco.jpg\",\"width\":440,\"height\":600},{\"@type\":\"BreadcrumbList\",\"@id\":\"https:\/\/www.casavio.com\/hu\/tevekenysegek-kemping\/animacio\/happy-disco\/#breadcrumb\",\"itemListElement\":[{\"@type\":\"ListItem\",\"position\":1,\"name\":\"Home\",\"item\":\"https:\/\/www.casavio.com\/hu\/\"},{\"@type\":\"ListItem\",\"position\":2,\"name\":\"Tev\u00e9kenys\u00e9gek\",\"item\":\"https:\/\/www.casavio.com\/hu\/tevekenysegek-kemping\/\"},{\"@type\":\"ListItem\",\"position\":3,\"name\":\"J\u00e1t\u00e9kok \u00e9s Anim\u00e1ci\u00f3\",\"item\":\"https:\/\/www.casavio.com\/hu\/tevekenysegek-kemping\/animacio\/\"},{\"@type\":\"ListItem\",\"position\":4,\"name\":\"Happy disco\"}]},{\"@type\":\"WebSite\",\"@id\":\"https:\/\/www.casavio.com\/hu\/#website\",\"url\":\"https:\/\/www.casavio.com\/hu\/\",\"name\":\"Camping Ca&#039; Savio\",\"description\":\"\",\"publisher\":{\"@id\":\"https:\/\/www.casavio.com\/hu\/#organization\"},\"potentialAction\":[{\"@type\":\"SearchAction\",\"target\":{\"@type\":\"EntryPoint\",\"urlTemplate\":\"https:\/\/www.casavio.com\/hu\/?s={search_term_string}\"},\"query-input\":{\"@type\":\"PropertyValueSpecification\",\"valueRequired\":true,\"valueName\":\"search_term_string\"}}],\"inLanguage\":\"hu\"},{\"@type\":\"Organization\",\"@id\":\"https:\/\/www.casavio.com\/hu\/#organization\",\"name\":\"Camping Ca'Savio\",\"url\":\"https:\/\/www.casavio.com\/hu\/\",\"logo\":{\"@type\":\"ImageObject\",\"inLanguage\":\"hu\",\"@id\":\"https:\/\/www.casavio.com\/hu\/#\/schema\/logo\/image\/\",\"url\":\"https:\/\/www.casavio.com\/wp-content\/uploads\/2024\/04\/favicon.png\",\"contentUrl\":\"https:\/\/www.casavio.com\/wp-content\/uploads\/2024\/04\/favicon.png\",\"width\":144,\"height\":144,\"caption\":\"Camping Ca'Savio\"},\"image\":{\"@id\":\"https:\/\/www.casavio.com\/hu\/#\/schema\/logo\/image\/\"},\"sameAs\":[\"https:\/\/www.facebook.com\/campingcasavio\",\"https:\/\/www.instagram.com\/campingcasavio\",\"https:\/\/www.youtube.com\/user\/campingcasavio\"]}]}<\/script>\n<!-- \/ Yoast SEO plugin. -->","yoast_head_json":{"title":"Happy Disco: a kemping bemutat\u00f3i &#8211; Camping Ca&#039; Savio","description":"Az esti el\u0151ad\u00e1sok el\u0151tt sorra ker\u00fcl\u0151 Happy Disco a legkisebbek kedvenc sz\u00f3rakoz\u00e1sa. Err\u0151l a programr\u00f3l nem maradhatnak le. A zene ritmus\u00e1ra tombolni kezdenek \u00e9s zenei list\u00e1nk dalaira t\u00e1ncolnak anya \u00e9s apa vigy\u00e1z\u00f3 tekintete mellett.","robots":{"index":"index","follow":"follow","max-snippet":"max-snippet:-1","max-image-preview":"max-image-preview:large","max-video-preview":"max-video-preview:-1"},"canonical":"https:\/\/www.casavio.com\/hu\/tevekenysegek-kemping\/animacio\/happy-disco\/","og_locale":"hu_HU","og_type":"article","og_title":"Happy Disco: a kemping bemutat\u00f3i &#8211; Camping Ca&#039; Savio","og_description":"Az esti el\u0151ad\u00e1sok el\u0151tt sorra ker\u00fcl\u0151 Happy Disco a legkisebbek kedvenc sz\u00f3rakoz\u00e1sa. Err\u0151l a programr\u00f3l nem maradhatnak le. A zene ritmus\u00e1ra tombolni kezdenek \u00e9s zenei list\u00e1nk dalaira t\u00e1ncolnak anya \u00e9s apa vigy\u00e1z\u00f3 tekintete mellett.","og_url":"https:\/\/www.casavio.com\/hu\/tevekenysegek-kemping\/animacio\/happy-disco\/","og_site_name":"Camping Ca&#039; Savio","article_publisher":"https:\/\/www.facebook.com\/campingcasavio","article_modified_time":"2026-02-10T11:12:48+00:00","og_image":[{"width":440,"height":600,"url":"https:\/\/www.casavio.com\/wp-content\/uploads\/2020\/10\/ca-savio-giochi-animazione-happydisco.jpg","type":"image\/jpeg"}],"twitter_card":"summary_large_image","twitter_misc":{"Becs\u00fclt olvas\u00e1si id\u0151":"1 perc"},"schema":{"@context":"https:\/\/schema.org","@graph":[{"@type":"WebPage","@id":"https:\/\/www.casavio.com\/hu\/tevekenysegek-kemping\/animacio\/happy-disco\/","url":"https:\/\/www.casavio.com\/hu\/tevekenysegek-kemping\/animacio\/happy-disco\/","name":"Happy Disco: a kemping bemutat\u00f3i &#8211; Camping Ca&#039; Savio","isPartOf":{"@id":"https:\/\/www.casavio.com\/hu\/#website"},"primaryImageOfPage":{"@id":"https:\/\/www.casavio.com\/hu\/tevekenysegek-kemping\/animacio\/happy-disco\/#primaryimage"},"image":{"@id":"https:\/\/www.casavio.com\/hu\/tevekenysegek-kemping\/animacio\/happy-disco\/#primaryimage"},"thumbnailUrl":"https:\/\/www.casavio.com\/wp-content\/uploads\/2020\/10\/ca-savio-giochi-animazione-happydisco.jpg","datePublished":"2019-11-07T10:08:55+00:00","dateModified":"2026-02-10T11:12:48+00:00","description":"Az esti el\u0151ad\u00e1sok el\u0151tt sorra ker\u00fcl\u0151 Happy Disco a legkisebbek kedvenc sz\u00f3rakoz\u00e1sa. Err\u0151l a programr\u00f3l nem maradhatnak le. A zene ritmus\u00e1ra tombolni kezdenek \u00e9s zenei list\u00e1nk dalaira t\u00e1ncolnak anya \u00e9s apa vigy\u00e1z\u00f3 tekintete mellett.","breadcrumb":{"@id":"https:\/\/www.casavio.com\/hu\/tevekenysegek-kemping\/animacio\/happy-disco\/#breadcrumb"},"inLanguage":"hu","potentialAction":[{"@type":"ReadAction","target":["https:\/\/www.casavio.com\/hu\/tevekenysegek-kemping\/animacio\/happy-disco\/"]}]},{"@type":"ImageObject","inLanguage":"hu","@id":"https:\/\/www.casavio.com\/hu\/tevekenysegek-kemping\/animacio\/happy-disco\/#primaryimage","url":"https:\/\/www.casavio.com\/wp-content\/uploads\/2020\/10\/ca-savio-giochi-animazione-happydisco.jpg","contentUrl":"https:\/\/www.casavio.com\/wp-content\/uploads\/2020\/10\/ca-savio-giochi-animazione-happydisco.jpg","width":440,"height":600},{"@type":"BreadcrumbList","@id":"https:\/\/www.casavio.com\/hu\/tevekenysegek-kemping\/animacio\/happy-disco\/#breadcrumb","itemListElement":[{"@type":"ListItem","position":1,"name":"Home","item":"https:\/\/www.casavio.com\/hu\/"},{"@type":"ListItem","position":2,"name":"Tev\u00e9kenys\u00e9gek","item":"https:\/\/www.casavio.com\/hu\/tevekenysegek-kemping\/"},{"@type":"ListItem","position":3,"name":"J\u00e1t\u00e9kok \u00e9s Anim\u00e1ci\u00f3","item":"https:\/\/www.casavio.com\/hu\/tevekenysegek-kemping\/animacio\/"},{"@type":"ListItem","position":4,"name":"Happy disco"}]},{"@type":"WebSite","@id":"https:\/\/www.casavio.com\/hu\/#website","url":"https:\/\/www.casavio.com\/hu\/","name":"Camping Ca&#039; Savio","description":"","publisher":{"@id":"https:\/\/www.casavio.com\/hu\/#organization"},"potentialAction":[{"@type":"SearchAction","target":{"@type":"EntryPoint","urlTemplate":"https:\/\/www.casavio.com\/hu\/?s={search_term_string}"},"query-input":{"@type":"PropertyValueSpecification","valueRequired":true,"valueName":"search_term_string"}}],"inLanguage":"hu"},{"@type":"Organization","@id":"https:\/\/www.casavio.com\/hu\/#organization","name":"Camping Ca'Savio","url":"https:\/\/www.casavio.com\/hu\/","logo":{"@type":"ImageObject","inLanguage":"hu","@id":"https:\/\/www.casavio.com\/hu\/#\/schema\/logo\/image\/","url":"https:\/\/www.casavio.com\/wp-content\/uploads\/2024\/04\/favicon.png","contentUrl":"https:\/\/www.casavio.com\/wp-content\/uploads\/2024\/04\/favicon.png","width":144,"height":144,"caption":"Camping Ca'Savio"},"image":{"@id":"https:\/\/www.casavio.com\/hu\/#\/schema\/logo\/image\/"},"sameAs":["https:\/\/www.facebook.com\/campingcasavio","https:\/\/www.instagram.com\/campingcasavio","https:\/\/www.youtube.com\/user\/campingcasavio"]}]}},"_links":{"self":[{"href":"https:\/\/www.casavio.com\/hu\/wp-json\/wp\/v2\/pages\/10845","targetHints":{"allow":["GET"]}}],"collection":[{"href":"https:\/\/www.casavio.com\/hu\/wp-json\/wp\/v2\/pages"}],"about":[{"href":"https:\/\/www.casavio.com\/hu\/wp-json\/wp\/v2\/types\/page"}],"author":[{"embeddable":true,"href":"https:\/\/www.casavio.com\/hu\/wp-json\/wp\/v2\/users\/3"}],"replies":[{"embeddable":true,"href":"https:\/\/www.casavio.com\/hu\/wp-json\/wp\/v2\/comments?post=10845"}],"version-history":[{"count":2,"href":"https:\/\/www.casavio.com\/hu\/wp-json\/wp\/v2\/pages\/10845\/revisions"}],"predecessor-version":[{"id":45957,"href":"https:\/\/www.casavio.com\/hu\/wp-json\/wp\/v2\/pages\/10845\/revisions\/45957"}],"up":[{"embeddable":true,"href":"https:\/\/www.casavio.com\/hu\/wp-json\/wp\/v2\/pages\/10837"}],"wp:featuredmedia":[{"embeddable":true,"href":"https:\/\/www.casavio.com\/hu\/wp-json\/wp\/v2\/media\/14246"}],"wp:attachment":[{"href":"https:\/\/www.casavio.com\/hu\/wp-json\/wp\/v2\/media?parent=10845"}],"curies":[{"name":"wp","href":"https:\/\/api.w.org\/{rel}","templated":true}]}}