{"id":10850,"date":"2019-11-07T10:57:16","date_gmt":"2019-11-07T09:57:16","guid":{"rendered":"https:\/\/www.casavio.com\/szolgaltatasok\/ristoranti-ca-savio\/"},"modified":"2026-02-19T15:04:53","modified_gmt":"2026-02-19T14:04:53","slug":"etkezes-ca-savio","status":"publish","type":"page","link":"https:\/\/www.casavio.com\/hu\/szolgaltatasok\/etkezes-ca-savio\/","title":{"rendered":"\u00c9tkez\u00e9s"},"content":{"rendered":"<p>A kempingben az eb\u00e9d \u00e9s a vacsora elfogyaszt\u00e1sa is csak \u00fcr\u00fcgy a szabadban tart\u00f3zkod\u00e1sra, nyugodt l\u00e9gk\u00f6rben, egyszer\u0171 \u00e9teleket fogyasztva. Pontosan ez a l\u00e9gk\u00f6r fogadja vend\u00e9geinket vend\u00e9gl\u00e1t\u00f3 egys\u00e9geinkben.<\/p>\n<p>\u00cdme a Ca&#8217; Savio Kemping <strong>k\u00fcl\u00f6nb\u00f6z\u0151 Vend\u00e9gl\u00e1t\u00f3 egys\u00e9gei:<\/strong> egy hagyom\u00e1nyos \u00e9tterem, egy gyors\u00e9tkezde \u00e9s street food b\u00fcf\u00e9 a 13. \u00faton, a medenc\u00e9kt\u0151l n\u00e9h\u00e1ny l\u00e9p\u00e9sre, vagy egy t\u00e1gas szabadt\u00e9ri ter\u00fclet elvihet\u0151 vacsor\u00e1val, pizz\u00e1val \u00e9s meleg, illetve a ny\u00e1ri id\u0151szakban t\u00f6k\u00e9letes hideg \u00e9telekkel, egy b\u00e1r a szabadt\u00e9ri reggelihez vagy egy m\u00e1sik b\u00e1r a fagylaltoz\u00e1shoz az esti sz\u00f3rakoz\u00e1s helysz\u00edn\u00e9t\u0151l n\u00e9h\u00e1ny l\u00e9p\u00e9sre.<\/p>\n","protected":false},"excerpt":{"rendered":"<p>Pizza, k\u00e9sz \u00e9telek, olasz \u00e9s nemzetk\u00f6zi \u00e9telk\u00fcl\u00f6nlegess\u00e9gek. Mindaz, amire sz\u00fcks\u00e9ged van an\u00e9lk\u00fcl, hogy elhagyn\u00e1d a kemping ter\u00fclet\u00e9t.<\/p>\n","protected":false},"author":3,"featured_media":13711,"parent":10095,"menu_order":51,"comment_status":"closed","ping_status":"closed","template":"","meta":{"_acf_changed":false},"class_list":["post-10850","page","type-page","status-publish","has-post-thumbnail","hentry"],"acf":[],"yoast_head":"<!-- This site is optimized with the Yoast SEO plugin v25.3 - https:\/\/yoast.com\/wordpress\/plugins\/seo\/ -->\n<title>\u00c9ttermek Cavallino Treporti-ban &#8211; Camping Ca&#039; Savio<\/title>\n<meta name=\"description\" content=\"Hagyom\u00e1nyos \u00e9tterem, kioszk k\u0151haj\u00edt\u00e1snyira az uszod\u00e1t\u00f3l, harapnival\u00f3kkal \u00e9s utcai \u00e9telekkel, vagy egy k\u00fclt\u00e9ri ter\u00fclet egy elvihet\u0151 vacsor\u00e1hoz pizz\u00e1val \u00e9s egy\u00e9b \u00e9telekkel.\" \/>\n<meta name=\"robots\" content=\"index, follow, max-snippet:-1, max-image-preview:large, max-video-preview:-1\" \/>\n<link rel=\"canonical\" href=\"https:\/\/www.casavio.com\/hu\/szolgaltatasok\/etkezes-ca-savio\/\" \/>\n<meta property=\"og:locale\" content=\"hu_HU\" \/>\n<meta property=\"og:type\" content=\"article\" \/>\n<meta property=\"og:title\" content=\"\u00c9ttermek Cavallino Treporti-ban &#8211; Camping Ca&#039; Savio\" \/>\n<meta property=\"og:description\" content=\"Hagyom\u00e1nyos \u00e9tterem, kioszk k\u0151haj\u00edt\u00e1snyira az uszod\u00e1t\u00f3l, harapnival\u00f3kkal \u00e9s utcai \u00e9telekkel, vagy egy k\u00fclt\u00e9ri ter\u00fclet egy elvihet\u0151 vacsor\u00e1hoz pizz\u00e1val \u00e9s egy\u00e9b \u00e9telekkel.\" \/>\n<meta property=\"og:url\" content=\"https:\/\/www.casavio.com\/hu\/szolgaltatasok\/etkezes-ca-savio\/\" \/>\n<meta property=\"og:site_name\" content=\"Camping Ca&#039; Savio\" \/>\n<meta property=\"article:publisher\" content=\"https:\/\/www.facebook.com\/campingcasavio\" \/>\n<meta property=\"article:modified_time\" content=\"2026-02-19T14:04:53+00:00\" \/>\n<meta property=\"og:image\" content=\"https:\/\/www.casavio.com\/wp-content\/uploads\/2020\/10\/2020_Ca-Savio-Restaurant-353.jpg\" \/>\n\t<meta property=\"og:image:width\" content=\"440\" \/>\n\t<meta property=\"og:image:height\" content=\"600\" \/>\n\t<meta property=\"og:image:type\" content=\"image\/jpeg\" \/>\n<meta name=\"twitter:card\" content=\"summary_large_image\" \/>\n<meta name=\"twitter:label1\" content=\"Becs\u00fclt olvas\u00e1si id\u0151\" \/>\n\t<meta name=\"twitter:data1\" content=\"1 perc\" \/>\n<script type=\"application\/ld+json\" class=\"yoast-schema-graph\">{\"@context\":\"https:\/\/schema.org\",\"@graph\":[{\"@type\":\"WebPage\",\"@id\":\"https:\/\/www.casavio.com\/hu\/szolgaltatasok\/etkezes-ca-savio\/\",\"url\":\"https:\/\/www.casavio.com\/hu\/szolgaltatasok\/etkezes-ca-savio\/\",\"name\":\"\u00c9ttermek Cavallino Treporti-ban &#8211; Camping Ca&#039; Savio\",\"isPartOf\":{\"@id\":\"https:\/\/www.casavio.com\/hu\/#website\"},\"primaryImageOfPage\":{\"@id\":\"https:\/\/www.casavio.com\/hu\/szolgaltatasok\/etkezes-ca-savio\/#primaryimage\"},\"image\":{\"@id\":\"https:\/\/www.casavio.com\/hu\/szolgaltatasok\/etkezes-ca-savio\/#primaryimage\"},\"thumbnailUrl\":\"https:\/\/www.casavio.com\/wp-content\/uploads\/2020\/10\/2020_Ca-Savio-Restaurant-353.jpg\",\"datePublished\":\"2019-11-07T09:57:16+00:00\",\"dateModified\":\"2026-02-19T14:04:53+00:00\",\"description\":\"Hagyom\u00e1nyos \u00e9tterem, kioszk k\u0151haj\u00edt\u00e1snyira az uszod\u00e1t\u00f3l, harapnival\u00f3kkal \u00e9s utcai \u00e9telekkel, vagy egy k\u00fclt\u00e9ri ter\u00fclet egy elvihet\u0151 vacsor\u00e1hoz pizz\u00e1val \u00e9s egy\u00e9b \u00e9telekkel.\",\"breadcrumb\":{\"@id\":\"https:\/\/www.casavio.com\/hu\/szolgaltatasok\/etkezes-ca-savio\/#breadcrumb\"},\"inLanguage\":\"hu\",\"potentialAction\":[{\"@type\":\"ReadAction\",\"target\":[\"https:\/\/www.casavio.com\/hu\/szolgaltatasok\/etkezes-ca-savio\/\"]}]},{\"@type\":\"ImageObject\",\"inLanguage\":\"hu\",\"@id\":\"https:\/\/www.casavio.com\/hu\/szolgaltatasok\/etkezes-ca-savio\/#primaryimage\",\"url\":\"https:\/\/www.casavio.com\/wp-content\/uploads\/2020\/10\/2020_Ca-Savio-Restaurant-353.jpg\",\"contentUrl\":\"https:\/\/www.casavio.com\/wp-content\/uploads\/2020\/10\/2020_Ca-Savio-Restaurant-353.jpg\",\"width\":440,\"height\":600},{\"@type\":\"BreadcrumbList\",\"@id\":\"https:\/\/www.casavio.com\/hu\/szolgaltatasok\/etkezes-ca-savio\/#breadcrumb\",\"itemListElement\":[{\"@type\":\"ListItem\",\"position\":1,\"name\":\"Home\",\"item\":\"https:\/\/www.casavio.com\/hu\/\"},{\"@type\":\"ListItem\",\"position\":2,\"name\":\"Szolg\u00e1ltat\u00e1sok\",\"item\":\"https:\/\/www.casavio.com\/hu\/szolgaltatasok\/\"},{\"@type\":\"ListItem\",\"position\":3,\"name\":\"\u00c9tkez\u00e9s\"}]},{\"@type\":\"WebSite\",\"@id\":\"https:\/\/www.casavio.com\/hu\/#website\",\"url\":\"https:\/\/www.casavio.com\/hu\/\",\"name\":\"Camping Ca&#039; Savio\",\"description\":\"\",\"publisher\":{\"@id\":\"https:\/\/www.casavio.com\/hu\/#organization\"},\"potentialAction\":[{\"@type\":\"SearchAction\",\"target\":{\"@type\":\"EntryPoint\",\"urlTemplate\":\"https:\/\/www.casavio.com\/hu\/?s={search_term_string}\"},\"query-input\":{\"@type\":\"PropertyValueSpecification\",\"valueRequired\":true,\"valueName\":\"search_term_string\"}}],\"inLanguage\":\"hu\"},{\"@type\":\"Organization\",\"@id\":\"https:\/\/www.casavio.com\/hu\/#organization\",\"name\":\"Camping Ca'Savio\",\"url\":\"https:\/\/www.casavio.com\/hu\/\",\"logo\":{\"@type\":\"ImageObject\",\"inLanguage\":\"hu\",\"@id\":\"https:\/\/www.casavio.com\/hu\/#\/schema\/logo\/image\/\",\"url\":\"https:\/\/www.casavio.com\/wp-content\/uploads\/2024\/04\/favicon.png\",\"contentUrl\":\"https:\/\/www.casavio.com\/wp-content\/uploads\/2024\/04\/favicon.png\",\"width\":144,\"height\":144,\"caption\":\"Camping Ca'Savio\"},\"image\":{\"@id\":\"https:\/\/www.casavio.com\/hu\/#\/schema\/logo\/image\/\"},\"sameAs\":[\"https:\/\/www.facebook.com\/campingcasavio\",\"https:\/\/www.instagram.com\/campingcasavio\",\"https:\/\/www.youtube.com\/user\/campingcasavio\"]}]}<\/script>\n<!-- \/ Yoast SEO plugin. -->","yoast_head_json":{"title":"\u00c9ttermek Cavallino Treporti-ban &#8211; Camping Ca&#039; Savio","description":"Hagyom\u00e1nyos \u00e9tterem, kioszk k\u0151haj\u00edt\u00e1snyira az uszod\u00e1t\u00f3l, harapnival\u00f3kkal \u00e9s utcai \u00e9telekkel, vagy egy k\u00fclt\u00e9ri ter\u00fclet egy elvihet\u0151 vacsor\u00e1hoz pizz\u00e1val \u00e9s egy\u00e9b \u00e9telekkel.","robots":{"index":"index","follow":"follow","max-snippet":"max-snippet:-1","max-image-preview":"max-image-preview:large","max-video-preview":"max-video-preview:-1"},"canonical":"https:\/\/www.casavio.com\/hu\/szolgaltatasok\/etkezes-ca-savio\/","og_locale":"hu_HU","og_type":"article","og_title":"\u00c9ttermek Cavallino Treporti-ban &#8211; Camping Ca&#039; Savio","og_description":"Hagyom\u00e1nyos \u00e9tterem, kioszk k\u0151haj\u00edt\u00e1snyira az uszod\u00e1t\u00f3l, harapnival\u00f3kkal \u00e9s utcai \u00e9telekkel, vagy egy k\u00fclt\u00e9ri ter\u00fclet egy elvihet\u0151 vacsor\u00e1hoz pizz\u00e1val \u00e9s egy\u00e9b \u00e9telekkel.","og_url":"https:\/\/www.casavio.com\/hu\/szolgaltatasok\/etkezes-ca-savio\/","og_site_name":"Camping Ca&#039; Savio","article_publisher":"https:\/\/www.facebook.com\/campingcasavio","article_modified_time":"2026-02-19T14:04:53+00:00","og_image":[{"width":440,"height":600,"url":"https:\/\/www.casavio.com\/wp-content\/uploads\/2020\/10\/2020_Ca-Savio-Restaurant-353.jpg","type":"image\/jpeg"}],"twitter_card":"summary_large_image","twitter_misc":{"Becs\u00fclt olvas\u00e1si id\u0151":"1 perc"},"schema":{"@context":"https:\/\/schema.org","@graph":[{"@type":"WebPage","@id":"https:\/\/www.casavio.com\/hu\/szolgaltatasok\/etkezes-ca-savio\/","url":"https:\/\/www.casavio.com\/hu\/szolgaltatasok\/etkezes-ca-savio\/","name":"\u00c9ttermek Cavallino Treporti-ban &#8211; Camping Ca&#039; Savio","isPartOf":{"@id":"https:\/\/www.casavio.com\/hu\/#website"},"primaryImageOfPage":{"@id":"https:\/\/www.casavio.com\/hu\/szolgaltatasok\/etkezes-ca-savio\/#primaryimage"},"image":{"@id":"https:\/\/www.casavio.com\/hu\/szolgaltatasok\/etkezes-ca-savio\/#primaryimage"},"thumbnailUrl":"https:\/\/www.casavio.com\/wp-content\/uploads\/2020\/10\/2020_Ca-Savio-Restaurant-353.jpg","datePublished":"2019-11-07T09:57:16+00:00","dateModified":"2026-02-19T14:04:53+00:00","description":"Hagyom\u00e1nyos \u00e9tterem, kioszk k\u0151haj\u00edt\u00e1snyira az uszod\u00e1t\u00f3l, harapnival\u00f3kkal \u00e9s utcai \u00e9telekkel, vagy egy k\u00fclt\u00e9ri ter\u00fclet egy elvihet\u0151 vacsor\u00e1hoz pizz\u00e1val \u00e9s egy\u00e9b \u00e9telekkel.","breadcrumb":{"@id":"https:\/\/www.casavio.com\/hu\/szolgaltatasok\/etkezes-ca-savio\/#breadcrumb"},"inLanguage":"hu","potentialAction":[{"@type":"ReadAction","target":["https:\/\/www.casavio.com\/hu\/szolgaltatasok\/etkezes-ca-savio\/"]}]},{"@type":"ImageObject","inLanguage":"hu","@id":"https:\/\/www.casavio.com\/hu\/szolgaltatasok\/etkezes-ca-savio\/#primaryimage","url":"https:\/\/www.casavio.com\/wp-content\/uploads\/2020\/10\/2020_Ca-Savio-Restaurant-353.jpg","contentUrl":"https:\/\/www.casavio.com\/wp-content\/uploads\/2020\/10\/2020_Ca-Savio-Restaurant-353.jpg","width":440,"height":600},{"@type":"BreadcrumbList","@id":"https:\/\/www.casavio.com\/hu\/szolgaltatasok\/etkezes-ca-savio\/#breadcrumb","itemListElement":[{"@type":"ListItem","position":1,"name":"Home","item":"https:\/\/www.casavio.com\/hu\/"},{"@type":"ListItem","position":2,"name":"Szolg\u00e1ltat\u00e1sok","item":"https:\/\/www.casavio.com\/hu\/szolgaltatasok\/"},{"@type":"ListItem","position":3,"name":"\u00c9tkez\u00e9s"}]},{"@type":"WebSite","@id":"https:\/\/www.casavio.com\/hu\/#website","url":"https:\/\/www.casavio.com\/hu\/","name":"Camping Ca&#039; Savio","description":"","publisher":{"@id":"https:\/\/www.casavio.com\/hu\/#organization"},"potentialAction":[{"@type":"SearchAction","target":{"@type":"EntryPoint","urlTemplate":"https:\/\/www.casavio.com\/hu\/?s={search_term_string}"},"query-input":{"@type":"PropertyValueSpecification","valueRequired":true,"valueName":"search_term_string"}}],"inLanguage":"hu"},{"@type":"Organization","@id":"https:\/\/www.casavio.com\/hu\/#organization","name":"Camping Ca'Savio","url":"https:\/\/www.casavio.com\/hu\/","logo":{"@type":"ImageObject","inLanguage":"hu","@id":"https:\/\/www.casavio.com\/hu\/#\/schema\/logo\/image\/","url":"https:\/\/www.casavio.com\/wp-content\/uploads\/2024\/04\/favicon.png","contentUrl":"https:\/\/www.casavio.com\/wp-content\/uploads\/2024\/04\/favicon.png","width":144,"height":144,"caption":"Camping Ca'Savio"},"image":{"@id":"https:\/\/www.casavio.com\/hu\/#\/schema\/logo\/image\/"},"sameAs":["https:\/\/www.facebook.com\/campingcasavio","https:\/\/www.instagram.com\/campingcasavio","https:\/\/www.youtube.com\/user\/campingcasavio"]}]}},"_links":{"self":[{"href":"https:\/\/www.casavio.com\/hu\/wp-json\/wp\/v2\/pages\/10850","targetHints":{"allow":["GET"]}}],"collection":[{"href":"https:\/\/www.casavio.com\/hu\/wp-json\/wp\/v2\/pages"}],"about":[{"href":"https:\/\/www.casavio.com\/hu\/wp-json\/wp\/v2\/types\/page"}],"author":[{"embeddable":true,"href":"https:\/\/www.casavio.com\/hu\/wp-json\/wp\/v2\/users\/3"}],"replies":[{"embeddable":true,"href":"https:\/\/www.casavio.com\/hu\/wp-json\/wp\/v2\/comments?post=10850"}],"version-history":[{"count":1,"href":"https:\/\/www.casavio.com\/hu\/wp-json\/wp\/v2\/pages\/10850\/revisions"}],"predecessor-version":[{"id":46096,"href":"https:\/\/www.casavio.com\/hu\/wp-json\/wp\/v2\/pages\/10850\/revisions\/46096"}],"up":[{"embeddable":true,"href":"https:\/\/www.casavio.com\/hu\/wp-json\/wp\/v2\/pages\/10095"}],"wp:featuredmedia":[{"embeddable":true,"href":"https:\/\/www.casavio.com\/hu\/wp-json\/wp\/v2\/media\/13711"}],"wp:attachment":[{"href":"https:\/\/www.casavio.com\/hu\/wp-json\/wp\/v2\/media?parent=10850"}],"curies":[{"name":"wp","href":"https:\/\/api.w.org\/{rel}","templated":true}]}}