{"id":10853,"date":"2019-11-07T10:55:49","date_gmt":"2019-11-07T09:55:49","guid":{"rendered":"https:\/\/www.casavio.com\/szolgaltatasok\/piscine-ca-savio\/"},"modified":"2026-02-19T14:58:47","modified_gmt":"2026-02-19T13:58:47","slug":"medencek-ca-savio","status":"publish","type":"page","link":"https:\/\/www.casavio.com\/hu\/szolgaltatasok\/medencek-ca-savio\/","title":{"rendered":"Medenc\u00e9k"},"content":{"rendered":"<p>Nincs ny\u00e1ri nyaral\u00e1s a medenc\u00e9ben folytatott j\u00e1t\u00e9kok \u00e9s medence sz\u00e9l\u00e9n t\u00f6lt\u00f6tt kikapcsol\u00f3d\u00e1s n\u00e9lk\u00fcl. Sok gener\u00e1ci\u00f3 sz\u00e1m\u00e1ra az \u00fasz\u00f3medenc\u00e9k jelentett\u00e9k a nyaral\u00e1s f\u00e9nypontj\u00e1t.<\/p>\n<p>A Ca\u2019 Savio Kemping <strong>2 szabadt\u00e9ri medence<\/strong> egys\u00e9ggel rendelkezik: az egyik a f\u0151 <a href=\"https:\/\/www.casavio.com\/hu\/szolgaltatasok\/etkezes-ca-savio\/\">\u00e9tterem<\/a> k\u00f6zel\u00e9ben tal\u00e1lhat\u00f3 v\u00edzi j\u00e1t\u00e9kokkal \u00e9s n\u00e9h\u00e1ny cs\u00faszd\u00e1val, a m\u00e1sik a fenyvesben, ez ut\u00f3bbi <a href=\"https:\/\/www.casavio.com\/hu\/tevekenysegek-kemping\/sport-es-fitnesz\/aquagym\/\"><u>aquagym<\/u> <\/a>v\u00e9gz\u00e9s\u00e9re is alkalmas. Mindk\u00e9t medence egys\u00e9get z\u00f6ld n\u00f6v\u00e9nyzet veszi k\u00f6rbe, t\u00f6k\u00e9letes sz\u00ednhelyek a kikapcsol\u00f3d\u00e1shoz \u00e9s a sz\u00f3rakoz\u00e1shoz.<\/p>\n","protected":false},"excerpt":{"rendered":"<p>Feln\u0151tt \u00e9s gyerek medenc\u00e9k, a kemping k\u00e9t k\u00fcl\u00f6nb\u00f6z\u0151 r\u00e9sz\u00e9n.<\/p>\n","protected":false},"author":3,"featured_media":20326,"parent":10095,"menu_order":50,"comment_status":"closed","ping_status":"closed","template":"","meta":{"_acf_changed":false},"class_list":["post-10853","page","type-page","status-publish","has-post-thumbnail","hentry"],"acf":[],"yoast_head":"<!-- This site is optimized with the Yoast SEO plugin v25.3 - https:\/\/yoast.com\/wordpress\/plugins\/seo\/ -->\n<title>Medenc\u00e9k a Kempingben &#8211; Camping Ca&#039; Savio<\/title>\n<meta name=\"description\" content=\"A Ca&#039;Savio kemping csod\u00e1latos medenc\u00e9k komplexum\u00e1t k\u00edn\u00e1l feln\u0151tteknek \u00e9s gyermekeknek. A kemping k\u00e9t k\u00fcl\u00f6nb\u00f6z\u0151 ter\u00fclet\u00e9n tal\u00e1lhat\u00f3: az \u00e9tterem k\u00f6zel\u00e9ben \u00e9s a fenyveserd\u0151ben.\" \/>\n<meta name=\"robots\" content=\"index, follow, max-snippet:-1, max-image-preview:large, max-video-preview:-1\" \/>\n<link rel=\"canonical\" href=\"https:\/\/www.casavio.com\/hu\/szolgaltatasok\/medencek-ca-savio\/\" \/>\n<meta property=\"og:locale\" content=\"hu_HU\" \/>\n<meta property=\"og:type\" content=\"article\" \/>\n<meta property=\"og:title\" content=\"Medenc\u00e9k a Kempingben &#8211; Camping Ca&#039; Savio\" \/>\n<meta property=\"og:description\" content=\"A Ca&#039;Savio kemping csod\u00e1latos medenc\u00e9k komplexum\u00e1t k\u00edn\u00e1l feln\u0151tteknek \u00e9s gyermekeknek. A kemping k\u00e9t k\u00fcl\u00f6nb\u00f6z\u0151 ter\u00fclet\u00e9n tal\u00e1lhat\u00f3: az \u00e9tterem k\u00f6zel\u00e9ben \u00e9s a fenyveserd\u0151ben.\" \/>\n<meta property=\"og:url\" content=\"https:\/\/www.casavio.com\/hu\/szolgaltatasok\/medencek-ca-savio\/\" \/>\n<meta property=\"og:site_name\" content=\"Camping Ca&#039; Savio\" \/>\n<meta property=\"article:publisher\" content=\"https:\/\/www.facebook.com\/campingcasavio\" \/>\n<meta property=\"article:modified_time\" content=\"2026-02-19T13:58:47+00:00\" \/>\n<meta property=\"og:image\" content=\"https:\/\/www.casavio.com\/wp-content\/uploads\/2021\/10\/CaSavio_piscine-bimb.jpg\" \/>\n\t<meta property=\"og:image:width\" content=\"440\" \/>\n\t<meta property=\"og:image:height\" content=\"600\" \/>\n\t<meta property=\"og:image:type\" content=\"image\/jpeg\" \/>\n<meta name=\"twitter:card\" content=\"summary_large_image\" \/>\n<meta name=\"twitter:label1\" content=\"Becs\u00fclt olvas\u00e1si id\u0151\" \/>\n\t<meta name=\"twitter:data1\" content=\"1 perc\" \/>\n<script type=\"application\/ld+json\" class=\"yoast-schema-graph\">{\"@context\":\"https:\/\/schema.org\",\"@graph\":[{\"@type\":\"WebPage\",\"@id\":\"https:\/\/www.casavio.com\/hu\/szolgaltatasok\/medencek-ca-savio\/\",\"url\":\"https:\/\/www.casavio.com\/hu\/szolgaltatasok\/medencek-ca-savio\/\",\"name\":\"Medenc\u00e9k a Kempingben &#8211; Camping Ca&#039; Savio\",\"isPartOf\":{\"@id\":\"https:\/\/www.casavio.com\/hu\/#website\"},\"primaryImageOfPage\":{\"@id\":\"https:\/\/www.casavio.com\/hu\/szolgaltatasok\/medencek-ca-savio\/#primaryimage\"},\"image\":{\"@id\":\"https:\/\/www.casavio.com\/hu\/szolgaltatasok\/medencek-ca-savio\/#primaryimage\"},\"thumbnailUrl\":\"https:\/\/www.casavio.com\/wp-content\/uploads\/2021\/10\/CaSavio_piscine-bimb.jpg\",\"datePublished\":\"2019-11-07T09:55:49+00:00\",\"dateModified\":\"2026-02-19T13:58:47+00:00\",\"description\":\"A Ca'Savio kemping csod\u00e1latos medenc\u00e9k komplexum\u00e1t k\u00edn\u00e1l feln\u0151tteknek \u00e9s gyermekeknek. A kemping k\u00e9t k\u00fcl\u00f6nb\u00f6z\u0151 ter\u00fclet\u00e9n tal\u00e1lhat\u00f3: az \u00e9tterem k\u00f6zel\u00e9ben \u00e9s a fenyveserd\u0151ben.\",\"breadcrumb\":{\"@id\":\"https:\/\/www.casavio.com\/hu\/szolgaltatasok\/medencek-ca-savio\/#breadcrumb\"},\"inLanguage\":\"hu\",\"potentialAction\":[{\"@type\":\"ReadAction\",\"target\":[\"https:\/\/www.casavio.com\/hu\/szolgaltatasok\/medencek-ca-savio\/\"]}]},{\"@type\":\"ImageObject\",\"inLanguage\":\"hu\",\"@id\":\"https:\/\/www.casavio.com\/hu\/szolgaltatasok\/medencek-ca-savio\/#primaryimage\",\"url\":\"https:\/\/www.casavio.com\/wp-content\/uploads\/2021\/10\/CaSavio_piscine-bimb.jpg\",\"contentUrl\":\"https:\/\/www.casavio.com\/wp-content\/uploads\/2021\/10\/CaSavio_piscine-bimb.jpg\",\"width\":440,\"height\":600},{\"@type\":\"BreadcrumbList\",\"@id\":\"https:\/\/www.casavio.com\/hu\/szolgaltatasok\/medencek-ca-savio\/#breadcrumb\",\"itemListElement\":[{\"@type\":\"ListItem\",\"position\":1,\"name\":\"Home\",\"item\":\"https:\/\/www.casavio.com\/hu\/\"},{\"@type\":\"ListItem\",\"position\":2,\"name\":\"Szolg\u00e1ltat\u00e1sok\",\"item\":\"https:\/\/www.casavio.com\/hu\/szolgaltatasok\/\"},{\"@type\":\"ListItem\",\"position\":3,\"name\":\"Medenc\u00e9k\"}]},{\"@type\":\"WebSite\",\"@id\":\"https:\/\/www.casavio.com\/hu\/#website\",\"url\":\"https:\/\/www.casavio.com\/hu\/\",\"name\":\"Camping Ca&#039; Savio\",\"description\":\"\",\"publisher\":{\"@id\":\"https:\/\/www.casavio.com\/hu\/#organization\"},\"potentialAction\":[{\"@type\":\"SearchAction\",\"target\":{\"@type\":\"EntryPoint\",\"urlTemplate\":\"https:\/\/www.casavio.com\/hu\/?s={search_term_string}\"},\"query-input\":{\"@type\":\"PropertyValueSpecification\",\"valueRequired\":true,\"valueName\":\"search_term_string\"}}],\"inLanguage\":\"hu\"},{\"@type\":\"Organization\",\"@id\":\"https:\/\/www.casavio.com\/hu\/#organization\",\"name\":\"Camping Ca'Savio\",\"url\":\"https:\/\/www.casavio.com\/hu\/\",\"logo\":{\"@type\":\"ImageObject\",\"inLanguage\":\"hu\",\"@id\":\"https:\/\/www.casavio.com\/hu\/#\/schema\/logo\/image\/\",\"url\":\"https:\/\/www.casavio.com\/wp-content\/uploads\/2024\/04\/favicon.png\",\"contentUrl\":\"https:\/\/www.casavio.com\/wp-content\/uploads\/2024\/04\/favicon.png\",\"width\":144,\"height\":144,\"caption\":\"Camping Ca'Savio\"},\"image\":{\"@id\":\"https:\/\/www.casavio.com\/hu\/#\/schema\/logo\/image\/\"},\"sameAs\":[\"https:\/\/www.facebook.com\/campingcasavio\",\"https:\/\/www.instagram.com\/campingcasavio\",\"https:\/\/www.youtube.com\/user\/campingcasavio\"]}]}<\/script>\n<!-- \/ Yoast SEO plugin. -->","yoast_head_json":{"title":"Medenc\u00e9k a Kempingben &#8211; Camping Ca&#039; Savio","description":"A Ca'Savio kemping csod\u00e1latos medenc\u00e9k komplexum\u00e1t k\u00edn\u00e1l feln\u0151tteknek \u00e9s gyermekeknek. A kemping k\u00e9t k\u00fcl\u00f6nb\u00f6z\u0151 ter\u00fclet\u00e9n tal\u00e1lhat\u00f3: az \u00e9tterem k\u00f6zel\u00e9ben \u00e9s a fenyveserd\u0151ben.","robots":{"index":"index","follow":"follow","max-snippet":"max-snippet:-1","max-image-preview":"max-image-preview:large","max-video-preview":"max-video-preview:-1"},"canonical":"https:\/\/www.casavio.com\/hu\/szolgaltatasok\/medencek-ca-savio\/","og_locale":"hu_HU","og_type":"article","og_title":"Medenc\u00e9k a Kempingben &#8211; Camping Ca&#039; Savio","og_description":"A Ca'Savio kemping csod\u00e1latos medenc\u00e9k komplexum\u00e1t k\u00edn\u00e1l feln\u0151tteknek \u00e9s gyermekeknek. A kemping k\u00e9t k\u00fcl\u00f6nb\u00f6z\u0151 ter\u00fclet\u00e9n tal\u00e1lhat\u00f3: az \u00e9tterem k\u00f6zel\u00e9ben \u00e9s a fenyveserd\u0151ben.","og_url":"https:\/\/www.casavio.com\/hu\/szolgaltatasok\/medencek-ca-savio\/","og_site_name":"Camping Ca&#039; Savio","article_publisher":"https:\/\/www.facebook.com\/campingcasavio","article_modified_time":"2026-02-19T13:58:47+00:00","og_image":[{"width":440,"height":600,"url":"https:\/\/www.casavio.com\/wp-content\/uploads\/2021\/10\/CaSavio_piscine-bimb.jpg","type":"image\/jpeg"}],"twitter_card":"summary_large_image","twitter_misc":{"Becs\u00fclt olvas\u00e1si id\u0151":"1 perc"},"schema":{"@context":"https:\/\/schema.org","@graph":[{"@type":"WebPage","@id":"https:\/\/www.casavio.com\/hu\/szolgaltatasok\/medencek-ca-savio\/","url":"https:\/\/www.casavio.com\/hu\/szolgaltatasok\/medencek-ca-savio\/","name":"Medenc\u00e9k a Kempingben &#8211; Camping Ca&#039; Savio","isPartOf":{"@id":"https:\/\/www.casavio.com\/hu\/#website"},"primaryImageOfPage":{"@id":"https:\/\/www.casavio.com\/hu\/szolgaltatasok\/medencek-ca-savio\/#primaryimage"},"image":{"@id":"https:\/\/www.casavio.com\/hu\/szolgaltatasok\/medencek-ca-savio\/#primaryimage"},"thumbnailUrl":"https:\/\/www.casavio.com\/wp-content\/uploads\/2021\/10\/CaSavio_piscine-bimb.jpg","datePublished":"2019-11-07T09:55:49+00:00","dateModified":"2026-02-19T13:58:47+00:00","description":"A Ca'Savio kemping csod\u00e1latos medenc\u00e9k komplexum\u00e1t k\u00edn\u00e1l feln\u0151tteknek \u00e9s gyermekeknek. A kemping k\u00e9t k\u00fcl\u00f6nb\u00f6z\u0151 ter\u00fclet\u00e9n tal\u00e1lhat\u00f3: az \u00e9tterem k\u00f6zel\u00e9ben \u00e9s a fenyveserd\u0151ben.","breadcrumb":{"@id":"https:\/\/www.casavio.com\/hu\/szolgaltatasok\/medencek-ca-savio\/#breadcrumb"},"inLanguage":"hu","potentialAction":[{"@type":"ReadAction","target":["https:\/\/www.casavio.com\/hu\/szolgaltatasok\/medencek-ca-savio\/"]}]},{"@type":"ImageObject","inLanguage":"hu","@id":"https:\/\/www.casavio.com\/hu\/szolgaltatasok\/medencek-ca-savio\/#primaryimage","url":"https:\/\/www.casavio.com\/wp-content\/uploads\/2021\/10\/CaSavio_piscine-bimb.jpg","contentUrl":"https:\/\/www.casavio.com\/wp-content\/uploads\/2021\/10\/CaSavio_piscine-bimb.jpg","width":440,"height":600},{"@type":"BreadcrumbList","@id":"https:\/\/www.casavio.com\/hu\/szolgaltatasok\/medencek-ca-savio\/#breadcrumb","itemListElement":[{"@type":"ListItem","position":1,"name":"Home","item":"https:\/\/www.casavio.com\/hu\/"},{"@type":"ListItem","position":2,"name":"Szolg\u00e1ltat\u00e1sok","item":"https:\/\/www.casavio.com\/hu\/szolgaltatasok\/"},{"@type":"ListItem","position":3,"name":"Medenc\u00e9k"}]},{"@type":"WebSite","@id":"https:\/\/www.casavio.com\/hu\/#website","url":"https:\/\/www.casavio.com\/hu\/","name":"Camping Ca&#039; Savio","description":"","publisher":{"@id":"https:\/\/www.casavio.com\/hu\/#organization"},"potentialAction":[{"@type":"SearchAction","target":{"@type":"EntryPoint","urlTemplate":"https:\/\/www.casavio.com\/hu\/?s={search_term_string}"},"query-input":{"@type":"PropertyValueSpecification","valueRequired":true,"valueName":"search_term_string"}}],"inLanguage":"hu"},{"@type":"Organization","@id":"https:\/\/www.casavio.com\/hu\/#organization","name":"Camping Ca'Savio","url":"https:\/\/www.casavio.com\/hu\/","logo":{"@type":"ImageObject","inLanguage":"hu","@id":"https:\/\/www.casavio.com\/hu\/#\/schema\/logo\/image\/","url":"https:\/\/www.casavio.com\/wp-content\/uploads\/2024\/04\/favicon.png","contentUrl":"https:\/\/www.casavio.com\/wp-content\/uploads\/2024\/04\/favicon.png","width":144,"height":144,"caption":"Camping Ca'Savio"},"image":{"@id":"https:\/\/www.casavio.com\/hu\/#\/schema\/logo\/image\/"},"sameAs":["https:\/\/www.facebook.com\/campingcasavio","https:\/\/www.instagram.com\/campingcasavio","https:\/\/www.youtube.com\/user\/campingcasavio"]}]}},"_links":{"self":[{"href":"https:\/\/www.casavio.com\/hu\/wp-json\/wp\/v2\/pages\/10853","targetHints":{"allow":["GET"]}}],"collection":[{"href":"https:\/\/www.casavio.com\/hu\/wp-json\/wp\/v2\/pages"}],"about":[{"href":"https:\/\/www.casavio.com\/hu\/wp-json\/wp\/v2\/types\/page"}],"author":[{"embeddable":true,"href":"https:\/\/www.casavio.com\/hu\/wp-json\/wp\/v2\/users\/3"}],"replies":[{"embeddable":true,"href":"https:\/\/www.casavio.com\/hu\/wp-json\/wp\/v2\/comments?post=10853"}],"version-history":[{"count":2,"href":"https:\/\/www.casavio.com\/hu\/wp-json\/wp\/v2\/pages\/10853\/revisions"}],"predecessor-version":[{"id":46090,"href":"https:\/\/www.casavio.com\/hu\/wp-json\/wp\/v2\/pages\/10853\/revisions\/46090"}],"up":[{"embeddable":true,"href":"https:\/\/www.casavio.com\/hu\/wp-json\/wp\/v2\/pages\/10095"}],"wp:featuredmedia":[{"embeddable":true,"href":"https:\/\/www.casavio.com\/hu\/wp-json\/wp\/v2\/media\/20326"}],"wp:attachment":[{"href":"https:\/\/www.casavio.com\/hu\/wp-json\/wp\/v2\/media?parent=10853"}],"curies":[{"name":"wp","href":"https:\/\/api.w.org\/{rel}","templated":true}]}}