{"id":10856,"date":"2019-11-07T11:01:42","date_gmt":"2019-11-07T10:01:42","guid":{"rendered":"https:\/\/www.casavio.com\/tevekenysegek-kemping\/escursioni\/"},"modified":"2020-05-04T11:17:55","modified_gmt":"2020-05-04T09:17:55","slug":"kirandulasok","status":"publish","type":"page","link":"https:\/\/www.casavio.com\/hu\/tevekenysegek-kemping\/kirandulasok\/","title":{"rendered":"Kir\u00e1ndul\u00e1sok"},"content":{"rendered":"<p>A Ca&#8217; Savio Kemping k\u00f6rny\u00e9ke felfedez\u00e9sre v\u00e1r. \u00cdme aj\u00e1nlataink.<\/p>\n","protected":false},"excerpt":{"rendered":"<p>Haj\u00f3val, ker\u00e9kp\u00e1rral, kajakkal vagy gyalog&#8230; Megannyi m\u00f3d a kemping k\u00f6rny\u00e9k\u00e9nek felfedez\u00e9s\u00e9re.<\/p>\n","protected":false},"author":3,"featured_media":3746,"parent":10813,"menu_order":64,"comment_status":"closed","ping_status":"closed","template":"templates\/tpl-children-with-intro.php","meta":{"_acf_changed":false},"class_list":["post-10856","page","type-page","status-publish","has-post-thumbnail","hentry"],"acf":[],"yoast_head":"<!-- This site is optimized with the Yoast SEO plugin v25.3 - https:\/\/yoast.com\/wordpress\/plugins\/seo\/ -->\n<title>Kir\u00e1ndul\u00e1sok Velenc\u00e9be, a Lag\u00fan\u00e1ba \u00e9s a Szigetekre &#8211; Camping Ca&#039; Savio<\/title>\n<meta name=\"description\" content=\"A Ca\u2019 Savio Kemping csod\u00e1s kir\u00e1ndul\u00e1sokat szervez a k\u00f6rny\u00e9kre: megl\u00e1togathatod Velenc\u00e9t, a m\u00fazeumokkal \u00e9s a lag\u00fan\u00e1val, a Dolomitokat \u00e9s a tematikus parkokat. Ismerd meg az \u00fatic\u00e9lokat!\" \/>\n<meta name=\"robots\" content=\"index, follow, max-snippet:-1, max-image-preview:large, max-video-preview:-1\" \/>\n<link rel=\"canonical\" href=\"https:\/\/www.casavio.com\/hu\/tevekenysegek-kemping\/kirandulasok\/\" \/>\n<meta property=\"og:locale\" content=\"hu_HU\" \/>\n<meta property=\"og:type\" content=\"article\" \/>\n<meta property=\"og:title\" content=\"Kir\u00e1ndul\u00e1sok Velenc\u00e9be, a Lag\u00fan\u00e1ba \u00e9s a Szigetekre &#8211; Camping Ca&#039; Savio\" \/>\n<meta property=\"og:description\" content=\"A Ca\u2019 Savio Kemping csod\u00e1s kir\u00e1ndul\u00e1sokat szervez a k\u00f6rny\u00e9kre: megl\u00e1togathatod Velenc\u00e9t, a m\u00fazeumokkal \u00e9s a lag\u00fan\u00e1val, a Dolomitokat \u00e9s a tematikus parkokat. Ismerd meg az \u00fatic\u00e9lokat!\" \/>\n<meta property=\"og:url\" content=\"https:\/\/www.casavio.com\/hu\/tevekenysegek-kemping\/kirandulasok\/\" \/>\n<meta property=\"og:site_name\" content=\"Camping Ca&#039; Savio\" \/>\n<meta property=\"article:publisher\" content=\"https:\/\/www.facebook.com\/campingcasavio\" \/>\n<meta property=\"article:modified_time\" content=\"2020-05-04T09:17:55+00:00\" \/>\n<meta property=\"og:image\" content=\"https:\/\/www.casavio.com\/wp-content\/uploads\/2019\/11\/ca-savio-attivit\u00e0-escursioni.jpg\" \/>\n\t<meta property=\"og:image:width\" content=\"440\" \/>\n\t<meta property=\"og:image:height\" content=\"600\" \/>\n\t<meta property=\"og:image:type\" content=\"image\/jpeg\" \/>\n<meta name=\"twitter:card\" content=\"summary_large_image\" \/>\n<script type=\"application\/ld+json\" class=\"yoast-schema-graph\">{\"@context\":\"https:\/\/schema.org\",\"@graph\":[{\"@type\":\"WebPage\",\"@id\":\"https:\/\/www.casavio.com\/hu\/tevekenysegek-kemping\/kirandulasok\/\",\"url\":\"https:\/\/www.casavio.com\/hu\/tevekenysegek-kemping\/kirandulasok\/\",\"name\":\"Kir\u00e1ndul\u00e1sok Velenc\u00e9be, a Lag\u00fan\u00e1ba \u00e9s a Szigetekre &#8211; Camping Ca&#039; Savio\",\"isPartOf\":{\"@id\":\"https:\/\/www.casavio.com\/hu\/#website\"},\"primaryImageOfPage\":{\"@id\":\"https:\/\/www.casavio.com\/hu\/tevekenysegek-kemping\/kirandulasok\/#primaryimage\"},\"image\":{\"@id\":\"https:\/\/www.casavio.com\/hu\/tevekenysegek-kemping\/kirandulasok\/#primaryimage\"},\"thumbnailUrl\":\"https:\/\/www.casavio.com\/wp-content\/uploads\/2019\/11\/ca-savio-attivit\u00e0-escursioni.jpg\",\"datePublished\":\"2019-11-07T10:01:42+00:00\",\"dateModified\":\"2020-05-04T09:17:55+00:00\",\"description\":\"A Ca\u2019 Savio Kemping csod\u00e1s kir\u00e1ndul\u00e1sokat szervez a k\u00f6rny\u00e9kre: megl\u00e1togathatod Velenc\u00e9t, a m\u00fazeumokkal \u00e9s a lag\u00fan\u00e1val, a Dolomitokat \u00e9s a tematikus parkokat. Ismerd meg az \u00fatic\u00e9lokat!\",\"breadcrumb\":{\"@id\":\"https:\/\/www.casavio.com\/hu\/tevekenysegek-kemping\/kirandulasok\/#breadcrumb\"},\"inLanguage\":\"hu\",\"potentialAction\":[{\"@type\":\"ReadAction\",\"target\":[\"https:\/\/www.casavio.com\/hu\/tevekenysegek-kemping\/kirandulasok\/\"]}]},{\"@type\":\"ImageObject\",\"inLanguage\":\"hu\",\"@id\":\"https:\/\/www.casavio.com\/hu\/tevekenysegek-kemping\/kirandulasok\/#primaryimage\",\"url\":\"https:\/\/www.casavio.com\/wp-content\/uploads\/2019\/11\/ca-savio-attivit\u00e0-escursioni.jpg\",\"contentUrl\":\"https:\/\/www.casavio.com\/wp-content\/uploads\/2019\/11\/ca-savio-attivit\u00e0-escursioni.jpg\",\"width\":440,\"height\":600},{\"@type\":\"BreadcrumbList\",\"@id\":\"https:\/\/www.casavio.com\/hu\/tevekenysegek-kemping\/kirandulasok\/#breadcrumb\",\"itemListElement\":[{\"@type\":\"ListItem\",\"position\":1,\"name\":\"Home\",\"item\":\"https:\/\/www.casavio.com\/hu\/\"},{\"@type\":\"ListItem\",\"position\":2,\"name\":\"Tev\u00e9kenys\u00e9gek\",\"item\":\"https:\/\/www.casavio.com\/hu\/tevekenysegek-kemping\/\"},{\"@type\":\"ListItem\",\"position\":3,\"name\":\"Kir\u00e1ndul\u00e1sok\"}]},{\"@type\":\"WebSite\",\"@id\":\"https:\/\/www.casavio.com\/hu\/#website\",\"url\":\"https:\/\/www.casavio.com\/hu\/\",\"name\":\"Camping Ca&#039; Savio\",\"description\":\"\",\"publisher\":{\"@id\":\"https:\/\/www.casavio.com\/hu\/#organization\"},\"potentialAction\":[{\"@type\":\"SearchAction\",\"target\":{\"@type\":\"EntryPoint\",\"urlTemplate\":\"https:\/\/www.casavio.com\/hu\/?s={search_term_string}\"},\"query-input\":{\"@type\":\"PropertyValueSpecification\",\"valueRequired\":true,\"valueName\":\"search_term_string\"}}],\"inLanguage\":\"hu\"},{\"@type\":\"Organization\",\"@id\":\"https:\/\/www.casavio.com\/hu\/#organization\",\"name\":\"Camping Ca'Savio\",\"url\":\"https:\/\/www.casavio.com\/hu\/\",\"logo\":{\"@type\":\"ImageObject\",\"inLanguage\":\"hu\",\"@id\":\"https:\/\/www.casavio.com\/hu\/#\/schema\/logo\/image\/\",\"url\":\"https:\/\/www.casavio.com\/wp-content\/uploads\/2024\/04\/favicon.png\",\"contentUrl\":\"https:\/\/www.casavio.com\/wp-content\/uploads\/2024\/04\/favicon.png\",\"width\":144,\"height\":144,\"caption\":\"Camping Ca'Savio\"},\"image\":{\"@id\":\"https:\/\/www.casavio.com\/hu\/#\/schema\/logo\/image\/\"},\"sameAs\":[\"https:\/\/www.facebook.com\/campingcasavio\",\"https:\/\/www.instagram.com\/campingcasavio\",\"https:\/\/www.youtube.com\/user\/campingcasavio\"]}]}<\/script>\n<!-- \/ Yoast SEO plugin. -->","yoast_head_json":{"title":"Kir\u00e1ndul\u00e1sok Velenc\u00e9be, a Lag\u00fan\u00e1ba \u00e9s a Szigetekre &#8211; Camping Ca&#039; Savio","description":"A Ca\u2019 Savio Kemping csod\u00e1s kir\u00e1ndul\u00e1sokat szervez a k\u00f6rny\u00e9kre: megl\u00e1togathatod Velenc\u00e9t, a m\u00fazeumokkal \u00e9s a lag\u00fan\u00e1val, a Dolomitokat \u00e9s a tematikus parkokat. Ismerd meg az \u00fatic\u00e9lokat!","robots":{"index":"index","follow":"follow","max-snippet":"max-snippet:-1","max-image-preview":"max-image-preview:large","max-video-preview":"max-video-preview:-1"},"canonical":"https:\/\/www.casavio.com\/hu\/tevekenysegek-kemping\/kirandulasok\/","og_locale":"hu_HU","og_type":"article","og_title":"Kir\u00e1ndul\u00e1sok Velenc\u00e9be, a Lag\u00fan\u00e1ba \u00e9s a Szigetekre &#8211; Camping Ca&#039; Savio","og_description":"A Ca\u2019 Savio Kemping csod\u00e1s kir\u00e1ndul\u00e1sokat szervez a k\u00f6rny\u00e9kre: megl\u00e1togathatod Velenc\u00e9t, a m\u00fazeumokkal \u00e9s a lag\u00fan\u00e1val, a Dolomitokat \u00e9s a tematikus parkokat. Ismerd meg az \u00fatic\u00e9lokat!","og_url":"https:\/\/www.casavio.com\/hu\/tevekenysegek-kemping\/kirandulasok\/","og_site_name":"Camping Ca&#039; Savio","article_publisher":"https:\/\/www.facebook.com\/campingcasavio","article_modified_time":"2020-05-04T09:17:55+00:00","og_image":[{"width":440,"height":600,"url":"https:\/\/www.casavio.com\/wp-content\/uploads\/2019\/11\/ca-savio-attivit\u00e0-escursioni.jpg","type":"image\/jpeg"}],"twitter_card":"summary_large_image","schema":{"@context":"https:\/\/schema.org","@graph":[{"@type":"WebPage","@id":"https:\/\/www.casavio.com\/hu\/tevekenysegek-kemping\/kirandulasok\/","url":"https:\/\/www.casavio.com\/hu\/tevekenysegek-kemping\/kirandulasok\/","name":"Kir\u00e1ndul\u00e1sok Velenc\u00e9be, a Lag\u00fan\u00e1ba \u00e9s a Szigetekre &#8211; Camping Ca&#039; Savio","isPartOf":{"@id":"https:\/\/www.casavio.com\/hu\/#website"},"primaryImageOfPage":{"@id":"https:\/\/www.casavio.com\/hu\/tevekenysegek-kemping\/kirandulasok\/#primaryimage"},"image":{"@id":"https:\/\/www.casavio.com\/hu\/tevekenysegek-kemping\/kirandulasok\/#primaryimage"},"thumbnailUrl":"https:\/\/www.casavio.com\/wp-content\/uploads\/2019\/11\/ca-savio-attivit\u00e0-escursioni.jpg","datePublished":"2019-11-07T10:01:42+00:00","dateModified":"2020-05-04T09:17:55+00:00","description":"A Ca\u2019 Savio Kemping csod\u00e1s kir\u00e1ndul\u00e1sokat szervez a k\u00f6rny\u00e9kre: megl\u00e1togathatod Velenc\u00e9t, a m\u00fazeumokkal \u00e9s a lag\u00fan\u00e1val, a Dolomitokat \u00e9s a tematikus parkokat. Ismerd meg az \u00fatic\u00e9lokat!","breadcrumb":{"@id":"https:\/\/www.casavio.com\/hu\/tevekenysegek-kemping\/kirandulasok\/#breadcrumb"},"inLanguage":"hu","potentialAction":[{"@type":"ReadAction","target":["https:\/\/www.casavio.com\/hu\/tevekenysegek-kemping\/kirandulasok\/"]}]},{"@type":"ImageObject","inLanguage":"hu","@id":"https:\/\/www.casavio.com\/hu\/tevekenysegek-kemping\/kirandulasok\/#primaryimage","url":"https:\/\/www.casavio.com\/wp-content\/uploads\/2019\/11\/ca-savio-attivit\u00e0-escursioni.jpg","contentUrl":"https:\/\/www.casavio.com\/wp-content\/uploads\/2019\/11\/ca-savio-attivit\u00e0-escursioni.jpg","width":440,"height":600},{"@type":"BreadcrumbList","@id":"https:\/\/www.casavio.com\/hu\/tevekenysegek-kemping\/kirandulasok\/#breadcrumb","itemListElement":[{"@type":"ListItem","position":1,"name":"Home","item":"https:\/\/www.casavio.com\/hu\/"},{"@type":"ListItem","position":2,"name":"Tev\u00e9kenys\u00e9gek","item":"https:\/\/www.casavio.com\/hu\/tevekenysegek-kemping\/"},{"@type":"ListItem","position":3,"name":"Kir\u00e1ndul\u00e1sok"}]},{"@type":"WebSite","@id":"https:\/\/www.casavio.com\/hu\/#website","url":"https:\/\/www.casavio.com\/hu\/","name":"Camping Ca&#039; Savio","description":"","publisher":{"@id":"https:\/\/www.casavio.com\/hu\/#organization"},"potentialAction":[{"@type":"SearchAction","target":{"@type":"EntryPoint","urlTemplate":"https:\/\/www.casavio.com\/hu\/?s={search_term_string}"},"query-input":{"@type":"PropertyValueSpecification","valueRequired":true,"valueName":"search_term_string"}}],"inLanguage":"hu"},{"@type":"Organization","@id":"https:\/\/www.casavio.com\/hu\/#organization","name":"Camping Ca'Savio","url":"https:\/\/www.casavio.com\/hu\/","logo":{"@type":"ImageObject","inLanguage":"hu","@id":"https:\/\/www.casavio.com\/hu\/#\/schema\/logo\/image\/","url":"https:\/\/www.casavio.com\/wp-content\/uploads\/2024\/04\/favicon.png","contentUrl":"https:\/\/www.casavio.com\/wp-content\/uploads\/2024\/04\/favicon.png","width":144,"height":144,"caption":"Camping Ca'Savio"},"image":{"@id":"https:\/\/www.casavio.com\/hu\/#\/schema\/logo\/image\/"},"sameAs":["https:\/\/www.facebook.com\/campingcasavio","https:\/\/www.instagram.com\/campingcasavio","https:\/\/www.youtube.com\/user\/campingcasavio"]}]}},"_links":{"self":[{"href":"https:\/\/www.casavio.com\/hu\/wp-json\/wp\/v2\/pages\/10856","targetHints":{"allow":["GET"]}}],"collection":[{"href":"https:\/\/www.casavio.com\/hu\/wp-json\/wp\/v2\/pages"}],"about":[{"href":"https:\/\/www.casavio.com\/hu\/wp-json\/wp\/v2\/types\/page"}],"author":[{"embeddable":true,"href":"https:\/\/www.casavio.com\/hu\/wp-json\/wp\/v2\/users\/3"}],"replies":[{"embeddable":true,"href":"https:\/\/www.casavio.com\/hu\/wp-json\/wp\/v2\/comments?post=10856"}],"version-history":[{"count":2,"href":"https:\/\/www.casavio.com\/hu\/wp-json\/wp\/v2\/pages\/10856\/revisions"}],"predecessor-version":[{"id":10858,"href":"https:\/\/www.casavio.com\/hu\/wp-json\/wp\/v2\/pages\/10856\/revisions\/10858"}],"up":[{"embeddable":true,"href":"https:\/\/www.casavio.com\/hu\/wp-json\/wp\/v2\/pages\/10813"}],"wp:featuredmedia":[{"embeddable":true,"href":"https:\/\/www.casavio.com\/hu\/wp-json\/wp\/v2\/media\/3746"}],"wp:attachment":[{"href":"https:\/\/www.casavio.com\/hu\/wp-json\/wp\/v2\/media?parent=10856"}],"curies":[{"name":"wp","href":"https:\/\/api.w.org\/{rel}","templated":true}]}}