{"id":10872,"date":"2019-11-07T11:11:29","date_gmt":"2019-11-07T10:11:29","guid":{"rendered":"https:\/\/www.casavio.com\/tevekenysegek-kemping\/kirandulasok\/kayak-experience-laguna-di-venezia\/"},"modified":"2026-03-04T11:52:06","modified_gmt":"2026-03-04T10:52:06","slug":"kajaktura-a-velencei-lagunaba","status":"publish","type":"page","link":"https:\/\/www.casavio.com\/hu\/tevekenysegek-kemping\/kirandulasok\/kajaktura-a-velencei-lagunaba\/","title":{"rendered":"Kajakoz\u00e1s a lag\u00fan\u00e1ban"},"content":{"rendered":"<p>A csendes, k\u00f6rnyezetbar\u00e1t \u00e9s sz\u00f3rakoztat\u00f3 kajakoz\u00e1s egy nagyon k\u00fcl\u00f6nleges m\u00f3dja annak, hogy a <strong>Velencei lag\u00fana<\/strong> egyed\u00fcl\u00e1ll\u00f3 \u00f6kosziszt\u00e9m\u00e1j\u00e1t m\u00e1s szemsz\u00f6gb\u0151l fedezz\u00fck fel. Csak kajakkal mozoghat a homokpadok \u00e9s a sek\u00e9ly vizek k\u00f6z\u00f6tt, testk\u00f6zelb\u0151l figyelheti meg a v\u00edzimadarakat, felfedezheti a lag\u00fana f\u00fcveinek sz\u00edneit \u00e9s illatait, megcsod\u00e1lhatja a naplement\u00e9k t\u00fckr\u00f6z\u0151d\u00e9seit, mik\u00f6zben a v\u00edz felett siklik.<br \/>\n<strong>Felejthetetlen \u00e9lm\u00e9ny<\/strong>, amely mindenki sz\u00e1m\u00e1ra alkalmas, \u00e9s amelyet k\u00e9pess\u00e9geinek megfelel\u0151en k\u00fcl\u00f6nb\u00f6z\u0151 m\u00f3don \u00e9lvezhet.<\/p>\n","protected":false},"excerpt":{"rendered":"<p>Kajakkal a lag\u00fana csendj\u00e9ben, a kempingt\u0151l nem messze.<\/p>\n","protected":false},"author":3,"featured_media":35142,"parent":10856,"menu_order":69,"comment_status":"closed","ping_status":"closed","template":"","meta":{"_acf_changed":false},"class_list":["post-10872","page","type-page","status-publish","has-post-thumbnail","hentry"],"acf":[],"yoast_head":"<!-- This site is optimized with the Yoast SEO plugin v25.3 - https:\/\/yoast.com\/wordpress\/plugins\/seo\/ -->\n<title>Kajakt\u00fara a velencei lag\u00fan\u00e1ba &#8211; Camping Ca&#039; Savio<\/title>\n<meta name=\"description\" content=\"Ezen a t\u00far\u00e1n felfedezik a Velencei lag\u00fana legrejtettebb ter\u00fcleteit, ahol megcsod\u00e1lhatj\u00e1k ter\u00fclet\u00fcnk egyedi \u00e9s tipikus t\u00e1jait \u00e9s \u00e1llatait.\" \/>\n<meta name=\"robots\" content=\"index, follow, max-snippet:-1, max-image-preview:large, max-video-preview:-1\" \/>\n<link rel=\"canonical\" href=\"https:\/\/www.casavio.com\/hu\/tevekenysegek-kemping\/kirandulasok\/kajaktura-a-velencei-lagunaba\/\" \/>\n<meta property=\"og:locale\" content=\"hu_HU\" \/>\n<meta property=\"og:type\" content=\"article\" \/>\n<meta property=\"og:title\" content=\"Kajakt\u00fara a velencei lag\u00fan\u00e1ba &#8211; Camping Ca&#039; Savio\" \/>\n<meta property=\"og:description\" content=\"Ezen a t\u00far\u00e1n felfedezik a Velencei lag\u00fana legrejtettebb ter\u00fcleteit, ahol megcsod\u00e1lhatj\u00e1k ter\u00fclet\u00fcnk egyedi \u00e9s tipikus t\u00e1jait \u00e9s \u00e1llatait.\" \/>\n<meta property=\"og:url\" content=\"https:\/\/www.casavio.com\/hu\/tevekenysegek-kemping\/kirandulasok\/kajaktura-a-velencei-lagunaba\/\" \/>\n<meta property=\"og:site_name\" content=\"Camping Ca&#039; Savio\" \/>\n<meta property=\"article:publisher\" content=\"https:\/\/www.facebook.com\/campingcasavio\" \/>\n<meta property=\"article:modified_time\" content=\"2026-03-04T10:52:06+00:00\" \/>\n<meta property=\"og:image\" content=\"https:\/\/www.casavio.com\/wp-content\/uploads\/2024\/09\/kayak-laguna-venezia.jpg\" \/>\n\t<meta property=\"og:image:width\" content=\"440\" \/>\n\t<meta property=\"og:image:height\" content=\"600\" \/>\n\t<meta property=\"og:image:type\" content=\"image\/jpeg\" \/>\n<meta name=\"twitter:card\" content=\"summary_large_image\" \/>\n<meta name=\"twitter:label1\" content=\"Becs\u00fclt olvas\u00e1si id\u0151\" \/>\n\t<meta name=\"twitter:data1\" content=\"1 perc\" \/>\n<script type=\"application\/ld+json\" class=\"yoast-schema-graph\">{\"@context\":\"https:\/\/schema.org\",\"@graph\":[{\"@type\":\"WebPage\",\"@id\":\"https:\/\/www.casavio.com\/hu\/tevekenysegek-kemping\/kirandulasok\/kajaktura-a-velencei-lagunaba\/\",\"url\":\"https:\/\/www.casavio.com\/hu\/tevekenysegek-kemping\/kirandulasok\/kajaktura-a-velencei-lagunaba\/\",\"name\":\"Kajakt\u00fara a velencei lag\u00fan\u00e1ba &#8211; Camping Ca&#039; Savio\",\"isPartOf\":{\"@id\":\"https:\/\/www.casavio.com\/hu\/#website\"},\"primaryImageOfPage\":{\"@id\":\"https:\/\/www.casavio.com\/hu\/tevekenysegek-kemping\/kirandulasok\/kajaktura-a-velencei-lagunaba\/#primaryimage\"},\"image\":{\"@id\":\"https:\/\/www.casavio.com\/hu\/tevekenysegek-kemping\/kirandulasok\/kajaktura-a-velencei-lagunaba\/#primaryimage\"},\"thumbnailUrl\":\"https:\/\/www.casavio.com\/wp-content\/uploads\/2024\/09\/kayak-laguna-venezia.jpg\",\"datePublished\":\"2019-11-07T10:11:29+00:00\",\"dateModified\":\"2026-03-04T10:52:06+00:00\",\"description\":\"Ezen a t\u00far\u00e1n felfedezik a Velencei lag\u00fana legrejtettebb ter\u00fcleteit, ahol megcsod\u00e1lhatj\u00e1k ter\u00fclet\u00fcnk egyedi \u00e9s tipikus t\u00e1jait \u00e9s \u00e1llatait.\",\"breadcrumb\":{\"@id\":\"https:\/\/www.casavio.com\/hu\/tevekenysegek-kemping\/kirandulasok\/kajaktura-a-velencei-lagunaba\/#breadcrumb\"},\"inLanguage\":\"hu\",\"potentialAction\":[{\"@type\":\"ReadAction\",\"target\":[\"https:\/\/www.casavio.com\/hu\/tevekenysegek-kemping\/kirandulasok\/kajaktura-a-velencei-lagunaba\/\"]}]},{\"@type\":\"ImageObject\",\"inLanguage\":\"hu\",\"@id\":\"https:\/\/www.casavio.com\/hu\/tevekenysegek-kemping\/kirandulasok\/kajaktura-a-velencei-lagunaba\/#primaryimage\",\"url\":\"https:\/\/www.casavio.com\/wp-content\/uploads\/2024\/09\/kayak-laguna-venezia.jpg\",\"contentUrl\":\"https:\/\/www.casavio.com\/wp-content\/uploads\/2024\/09\/kayak-laguna-venezia.jpg\",\"width\":440,\"height\":600},{\"@type\":\"BreadcrumbList\",\"@id\":\"https:\/\/www.casavio.com\/hu\/tevekenysegek-kemping\/kirandulasok\/kajaktura-a-velencei-lagunaba\/#breadcrumb\",\"itemListElement\":[{\"@type\":\"ListItem\",\"position\":1,\"name\":\"Home\",\"item\":\"https:\/\/www.casavio.com\/hu\/\"},{\"@type\":\"ListItem\",\"position\":2,\"name\":\"Tev\u00e9kenys\u00e9gek\",\"item\":\"https:\/\/www.casavio.com\/hu\/tevekenysegek-kemping\/\"},{\"@type\":\"ListItem\",\"position\":3,\"name\":\"Kir\u00e1ndul\u00e1sok\",\"item\":\"https:\/\/www.casavio.com\/hu\/tevekenysegek-kemping\/kirandulasok\/\"},{\"@type\":\"ListItem\",\"position\":4,\"name\":\"Kajakoz\u00e1s a lag\u00fan\u00e1ban\"}]},{\"@type\":\"WebSite\",\"@id\":\"https:\/\/www.casavio.com\/hu\/#website\",\"url\":\"https:\/\/www.casavio.com\/hu\/\",\"name\":\"Camping Ca&#039; Savio\",\"description\":\"\",\"publisher\":{\"@id\":\"https:\/\/www.casavio.com\/hu\/#organization\"},\"potentialAction\":[{\"@type\":\"SearchAction\",\"target\":{\"@type\":\"EntryPoint\",\"urlTemplate\":\"https:\/\/www.casavio.com\/hu\/?s={search_term_string}\"},\"query-input\":{\"@type\":\"PropertyValueSpecification\",\"valueRequired\":true,\"valueName\":\"search_term_string\"}}],\"inLanguage\":\"hu\"},{\"@type\":\"Organization\",\"@id\":\"https:\/\/www.casavio.com\/hu\/#organization\",\"name\":\"Camping Ca'Savio\",\"url\":\"https:\/\/www.casavio.com\/hu\/\",\"logo\":{\"@type\":\"ImageObject\",\"inLanguage\":\"hu\",\"@id\":\"https:\/\/www.casavio.com\/hu\/#\/schema\/logo\/image\/\",\"url\":\"https:\/\/www.casavio.com\/wp-content\/uploads\/2024\/04\/favicon.png\",\"contentUrl\":\"https:\/\/www.casavio.com\/wp-content\/uploads\/2024\/04\/favicon.png\",\"width\":144,\"height\":144,\"caption\":\"Camping Ca'Savio\"},\"image\":{\"@id\":\"https:\/\/www.casavio.com\/hu\/#\/schema\/logo\/image\/\"},\"sameAs\":[\"https:\/\/www.facebook.com\/campingcasavio\",\"https:\/\/www.instagram.com\/campingcasavio\",\"https:\/\/www.youtube.com\/user\/campingcasavio\"]}]}<\/script>\n<!-- \/ Yoast SEO plugin. -->","yoast_head_json":{"title":"Kajakt\u00fara a velencei lag\u00fan\u00e1ba &#8211; Camping Ca&#039; Savio","description":"Ezen a t\u00far\u00e1n felfedezik a Velencei lag\u00fana legrejtettebb ter\u00fcleteit, ahol megcsod\u00e1lhatj\u00e1k ter\u00fclet\u00fcnk egyedi \u00e9s tipikus t\u00e1jait \u00e9s \u00e1llatait.","robots":{"index":"index","follow":"follow","max-snippet":"max-snippet:-1","max-image-preview":"max-image-preview:large","max-video-preview":"max-video-preview:-1"},"canonical":"https:\/\/www.casavio.com\/hu\/tevekenysegek-kemping\/kirandulasok\/kajaktura-a-velencei-lagunaba\/","og_locale":"hu_HU","og_type":"article","og_title":"Kajakt\u00fara a velencei lag\u00fan\u00e1ba &#8211; Camping Ca&#039; Savio","og_description":"Ezen a t\u00far\u00e1n felfedezik a Velencei lag\u00fana legrejtettebb ter\u00fcleteit, ahol megcsod\u00e1lhatj\u00e1k ter\u00fclet\u00fcnk egyedi \u00e9s tipikus t\u00e1jait \u00e9s \u00e1llatait.","og_url":"https:\/\/www.casavio.com\/hu\/tevekenysegek-kemping\/kirandulasok\/kajaktura-a-velencei-lagunaba\/","og_site_name":"Camping Ca&#039; Savio","article_publisher":"https:\/\/www.facebook.com\/campingcasavio","article_modified_time":"2026-03-04T10:52:06+00:00","og_image":[{"width":440,"height":600,"url":"https:\/\/www.casavio.com\/wp-content\/uploads\/2024\/09\/kayak-laguna-venezia.jpg","type":"image\/jpeg"}],"twitter_card":"summary_large_image","twitter_misc":{"Becs\u00fclt olvas\u00e1si id\u0151":"1 perc"},"schema":{"@context":"https:\/\/schema.org","@graph":[{"@type":"WebPage","@id":"https:\/\/www.casavio.com\/hu\/tevekenysegek-kemping\/kirandulasok\/kajaktura-a-velencei-lagunaba\/","url":"https:\/\/www.casavio.com\/hu\/tevekenysegek-kemping\/kirandulasok\/kajaktura-a-velencei-lagunaba\/","name":"Kajakt\u00fara a velencei lag\u00fan\u00e1ba &#8211; Camping Ca&#039; Savio","isPartOf":{"@id":"https:\/\/www.casavio.com\/hu\/#website"},"primaryImageOfPage":{"@id":"https:\/\/www.casavio.com\/hu\/tevekenysegek-kemping\/kirandulasok\/kajaktura-a-velencei-lagunaba\/#primaryimage"},"image":{"@id":"https:\/\/www.casavio.com\/hu\/tevekenysegek-kemping\/kirandulasok\/kajaktura-a-velencei-lagunaba\/#primaryimage"},"thumbnailUrl":"https:\/\/www.casavio.com\/wp-content\/uploads\/2024\/09\/kayak-laguna-venezia.jpg","datePublished":"2019-11-07T10:11:29+00:00","dateModified":"2026-03-04T10:52:06+00:00","description":"Ezen a t\u00far\u00e1n felfedezik a Velencei lag\u00fana legrejtettebb ter\u00fcleteit, ahol megcsod\u00e1lhatj\u00e1k ter\u00fclet\u00fcnk egyedi \u00e9s tipikus t\u00e1jait \u00e9s \u00e1llatait.","breadcrumb":{"@id":"https:\/\/www.casavio.com\/hu\/tevekenysegek-kemping\/kirandulasok\/kajaktura-a-velencei-lagunaba\/#breadcrumb"},"inLanguage":"hu","potentialAction":[{"@type":"ReadAction","target":["https:\/\/www.casavio.com\/hu\/tevekenysegek-kemping\/kirandulasok\/kajaktura-a-velencei-lagunaba\/"]}]},{"@type":"ImageObject","inLanguage":"hu","@id":"https:\/\/www.casavio.com\/hu\/tevekenysegek-kemping\/kirandulasok\/kajaktura-a-velencei-lagunaba\/#primaryimage","url":"https:\/\/www.casavio.com\/wp-content\/uploads\/2024\/09\/kayak-laguna-venezia.jpg","contentUrl":"https:\/\/www.casavio.com\/wp-content\/uploads\/2024\/09\/kayak-laguna-venezia.jpg","width":440,"height":600},{"@type":"BreadcrumbList","@id":"https:\/\/www.casavio.com\/hu\/tevekenysegek-kemping\/kirandulasok\/kajaktura-a-velencei-lagunaba\/#breadcrumb","itemListElement":[{"@type":"ListItem","position":1,"name":"Home","item":"https:\/\/www.casavio.com\/hu\/"},{"@type":"ListItem","position":2,"name":"Tev\u00e9kenys\u00e9gek","item":"https:\/\/www.casavio.com\/hu\/tevekenysegek-kemping\/"},{"@type":"ListItem","position":3,"name":"Kir\u00e1ndul\u00e1sok","item":"https:\/\/www.casavio.com\/hu\/tevekenysegek-kemping\/kirandulasok\/"},{"@type":"ListItem","position":4,"name":"Kajakoz\u00e1s a lag\u00fan\u00e1ban"}]},{"@type":"WebSite","@id":"https:\/\/www.casavio.com\/hu\/#website","url":"https:\/\/www.casavio.com\/hu\/","name":"Camping Ca&#039; Savio","description":"","publisher":{"@id":"https:\/\/www.casavio.com\/hu\/#organization"},"potentialAction":[{"@type":"SearchAction","target":{"@type":"EntryPoint","urlTemplate":"https:\/\/www.casavio.com\/hu\/?s={search_term_string}"},"query-input":{"@type":"PropertyValueSpecification","valueRequired":true,"valueName":"search_term_string"}}],"inLanguage":"hu"},{"@type":"Organization","@id":"https:\/\/www.casavio.com\/hu\/#organization","name":"Camping Ca'Savio","url":"https:\/\/www.casavio.com\/hu\/","logo":{"@type":"ImageObject","inLanguage":"hu","@id":"https:\/\/www.casavio.com\/hu\/#\/schema\/logo\/image\/","url":"https:\/\/www.casavio.com\/wp-content\/uploads\/2024\/04\/favicon.png","contentUrl":"https:\/\/www.casavio.com\/wp-content\/uploads\/2024\/04\/favicon.png","width":144,"height":144,"caption":"Camping Ca'Savio"},"image":{"@id":"https:\/\/www.casavio.com\/hu\/#\/schema\/logo\/image\/"},"sameAs":["https:\/\/www.facebook.com\/campingcasavio","https:\/\/www.instagram.com\/campingcasavio","https:\/\/www.youtube.com\/user\/campingcasavio"]}]}},"_links":{"self":[{"href":"https:\/\/www.casavio.com\/hu\/wp-json\/wp\/v2\/pages\/10872","targetHints":{"allow":["GET"]}}],"collection":[{"href":"https:\/\/www.casavio.com\/hu\/wp-json\/wp\/v2\/pages"}],"about":[{"href":"https:\/\/www.casavio.com\/hu\/wp-json\/wp\/v2\/types\/page"}],"author":[{"embeddable":true,"href":"https:\/\/www.casavio.com\/hu\/wp-json\/wp\/v2\/users\/3"}],"replies":[{"embeddable":true,"href":"https:\/\/www.casavio.com\/hu\/wp-json\/wp\/v2\/comments?post=10872"}],"version-history":[{"count":1,"href":"https:\/\/www.casavio.com\/hu\/wp-json\/wp\/v2\/pages\/10872\/revisions"}],"predecessor-version":[{"id":46153,"href":"https:\/\/www.casavio.com\/hu\/wp-json\/wp\/v2\/pages\/10872\/revisions\/46153"}],"up":[{"embeddable":true,"href":"https:\/\/www.casavio.com\/hu\/wp-json\/wp\/v2\/pages\/10856"}],"wp:featuredmedia":[{"embeddable":true,"href":"https:\/\/www.casavio.com\/hu\/wp-json\/wp\/v2\/media\/35142"}],"wp:attachment":[{"href":"https:\/\/www.casavio.com\/hu\/wp-json\/wp\/v2\/media?parent=10872"}],"curies":[{"name":"wp","href":"https:\/\/api.w.org\/{rel}","templated":true}]}}