{"id":10878,"date":"2019-11-07T11:12:54","date_gmt":"2019-11-07T10:12:54","guid":{"rendered":"https:\/\/www.casavio.com\/tevekenysegek-kemping\/kirandulasok\/parco-acquatico-caribe-bay\/"},"modified":"2023-06-19T11:56:24","modified_gmt":"2023-06-19T09:56:24","slug":"caribe-bay-vizipark","status":"publish","type":"page","link":"https:\/\/www.casavio.com\/hu\/tevekenysegek-kemping\/kirandulasok\/caribe-bay-vizipark\/","title":{"rendered":"Caribe Bay V\u00edzipark"},"content":{"rendered":"<p>A Jesolo-i <strong>Caribe Bay<\/strong>, amelyik t\u00f6bbsz\u00f6r is elnyerte az \u201eOlaszorsz\u00e1g legjobb tematikus v\u00edziparkja\u201d elismer\u00e9st, Velenc\u00e9t\u0151l n\u00e9h\u00e1ny l\u00e9p\u00e9sre eg y igazi Karib-tengeri sziget m\u00e1solata, egy 80.000 m<sup>2<\/sup>-en fekv\u0151 sz\u00f3rakoztat\u00f3 o\u00e1zis, ahol minden koroszt\u00e1ly megtal\u00e1lja a neki val\u00f3 sz\u00f3rakoz\u00e1st (gyermekek, fiatalok \u00e9s csal\u00e1dok).<\/p>\n<p>A Caribe Bay nem csak egy szokv\u00e1nyos v\u00edzipark, ann\u00e1l sokkal t\u00f6bb&#8230;<\/p>\n","protected":false},"excerpt":{"rendered":"<p>T\u00f6bbsz\u00f6r is elnyerte az \u201eOlaszorsz\u00e1g legjobb tematikus v\u00edziparkja\u201d elismer\u00e9st, Velenc\u00e9t\u0151l n\u00e9h\u00e1ny l\u00e9p\u00e9sre egy igazi Karib-tengeri szigeten tal\u00e1lod magad.<\/p>\n","protected":false},"author":3,"featured_media":23828,"parent":10856,"menu_order":71,"comment_status":"closed","ping_status":"closed","template":"","meta":{"_acf_changed":false},"class_list":["post-10878","page","type-page","status-publish","has-post-thumbnail","hentry"],"acf":[],"yoast_head":"<!-- This site is optimized with the Yoast SEO plugin v25.3 - https:\/\/yoast.com\/wordpress\/plugins\/seo\/ -->\n<title>Parco Acquatico Caribe Bay (Caribe Bay V\u00edzipark) (Aqualandia): Kedvezm\u00e9nyes jegyek &#8211; Camping Ca&#039; Savio<\/title>\n<meta name=\"description\" content=\"Caribe Bay Water Park (Aqualandia): A Ca &#039;Savio kemping napokat szervez \u00d6nnek \u00e9s gyermekeinek a Caribe Bay-ben. Biztons\u00e1gos kedvezm\u00e9nyes jegyek, a kicsik sz\u00e1m\u00e1ra ingyenes. Tudja meg most, hogyan kell csin\u00e1lni! L\u00e9pjen kapcsolatba vel\u00fcnk.\" \/>\n<meta name=\"robots\" content=\"index, follow, max-snippet:-1, max-image-preview:large, max-video-preview:-1\" \/>\n<link rel=\"canonical\" href=\"https:\/\/www.casavio.com\/hu\/tevekenysegek-kemping\/kirandulasok\/caribe-bay-vizipark\/\" \/>\n<meta property=\"og:locale\" content=\"hu_HU\" \/>\n<meta property=\"og:type\" content=\"article\" \/>\n<meta property=\"og:title\" content=\"Parco Acquatico Caribe Bay (Caribe Bay V\u00edzipark) (Aqualandia): Kedvezm\u00e9nyes jegyek &#8211; Camping Ca&#039; Savio\" \/>\n<meta property=\"og:description\" content=\"Caribe Bay Water Park (Aqualandia): A Ca &#039;Savio kemping napokat szervez \u00d6nnek \u00e9s gyermekeinek a Caribe Bay-ben. Biztons\u00e1gos kedvezm\u00e9nyes jegyek, a kicsik sz\u00e1m\u00e1ra ingyenes. Tudja meg most, hogyan kell csin\u00e1lni! L\u00e9pjen kapcsolatba vel\u00fcnk.\" \/>\n<meta property=\"og:url\" content=\"https:\/\/www.casavio.com\/hu\/tevekenysegek-kemping\/kirandulasok\/caribe-bay-vizipark\/\" \/>\n<meta property=\"og:site_name\" content=\"Camping Ca&#039; Savio\" \/>\n<meta property=\"article:publisher\" content=\"https:\/\/www.facebook.com\/campingcasavio\" \/>\n<meta property=\"article:modified_time\" content=\"2023-06-19T09:56:24+00:00\" \/>\n<meta property=\"og:image\" content=\"https:\/\/www.casavio.com\/wp-content\/uploads\/2022\/06\/caribe-bay.jpg\" \/>\n\t<meta property=\"og:image:width\" content=\"440\" \/>\n\t<meta property=\"og:image:height\" content=\"600\" \/>\n\t<meta property=\"og:image:type\" content=\"image\/jpeg\" \/>\n<meta name=\"twitter:card\" content=\"summary_large_image\" \/>\n<meta name=\"twitter:label1\" content=\"Becs\u00fclt olvas\u00e1si id\u0151\" \/>\n\t<meta name=\"twitter:data1\" content=\"1 perc\" \/>\n<script type=\"application\/ld+json\" class=\"yoast-schema-graph\">{\"@context\":\"https:\/\/schema.org\",\"@graph\":[{\"@type\":\"WebPage\",\"@id\":\"https:\/\/www.casavio.com\/hu\/tevekenysegek-kemping\/kirandulasok\/caribe-bay-vizipark\/\",\"url\":\"https:\/\/www.casavio.com\/hu\/tevekenysegek-kemping\/kirandulasok\/caribe-bay-vizipark\/\",\"name\":\"Parco Acquatico Caribe Bay (Caribe Bay V\u00edzipark) (Aqualandia): Kedvezm\u00e9nyes jegyek &#8211; Camping Ca&#039; Savio\",\"isPartOf\":{\"@id\":\"https:\/\/www.casavio.com\/hu\/#website\"},\"primaryImageOfPage\":{\"@id\":\"https:\/\/www.casavio.com\/hu\/tevekenysegek-kemping\/kirandulasok\/caribe-bay-vizipark\/#primaryimage\"},\"image\":{\"@id\":\"https:\/\/www.casavio.com\/hu\/tevekenysegek-kemping\/kirandulasok\/caribe-bay-vizipark\/#primaryimage\"},\"thumbnailUrl\":\"https:\/\/www.casavio.com\/wp-content\/uploads\/2022\/06\/caribe-bay.jpg\",\"datePublished\":\"2019-11-07T10:12:54+00:00\",\"dateModified\":\"2023-06-19T09:56:24+00:00\",\"description\":\"Caribe Bay Water Park (Aqualandia): A Ca 'Savio kemping napokat szervez \u00d6nnek \u00e9s gyermekeinek a Caribe Bay-ben. Biztons\u00e1gos kedvezm\u00e9nyes jegyek, a kicsik sz\u00e1m\u00e1ra ingyenes. Tudja meg most, hogyan kell csin\u00e1lni! L\u00e9pjen kapcsolatba vel\u00fcnk.\",\"breadcrumb\":{\"@id\":\"https:\/\/www.casavio.com\/hu\/tevekenysegek-kemping\/kirandulasok\/caribe-bay-vizipark\/#breadcrumb\"},\"inLanguage\":\"hu\",\"potentialAction\":[{\"@type\":\"ReadAction\",\"target\":[\"https:\/\/www.casavio.com\/hu\/tevekenysegek-kemping\/kirandulasok\/caribe-bay-vizipark\/\"]}]},{\"@type\":\"ImageObject\",\"inLanguage\":\"hu\",\"@id\":\"https:\/\/www.casavio.com\/hu\/tevekenysegek-kemping\/kirandulasok\/caribe-bay-vizipark\/#primaryimage\",\"url\":\"https:\/\/www.casavio.com\/wp-content\/uploads\/2022\/06\/caribe-bay.jpg\",\"contentUrl\":\"https:\/\/www.casavio.com\/wp-content\/uploads\/2022\/06\/caribe-bay.jpg\",\"width\":440,\"height\":600},{\"@type\":\"BreadcrumbList\",\"@id\":\"https:\/\/www.casavio.com\/hu\/tevekenysegek-kemping\/kirandulasok\/caribe-bay-vizipark\/#breadcrumb\",\"itemListElement\":[{\"@type\":\"ListItem\",\"position\":1,\"name\":\"Home\",\"item\":\"https:\/\/www.casavio.com\/hu\/\"},{\"@type\":\"ListItem\",\"position\":2,\"name\":\"Tev\u00e9kenys\u00e9gek\",\"item\":\"https:\/\/www.casavio.com\/hu\/tevekenysegek-kemping\/\"},{\"@type\":\"ListItem\",\"position\":3,\"name\":\"Kir\u00e1ndul\u00e1sok\",\"item\":\"https:\/\/www.casavio.com\/hu\/tevekenysegek-kemping\/kirandulasok\/\"},{\"@type\":\"ListItem\",\"position\":4,\"name\":\"Caribe Bay V\u00edzipark\"}]},{\"@type\":\"WebSite\",\"@id\":\"https:\/\/www.casavio.com\/hu\/#website\",\"url\":\"https:\/\/www.casavio.com\/hu\/\",\"name\":\"Camping Ca&#039; Savio\",\"description\":\"\",\"publisher\":{\"@id\":\"https:\/\/www.casavio.com\/hu\/#organization\"},\"potentialAction\":[{\"@type\":\"SearchAction\",\"target\":{\"@type\":\"EntryPoint\",\"urlTemplate\":\"https:\/\/www.casavio.com\/hu\/?s={search_term_string}\"},\"query-input\":{\"@type\":\"PropertyValueSpecification\",\"valueRequired\":true,\"valueName\":\"search_term_string\"}}],\"inLanguage\":\"hu\"},{\"@type\":\"Organization\",\"@id\":\"https:\/\/www.casavio.com\/hu\/#organization\",\"name\":\"Camping Ca'Savio\",\"url\":\"https:\/\/www.casavio.com\/hu\/\",\"logo\":{\"@type\":\"ImageObject\",\"inLanguage\":\"hu\",\"@id\":\"https:\/\/www.casavio.com\/hu\/#\/schema\/logo\/image\/\",\"url\":\"https:\/\/www.casavio.com\/wp-content\/uploads\/2024\/04\/favicon.png\",\"contentUrl\":\"https:\/\/www.casavio.com\/wp-content\/uploads\/2024\/04\/favicon.png\",\"width\":144,\"height\":144,\"caption\":\"Camping Ca'Savio\"},\"image\":{\"@id\":\"https:\/\/www.casavio.com\/hu\/#\/schema\/logo\/image\/\"},\"sameAs\":[\"https:\/\/www.facebook.com\/campingcasavio\",\"https:\/\/www.instagram.com\/campingcasavio\",\"https:\/\/www.youtube.com\/user\/campingcasavio\"]}]}<\/script>\n<!-- \/ Yoast SEO plugin. -->","yoast_head_json":{"title":"Parco Acquatico Caribe Bay (Caribe Bay V\u00edzipark) (Aqualandia): Kedvezm\u00e9nyes jegyek &#8211; Camping Ca&#039; Savio","description":"Caribe Bay Water Park (Aqualandia): A Ca 'Savio kemping napokat szervez \u00d6nnek \u00e9s gyermekeinek a Caribe Bay-ben. Biztons\u00e1gos kedvezm\u00e9nyes jegyek, a kicsik sz\u00e1m\u00e1ra ingyenes. Tudja meg most, hogyan kell csin\u00e1lni! L\u00e9pjen kapcsolatba vel\u00fcnk.","robots":{"index":"index","follow":"follow","max-snippet":"max-snippet:-1","max-image-preview":"max-image-preview:large","max-video-preview":"max-video-preview:-1"},"canonical":"https:\/\/www.casavio.com\/hu\/tevekenysegek-kemping\/kirandulasok\/caribe-bay-vizipark\/","og_locale":"hu_HU","og_type":"article","og_title":"Parco Acquatico Caribe Bay (Caribe Bay V\u00edzipark) (Aqualandia): Kedvezm\u00e9nyes jegyek &#8211; Camping Ca&#039; Savio","og_description":"Caribe Bay Water Park (Aqualandia): A Ca 'Savio kemping napokat szervez \u00d6nnek \u00e9s gyermekeinek a Caribe Bay-ben. Biztons\u00e1gos kedvezm\u00e9nyes jegyek, a kicsik sz\u00e1m\u00e1ra ingyenes. Tudja meg most, hogyan kell csin\u00e1lni! L\u00e9pjen kapcsolatba vel\u00fcnk.","og_url":"https:\/\/www.casavio.com\/hu\/tevekenysegek-kemping\/kirandulasok\/caribe-bay-vizipark\/","og_site_name":"Camping Ca&#039; Savio","article_publisher":"https:\/\/www.facebook.com\/campingcasavio","article_modified_time":"2023-06-19T09:56:24+00:00","og_image":[{"width":440,"height":600,"url":"https:\/\/www.casavio.com\/wp-content\/uploads\/2022\/06\/caribe-bay.jpg","type":"image\/jpeg"}],"twitter_card":"summary_large_image","twitter_misc":{"Becs\u00fclt olvas\u00e1si id\u0151":"1 perc"},"schema":{"@context":"https:\/\/schema.org","@graph":[{"@type":"WebPage","@id":"https:\/\/www.casavio.com\/hu\/tevekenysegek-kemping\/kirandulasok\/caribe-bay-vizipark\/","url":"https:\/\/www.casavio.com\/hu\/tevekenysegek-kemping\/kirandulasok\/caribe-bay-vizipark\/","name":"Parco Acquatico Caribe Bay (Caribe Bay V\u00edzipark) (Aqualandia): Kedvezm\u00e9nyes jegyek &#8211; Camping Ca&#039; Savio","isPartOf":{"@id":"https:\/\/www.casavio.com\/hu\/#website"},"primaryImageOfPage":{"@id":"https:\/\/www.casavio.com\/hu\/tevekenysegek-kemping\/kirandulasok\/caribe-bay-vizipark\/#primaryimage"},"image":{"@id":"https:\/\/www.casavio.com\/hu\/tevekenysegek-kemping\/kirandulasok\/caribe-bay-vizipark\/#primaryimage"},"thumbnailUrl":"https:\/\/www.casavio.com\/wp-content\/uploads\/2022\/06\/caribe-bay.jpg","datePublished":"2019-11-07T10:12:54+00:00","dateModified":"2023-06-19T09:56:24+00:00","description":"Caribe Bay Water Park (Aqualandia): A Ca 'Savio kemping napokat szervez \u00d6nnek \u00e9s gyermekeinek a Caribe Bay-ben. Biztons\u00e1gos kedvezm\u00e9nyes jegyek, a kicsik sz\u00e1m\u00e1ra ingyenes. Tudja meg most, hogyan kell csin\u00e1lni! L\u00e9pjen kapcsolatba vel\u00fcnk.","breadcrumb":{"@id":"https:\/\/www.casavio.com\/hu\/tevekenysegek-kemping\/kirandulasok\/caribe-bay-vizipark\/#breadcrumb"},"inLanguage":"hu","potentialAction":[{"@type":"ReadAction","target":["https:\/\/www.casavio.com\/hu\/tevekenysegek-kemping\/kirandulasok\/caribe-bay-vizipark\/"]}]},{"@type":"ImageObject","inLanguage":"hu","@id":"https:\/\/www.casavio.com\/hu\/tevekenysegek-kemping\/kirandulasok\/caribe-bay-vizipark\/#primaryimage","url":"https:\/\/www.casavio.com\/wp-content\/uploads\/2022\/06\/caribe-bay.jpg","contentUrl":"https:\/\/www.casavio.com\/wp-content\/uploads\/2022\/06\/caribe-bay.jpg","width":440,"height":600},{"@type":"BreadcrumbList","@id":"https:\/\/www.casavio.com\/hu\/tevekenysegek-kemping\/kirandulasok\/caribe-bay-vizipark\/#breadcrumb","itemListElement":[{"@type":"ListItem","position":1,"name":"Home","item":"https:\/\/www.casavio.com\/hu\/"},{"@type":"ListItem","position":2,"name":"Tev\u00e9kenys\u00e9gek","item":"https:\/\/www.casavio.com\/hu\/tevekenysegek-kemping\/"},{"@type":"ListItem","position":3,"name":"Kir\u00e1ndul\u00e1sok","item":"https:\/\/www.casavio.com\/hu\/tevekenysegek-kemping\/kirandulasok\/"},{"@type":"ListItem","position":4,"name":"Caribe Bay V\u00edzipark"}]},{"@type":"WebSite","@id":"https:\/\/www.casavio.com\/hu\/#website","url":"https:\/\/www.casavio.com\/hu\/","name":"Camping Ca&#039; Savio","description":"","publisher":{"@id":"https:\/\/www.casavio.com\/hu\/#organization"},"potentialAction":[{"@type":"SearchAction","target":{"@type":"EntryPoint","urlTemplate":"https:\/\/www.casavio.com\/hu\/?s={search_term_string}"},"query-input":{"@type":"PropertyValueSpecification","valueRequired":true,"valueName":"search_term_string"}}],"inLanguage":"hu"},{"@type":"Organization","@id":"https:\/\/www.casavio.com\/hu\/#organization","name":"Camping Ca'Savio","url":"https:\/\/www.casavio.com\/hu\/","logo":{"@type":"ImageObject","inLanguage":"hu","@id":"https:\/\/www.casavio.com\/hu\/#\/schema\/logo\/image\/","url":"https:\/\/www.casavio.com\/wp-content\/uploads\/2024\/04\/favicon.png","contentUrl":"https:\/\/www.casavio.com\/wp-content\/uploads\/2024\/04\/favicon.png","width":144,"height":144,"caption":"Camping Ca'Savio"},"image":{"@id":"https:\/\/www.casavio.com\/hu\/#\/schema\/logo\/image\/"},"sameAs":["https:\/\/www.facebook.com\/campingcasavio","https:\/\/www.instagram.com\/campingcasavio","https:\/\/www.youtube.com\/user\/campingcasavio"]}]}},"_links":{"self":[{"href":"https:\/\/www.casavio.com\/hu\/wp-json\/wp\/v2\/pages\/10878","targetHints":{"allow":["GET"]}}],"collection":[{"href":"https:\/\/www.casavio.com\/hu\/wp-json\/wp\/v2\/pages"}],"about":[{"href":"https:\/\/www.casavio.com\/hu\/wp-json\/wp\/v2\/types\/page"}],"author":[{"embeddable":true,"href":"https:\/\/www.casavio.com\/hu\/wp-json\/wp\/v2\/users\/3"}],"replies":[{"embeddable":true,"href":"https:\/\/www.casavio.com\/hu\/wp-json\/wp\/v2\/comments?post=10878"}],"version-history":[{"count":2,"href":"https:\/\/www.casavio.com\/hu\/wp-json\/wp\/v2\/pages\/10878\/revisions"}],"predecessor-version":[{"id":27960,"href":"https:\/\/www.casavio.com\/hu\/wp-json\/wp\/v2\/pages\/10878\/revisions\/27960"}],"up":[{"embeddable":true,"href":"https:\/\/www.casavio.com\/hu\/wp-json\/wp\/v2\/pages\/10856"}],"wp:featuredmedia":[{"embeddable":true,"href":"https:\/\/www.casavio.com\/hu\/wp-json\/wp\/v2\/media\/23828"}],"wp:attachment":[{"href":"https:\/\/www.casavio.com\/hu\/wp-json\/wp\/v2\/media?parent=10878"}],"curies":[{"name":"wp","href":"https:\/\/api.w.org\/{rel}","templated":true}]}}