{"id":10888,"date":"2019-11-07T11:02:33","date_gmt":"2019-11-07T10:02:33","guid":{"rendered":"https:\/\/www.casavio.com\/tevekenysegek-kemping\/cicloturismo\/"},"modified":"2020-05-05T09:57:25","modified_gmt":"2020-05-05T07:57:25","slug":"kerekpar-turizmus","status":"publish","type":"page","link":"https:\/\/www.casavio.com\/hu\/tevekenysegek-kemping\/kerekpar-turizmus\/","title":{"rendered":"Ker\u00e9kp\u00e1r turizmus"},"content":{"rendered":"<p>\u00cdme egy <strong>kis \u00fatmutat\u00f3<\/strong> Ca\u2019 Savio k\u00f6rny\u00e9k\u00e9nek felfedez\u00e9s\u00e9hez a ter\u00fcletet beh\u00e1l\u00f3z\u00f3 ker\u00e9kp\u00e1r\u00fatvonalakon kereszt\u00fcl.<\/p>\n","protected":false},"excerpt":{"rendered":"<p>A ker\u00e9kp\u00e1r ide\u00e1lis eszk\u00f6z a benn\u00fcnket k\u00f6rbevev\u0151 lag\u00fanai ter\u00fclet felfedez\u00e9s\u00e9hez.<\/p>\n","protected":false},"author":3,"featured_media":3652,"parent":10813,"menu_order":73,"comment_status":"closed","ping_status":"closed","template":"templates\/tpl-children-with-intro.php","meta":{"_acf_changed":false},"class_list":["post-10888","page","type-page","status-publish","has-post-thumbnail","hentry"],"acf":[],"yoast_head":"<!-- This site is optimized with the Yoast SEO plugin v25.3 - https:\/\/yoast.com\/wordpress\/plugins\/seo\/ -->\n<title>Ker\u00e9kp\u00e1r\u00fatvonalak Kelet-Veneto felfedez\u00e9s\u00e9hez &#8211; Camping Ca&#039; Savio<\/title>\n<meta name=\"description\" content=\"\u00cdme egy gyors \u00fatmutat\u00f3 a Ca &#039;Savio k\u00f6rny\u00e9k\u00e9nek felfedez\u00e9s\u00e9re a ter\u00fclet ker\u00e9kp\u00e1r\u00fatjain kereszt\u00fcl.\" \/>\n<meta name=\"robots\" content=\"index, follow, max-snippet:-1, max-image-preview:large, max-video-preview:-1\" \/>\n<link rel=\"canonical\" href=\"https:\/\/www.casavio.com\/hu\/tevekenysegek-kemping\/kerekpar-turizmus\/\" \/>\n<meta property=\"og:locale\" content=\"hu_HU\" \/>\n<meta property=\"og:type\" content=\"article\" \/>\n<meta property=\"og:title\" content=\"Ker\u00e9kp\u00e1r\u00fatvonalak Kelet-Veneto felfedez\u00e9s\u00e9hez &#8211; Camping Ca&#039; Savio\" \/>\n<meta property=\"og:description\" content=\"\u00cdme egy gyors \u00fatmutat\u00f3 a Ca &#039;Savio k\u00f6rny\u00e9k\u00e9nek felfedez\u00e9s\u00e9re a ter\u00fclet ker\u00e9kp\u00e1r\u00fatjain kereszt\u00fcl.\" \/>\n<meta property=\"og:url\" content=\"https:\/\/www.casavio.com\/hu\/tevekenysegek-kemping\/kerekpar-turizmus\/\" \/>\n<meta property=\"og:site_name\" content=\"Camping Ca&#039; Savio\" \/>\n<meta property=\"article:publisher\" content=\"https:\/\/www.facebook.com\/campingcasavio\" \/>\n<meta property=\"article:modified_time\" content=\"2020-05-05T07:57:25+00:00\" \/>\n<meta property=\"og:image\" content=\"https:\/\/www.casavio.com\/wp-content\/uploads\/2019\/11\/ca-savio-attivit\u00e0-cicloturismo.jpg\" \/>\n\t<meta property=\"og:image:width\" content=\"440\" \/>\n\t<meta property=\"og:image:height\" content=\"600\" \/>\n\t<meta property=\"og:image:type\" content=\"image\/jpeg\" \/>\n<meta name=\"twitter:card\" content=\"summary_large_image\" \/>\n<script type=\"application\/ld+json\" class=\"yoast-schema-graph\">{\"@context\":\"https:\/\/schema.org\",\"@graph\":[{\"@type\":\"WebPage\",\"@id\":\"https:\/\/www.casavio.com\/hu\/tevekenysegek-kemping\/kerekpar-turizmus\/\",\"url\":\"https:\/\/www.casavio.com\/hu\/tevekenysegek-kemping\/kerekpar-turizmus\/\",\"name\":\"Ker\u00e9kp\u00e1r\u00fatvonalak Kelet-Veneto felfedez\u00e9s\u00e9hez &#8211; Camping Ca&#039; Savio\",\"isPartOf\":{\"@id\":\"https:\/\/www.casavio.com\/hu\/#website\"},\"primaryImageOfPage\":{\"@id\":\"https:\/\/www.casavio.com\/hu\/tevekenysegek-kemping\/kerekpar-turizmus\/#primaryimage\"},\"image\":{\"@id\":\"https:\/\/www.casavio.com\/hu\/tevekenysegek-kemping\/kerekpar-turizmus\/#primaryimage\"},\"thumbnailUrl\":\"https:\/\/www.casavio.com\/wp-content\/uploads\/2019\/11\/ca-savio-attivit\u00e0-cicloturismo.jpg\",\"datePublished\":\"2019-11-07T10:02:33+00:00\",\"dateModified\":\"2020-05-05T07:57:25+00:00\",\"description\":\"\u00cdme egy gyors \u00fatmutat\u00f3 a Ca 'Savio k\u00f6rny\u00e9k\u00e9nek felfedez\u00e9s\u00e9re a ter\u00fclet ker\u00e9kp\u00e1r\u00fatjain kereszt\u00fcl.\",\"breadcrumb\":{\"@id\":\"https:\/\/www.casavio.com\/hu\/tevekenysegek-kemping\/kerekpar-turizmus\/#breadcrumb\"},\"inLanguage\":\"hu\",\"potentialAction\":[{\"@type\":\"ReadAction\",\"target\":[\"https:\/\/www.casavio.com\/hu\/tevekenysegek-kemping\/kerekpar-turizmus\/\"]}]},{\"@type\":\"ImageObject\",\"inLanguage\":\"hu\",\"@id\":\"https:\/\/www.casavio.com\/hu\/tevekenysegek-kemping\/kerekpar-turizmus\/#primaryimage\",\"url\":\"https:\/\/www.casavio.com\/wp-content\/uploads\/2019\/11\/ca-savio-attivit\u00e0-cicloturismo.jpg\",\"contentUrl\":\"https:\/\/www.casavio.com\/wp-content\/uploads\/2019\/11\/ca-savio-attivit\u00e0-cicloturismo.jpg\",\"width\":440,\"height\":600,\"caption\":\"Percorsi semplici per la famiglia\"},{\"@type\":\"BreadcrumbList\",\"@id\":\"https:\/\/www.casavio.com\/hu\/tevekenysegek-kemping\/kerekpar-turizmus\/#breadcrumb\",\"itemListElement\":[{\"@type\":\"ListItem\",\"position\":1,\"name\":\"Home\",\"item\":\"https:\/\/www.casavio.com\/hu\/\"},{\"@type\":\"ListItem\",\"position\":2,\"name\":\"Tev\u00e9kenys\u00e9gek\",\"item\":\"https:\/\/www.casavio.com\/hu\/tevekenysegek-kemping\/\"},{\"@type\":\"ListItem\",\"position\":3,\"name\":\"Ker\u00e9kp\u00e1r turizmus\"}]},{\"@type\":\"WebSite\",\"@id\":\"https:\/\/www.casavio.com\/hu\/#website\",\"url\":\"https:\/\/www.casavio.com\/hu\/\",\"name\":\"Camping Ca&#039; Savio\",\"description\":\"\",\"publisher\":{\"@id\":\"https:\/\/www.casavio.com\/hu\/#organization\"},\"potentialAction\":[{\"@type\":\"SearchAction\",\"target\":{\"@type\":\"EntryPoint\",\"urlTemplate\":\"https:\/\/www.casavio.com\/hu\/?s={search_term_string}\"},\"query-input\":{\"@type\":\"PropertyValueSpecification\",\"valueRequired\":true,\"valueName\":\"search_term_string\"}}],\"inLanguage\":\"hu\"},{\"@type\":\"Organization\",\"@id\":\"https:\/\/www.casavio.com\/hu\/#organization\",\"name\":\"Camping Ca'Savio\",\"url\":\"https:\/\/www.casavio.com\/hu\/\",\"logo\":{\"@type\":\"ImageObject\",\"inLanguage\":\"hu\",\"@id\":\"https:\/\/www.casavio.com\/hu\/#\/schema\/logo\/image\/\",\"url\":\"https:\/\/www.casavio.com\/wp-content\/uploads\/2024\/04\/favicon.png\",\"contentUrl\":\"https:\/\/www.casavio.com\/wp-content\/uploads\/2024\/04\/favicon.png\",\"width\":144,\"height\":144,\"caption\":\"Camping Ca'Savio\"},\"image\":{\"@id\":\"https:\/\/www.casavio.com\/hu\/#\/schema\/logo\/image\/\"},\"sameAs\":[\"https:\/\/www.facebook.com\/campingcasavio\",\"https:\/\/www.instagram.com\/campingcasavio\",\"https:\/\/www.youtube.com\/user\/campingcasavio\"]}]}<\/script>\n<!-- \/ Yoast SEO plugin. -->","yoast_head_json":{"title":"Ker\u00e9kp\u00e1r\u00fatvonalak Kelet-Veneto felfedez\u00e9s\u00e9hez &#8211; Camping Ca&#039; Savio","description":"\u00cdme egy gyors \u00fatmutat\u00f3 a Ca 'Savio k\u00f6rny\u00e9k\u00e9nek felfedez\u00e9s\u00e9re a ter\u00fclet ker\u00e9kp\u00e1r\u00fatjain kereszt\u00fcl.","robots":{"index":"index","follow":"follow","max-snippet":"max-snippet:-1","max-image-preview":"max-image-preview:large","max-video-preview":"max-video-preview:-1"},"canonical":"https:\/\/www.casavio.com\/hu\/tevekenysegek-kemping\/kerekpar-turizmus\/","og_locale":"hu_HU","og_type":"article","og_title":"Ker\u00e9kp\u00e1r\u00fatvonalak Kelet-Veneto felfedez\u00e9s\u00e9hez &#8211; Camping Ca&#039; Savio","og_description":"\u00cdme egy gyors \u00fatmutat\u00f3 a Ca 'Savio k\u00f6rny\u00e9k\u00e9nek felfedez\u00e9s\u00e9re a ter\u00fclet ker\u00e9kp\u00e1r\u00fatjain kereszt\u00fcl.","og_url":"https:\/\/www.casavio.com\/hu\/tevekenysegek-kemping\/kerekpar-turizmus\/","og_site_name":"Camping Ca&#039; Savio","article_publisher":"https:\/\/www.facebook.com\/campingcasavio","article_modified_time":"2020-05-05T07:57:25+00:00","og_image":[{"width":440,"height":600,"url":"https:\/\/www.casavio.com\/wp-content\/uploads\/2019\/11\/ca-savio-attivit\u00e0-cicloturismo.jpg","type":"image\/jpeg"}],"twitter_card":"summary_large_image","schema":{"@context":"https:\/\/schema.org","@graph":[{"@type":"WebPage","@id":"https:\/\/www.casavio.com\/hu\/tevekenysegek-kemping\/kerekpar-turizmus\/","url":"https:\/\/www.casavio.com\/hu\/tevekenysegek-kemping\/kerekpar-turizmus\/","name":"Ker\u00e9kp\u00e1r\u00fatvonalak Kelet-Veneto felfedez\u00e9s\u00e9hez &#8211; Camping Ca&#039; Savio","isPartOf":{"@id":"https:\/\/www.casavio.com\/hu\/#website"},"primaryImageOfPage":{"@id":"https:\/\/www.casavio.com\/hu\/tevekenysegek-kemping\/kerekpar-turizmus\/#primaryimage"},"image":{"@id":"https:\/\/www.casavio.com\/hu\/tevekenysegek-kemping\/kerekpar-turizmus\/#primaryimage"},"thumbnailUrl":"https:\/\/www.casavio.com\/wp-content\/uploads\/2019\/11\/ca-savio-attivit\u00e0-cicloturismo.jpg","datePublished":"2019-11-07T10:02:33+00:00","dateModified":"2020-05-05T07:57:25+00:00","description":"\u00cdme egy gyors \u00fatmutat\u00f3 a Ca 'Savio k\u00f6rny\u00e9k\u00e9nek felfedez\u00e9s\u00e9re a ter\u00fclet ker\u00e9kp\u00e1r\u00fatjain kereszt\u00fcl.","breadcrumb":{"@id":"https:\/\/www.casavio.com\/hu\/tevekenysegek-kemping\/kerekpar-turizmus\/#breadcrumb"},"inLanguage":"hu","potentialAction":[{"@type":"ReadAction","target":["https:\/\/www.casavio.com\/hu\/tevekenysegek-kemping\/kerekpar-turizmus\/"]}]},{"@type":"ImageObject","inLanguage":"hu","@id":"https:\/\/www.casavio.com\/hu\/tevekenysegek-kemping\/kerekpar-turizmus\/#primaryimage","url":"https:\/\/www.casavio.com\/wp-content\/uploads\/2019\/11\/ca-savio-attivit\u00e0-cicloturismo.jpg","contentUrl":"https:\/\/www.casavio.com\/wp-content\/uploads\/2019\/11\/ca-savio-attivit\u00e0-cicloturismo.jpg","width":440,"height":600,"caption":"Percorsi semplici per la famiglia"},{"@type":"BreadcrumbList","@id":"https:\/\/www.casavio.com\/hu\/tevekenysegek-kemping\/kerekpar-turizmus\/#breadcrumb","itemListElement":[{"@type":"ListItem","position":1,"name":"Home","item":"https:\/\/www.casavio.com\/hu\/"},{"@type":"ListItem","position":2,"name":"Tev\u00e9kenys\u00e9gek","item":"https:\/\/www.casavio.com\/hu\/tevekenysegek-kemping\/"},{"@type":"ListItem","position":3,"name":"Ker\u00e9kp\u00e1r turizmus"}]},{"@type":"WebSite","@id":"https:\/\/www.casavio.com\/hu\/#website","url":"https:\/\/www.casavio.com\/hu\/","name":"Camping Ca&#039; Savio","description":"","publisher":{"@id":"https:\/\/www.casavio.com\/hu\/#organization"},"potentialAction":[{"@type":"SearchAction","target":{"@type":"EntryPoint","urlTemplate":"https:\/\/www.casavio.com\/hu\/?s={search_term_string}"},"query-input":{"@type":"PropertyValueSpecification","valueRequired":true,"valueName":"search_term_string"}}],"inLanguage":"hu"},{"@type":"Organization","@id":"https:\/\/www.casavio.com\/hu\/#organization","name":"Camping Ca'Savio","url":"https:\/\/www.casavio.com\/hu\/","logo":{"@type":"ImageObject","inLanguage":"hu","@id":"https:\/\/www.casavio.com\/hu\/#\/schema\/logo\/image\/","url":"https:\/\/www.casavio.com\/wp-content\/uploads\/2024\/04\/favicon.png","contentUrl":"https:\/\/www.casavio.com\/wp-content\/uploads\/2024\/04\/favicon.png","width":144,"height":144,"caption":"Camping Ca'Savio"},"image":{"@id":"https:\/\/www.casavio.com\/hu\/#\/schema\/logo\/image\/"},"sameAs":["https:\/\/www.facebook.com\/campingcasavio","https:\/\/www.instagram.com\/campingcasavio","https:\/\/www.youtube.com\/user\/campingcasavio"]}]}},"_links":{"self":[{"href":"https:\/\/www.casavio.com\/hu\/wp-json\/wp\/v2\/pages\/10888","targetHints":{"allow":["GET"]}}],"collection":[{"href":"https:\/\/www.casavio.com\/hu\/wp-json\/wp\/v2\/pages"}],"about":[{"href":"https:\/\/www.casavio.com\/hu\/wp-json\/wp\/v2\/types\/page"}],"author":[{"embeddable":true,"href":"https:\/\/www.casavio.com\/hu\/wp-json\/wp\/v2\/users\/3"}],"replies":[{"embeddable":true,"href":"https:\/\/www.casavio.com\/hu\/wp-json\/wp\/v2\/comments?post=10888"}],"version-history":[{"count":2,"href":"https:\/\/www.casavio.com\/hu\/wp-json\/wp\/v2\/pages\/10888\/revisions"}],"predecessor-version":[{"id":10890,"href":"https:\/\/www.casavio.com\/hu\/wp-json\/wp\/v2\/pages\/10888\/revisions\/10890"}],"up":[{"embeddable":true,"href":"https:\/\/www.casavio.com\/hu\/wp-json\/wp\/v2\/pages\/10813"}],"wp:featuredmedia":[{"embeddable":true,"href":"https:\/\/www.casavio.com\/hu\/wp-json\/wp\/v2\/media\/3652"}],"wp:attachment":[{"href":"https:\/\/www.casavio.com\/hu\/wp-json\/wp\/v2\/media?parent=10888"}],"curies":[{"name":"wp","href":"https:\/\/api.w.org\/{rel}","templated":true}]}}