{"id":10891,"date":"2019-11-07T11:13:48","date_gmt":"2019-11-07T10:13:48","guid":{"rendered":"https:\/\/www.casavio.com\/tevekenysegek-kemping\/kerekpar-turizmus\/percorsi-semplici\/"},"modified":"2026-01-29T09:27:29","modified_gmt":"2026-01-29T08:27:29","slug":"egyszeru-utvonalak","status":"publish","type":"page","link":"https:\/\/www.casavio.com\/hu\/tevekenysegek-kemping\/kerekpar-turizmus\/egyszeru-utvonalak\/","title":{"rendered":"Egyszer\u0171 \u00fatvonalak"},"content":{"rendered":"<p>A Ca\u2019 Savio Kemping k\u00f6zel\u00e9ben sz\u00e1mos, <strong>viszonylag r\u00f6vid \u00e9s alacsony neh\u00e9zs\u00e9g\u0171 \u00fatvonal<\/strong> tal\u00e1lhat\u00f3, melyeket kis gyermekekkel is egyszer\u0171en v\u00e9gig lehet j\u00e1rni ker\u00e9kp\u00e1rral. Az \u00fatvonalak teljesen aszfaltozott utakon haladnak kereszt\u00fcl, ez\u00e9rt nincs sz\u00fcks\u00e9g mountain bike haszn\u00e1lat\u00e1ra, el\u00e9g egy v\u00e1rosi bicikli. Ha szeretn\u00e9, a kempingben <a href=\"https:\/\/www.casavio.com\/hu\/szolgaltatasok\/extra-szolgaltatasok\/kerekparok-kolcsonzese\/\">ker\u00e9kp\u00e1rt is b\u00e9relhet<\/a>.<\/p>\n","protected":false},"excerpt":{"rendered":"<p>Nagyon egyszer\u0171 \u00fatvonalak, az eg\u00e9sz csal\u00e1d sz\u00e1m\u00e1ra alkalmasak.<\/p>\n","protected":false},"author":3,"featured_media":36104,"parent":10888,"menu_order":74,"comment_status":"closed","ping_status":"closed","template":"templates\/tpl-routes.php","meta":{"_acf_changed":false},"class_list":["post-10891","page","type-page","status-publish","has-post-thumbnail","hentry"],"acf":[],"yoast_head":"<!-- This site is optimized with the Yoast SEO plugin v25.3 - https:\/\/yoast.com\/wordpress\/plugins\/seo\/ -->\n<title>Egyszer\u0171 ker\u00e9kp\u00e1r \u00fatvonalak, t\u00f6k\u00e9letes az eg\u00e9sz csal\u00e1d sz\u00e1m\u00e1ra &#8211; Camping Ca&#039; Savio<\/title>\n<meta name=\"description\" content=\"\u00datvonalak meglehet\u0151sen r\u00f6vid \u00fatvonalon \u00e9s alacsony neh\u00e9zs\u00e9ggel, kiv\u00e1l\u00f3an alkalmasak kisgyermekek sz\u00e1m\u00e1ra is.\" \/>\n<meta name=\"robots\" content=\"index, follow, max-snippet:-1, max-image-preview:large, max-video-preview:-1\" \/>\n<link rel=\"canonical\" href=\"https:\/\/www.casavio.com\/hu\/tevekenysegek-kemping\/kerekpar-turizmus\/egyszeru-utvonalak\/\" \/>\n<meta property=\"og:locale\" content=\"hu_HU\" \/>\n<meta property=\"og:type\" content=\"article\" \/>\n<meta property=\"og:title\" content=\"Egyszer\u0171 ker\u00e9kp\u00e1r \u00fatvonalak, t\u00f6k\u00e9letes az eg\u00e9sz csal\u00e1d sz\u00e1m\u00e1ra &#8211; Camping Ca&#039; Savio\" \/>\n<meta property=\"og:description\" content=\"\u00datvonalak meglehet\u0151sen r\u00f6vid \u00fatvonalon \u00e9s alacsony neh\u00e9zs\u00e9ggel, kiv\u00e1l\u00f3an alkalmasak kisgyermekek sz\u00e1m\u00e1ra is.\" \/>\n<meta property=\"og:url\" content=\"https:\/\/www.casavio.com\/hu\/tevekenysegek-kemping\/kerekpar-turizmus\/egyszeru-utvonalak\/\" \/>\n<meta property=\"og:site_name\" content=\"Camping Ca&#039; Savio\" \/>\n<meta property=\"article:publisher\" content=\"https:\/\/www.facebook.com\/campingcasavio\" \/>\n<meta property=\"article:modified_time\" content=\"2026-01-29T08:27:29+00:00\" \/>\n<meta property=\"og:image\" content=\"https:\/\/www.casavio.com\/wp-content\/uploads\/2024\/10\/cicloturismo_v.jpg\" \/>\n\t<meta property=\"og:image:width\" content=\"440\" \/>\n\t<meta property=\"og:image:height\" content=\"600\" \/>\n\t<meta property=\"og:image:type\" content=\"image\/jpeg\" \/>\n<meta name=\"twitter:card\" content=\"summary_large_image\" \/>\n<meta name=\"twitter:label1\" content=\"Becs\u00fclt olvas\u00e1si id\u0151\" \/>\n\t<meta name=\"twitter:data1\" content=\"1 perc\" \/>\n<script type=\"application\/ld+json\" class=\"yoast-schema-graph\">{\"@context\":\"https:\/\/schema.org\",\"@graph\":[{\"@type\":\"WebPage\",\"@id\":\"https:\/\/www.casavio.com\/hu\/tevekenysegek-kemping\/kerekpar-turizmus\/egyszeru-utvonalak\/\",\"url\":\"https:\/\/www.casavio.com\/hu\/tevekenysegek-kemping\/kerekpar-turizmus\/egyszeru-utvonalak\/\",\"name\":\"Egyszer\u0171 ker\u00e9kp\u00e1r \u00fatvonalak, t\u00f6k\u00e9letes az eg\u00e9sz csal\u00e1d sz\u00e1m\u00e1ra &#8211; Camping Ca&#039; Savio\",\"isPartOf\":{\"@id\":\"https:\/\/www.casavio.com\/hu\/#website\"},\"primaryImageOfPage\":{\"@id\":\"https:\/\/www.casavio.com\/hu\/tevekenysegek-kemping\/kerekpar-turizmus\/egyszeru-utvonalak\/#primaryimage\"},\"image\":{\"@id\":\"https:\/\/www.casavio.com\/hu\/tevekenysegek-kemping\/kerekpar-turizmus\/egyszeru-utvonalak\/#primaryimage\"},\"thumbnailUrl\":\"https:\/\/www.casavio.com\/wp-content\/uploads\/2024\/10\/cicloturismo_v.jpg\",\"datePublished\":\"2019-11-07T10:13:48+00:00\",\"dateModified\":\"2026-01-29T08:27:29+00:00\",\"description\":\"\u00datvonalak meglehet\u0151sen r\u00f6vid \u00fatvonalon \u00e9s alacsony neh\u00e9zs\u00e9ggel, kiv\u00e1l\u00f3an alkalmasak kisgyermekek sz\u00e1m\u00e1ra is.\",\"breadcrumb\":{\"@id\":\"https:\/\/www.casavio.com\/hu\/tevekenysegek-kemping\/kerekpar-turizmus\/egyszeru-utvonalak\/#breadcrumb\"},\"inLanguage\":\"hu\",\"potentialAction\":[{\"@type\":\"ReadAction\",\"target\":[\"https:\/\/www.casavio.com\/hu\/tevekenysegek-kemping\/kerekpar-turizmus\/egyszeru-utvonalak\/\"]}]},{\"@type\":\"ImageObject\",\"inLanguage\":\"hu\",\"@id\":\"https:\/\/www.casavio.com\/hu\/tevekenysegek-kemping\/kerekpar-turizmus\/egyszeru-utvonalak\/#primaryimage\",\"url\":\"https:\/\/www.casavio.com\/wp-content\/uploads\/2024\/10\/cicloturismo_v.jpg\",\"contentUrl\":\"https:\/\/www.casavio.com\/wp-content\/uploads\/2024\/10\/cicloturismo_v.jpg\",\"width\":440,\"height\":600},{\"@type\":\"BreadcrumbList\",\"@id\":\"https:\/\/www.casavio.com\/hu\/tevekenysegek-kemping\/kerekpar-turizmus\/egyszeru-utvonalak\/#breadcrumb\",\"itemListElement\":[{\"@type\":\"ListItem\",\"position\":1,\"name\":\"Home\",\"item\":\"https:\/\/www.casavio.com\/hu\/\"},{\"@type\":\"ListItem\",\"position\":2,\"name\":\"Tev\u00e9kenys\u00e9gek\",\"item\":\"https:\/\/www.casavio.com\/hu\/tevekenysegek-kemping\/\"},{\"@type\":\"ListItem\",\"position\":3,\"name\":\"Ker\u00e9kp\u00e1r turizmus\",\"item\":\"https:\/\/www.casavio.com\/hu\/tevekenysegek-kemping\/kerekpar-turizmus\/\"},{\"@type\":\"ListItem\",\"position\":4,\"name\":\"Egyszer\u0171 \u00fatvonalak\"}]},{\"@type\":\"WebSite\",\"@id\":\"https:\/\/www.casavio.com\/hu\/#website\",\"url\":\"https:\/\/www.casavio.com\/hu\/\",\"name\":\"Camping Ca&#039; Savio\",\"description\":\"\",\"publisher\":{\"@id\":\"https:\/\/www.casavio.com\/hu\/#organization\"},\"potentialAction\":[{\"@type\":\"SearchAction\",\"target\":{\"@type\":\"EntryPoint\",\"urlTemplate\":\"https:\/\/www.casavio.com\/hu\/?s={search_term_string}\"},\"query-input\":{\"@type\":\"PropertyValueSpecification\",\"valueRequired\":true,\"valueName\":\"search_term_string\"}}],\"inLanguage\":\"hu\"},{\"@type\":\"Organization\",\"@id\":\"https:\/\/www.casavio.com\/hu\/#organization\",\"name\":\"Camping Ca'Savio\",\"url\":\"https:\/\/www.casavio.com\/hu\/\",\"logo\":{\"@type\":\"ImageObject\",\"inLanguage\":\"hu\",\"@id\":\"https:\/\/www.casavio.com\/hu\/#\/schema\/logo\/image\/\",\"url\":\"https:\/\/www.casavio.com\/wp-content\/uploads\/2024\/04\/favicon.png\",\"contentUrl\":\"https:\/\/www.casavio.com\/wp-content\/uploads\/2024\/04\/favicon.png\",\"width\":144,\"height\":144,\"caption\":\"Camping Ca'Savio\"},\"image\":{\"@id\":\"https:\/\/www.casavio.com\/hu\/#\/schema\/logo\/image\/\"},\"sameAs\":[\"https:\/\/www.facebook.com\/campingcasavio\",\"https:\/\/www.instagram.com\/campingcasavio\",\"https:\/\/www.youtube.com\/user\/campingcasavio\"]}]}<\/script>\n<!-- \/ Yoast SEO plugin. -->","yoast_head_json":{"title":"Egyszer\u0171 ker\u00e9kp\u00e1r \u00fatvonalak, t\u00f6k\u00e9letes az eg\u00e9sz csal\u00e1d sz\u00e1m\u00e1ra &#8211; Camping Ca&#039; Savio","description":"\u00datvonalak meglehet\u0151sen r\u00f6vid \u00fatvonalon \u00e9s alacsony neh\u00e9zs\u00e9ggel, kiv\u00e1l\u00f3an alkalmasak kisgyermekek sz\u00e1m\u00e1ra is.","robots":{"index":"index","follow":"follow","max-snippet":"max-snippet:-1","max-image-preview":"max-image-preview:large","max-video-preview":"max-video-preview:-1"},"canonical":"https:\/\/www.casavio.com\/hu\/tevekenysegek-kemping\/kerekpar-turizmus\/egyszeru-utvonalak\/","og_locale":"hu_HU","og_type":"article","og_title":"Egyszer\u0171 ker\u00e9kp\u00e1r \u00fatvonalak, t\u00f6k\u00e9letes az eg\u00e9sz csal\u00e1d sz\u00e1m\u00e1ra &#8211; Camping Ca&#039; Savio","og_description":"\u00datvonalak meglehet\u0151sen r\u00f6vid \u00fatvonalon \u00e9s alacsony neh\u00e9zs\u00e9ggel, kiv\u00e1l\u00f3an alkalmasak kisgyermekek sz\u00e1m\u00e1ra is.","og_url":"https:\/\/www.casavio.com\/hu\/tevekenysegek-kemping\/kerekpar-turizmus\/egyszeru-utvonalak\/","og_site_name":"Camping Ca&#039; Savio","article_publisher":"https:\/\/www.facebook.com\/campingcasavio","article_modified_time":"2026-01-29T08:27:29+00:00","og_image":[{"width":440,"height":600,"url":"https:\/\/www.casavio.com\/wp-content\/uploads\/2024\/10\/cicloturismo_v.jpg","type":"image\/jpeg"}],"twitter_card":"summary_large_image","twitter_misc":{"Becs\u00fclt olvas\u00e1si id\u0151":"1 perc"},"schema":{"@context":"https:\/\/schema.org","@graph":[{"@type":"WebPage","@id":"https:\/\/www.casavio.com\/hu\/tevekenysegek-kemping\/kerekpar-turizmus\/egyszeru-utvonalak\/","url":"https:\/\/www.casavio.com\/hu\/tevekenysegek-kemping\/kerekpar-turizmus\/egyszeru-utvonalak\/","name":"Egyszer\u0171 ker\u00e9kp\u00e1r \u00fatvonalak, t\u00f6k\u00e9letes az eg\u00e9sz csal\u00e1d sz\u00e1m\u00e1ra &#8211; Camping Ca&#039; Savio","isPartOf":{"@id":"https:\/\/www.casavio.com\/hu\/#website"},"primaryImageOfPage":{"@id":"https:\/\/www.casavio.com\/hu\/tevekenysegek-kemping\/kerekpar-turizmus\/egyszeru-utvonalak\/#primaryimage"},"image":{"@id":"https:\/\/www.casavio.com\/hu\/tevekenysegek-kemping\/kerekpar-turizmus\/egyszeru-utvonalak\/#primaryimage"},"thumbnailUrl":"https:\/\/www.casavio.com\/wp-content\/uploads\/2024\/10\/cicloturismo_v.jpg","datePublished":"2019-11-07T10:13:48+00:00","dateModified":"2026-01-29T08:27:29+00:00","description":"\u00datvonalak meglehet\u0151sen r\u00f6vid \u00fatvonalon \u00e9s alacsony neh\u00e9zs\u00e9ggel, kiv\u00e1l\u00f3an alkalmasak kisgyermekek sz\u00e1m\u00e1ra is.","breadcrumb":{"@id":"https:\/\/www.casavio.com\/hu\/tevekenysegek-kemping\/kerekpar-turizmus\/egyszeru-utvonalak\/#breadcrumb"},"inLanguage":"hu","potentialAction":[{"@type":"ReadAction","target":["https:\/\/www.casavio.com\/hu\/tevekenysegek-kemping\/kerekpar-turizmus\/egyszeru-utvonalak\/"]}]},{"@type":"ImageObject","inLanguage":"hu","@id":"https:\/\/www.casavio.com\/hu\/tevekenysegek-kemping\/kerekpar-turizmus\/egyszeru-utvonalak\/#primaryimage","url":"https:\/\/www.casavio.com\/wp-content\/uploads\/2024\/10\/cicloturismo_v.jpg","contentUrl":"https:\/\/www.casavio.com\/wp-content\/uploads\/2024\/10\/cicloturismo_v.jpg","width":440,"height":600},{"@type":"BreadcrumbList","@id":"https:\/\/www.casavio.com\/hu\/tevekenysegek-kemping\/kerekpar-turizmus\/egyszeru-utvonalak\/#breadcrumb","itemListElement":[{"@type":"ListItem","position":1,"name":"Home","item":"https:\/\/www.casavio.com\/hu\/"},{"@type":"ListItem","position":2,"name":"Tev\u00e9kenys\u00e9gek","item":"https:\/\/www.casavio.com\/hu\/tevekenysegek-kemping\/"},{"@type":"ListItem","position":3,"name":"Ker\u00e9kp\u00e1r turizmus","item":"https:\/\/www.casavio.com\/hu\/tevekenysegek-kemping\/kerekpar-turizmus\/"},{"@type":"ListItem","position":4,"name":"Egyszer\u0171 \u00fatvonalak"}]},{"@type":"WebSite","@id":"https:\/\/www.casavio.com\/hu\/#website","url":"https:\/\/www.casavio.com\/hu\/","name":"Camping Ca&#039; Savio","description":"","publisher":{"@id":"https:\/\/www.casavio.com\/hu\/#organization"},"potentialAction":[{"@type":"SearchAction","target":{"@type":"EntryPoint","urlTemplate":"https:\/\/www.casavio.com\/hu\/?s={search_term_string}"},"query-input":{"@type":"PropertyValueSpecification","valueRequired":true,"valueName":"search_term_string"}}],"inLanguage":"hu"},{"@type":"Organization","@id":"https:\/\/www.casavio.com\/hu\/#organization","name":"Camping Ca'Savio","url":"https:\/\/www.casavio.com\/hu\/","logo":{"@type":"ImageObject","inLanguage":"hu","@id":"https:\/\/www.casavio.com\/hu\/#\/schema\/logo\/image\/","url":"https:\/\/www.casavio.com\/wp-content\/uploads\/2024\/04\/favicon.png","contentUrl":"https:\/\/www.casavio.com\/wp-content\/uploads\/2024\/04\/favicon.png","width":144,"height":144,"caption":"Camping Ca'Savio"},"image":{"@id":"https:\/\/www.casavio.com\/hu\/#\/schema\/logo\/image\/"},"sameAs":["https:\/\/www.facebook.com\/campingcasavio","https:\/\/www.instagram.com\/campingcasavio","https:\/\/www.youtube.com\/user\/campingcasavio"]}]}},"_links":{"self":[{"href":"https:\/\/www.casavio.com\/hu\/wp-json\/wp\/v2\/pages\/10891","targetHints":{"allow":["GET"]}}],"collection":[{"href":"https:\/\/www.casavio.com\/hu\/wp-json\/wp\/v2\/pages"}],"about":[{"href":"https:\/\/www.casavio.com\/hu\/wp-json\/wp\/v2\/types\/page"}],"author":[{"embeddable":true,"href":"https:\/\/www.casavio.com\/hu\/wp-json\/wp\/v2\/users\/3"}],"replies":[{"embeddable":true,"href":"https:\/\/www.casavio.com\/hu\/wp-json\/wp\/v2\/comments?post=10891"}],"version-history":[{"count":1,"href":"https:\/\/www.casavio.com\/hu\/wp-json\/wp\/v2\/pages\/10891\/revisions"}],"predecessor-version":[{"id":45629,"href":"https:\/\/www.casavio.com\/hu\/wp-json\/wp\/v2\/pages\/10891\/revisions\/45629"}],"up":[{"embeddable":true,"href":"https:\/\/www.casavio.com\/hu\/wp-json\/wp\/v2\/pages\/10888"}],"wp:featuredmedia":[{"embeddable":true,"href":"https:\/\/www.casavio.com\/hu\/wp-json\/wp\/v2\/media\/36104"}],"wp:attachment":[{"href":"https:\/\/www.casavio.com\/hu\/wp-json\/wp\/v2\/media?parent=10891"}],"curies":[{"name":"wp","href":"https:\/\/api.w.org\/{rel}","templated":true}]}}