{"id":10895,"date":"2019-11-07T11:14:36","date_gmt":"2019-11-07T10:14:36","guid":{"rendered":"https:\/\/www.casavio.com\/tevekenysegek-kemping\/kerekpar-turizmus\/percorsi-difficolta-media\/"},"modified":"2026-01-21T11:45:06","modified_gmt":"2026-01-21T10:45:06","slug":"kozepes-normal-nehezsegu-utvonalak","status":"publish","type":"page","link":"https:\/\/www.casavio.com\/hu\/tevekenysegek-kemping\/kerekpar-turizmus\/kozepes-normal-nehezsegu-utvonalak\/","title":{"rendered":"K\u00f6zepes-norm\u00e1l neh\u00e9zs\u00e9g\u0171 \u00fatvonalak"},"content":{"rendered":"<p>A ter\u00fcletet \u00e1tszel\u0151 foly\u00f3k ment\u00e9n elhalad\u00f3 sz\u00e1mos f\u00f6ldes ker\u00e9kp\u00e1r\u00fatvonal l\u00e9tezik, melyek lehet\u0151v\u00e9 teszik, hogy a ker\u00e9kp\u00e1ros <strong>teljesen elmer\u00fclj\u00f6n a term\u00e9szetben<\/strong>.<\/p>\n<p>A ker\u00e9kp\u00e1rral megtehet\u0151 \u00fatvonalak neh\u00e9zs\u00e9ge k\u00f6zepes-alacsony \u00e9s kis, illetve nagyobb gyermekkel t\u00far\u00e1z\u00f3 csal\u00e1dok sz\u00e1m\u00e1ra is alkalmasak, akik el\u00e9g j\u00f3l tudnak ker\u00e9kp\u00e1rozni.<\/p>\n<p>Ha szeretn\u00e9, a kempingben <a href=\"https:\/\/www.casavio.com\/hu\/szolgaltatasok\/extra-szolgaltatasok\/kerekparok-kolcsonzese\/\">ker\u00e9kp\u00e1rt is b\u00e9relhet<\/a>.<\/p>\n<p>&nbsp;<\/p>\n<p>&nbsp;<\/p>\n","protected":false},"excerpt":{"rendered":"<p>K\u00f6zepes-norm\u00e1l neh\u00e9zs\u00e9g\u0171 \u00fatvonalak nagyobb gyermekekkel.<\/p>\n","protected":false},"author":3,"featured_media":36120,"parent":10888,"menu_order":75,"comment_status":"closed","ping_status":"closed","template":"templates\/tpl-routes.php","meta":{"_acf_changed":false},"class_list":["post-10895","page","type-page","status-publish","has-post-thumbnail","hentry"],"acf":[],"yoast_head":"<!-- This site is optimized with the Yoast SEO plugin v25.3 - https:\/\/yoast.com\/wordpress\/plugins\/seo\/ -->\n<title>Alacsony-k\u00f6zepes neh\u00e9zs\u00e9g\u0171 \u00fatvonalak az eg\u00e9sz csal\u00e1d sz\u00e1m\u00e1ra &#8211; Camping Ca&#039; Savio<\/title>\n<meta name=\"description\" content=\"A Ca &#039;Savio kemping sz\u00e1mos \u00fatvonalat k\u00edn\u00e1l k\u00f6z\u00e9p-\u00e9s kis neh\u00e9zs\u00e9gekkel rendelkez\u0151 ker\u00e9kp\u00e1rok sz\u00e1m\u00e1ra, alkalmas csal\u00e1dok \u00e9s gyermekek sz\u00e1m\u00e1ra a foly\u00f3k ment\u00e9n vezet\u0151 utak ment\u00e9n \u00e9s a term\u00e9szethez.\" \/>\n<meta name=\"robots\" content=\"index, follow, max-snippet:-1, max-image-preview:large, max-video-preview:-1\" \/>\n<link rel=\"canonical\" href=\"https:\/\/www.casavio.com\/hu\/tevekenysegek-kemping\/kerekpar-turizmus\/kozepes-normal-nehezsegu-utvonalak\/\" \/>\n<meta property=\"og:locale\" content=\"hu_HU\" \/>\n<meta property=\"og:type\" content=\"article\" \/>\n<meta property=\"og:title\" content=\"Alacsony-k\u00f6zepes neh\u00e9zs\u00e9g\u0171 \u00fatvonalak az eg\u00e9sz csal\u00e1d sz\u00e1m\u00e1ra &#8211; Camping Ca&#039; Savio\" \/>\n<meta property=\"og:description\" content=\"A Ca &#039;Savio kemping sz\u00e1mos \u00fatvonalat k\u00edn\u00e1l k\u00f6z\u00e9p-\u00e9s kis neh\u00e9zs\u00e9gekkel rendelkez\u0151 ker\u00e9kp\u00e1rok sz\u00e1m\u00e1ra, alkalmas csal\u00e1dok \u00e9s gyermekek sz\u00e1m\u00e1ra a foly\u00f3k ment\u00e9n vezet\u0151 utak ment\u00e9n \u00e9s a term\u00e9szethez.\" \/>\n<meta property=\"og:url\" content=\"https:\/\/www.casavio.com\/hu\/tevekenysegek-kemping\/kerekpar-turizmus\/kozepes-normal-nehezsegu-utvonalak\/\" \/>\n<meta property=\"og:site_name\" content=\"Camping Ca&#039; Savio\" \/>\n<meta property=\"article:publisher\" content=\"https:\/\/www.facebook.com\/campingcasavio\" \/>\n<meta property=\"article:modified_time\" content=\"2026-01-21T10:45:06+00:00\" \/>\n<meta property=\"og:image\" content=\"https:\/\/www.casavio.com\/wp-content\/uploads\/2024\/10\/cicloturismo_cavallino.jpg\" \/>\n\t<meta property=\"og:image:width\" content=\"440\" \/>\n\t<meta property=\"og:image:height\" content=\"600\" \/>\n\t<meta property=\"og:image:type\" content=\"image\/jpeg\" \/>\n<meta name=\"twitter:card\" content=\"summary_large_image\" \/>\n<meta name=\"twitter:label1\" content=\"Becs\u00fclt olvas\u00e1si id\u0151\" \/>\n\t<meta name=\"twitter:data1\" content=\"1 perc\" \/>\n<script type=\"application\/ld+json\" class=\"yoast-schema-graph\">{\"@context\":\"https:\/\/schema.org\",\"@graph\":[{\"@type\":\"WebPage\",\"@id\":\"https:\/\/www.casavio.com\/hu\/tevekenysegek-kemping\/kerekpar-turizmus\/kozepes-normal-nehezsegu-utvonalak\/\",\"url\":\"https:\/\/www.casavio.com\/hu\/tevekenysegek-kemping\/kerekpar-turizmus\/kozepes-normal-nehezsegu-utvonalak\/\",\"name\":\"Alacsony-k\u00f6zepes neh\u00e9zs\u00e9g\u0171 \u00fatvonalak az eg\u00e9sz csal\u00e1d sz\u00e1m\u00e1ra &#8211; Camping Ca&#039; Savio\",\"isPartOf\":{\"@id\":\"https:\/\/www.casavio.com\/hu\/#website\"},\"primaryImageOfPage\":{\"@id\":\"https:\/\/www.casavio.com\/hu\/tevekenysegek-kemping\/kerekpar-turizmus\/kozepes-normal-nehezsegu-utvonalak\/#primaryimage\"},\"image\":{\"@id\":\"https:\/\/www.casavio.com\/hu\/tevekenysegek-kemping\/kerekpar-turizmus\/kozepes-normal-nehezsegu-utvonalak\/#primaryimage\"},\"thumbnailUrl\":\"https:\/\/www.casavio.com\/wp-content\/uploads\/2024\/10\/cicloturismo_cavallino.jpg\",\"datePublished\":\"2019-11-07T10:14:36+00:00\",\"dateModified\":\"2026-01-21T10:45:06+00:00\",\"description\":\"A Ca 'Savio kemping sz\u00e1mos \u00fatvonalat k\u00edn\u00e1l k\u00f6z\u00e9p-\u00e9s kis neh\u00e9zs\u00e9gekkel rendelkez\u0151 ker\u00e9kp\u00e1rok sz\u00e1m\u00e1ra, alkalmas csal\u00e1dok \u00e9s gyermekek sz\u00e1m\u00e1ra a foly\u00f3k ment\u00e9n vezet\u0151 utak ment\u00e9n \u00e9s a term\u00e9szethez.\",\"breadcrumb\":{\"@id\":\"https:\/\/www.casavio.com\/hu\/tevekenysegek-kemping\/kerekpar-turizmus\/kozepes-normal-nehezsegu-utvonalak\/#breadcrumb\"},\"inLanguage\":\"hu\",\"potentialAction\":[{\"@type\":\"ReadAction\",\"target\":[\"https:\/\/www.casavio.com\/hu\/tevekenysegek-kemping\/kerekpar-turizmus\/kozepes-normal-nehezsegu-utvonalak\/\"]}]},{\"@type\":\"ImageObject\",\"inLanguage\":\"hu\",\"@id\":\"https:\/\/www.casavio.com\/hu\/tevekenysegek-kemping\/kerekpar-turizmus\/kozepes-normal-nehezsegu-utvonalak\/#primaryimage\",\"url\":\"https:\/\/www.casavio.com\/wp-content\/uploads\/2024\/10\/cicloturismo_cavallino.jpg\",\"contentUrl\":\"https:\/\/www.casavio.com\/wp-content\/uploads\/2024\/10\/cicloturismo_cavallino.jpg\",\"width\":440,\"height\":600},{\"@type\":\"BreadcrumbList\",\"@id\":\"https:\/\/www.casavio.com\/hu\/tevekenysegek-kemping\/kerekpar-turizmus\/kozepes-normal-nehezsegu-utvonalak\/#breadcrumb\",\"itemListElement\":[{\"@type\":\"ListItem\",\"position\":1,\"name\":\"Home\",\"item\":\"https:\/\/www.casavio.com\/hu\/\"},{\"@type\":\"ListItem\",\"position\":2,\"name\":\"Tev\u00e9kenys\u00e9gek\",\"item\":\"https:\/\/www.casavio.com\/hu\/tevekenysegek-kemping\/\"},{\"@type\":\"ListItem\",\"position\":3,\"name\":\"Ker\u00e9kp\u00e1r turizmus\",\"item\":\"https:\/\/www.casavio.com\/hu\/tevekenysegek-kemping\/kerekpar-turizmus\/\"},{\"@type\":\"ListItem\",\"position\":4,\"name\":\"K\u00f6zepes-norm\u00e1l neh\u00e9zs\u00e9g\u0171 \u00fatvonalak\"}]},{\"@type\":\"WebSite\",\"@id\":\"https:\/\/www.casavio.com\/hu\/#website\",\"url\":\"https:\/\/www.casavio.com\/hu\/\",\"name\":\"Camping Ca&#039; Savio\",\"description\":\"\",\"publisher\":{\"@id\":\"https:\/\/www.casavio.com\/hu\/#organization\"},\"potentialAction\":[{\"@type\":\"SearchAction\",\"target\":{\"@type\":\"EntryPoint\",\"urlTemplate\":\"https:\/\/www.casavio.com\/hu\/?s={search_term_string}\"},\"query-input\":{\"@type\":\"PropertyValueSpecification\",\"valueRequired\":true,\"valueName\":\"search_term_string\"}}],\"inLanguage\":\"hu\"},{\"@type\":\"Organization\",\"@id\":\"https:\/\/www.casavio.com\/hu\/#organization\",\"name\":\"Camping Ca'Savio\",\"url\":\"https:\/\/www.casavio.com\/hu\/\",\"logo\":{\"@type\":\"ImageObject\",\"inLanguage\":\"hu\",\"@id\":\"https:\/\/www.casavio.com\/hu\/#\/schema\/logo\/image\/\",\"url\":\"https:\/\/www.casavio.com\/wp-content\/uploads\/2024\/04\/favicon.png\",\"contentUrl\":\"https:\/\/www.casavio.com\/wp-content\/uploads\/2024\/04\/favicon.png\",\"width\":144,\"height\":144,\"caption\":\"Camping Ca'Savio\"},\"image\":{\"@id\":\"https:\/\/www.casavio.com\/hu\/#\/schema\/logo\/image\/\"},\"sameAs\":[\"https:\/\/www.facebook.com\/campingcasavio\",\"https:\/\/www.instagram.com\/campingcasavio\",\"https:\/\/www.youtube.com\/user\/campingcasavio\"]}]}<\/script>\n<!-- \/ Yoast SEO plugin. -->","yoast_head_json":{"title":"Alacsony-k\u00f6zepes neh\u00e9zs\u00e9g\u0171 \u00fatvonalak az eg\u00e9sz csal\u00e1d sz\u00e1m\u00e1ra &#8211; Camping Ca&#039; Savio","description":"A Ca 'Savio kemping sz\u00e1mos \u00fatvonalat k\u00edn\u00e1l k\u00f6z\u00e9p-\u00e9s kis neh\u00e9zs\u00e9gekkel rendelkez\u0151 ker\u00e9kp\u00e1rok sz\u00e1m\u00e1ra, alkalmas csal\u00e1dok \u00e9s gyermekek sz\u00e1m\u00e1ra a foly\u00f3k ment\u00e9n vezet\u0151 utak ment\u00e9n \u00e9s a term\u00e9szethez.","robots":{"index":"index","follow":"follow","max-snippet":"max-snippet:-1","max-image-preview":"max-image-preview:large","max-video-preview":"max-video-preview:-1"},"canonical":"https:\/\/www.casavio.com\/hu\/tevekenysegek-kemping\/kerekpar-turizmus\/kozepes-normal-nehezsegu-utvonalak\/","og_locale":"hu_HU","og_type":"article","og_title":"Alacsony-k\u00f6zepes neh\u00e9zs\u00e9g\u0171 \u00fatvonalak az eg\u00e9sz csal\u00e1d sz\u00e1m\u00e1ra &#8211; Camping Ca&#039; Savio","og_description":"A Ca 'Savio kemping sz\u00e1mos \u00fatvonalat k\u00edn\u00e1l k\u00f6z\u00e9p-\u00e9s kis neh\u00e9zs\u00e9gekkel rendelkez\u0151 ker\u00e9kp\u00e1rok sz\u00e1m\u00e1ra, alkalmas csal\u00e1dok \u00e9s gyermekek sz\u00e1m\u00e1ra a foly\u00f3k ment\u00e9n vezet\u0151 utak ment\u00e9n \u00e9s a term\u00e9szethez.","og_url":"https:\/\/www.casavio.com\/hu\/tevekenysegek-kemping\/kerekpar-turizmus\/kozepes-normal-nehezsegu-utvonalak\/","og_site_name":"Camping Ca&#039; Savio","article_publisher":"https:\/\/www.facebook.com\/campingcasavio","article_modified_time":"2026-01-21T10:45:06+00:00","og_image":[{"width":440,"height":600,"url":"https:\/\/www.casavio.com\/wp-content\/uploads\/2024\/10\/cicloturismo_cavallino.jpg","type":"image\/jpeg"}],"twitter_card":"summary_large_image","twitter_misc":{"Becs\u00fclt olvas\u00e1si id\u0151":"1 perc"},"schema":{"@context":"https:\/\/schema.org","@graph":[{"@type":"WebPage","@id":"https:\/\/www.casavio.com\/hu\/tevekenysegek-kemping\/kerekpar-turizmus\/kozepes-normal-nehezsegu-utvonalak\/","url":"https:\/\/www.casavio.com\/hu\/tevekenysegek-kemping\/kerekpar-turizmus\/kozepes-normal-nehezsegu-utvonalak\/","name":"Alacsony-k\u00f6zepes neh\u00e9zs\u00e9g\u0171 \u00fatvonalak az eg\u00e9sz csal\u00e1d sz\u00e1m\u00e1ra &#8211; Camping Ca&#039; Savio","isPartOf":{"@id":"https:\/\/www.casavio.com\/hu\/#website"},"primaryImageOfPage":{"@id":"https:\/\/www.casavio.com\/hu\/tevekenysegek-kemping\/kerekpar-turizmus\/kozepes-normal-nehezsegu-utvonalak\/#primaryimage"},"image":{"@id":"https:\/\/www.casavio.com\/hu\/tevekenysegek-kemping\/kerekpar-turizmus\/kozepes-normal-nehezsegu-utvonalak\/#primaryimage"},"thumbnailUrl":"https:\/\/www.casavio.com\/wp-content\/uploads\/2024\/10\/cicloturismo_cavallino.jpg","datePublished":"2019-11-07T10:14:36+00:00","dateModified":"2026-01-21T10:45:06+00:00","description":"A Ca 'Savio kemping sz\u00e1mos \u00fatvonalat k\u00edn\u00e1l k\u00f6z\u00e9p-\u00e9s kis neh\u00e9zs\u00e9gekkel rendelkez\u0151 ker\u00e9kp\u00e1rok sz\u00e1m\u00e1ra, alkalmas csal\u00e1dok \u00e9s gyermekek sz\u00e1m\u00e1ra a foly\u00f3k ment\u00e9n vezet\u0151 utak ment\u00e9n \u00e9s a term\u00e9szethez.","breadcrumb":{"@id":"https:\/\/www.casavio.com\/hu\/tevekenysegek-kemping\/kerekpar-turizmus\/kozepes-normal-nehezsegu-utvonalak\/#breadcrumb"},"inLanguage":"hu","potentialAction":[{"@type":"ReadAction","target":["https:\/\/www.casavio.com\/hu\/tevekenysegek-kemping\/kerekpar-turizmus\/kozepes-normal-nehezsegu-utvonalak\/"]}]},{"@type":"ImageObject","inLanguage":"hu","@id":"https:\/\/www.casavio.com\/hu\/tevekenysegek-kemping\/kerekpar-turizmus\/kozepes-normal-nehezsegu-utvonalak\/#primaryimage","url":"https:\/\/www.casavio.com\/wp-content\/uploads\/2024\/10\/cicloturismo_cavallino.jpg","contentUrl":"https:\/\/www.casavio.com\/wp-content\/uploads\/2024\/10\/cicloturismo_cavallino.jpg","width":440,"height":600},{"@type":"BreadcrumbList","@id":"https:\/\/www.casavio.com\/hu\/tevekenysegek-kemping\/kerekpar-turizmus\/kozepes-normal-nehezsegu-utvonalak\/#breadcrumb","itemListElement":[{"@type":"ListItem","position":1,"name":"Home","item":"https:\/\/www.casavio.com\/hu\/"},{"@type":"ListItem","position":2,"name":"Tev\u00e9kenys\u00e9gek","item":"https:\/\/www.casavio.com\/hu\/tevekenysegek-kemping\/"},{"@type":"ListItem","position":3,"name":"Ker\u00e9kp\u00e1r turizmus","item":"https:\/\/www.casavio.com\/hu\/tevekenysegek-kemping\/kerekpar-turizmus\/"},{"@type":"ListItem","position":4,"name":"K\u00f6zepes-norm\u00e1l neh\u00e9zs\u00e9g\u0171 \u00fatvonalak"}]},{"@type":"WebSite","@id":"https:\/\/www.casavio.com\/hu\/#website","url":"https:\/\/www.casavio.com\/hu\/","name":"Camping Ca&#039; Savio","description":"","publisher":{"@id":"https:\/\/www.casavio.com\/hu\/#organization"},"potentialAction":[{"@type":"SearchAction","target":{"@type":"EntryPoint","urlTemplate":"https:\/\/www.casavio.com\/hu\/?s={search_term_string}"},"query-input":{"@type":"PropertyValueSpecification","valueRequired":true,"valueName":"search_term_string"}}],"inLanguage":"hu"},{"@type":"Organization","@id":"https:\/\/www.casavio.com\/hu\/#organization","name":"Camping Ca'Savio","url":"https:\/\/www.casavio.com\/hu\/","logo":{"@type":"ImageObject","inLanguage":"hu","@id":"https:\/\/www.casavio.com\/hu\/#\/schema\/logo\/image\/","url":"https:\/\/www.casavio.com\/wp-content\/uploads\/2024\/04\/favicon.png","contentUrl":"https:\/\/www.casavio.com\/wp-content\/uploads\/2024\/04\/favicon.png","width":144,"height":144,"caption":"Camping Ca'Savio"},"image":{"@id":"https:\/\/www.casavio.com\/hu\/#\/schema\/logo\/image\/"},"sameAs":["https:\/\/www.facebook.com\/campingcasavio","https:\/\/www.instagram.com\/campingcasavio","https:\/\/www.youtube.com\/user\/campingcasavio"]}]}},"_links":{"self":[{"href":"https:\/\/www.casavio.com\/hu\/wp-json\/wp\/v2\/pages\/10895","targetHints":{"allow":["GET"]}}],"collection":[{"href":"https:\/\/www.casavio.com\/hu\/wp-json\/wp\/v2\/pages"}],"about":[{"href":"https:\/\/www.casavio.com\/hu\/wp-json\/wp\/v2\/types\/page"}],"author":[{"embeddable":true,"href":"https:\/\/www.casavio.com\/hu\/wp-json\/wp\/v2\/users\/3"}],"replies":[{"embeddable":true,"href":"https:\/\/www.casavio.com\/hu\/wp-json\/wp\/v2\/comments?post=10895"}],"version-history":[{"count":2,"href":"https:\/\/www.casavio.com\/hu\/wp-json\/wp\/v2\/pages\/10895\/revisions"}],"predecessor-version":[{"id":45580,"href":"https:\/\/www.casavio.com\/hu\/wp-json\/wp\/v2\/pages\/10895\/revisions\/45580"}],"up":[{"embeddable":true,"href":"https:\/\/www.casavio.com\/hu\/wp-json\/wp\/v2\/pages\/10888"}],"wp:featuredmedia":[{"embeddable":true,"href":"https:\/\/www.casavio.com\/hu\/wp-json\/wp\/v2\/media\/36120"}],"wp:attachment":[{"href":"https:\/\/www.casavio.com\/hu\/wp-json\/wp\/v2\/media?parent=10895"}],"curies":[{"name":"wp","href":"https:\/\/api.w.org\/{rel}","templated":true}]}}