{"id":10904,"date":"2019-11-07T11:17:29","date_gmt":"2019-11-07T10:17:29","guid":{"rendered":"https:\/\/www.casavio.com\/a-kornyek\/cavallino-e-laguna\/"},"modified":"2020-05-05T12:08:30","modified_gmt":"2020-05-05T10:08:30","slug":"cavallino-treporti-es-a-laguna","status":"publish","type":"page","link":"https:\/\/www.casavio.com\/hu\/a-kornyek\/cavallino-treporti-es-a-laguna\/","title":{"rendered":"Cavallino Treporti \u00e9s a lag\u00fana"},"content":{"rendered":"<p>Egy v\u00e9kony f\u00f6ldnyelv a tenger \u00e9s a lag\u00fana k\u00f6z\u00f6tt, melynek k\u00fcl\u00f6nlegess\u00e9ge felfedez\u00e9sre v\u00e1r. Adunk n\u00e9h\u00e1ny \u00fatmutat\u00e1st ennek a rendk\u00edv\u00fcl k\u00fcl\u00f6nleges ter\u00fcletnek a felfedez\u00e9s\u00e9hez, a leg\u0151sibb hagyom\u00e1nyokt\u00f3l az annyira kedvelt Beach on Fire el\u0151ad\u00e1sig.<\/p>\n","protected":false},"excerpt":{"rendered":"<p>Tipikus vid\u00e9ki falvak \u00e9s lag\u00fan\u00e1val \u00f6vezett t\u00e1jk\u00e9p, hagyom\u00e1nyos helyi term\u00e9kek \u00e9s \u00e9telek.<\/p>\n","protected":false},"author":3,"featured_media":4442,"parent":10901,"menu_order":78,"comment_status":"closed","ping_status":"closed","template":"templates\/tpl-children-with-intro.php","meta":{"_acf_changed":false},"class_list":["post-10904","page","type-page","status-publish","has-post-thumbnail","hentry"],"acf":[],"yoast_head":"<!-- This site is optimized with the Yoast SEO plugin v25.3 - https:\/\/yoast.com\/wordpress\/plugins\/seo\/ -->\n<title>L\u00e1togasd meg Cavallino Treporti-t. \u00datvonalak, \u00e9rdekess\u00e9gek \u00e9s t\u00f6rt\u00e9nelem &#8211; Camping Ca&#039; Savio<\/title>\n<meta name=\"description\" content=\"A Cavallino Treporti kult\u00fara, t\u00f6rt\u00e9nelem, hagyom\u00e1ny is. Kir\u00e1ndul\u00e1sok \u00e9s l\u00e1togat\u00e1sok az \u00fcd\u00fcl\u0151hely ismereteihez. K\u00e9rjen inform\u00e1ci\u00f3t a recepci\u00f3n.\" \/>\n<meta name=\"robots\" content=\"index, follow, max-snippet:-1, max-image-preview:large, max-video-preview:-1\" \/>\n<link rel=\"canonical\" href=\"https:\/\/www.casavio.com\/hu\/a-kornyek\/cavallino-treporti-es-a-laguna\/\" \/>\n<meta property=\"og:locale\" content=\"hu_HU\" \/>\n<meta property=\"og:type\" content=\"article\" \/>\n<meta property=\"og:title\" content=\"L\u00e1togasd meg Cavallino Treporti-t. \u00datvonalak, \u00e9rdekess\u00e9gek \u00e9s t\u00f6rt\u00e9nelem &#8211; Camping Ca&#039; Savio\" \/>\n<meta property=\"og:description\" content=\"A Cavallino Treporti kult\u00fara, t\u00f6rt\u00e9nelem, hagyom\u00e1ny is. Kir\u00e1ndul\u00e1sok \u00e9s l\u00e1togat\u00e1sok az \u00fcd\u00fcl\u0151hely ismereteihez. K\u00e9rjen inform\u00e1ci\u00f3t a recepci\u00f3n.\" \/>\n<meta property=\"og:url\" content=\"https:\/\/www.casavio.com\/hu\/a-kornyek\/cavallino-treporti-es-a-laguna\/\" \/>\n<meta property=\"og:site_name\" content=\"Camping Ca&#039; Savio\" \/>\n<meta property=\"article:publisher\" content=\"https:\/\/www.facebook.com\/campingcasavio\" \/>\n<meta property=\"article:modified_time\" content=\"2020-05-05T10:08:30+00:00\" \/>\n<meta property=\"og:image\" content=\"https:\/\/www.casavio.com\/wp-content\/uploads\/2019\/11\/ca-savio-territorio-cavallino.jpg\" \/>\n\t<meta property=\"og:image:width\" content=\"440\" \/>\n\t<meta property=\"og:image:height\" content=\"600\" \/>\n\t<meta property=\"og:image:type\" content=\"image\/jpeg\" \/>\n<meta name=\"twitter:card\" content=\"summary_large_image\" \/>\n<script type=\"application\/ld+json\" class=\"yoast-schema-graph\">{\"@context\":\"https:\/\/schema.org\",\"@graph\":[{\"@type\":\"WebPage\",\"@id\":\"https:\/\/www.casavio.com\/hu\/a-kornyek\/cavallino-treporti-es-a-laguna\/\",\"url\":\"https:\/\/www.casavio.com\/hu\/a-kornyek\/cavallino-treporti-es-a-laguna\/\",\"name\":\"L\u00e1togasd meg Cavallino Treporti-t. \u00datvonalak, \u00e9rdekess\u00e9gek \u00e9s t\u00f6rt\u00e9nelem &#8211; Camping Ca&#039; Savio\",\"isPartOf\":{\"@id\":\"https:\/\/www.casavio.com\/hu\/#website\"},\"primaryImageOfPage\":{\"@id\":\"https:\/\/www.casavio.com\/hu\/a-kornyek\/cavallino-treporti-es-a-laguna\/#primaryimage\"},\"image\":{\"@id\":\"https:\/\/www.casavio.com\/hu\/a-kornyek\/cavallino-treporti-es-a-laguna\/#primaryimage\"},\"thumbnailUrl\":\"https:\/\/www.casavio.com\/wp-content\/uploads\/2019\/11\/ca-savio-territorio-cavallino.jpg\",\"datePublished\":\"2019-11-07T10:17:29+00:00\",\"dateModified\":\"2020-05-05T10:08:30+00:00\",\"description\":\"A Cavallino Treporti kult\u00fara, t\u00f6rt\u00e9nelem, hagyom\u00e1ny is. Kir\u00e1ndul\u00e1sok \u00e9s l\u00e1togat\u00e1sok az \u00fcd\u00fcl\u0151hely ismereteihez. K\u00e9rjen inform\u00e1ci\u00f3t a recepci\u00f3n.\",\"breadcrumb\":{\"@id\":\"https:\/\/www.casavio.com\/hu\/a-kornyek\/cavallino-treporti-es-a-laguna\/#breadcrumb\"},\"inLanguage\":\"hu\",\"potentialAction\":[{\"@type\":\"ReadAction\",\"target\":[\"https:\/\/www.casavio.com\/hu\/a-kornyek\/cavallino-treporti-es-a-laguna\/\"]}]},{\"@type\":\"ImageObject\",\"inLanguage\":\"hu\",\"@id\":\"https:\/\/www.casavio.com\/hu\/a-kornyek\/cavallino-treporti-es-a-laguna\/#primaryimage\",\"url\":\"https:\/\/www.casavio.com\/wp-content\/uploads\/2019\/11\/ca-savio-territorio-cavallino.jpg\",\"contentUrl\":\"https:\/\/www.casavio.com\/wp-content\/uploads\/2019\/11\/ca-savio-territorio-cavallino.jpg\",\"width\":440,\"height\":600},{\"@type\":\"BreadcrumbList\",\"@id\":\"https:\/\/www.casavio.com\/hu\/a-kornyek\/cavallino-treporti-es-a-laguna\/#breadcrumb\",\"itemListElement\":[{\"@type\":\"ListItem\",\"position\":1,\"name\":\"Home\",\"item\":\"https:\/\/www.casavio.com\/hu\/\"},{\"@type\":\"ListItem\",\"position\":2,\"name\":\"A k\u00f6rny\u00e9k\",\"item\":\"https:\/\/www.casavio.com\/hu\/a-kornyek\/\"},{\"@type\":\"ListItem\",\"position\":3,\"name\":\"Cavallino Treporti \u00e9s a lag\u00fana\"}]},{\"@type\":\"WebSite\",\"@id\":\"https:\/\/www.casavio.com\/hu\/#website\",\"url\":\"https:\/\/www.casavio.com\/hu\/\",\"name\":\"Camping Ca&#039; Savio\",\"description\":\"\",\"publisher\":{\"@id\":\"https:\/\/www.casavio.com\/hu\/#organization\"},\"potentialAction\":[{\"@type\":\"SearchAction\",\"target\":{\"@type\":\"EntryPoint\",\"urlTemplate\":\"https:\/\/www.casavio.com\/hu\/?s={search_term_string}\"},\"query-input\":{\"@type\":\"PropertyValueSpecification\",\"valueRequired\":true,\"valueName\":\"search_term_string\"}}],\"inLanguage\":\"hu\"},{\"@type\":\"Organization\",\"@id\":\"https:\/\/www.casavio.com\/hu\/#organization\",\"name\":\"Camping Ca'Savio\",\"url\":\"https:\/\/www.casavio.com\/hu\/\",\"logo\":{\"@type\":\"ImageObject\",\"inLanguage\":\"hu\",\"@id\":\"https:\/\/www.casavio.com\/hu\/#\/schema\/logo\/image\/\",\"url\":\"https:\/\/www.casavio.com\/wp-content\/uploads\/2024\/04\/favicon.png\",\"contentUrl\":\"https:\/\/www.casavio.com\/wp-content\/uploads\/2024\/04\/favicon.png\",\"width\":144,\"height\":144,\"caption\":\"Camping Ca'Savio\"},\"image\":{\"@id\":\"https:\/\/www.casavio.com\/hu\/#\/schema\/logo\/image\/\"},\"sameAs\":[\"https:\/\/www.facebook.com\/campingcasavio\",\"https:\/\/www.instagram.com\/campingcasavio\",\"https:\/\/www.youtube.com\/user\/campingcasavio\"]}]}<\/script>\n<!-- \/ Yoast SEO plugin. -->","yoast_head_json":{"title":"L\u00e1togasd meg Cavallino Treporti-t. \u00datvonalak, \u00e9rdekess\u00e9gek \u00e9s t\u00f6rt\u00e9nelem &#8211; Camping Ca&#039; Savio","description":"A Cavallino Treporti kult\u00fara, t\u00f6rt\u00e9nelem, hagyom\u00e1ny is. Kir\u00e1ndul\u00e1sok \u00e9s l\u00e1togat\u00e1sok az \u00fcd\u00fcl\u0151hely ismereteihez. K\u00e9rjen inform\u00e1ci\u00f3t a recepci\u00f3n.","robots":{"index":"index","follow":"follow","max-snippet":"max-snippet:-1","max-image-preview":"max-image-preview:large","max-video-preview":"max-video-preview:-1"},"canonical":"https:\/\/www.casavio.com\/hu\/a-kornyek\/cavallino-treporti-es-a-laguna\/","og_locale":"hu_HU","og_type":"article","og_title":"L\u00e1togasd meg Cavallino Treporti-t. \u00datvonalak, \u00e9rdekess\u00e9gek \u00e9s t\u00f6rt\u00e9nelem &#8211; Camping Ca&#039; Savio","og_description":"A Cavallino Treporti kult\u00fara, t\u00f6rt\u00e9nelem, hagyom\u00e1ny is. Kir\u00e1ndul\u00e1sok \u00e9s l\u00e1togat\u00e1sok az \u00fcd\u00fcl\u0151hely ismereteihez. K\u00e9rjen inform\u00e1ci\u00f3t a recepci\u00f3n.","og_url":"https:\/\/www.casavio.com\/hu\/a-kornyek\/cavallino-treporti-es-a-laguna\/","og_site_name":"Camping Ca&#039; Savio","article_publisher":"https:\/\/www.facebook.com\/campingcasavio","article_modified_time":"2020-05-05T10:08:30+00:00","og_image":[{"width":440,"height":600,"url":"https:\/\/www.casavio.com\/wp-content\/uploads\/2019\/11\/ca-savio-territorio-cavallino.jpg","type":"image\/jpeg"}],"twitter_card":"summary_large_image","schema":{"@context":"https:\/\/schema.org","@graph":[{"@type":"WebPage","@id":"https:\/\/www.casavio.com\/hu\/a-kornyek\/cavallino-treporti-es-a-laguna\/","url":"https:\/\/www.casavio.com\/hu\/a-kornyek\/cavallino-treporti-es-a-laguna\/","name":"L\u00e1togasd meg Cavallino Treporti-t. \u00datvonalak, \u00e9rdekess\u00e9gek \u00e9s t\u00f6rt\u00e9nelem &#8211; Camping Ca&#039; Savio","isPartOf":{"@id":"https:\/\/www.casavio.com\/hu\/#website"},"primaryImageOfPage":{"@id":"https:\/\/www.casavio.com\/hu\/a-kornyek\/cavallino-treporti-es-a-laguna\/#primaryimage"},"image":{"@id":"https:\/\/www.casavio.com\/hu\/a-kornyek\/cavallino-treporti-es-a-laguna\/#primaryimage"},"thumbnailUrl":"https:\/\/www.casavio.com\/wp-content\/uploads\/2019\/11\/ca-savio-territorio-cavallino.jpg","datePublished":"2019-11-07T10:17:29+00:00","dateModified":"2020-05-05T10:08:30+00:00","description":"A Cavallino Treporti kult\u00fara, t\u00f6rt\u00e9nelem, hagyom\u00e1ny is. Kir\u00e1ndul\u00e1sok \u00e9s l\u00e1togat\u00e1sok az \u00fcd\u00fcl\u0151hely ismereteihez. K\u00e9rjen inform\u00e1ci\u00f3t a recepci\u00f3n.","breadcrumb":{"@id":"https:\/\/www.casavio.com\/hu\/a-kornyek\/cavallino-treporti-es-a-laguna\/#breadcrumb"},"inLanguage":"hu","potentialAction":[{"@type":"ReadAction","target":["https:\/\/www.casavio.com\/hu\/a-kornyek\/cavallino-treporti-es-a-laguna\/"]}]},{"@type":"ImageObject","inLanguage":"hu","@id":"https:\/\/www.casavio.com\/hu\/a-kornyek\/cavallino-treporti-es-a-laguna\/#primaryimage","url":"https:\/\/www.casavio.com\/wp-content\/uploads\/2019\/11\/ca-savio-territorio-cavallino.jpg","contentUrl":"https:\/\/www.casavio.com\/wp-content\/uploads\/2019\/11\/ca-savio-territorio-cavallino.jpg","width":440,"height":600},{"@type":"BreadcrumbList","@id":"https:\/\/www.casavio.com\/hu\/a-kornyek\/cavallino-treporti-es-a-laguna\/#breadcrumb","itemListElement":[{"@type":"ListItem","position":1,"name":"Home","item":"https:\/\/www.casavio.com\/hu\/"},{"@type":"ListItem","position":2,"name":"A k\u00f6rny\u00e9k","item":"https:\/\/www.casavio.com\/hu\/a-kornyek\/"},{"@type":"ListItem","position":3,"name":"Cavallino Treporti \u00e9s a lag\u00fana"}]},{"@type":"WebSite","@id":"https:\/\/www.casavio.com\/hu\/#website","url":"https:\/\/www.casavio.com\/hu\/","name":"Camping Ca&#039; Savio","description":"","publisher":{"@id":"https:\/\/www.casavio.com\/hu\/#organization"},"potentialAction":[{"@type":"SearchAction","target":{"@type":"EntryPoint","urlTemplate":"https:\/\/www.casavio.com\/hu\/?s={search_term_string}"},"query-input":{"@type":"PropertyValueSpecification","valueRequired":true,"valueName":"search_term_string"}}],"inLanguage":"hu"},{"@type":"Organization","@id":"https:\/\/www.casavio.com\/hu\/#organization","name":"Camping Ca'Savio","url":"https:\/\/www.casavio.com\/hu\/","logo":{"@type":"ImageObject","inLanguage":"hu","@id":"https:\/\/www.casavio.com\/hu\/#\/schema\/logo\/image\/","url":"https:\/\/www.casavio.com\/wp-content\/uploads\/2024\/04\/favicon.png","contentUrl":"https:\/\/www.casavio.com\/wp-content\/uploads\/2024\/04\/favicon.png","width":144,"height":144,"caption":"Camping Ca'Savio"},"image":{"@id":"https:\/\/www.casavio.com\/hu\/#\/schema\/logo\/image\/"},"sameAs":["https:\/\/www.facebook.com\/campingcasavio","https:\/\/www.instagram.com\/campingcasavio","https:\/\/www.youtube.com\/user\/campingcasavio"]}]}},"_links":{"self":[{"href":"https:\/\/www.casavio.com\/hu\/wp-json\/wp\/v2\/pages\/10904","targetHints":{"allow":["GET"]}}],"collection":[{"href":"https:\/\/www.casavio.com\/hu\/wp-json\/wp\/v2\/pages"}],"about":[{"href":"https:\/\/www.casavio.com\/hu\/wp-json\/wp\/v2\/types\/page"}],"author":[{"embeddable":true,"href":"https:\/\/www.casavio.com\/hu\/wp-json\/wp\/v2\/users\/3"}],"replies":[{"embeddable":true,"href":"https:\/\/www.casavio.com\/hu\/wp-json\/wp\/v2\/comments?post=10904"}],"version-history":[{"count":2,"href":"https:\/\/www.casavio.com\/hu\/wp-json\/wp\/v2\/pages\/10904\/revisions"}],"predecessor-version":[{"id":10906,"href":"https:\/\/www.casavio.com\/hu\/wp-json\/wp\/v2\/pages\/10904\/revisions\/10906"}],"up":[{"embeddable":true,"href":"https:\/\/www.casavio.com\/hu\/wp-json\/wp\/v2\/pages\/10901"}],"wp:featuredmedia":[{"embeddable":true,"href":"https:\/\/www.casavio.com\/hu\/wp-json\/wp\/v2\/media\/4442"}],"wp:attachment":[{"href":"https:\/\/www.casavio.com\/hu\/wp-json\/wp\/v2\/media?parent=10904"}],"curies":[{"name":"wp","href":"https:\/\/api.w.org\/{rel}","templated":true}]}}