{"id":10913,"date":"2019-11-26T12:06:38","date_gmt":"2019-11-26T11:06:38","guid":{"rendered":"https:\/\/www.casavio.com\/a-kornyek\/cavallino-treporti-es-a-laguna\/mercati-settimanali-a-cavallino-treporti\/"},"modified":"2025-12-12T10:24:37","modified_gmt":"2025-12-12T09:24:37","slug":"heti-piacok-cavallino-treporti-ban","status":"publish","type":"page","link":"https:\/\/www.casavio.com\/hu\/a-kornyek\/cavallino-treporti-es-a-laguna\/heti-piacok-cavallino-treporti-ban\/","title":{"rendered":"Heti piacok Cavallino-Treporti-ban"},"content":{"rendered":"<p>A helyi \u00e9let autentikus hangulat\u00e1ba mer\u00fclve, <strong>Cavallino Treporti heti piacai<\/strong> kihagyhatatlan \u00e1llom\u00e1st jelentenek azok sz\u00e1m\u00e1ra, akik szeretn\u00e9k felfedezni ennek a var\u00e1zslatos tengerparti ter\u00fcletnek a hagyom\u00e1nyait \u00e9s \u00edzeit.<\/p>\n<p>A <strong>k\u00f6rny\u00e9k h\u00e1rom f\u0151 piaca<\/strong>, amelyet mind a helyiek, mind a szok\u00e1s ir\u00e1nt \u00e9rdekl\u0151d\u0151 turist\u00e1k l\u00e1togatnak, <strong>Cavallino, Treporti \u00e9s Ca&#8217;Savio<\/strong> telep\u00fcl\u00e9seken tal\u00e1lhat\u00f3, mindegyik a maga saj\u00e1toss\u00e1g\u00e1val \u00e9s jellegzetes term\u00e9keivel.<\/p>\n<p>Mindh\u00e1rom ter\u00fclet <strong>busszal vagy ker\u00e9kp\u00e1rral is megk\u00f6zel\u00edthet\u0151<\/strong>, a Via Fausta ker\u00e9kp\u00e1r\u00faton Cavallinoig, vagy a Via Treportina ker\u00e9kp\u00e1r\u00faton Treporti k\u00f6zpontj\u00e1ig, majd tov\u00e1bb a Ricevitoria kik\u00f6t\u0151ig, ahonnan csod\u00e1latos kil\u00e1t\u00e1s ny\u00edlik a lag\u00fan\u00e1ra.<\/p>\n","protected":false},"excerpt":{"rendered":"<p>Minden praktikus inform\u00e1ci\u00f3 a kemping k\u00f6rny\u00e9k\u00e9n t\u00f6rt\u00e9n\u0151 v\u00e1s\u00e1rl\u00e1shoz.<\/p>\n","protected":false},"author":4,"featured_media":4561,"parent":10904,"menu_order":0,"comment_status":"closed","ping_status":"closed","template":"","meta":{"_acf_changed":false},"class_list":["post-10913","page","type-page","status-publish","has-post-thumbnail","hentry"],"acf":[],"yoast_head":"<!-- This site is optimized with the Yoast SEO plugin v25.3 - https:\/\/yoast.com\/wordpress\/plugins\/seo\/ -->\n<title>Heti piacok Cavallino-Treporti-ban &#8211; Camping Ca&#039; Savio<\/title>\n<meta name=\"description\" content=\"Fedezze fel Cavallino-Treporti piac\u00e1t, hogy megismerje a hagyom\u00e1nyokat \u00e9s megk\u00f3stolja a helyi \u00edzeket. Itt megtal\u00e1lja a h\u00e1rom heti piac nyitvatart\u00e1si idej\u00e9t, inform\u00e1ci\u00f3kat \u00e9s helysz\u00edneit!\" \/>\n<meta name=\"robots\" content=\"index, follow, max-snippet:-1, max-image-preview:large, max-video-preview:-1\" \/>\n<link rel=\"canonical\" href=\"https:\/\/www.casavio.com\/hu\/a-kornyek\/cavallino-treporti-es-a-laguna\/heti-piacok-cavallino-treporti-ban\/\" \/>\n<meta property=\"og:locale\" content=\"hu_HU\" \/>\n<meta property=\"og:type\" content=\"article\" \/>\n<meta property=\"og:title\" content=\"Heti piacok Cavallino-Treporti-ban &#8211; Camping Ca&#039; Savio\" \/>\n<meta property=\"og:description\" content=\"Fedezze fel Cavallino-Treporti piac\u00e1t, hogy megismerje a hagyom\u00e1nyokat \u00e9s megk\u00f3stolja a helyi \u00edzeket. Itt megtal\u00e1lja a h\u00e1rom heti piac nyitvatart\u00e1si idej\u00e9t, inform\u00e1ci\u00f3kat \u00e9s helysz\u00edneit!\" \/>\n<meta property=\"og:url\" content=\"https:\/\/www.casavio.com\/hu\/a-kornyek\/cavallino-treporti-es-a-laguna\/heti-piacok-cavallino-treporti-ban\/\" \/>\n<meta property=\"og:site_name\" content=\"Camping Ca&#039; Savio\" \/>\n<meta property=\"article:publisher\" content=\"https:\/\/www.facebook.com\/campingcasavio\" \/>\n<meta property=\"article:modified_time\" content=\"2025-12-12T09:24:37+00:00\" \/>\n<meta property=\"og:image\" content=\"https:\/\/www.casavio.com\/wp-content\/uploads\/2019\/11\/ca-savio-cavallino-treporti-shopping-box-1.jpg\" \/>\n\t<meta property=\"og:image:width\" content=\"440\" \/>\n\t<meta property=\"og:image:height\" content=\"600\" \/>\n\t<meta property=\"og:image:type\" content=\"image\/jpeg\" \/>\n<meta name=\"twitter:card\" content=\"summary_large_image\" \/>\n<meta name=\"twitter:label1\" content=\"Becs\u00fclt olvas\u00e1si id\u0151\" \/>\n\t<meta name=\"twitter:data1\" content=\"1 perc\" \/>\n<script type=\"application\/ld+json\" class=\"yoast-schema-graph\">{\"@context\":\"https:\/\/schema.org\",\"@graph\":[{\"@type\":\"WebPage\",\"@id\":\"https:\/\/www.casavio.com\/hu\/a-kornyek\/cavallino-treporti-es-a-laguna\/heti-piacok-cavallino-treporti-ban\/\",\"url\":\"https:\/\/www.casavio.com\/hu\/a-kornyek\/cavallino-treporti-es-a-laguna\/heti-piacok-cavallino-treporti-ban\/\",\"name\":\"Heti piacok Cavallino-Treporti-ban &#8211; Camping Ca&#039; Savio\",\"isPartOf\":{\"@id\":\"https:\/\/www.casavio.com\/hu\/#website\"},\"primaryImageOfPage\":{\"@id\":\"https:\/\/www.casavio.com\/hu\/a-kornyek\/cavallino-treporti-es-a-laguna\/heti-piacok-cavallino-treporti-ban\/#primaryimage\"},\"image\":{\"@id\":\"https:\/\/www.casavio.com\/hu\/a-kornyek\/cavallino-treporti-es-a-laguna\/heti-piacok-cavallino-treporti-ban\/#primaryimage\"},\"thumbnailUrl\":\"https:\/\/www.casavio.com\/wp-content\/uploads\/2019\/11\/ca-savio-cavallino-treporti-shopping-box-1.jpg\",\"datePublished\":\"2019-11-26T11:06:38+00:00\",\"dateModified\":\"2025-12-12T09:24:37+00:00\",\"description\":\"Fedezze fel Cavallino-Treporti piac\u00e1t, hogy megismerje a hagyom\u00e1nyokat \u00e9s megk\u00f3stolja a helyi \u00edzeket. Itt megtal\u00e1lja a h\u00e1rom heti piac nyitvatart\u00e1si idej\u00e9t, inform\u00e1ci\u00f3kat \u00e9s helysz\u00edneit!\",\"breadcrumb\":{\"@id\":\"https:\/\/www.casavio.com\/hu\/a-kornyek\/cavallino-treporti-es-a-laguna\/heti-piacok-cavallino-treporti-ban\/#breadcrumb\"},\"inLanguage\":\"hu\",\"potentialAction\":[{\"@type\":\"ReadAction\",\"target\":[\"https:\/\/www.casavio.com\/hu\/a-kornyek\/cavallino-treporti-es-a-laguna\/heti-piacok-cavallino-treporti-ban\/\"]}]},{\"@type\":\"ImageObject\",\"inLanguage\":\"hu\",\"@id\":\"https:\/\/www.casavio.com\/hu\/a-kornyek\/cavallino-treporti-es-a-laguna\/heti-piacok-cavallino-treporti-ban\/#primaryimage\",\"url\":\"https:\/\/www.casavio.com\/wp-content\/uploads\/2019\/11\/ca-savio-cavallino-treporti-shopping-box-1.jpg\",\"contentUrl\":\"https:\/\/www.casavio.com\/wp-content\/uploads\/2019\/11\/ca-savio-cavallino-treporti-shopping-box-1.jpg\",\"width\":440,\"height\":600},{\"@type\":\"BreadcrumbList\",\"@id\":\"https:\/\/www.casavio.com\/hu\/a-kornyek\/cavallino-treporti-es-a-laguna\/heti-piacok-cavallino-treporti-ban\/#breadcrumb\",\"itemListElement\":[{\"@type\":\"ListItem\",\"position\":1,\"name\":\"Home\",\"item\":\"https:\/\/www.casavio.com\/hu\/\"},{\"@type\":\"ListItem\",\"position\":2,\"name\":\"A k\u00f6rny\u00e9k\",\"item\":\"https:\/\/www.casavio.com\/hu\/a-kornyek\/\"},{\"@type\":\"ListItem\",\"position\":3,\"name\":\"Cavallino Treporti \u00e9s a lag\u00fana\",\"item\":\"https:\/\/www.casavio.com\/hu\/a-kornyek\/cavallino-treporti-es-a-laguna\/\"},{\"@type\":\"ListItem\",\"position\":4,\"name\":\"Heti piacok Cavallino-Treporti-ban\"}]},{\"@type\":\"WebSite\",\"@id\":\"https:\/\/www.casavio.com\/hu\/#website\",\"url\":\"https:\/\/www.casavio.com\/hu\/\",\"name\":\"Camping Ca&#039; Savio\",\"description\":\"\",\"publisher\":{\"@id\":\"https:\/\/www.casavio.com\/hu\/#organization\"},\"potentialAction\":[{\"@type\":\"SearchAction\",\"target\":{\"@type\":\"EntryPoint\",\"urlTemplate\":\"https:\/\/www.casavio.com\/hu\/?s={search_term_string}\"},\"query-input\":{\"@type\":\"PropertyValueSpecification\",\"valueRequired\":true,\"valueName\":\"search_term_string\"}}],\"inLanguage\":\"hu\"},{\"@type\":\"Organization\",\"@id\":\"https:\/\/www.casavio.com\/hu\/#organization\",\"name\":\"Camping Ca'Savio\",\"url\":\"https:\/\/www.casavio.com\/hu\/\",\"logo\":{\"@type\":\"ImageObject\",\"inLanguage\":\"hu\",\"@id\":\"https:\/\/www.casavio.com\/hu\/#\/schema\/logo\/image\/\",\"url\":\"https:\/\/www.casavio.com\/wp-content\/uploads\/2024\/04\/favicon.png\",\"contentUrl\":\"https:\/\/www.casavio.com\/wp-content\/uploads\/2024\/04\/favicon.png\",\"width\":144,\"height\":144,\"caption\":\"Camping Ca'Savio\"},\"image\":{\"@id\":\"https:\/\/www.casavio.com\/hu\/#\/schema\/logo\/image\/\"},\"sameAs\":[\"https:\/\/www.facebook.com\/campingcasavio\",\"https:\/\/www.instagram.com\/campingcasavio\",\"https:\/\/www.youtube.com\/user\/campingcasavio\"]}]}<\/script>\n<!-- \/ Yoast SEO plugin. -->","yoast_head_json":{"title":"Heti piacok Cavallino-Treporti-ban &#8211; Camping Ca&#039; Savio","description":"Fedezze fel Cavallino-Treporti piac\u00e1t, hogy megismerje a hagyom\u00e1nyokat \u00e9s megk\u00f3stolja a helyi \u00edzeket. Itt megtal\u00e1lja a h\u00e1rom heti piac nyitvatart\u00e1si idej\u00e9t, inform\u00e1ci\u00f3kat \u00e9s helysz\u00edneit!","robots":{"index":"index","follow":"follow","max-snippet":"max-snippet:-1","max-image-preview":"max-image-preview:large","max-video-preview":"max-video-preview:-1"},"canonical":"https:\/\/www.casavio.com\/hu\/a-kornyek\/cavallino-treporti-es-a-laguna\/heti-piacok-cavallino-treporti-ban\/","og_locale":"hu_HU","og_type":"article","og_title":"Heti piacok Cavallino-Treporti-ban &#8211; Camping Ca&#039; Savio","og_description":"Fedezze fel Cavallino-Treporti piac\u00e1t, hogy megismerje a hagyom\u00e1nyokat \u00e9s megk\u00f3stolja a helyi \u00edzeket. Itt megtal\u00e1lja a h\u00e1rom heti piac nyitvatart\u00e1si idej\u00e9t, inform\u00e1ci\u00f3kat \u00e9s helysz\u00edneit!","og_url":"https:\/\/www.casavio.com\/hu\/a-kornyek\/cavallino-treporti-es-a-laguna\/heti-piacok-cavallino-treporti-ban\/","og_site_name":"Camping Ca&#039; Savio","article_publisher":"https:\/\/www.facebook.com\/campingcasavio","article_modified_time":"2025-12-12T09:24:37+00:00","og_image":[{"width":440,"height":600,"url":"https:\/\/www.casavio.com\/wp-content\/uploads\/2019\/11\/ca-savio-cavallino-treporti-shopping-box-1.jpg","type":"image\/jpeg"}],"twitter_card":"summary_large_image","twitter_misc":{"Becs\u00fclt olvas\u00e1si id\u0151":"1 perc"},"schema":{"@context":"https:\/\/schema.org","@graph":[{"@type":"WebPage","@id":"https:\/\/www.casavio.com\/hu\/a-kornyek\/cavallino-treporti-es-a-laguna\/heti-piacok-cavallino-treporti-ban\/","url":"https:\/\/www.casavio.com\/hu\/a-kornyek\/cavallino-treporti-es-a-laguna\/heti-piacok-cavallino-treporti-ban\/","name":"Heti piacok Cavallino-Treporti-ban &#8211; Camping Ca&#039; Savio","isPartOf":{"@id":"https:\/\/www.casavio.com\/hu\/#website"},"primaryImageOfPage":{"@id":"https:\/\/www.casavio.com\/hu\/a-kornyek\/cavallino-treporti-es-a-laguna\/heti-piacok-cavallino-treporti-ban\/#primaryimage"},"image":{"@id":"https:\/\/www.casavio.com\/hu\/a-kornyek\/cavallino-treporti-es-a-laguna\/heti-piacok-cavallino-treporti-ban\/#primaryimage"},"thumbnailUrl":"https:\/\/www.casavio.com\/wp-content\/uploads\/2019\/11\/ca-savio-cavallino-treporti-shopping-box-1.jpg","datePublished":"2019-11-26T11:06:38+00:00","dateModified":"2025-12-12T09:24:37+00:00","description":"Fedezze fel Cavallino-Treporti piac\u00e1t, hogy megismerje a hagyom\u00e1nyokat \u00e9s megk\u00f3stolja a helyi \u00edzeket. Itt megtal\u00e1lja a h\u00e1rom heti piac nyitvatart\u00e1si idej\u00e9t, inform\u00e1ci\u00f3kat \u00e9s helysz\u00edneit!","breadcrumb":{"@id":"https:\/\/www.casavio.com\/hu\/a-kornyek\/cavallino-treporti-es-a-laguna\/heti-piacok-cavallino-treporti-ban\/#breadcrumb"},"inLanguage":"hu","potentialAction":[{"@type":"ReadAction","target":["https:\/\/www.casavio.com\/hu\/a-kornyek\/cavallino-treporti-es-a-laguna\/heti-piacok-cavallino-treporti-ban\/"]}]},{"@type":"ImageObject","inLanguage":"hu","@id":"https:\/\/www.casavio.com\/hu\/a-kornyek\/cavallino-treporti-es-a-laguna\/heti-piacok-cavallino-treporti-ban\/#primaryimage","url":"https:\/\/www.casavio.com\/wp-content\/uploads\/2019\/11\/ca-savio-cavallino-treporti-shopping-box-1.jpg","contentUrl":"https:\/\/www.casavio.com\/wp-content\/uploads\/2019\/11\/ca-savio-cavallino-treporti-shopping-box-1.jpg","width":440,"height":600},{"@type":"BreadcrumbList","@id":"https:\/\/www.casavio.com\/hu\/a-kornyek\/cavallino-treporti-es-a-laguna\/heti-piacok-cavallino-treporti-ban\/#breadcrumb","itemListElement":[{"@type":"ListItem","position":1,"name":"Home","item":"https:\/\/www.casavio.com\/hu\/"},{"@type":"ListItem","position":2,"name":"A k\u00f6rny\u00e9k","item":"https:\/\/www.casavio.com\/hu\/a-kornyek\/"},{"@type":"ListItem","position":3,"name":"Cavallino Treporti \u00e9s a lag\u00fana","item":"https:\/\/www.casavio.com\/hu\/a-kornyek\/cavallino-treporti-es-a-laguna\/"},{"@type":"ListItem","position":4,"name":"Heti piacok Cavallino-Treporti-ban"}]},{"@type":"WebSite","@id":"https:\/\/www.casavio.com\/hu\/#website","url":"https:\/\/www.casavio.com\/hu\/","name":"Camping Ca&#039; Savio","description":"","publisher":{"@id":"https:\/\/www.casavio.com\/hu\/#organization"},"potentialAction":[{"@type":"SearchAction","target":{"@type":"EntryPoint","urlTemplate":"https:\/\/www.casavio.com\/hu\/?s={search_term_string}"},"query-input":{"@type":"PropertyValueSpecification","valueRequired":true,"valueName":"search_term_string"}}],"inLanguage":"hu"},{"@type":"Organization","@id":"https:\/\/www.casavio.com\/hu\/#organization","name":"Camping Ca'Savio","url":"https:\/\/www.casavio.com\/hu\/","logo":{"@type":"ImageObject","inLanguage":"hu","@id":"https:\/\/www.casavio.com\/hu\/#\/schema\/logo\/image\/","url":"https:\/\/www.casavio.com\/wp-content\/uploads\/2024\/04\/favicon.png","contentUrl":"https:\/\/www.casavio.com\/wp-content\/uploads\/2024\/04\/favicon.png","width":144,"height":144,"caption":"Camping Ca'Savio"},"image":{"@id":"https:\/\/www.casavio.com\/hu\/#\/schema\/logo\/image\/"},"sameAs":["https:\/\/www.facebook.com\/campingcasavio","https:\/\/www.instagram.com\/campingcasavio","https:\/\/www.youtube.com\/user\/campingcasavio"]}]}},"_links":{"self":[{"href":"https:\/\/www.casavio.com\/hu\/wp-json\/wp\/v2\/pages\/10913","targetHints":{"allow":["GET"]}}],"collection":[{"href":"https:\/\/www.casavio.com\/hu\/wp-json\/wp\/v2\/pages"}],"about":[{"href":"https:\/\/www.casavio.com\/hu\/wp-json\/wp\/v2\/types\/page"}],"author":[{"embeddable":true,"href":"https:\/\/www.casavio.com\/hu\/wp-json\/wp\/v2\/users\/4"}],"replies":[{"embeddable":true,"href":"https:\/\/www.casavio.com\/hu\/wp-json\/wp\/v2\/comments?post=10913"}],"version-history":[{"count":2,"href":"https:\/\/www.casavio.com\/hu\/wp-json\/wp\/v2\/pages\/10913\/revisions"}],"predecessor-version":[{"id":45047,"href":"https:\/\/www.casavio.com\/hu\/wp-json\/wp\/v2\/pages\/10913\/revisions\/45047"}],"up":[{"embeddable":true,"href":"https:\/\/www.casavio.com\/hu\/wp-json\/wp\/v2\/pages\/10904"}],"wp:featuredmedia":[{"embeddable":true,"href":"https:\/\/www.casavio.com\/hu\/wp-json\/wp\/v2\/media\/4561"}],"wp:attachment":[{"href":"https:\/\/www.casavio.com\/hu\/wp-json\/wp\/v2\/media?parent=10913"}],"curies":[{"name":"wp","href":"https:\/\/api.w.org\/{rel}","templated":true}]}}