{"id":10919,"date":"2019-11-26T12:54:43","date_gmt":"2019-11-26T11:54:43","guid":{"rendered":"https:\/\/www.casavio.com\/a-kornyek\/velence-es-a-szigetek\/come-raggiungere-le-isole\/"},"modified":"2023-11-29T11:39:39","modified_gmt":"2023-11-29T10:39:39","slug":"hogyan-lehet-eljutni-a-szigetekre","status":"publish","type":"page","link":"https:\/\/www.casavio.com\/hu\/a-kornyek\/velence-es-a-szigetek\/hogyan-lehet-eljutni-a-szigetekre\/","title":{"rendered":"Hogyan lehet eljutni a szigetekre"},"content":{"rendered":"<p><strong>Treporti kik\u00f6t\u0151j\u00e9b\u0151l<\/strong>\u00a0(a kempingt\u0151l kb. 5 km-re)<br \/>\nInnen megk\u00f6zel\u00edthet\u0151k <strong>Vignole \u2013 S. Erasmo, Burano \u2013 Mazzorbo \u2013 Murano<\/strong> szigetek.<\/p>\n<p>A kik\u00f6t\u0151be\u00a0<a href=\"https:\/\/www.casavio.com\/hu\/szolgaltatasok\/extra-szolgaltatasok\/kerekparok-kolcsonzese\/\">ker\u00e9kp\u00e1rral<\/a>, szem\u00e9lyg\u00e9pkocsival vagy aut\u00f3busszal is el lehet jutni.<\/p>\n<p><strong>\u00datvonal<\/strong>:<\/p>\n<p>Aut\u00f3val vagy ker\u00e9kp\u00e1rral: v\u00e9gig a Via di Ca\u2019 Savio-n, \u00e1t a Treporti fel\u00e9 vezet\u0151 h\u00eddon, majd a \u201c<strong>Ricevitoria<\/strong>\u201d jelz\u00e9st k\u00f6vetve \u00e9rhet\u0151 el a haj\u00f3k indul\u00e1si helye.<br \/>\nA kik\u00f6t\u0151 menetrendszerinti aut\u00f3buszj\u00e1rattal is megk\u00f6zel\u00edthet\u0151, a busz a kemping el\u0151tt l\u00e9v\u0151 parkol\u00f3b\u00f3l indul.<\/p>\n<p><strong>Menetjegyek<\/strong>:<\/p>\n<p>A jegyeket megv\u00e1s\u00e1rolhatj\u00e1tok k\u00f6zvetlen\u00fcl a kemping <a href=\"https:\/\/www.casavio.com\/hu\/szolgaltatasok\/az-arban-foglalt-szolgaltatasok\/customer-care\/\">Customer Care irod\u00e1j\u00e1ban<\/a>.<\/p>\n<ul>\n<li>A gyerekek 6 \u00e9ves korig ingyen utazhatnak.<\/li>\n<li>Aut\u00f3buszra + haj\u00f3ra + velencei v\u00edzibuszokra (vaporett\u00f3kra) \u00e9rv\u00e9nyes 24 \u00f3r\u00e1s jegy: 30 \u20ac.<\/li>\n<\/ul>\n<p>Amennyiben saj\u00e1t szem\u00e9lyg\u00e9pkocsival vagy ker\u00e9kp\u00e1rral k\u00edv\u00e1ntok eljutni a kik\u00f6t\u0151be, a csup\u00e1n a haj\u00f3ra \u00e9rv\u00e9nyes menetjegy a helysz\u00edni ACTV jegyirod\u00e1ban v\u00e1lthat\u00f3 meg.<\/p>\n<ul>\n<li>Egy \u00fatra \u00e9rv\u00e9nyes haj\u00f3jegy \u00e1ra: 9,50 \u20ac.<\/li>\n<\/ul>\n<p><strong>Szervezett kir\u00e1ndul\u00e1sok:<\/strong><\/p>\n<p><a href=\"https:\/\/www.casavio.com\/hu\/tevekenysegek-kemping\/kirandulasok\/velence-es-a-laguna-szigetei-hajoval\/\">Haj\u00f3val Velenc\u00e9be \u00e9s a lag\u00fana szigeteihez<\/a><\/p>\n","protected":false},"excerpt":{"rendered":"<p>Tudnival\u00f3k Burano, Murano \u00e9s Torcello szigeteinek el\u00e9r\u00e9s\u00e9hez.<\/p>\n","protected":false},"author":4,"featured_media":4667,"parent":10917,"menu_order":0,"comment_status":"closed","ping_status":"closed","template":"","meta":{"_acf_changed":false},"class_list":["post-10919","page","type-page","status-publish","has-post-thumbnail","hentry"],"acf":[],"yoast_head":"<!-- This site is optimized with the Yoast SEO plugin v25.3 - https:\/\/yoast.com\/wordpress\/plugins\/seo\/ -->\n<title>Hogyan lehet eljutni a velencei Lag\u00fana szigeteire &#8211; Camping Ca&#039; Savio<\/title>\n<meta name=\"description\" content=\"L\u00e1togasson el Murano-ba, Burano-ba \u00e9s Torcello-ba. Hozza gyermekeit \u00e9s csal\u00e1dj\u00e1t a h\u00e1rom h\u00edres Velence-sziget sz\u00e9ps\u00e9g\u00e9nek csod\u00e1l\u00e1s\u00e1ra!\" \/>\n<meta name=\"robots\" content=\"index, follow, max-snippet:-1, max-image-preview:large, max-video-preview:-1\" \/>\n<link rel=\"canonical\" href=\"https:\/\/www.casavio.com\/hu\/a-kornyek\/velence-es-a-szigetek\/hogyan-lehet-eljutni-a-szigetekre\/\" \/>\n<meta property=\"og:locale\" content=\"hu_HU\" \/>\n<meta property=\"og:type\" content=\"article\" \/>\n<meta property=\"og:title\" content=\"Hogyan lehet eljutni a velencei Lag\u00fana szigeteire &#8211; Camping Ca&#039; Savio\" \/>\n<meta property=\"og:description\" content=\"L\u00e1togasson el Murano-ba, Burano-ba \u00e9s Torcello-ba. Hozza gyermekeit \u00e9s csal\u00e1dj\u00e1t a h\u00e1rom h\u00edres Velence-sziget sz\u00e9ps\u00e9g\u00e9nek csod\u00e1l\u00e1s\u00e1ra!\" \/>\n<meta property=\"og:url\" content=\"https:\/\/www.casavio.com\/hu\/a-kornyek\/velence-es-a-szigetek\/hogyan-lehet-eljutni-a-szigetekre\/\" \/>\n<meta property=\"og:site_name\" content=\"Camping Ca&#039; Savio\" \/>\n<meta property=\"article:publisher\" content=\"https:\/\/www.facebook.com\/campingcasavio\" \/>\n<meta property=\"article:modified_time\" content=\"2023-11-29T10:39:39+00:00\" \/>\n<meta property=\"og:image\" content=\"https:\/\/www.casavio.com\/wp-content\/uploads\/2019\/11\/ca-savio-territorio-venezia-raggiungere-isole.jpg\" \/>\n\t<meta property=\"og:image:width\" content=\"440\" \/>\n\t<meta property=\"og:image:height\" content=\"600\" \/>\n\t<meta property=\"og:image:type\" content=\"image\/jpeg\" \/>\n<meta name=\"twitter:card\" content=\"summary_large_image\" \/>\n<meta name=\"twitter:label1\" content=\"Becs\u00fclt olvas\u00e1si id\u0151\" \/>\n\t<meta name=\"twitter:data1\" content=\"1 perc\" \/>\n<script type=\"application\/ld+json\" class=\"yoast-schema-graph\">{\"@context\":\"https:\/\/schema.org\",\"@graph\":[{\"@type\":\"WebPage\",\"@id\":\"https:\/\/www.casavio.com\/hu\/a-kornyek\/velence-es-a-szigetek\/hogyan-lehet-eljutni-a-szigetekre\/\",\"url\":\"https:\/\/www.casavio.com\/hu\/a-kornyek\/velence-es-a-szigetek\/hogyan-lehet-eljutni-a-szigetekre\/\",\"name\":\"Hogyan lehet eljutni a velencei Lag\u00fana szigeteire &#8211; Camping Ca&#039; Savio\",\"isPartOf\":{\"@id\":\"https:\/\/www.casavio.com\/hu\/#website\"},\"primaryImageOfPage\":{\"@id\":\"https:\/\/www.casavio.com\/hu\/a-kornyek\/velence-es-a-szigetek\/hogyan-lehet-eljutni-a-szigetekre\/#primaryimage\"},\"image\":{\"@id\":\"https:\/\/www.casavio.com\/hu\/a-kornyek\/velence-es-a-szigetek\/hogyan-lehet-eljutni-a-szigetekre\/#primaryimage\"},\"thumbnailUrl\":\"https:\/\/www.casavio.com\/wp-content\/uploads\/2019\/11\/ca-savio-territorio-venezia-raggiungere-isole.jpg\",\"datePublished\":\"2019-11-26T11:54:43+00:00\",\"dateModified\":\"2023-11-29T10:39:39+00:00\",\"description\":\"L\u00e1togasson el Murano-ba, Burano-ba \u00e9s Torcello-ba. Hozza gyermekeit \u00e9s csal\u00e1dj\u00e1t a h\u00e1rom h\u00edres Velence-sziget sz\u00e9ps\u00e9g\u00e9nek csod\u00e1l\u00e1s\u00e1ra!\",\"breadcrumb\":{\"@id\":\"https:\/\/www.casavio.com\/hu\/a-kornyek\/velence-es-a-szigetek\/hogyan-lehet-eljutni-a-szigetekre\/#breadcrumb\"},\"inLanguage\":\"hu\",\"potentialAction\":[{\"@type\":\"ReadAction\",\"target\":[\"https:\/\/www.casavio.com\/hu\/a-kornyek\/velence-es-a-szigetek\/hogyan-lehet-eljutni-a-szigetekre\/\"]}]},{\"@type\":\"ImageObject\",\"inLanguage\":\"hu\",\"@id\":\"https:\/\/www.casavio.com\/hu\/a-kornyek\/velence-es-a-szigetek\/hogyan-lehet-eljutni-a-szigetekre\/#primaryimage\",\"url\":\"https:\/\/www.casavio.com\/wp-content\/uploads\/2019\/11\/ca-savio-territorio-venezia-raggiungere-isole.jpg\",\"contentUrl\":\"https:\/\/www.casavio.com\/wp-content\/uploads\/2019\/11\/ca-savio-territorio-venezia-raggiungere-isole.jpg\",\"width\":440,\"height\":600},{\"@type\":\"BreadcrumbList\",\"@id\":\"https:\/\/www.casavio.com\/hu\/a-kornyek\/velence-es-a-szigetek\/hogyan-lehet-eljutni-a-szigetekre\/#breadcrumb\",\"itemListElement\":[{\"@type\":\"ListItem\",\"position\":1,\"name\":\"Home\",\"item\":\"https:\/\/www.casavio.com\/hu\/\"},{\"@type\":\"ListItem\",\"position\":2,\"name\":\"A k\u00f6rny\u00e9k\",\"item\":\"https:\/\/www.casavio.com\/hu\/a-kornyek\/\"},{\"@type\":\"ListItem\",\"position\":3,\"name\":\"Velence \u00e9s a szigetek\",\"item\":\"https:\/\/www.casavio.com\/hu\/a-kornyek\/velence-es-a-szigetek\/\"},{\"@type\":\"ListItem\",\"position\":4,\"name\":\"Hogyan lehet eljutni a szigetekre\"}]},{\"@type\":\"WebSite\",\"@id\":\"https:\/\/www.casavio.com\/hu\/#website\",\"url\":\"https:\/\/www.casavio.com\/hu\/\",\"name\":\"Camping Ca&#039; Savio\",\"description\":\"\",\"publisher\":{\"@id\":\"https:\/\/www.casavio.com\/hu\/#organization\"},\"potentialAction\":[{\"@type\":\"SearchAction\",\"target\":{\"@type\":\"EntryPoint\",\"urlTemplate\":\"https:\/\/www.casavio.com\/hu\/?s={search_term_string}\"},\"query-input\":{\"@type\":\"PropertyValueSpecification\",\"valueRequired\":true,\"valueName\":\"search_term_string\"}}],\"inLanguage\":\"hu\"},{\"@type\":\"Organization\",\"@id\":\"https:\/\/www.casavio.com\/hu\/#organization\",\"name\":\"Camping Ca'Savio\",\"url\":\"https:\/\/www.casavio.com\/hu\/\",\"logo\":{\"@type\":\"ImageObject\",\"inLanguage\":\"hu\",\"@id\":\"https:\/\/www.casavio.com\/hu\/#\/schema\/logo\/image\/\",\"url\":\"https:\/\/www.casavio.com\/wp-content\/uploads\/2024\/04\/favicon.png\",\"contentUrl\":\"https:\/\/www.casavio.com\/wp-content\/uploads\/2024\/04\/favicon.png\",\"width\":144,\"height\":144,\"caption\":\"Camping Ca'Savio\"},\"image\":{\"@id\":\"https:\/\/www.casavio.com\/hu\/#\/schema\/logo\/image\/\"},\"sameAs\":[\"https:\/\/www.facebook.com\/campingcasavio\",\"https:\/\/www.instagram.com\/campingcasavio\",\"https:\/\/www.youtube.com\/user\/campingcasavio\"]}]}<\/script>\n<!-- \/ Yoast SEO plugin. -->","yoast_head_json":{"title":"Hogyan lehet eljutni a velencei Lag\u00fana szigeteire &#8211; Camping Ca&#039; Savio","description":"L\u00e1togasson el Murano-ba, Burano-ba \u00e9s Torcello-ba. Hozza gyermekeit \u00e9s csal\u00e1dj\u00e1t a h\u00e1rom h\u00edres Velence-sziget sz\u00e9ps\u00e9g\u00e9nek csod\u00e1l\u00e1s\u00e1ra!","robots":{"index":"index","follow":"follow","max-snippet":"max-snippet:-1","max-image-preview":"max-image-preview:large","max-video-preview":"max-video-preview:-1"},"canonical":"https:\/\/www.casavio.com\/hu\/a-kornyek\/velence-es-a-szigetek\/hogyan-lehet-eljutni-a-szigetekre\/","og_locale":"hu_HU","og_type":"article","og_title":"Hogyan lehet eljutni a velencei Lag\u00fana szigeteire &#8211; Camping Ca&#039; Savio","og_description":"L\u00e1togasson el Murano-ba, Burano-ba \u00e9s Torcello-ba. Hozza gyermekeit \u00e9s csal\u00e1dj\u00e1t a h\u00e1rom h\u00edres Velence-sziget sz\u00e9ps\u00e9g\u00e9nek csod\u00e1l\u00e1s\u00e1ra!","og_url":"https:\/\/www.casavio.com\/hu\/a-kornyek\/velence-es-a-szigetek\/hogyan-lehet-eljutni-a-szigetekre\/","og_site_name":"Camping Ca&#039; Savio","article_publisher":"https:\/\/www.facebook.com\/campingcasavio","article_modified_time":"2023-11-29T10:39:39+00:00","og_image":[{"width":440,"height":600,"url":"https:\/\/www.casavio.com\/wp-content\/uploads\/2019\/11\/ca-savio-territorio-venezia-raggiungere-isole.jpg","type":"image\/jpeg"}],"twitter_card":"summary_large_image","twitter_misc":{"Becs\u00fclt olvas\u00e1si id\u0151":"1 perc"},"schema":{"@context":"https:\/\/schema.org","@graph":[{"@type":"WebPage","@id":"https:\/\/www.casavio.com\/hu\/a-kornyek\/velence-es-a-szigetek\/hogyan-lehet-eljutni-a-szigetekre\/","url":"https:\/\/www.casavio.com\/hu\/a-kornyek\/velence-es-a-szigetek\/hogyan-lehet-eljutni-a-szigetekre\/","name":"Hogyan lehet eljutni a velencei Lag\u00fana szigeteire &#8211; Camping Ca&#039; Savio","isPartOf":{"@id":"https:\/\/www.casavio.com\/hu\/#website"},"primaryImageOfPage":{"@id":"https:\/\/www.casavio.com\/hu\/a-kornyek\/velence-es-a-szigetek\/hogyan-lehet-eljutni-a-szigetekre\/#primaryimage"},"image":{"@id":"https:\/\/www.casavio.com\/hu\/a-kornyek\/velence-es-a-szigetek\/hogyan-lehet-eljutni-a-szigetekre\/#primaryimage"},"thumbnailUrl":"https:\/\/www.casavio.com\/wp-content\/uploads\/2019\/11\/ca-savio-territorio-venezia-raggiungere-isole.jpg","datePublished":"2019-11-26T11:54:43+00:00","dateModified":"2023-11-29T10:39:39+00:00","description":"L\u00e1togasson el Murano-ba, Burano-ba \u00e9s Torcello-ba. Hozza gyermekeit \u00e9s csal\u00e1dj\u00e1t a h\u00e1rom h\u00edres Velence-sziget sz\u00e9ps\u00e9g\u00e9nek csod\u00e1l\u00e1s\u00e1ra!","breadcrumb":{"@id":"https:\/\/www.casavio.com\/hu\/a-kornyek\/velence-es-a-szigetek\/hogyan-lehet-eljutni-a-szigetekre\/#breadcrumb"},"inLanguage":"hu","potentialAction":[{"@type":"ReadAction","target":["https:\/\/www.casavio.com\/hu\/a-kornyek\/velence-es-a-szigetek\/hogyan-lehet-eljutni-a-szigetekre\/"]}]},{"@type":"ImageObject","inLanguage":"hu","@id":"https:\/\/www.casavio.com\/hu\/a-kornyek\/velence-es-a-szigetek\/hogyan-lehet-eljutni-a-szigetekre\/#primaryimage","url":"https:\/\/www.casavio.com\/wp-content\/uploads\/2019\/11\/ca-savio-territorio-venezia-raggiungere-isole.jpg","contentUrl":"https:\/\/www.casavio.com\/wp-content\/uploads\/2019\/11\/ca-savio-territorio-venezia-raggiungere-isole.jpg","width":440,"height":600},{"@type":"BreadcrumbList","@id":"https:\/\/www.casavio.com\/hu\/a-kornyek\/velence-es-a-szigetek\/hogyan-lehet-eljutni-a-szigetekre\/#breadcrumb","itemListElement":[{"@type":"ListItem","position":1,"name":"Home","item":"https:\/\/www.casavio.com\/hu\/"},{"@type":"ListItem","position":2,"name":"A k\u00f6rny\u00e9k","item":"https:\/\/www.casavio.com\/hu\/a-kornyek\/"},{"@type":"ListItem","position":3,"name":"Velence \u00e9s a szigetek","item":"https:\/\/www.casavio.com\/hu\/a-kornyek\/velence-es-a-szigetek\/"},{"@type":"ListItem","position":4,"name":"Hogyan lehet eljutni a szigetekre"}]},{"@type":"WebSite","@id":"https:\/\/www.casavio.com\/hu\/#website","url":"https:\/\/www.casavio.com\/hu\/","name":"Camping Ca&#039; Savio","description":"","publisher":{"@id":"https:\/\/www.casavio.com\/hu\/#organization"},"potentialAction":[{"@type":"SearchAction","target":{"@type":"EntryPoint","urlTemplate":"https:\/\/www.casavio.com\/hu\/?s={search_term_string}"},"query-input":{"@type":"PropertyValueSpecification","valueRequired":true,"valueName":"search_term_string"}}],"inLanguage":"hu"},{"@type":"Organization","@id":"https:\/\/www.casavio.com\/hu\/#organization","name":"Camping Ca'Savio","url":"https:\/\/www.casavio.com\/hu\/","logo":{"@type":"ImageObject","inLanguage":"hu","@id":"https:\/\/www.casavio.com\/hu\/#\/schema\/logo\/image\/","url":"https:\/\/www.casavio.com\/wp-content\/uploads\/2024\/04\/favicon.png","contentUrl":"https:\/\/www.casavio.com\/wp-content\/uploads\/2024\/04\/favicon.png","width":144,"height":144,"caption":"Camping Ca'Savio"},"image":{"@id":"https:\/\/www.casavio.com\/hu\/#\/schema\/logo\/image\/"},"sameAs":["https:\/\/www.facebook.com\/campingcasavio","https:\/\/www.instagram.com\/campingcasavio","https:\/\/www.youtube.com\/user\/campingcasavio"]}]}},"_links":{"self":[{"href":"https:\/\/www.casavio.com\/hu\/wp-json\/wp\/v2\/pages\/10919","targetHints":{"allow":["GET"]}}],"collection":[{"href":"https:\/\/www.casavio.com\/hu\/wp-json\/wp\/v2\/pages"}],"about":[{"href":"https:\/\/www.casavio.com\/hu\/wp-json\/wp\/v2\/types\/page"}],"author":[{"embeddable":true,"href":"https:\/\/www.casavio.com\/hu\/wp-json\/wp\/v2\/users\/4"}],"replies":[{"embeddable":true,"href":"https:\/\/www.casavio.com\/hu\/wp-json\/wp\/v2\/comments?post=10919"}],"version-history":[{"count":2,"href":"https:\/\/www.casavio.com\/hu\/wp-json\/wp\/v2\/pages\/10919\/revisions"}],"predecessor-version":[{"id":29443,"href":"https:\/\/www.casavio.com\/hu\/wp-json\/wp\/v2\/pages\/10919\/revisions\/29443"}],"up":[{"embeddable":true,"href":"https:\/\/www.casavio.com\/hu\/wp-json\/wp\/v2\/pages\/10917"}],"wp:featuredmedia":[{"embeddable":true,"href":"https:\/\/www.casavio.com\/hu\/wp-json\/wp\/v2\/media\/4667"}],"wp:attachment":[{"href":"https:\/\/www.casavio.com\/hu\/wp-json\/wp\/v2\/media?parent=10919"}],"curies":[{"name":"wp","href":"https:\/\/api.w.org\/{rel}","templated":true}]}}