{"id":10923,"date":"2019-11-27T09:38:20","date_gmt":"2019-11-27T08:38:20","guid":{"rendered":"https:\/\/www.casavio.com\/a-kornyek\/velence-es-a-szigetek\/come-raggiungere-venezia\/"},"modified":"2023-11-29T11:37:45","modified_gmt":"2023-11-29T10:37:45","slug":"hogyan-lehet-eljutni-velencebe","status":"publish","type":"page","link":"https:\/\/www.casavio.com\/hu\/a-kornyek\/velence-es-a-szigetek\/hogyan-lehet-eljutni-velencebe\/","title":{"rendered":"Hogyan lehet eljutni Velenc\u00e9be"},"content":{"rendered":"<p><strong>Punta Sabbioni kik\u00f6t\u0151b\u0151l<\/strong>\u00a0(a kempingt\u0151l kb.\u00a0<strong>5 km-re<\/strong> tal\u00e1lhat\u00f3) a k\u00f6zvetlen haj\u00f3j\u00e1ratok f\u00e9l\u00f3r\u00e1nk\u00e9nt indulnak Velenc\u00e9be\u00a0<span class=\"VIiyi\" lang=\"hu\"><span class=\"JLqJ4b ChMk0b\" data-language-for-alternatives=\"hu\" data-language-to-translate-into=\"da\" data-phrase-index=\"0\">(00. \u00e9s 30. perc).<\/span><\/span> A haj\u00f3\u00fat kb. 40 percet vesz ig\u00e9nybe, melynek sor\u00e1n elhaladtok a Biennale kertek mellett, \u00e1t a Szent M\u00e1rk-medenc\u00e9n, mik\u00f6zben baloldalon a Szent Gy\u00f6rgy sziget lesz majd l\u00e1that\u00f3.<\/p>\n<p>V\u00e9g\u00fcl a haj\u00f3 D\u00f3zse-palot\u00e1t\u00f3l mind\u00f6ssze p\u00e1r percnyi s\u00e9t\u00e1ra k\u00f6t ki.<\/p>\n<p>A Camping Ca\u2019Savio-b\u00f3l Punta Sabbioni t\u00f6bbf\u00e9lek\u00e9pp is el\u00e9rhet\u0151:<\/p>\n<ul>\n<li><strong>aut\u00f3busszal<\/strong>: a buszmeg\u00e1ll\u00f3 Ca\u2019 Savio k\u00f6zpontban tal\u00e1lhat\u00f3 (a gy\u00f3gyszert\u00e1r k\u00f6zel\u00e9ben), a f\u0151 k\u00f6rforgalomt\u00f3l n\u00e9h\u00e1ny m\u00e9ternyire, a kempingt\u0151l mind\u00f6ssze 10 percnyi s\u00e9t\u00e1ra.<\/li>\n<li><strong>ker\u00e9kp\u00e1rra<\/strong><strong>l<\/strong>: v\u00e9gig a Via di Ca\u2019 Savio-n eg\u00e9szen a l\u00e1mp\u00e1s keresztez\u0151d\u00e9sig (a k\u00f6rforgalomig), balra fordulva v\u00e9gig a Via Fausta-n Punta Sabbioni fel\u00e9. A ker\u00e9kp\u00e1r \u00fat a kik\u00f6t\u0151be vezet.<\/li>\n<li><strong>szem\u00e9lyg\u00e9pkocsival<\/strong>: v\u00e9gig a Via di Ca\u2019Savio-n, a via Brenta-n\u00e9l balra fordulva kell tov\u00e1bbmenni, majd a via Tagliamento-n\u00e1l jobbra. Ahol az utca keresztezi a Via Fausta-t, balra fordulva Punta Sabbioni ir\u00e1ny\u00e1ba haladjatok tov\u00e1bb. Az aut\u00f3t a kik\u00f6t\u0151 k\u00f6zel\u00e9ben lev\u0151 fizet\u0151s parkol\u00f3k valamelyik\u00e9ben hagyhatj\u00e1tok.<\/li>\n<\/ul>\n<p><strong>Menetjegyek:<\/strong><\/p>\n<p>A jegyek megv\u00e1s\u00e1rolhat\u00f3ak k\u00f6zvetlen\u00fcl a kemping\u00a0<a href=\"https:\/\/www.casavio.com\/hu\/szolgaltatasok\/az-arban-foglalt-szolgaltatasok\/customer-care\/\">Customer Care\u00a0irod\u00e1j\u00e1ban<\/a>.<\/p>\n<ul>\n<li>A gyerekek 6 \u00e9ves korig ingyen utazhatnak<\/li>\n<li>Aut\u00f3buszra + haj\u00f3ra \u00e9rv\u00e9nyes ret\u00far jegyek: 24 \u20ac<\/li>\n<li>Aut\u00f3buszra + haj\u00f3ra + velencei v\u00edzibuszokra (vaporett\u00f3kra) \u00e9rv\u00e9nyes 24 \u00f3r\u00e1s jegy: 30 \u20ac.<\/li>\n<\/ul>\n<p>Amennyiben saj\u00e1t\u00a0<strong>szem\u00e9lyg\u00e9pkocsival vagy ker\u00e9kp\u00e1rral<\/strong>\u00a0k\u00edv\u00e1ntok eljutni Punta Sabbioni-ba, a csup\u00e1n a haj\u00f3ra \u00e9rv\u00e9nyes menetjegy az ACTV helysz\u00edni jegyirod\u00e1j\u00e1ban v\u00e1lthat\u00f3 meg.<\/p>\n<ul>\n<li>Egy \u00fatra \u00e9rv\u00e9nyes haj\u00f3jegy \u00e1ra: 9,50 \u20ac.<\/li>\n<\/ul>\n","protected":false},"excerpt":{"rendered":"<p>Hasznos inform\u00e1ci\u00f3k a lag\u00fana v\u00e1ros\u00e1nak el\u00e9r\u00e9s\u00e9hez.<\/p>\n","protected":false},"author":4,"featured_media":4686,"parent":10917,"menu_order":0,"comment_status":"closed","ping_status":"closed","template":"","meta":{"_acf_changed":false},"class_list":["post-10923","page","type-page","status-publish","has-post-thumbnail","hentry"],"acf":[],"yoast_head":"<!-- This site is optimized with the Yoast SEO plugin v25.3 - https:\/\/yoast.com\/wordpress\/plugins\/seo\/ -->\n<title>Hogyan lehet eljutni Velenc\u00e9be a Ca\u2019 Savio Kempingb\u0151l motoros haj\u00f3val &#8211; Camping Ca&#039; Savio<\/title>\n<meta name=\"description\" content=\"Hasznos inform\u00e1ci\u00f3k azok sz\u00e1m\u00e1ra, akik el akarj\u00e1k \u00e9rni Velenc\u00e9t a Ca &#039;Savio kempingr\u0151l. F\u00e9l\u00f3r\u00e1nk\u00e9nt indul egy motorcs\u00f3nak. \u00c9rkez\u00e9skor k\u00e9rje a recepci\u00f3t.\" \/>\n<meta name=\"robots\" content=\"index, follow, max-snippet:-1, max-image-preview:large, max-video-preview:-1\" \/>\n<link rel=\"canonical\" href=\"https:\/\/www.casavio.com\/hu\/a-kornyek\/velence-es-a-szigetek\/hogyan-lehet-eljutni-velencebe\/\" \/>\n<meta property=\"og:locale\" content=\"hu_HU\" \/>\n<meta property=\"og:type\" content=\"article\" \/>\n<meta property=\"og:title\" content=\"Hogyan lehet eljutni Velenc\u00e9be a Ca\u2019 Savio Kempingb\u0151l motoros haj\u00f3val &#8211; Camping Ca&#039; Savio\" \/>\n<meta property=\"og:description\" content=\"Hasznos inform\u00e1ci\u00f3k azok sz\u00e1m\u00e1ra, akik el akarj\u00e1k \u00e9rni Velenc\u00e9t a Ca &#039;Savio kempingr\u0151l. F\u00e9l\u00f3r\u00e1nk\u00e9nt indul egy motorcs\u00f3nak. \u00c9rkez\u00e9skor k\u00e9rje a recepci\u00f3t.\" \/>\n<meta property=\"og:url\" content=\"https:\/\/www.casavio.com\/hu\/a-kornyek\/velence-es-a-szigetek\/hogyan-lehet-eljutni-velencebe\/\" \/>\n<meta property=\"og:site_name\" content=\"Camping Ca&#039; Savio\" \/>\n<meta property=\"article:publisher\" content=\"https:\/\/www.facebook.com\/campingcasavio\" \/>\n<meta property=\"article:modified_time\" content=\"2023-11-29T10:37:45+00:00\" \/>\n<meta property=\"og:image\" content=\"https:\/\/www.casavio.com\/wp-content\/uploads\/2019\/11\/ca-savio-territorio-venezia-raggiungere-venezia.jpg\" \/>\n\t<meta property=\"og:image:width\" content=\"440\" \/>\n\t<meta property=\"og:image:height\" content=\"600\" \/>\n\t<meta property=\"og:image:type\" content=\"image\/jpeg\" \/>\n<meta name=\"twitter:card\" content=\"summary_large_image\" \/>\n<meta name=\"twitter:label1\" content=\"Becs\u00fclt olvas\u00e1si id\u0151\" \/>\n\t<meta name=\"twitter:data1\" content=\"2 perc\" \/>\n<script type=\"application\/ld+json\" class=\"yoast-schema-graph\">{\"@context\":\"https:\/\/schema.org\",\"@graph\":[{\"@type\":\"WebPage\",\"@id\":\"https:\/\/www.casavio.com\/hu\/a-kornyek\/velence-es-a-szigetek\/hogyan-lehet-eljutni-velencebe\/\",\"url\":\"https:\/\/www.casavio.com\/hu\/a-kornyek\/velence-es-a-szigetek\/hogyan-lehet-eljutni-velencebe\/\",\"name\":\"Hogyan lehet eljutni Velenc\u00e9be a Ca\u2019 Savio Kempingb\u0151l motoros haj\u00f3val &#8211; Camping Ca&#039; Savio\",\"isPartOf\":{\"@id\":\"https:\/\/www.casavio.com\/hu\/#website\"},\"primaryImageOfPage\":{\"@id\":\"https:\/\/www.casavio.com\/hu\/a-kornyek\/velence-es-a-szigetek\/hogyan-lehet-eljutni-velencebe\/#primaryimage\"},\"image\":{\"@id\":\"https:\/\/www.casavio.com\/hu\/a-kornyek\/velence-es-a-szigetek\/hogyan-lehet-eljutni-velencebe\/#primaryimage\"},\"thumbnailUrl\":\"https:\/\/www.casavio.com\/wp-content\/uploads\/2019\/11\/ca-savio-territorio-venezia-raggiungere-venezia.jpg\",\"datePublished\":\"2019-11-27T08:38:20+00:00\",\"dateModified\":\"2023-11-29T10:37:45+00:00\",\"description\":\"Hasznos inform\u00e1ci\u00f3k azok sz\u00e1m\u00e1ra, akik el akarj\u00e1k \u00e9rni Velenc\u00e9t a Ca 'Savio kempingr\u0151l. F\u00e9l\u00f3r\u00e1nk\u00e9nt indul egy motorcs\u00f3nak. \u00c9rkez\u00e9skor k\u00e9rje a recepci\u00f3t.\",\"breadcrumb\":{\"@id\":\"https:\/\/www.casavio.com\/hu\/a-kornyek\/velence-es-a-szigetek\/hogyan-lehet-eljutni-velencebe\/#breadcrumb\"},\"inLanguage\":\"hu\",\"potentialAction\":[{\"@type\":\"ReadAction\",\"target\":[\"https:\/\/www.casavio.com\/hu\/a-kornyek\/velence-es-a-szigetek\/hogyan-lehet-eljutni-velencebe\/\"]}]},{\"@type\":\"ImageObject\",\"inLanguage\":\"hu\",\"@id\":\"https:\/\/www.casavio.com\/hu\/a-kornyek\/velence-es-a-szigetek\/hogyan-lehet-eljutni-velencebe\/#primaryimage\",\"url\":\"https:\/\/www.casavio.com\/wp-content\/uploads\/2019\/11\/ca-savio-territorio-venezia-raggiungere-venezia.jpg\",\"contentUrl\":\"https:\/\/www.casavio.com\/wp-content\/uploads\/2019\/11\/ca-savio-territorio-venezia-raggiungere-venezia.jpg\",\"width\":440,\"height\":600},{\"@type\":\"BreadcrumbList\",\"@id\":\"https:\/\/www.casavio.com\/hu\/a-kornyek\/velence-es-a-szigetek\/hogyan-lehet-eljutni-velencebe\/#breadcrumb\",\"itemListElement\":[{\"@type\":\"ListItem\",\"position\":1,\"name\":\"Home\",\"item\":\"https:\/\/www.casavio.com\/hu\/\"},{\"@type\":\"ListItem\",\"position\":2,\"name\":\"A k\u00f6rny\u00e9k\",\"item\":\"https:\/\/www.casavio.com\/hu\/a-kornyek\/\"},{\"@type\":\"ListItem\",\"position\":3,\"name\":\"Velence \u00e9s a szigetek\",\"item\":\"https:\/\/www.casavio.com\/hu\/a-kornyek\/velence-es-a-szigetek\/\"},{\"@type\":\"ListItem\",\"position\":4,\"name\":\"Hogyan lehet eljutni Velenc\u00e9be\"}]},{\"@type\":\"WebSite\",\"@id\":\"https:\/\/www.casavio.com\/hu\/#website\",\"url\":\"https:\/\/www.casavio.com\/hu\/\",\"name\":\"Camping Ca&#039; Savio\",\"description\":\"\",\"publisher\":{\"@id\":\"https:\/\/www.casavio.com\/hu\/#organization\"},\"potentialAction\":[{\"@type\":\"SearchAction\",\"target\":{\"@type\":\"EntryPoint\",\"urlTemplate\":\"https:\/\/www.casavio.com\/hu\/?s={search_term_string}\"},\"query-input\":{\"@type\":\"PropertyValueSpecification\",\"valueRequired\":true,\"valueName\":\"search_term_string\"}}],\"inLanguage\":\"hu\"},{\"@type\":\"Organization\",\"@id\":\"https:\/\/www.casavio.com\/hu\/#organization\",\"name\":\"Camping Ca'Savio\",\"url\":\"https:\/\/www.casavio.com\/hu\/\",\"logo\":{\"@type\":\"ImageObject\",\"inLanguage\":\"hu\",\"@id\":\"https:\/\/www.casavio.com\/hu\/#\/schema\/logo\/image\/\",\"url\":\"https:\/\/www.casavio.com\/wp-content\/uploads\/2024\/04\/favicon.png\",\"contentUrl\":\"https:\/\/www.casavio.com\/wp-content\/uploads\/2024\/04\/favicon.png\",\"width\":144,\"height\":144,\"caption\":\"Camping Ca'Savio\"},\"image\":{\"@id\":\"https:\/\/www.casavio.com\/hu\/#\/schema\/logo\/image\/\"},\"sameAs\":[\"https:\/\/www.facebook.com\/campingcasavio\",\"https:\/\/www.instagram.com\/campingcasavio\",\"https:\/\/www.youtube.com\/user\/campingcasavio\"]}]}<\/script>\n<!-- \/ Yoast SEO plugin. -->","yoast_head_json":{"title":"Hogyan lehet eljutni Velenc\u00e9be a Ca\u2019 Savio Kempingb\u0151l motoros haj\u00f3val &#8211; Camping Ca&#039; Savio","description":"Hasznos inform\u00e1ci\u00f3k azok sz\u00e1m\u00e1ra, akik el akarj\u00e1k \u00e9rni Velenc\u00e9t a Ca 'Savio kempingr\u0151l. F\u00e9l\u00f3r\u00e1nk\u00e9nt indul egy motorcs\u00f3nak. \u00c9rkez\u00e9skor k\u00e9rje a recepci\u00f3t.","robots":{"index":"index","follow":"follow","max-snippet":"max-snippet:-1","max-image-preview":"max-image-preview:large","max-video-preview":"max-video-preview:-1"},"canonical":"https:\/\/www.casavio.com\/hu\/a-kornyek\/velence-es-a-szigetek\/hogyan-lehet-eljutni-velencebe\/","og_locale":"hu_HU","og_type":"article","og_title":"Hogyan lehet eljutni Velenc\u00e9be a Ca\u2019 Savio Kempingb\u0151l motoros haj\u00f3val &#8211; Camping Ca&#039; Savio","og_description":"Hasznos inform\u00e1ci\u00f3k azok sz\u00e1m\u00e1ra, akik el akarj\u00e1k \u00e9rni Velenc\u00e9t a Ca 'Savio kempingr\u0151l. F\u00e9l\u00f3r\u00e1nk\u00e9nt indul egy motorcs\u00f3nak. \u00c9rkez\u00e9skor k\u00e9rje a recepci\u00f3t.","og_url":"https:\/\/www.casavio.com\/hu\/a-kornyek\/velence-es-a-szigetek\/hogyan-lehet-eljutni-velencebe\/","og_site_name":"Camping Ca&#039; Savio","article_publisher":"https:\/\/www.facebook.com\/campingcasavio","article_modified_time":"2023-11-29T10:37:45+00:00","og_image":[{"width":440,"height":600,"url":"https:\/\/www.casavio.com\/wp-content\/uploads\/2019\/11\/ca-savio-territorio-venezia-raggiungere-venezia.jpg","type":"image\/jpeg"}],"twitter_card":"summary_large_image","twitter_misc":{"Becs\u00fclt olvas\u00e1si id\u0151":"2 perc"},"schema":{"@context":"https:\/\/schema.org","@graph":[{"@type":"WebPage","@id":"https:\/\/www.casavio.com\/hu\/a-kornyek\/velence-es-a-szigetek\/hogyan-lehet-eljutni-velencebe\/","url":"https:\/\/www.casavio.com\/hu\/a-kornyek\/velence-es-a-szigetek\/hogyan-lehet-eljutni-velencebe\/","name":"Hogyan lehet eljutni Velenc\u00e9be a Ca\u2019 Savio Kempingb\u0151l motoros haj\u00f3val &#8211; Camping Ca&#039; Savio","isPartOf":{"@id":"https:\/\/www.casavio.com\/hu\/#website"},"primaryImageOfPage":{"@id":"https:\/\/www.casavio.com\/hu\/a-kornyek\/velence-es-a-szigetek\/hogyan-lehet-eljutni-velencebe\/#primaryimage"},"image":{"@id":"https:\/\/www.casavio.com\/hu\/a-kornyek\/velence-es-a-szigetek\/hogyan-lehet-eljutni-velencebe\/#primaryimage"},"thumbnailUrl":"https:\/\/www.casavio.com\/wp-content\/uploads\/2019\/11\/ca-savio-territorio-venezia-raggiungere-venezia.jpg","datePublished":"2019-11-27T08:38:20+00:00","dateModified":"2023-11-29T10:37:45+00:00","description":"Hasznos inform\u00e1ci\u00f3k azok sz\u00e1m\u00e1ra, akik el akarj\u00e1k \u00e9rni Velenc\u00e9t a Ca 'Savio kempingr\u0151l. F\u00e9l\u00f3r\u00e1nk\u00e9nt indul egy motorcs\u00f3nak. \u00c9rkez\u00e9skor k\u00e9rje a recepci\u00f3t.","breadcrumb":{"@id":"https:\/\/www.casavio.com\/hu\/a-kornyek\/velence-es-a-szigetek\/hogyan-lehet-eljutni-velencebe\/#breadcrumb"},"inLanguage":"hu","potentialAction":[{"@type":"ReadAction","target":["https:\/\/www.casavio.com\/hu\/a-kornyek\/velence-es-a-szigetek\/hogyan-lehet-eljutni-velencebe\/"]}]},{"@type":"ImageObject","inLanguage":"hu","@id":"https:\/\/www.casavio.com\/hu\/a-kornyek\/velence-es-a-szigetek\/hogyan-lehet-eljutni-velencebe\/#primaryimage","url":"https:\/\/www.casavio.com\/wp-content\/uploads\/2019\/11\/ca-savio-territorio-venezia-raggiungere-venezia.jpg","contentUrl":"https:\/\/www.casavio.com\/wp-content\/uploads\/2019\/11\/ca-savio-territorio-venezia-raggiungere-venezia.jpg","width":440,"height":600},{"@type":"BreadcrumbList","@id":"https:\/\/www.casavio.com\/hu\/a-kornyek\/velence-es-a-szigetek\/hogyan-lehet-eljutni-velencebe\/#breadcrumb","itemListElement":[{"@type":"ListItem","position":1,"name":"Home","item":"https:\/\/www.casavio.com\/hu\/"},{"@type":"ListItem","position":2,"name":"A k\u00f6rny\u00e9k","item":"https:\/\/www.casavio.com\/hu\/a-kornyek\/"},{"@type":"ListItem","position":3,"name":"Velence \u00e9s a szigetek","item":"https:\/\/www.casavio.com\/hu\/a-kornyek\/velence-es-a-szigetek\/"},{"@type":"ListItem","position":4,"name":"Hogyan lehet eljutni Velenc\u00e9be"}]},{"@type":"WebSite","@id":"https:\/\/www.casavio.com\/hu\/#website","url":"https:\/\/www.casavio.com\/hu\/","name":"Camping Ca&#039; Savio","description":"","publisher":{"@id":"https:\/\/www.casavio.com\/hu\/#organization"},"potentialAction":[{"@type":"SearchAction","target":{"@type":"EntryPoint","urlTemplate":"https:\/\/www.casavio.com\/hu\/?s={search_term_string}"},"query-input":{"@type":"PropertyValueSpecification","valueRequired":true,"valueName":"search_term_string"}}],"inLanguage":"hu"},{"@type":"Organization","@id":"https:\/\/www.casavio.com\/hu\/#organization","name":"Camping Ca'Savio","url":"https:\/\/www.casavio.com\/hu\/","logo":{"@type":"ImageObject","inLanguage":"hu","@id":"https:\/\/www.casavio.com\/hu\/#\/schema\/logo\/image\/","url":"https:\/\/www.casavio.com\/wp-content\/uploads\/2024\/04\/favicon.png","contentUrl":"https:\/\/www.casavio.com\/wp-content\/uploads\/2024\/04\/favicon.png","width":144,"height":144,"caption":"Camping Ca'Savio"},"image":{"@id":"https:\/\/www.casavio.com\/hu\/#\/schema\/logo\/image\/"},"sameAs":["https:\/\/www.facebook.com\/campingcasavio","https:\/\/www.instagram.com\/campingcasavio","https:\/\/www.youtube.com\/user\/campingcasavio"]}]}},"_links":{"self":[{"href":"https:\/\/www.casavio.com\/hu\/wp-json\/wp\/v2\/pages\/10923","targetHints":{"allow":["GET"]}}],"collection":[{"href":"https:\/\/www.casavio.com\/hu\/wp-json\/wp\/v2\/pages"}],"about":[{"href":"https:\/\/www.casavio.com\/hu\/wp-json\/wp\/v2\/types\/page"}],"author":[{"embeddable":true,"href":"https:\/\/www.casavio.com\/hu\/wp-json\/wp\/v2\/users\/4"}],"replies":[{"embeddable":true,"href":"https:\/\/www.casavio.com\/hu\/wp-json\/wp\/v2\/comments?post=10923"}],"version-history":[{"count":1,"href":"https:\/\/www.casavio.com\/hu\/wp-json\/wp\/v2\/pages\/10923\/revisions"}],"predecessor-version":[{"id":29435,"href":"https:\/\/www.casavio.com\/hu\/wp-json\/wp\/v2\/pages\/10923\/revisions\/29435"}],"up":[{"embeddable":true,"href":"https:\/\/www.casavio.com\/hu\/wp-json\/wp\/v2\/pages\/10917"}],"wp:featuredmedia":[{"embeddable":true,"href":"https:\/\/www.casavio.com\/hu\/wp-json\/wp\/v2\/media\/4686"}],"wp:attachment":[{"href":"https:\/\/www.casavio.com\/hu\/wp-json\/wp\/v2\/media?parent=10923"}],"curies":[{"name":"wp","href":"https:\/\/api.w.org\/{rel}","templated":true}]}}