{"id":10929,"date":"2019-11-27T09:50:06","date_gmt":"2019-11-27T08:50:06","guid":{"rendered":"https:\/\/www.casavio.com\/a-kornyek\/velence-es-a-szigetek\/visitare-venezia-e-le-isole\/"},"modified":"2025-12-10T10:37:24","modified_gmt":"2025-12-10T09:37:24","slug":"varosnezes-velenceben-es-a-szigeteken","status":"publish","type":"page","link":"https:\/\/www.casavio.com\/hu\/a-kornyek\/velence-es-a-szigetek\/varosnezes-velenceben-es-a-szigeteken\/","title":{"rendered":"V\u00e1rosn\u00e9z\u00e9s Velenc\u00e9ben \u00e9s a szigeteken"},"content":{"rendered":"<p>A Camping Ca\u2019Savio elhelyezked\u00e9se ide\u00e1lis kiindul\u00e1si helysz\u00edn egy\u00a0Velencei\u00a0kir\u00e1ndul\u00e1shoz.<\/p>\n<p>Maga a v\u00e1ros Punta Sabbionib\u00f3l indulva\u00a0<strong>haj\u00f3val\u00a0<\/strong><a href=\"https:\/\/www.casavio.com\/hu\/a-kornyek\/velence-es-a-szigetek\/hogyan-lehet-eljutni-velencebe\/\">\u00e9rhet\u0151 el<\/a>, mely \u00e1tszelve a lag\u00fan\u00e1t a Szent M\u00e1rk t\u00e9rn\u00e9l k\u00f6t ki.<br \/>\nAk\u00e1r az els\u0151, ak\u00e1r a sokadik kir\u00e1ndul\u00e1sotokra k\u00e9sz\u00fclt\u00f6k Velenc\u00e9be, remek kiindul\u00f3pontot jelent a t\u00e9r a csod\u00e1latos m\u0171eml\u00e9kek,\u00a0m\u00fazeumok,\u00a0csatorn\u00e1k \u00e9s a calli-nak nevezett sz\u0171k utc\u00e1csk\u00e1k felfedez\u00e9s\u00e9hez.<br \/>\nA kempingb\u0151l a lag\u00fana szigetei is k\u00f6nnyed\u00e9n megk\u00f6zel\u00edthet\u0151ek haj\u00f3val.\u00a0<a href=\"https:\/\/www.casavio.com\/hu\/a-kornyek\/velence-es-a-szigetek\/hogyan-lehet-eljutni-a-szigetekre\/\">Burano, Murano \u00e9s Torcello<\/a>\u00a0a csipk\u00e9r\u0151l, \u00fcvegk\u00e9sz\u00edt\u00e9sr\u0151l, illetve kiemelked\u0151 sz\u00e9ps\u00e9g\u00fckr\u0151l nevezetesek.<\/p>\n","protected":false},"excerpt":{"rendered":"<p>\u00datmutat\u00e1sok a velencei v\u00e1rosn\u00e9z\u00e9shez.<\/p>\n","protected":false},"author":4,"featured_media":4755,"parent":10917,"menu_order":0,"comment_status":"closed","ping_status":"closed","template":"","meta":{"_acf_changed":false},"class_list":["post-10929","page","type-page","status-publish","has-post-thumbnail","hentry"],"acf":[],"yoast_head":"<!-- This site is optimized with the Yoast SEO plugin v25.3 - https:\/\/yoast.com\/wordpress\/plugins\/seo\/ -->\n<title>V\u00e1rosn\u00e9z\u00e9s Velenc\u00e9ben \u00e9s a szigeteken &#8211; Camping Ca&#039; Savio<\/title>\n<meta name=\"description\" content=\"A kempingb\u0151l a lag\u00fana szigetei is k\u00f6nnyed\u00e9n megk\u00f6zel\u00edthet\u0151ek haj\u00f3val.\u00a0Burano, Murano \u00e9s Torcello\u00a0a csipk\u00e9r\u0151l, \u00fcvegk\u00e9sz\u00edt\u00e9sr\u0151l, illetve kiemelked\u0151 sz\u00e9ps\u00e9g\u00fckr\u0151l nevezetesek.\" \/>\n<meta name=\"robots\" content=\"index, follow, max-snippet:-1, max-image-preview:large, max-video-preview:-1\" \/>\n<link rel=\"canonical\" href=\"https:\/\/www.casavio.com\/hu\/a-kornyek\/velence-es-a-szigetek\/varosnezes-velenceben-es-a-szigeteken\/\" \/>\n<meta property=\"og:locale\" content=\"hu_HU\" \/>\n<meta property=\"og:type\" content=\"article\" \/>\n<meta property=\"og:title\" content=\"V\u00e1rosn\u00e9z\u00e9s Velenc\u00e9ben \u00e9s a szigeteken &#8211; Camping Ca&#039; Savio\" \/>\n<meta property=\"og:description\" content=\"A kempingb\u0151l a lag\u00fana szigetei is k\u00f6nnyed\u00e9n megk\u00f6zel\u00edthet\u0151ek haj\u00f3val.\u00a0Burano, Murano \u00e9s Torcello\u00a0a csipk\u00e9r\u0151l, \u00fcvegk\u00e9sz\u00edt\u00e9sr\u0151l, illetve kiemelked\u0151 sz\u00e9ps\u00e9g\u00fckr\u0151l nevezetesek.\" \/>\n<meta property=\"og:url\" content=\"https:\/\/www.casavio.com\/hu\/a-kornyek\/velence-es-a-szigetek\/varosnezes-velenceben-es-a-szigeteken\/\" \/>\n<meta property=\"og:site_name\" content=\"Camping Ca&#039; Savio\" \/>\n<meta property=\"article:publisher\" content=\"https:\/\/www.facebook.com\/campingcasavio\" \/>\n<meta property=\"article:modified_time\" content=\"2025-12-10T09:37:24+00:00\" \/>\n<meta property=\"og:image\" content=\"https:\/\/www.casavio.com\/wp-content\/uploads\/2019\/11\/ca-savio-territorio-venezia-visitare-venezia.jpg\" \/>\n\t<meta property=\"og:image:width\" content=\"440\" \/>\n\t<meta property=\"og:image:height\" content=\"600\" \/>\n\t<meta property=\"og:image:type\" content=\"image\/jpeg\" \/>\n<meta name=\"twitter:card\" content=\"summary_large_image\" \/>\n<meta name=\"twitter:label1\" content=\"Becs\u00fclt olvas\u00e1si id\u0151\" \/>\n\t<meta name=\"twitter:data1\" content=\"1 perc\" \/>\n<script type=\"application\/ld+json\" class=\"yoast-schema-graph\">{\"@context\":\"https:\/\/schema.org\",\"@graph\":[{\"@type\":\"WebPage\",\"@id\":\"https:\/\/www.casavio.com\/hu\/a-kornyek\/velence-es-a-szigetek\/varosnezes-velenceben-es-a-szigeteken\/\",\"url\":\"https:\/\/www.casavio.com\/hu\/a-kornyek\/velence-es-a-szigetek\/varosnezes-velenceben-es-a-szigeteken\/\",\"name\":\"V\u00e1rosn\u00e9z\u00e9s Velenc\u00e9ben \u00e9s a szigeteken &#8211; Camping Ca&#039; Savio\",\"isPartOf\":{\"@id\":\"https:\/\/www.casavio.com\/hu\/#website\"},\"primaryImageOfPage\":{\"@id\":\"https:\/\/www.casavio.com\/hu\/a-kornyek\/velence-es-a-szigetek\/varosnezes-velenceben-es-a-szigeteken\/#primaryimage\"},\"image\":{\"@id\":\"https:\/\/www.casavio.com\/hu\/a-kornyek\/velence-es-a-szigetek\/varosnezes-velenceben-es-a-szigeteken\/#primaryimage\"},\"thumbnailUrl\":\"https:\/\/www.casavio.com\/wp-content\/uploads\/2019\/11\/ca-savio-territorio-venezia-visitare-venezia.jpg\",\"datePublished\":\"2019-11-27T08:50:06+00:00\",\"dateModified\":\"2025-12-10T09:37:24+00:00\",\"description\":\"A kempingb\u0151l a lag\u00fana szigetei is k\u00f6nnyed\u00e9n megk\u00f6zel\u00edthet\u0151ek haj\u00f3val.\u00a0Burano, Murano \u00e9s Torcello\u00a0a csipk\u00e9r\u0151l, \u00fcvegk\u00e9sz\u00edt\u00e9sr\u0151l, illetve kiemelked\u0151 sz\u00e9ps\u00e9g\u00fckr\u0151l nevezetesek.\",\"breadcrumb\":{\"@id\":\"https:\/\/www.casavio.com\/hu\/a-kornyek\/velence-es-a-szigetek\/varosnezes-velenceben-es-a-szigeteken\/#breadcrumb\"},\"inLanguage\":\"hu\",\"potentialAction\":[{\"@type\":\"ReadAction\",\"target\":[\"https:\/\/www.casavio.com\/hu\/a-kornyek\/velence-es-a-szigetek\/varosnezes-velenceben-es-a-szigeteken\/\"]}]},{\"@type\":\"ImageObject\",\"inLanguage\":\"hu\",\"@id\":\"https:\/\/www.casavio.com\/hu\/a-kornyek\/velence-es-a-szigetek\/varosnezes-velenceben-es-a-szigeteken\/#primaryimage\",\"url\":\"https:\/\/www.casavio.com\/wp-content\/uploads\/2019\/11\/ca-savio-territorio-venezia-visitare-venezia.jpg\",\"contentUrl\":\"https:\/\/www.casavio.com\/wp-content\/uploads\/2019\/11\/ca-savio-territorio-venezia-visitare-venezia.jpg\",\"width\":440,\"height\":600},{\"@type\":\"BreadcrumbList\",\"@id\":\"https:\/\/www.casavio.com\/hu\/a-kornyek\/velence-es-a-szigetek\/varosnezes-velenceben-es-a-szigeteken\/#breadcrumb\",\"itemListElement\":[{\"@type\":\"ListItem\",\"position\":1,\"name\":\"Home\",\"item\":\"https:\/\/www.casavio.com\/hu\/\"},{\"@type\":\"ListItem\",\"position\":2,\"name\":\"A k\u00f6rny\u00e9k\",\"item\":\"https:\/\/www.casavio.com\/hu\/a-kornyek\/\"},{\"@type\":\"ListItem\",\"position\":3,\"name\":\"Velence \u00e9s a szigetek\",\"item\":\"https:\/\/www.casavio.com\/hu\/a-kornyek\/velence-es-a-szigetek\/\"},{\"@type\":\"ListItem\",\"position\":4,\"name\":\"V\u00e1rosn\u00e9z\u00e9s Velenc\u00e9ben \u00e9s a szigeteken\"}]},{\"@type\":\"WebSite\",\"@id\":\"https:\/\/www.casavio.com\/hu\/#website\",\"url\":\"https:\/\/www.casavio.com\/hu\/\",\"name\":\"Camping Ca&#039; Savio\",\"description\":\"\",\"publisher\":{\"@id\":\"https:\/\/www.casavio.com\/hu\/#organization\"},\"potentialAction\":[{\"@type\":\"SearchAction\",\"target\":{\"@type\":\"EntryPoint\",\"urlTemplate\":\"https:\/\/www.casavio.com\/hu\/?s={search_term_string}\"},\"query-input\":{\"@type\":\"PropertyValueSpecification\",\"valueRequired\":true,\"valueName\":\"search_term_string\"}}],\"inLanguage\":\"hu\"},{\"@type\":\"Organization\",\"@id\":\"https:\/\/www.casavio.com\/hu\/#organization\",\"name\":\"Camping Ca'Savio\",\"url\":\"https:\/\/www.casavio.com\/hu\/\",\"logo\":{\"@type\":\"ImageObject\",\"inLanguage\":\"hu\",\"@id\":\"https:\/\/www.casavio.com\/hu\/#\/schema\/logo\/image\/\",\"url\":\"https:\/\/www.casavio.com\/wp-content\/uploads\/2024\/04\/favicon.png\",\"contentUrl\":\"https:\/\/www.casavio.com\/wp-content\/uploads\/2024\/04\/favicon.png\",\"width\":144,\"height\":144,\"caption\":\"Camping Ca'Savio\"},\"image\":{\"@id\":\"https:\/\/www.casavio.com\/hu\/#\/schema\/logo\/image\/\"},\"sameAs\":[\"https:\/\/www.facebook.com\/campingcasavio\",\"https:\/\/www.instagram.com\/campingcasavio\",\"https:\/\/www.youtube.com\/user\/campingcasavio\"]}]}<\/script>\n<!-- \/ Yoast SEO plugin. -->","yoast_head_json":{"title":"V\u00e1rosn\u00e9z\u00e9s Velenc\u00e9ben \u00e9s a szigeteken &#8211; Camping Ca&#039; Savio","description":"A kempingb\u0151l a lag\u00fana szigetei is k\u00f6nnyed\u00e9n megk\u00f6zel\u00edthet\u0151ek haj\u00f3val.\u00a0Burano, Murano \u00e9s Torcello\u00a0a csipk\u00e9r\u0151l, \u00fcvegk\u00e9sz\u00edt\u00e9sr\u0151l, illetve kiemelked\u0151 sz\u00e9ps\u00e9g\u00fckr\u0151l nevezetesek.","robots":{"index":"index","follow":"follow","max-snippet":"max-snippet:-1","max-image-preview":"max-image-preview:large","max-video-preview":"max-video-preview:-1"},"canonical":"https:\/\/www.casavio.com\/hu\/a-kornyek\/velence-es-a-szigetek\/varosnezes-velenceben-es-a-szigeteken\/","og_locale":"hu_HU","og_type":"article","og_title":"V\u00e1rosn\u00e9z\u00e9s Velenc\u00e9ben \u00e9s a szigeteken &#8211; Camping Ca&#039; Savio","og_description":"A kempingb\u0151l a lag\u00fana szigetei is k\u00f6nnyed\u00e9n megk\u00f6zel\u00edthet\u0151ek haj\u00f3val.\u00a0Burano, Murano \u00e9s Torcello\u00a0a csipk\u00e9r\u0151l, \u00fcvegk\u00e9sz\u00edt\u00e9sr\u0151l, illetve kiemelked\u0151 sz\u00e9ps\u00e9g\u00fckr\u0151l nevezetesek.","og_url":"https:\/\/www.casavio.com\/hu\/a-kornyek\/velence-es-a-szigetek\/varosnezes-velenceben-es-a-szigeteken\/","og_site_name":"Camping Ca&#039; Savio","article_publisher":"https:\/\/www.facebook.com\/campingcasavio","article_modified_time":"2025-12-10T09:37:24+00:00","og_image":[{"width":440,"height":600,"url":"https:\/\/www.casavio.com\/wp-content\/uploads\/2019\/11\/ca-savio-territorio-venezia-visitare-venezia.jpg","type":"image\/jpeg"}],"twitter_card":"summary_large_image","twitter_misc":{"Becs\u00fclt olvas\u00e1si id\u0151":"1 perc"},"schema":{"@context":"https:\/\/schema.org","@graph":[{"@type":"WebPage","@id":"https:\/\/www.casavio.com\/hu\/a-kornyek\/velence-es-a-szigetek\/varosnezes-velenceben-es-a-szigeteken\/","url":"https:\/\/www.casavio.com\/hu\/a-kornyek\/velence-es-a-szigetek\/varosnezes-velenceben-es-a-szigeteken\/","name":"V\u00e1rosn\u00e9z\u00e9s Velenc\u00e9ben \u00e9s a szigeteken &#8211; Camping Ca&#039; Savio","isPartOf":{"@id":"https:\/\/www.casavio.com\/hu\/#website"},"primaryImageOfPage":{"@id":"https:\/\/www.casavio.com\/hu\/a-kornyek\/velence-es-a-szigetek\/varosnezes-velenceben-es-a-szigeteken\/#primaryimage"},"image":{"@id":"https:\/\/www.casavio.com\/hu\/a-kornyek\/velence-es-a-szigetek\/varosnezes-velenceben-es-a-szigeteken\/#primaryimage"},"thumbnailUrl":"https:\/\/www.casavio.com\/wp-content\/uploads\/2019\/11\/ca-savio-territorio-venezia-visitare-venezia.jpg","datePublished":"2019-11-27T08:50:06+00:00","dateModified":"2025-12-10T09:37:24+00:00","description":"A kempingb\u0151l a lag\u00fana szigetei is k\u00f6nnyed\u00e9n megk\u00f6zel\u00edthet\u0151ek haj\u00f3val.\u00a0Burano, Murano \u00e9s Torcello\u00a0a csipk\u00e9r\u0151l, \u00fcvegk\u00e9sz\u00edt\u00e9sr\u0151l, illetve kiemelked\u0151 sz\u00e9ps\u00e9g\u00fckr\u0151l nevezetesek.","breadcrumb":{"@id":"https:\/\/www.casavio.com\/hu\/a-kornyek\/velence-es-a-szigetek\/varosnezes-velenceben-es-a-szigeteken\/#breadcrumb"},"inLanguage":"hu","potentialAction":[{"@type":"ReadAction","target":["https:\/\/www.casavio.com\/hu\/a-kornyek\/velence-es-a-szigetek\/varosnezes-velenceben-es-a-szigeteken\/"]}]},{"@type":"ImageObject","inLanguage":"hu","@id":"https:\/\/www.casavio.com\/hu\/a-kornyek\/velence-es-a-szigetek\/varosnezes-velenceben-es-a-szigeteken\/#primaryimage","url":"https:\/\/www.casavio.com\/wp-content\/uploads\/2019\/11\/ca-savio-territorio-venezia-visitare-venezia.jpg","contentUrl":"https:\/\/www.casavio.com\/wp-content\/uploads\/2019\/11\/ca-savio-territorio-venezia-visitare-venezia.jpg","width":440,"height":600},{"@type":"BreadcrumbList","@id":"https:\/\/www.casavio.com\/hu\/a-kornyek\/velence-es-a-szigetek\/varosnezes-velenceben-es-a-szigeteken\/#breadcrumb","itemListElement":[{"@type":"ListItem","position":1,"name":"Home","item":"https:\/\/www.casavio.com\/hu\/"},{"@type":"ListItem","position":2,"name":"A k\u00f6rny\u00e9k","item":"https:\/\/www.casavio.com\/hu\/a-kornyek\/"},{"@type":"ListItem","position":3,"name":"Velence \u00e9s a szigetek","item":"https:\/\/www.casavio.com\/hu\/a-kornyek\/velence-es-a-szigetek\/"},{"@type":"ListItem","position":4,"name":"V\u00e1rosn\u00e9z\u00e9s Velenc\u00e9ben \u00e9s a szigeteken"}]},{"@type":"WebSite","@id":"https:\/\/www.casavio.com\/hu\/#website","url":"https:\/\/www.casavio.com\/hu\/","name":"Camping Ca&#039; Savio","description":"","publisher":{"@id":"https:\/\/www.casavio.com\/hu\/#organization"},"potentialAction":[{"@type":"SearchAction","target":{"@type":"EntryPoint","urlTemplate":"https:\/\/www.casavio.com\/hu\/?s={search_term_string}"},"query-input":{"@type":"PropertyValueSpecification","valueRequired":true,"valueName":"search_term_string"}}],"inLanguage":"hu"},{"@type":"Organization","@id":"https:\/\/www.casavio.com\/hu\/#organization","name":"Camping Ca'Savio","url":"https:\/\/www.casavio.com\/hu\/","logo":{"@type":"ImageObject","inLanguage":"hu","@id":"https:\/\/www.casavio.com\/hu\/#\/schema\/logo\/image\/","url":"https:\/\/www.casavio.com\/wp-content\/uploads\/2024\/04\/favicon.png","contentUrl":"https:\/\/www.casavio.com\/wp-content\/uploads\/2024\/04\/favicon.png","width":144,"height":144,"caption":"Camping Ca'Savio"},"image":{"@id":"https:\/\/www.casavio.com\/hu\/#\/schema\/logo\/image\/"},"sameAs":["https:\/\/www.facebook.com\/campingcasavio","https:\/\/www.instagram.com\/campingcasavio","https:\/\/www.youtube.com\/user\/campingcasavio"]}]}},"_links":{"self":[{"href":"https:\/\/www.casavio.com\/hu\/wp-json\/wp\/v2\/pages\/10929","targetHints":{"allow":["GET"]}}],"collection":[{"href":"https:\/\/www.casavio.com\/hu\/wp-json\/wp\/v2\/pages"}],"about":[{"href":"https:\/\/www.casavio.com\/hu\/wp-json\/wp\/v2\/types\/page"}],"author":[{"embeddable":true,"href":"https:\/\/www.casavio.com\/hu\/wp-json\/wp\/v2\/users\/4"}],"replies":[{"embeddable":true,"href":"https:\/\/www.casavio.com\/hu\/wp-json\/wp\/v2\/comments?post=10929"}],"version-history":[{"count":2,"href":"https:\/\/www.casavio.com\/hu\/wp-json\/wp\/v2\/pages\/10929\/revisions"}],"predecessor-version":[{"id":44884,"href":"https:\/\/www.casavio.com\/hu\/wp-json\/wp\/v2\/pages\/10929\/revisions\/44884"}],"up":[{"embeddable":true,"href":"https:\/\/www.casavio.com\/hu\/wp-json\/wp\/v2\/pages\/10917"}],"wp:featuredmedia":[{"embeddable":true,"href":"https:\/\/www.casavio.com\/hu\/wp-json\/wp\/v2\/media\/4755"}],"wp:attachment":[{"href":"https:\/\/www.casavio.com\/hu\/wp-json\/wp\/v2\/media?parent=10929"}],"curies":[{"name":"wp","href":"https:\/\/api.w.org\/{rel}","templated":true}]}}