{"id":10932,"date":"2019-11-07T11:18:30","date_gmt":"2019-11-07T10:18:30","guid":{"rendered":"https:\/\/www.casavio.com\/a-kornyek\/citta-darte\/"},"modified":"2020-05-06T09:49:50","modified_gmt":"2020-05-06T07:49:50","slug":"muveszvarosok","status":"publish","type":"page","link":"https:\/\/www.casavio.com\/hu\/a-kornyek\/muveszvarosok\/","title":{"rendered":"M\u0171v\u00e9szv\u00e1rosok"},"content":{"rendered":"<p>Egy Ca\u2019Savio-ban t\u00f6lt\u00f6tt nyaral\u00e1s remek alkalmat k\u00edn\u00e1l arra, hogy ell\u00e1togass Olaszorsz\u00e1g legszebb v\u00e1rosaiba, melyek k\u00f6z\u00fcl t\u00f6bb is a kemping k\u00f6zel\u00e9ben tal\u00e1lhat\u00f3, s egynapos kir\u00e1ndul\u00e1sok keret\u00e9ben k\u00e9nyelmesen megtekinthet\u0151k.<\/p>\n<p><a href=\"https:\/\/www.casavio.com\/hu\/a-kornyek\/velence-es-a-szigetek\/\">Velence<\/a>\u00a0mellett ell\u00e1togathattok\u00a0<strong>Trevisoba<\/strong>\u00a0is, mely els\u0151sorban a prosecco bor\u00e1r\u00f3l \u00e9s vill\u00e1ir\u00f3l nevezetes, vagy pedig Szent Antal \u00e9s Giotto v\u00e1ros\u00e1ba,\u00a0<strong>Padov\u00e1ba<\/strong>. Vagy <strong>Verona<\/strong>, az Ar\u00e9n\u00e1val \u00e9s J\u00falia erk\u00e9llyel.<\/p>\n","protected":false},"excerpt":{"rendered":"<p>Javaslatok Triesztben, Veron\u00e1ban, Vicenz\u00e1ban, Trevis\u00f3ban \u00e9s Padov\u00e1ban elt\u00f6lt\u00f6tt kir\u00e1ndul\u00e1sokhoz.<\/p>\n","protected":false},"author":3,"featured_media":4571,"parent":10901,"menu_order":80,"comment_status":"closed","ping_status":"closed","template":"","meta":{"_acf_changed":false},"class_list":["post-10932","page","type-page","status-publish","has-post-thumbnail","hentry"],"acf":[],"yoast_head":"<!-- This site is optimized with the Yoast SEO plugin v25.3 - https:\/\/yoast.com\/wordpress\/plugins\/seo\/ -->\n<title>Ismerd meg Veneto r\u00e9gi\u00f3 m\u0171v\u00e9szv\u00e1rosait: kir\u00e1ndul\u00e1sok \u00e9s v\u00e1rosl\u00e1togat\u00e1sok &#8211; Camping Ca&#039; Savio<\/title>\n<meta name=\"description\" content=\"L\u00e1togasson el a Veneto m\u0171v\u00e9szeti v\u00e1rosaiba egy Camping Ca &#039;Savio \u00e1ltal szervezett kir\u00e1ndul\u00e1ssal.\" \/>\n<meta name=\"robots\" content=\"index, follow, max-snippet:-1, max-image-preview:large, max-video-preview:-1\" \/>\n<link rel=\"canonical\" href=\"https:\/\/www.casavio.com\/hu\/a-kornyek\/muveszvarosok\/\" \/>\n<meta property=\"og:locale\" content=\"hu_HU\" \/>\n<meta property=\"og:type\" content=\"article\" \/>\n<meta property=\"og:title\" content=\"Ismerd meg Veneto r\u00e9gi\u00f3 m\u0171v\u00e9szv\u00e1rosait: kir\u00e1ndul\u00e1sok \u00e9s v\u00e1rosl\u00e1togat\u00e1sok &#8211; Camping Ca&#039; Savio\" \/>\n<meta property=\"og:description\" content=\"L\u00e1togasson el a Veneto m\u0171v\u00e9szeti v\u00e1rosaiba egy Camping Ca &#039;Savio \u00e1ltal szervezett kir\u00e1ndul\u00e1ssal.\" \/>\n<meta property=\"og:url\" content=\"https:\/\/www.casavio.com\/hu\/a-kornyek\/muveszvarosok\/\" \/>\n<meta property=\"og:site_name\" content=\"Camping Ca&#039; Savio\" \/>\n<meta property=\"article:publisher\" content=\"https:\/\/www.facebook.com\/campingcasavio\" \/>\n<meta property=\"article:modified_time\" content=\"2020-05-06T07:49:50+00:00\" \/>\n<meta property=\"og:image\" content=\"https:\/\/www.casavio.com\/wp-content\/uploads\/2019\/11\/ca-savio-territorio-citt\u00e0-arte.jpg\" \/>\n\t<meta property=\"og:image:width\" content=\"440\" \/>\n\t<meta property=\"og:image:height\" content=\"600\" \/>\n\t<meta property=\"og:image:type\" content=\"image\/jpeg\" \/>\n<meta name=\"twitter:card\" content=\"summary_large_image\" \/>\n<script type=\"application\/ld+json\" class=\"yoast-schema-graph\">{\"@context\":\"https:\/\/schema.org\",\"@graph\":[{\"@type\":\"WebPage\",\"@id\":\"https:\/\/www.casavio.com\/hu\/a-kornyek\/muveszvarosok\/\",\"url\":\"https:\/\/www.casavio.com\/hu\/a-kornyek\/muveszvarosok\/\",\"name\":\"Ismerd meg Veneto r\u00e9gi\u00f3 m\u0171v\u00e9szv\u00e1rosait: kir\u00e1ndul\u00e1sok \u00e9s v\u00e1rosl\u00e1togat\u00e1sok &#8211; Camping Ca&#039; Savio\",\"isPartOf\":{\"@id\":\"https:\/\/www.casavio.com\/hu\/#website\"},\"primaryImageOfPage\":{\"@id\":\"https:\/\/www.casavio.com\/hu\/a-kornyek\/muveszvarosok\/#primaryimage\"},\"image\":{\"@id\":\"https:\/\/www.casavio.com\/hu\/a-kornyek\/muveszvarosok\/#primaryimage\"},\"thumbnailUrl\":\"https:\/\/www.casavio.com\/wp-content\/uploads\/2019\/11\/ca-savio-territorio-citt\u00e0-arte.jpg\",\"datePublished\":\"2019-11-07T10:18:30+00:00\",\"dateModified\":\"2020-05-06T07:49:50+00:00\",\"description\":\"L\u00e1togasson el a Veneto m\u0171v\u00e9szeti v\u00e1rosaiba egy Camping Ca 'Savio \u00e1ltal szervezett kir\u00e1ndul\u00e1ssal.\",\"breadcrumb\":{\"@id\":\"https:\/\/www.casavio.com\/hu\/a-kornyek\/muveszvarosok\/#breadcrumb\"},\"inLanguage\":\"hu\",\"potentialAction\":[{\"@type\":\"ReadAction\",\"target\":[\"https:\/\/www.casavio.com\/hu\/a-kornyek\/muveszvarosok\/\"]}]},{\"@type\":\"ImageObject\",\"inLanguage\":\"hu\",\"@id\":\"https:\/\/www.casavio.com\/hu\/a-kornyek\/muveszvarosok\/#primaryimage\",\"url\":\"https:\/\/www.casavio.com\/wp-content\/uploads\/2019\/11\/ca-savio-territorio-citt\u00e0-arte.jpg\",\"contentUrl\":\"https:\/\/www.casavio.com\/wp-content\/uploads\/2019\/11\/ca-savio-territorio-citt\u00e0-arte.jpg\",\"width\":440,\"height\":600},{\"@type\":\"BreadcrumbList\",\"@id\":\"https:\/\/www.casavio.com\/hu\/a-kornyek\/muveszvarosok\/#breadcrumb\",\"itemListElement\":[{\"@type\":\"ListItem\",\"position\":1,\"name\":\"Home\",\"item\":\"https:\/\/www.casavio.com\/hu\/\"},{\"@type\":\"ListItem\",\"position\":2,\"name\":\"A k\u00f6rny\u00e9k\",\"item\":\"https:\/\/www.casavio.com\/hu\/a-kornyek\/\"},{\"@type\":\"ListItem\",\"position\":3,\"name\":\"M\u0171v\u00e9szv\u00e1rosok\"}]},{\"@type\":\"WebSite\",\"@id\":\"https:\/\/www.casavio.com\/hu\/#website\",\"url\":\"https:\/\/www.casavio.com\/hu\/\",\"name\":\"Camping Ca&#039; Savio\",\"description\":\"\",\"publisher\":{\"@id\":\"https:\/\/www.casavio.com\/hu\/#organization\"},\"potentialAction\":[{\"@type\":\"SearchAction\",\"target\":{\"@type\":\"EntryPoint\",\"urlTemplate\":\"https:\/\/www.casavio.com\/hu\/?s={search_term_string}\"},\"query-input\":{\"@type\":\"PropertyValueSpecification\",\"valueRequired\":true,\"valueName\":\"search_term_string\"}}],\"inLanguage\":\"hu\"},{\"@type\":\"Organization\",\"@id\":\"https:\/\/www.casavio.com\/hu\/#organization\",\"name\":\"Camping Ca'Savio\",\"url\":\"https:\/\/www.casavio.com\/hu\/\",\"logo\":{\"@type\":\"ImageObject\",\"inLanguage\":\"hu\",\"@id\":\"https:\/\/www.casavio.com\/hu\/#\/schema\/logo\/image\/\",\"url\":\"https:\/\/www.casavio.com\/wp-content\/uploads\/2024\/04\/favicon.png\",\"contentUrl\":\"https:\/\/www.casavio.com\/wp-content\/uploads\/2024\/04\/favicon.png\",\"width\":144,\"height\":144,\"caption\":\"Camping Ca'Savio\"},\"image\":{\"@id\":\"https:\/\/www.casavio.com\/hu\/#\/schema\/logo\/image\/\"},\"sameAs\":[\"https:\/\/www.facebook.com\/campingcasavio\",\"https:\/\/www.instagram.com\/campingcasavio\",\"https:\/\/www.youtube.com\/user\/campingcasavio\"]}]}<\/script>\n<!-- \/ Yoast SEO plugin. -->","yoast_head_json":{"title":"Ismerd meg Veneto r\u00e9gi\u00f3 m\u0171v\u00e9szv\u00e1rosait: kir\u00e1ndul\u00e1sok \u00e9s v\u00e1rosl\u00e1togat\u00e1sok &#8211; Camping Ca&#039; Savio","description":"L\u00e1togasson el a Veneto m\u0171v\u00e9szeti v\u00e1rosaiba egy Camping Ca 'Savio \u00e1ltal szervezett kir\u00e1ndul\u00e1ssal.","robots":{"index":"index","follow":"follow","max-snippet":"max-snippet:-1","max-image-preview":"max-image-preview:large","max-video-preview":"max-video-preview:-1"},"canonical":"https:\/\/www.casavio.com\/hu\/a-kornyek\/muveszvarosok\/","og_locale":"hu_HU","og_type":"article","og_title":"Ismerd meg Veneto r\u00e9gi\u00f3 m\u0171v\u00e9szv\u00e1rosait: kir\u00e1ndul\u00e1sok \u00e9s v\u00e1rosl\u00e1togat\u00e1sok &#8211; Camping Ca&#039; Savio","og_description":"L\u00e1togasson el a Veneto m\u0171v\u00e9szeti v\u00e1rosaiba egy Camping Ca 'Savio \u00e1ltal szervezett kir\u00e1ndul\u00e1ssal.","og_url":"https:\/\/www.casavio.com\/hu\/a-kornyek\/muveszvarosok\/","og_site_name":"Camping Ca&#039; Savio","article_publisher":"https:\/\/www.facebook.com\/campingcasavio","article_modified_time":"2020-05-06T07:49:50+00:00","og_image":[{"width":440,"height":600,"url":"https:\/\/www.casavio.com\/wp-content\/uploads\/2019\/11\/ca-savio-territorio-citt\u00e0-arte.jpg","type":"image\/jpeg"}],"twitter_card":"summary_large_image","schema":{"@context":"https:\/\/schema.org","@graph":[{"@type":"WebPage","@id":"https:\/\/www.casavio.com\/hu\/a-kornyek\/muveszvarosok\/","url":"https:\/\/www.casavio.com\/hu\/a-kornyek\/muveszvarosok\/","name":"Ismerd meg Veneto r\u00e9gi\u00f3 m\u0171v\u00e9szv\u00e1rosait: kir\u00e1ndul\u00e1sok \u00e9s v\u00e1rosl\u00e1togat\u00e1sok &#8211; Camping Ca&#039; Savio","isPartOf":{"@id":"https:\/\/www.casavio.com\/hu\/#website"},"primaryImageOfPage":{"@id":"https:\/\/www.casavio.com\/hu\/a-kornyek\/muveszvarosok\/#primaryimage"},"image":{"@id":"https:\/\/www.casavio.com\/hu\/a-kornyek\/muveszvarosok\/#primaryimage"},"thumbnailUrl":"https:\/\/www.casavio.com\/wp-content\/uploads\/2019\/11\/ca-savio-territorio-citt\u00e0-arte.jpg","datePublished":"2019-11-07T10:18:30+00:00","dateModified":"2020-05-06T07:49:50+00:00","description":"L\u00e1togasson el a Veneto m\u0171v\u00e9szeti v\u00e1rosaiba egy Camping Ca 'Savio \u00e1ltal szervezett kir\u00e1ndul\u00e1ssal.","breadcrumb":{"@id":"https:\/\/www.casavio.com\/hu\/a-kornyek\/muveszvarosok\/#breadcrumb"},"inLanguage":"hu","potentialAction":[{"@type":"ReadAction","target":["https:\/\/www.casavio.com\/hu\/a-kornyek\/muveszvarosok\/"]}]},{"@type":"ImageObject","inLanguage":"hu","@id":"https:\/\/www.casavio.com\/hu\/a-kornyek\/muveszvarosok\/#primaryimage","url":"https:\/\/www.casavio.com\/wp-content\/uploads\/2019\/11\/ca-savio-territorio-citt\u00e0-arte.jpg","contentUrl":"https:\/\/www.casavio.com\/wp-content\/uploads\/2019\/11\/ca-savio-territorio-citt\u00e0-arte.jpg","width":440,"height":600},{"@type":"BreadcrumbList","@id":"https:\/\/www.casavio.com\/hu\/a-kornyek\/muveszvarosok\/#breadcrumb","itemListElement":[{"@type":"ListItem","position":1,"name":"Home","item":"https:\/\/www.casavio.com\/hu\/"},{"@type":"ListItem","position":2,"name":"A k\u00f6rny\u00e9k","item":"https:\/\/www.casavio.com\/hu\/a-kornyek\/"},{"@type":"ListItem","position":3,"name":"M\u0171v\u00e9szv\u00e1rosok"}]},{"@type":"WebSite","@id":"https:\/\/www.casavio.com\/hu\/#website","url":"https:\/\/www.casavio.com\/hu\/","name":"Camping Ca&#039; Savio","description":"","publisher":{"@id":"https:\/\/www.casavio.com\/hu\/#organization"},"potentialAction":[{"@type":"SearchAction","target":{"@type":"EntryPoint","urlTemplate":"https:\/\/www.casavio.com\/hu\/?s={search_term_string}"},"query-input":{"@type":"PropertyValueSpecification","valueRequired":true,"valueName":"search_term_string"}}],"inLanguage":"hu"},{"@type":"Organization","@id":"https:\/\/www.casavio.com\/hu\/#organization","name":"Camping Ca'Savio","url":"https:\/\/www.casavio.com\/hu\/","logo":{"@type":"ImageObject","inLanguage":"hu","@id":"https:\/\/www.casavio.com\/hu\/#\/schema\/logo\/image\/","url":"https:\/\/www.casavio.com\/wp-content\/uploads\/2024\/04\/favicon.png","contentUrl":"https:\/\/www.casavio.com\/wp-content\/uploads\/2024\/04\/favicon.png","width":144,"height":144,"caption":"Camping Ca'Savio"},"image":{"@id":"https:\/\/www.casavio.com\/hu\/#\/schema\/logo\/image\/"},"sameAs":["https:\/\/www.facebook.com\/campingcasavio","https:\/\/www.instagram.com\/campingcasavio","https:\/\/www.youtube.com\/user\/campingcasavio"]}]}},"_links":{"self":[{"href":"https:\/\/www.casavio.com\/hu\/wp-json\/wp\/v2\/pages\/10932","targetHints":{"allow":["GET"]}}],"collection":[{"href":"https:\/\/www.casavio.com\/hu\/wp-json\/wp\/v2\/pages"}],"about":[{"href":"https:\/\/www.casavio.com\/hu\/wp-json\/wp\/v2\/types\/page"}],"author":[{"embeddable":true,"href":"https:\/\/www.casavio.com\/hu\/wp-json\/wp\/v2\/users\/3"}],"replies":[{"embeddable":true,"href":"https:\/\/www.casavio.com\/hu\/wp-json\/wp\/v2\/comments?post=10932"}],"version-history":[{"count":2,"href":"https:\/\/www.casavio.com\/hu\/wp-json\/wp\/v2\/pages\/10932\/revisions"}],"predecessor-version":[{"id":10934,"href":"https:\/\/www.casavio.com\/hu\/wp-json\/wp\/v2\/pages\/10932\/revisions\/10934"}],"up":[{"embeddable":true,"href":"https:\/\/www.casavio.com\/hu\/wp-json\/wp\/v2\/pages\/10901"}],"wp:featuredmedia":[{"embeddable":true,"href":"https:\/\/www.casavio.com\/hu\/wp-json\/wp\/v2\/media\/4571"}],"wp:attachment":[{"href":"https:\/\/www.casavio.com\/hu\/wp-json\/wp\/v2\/media?parent=10932"}],"curies":[{"name":"wp","href":"https:\/\/api.w.org\/{rel}","templated":true}]}}