{"id":10942,"date":"2019-11-07T11:21:06","date_gmt":"2019-11-07T10:21:06","guid":{"rendered":"https:\/\/www.casavio.com\/prezzi-e-offerte\/camping-ca-savio-prezzi\/"},"modified":"2026-02-26T12:29:38","modified_gmt":"2026-02-26T11:29:38","slug":"kemping-ca-savio-arlista","status":"publish","type":"page","link":"https:\/\/www.casavio.com\/hu\/arak-es-ajanlatok\/kemping-ca-savio-arlista\/","title":{"rendered":"\u00c1rlista 2026"},"content":{"rendered":"<p>Ezen az oldalon egy \u00f6sszefoglal\u00f3t tal\u00e1l n\u00e9h\u00e1ny \u00e1ltal\u00e1nos megjegyz\u00e9ssel a <a href=\"https:\/\/www.casavio.com\/hu\/camping\/\">sz\u00e1ll\u00e1s-<\/a> \u00e9s <a href=\"https:\/\/www.casavio.com\/hu\/camping\/satorhelyek\/\">kemping\u00e1rakr\u00f3l<\/a>.<br \/>\nA <strong>minim\u00e1lis tart\u00f3zkod\u00e1si<\/strong> id\u0151 3 vagy 7 \u00e9jszaka, az id\u0151szakt\u00f3l f\u00fcgg\u0151en, b\u0151vebben itt olvashat.<br \/>\n\u00dagy d\u00f6nt\u00f6tt\u00fcnk, hogy az <strong>\u00e1llatokkal<\/strong> utaz\u00f3kat nem fogadjuk, mert nem rendelkez\u00fcnk megfelel\u0151 felszerel\u00e9ssel a befogad\u00e1sukra.<\/p>\n","protected":false},"excerpt":{"rendered":"<p>S\u00e1torhelyek, mobilh\u00e1zak, glamping, bungalow-k \u00e9s chalet-k \u00e9jszak\u00e1ra sz\u00f3l\u00f3 \u00e1rai.<\/p>\n","protected":false},"author":3,"featured_media":5282,"parent":10940,"menu_order":2,"comment_status":"closed","ping_status":"closed","template":"templates\/tpl-prices.php","meta":{"_acf_changed":false},"class_list":["post-10942","page","type-page","status-publish","has-post-thumbnail","hentry"],"acf":[],"yoast_head":"<!-- This site is optimized with the Yoast SEO plugin v25.3 - https:\/\/yoast.com\/wordpress\/plugins\/seo\/ -->\n<title>A kemping \u00e1rai 2026 &#8211; Camping Ca&#039; Savio<\/title>\n<meta name=\"description\" content=\"Ez a Ca\u2019 Savio Kemping \u00e1rlist\u00e1t tartalmaz\u00f3 oldala. Itt megismerheted \u00e1rainkat \u00e9s a foglal\u00e1si felt\u00e9teleket.\" \/>\n<meta name=\"robots\" content=\"index, follow, max-snippet:-1, max-image-preview:large, max-video-preview:-1\" \/>\n<link rel=\"canonical\" href=\"https:\/\/www.casavio.com\/hu\/arak-es-ajanlatok\/kemping-ca-savio-arlista\/\" \/>\n<meta property=\"og:locale\" content=\"hu_HU\" \/>\n<meta property=\"og:type\" content=\"article\" \/>\n<meta property=\"og:title\" content=\"A kemping \u00e1rai 2026 &#8211; Camping Ca&#039; Savio\" \/>\n<meta property=\"og:description\" content=\"Ez a Ca\u2019 Savio Kemping \u00e1rlist\u00e1t tartalmaz\u00f3 oldala. Itt megismerheted \u00e1rainkat \u00e9s a foglal\u00e1si felt\u00e9teleket.\" \/>\n<meta property=\"og:url\" content=\"https:\/\/www.casavio.com\/hu\/arak-es-ajanlatok\/kemping-ca-savio-arlista\/\" \/>\n<meta property=\"og:site_name\" content=\"Camping Ca&#039; Savio\" \/>\n<meta property=\"article:publisher\" content=\"https:\/\/www.facebook.com\/campingcasavio\" \/>\n<meta property=\"article:modified_time\" content=\"2026-02-26T11:29:38+00:00\" \/>\n<meta property=\"og:image\" content=\"https:\/\/www.casavio.com\/wp-content\/uploads\/2019\/11\/ca-savio-prezzi-offerte-prezzi-1.jpg\" \/>\n\t<meta property=\"og:image:width\" content=\"440\" \/>\n\t<meta property=\"og:image:height\" content=\"600\" \/>\n\t<meta property=\"og:image:type\" content=\"image\/jpeg\" \/>\n<meta name=\"twitter:card\" content=\"summary_large_image\" \/>\n<meta name=\"twitter:label1\" content=\"Becs\u00fclt olvas\u00e1si id\u0151\" \/>\n\t<meta name=\"twitter:data1\" content=\"1 perc\" \/>\n<script type=\"application\/ld+json\" class=\"yoast-schema-graph\">{\"@context\":\"https:\/\/schema.org\",\"@graph\":[{\"@type\":\"WebPage\",\"@id\":\"https:\/\/www.casavio.com\/hu\/arak-es-ajanlatok\/kemping-ca-savio-arlista\/\",\"url\":\"https:\/\/www.casavio.com\/hu\/arak-es-ajanlatok\/kemping-ca-savio-arlista\/\",\"name\":\"A kemping \u00e1rai 2026 &#8211; Camping Ca&#039; Savio\",\"isPartOf\":{\"@id\":\"https:\/\/www.casavio.com\/hu\/#website\"},\"primaryImageOfPage\":{\"@id\":\"https:\/\/www.casavio.com\/hu\/arak-es-ajanlatok\/kemping-ca-savio-arlista\/#primaryimage\"},\"image\":{\"@id\":\"https:\/\/www.casavio.com\/hu\/arak-es-ajanlatok\/kemping-ca-savio-arlista\/#primaryimage\"},\"thumbnailUrl\":\"https:\/\/www.casavio.com\/wp-content\/uploads\/2019\/11\/ca-savio-prezzi-offerte-prezzi-1.jpg\",\"datePublished\":\"2019-11-07T10:21:06+00:00\",\"dateModified\":\"2026-02-26T11:29:38+00:00\",\"description\":\"Ez a Ca\u2019 Savio Kemping \u00e1rlist\u00e1t tartalmaz\u00f3 oldala. Itt megismerheted \u00e1rainkat \u00e9s a foglal\u00e1si felt\u00e9teleket.\",\"breadcrumb\":{\"@id\":\"https:\/\/www.casavio.com\/hu\/arak-es-ajanlatok\/kemping-ca-savio-arlista\/#breadcrumb\"},\"inLanguage\":\"hu\",\"potentialAction\":[{\"@type\":\"ReadAction\",\"target\":[\"https:\/\/www.casavio.com\/hu\/arak-es-ajanlatok\/kemping-ca-savio-arlista\/\"]}]},{\"@type\":\"ImageObject\",\"inLanguage\":\"hu\",\"@id\":\"https:\/\/www.casavio.com\/hu\/arak-es-ajanlatok\/kemping-ca-savio-arlista\/#primaryimage\",\"url\":\"https:\/\/www.casavio.com\/wp-content\/uploads\/2019\/11\/ca-savio-prezzi-offerte-prezzi-1.jpg\",\"contentUrl\":\"https:\/\/www.casavio.com\/wp-content\/uploads\/2019\/11\/ca-savio-prezzi-offerte-prezzi-1.jpg\",\"width\":440,\"height\":600},{\"@type\":\"BreadcrumbList\",\"@id\":\"https:\/\/www.casavio.com\/hu\/arak-es-ajanlatok\/kemping-ca-savio-arlista\/#breadcrumb\",\"itemListElement\":[{\"@type\":\"ListItem\",\"position\":1,\"name\":\"Home\",\"item\":\"https:\/\/www.casavio.com\/hu\/\"},{\"@type\":\"ListItem\",\"position\":2,\"name\":\"\u00c1rak \u00e9s aj\u00e1nlatok\",\"item\":\"https:\/\/www.casavio.com\/hu\/arak-es-ajanlatok\/\"},{\"@type\":\"ListItem\",\"position\":3,\"name\":\"\u00c1rlista 2026\"}]},{\"@type\":\"WebSite\",\"@id\":\"https:\/\/www.casavio.com\/hu\/#website\",\"url\":\"https:\/\/www.casavio.com\/hu\/\",\"name\":\"Camping Ca&#039; Savio\",\"description\":\"\",\"publisher\":{\"@id\":\"https:\/\/www.casavio.com\/hu\/#organization\"},\"potentialAction\":[{\"@type\":\"SearchAction\",\"target\":{\"@type\":\"EntryPoint\",\"urlTemplate\":\"https:\/\/www.casavio.com\/hu\/?s={search_term_string}\"},\"query-input\":{\"@type\":\"PropertyValueSpecification\",\"valueRequired\":true,\"valueName\":\"search_term_string\"}}],\"inLanguage\":\"hu\"},{\"@type\":\"Organization\",\"@id\":\"https:\/\/www.casavio.com\/hu\/#organization\",\"name\":\"Camping Ca'Savio\",\"url\":\"https:\/\/www.casavio.com\/hu\/\",\"logo\":{\"@type\":\"ImageObject\",\"inLanguage\":\"hu\",\"@id\":\"https:\/\/www.casavio.com\/hu\/#\/schema\/logo\/image\/\",\"url\":\"https:\/\/www.casavio.com\/wp-content\/uploads\/2024\/04\/favicon.png\",\"contentUrl\":\"https:\/\/www.casavio.com\/wp-content\/uploads\/2024\/04\/favicon.png\",\"width\":144,\"height\":144,\"caption\":\"Camping Ca'Savio\"},\"image\":{\"@id\":\"https:\/\/www.casavio.com\/hu\/#\/schema\/logo\/image\/\"},\"sameAs\":[\"https:\/\/www.facebook.com\/campingcasavio\",\"https:\/\/www.instagram.com\/campingcasavio\",\"https:\/\/www.youtube.com\/user\/campingcasavio\"]}]}<\/script>\n<!-- \/ Yoast SEO plugin. -->","yoast_head_json":{"title":"A kemping \u00e1rai 2026 &#8211; Camping Ca&#039; Savio","description":"Ez a Ca\u2019 Savio Kemping \u00e1rlist\u00e1t tartalmaz\u00f3 oldala. Itt megismerheted \u00e1rainkat \u00e9s a foglal\u00e1si felt\u00e9teleket.","robots":{"index":"index","follow":"follow","max-snippet":"max-snippet:-1","max-image-preview":"max-image-preview:large","max-video-preview":"max-video-preview:-1"},"canonical":"https:\/\/www.casavio.com\/hu\/arak-es-ajanlatok\/kemping-ca-savio-arlista\/","og_locale":"hu_HU","og_type":"article","og_title":"A kemping \u00e1rai 2026 &#8211; Camping Ca&#039; Savio","og_description":"Ez a Ca\u2019 Savio Kemping \u00e1rlist\u00e1t tartalmaz\u00f3 oldala. Itt megismerheted \u00e1rainkat \u00e9s a foglal\u00e1si felt\u00e9teleket.","og_url":"https:\/\/www.casavio.com\/hu\/arak-es-ajanlatok\/kemping-ca-savio-arlista\/","og_site_name":"Camping Ca&#039; Savio","article_publisher":"https:\/\/www.facebook.com\/campingcasavio","article_modified_time":"2026-02-26T11:29:38+00:00","og_image":[{"width":440,"height":600,"url":"https:\/\/www.casavio.com\/wp-content\/uploads\/2019\/11\/ca-savio-prezzi-offerte-prezzi-1.jpg","type":"image\/jpeg"}],"twitter_card":"summary_large_image","twitter_misc":{"Becs\u00fclt olvas\u00e1si id\u0151":"1 perc"},"schema":{"@context":"https:\/\/schema.org","@graph":[{"@type":"WebPage","@id":"https:\/\/www.casavio.com\/hu\/arak-es-ajanlatok\/kemping-ca-savio-arlista\/","url":"https:\/\/www.casavio.com\/hu\/arak-es-ajanlatok\/kemping-ca-savio-arlista\/","name":"A kemping \u00e1rai 2026 &#8211; Camping Ca&#039; Savio","isPartOf":{"@id":"https:\/\/www.casavio.com\/hu\/#website"},"primaryImageOfPage":{"@id":"https:\/\/www.casavio.com\/hu\/arak-es-ajanlatok\/kemping-ca-savio-arlista\/#primaryimage"},"image":{"@id":"https:\/\/www.casavio.com\/hu\/arak-es-ajanlatok\/kemping-ca-savio-arlista\/#primaryimage"},"thumbnailUrl":"https:\/\/www.casavio.com\/wp-content\/uploads\/2019\/11\/ca-savio-prezzi-offerte-prezzi-1.jpg","datePublished":"2019-11-07T10:21:06+00:00","dateModified":"2026-02-26T11:29:38+00:00","description":"Ez a Ca\u2019 Savio Kemping \u00e1rlist\u00e1t tartalmaz\u00f3 oldala. Itt megismerheted \u00e1rainkat \u00e9s a foglal\u00e1si felt\u00e9teleket.","breadcrumb":{"@id":"https:\/\/www.casavio.com\/hu\/arak-es-ajanlatok\/kemping-ca-savio-arlista\/#breadcrumb"},"inLanguage":"hu","potentialAction":[{"@type":"ReadAction","target":["https:\/\/www.casavio.com\/hu\/arak-es-ajanlatok\/kemping-ca-savio-arlista\/"]}]},{"@type":"ImageObject","inLanguage":"hu","@id":"https:\/\/www.casavio.com\/hu\/arak-es-ajanlatok\/kemping-ca-savio-arlista\/#primaryimage","url":"https:\/\/www.casavio.com\/wp-content\/uploads\/2019\/11\/ca-savio-prezzi-offerte-prezzi-1.jpg","contentUrl":"https:\/\/www.casavio.com\/wp-content\/uploads\/2019\/11\/ca-savio-prezzi-offerte-prezzi-1.jpg","width":440,"height":600},{"@type":"BreadcrumbList","@id":"https:\/\/www.casavio.com\/hu\/arak-es-ajanlatok\/kemping-ca-savio-arlista\/#breadcrumb","itemListElement":[{"@type":"ListItem","position":1,"name":"Home","item":"https:\/\/www.casavio.com\/hu\/"},{"@type":"ListItem","position":2,"name":"\u00c1rak \u00e9s aj\u00e1nlatok","item":"https:\/\/www.casavio.com\/hu\/arak-es-ajanlatok\/"},{"@type":"ListItem","position":3,"name":"\u00c1rlista 2026"}]},{"@type":"WebSite","@id":"https:\/\/www.casavio.com\/hu\/#website","url":"https:\/\/www.casavio.com\/hu\/","name":"Camping Ca&#039; Savio","description":"","publisher":{"@id":"https:\/\/www.casavio.com\/hu\/#organization"},"potentialAction":[{"@type":"SearchAction","target":{"@type":"EntryPoint","urlTemplate":"https:\/\/www.casavio.com\/hu\/?s={search_term_string}"},"query-input":{"@type":"PropertyValueSpecification","valueRequired":true,"valueName":"search_term_string"}}],"inLanguage":"hu"},{"@type":"Organization","@id":"https:\/\/www.casavio.com\/hu\/#organization","name":"Camping Ca'Savio","url":"https:\/\/www.casavio.com\/hu\/","logo":{"@type":"ImageObject","inLanguage":"hu","@id":"https:\/\/www.casavio.com\/hu\/#\/schema\/logo\/image\/","url":"https:\/\/www.casavio.com\/wp-content\/uploads\/2024\/04\/favicon.png","contentUrl":"https:\/\/www.casavio.com\/wp-content\/uploads\/2024\/04\/favicon.png","width":144,"height":144,"caption":"Camping Ca'Savio"},"image":{"@id":"https:\/\/www.casavio.com\/hu\/#\/schema\/logo\/image\/"},"sameAs":["https:\/\/www.facebook.com\/campingcasavio","https:\/\/www.instagram.com\/campingcasavio","https:\/\/www.youtube.com\/user\/campingcasavio"]}]}},"_links":{"self":[{"href":"https:\/\/www.casavio.com\/hu\/wp-json\/wp\/v2\/pages\/10942","targetHints":{"allow":["GET"]}}],"collection":[{"href":"https:\/\/www.casavio.com\/hu\/wp-json\/wp\/v2\/pages"}],"about":[{"href":"https:\/\/www.casavio.com\/hu\/wp-json\/wp\/v2\/types\/page"}],"author":[{"embeddable":true,"href":"https:\/\/www.casavio.com\/hu\/wp-json\/wp\/v2\/users\/3"}],"replies":[{"embeddable":true,"href":"https:\/\/www.casavio.com\/hu\/wp-json\/wp\/v2\/comments?post=10942"}],"version-history":[{"count":2,"href":"https:\/\/www.casavio.com\/hu\/wp-json\/wp\/v2\/pages\/10942\/revisions"}],"predecessor-version":[{"id":44674,"href":"https:\/\/www.casavio.com\/hu\/wp-json\/wp\/v2\/pages\/10942\/revisions\/44674"}],"up":[{"embeddable":true,"href":"https:\/\/www.casavio.com\/hu\/wp-json\/wp\/v2\/pages\/10940"}],"wp:featuredmedia":[{"embeddable":true,"href":"https:\/\/www.casavio.com\/hu\/wp-json\/wp\/v2\/media\/5282"}],"wp:attachment":[{"href":"https:\/\/www.casavio.com\/hu\/wp-json\/wp\/v2\/media?parent=10942"}],"curies":[{"name":"wp","href":"https:\/\/api.w.org\/{rel}","templated":true}]}}