{"id":10955,"date":"2019-11-07T11:32:36","date_gmt":"2019-11-07T10:32:36","guid":{"rendered":"https:\/\/www.casavio.com\/kapcsolatok\/come-prenotare\/"},"modified":"2020-05-06T11:48:52","modified_gmt":"2020-05-06T09:48:52","slug":"a-foglalas-modja","status":"publish","type":"page","link":"https:\/\/www.casavio.com\/hu\/kapcsolatok\/a-foglalas-modja\/","title":{"rendered":"A foglal\u00e1s m\u00f3dja"},"content":{"rendered":"<p>Szeretn\u00e9l foglalni a Ca\u2019 Savio Kempingben? Megmutatjuk, hogyan.<\/p>\n<h4><a href=\"https:\/\/booking.casavio.com\/search\" target=\"_blank\" rel=\"noopener noreferrer\">Online<\/a><\/h4>\n<p>Egyszer\u0171en \u00e9s gyorsan ellen\u0151rizheted a sz\u00e1ll\u00e1s vagy s\u00e1torhely <strong>rendelkez\u00e9sre<\/strong> \u00e1ll\u00e1s\u00e1t. N\u00e9h\u00e1ny kattint\u00e1ssal lefoglalhatod nyaral\u00e1sodat, kifizetheted a k\u00e9rt el\u0151leget, biztons\u00e1gosan, hitel <strong>k\u00e1rty\u00e1val vagy Paypal<\/strong>-al \u00e9s <strong>foglal\u00e1sodat azonnal meger\u0151s\u00edtj\u00fck<\/strong>.<br \/>\nHa fizet\u00e9si m\u00f3dk\u00e9nt a <strong>banki \u00e1tutal\u00e1st v\u00e1lasztod<\/strong>, egy e-mailben meg\u00edrjuk az utal\u00e1s \u00f6sszeg\u00e9t, a fizet\u00e9si hat\u00e1rid\u0151t \u00e9s a t\u00f6bbi r\u00e9szletet.<\/p>\n<h4><a href=\"https:\/\/booking.casavio.com\/contact\" target=\"_blank\" rel=\"noopener noreferrer\"><u>\u0170rlapon<\/u> kereszt\u00fcli foglal\u00e1s<\/a><\/h4>\n<p>Ha szeretn\u00e9l nem k\u00f6telez\u0151 \u00e9rv\u00e9ny\u0171 \u00e1raj\u00e1nlatot kapni vagy b\u0151vebb inform\u00e1ci\u00f3ra van sz\u00fcks\u00e9ged, t\u00f6ltsd ki az \u0171rlapot \u00e9s t\u00fcntesd fel az \u00fcd\u00fcl\u0151 vend\u00e9gek sz\u00e1m\u00e1t, a sz\u00e1ll\u00e1s vagy s\u00e1torhely t\u00edpus\u00e1t.<br \/>\nHa \u00fagy d\u00f6ntesz, hogy foglalsz, ism\u00e9t ellen\u0151rizz\u00fck a rendelkez\u00e9sre \u00e1ll\u00e1st, amelyet az \u00e1ltalad v\u00e1lasztott fizet\u00e9si m\u00f3ddal er\u0151s\u00edthetsz meg.<\/p>\n<h4>Eml\u00e9keztet\u00fcnk arra, hogy:<\/h4>\n<ul>\n<li>A foglal\u00e1s meger\u0151s\u00edt\u00e9s\u00e9hez k\u00e9rt el\u0151leg a nyaral\u00e1s teljes \u00f6sszeg\u00e9nek <strong>30%-a \u00e9s a k\u00fcl\u00f6nb\u00f6zetet k\u00f6zvetlen\u00fcl<\/strong> a kempingben kell kifizetned, nyaral\u00e1s sor\u00e1n.<\/li>\n<li>Ha a Vianello Vittorio S.p.A. foly\u00f3sz\u00e1ml\u00e1j\u00e1ra t\u00f6rt\u00e9n\u0151 banki utal\u00e1s mellett d\u00f6ntesz, az esetleges banki \u00e1tutal\u00e1si k\u00f6lts\u00e9gek \u00f6sszege a bankodt\u00f3l f\u00fcgg.<\/li>\n<li>A foglal\u00e1shoz haszn\u00e1lt felhaszn\u00e1l\u00f3i <strong>n\u00e9v (username) \u00e9s jelsz\u00f3 (password)<\/strong> szigor\u00faan szem\u00e9lyre sz\u00f3l\u00f3 \u00e9s csak egy szem\u00e9lyhez\/foglal\u00e1si c\u00edmzetthez tartozhat.<\/li>\n<li>A felhaszn\u00e1l\u00f3i n\u00e9v \u00e9s a jelsz\u00f3 a j\u00f6v\u0151ben is hasznosak lesznek a k\u00e9s\u0151bbi foglal\u00e1sokhoz \u00e9s a <a href=\"https:\/\/booking.casavio.com\/contact\"><u>fenntartott ter\u00fcletre<\/u><\/a> (area riservata) t\u00f6rt\u00e9n\u0151 bel\u00e9p\u00e9shez, ahol friss\u00edtheted a profilodat, ellen\u0151rizheted foglal\u00e1sod r\u00e9szleteit \u00e9s megv\u00e1ltoztathatod a kor\u00e1bban v\u00e1lasztott fizet\u00e9si m\u00f3dot banki utal\u00e1sr\u00f3l hitel k\u00e1rty\u00e1val\/Paypal-al t\u00f6rt\u00e9n\u0151 fizet\u00e9sre vagy ford\u00edtva.<\/li>\n<\/ul>\n","protected":false},"excerpt":{"rendered":"<p>\u00datmutat\u00e1sok l\u00e9p\u00e9sr\u0151l l\u00e9p\u00e9sre.<\/p>\n","protected":false},"author":3,"featured_media":4389,"parent":10949,"menu_order":89,"comment_status":"closed","ping_status":"closed","template":"","meta":{"_acf_changed":false},"class_list":["post-10955","page","type-page","status-publish","has-post-thumbnail","hentry"],"acf":[],"yoast_head":"<!-- This site is optimized with the Yoast SEO plugin v25.3 - https:\/\/yoast.com\/wordpress\/plugins\/seo\/ -->\n<title>Foglalj sz\u00e1ll\u00e1st a Kempingben online &#8211; Camping Ca&#039; Savio<\/title>\n<meta name=\"description\" content=\"Szeretn\u00e9d nyaral\u00e1sodat a Ca\u2019 Savio Kempingben lefoglalni? Megmutatjuk, hogyan.\" \/>\n<meta name=\"robots\" content=\"index, follow, max-snippet:-1, max-image-preview:large, max-video-preview:-1\" \/>\n<link rel=\"canonical\" href=\"https:\/\/www.casavio.com\/hu\/kapcsolatok\/a-foglalas-modja\/\" \/>\n<meta property=\"og:locale\" content=\"hu_HU\" \/>\n<meta property=\"og:type\" content=\"article\" \/>\n<meta property=\"og:title\" content=\"Foglalj sz\u00e1ll\u00e1st a Kempingben online &#8211; Camping Ca&#039; Savio\" \/>\n<meta property=\"og:description\" content=\"Szeretn\u00e9d nyaral\u00e1sodat a Ca\u2019 Savio Kempingben lefoglalni? Megmutatjuk, hogyan.\" \/>\n<meta property=\"og:url\" content=\"https:\/\/www.casavio.com\/hu\/kapcsolatok\/a-foglalas-modja\/\" \/>\n<meta property=\"og:site_name\" content=\"Camping Ca&#039; Savio\" \/>\n<meta property=\"article:publisher\" content=\"https:\/\/www.facebook.com\/campingcasavio\" \/>\n<meta property=\"article:modified_time\" content=\"2020-05-06T09:48:52+00:00\" \/>\n<meta property=\"og:image\" content=\"https:\/\/www.casavio.com\/wp-content\/uploads\/2019\/11\/ca-savio-contatti-come-prenotare.jpg\" \/>\n\t<meta property=\"og:image:width\" content=\"440\" \/>\n\t<meta property=\"og:image:height\" content=\"600\" \/>\n\t<meta property=\"og:image:type\" content=\"image\/jpeg\" \/>\n<meta name=\"twitter:card\" content=\"summary_large_image\" \/>\n<meta name=\"twitter:label1\" content=\"Becs\u00fclt olvas\u00e1si id\u0151\" \/>\n\t<meta name=\"twitter:data1\" content=\"2 perc\" \/>\n<script type=\"application\/ld+json\" class=\"yoast-schema-graph\">{\"@context\":\"https:\/\/schema.org\",\"@graph\":[{\"@type\":\"WebPage\",\"@id\":\"https:\/\/www.casavio.com\/hu\/kapcsolatok\/a-foglalas-modja\/\",\"url\":\"https:\/\/www.casavio.com\/hu\/kapcsolatok\/a-foglalas-modja\/\",\"name\":\"Foglalj sz\u00e1ll\u00e1st a Kempingben online &#8211; Camping Ca&#039; Savio\",\"isPartOf\":{\"@id\":\"https:\/\/www.casavio.com\/hu\/#website\"},\"primaryImageOfPage\":{\"@id\":\"https:\/\/www.casavio.com\/hu\/kapcsolatok\/a-foglalas-modja\/#primaryimage\"},\"image\":{\"@id\":\"https:\/\/www.casavio.com\/hu\/kapcsolatok\/a-foglalas-modja\/#primaryimage\"},\"thumbnailUrl\":\"https:\/\/www.casavio.com\/wp-content\/uploads\/2019\/11\/ca-savio-contatti-come-prenotare.jpg\",\"datePublished\":\"2019-11-07T10:32:36+00:00\",\"dateModified\":\"2020-05-06T09:48:52+00:00\",\"description\":\"Szeretn\u00e9d nyaral\u00e1sodat a Ca\u2019 Savio Kempingben lefoglalni? Megmutatjuk, hogyan.\",\"breadcrumb\":{\"@id\":\"https:\/\/www.casavio.com\/hu\/kapcsolatok\/a-foglalas-modja\/#breadcrumb\"},\"inLanguage\":\"hu\",\"potentialAction\":[{\"@type\":\"ReadAction\",\"target\":[\"https:\/\/www.casavio.com\/hu\/kapcsolatok\/a-foglalas-modja\/\"]}]},{\"@type\":\"ImageObject\",\"inLanguage\":\"hu\",\"@id\":\"https:\/\/www.casavio.com\/hu\/kapcsolatok\/a-foglalas-modja\/#primaryimage\",\"url\":\"https:\/\/www.casavio.com\/wp-content\/uploads\/2019\/11\/ca-savio-contatti-come-prenotare.jpg\",\"contentUrl\":\"https:\/\/www.casavio.com\/wp-content\/uploads\/2019\/11\/ca-savio-contatti-come-prenotare.jpg\",\"width\":440,\"height\":600},{\"@type\":\"BreadcrumbList\",\"@id\":\"https:\/\/www.casavio.com\/hu\/kapcsolatok\/a-foglalas-modja\/#breadcrumb\",\"itemListElement\":[{\"@type\":\"ListItem\",\"position\":1,\"name\":\"Home\",\"item\":\"https:\/\/www.casavio.com\/hu\/\"},{\"@type\":\"ListItem\",\"position\":2,\"name\":\"Kapcsolatok\",\"item\":\"https:\/\/www.casavio.com\/hu\/kapcsolatok\/\"},{\"@type\":\"ListItem\",\"position\":3,\"name\":\"A foglal\u00e1s m\u00f3dja\"}]},{\"@type\":\"WebSite\",\"@id\":\"https:\/\/www.casavio.com\/hu\/#website\",\"url\":\"https:\/\/www.casavio.com\/hu\/\",\"name\":\"Camping Ca&#039; Savio\",\"description\":\"\",\"publisher\":{\"@id\":\"https:\/\/www.casavio.com\/hu\/#organization\"},\"potentialAction\":[{\"@type\":\"SearchAction\",\"target\":{\"@type\":\"EntryPoint\",\"urlTemplate\":\"https:\/\/www.casavio.com\/hu\/?s={search_term_string}\"},\"query-input\":{\"@type\":\"PropertyValueSpecification\",\"valueRequired\":true,\"valueName\":\"search_term_string\"}}],\"inLanguage\":\"hu\"},{\"@type\":\"Organization\",\"@id\":\"https:\/\/www.casavio.com\/hu\/#organization\",\"name\":\"Camping Ca'Savio\",\"url\":\"https:\/\/www.casavio.com\/hu\/\",\"logo\":{\"@type\":\"ImageObject\",\"inLanguage\":\"hu\",\"@id\":\"https:\/\/www.casavio.com\/hu\/#\/schema\/logo\/image\/\",\"url\":\"https:\/\/www.casavio.com\/wp-content\/uploads\/2024\/04\/favicon.png\",\"contentUrl\":\"https:\/\/www.casavio.com\/wp-content\/uploads\/2024\/04\/favicon.png\",\"width\":144,\"height\":144,\"caption\":\"Camping Ca'Savio\"},\"image\":{\"@id\":\"https:\/\/www.casavio.com\/hu\/#\/schema\/logo\/image\/\"},\"sameAs\":[\"https:\/\/www.facebook.com\/campingcasavio\",\"https:\/\/www.instagram.com\/campingcasavio\",\"https:\/\/www.youtube.com\/user\/campingcasavio\"]}]}<\/script>\n<!-- \/ Yoast SEO plugin. -->","yoast_head_json":{"title":"Foglalj sz\u00e1ll\u00e1st a Kempingben online &#8211; Camping Ca&#039; Savio","description":"Szeretn\u00e9d nyaral\u00e1sodat a Ca\u2019 Savio Kempingben lefoglalni? Megmutatjuk, hogyan.","robots":{"index":"index","follow":"follow","max-snippet":"max-snippet:-1","max-image-preview":"max-image-preview:large","max-video-preview":"max-video-preview:-1"},"canonical":"https:\/\/www.casavio.com\/hu\/kapcsolatok\/a-foglalas-modja\/","og_locale":"hu_HU","og_type":"article","og_title":"Foglalj sz\u00e1ll\u00e1st a Kempingben online &#8211; Camping Ca&#039; Savio","og_description":"Szeretn\u00e9d nyaral\u00e1sodat a Ca\u2019 Savio Kempingben lefoglalni? Megmutatjuk, hogyan.","og_url":"https:\/\/www.casavio.com\/hu\/kapcsolatok\/a-foglalas-modja\/","og_site_name":"Camping Ca&#039; Savio","article_publisher":"https:\/\/www.facebook.com\/campingcasavio","article_modified_time":"2020-05-06T09:48:52+00:00","og_image":[{"width":440,"height":600,"url":"https:\/\/www.casavio.com\/wp-content\/uploads\/2019\/11\/ca-savio-contatti-come-prenotare.jpg","type":"image\/jpeg"}],"twitter_card":"summary_large_image","twitter_misc":{"Becs\u00fclt olvas\u00e1si id\u0151":"2 perc"},"schema":{"@context":"https:\/\/schema.org","@graph":[{"@type":"WebPage","@id":"https:\/\/www.casavio.com\/hu\/kapcsolatok\/a-foglalas-modja\/","url":"https:\/\/www.casavio.com\/hu\/kapcsolatok\/a-foglalas-modja\/","name":"Foglalj sz\u00e1ll\u00e1st a Kempingben online &#8211; Camping Ca&#039; Savio","isPartOf":{"@id":"https:\/\/www.casavio.com\/hu\/#website"},"primaryImageOfPage":{"@id":"https:\/\/www.casavio.com\/hu\/kapcsolatok\/a-foglalas-modja\/#primaryimage"},"image":{"@id":"https:\/\/www.casavio.com\/hu\/kapcsolatok\/a-foglalas-modja\/#primaryimage"},"thumbnailUrl":"https:\/\/www.casavio.com\/wp-content\/uploads\/2019\/11\/ca-savio-contatti-come-prenotare.jpg","datePublished":"2019-11-07T10:32:36+00:00","dateModified":"2020-05-06T09:48:52+00:00","description":"Szeretn\u00e9d nyaral\u00e1sodat a Ca\u2019 Savio Kempingben lefoglalni? Megmutatjuk, hogyan.","breadcrumb":{"@id":"https:\/\/www.casavio.com\/hu\/kapcsolatok\/a-foglalas-modja\/#breadcrumb"},"inLanguage":"hu","potentialAction":[{"@type":"ReadAction","target":["https:\/\/www.casavio.com\/hu\/kapcsolatok\/a-foglalas-modja\/"]}]},{"@type":"ImageObject","inLanguage":"hu","@id":"https:\/\/www.casavio.com\/hu\/kapcsolatok\/a-foglalas-modja\/#primaryimage","url":"https:\/\/www.casavio.com\/wp-content\/uploads\/2019\/11\/ca-savio-contatti-come-prenotare.jpg","contentUrl":"https:\/\/www.casavio.com\/wp-content\/uploads\/2019\/11\/ca-savio-contatti-come-prenotare.jpg","width":440,"height":600},{"@type":"BreadcrumbList","@id":"https:\/\/www.casavio.com\/hu\/kapcsolatok\/a-foglalas-modja\/#breadcrumb","itemListElement":[{"@type":"ListItem","position":1,"name":"Home","item":"https:\/\/www.casavio.com\/hu\/"},{"@type":"ListItem","position":2,"name":"Kapcsolatok","item":"https:\/\/www.casavio.com\/hu\/kapcsolatok\/"},{"@type":"ListItem","position":3,"name":"A foglal\u00e1s m\u00f3dja"}]},{"@type":"WebSite","@id":"https:\/\/www.casavio.com\/hu\/#website","url":"https:\/\/www.casavio.com\/hu\/","name":"Camping Ca&#039; Savio","description":"","publisher":{"@id":"https:\/\/www.casavio.com\/hu\/#organization"},"potentialAction":[{"@type":"SearchAction","target":{"@type":"EntryPoint","urlTemplate":"https:\/\/www.casavio.com\/hu\/?s={search_term_string}"},"query-input":{"@type":"PropertyValueSpecification","valueRequired":true,"valueName":"search_term_string"}}],"inLanguage":"hu"},{"@type":"Organization","@id":"https:\/\/www.casavio.com\/hu\/#organization","name":"Camping Ca'Savio","url":"https:\/\/www.casavio.com\/hu\/","logo":{"@type":"ImageObject","inLanguage":"hu","@id":"https:\/\/www.casavio.com\/hu\/#\/schema\/logo\/image\/","url":"https:\/\/www.casavio.com\/wp-content\/uploads\/2024\/04\/favicon.png","contentUrl":"https:\/\/www.casavio.com\/wp-content\/uploads\/2024\/04\/favicon.png","width":144,"height":144,"caption":"Camping Ca'Savio"},"image":{"@id":"https:\/\/www.casavio.com\/hu\/#\/schema\/logo\/image\/"},"sameAs":["https:\/\/www.facebook.com\/campingcasavio","https:\/\/www.instagram.com\/campingcasavio","https:\/\/www.youtube.com\/user\/campingcasavio"]}]}},"_links":{"self":[{"href":"https:\/\/www.casavio.com\/hu\/wp-json\/wp\/v2\/pages\/10955","targetHints":{"allow":["GET"]}}],"collection":[{"href":"https:\/\/www.casavio.com\/hu\/wp-json\/wp\/v2\/pages"}],"about":[{"href":"https:\/\/www.casavio.com\/hu\/wp-json\/wp\/v2\/types\/page"}],"author":[{"embeddable":true,"href":"https:\/\/www.casavio.com\/hu\/wp-json\/wp\/v2\/users\/3"}],"replies":[{"embeddable":true,"href":"https:\/\/www.casavio.com\/hu\/wp-json\/wp\/v2\/comments?post=10955"}],"version-history":[{"count":2,"href":"https:\/\/www.casavio.com\/hu\/wp-json\/wp\/v2\/pages\/10955\/revisions"}],"predecessor-version":[{"id":10958,"href":"https:\/\/www.casavio.com\/hu\/wp-json\/wp\/v2\/pages\/10955\/revisions\/10958"}],"up":[{"embeddable":true,"href":"https:\/\/www.casavio.com\/hu\/wp-json\/wp\/v2\/pages\/10949"}],"wp:featuredmedia":[{"embeddable":true,"href":"https:\/\/www.casavio.com\/hu\/wp-json\/wp\/v2\/media\/4389"}],"wp:attachment":[{"href":"https:\/\/www.casavio.com\/hu\/wp-json\/wp\/v2\/media?parent=10955"}],"curies":[{"name":"wp","href":"https:\/\/api.w.org\/{rel}","templated":true}]}}