{"id":10962,"date":"2019-11-27T11:33:15","date_gmt":"2019-11-27T10:33:15","guid":{"rendered":"https:\/\/www.casavio.com\/hol-vagyunk\/come-raggiungerci-in-aereo\/"},"modified":"2026-02-05T12:50:17","modified_gmt":"2026-02-05T11:50:17","slug":"hogyan-juthatsz-el-hozzank-repulovel","status":"publish","type":"page","link":"https:\/\/www.casavio.com\/hu\/hol-vagyunk\/hogyan-juthatsz-el-hozzank-repulovel\/","title":{"rendered":"Rep\u00fcl\u0151vel"},"content":{"rendered":"<p>A velencei\u00a0Marco Polo rep\u00fcl\u0151t\u00e9rr\u0151l\u00a0(kb. 50 km) illetve\u00a0Treviso rep\u00fcl\u0151ter\u00e9r\u0151l\u00a0(kb 60 km) a k\u00f6zel\u00edthet\u0151 meg a kemping:<\/p>\n<h4><strong>1.\u00a0<\/strong><strong>Bus: service from <\/strong><strong>Venice <\/strong><strong>airport to <\/strong><strong>the <\/strong><strong>campsite<\/strong><\/h4>\n<p><strong>A Velencei<\/strong>\u00a0rep\u00fcl\u0151t\u00e9rr\u0151l a Jesol\u00f3ba men\u0151 aut\u00f3buszra kell felsz\u00e1llni, az utols\u00f3 meg\u00e1ll\u00f3ban (Autostazione &#8211; Buszp\u00e1lyaudvar) \u00e1tsz\u00e1llni az 5-\u00f6s sz\u00e1m\u00fa j\u00e1ratra Punta Sabbioni fel\u00e9, majd lesz\u00e1llni a k\u00f6zpontban a Ca\u2019 Savio-n\u00e1l.<\/p>\n<h4><strong>2. Busz: j\u00e1rat a Treviso rep\u00fcl\u0151t\u00e9rr\u0151l a kempingig<\/strong><\/h4>\n<p>A Treviso rep\u00fcl\u0151t\u00e9rr\u0151l a kemping Mestre FS \u00e9s Jesolo buszmeg\u00e1ll\u00f3kban t\u00f6rt\u00e9n\u0151 \u00e1tsz\u00e1ll\u00e1ssal \u00e9rhet\u0151 el. A Mestre vas\u00fat\u00e1llom\u00e1son sz\u00e1lljon \u00e1t a Jesolo fel\u00e9 tart\u00f3 k\u00f6zvetlen buszra. Az utols\u00f3 meg\u00e1ll\u00f3n\u00e1l (buszp\u00e1lyaudvar) sz\u00e1lljon \u00e1t az 5-\u00f6s sz\u00e1m\u00fa buszra Punta Sabbioni fel\u00e9, \u00e9s sz\u00e1lljon le Ca\u2019Savio k\u00f6zpontj\u00e1ban.<\/p>\n<p>Indul\u00e1s el\u0151tt javasoljuk, hogy ellen\u0151rizze a friss\u00edtett \u00e1rakat \u00e9s menetrendeket az <a href=\"https:\/\/www.atvo.it\/index.php?lingua=en&amp;area=menustandard&amp;idpadre=25&amp;idmenu=25\" target=\"_blank\" rel=\"noopener\">ATVO<\/a> k\u00f6zleked\u00e9si v\u00e1llalat hivatalos oldal\u00e1n.<\/p>\n<h4><strong>3. Taxi<\/strong><\/h4>\n<p>A\u00a0<a href=\"https:\/\/www.casavio.com\/hu\/szolgaltatasok\/extra-szolgaltatasok\/repuloteri-transzfer\/\">rept\u00e9ri transzfer<\/a>\u00a0a kempingen kereszt\u00fcl is int\u00e9zhet\u0151.<\/p>\n","protected":false},"excerpt":{"rendered":"<p>A Velencei Marco Polo \u00e9s a Treviso-i rep\u00fcl\u00e9t\u00e9rr\u0151l.<\/p>\n","protected":false},"author":4,"featured_media":6897,"parent":10959,"menu_order":0,"comment_status":"closed","ping_status":"closed","template":"","meta":{"_acf_changed":false},"class_list":["post-10962","page","type-page","status-publish","has-post-thumbnail","hentry"],"acf":[],"yoast_head":"<!-- This site is optimized with the Yoast SEO plugin v25.3 - https:\/\/yoast.com\/wordpress\/plugins\/seo\/ -->\n<title>Hol vagyunk \u00e9s Hogyan juthatsz el hozz\u00e1nk rep\u00fcl\u0151vel &#8211; Camping Ca&#039; Savio<\/title>\n<meta name=\"description\" content=\"Inform\u00e1ci\u00f3k \u00e9s \u00fatmutat\u00e1sok a kemping el\u00e9r\u00e9s\u00e9hez, amikor Velenc\u00e9be vagy Trevis\u00f3ba \u00e9rkeznek. Fedezze fel a kempingvend\u00e9gek sz\u00e1m\u00e1ra fenntartott szolg\u00e1ltat\u00e1sokat \u00e9s kedvezm\u00e9nyeket.\" \/>\n<meta name=\"robots\" content=\"index, follow, max-snippet:-1, max-image-preview:large, max-video-preview:-1\" \/>\n<link rel=\"canonical\" href=\"https:\/\/www.casavio.com\/hu\/hol-vagyunk\/hogyan-juthatsz-el-hozzank-repulovel\/\" \/>\n<meta property=\"og:locale\" content=\"hu_HU\" \/>\n<meta property=\"og:type\" content=\"article\" \/>\n<meta property=\"og:title\" content=\"Hol vagyunk \u00e9s Hogyan juthatsz el hozz\u00e1nk rep\u00fcl\u0151vel &#8211; Camping Ca&#039; Savio\" \/>\n<meta property=\"og:description\" content=\"Inform\u00e1ci\u00f3k \u00e9s \u00fatmutat\u00e1sok a kemping el\u00e9r\u00e9s\u00e9hez, amikor Velenc\u00e9be vagy Trevis\u00f3ba \u00e9rkeznek. Fedezze fel a kempingvend\u00e9gek sz\u00e1m\u00e1ra fenntartott szolg\u00e1ltat\u00e1sokat \u00e9s kedvezm\u00e9nyeket.\" \/>\n<meta property=\"og:url\" content=\"https:\/\/www.casavio.com\/hu\/hol-vagyunk\/hogyan-juthatsz-el-hozzank-repulovel\/\" \/>\n<meta property=\"og:site_name\" content=\"Camping Ca&#039; Savio\" \/>\n<meta property=\"article:publisher\" content=\"https:\/\/www.facebook.com\/campingcasavio\" \/>\n<meta property=\"article:modified_time\" content=\"2026-02-05T11:50:17+00:00\" \/>\n<meta property=\"og:image\" content=\"https:\/\/www.casavio.com\/wp-content\/uploads\/2020\/01\/ca-savio-dove-siamo-in-aereo-box-2.jpg\" \/>\n\t<meta property=\"og:image:width\" content=\"440\" \/>\n\t<meta property=\"og:image:height\" content=\"600\" \/>\n\t<meta property=\"og:image:type\" content=\"image\/jpeg\" \/>\n<meta name=\"twitter:card\" content=\"summary_large_image\" \/>\n<meta name=\"twitter:label1\" content=\"Becs\u00fclt olvas\u00e1si id\u0151\" \/>\n\t<meta name=\"twitter:data1\" content=\"1 perc\" \/>\n<script type=\"application\/ld+json\" class=\"yoast-schema-graph\">{\"@context\":\"https:\/\/schema.org\",\"@graph\":[{\"@type\":\"WebPage\",\"@id\":\"https:\/\/www.casavio.com\/hu\/hol-vagyunk\/hogyan-juthatsz-el-hozzank-repulovel\/\",\"url\":\"https:\/\/www.casavio.com\/hu\/hol-vagyunk\/hogyan-juthatsz-el-hozzank-repulovel\/\",\"name\":\"Hol vagyunk \u00e9s Hogyan juthatsz el hozz\u00e1nk rep\u00fcl\u0151vel &#8211; Camping Ca&#039; Savio\",\"isPartOf\":{\"@id\":\"https:\/\/www.casavio.com\/hu\/#website\"},\"primaryImageOfPage\":{\"@id\":\"https:\/\/www.casavio.com\/hu\/hol-vagyunk\/hogyan-juthatsz-el-hozzank-repulovel\/#primaryimage\"},\"image\":{\"@id\":\"https:\/\/www.casavio.com\/hu\/hol-vagyunk\/hogyan-juthatsz-el-hozzank-repulovel\/#primaryimage\"},\"thumbnailUrl\":\"https:\/\/www.casavio.com\/wp-content\/uploads\/2020\/01\/ca-savio-dove-siamo-in-aereo-box-2.jpg\",\"datePublished\":\"2019-11-27T10:33:15+00:00\",\"dateModified\":\"2026-02-05T11:50:17+00:00\",\"description\":\"Inform\u00e1ci\u00f3k \u00e9s \u00fatmutat\u00e1sok a kemping el\u00e9r\u00e9s\u00e9hez, amikor Velenc\u00e9be vagy Trevis\u00f3ba \u00e9rkeznek. Fedezze fel a kempingvend\u00e9gek sz\u00e1m\u00e1ra fenntartott szolg\u00e1ltat\u00e1sokat \u00e9s kedvezm\u00e9nyeket.\",\"breadcrumb\":{\"@id\":\"https:\/\/www.casavio.com\/hu\/hol-vagyunk\/hogyan-juthatsz-el-hozzank-repulovel\/#breadcrumb\"},\"inLanguage\":\"hu\",\"potentialAction\":[{\"@type\":\"ReadAction\",\"target\":[\"https:\/\/www.casavio.com\/hu\/hol-vagyunk\/hogyan-juthatsz-el-hozzank-repulovel\/\"]}]},{\"@type\":\"ImageObject\",\"inLanguage\":\"hu\",\"@id\":\"https:\/\/www.casavio.com\/hu\/hol-vagyunk\/hogyan-juthatsz-el-hozzank-repulovel\/#primaryimage\",\"url\":\"https:\/\/www.casavio.com\/wp-content\/uploads\/2020\/01\/ca-savio-dove-siamo-in-aereo-box-2.jpg\",\"contentUrl\":\"https:\/\/www.casavio.com\/wp-content\/uploads\/2020\/01\/ca-savio-dove-siamo-in-aereo-box-2.jpg\",\"width\":440,\"height\":600},{\"@type\":\"BreadcrumbList\",\"@id\":\"https:\/\/www.casavio.com\/hu\/hol-vagyunk\/hogyan-juthatsz-el-hozzank-repulovel\/#breadcrumb\",\"itemListElement\":[{\"@type\":\"ListItem\",\"position\":1,\"name\":\"Home\",\"item\":\"https:\/\/www.casavio.com\/hu\/\"},{\"@type\":\"ListItem\",\"position\":2,\"name\":\"Hol vagyunk\",\"item\":\"https:\/\/www.casavio.com\/hu\/hol-vagyunk\/\"},{\"@type\":\"ListItem\",\"position\":3,\"name\":\"Rep\u00fcl\u0151vel\"}]},{\"@type\":\"WebSite\",\"@id\":\"https:\/\/www.casavio.com\/hu\/#website\",\"url\":\"https:\/\/www.casavio.com\/hu\/\",\"name\":\"Camping Ca&#039; Savio\",\"description\":\"\",\"publisher\":{\"@id\":\"https:\/\/www.casavio.com\/hu\/#organization\"},\"potentialAction\":[{\"@type\":\"SearchAction\",\"target\":{\"@type\":\"EntryPoint\",\"urlTemplate\":\"https:\/\/www.casavio.com\/hu\/?s={search_term_string}\"},\"query-input\":{\"@type\":\"PropertyValueSpecification\",\"valueRequired\":true,\"valueName\":\"search_term_string\"}}],\"inLanguage\":\"hu\"},{\"@type\":\"Organization\",\"@id\":\"https:\/\/www.casavio.com\/hu\/#organization\",\"name\":\"Camping Ca'Savio\",\"url\":\"https:\/\/www.casavio.com\/hu\/\",\"logo\":{\"@type\":\"ImageObject\",\"inLanguage\":\"hu\",\"@id\":\"https:\/\/www.casavio.com\/hu\/#\/schema\/logo\/image\/\",\"url\":\"https:\/\/www.casavio.com\/wp-content\/uploads\/2024\/04\/favicon.png\",\"contentUrl\":\"https:\/\/www.casavio.com\/wp-content\/uploads\/2024\/04\/favicon.png\",\"width\":144,\"height\":144,\"caption\":\"Camping Ca'Savio\"},\"image\":{\"@id\":\"https:\/\/www.casavio.com\/hu\/#\/schema\/logo\/image\/\"},\"sameAs\":[\"https:\/\/www.facebook.com\/campingcasavio\",\"https:\/\/www.instagram.com\/campingcasavio\",\"https:\/\/www.youtube.com\/user\/campingcasavio\"]}]}<\/script>\n<!-- \/ Yoast SEO plugin. -->","yoast_head_json":{"title":"Hol vagyunk \u00e9s Hogyan juthatsz el hozz\u00e1nk rep\u00fcl\u0151vel &#8211; Camping Ca&#039; Savio","description":"Inform\u00e1ci\u00f3k \u00e9s \u00fatmutat\u00e1sok a kemping el\u00e9r\u00e9s\u00e9hez, amikor Velenc\u00e9be vagy Trevis\u00f3ba \u00e9rkeznek. Fedezze fel a kempingvend\u00e9gek sz\u00e1m\u00e1ra fenntartott szolg\u00e1ltat\u00e1sokat \u00e9s kedvezm\u00e9nyeket.","robots":{"index":"index","follow":"follow","max-snippet":"max-snippet:-1","max-image-preview":"max-image-preview:large","max-video-preview":"max-video-preview:-1"},"canonical":"https:\/\/www.casavio.com\/hu\/hol-vagyunk\/hogyan-juthatsz-el-hozzank-repulovel\/","og_locale":"hu_HU","og_type":"article","og_title":"Hol vagyunk \u00e9s Hogyan juthatsz el hozz\u00e1nk rep\u00fcl\u0151vel &#8211; Camping Ca&#039; Savio","og_description":"Inform\u00e1ci\u00f3k \u00e9s \u00fatmutat\u00e1sok a kemping el\u00e9r\u00e9s\u00e9hez, amikor Velenc\u00e9be vagy Trevis\u00f3ba \u00e9rkeznek. Fedezze fel a kempingvend\u00e9gek sz\u00e1m\u00e1ra fenntartott szolg\u00e1ltat\u00e1sokat \u00e9s kedvezm\u00e9nyeket.","og_url":"https:\/\/www.casavio.com\/hu\/hol-vagyunk\/hogyan-juthatsz-el-hozzank-repulovel\/","og_site_name":"Camping Ca&#039; Savio","article_publisher":"https:\/\/www.facebook.com\/campingcasavio","article_modified_time":"2026-02-05T11:50:17+00:00","og_image":[{"width":440,"height":600,"url":"https:\/\/www.casavio.com\/wp-content\/uploads\/2020\/01\/ca-savio-dove-siamo-in-aereo-box-2.jpg","type":"image\/jpeg"}],"twitter_card":"summary_large_image","twitter_misc":{"Becs\u00fclt olvas\u00e1si id\u0151":"1 perc"},"schema":{"@context":"https:\/\/schema.org","@graph":[{"@type":"WebPage","@id":"https:\/\/www.casavio.com\/hu\/hol-vagyunk\/hogyan-juthatsz-el-hozzank-repulovel\/","url":"https:\/\/www.casavio.com\/hu\/hol-vagyunk\/hogyan-juthatsz-el-hozzank-repulovel\/","name":"Hol vagyunk \u00e9s Hogyan juthatsz el hozz\u00e1nk rep\u00fcl\u0151vel &#8211; Camping Ca&#039; Savio","isPartOf":{"@id":"https:\/\/www.casavio.com\/hu\/#website"},"primaryImageOfPage":{"@id":"https:\/\/www.casavio.com\/hu\/hol-vagyunk\/hogyan-juthatsz-el-hozzank-repulovel\/#primaryimage"},"image":{"@id":"https:\/\/www.casavio.com\/hu\/hol-vagyunk\/hogyan-juthatsz-el-hozzank-repulovel\/#primaryimage"},"thumbnailUrl":"https:\/\/www.casavio.com\/wp-content\/uploads\/2020\/01\/ca-savio-dove-siamo-in-aereo-box-2.jpg","datePublished":"2019-11-27T10:33:15+00:00","dateModified":"2026-02-05T11:50:17+00:00","description":"Inform\u00e1ci\u00f3k \u00e9s \u00fatmutat\u00e1sok a kemping el\u00e9r\u00e9s\u00e9hez, amikor Velenc\u00e9be vagy Trevis\u00f3ba \u00e9rkeznek. Fedezze fel a kempingvend\u00e9gek sz\u00e1m\u00e1ra fenntartott szolg\u00e1ltat\u00e1sokat \u00e9s kedvezm\u00e9nyeket.","breadcrumb":{"@id":"https:\/\/www.casavio.com\/hu\/hol-vagyunk\/hogyan-juthatsz-el-hozzank-repulovel\/#breadcrumb"},"inLanguage":"hu","potentialAction":[{"@type":"ReadAction","target":["https:\/\/www.casavio.com\/hu\/hol-vagyunk\/hogyan-juthatsz-el-hozzank-repulovel\/"]}]},{"@type":"ImageObject","inLanguage":"hu","@id":"https:\/\/www.casavio.com\/hu\/hol-vagyunk\/hogyan-juthatsz-el-hozzank-repulovel\/#primaryimage","url":"https:\/\/www.casavio.com\/wp-content\/uploads\/2020\/01\/ca-savio-dove-siamo-in-aereo-box-2.jpg","contentUrl":"https:\/\/www.casavio.com\/wp-content\/uploads\/2020\/01\/ca-savio-dove-siamo-in-aereo-box-2.jpg","width":440,"height":600},{"@type":"BreadcrumbList","@id":"https:\/\/www.casavio.com\/hu\/hol-vagyunk\/hogyan-juthatsz-el-hozzank-repulovel\/#breadcrumb","itemListElement":[{"@type":"ListItem","position":1,"name":"Home","item":"https:\/\/www.casavio.com\/hu\/"},{"@type":"ListItem","position":2,"name":"Hol vagyunk","item":"https:\/\/www.casavio.com\/hu\/hol-vagyunk\/"},{"@type":"ListItem","position":3,"name":"Rep\u00fcl\u0151vel"}]},{"@type":"WebSite","@id":"https:\/\/www.casavio.com\/hu\/#website","url":"https:\/\/www.casavio.com\/hu\/","name":"Camping Ca&#039; Savio","description":"","publisher":{"@id":"https:\/\/www.casavio.com\/hu\/#organization"},"potentialAction":[{"@type":"SearchAction","target":{"@type":"EntryPoint","urlTemplate":"https:\/\/www.casavio.com\/hu\/?s={search_term_string}"},"query-input":{"@type":"PropertyValueSpecification","valueRequired":true,"valueName":"search_term_string"}}],"inLanguage":"hu"},{"@type":"Organization","@id":"https:\/\/www.casavio.com\/hu\/#organization","name":"Camping Ca'Savio","url":"https:\/\/www.casavio.com\/hu\/","logo":{"@type":"ImageObject","inLanguage":"hu","@id":"https:\/\/www.casavio.com\/hu\/#\/schema\/logo\/image\/","url":"https:\/\/www.casavio.com\/wp-content\/uploads\/2024\/04\/favicon.png","contentUrl":"https:\/\/www.casavio.com\/wp-content\/uploads\/2024\/04\/favicon.png","width":144,"height":144,"caption":"Camping Ca'Savio"},"image":{"@id":"https:\/\/www.casavio.com\/hu\/#\/schema\/logo\/image\/"},"sameAs":["https:\/\/www.facebook.com\/campingcasavio","https:\/\/www.instagram.com\/campingcasavio","https:\/\/www.youtube.com\/user\/campingcasavio"]}]}},"_links":{"self":[{"href":"https:\/\/www.casavio.com\/hu\/wp-json\/wp\/v2\/pages\/10962","targetHints":{"allow":["GET"]}}],"collection":[{"href":"https:\/\/www.casavio.com\/hu\/wp-json\/wp\/v2\/pages"}],"about":[{"href":"https:\/\/www.casavio.com\/hu\/wp-json\/wp\/v2\/types\/page"}],"author":[{"embeddable":true,"href":"https:\/\/www.casavio.com\/hu\/wp-json\/wp\/v2\/users\/4"}],"replies":[{"embeddable":true,"href":"https:\/\/www.casavio.com\/hu\/wp-json\/wp\/v2\/comments?post=10962"}],"version-history":[{"count":2,"href":"https:\/\/www.casavio.com\/hu\/wp-json\/wp\/v2\/pages\/10962\/revisions"}],"predecessor-version":[{"id":45843,"href":"https:\/\/www.casavio.com\/hu\/wp-json\/wp\/v2\/pages\/10962\/revisions\/45843"}],"up":[{"embeddable":true,"href":"https:\/\/www.casavio.com\/hu\/wp-json\/wp\/v2\/pages\/10959"}],"wp:featuredmedia":[{"embeddable":true,"href":"https:\/\/www.casavio.com\/hu\/wp-json\/wp\/v2\/media\/6897"}],"wp:attachment":[{"href":"https:\/\/www.casavio.com\/hu\/wp-json\/wp\/v2\/media?parent=10962"}],"curies":[{"name":"wp","href":"https:\/\/api.w.org\/{rel}","templated":true}]}}