{"id":10972,"date":"2019-11-27T11:54:29","date_gmt":"2019-11-27T10:54:29","guid":{"rendered":"https:\/\/www.casavio.com\/hol-vagyunk\/come-raggiungerci-in-treno\/"},"modified":"2026-02-05T13:03:11","modified_gmt":"2026-02-05T12:03:11","slug":"hogyan-juthatsz-el-hozzank-vonaton","status":"publish","type":"page","link":"https:\/\/www.casavio.com\/hu\/hol-vagyunk\/hogyan-juthatsz-el-hozzank-vonaton\/","title":{"rendered":"Vonattal"},"content":{"rendered":"<p>V\u00e1lassza a vonatot, ha a Camping Ca\u2019Savio kempingbe szeretne eljutni: ez az egyik legk\u00f6rnyezetbar\u00e1tabb m\u00f3dja az ideutaz\u00e1snak. Seg\u00edt nek\u00fcnk t\u00e1mogatni a regenerat\u00edv turizmus ir\u00e1nti elk\u00f6telezetts\u00e9g\u00fcnket, \u00e9s \u00e9lvezheti a pihentet\u0151 utaz\u00e1st.<\/p>\n<p><strong>Hogyan juthat el vonattal a Camping Ca\u2019Savio kempingbe<\/strong><\/p>\n<p>K\u00e9t vas\u00fat\u00e1llom\u00e1s tal\u00e1lhat\u00f3 a k\u00f6zelben: <strong>Velence Santa Lucia <\/strong>\u00e9s<strong> Velence-Mestre<\/strong>.<\/p>\n<p>A Velence St. Lucia \u00e1llom\u00e1s vonz\u00f3bb, de k\u00e9t haj\u00f3ra kell \u00e1tsz\u00e1llnia, majd busszal kell eljutnia a kempingbe.<br \/>\nA <strong>Venice-Mestre<\/strong> vas\u00fat\u00e1llom\u00e1s minden bizonnyal k\u00e9nyelmesebb, <strong>ez\u00e9rt azt aj\u00e1nljuk<\/strong>.<\/p>\n<p>A Venice-Mestre vas\u00fat\u00e1llom\u00e1sra \u00e9rkez\u00e9s ut\u00e1n t\u00f6megk\u00f6zleked\u00e9ssel juthat el ide:<\/p>\n<ul>\n<li>Az ATVO t\u00f6megk\u00f6zleked\u00e9si v\u00e1llalat Jesolo Lido fel\u00e9 tart\u00f3 j\u00e1rat\u00e1ra kell felsz\u00e1llni, melynek meg\u00e1ll\u00f3ja az vonat\u00e1llom\u00e1s oldal\u00e1n\u00e1l tal\u00e1lhat\u00f3. Az aut\u00f3buszr\u00f3l a v\u00e9g\u00e1llom\u00e1son (<strong>autostazione Jesolo Lido \u2013 Jesolo Lido aut\u00f3busz\u00e1llom\u00e1s<\/strong>) kell lesz\u00e1llni.<\/li>\n<li>Az aut\u00f3busz\u00e1llom\u00e1son az ATVO\u00a0<strong>Punta Sabbioni<\/strong>fel\u00e9 tart\u00f3\u00a0<strong>5<\/strong>-\u00f6s sz\u00e1m\u00fa j\u00e1rat\u00e1ra kell felsz\u00e1llni, \u00e9s Ca\u2019Savio k\u00f6zpontban lesz\u00e1llni.<\/li>\n<li>A kemping a tengerpart ir\u00e1ny\u00e1ban tal\u00e1lhat\u00f3, kb.\u00a0<strong>800 m\u00e9terre <\/strong>Ca\u2019Savio k\u00f6zpontj\u00e1t\u00f3l. A t\u00e1vols\u00e1g megt\u00e9tele gyalogosan mind\u00f6ssze 10 percet vesz ig\u00e9nybe.<\/li>\n<\/ul>\n<p>Alternat\u00edv <strong>megold\u00e1sk\u00e9nt taxit<\/strong> is szervez\u00fcnk a <strong>Venice-Mestre<\/strong> vas\u00fat\u00e1llom\u00e1sr\u00f3l a kempingig. K\u00e9rje a szolg\u00e1ltat\u00e1st az al\u00e1bbi \u0171rlap kit\u00f6lt\u00e9s\u00e9vel.<\/p>\n","protected":false},"excerpt":{"rendered":"<p>Venezia Mestre \u00e9s Venezia S. Lucia vas\u00fat\u00e1llom\u00e1sokr\u00f3l.<\/p>\n","protected":false},"author":4,"featured_media":29763,"parent":10959,"menu_order":0,"comment_status":"closed","ping_status":"closed","template":"templates\/tpl-taxi-transfer-train.php","meta":{"_acf_changed":false},"class_list":["post-10972","page","type-page","status-publish","has-post-thumbnail","hentry"],"acf":[],"yoast_head":"<!-- This site is optimized with the Yoast SEO plugin v25.3 - https:\/\/yoast.com\/wordpress\/plugins\/seo\/ -->\n<title>Hogyan juthatsz el hozz\u00e1nk vonaton &#8211; Camping Ca&#039; Savio<\/title>\n<meta name=\"description\" content=\"\u00datmutat\u00e1sok \u00e9s inform\u00e1ci\u00f3k a Ca&#039;Savio kemping el\u00e9r\u00e9s\u00e9hez, ha vonattal \u00e9rkezik. A Ca &#039;Savio seg\u00edts\u00e9get ny\u00fajt \u00d6nnek. Vegye fel vel\u00fcnk a kapcsolatot.\" \/>\n<meta name=\"robots\" content=\"index, follow, max-snippet:-1, max-image-preview:large, max-video-preview:-1\" \/>\n<link rel=\"canonical\" href=\"https:\/\/www.casavio.com\/hu\/hol-vagyunk\/hogyan-juthatsz-el-hozzank-vonaton\/\" \/>\n<meta property=\"og:locale\" content=\"hu_HU\" \/>\n<meta property=\"og:type\" content=\"article\" \/>\n<meta property=\"og:title\" content=\"Hogyan juthatsz el hozz\u00e1nk vonaton &#8211; Camping Ca&#039; Savio\" \/>\n<meta property=\"og:description\" content=\"\u00datmutat\u00e1sok \u00e9s inform\u00e1ci\u00f3k a Ca&#039;Savio kemping el\u00e9r\u00e9s\u00e9hez, ha vonattal \u00e9rkezik. A Ca &#039;Savio seg\u00edts\u00e9get ny\u00fajt \u00d6nnek. Vegye fel vel\u00fcnk a kapcsolatot.\" \/>\n<meta property=\"og:url\" content=\"https:\/\/www.casavio.com\/hu\/hol-vagyunk\/hogyan-juthatsz-el-hozzank-vonaton\/\" \/>\n<meta property=\"og:site_name\" content=\"Camping Ca&#039; Savio\" \/>\n<meta property=\"article:publisher\" content=\"https:\/\/www.facebook.com\/campingcasavio\" \/>\n<meta property=\"article:modified_time\" content=\"2026-02-05T12:03:11+00:00\" \/>\n<meta property=\"og:image\" content=\"https:\/\/www.casavio.com\/wp-content\/uploads\/2024\/02\/treno_v.jpg\" \/>\n\t<meta property=\"og:image:width\" content=\"440\" \/>\n\t<meta property=\"og:image:height\" content=\"600\" \/>\n\t<meta property=\"og:image:type\" content=\"image\/jpeg\" \/>\n<meta name=\"twitter:card\" content=\"summary_large_image\" \/>\n<meta name=\"twitter:label1\" content=\"Becs\u00fclt olvas\u00e1si id\u0151\" \/>\n\t<meta name=\"twitter:data1\" content=\"2 perc\" \/>\n<script type=\"application\/ld+json\" class=\"yoast-schema-graph\">{\"@context\":\"https:\/\/schema.org\",\"@graph\":[{\"@type\":\"WebPage\",\"@id\":\"https:\/\/www.casavio.com\/hu\/hol-vagyunk\/hogyan-juthatsz-el-hozzank-vonaton\/\",\"url\":\"https:\/\/www.casavio.com\/hu\/hol-vagyunk\/hogyan-juthatsz-el-hozzank-vonaton\/\",\"name\":\"Hogyan juthatsz el hozz\u00e1nk vonaton &#8211; Camping Ca&#039; Savio\",\"isPartOf\":{\"@id\":\"https:\/\/www.casavio.com\/hu\/#website\"},\"primaryImageOfPage\":{\"@id\":\"https:\/\/www.casavio.com\/hu\/hol-vagyunk\/hogyan-juthatsz-el-hozzank-vonaton\/#primaryimage\"},\"image\":{\"@id\":\"https:\/\/www.casavio.com\/hu\/hol-vagyunk\/hogyan-juthatsz-el-hozzank-vonaton\/#primaryimage\"},\"thumbnailUrl\":\"https:\/\/www.casavio.com\/wp-content\/uploads\/2024\/02\/treno_v.jpg\",\"datePublished\":\"2019-11-27T10:54:29+00:00\",\"dateModified\":\"2026-02-05T12:03:11+00:00\",\"description\":\"\u00datmutat\u00e1sok \u00e9s inform\u00e1ci\u00f3k a Ca'Savio kemping el\u00e9r\u00e9s\u00e9hez, ha vonattal \u00e9rkezik. A Ca 'Savio seg\u00edts\u00e9get ny\u00fajt \u00d6nnek. Vegye fel vel\u00fcnk a kapcsolatot.\",\"breadcrumb\":{\"@id\":\"https:\/\/www.casavio.com\/hu\/hol-vagyunk\/hogyan-juthatsz-el-hozzank-vonaton\/#breadcrumb\"},\"inLanguage\":\"hu\",\"potentialAction\":[{\"@type\":\"ReadAction\",\"target\":[\"https:\/\/www.casavio.com\/hu\/hol-vagyunk\/hogyan-juthatsz-el-hozzank-vonaton\/\"]}]},{\"@type\":\"ImageObject\",\"inLanguage\":\"hu\",\"@id\":\"https:\/\/www.casavio.com\/hu\/hol-vagyunk\/hogyan-juthatsz-el-hozzank-vonaton\/#primaryimage\",\"url\":\"https:\/\/www.casavio.com\/wp-content\/uploads\/2024\/02\/treno_v.jpg\",\"contentUrl\":\"https:\/\/www.casavio.com\/wp-content\/uploads\/2024\/02\/treno_v.jpg\",\"width\":440,\"height\":600},{\"@type\":\"BreadcrumbList\",\"@id\":\"https:\/\/www.casavio.com\/hu\/hol-vagyunk\/hogyan-juthatsz-el-hozzank-vonaton\/#breadcrumb\",\"itemListElement\":[{\"@type\":\"ListItem\",\"position\":1,\"name\":\"Home\",\"item\":\"https:\/\/www.casavio.com\/hu\/\"},{\"@type\":\"ListItem\",\"position\":2,\"name\":\"Hol vagyunk\",\"item\":\"https:\/\/www.casavio.com\/hu\/hol-vagyunk\/\"},{\"@type\":\"ListItem\",\"position\":3,\"name\":\"Vonattal\"}]},{\"@type\":\"WebSite\",\"@id\":\"https:\/\/www.casavio.com\/hu\/#website\",\"url\":\"https:\/\/www.casavio.com\/hu\/\",\"name\":\"Camping Ca&#039; Savio\",\"description\":\"\",\"publisher\":{\"@id\":\"https:\/\/www.casavio.com\/hu\/#organization\"},\"potentialAction\":[{\"@type\":\"SearchAction\",\"target\":{\"@type\":\"EntryPoint\",\"urlTemplate\":\"https:\/\/www.casavio.com\/hu\/?s={search_term_string}\"},\"query-input\":{\"@type\":\"PropertyValueSpecification\",\"valueRequired\":true,\"valueName\":\"search_term_string\"}}],\"inLanguage\":\"hu\"},{\"@type\":\"Organization\",\"@id\":\"https:\/\/www.casavio.com\/hu\/#organization\",\"name\":\"Camping Ca'Savio\",\"url\":\"https:\/\/www.casavio.com\/hu\/\",\"logo\":{\"@type\":\"ImageObject\",\"inLanguage\":\"hu\",\"@id\":\"https:\/\/www.casavio.com\/hu\/#\/schema\/logo\/image\/\",\"url\":\"https:\/\/www.casavio.com\/wp-content\/uploads\/2024\/04\/favicon.png\",\"contentUrl\":\"https:\/\/www.casavio.com\/wp-content\/uploads\/2024\/04\/favicon.png\",\"width\":144,\"height\":144,\"caption\":\"Camping Ca'Savio\"},\"image\":{\"@id\":\"https:\/\/www.casavio.com\/hu\/#\/schema\/logo\/image\/\"},\"sameAs\":[\"https:\/\/www.facebook.com\/campingcasavio\",\"https:\/\/www.instagram.com\/campingcasavio\",\"https:\/\/www.youtube.com\/user\/campingcasavio\"]}]}<\/script>\n<!-- \/ Yoast SEO plugin. -->","yoast_head_json":{"title":"Hogyan juthatsz el hozz\u00e1nk vonaton &#8211; Camping Ca&#039; Savio","description":"\u00datmutat\u00e1sok \u00e9s inform\u00e1ci\u00f3k a Ca'Savio kemping el\u00e9r\u00e9s\u00e9hez, ha vonattal \u00e9rkezik. A Ca 'Savio seg\u00edts\u00e9get ny\u00fajt \u00d6nnek. Vegye fel vel\u00fcnk a kapcsolatot.","robots":{"index":"index","follow":"follow","max-snippet":"max-snippet:-1","max-image-preview":"max-image-preview:large","max-video-preview":"max-video-preview:-1"},"canonical":"https:\/\/www.casavio.com\/hu\/hol-vagyunk\/hogyan-juthatsz-el-hozzank-vonaton\/","og_locale":"hu_HU","og_type":"article","og_title":"Hogyan juthatsz el hozz\u00e1nk vonaton &#8211; Camping Ca&#039; Savio","og_description":"\u00datmutat\u00e1sok \u00e9s inform\u00e1ci\u00f3k a Ca'Savio kemping el\u00e9r\u00e9s\u00e9hez, ha vonattal \u00e9rkezik. A Ca 'Savio seg\u00edts\u00e9get ny\u00fajt \u00d6nnek. Vegye fel vel\u00fcnk a kapcsolatot.","og_url":"https:\/\/www.casavio.com\/hu\/hol-vagyunk\/hogyan-juthatsz-el-hozzank-vonaton\/","og_site_name":"Camping Ca&#039; Savio","article_publisher":"https:\/\/www.facebook.com\/campingcasavio","article_modified_time":"2026-02-05T12:03:11+00:00","og_image":[{"width":440,"height":600,"url":"https:\/\/www.casavio.com\/wp-content\/uploads\/2024\/02\/treno_v.jpg","type":"image\/jpeg"}],"twitter_card":"summary_large_image","twitter_misc":{"Becs\u00fclt olvas\u00e1si id\u0151":"2 perc"},"schema":{"@context":"https:\/\/schema.org","@graph":[{"@type":"WebPage","@id":"https:\/\/www.casavio.com\/hu\/hol-vagyunk\/hogyan-juthatsz-el-hozzank-vonaton\/","url":"https:\/\/www.casavio.com\/hu\/hol-vagyunk\/hogyan-juthatsz-el-hozzank-vonaton\/","name":"Hogyan juthatsz el hozz\u00e1nk vonaton &#8211; Camping Ca&#039; Savio","isPartOf":{"@id":"https:\/\/www.casavio.com\/hu\/#website"},"primaryImageOfPage":{"@id":"https:\/\/www.casavio.com\/hu\/hol-vagyunk\/hogyan-juthatsz-el-hozzank-vonaton\/#primaryimage"},"image":{"@id":"https:\/\/www.casavio.com\/hu\/hol-vagyunk\/hogyan-juthatsz-el-hozzank-vonaton\/#primaryimage"},"thumbnailUrl":"https:\/\/www.casavio.com\/wp-content\/uploads\/2024\/02\/treno_v.jpg","datePublished":"2019-11-27T10:54:29+00:00","dateModified":"2026-02-05T12:03:11+00:00","description":"\u00datmutat\u00e1sok \u00e9s inform\u00e1ci\u00f3k a Ca'Savio kemping el\u00e9r\u00e9s\u00e9hez, ha vonattal \u00e9rkezik. A Ca 'Savio seg\u00edts\u00e9get ny\u00fajt \u00d6nnek. Vegye fel vel\u00fcnk a kapcsolatot.","breadcrumb":{"@id":"https:\/\/www.casavio.com\/hu\/hol-vagyunk\/hogyan-juthatsz-el-hozzank-vonaton\/#breadcrumb"},"inLanguage":"hu","potentialAction":[{"@type":"ReadAction","target":["https:\/\/www.casavio.com\/hu\/hol-vagyunk\/hogyan-juthatsz-el-hozzank-vonaton\/"]}]},{"@type":"ImageObject","inLanguage":"hu","@id":"https:\/\/www.casavio.com\/hu\/hol-vagyunk\/hogyan-juthatsz-el-hozzank-vonaton\/#primaryimage","url":"https:\/\/www.casavio.com\/wp-content\/uploads\/2024\/02\/treno_v.jpg","contentUrl":"https:\/\/www.casavio.com\/wp-content\/uploads\/2024\/02\/treno_v.jpg","width":440,"height":600},{"@type":"BreadcrumbList","@id":"https:\/\/www.casavio.com\/hu\/hol-vagyunk\/hogyan-juthatsz-el-hozzank-vonaton\/#breadcrumb","itemListElement":[{"@type":"ListItem","position":1,"name":"Home","item":"https:\/\/www.casavio.com\/hu\/"},{"@type":"ListItem","position":2,"name":"Hol vagyunk","item":"https:\/\/www.casavio.com\/hu\/hol-vagyunk\/"},{"@type":"ListItem","position":3,"name":"Vonattal"}]},{"@type":"WebSite","@id":"https:\/\/www.casavio.com\/hu\/#website","url":"https:\/\/www.casavio.com\/hu\/","name":"Camping Ca&#039; Savio","description":"","publisher":{"@id":"https:\/\/www.casavio.com\/hu\/#organization"},"potentialAction":[{"@type":"SearchAction","target":{"@type":"EntryPoint","urlTemplate":"https:\/\/www.casavio.com\/hu\/?s={search_term_string}"},"query-input":{"@type":"PropertyValueSpecification","valueRequired":true,"valueName":"search_term_string"}}],"inLanguage":"hu"},{"@type":"Organization","@id":"https:\/\/www.casavio.com\/hu\/#organization","name":"Camping Ca'Savio","url":"https:\/\/www.casavio.com\/hu\/","logo":{"@type":"ImageObject","inLanguage":"hu","@id":"https:\/\/www.casavio.com\/hu\/#\/schema\/logo\/image\/","url":"https:\/\/www.casavio.com\/wp-content\/uploads\/2024\/04\/favicon.png","contentUrl":"https:\/\/www.casavio.com\/wp-content\/uploads\/2024\/04\/favicon.png","width":144,"height":144,"caption":"Camping Ca'Savio"},"image":{"@id":"https:\/\/www.casavio.com\/hu\/#\/schema\/logo\/image\/"},"sameAs":["https:\/\/www.facebook.com\/campingcasavio","https:\/\/www.instagram.com\/campingcasavio","https:\/\/www.youtube.com\/user\/campingcasavio"]}]}},"_links":{"self":[{"href":"https:\/\/www.casavio.com\/hu\/wp-json\/wp\/v2\/pages\/10972","targetHints":{"allow":["GET"]}}],"collection":[{"href":"https:\/\/www.casavio.com\/hu\/wp-json\/wp\/v2\/pages"}],"about":[{"href":"https:\/\/www.casavio.com\/hu\/wp-json\/wp\/v2\/types\/page"}],"author":[{"embeddable":true,"href":"https:\/\/www.casavio.com\/hu\/wp-json\/wp\/v2\/users\/4"}],"replies":[{"embeddable":true,"href":"https:\/\/www.casavio.com\/hu\/wp-json\/wp\/v2\/comments?post=10972"}],"version-history":[{"count":2,"href":"https:\/\/www.casavio.com\/hu\/wp-json\/wp\/v2\/pages\/10972\/revisions"}],"predecessor-version":[{"id":45846,"href":"https:\/\/www.casavio.com\/hu\/wp-json\/wp\/v2\/pages\/10972\/revisions\/45846"}],"up":[{"embeddable":true,"href":"https:\/\/www.casavio.com\/hu\/wp-json\/wp\/v2\/pages\/10959"}],"wp:featuredmedia":[{"embeddable":true,"href":"https:\/\/www.casavio.com\/hu\/wp-json\/wp\/v2\/media\/29763"}],"wp:attachment":[{"href":"https:\/\/www.casavio.com\/hu\/wp-json\/wp\/v2\/media?parent=10972"}],"curies":[{"name":"wp","href":"https:\/\/api.w.org\/{rel}","templated":true}]}}