{"id":10976,"date":"2019-11-07T11:33:43","date_gmt":"2019-11-07T10:33:43","guid":{"rendered":"https:\/\/www.casavio.com\/come-raggiungerci\/"},"modified":"2020-05-11T15:56:14","modified_gmt":"2020-05-11T13:56:14","slug":"hogyan-lehet-eljutni-a-casavio-kempingbe","status":"publish","type":"page","link":"https:\/\/www.casavio.com\/hu\/hogyan-lehet-eljutni-a-casavio-kempingbe\/","title":{"rendered":"Hogyan lehet eljutni a Ca\u2019Savio kempingbe"},"content":{"rendered":"<p><strong>C\u00edm\u00fcnk<\/strong>:<\/p>\n<p>Camping Ca\u2019Savio<br \/>\nVia di Ca\u2019Savio 77<br \/>\n30013 Cavallino Treporti (Velence)<br \/>\nOlaszorsz\u00e1g<\/p>\n<p><strong>Koordin\u00e1t\u00e1k<\/strong>\u00a0a (<strong>GPS<\/strong>) m\u0171holdas navig\u00e1l\u00f3 rendszer sz\u00e1m\u00e1ra<\/p>\n<p>F\u00f6ldrajzi hossz\u00fas\u00e1g = X 12\u00b0 27,6801&#8242; E<br \/>\nF\u00f6ldrajzi sz\u00e9less\u00e9g = Y 45\u00b0 26,7527&#8242; N<\/p>\n<p><strong>Fontos<\/strong>: a GPS-t\u00a0<strong>Jesolo-n kereszt\u00fcli \u00fatvonalra<\/strong>\u00a0\u00e1ll\u00edtani.<\/p>\n<p>&nbsp;<\/p>\n<p><a href=\"https:\/\/www.casavio.com\/hu\/hogyan-lehet-eljutni-a-casavio-kempingbe-a-forgalmat-kikerulve\/\"><strong>KER\u00dcLJE KI A FORGALMAT<\/strong><\/a><\/p>\n<p>&nbsp;<\/p>\n","protected":false},"excerpt":{"rendered":"<p>C\u00edm\u00fcnk: Camping Ca\u2019Savio Via di Ca\u2019Savio 77 30013 Cavallino Treporti (Velence) Olaszorsz\u00e1g Koordin\u00e1t\u00e1k\u00a0a (GPS) m\u0171holdas navig\u00e1l\u00f3 rendszer sz\u00e1m\u00e1ra F\u00f6ldrajzi hossz\u00fas\u00e1g = X 12\u00b0 27,6801&#8242; E F\u00f6ldrajzi sz\u00e9less\u00e9g = Y 45\u00b0 26,7527&#8242; N Fontos: a GPS-t\u00a0Jesolo-n kereszt\u00fcli \u00fatvonalra\u00a0\u00e1ll\u00edtani. &nbsp; KER\u00dcLJE KI A FORGALMAT &nbsp;<\/p>\n","protected":false},"author":3,"featured_media":4423,"parent":0,"menu_order":92,"comment_status":"closed","ping_status":"closed","template":"","meta":{"_acf_changed":false},"class_list":["post-10976","page","type-page","status-publish","has-post-thumbnail","hentry"],"acf":[],"yoast_head":"<!-- This site is optimized with the Yoast SEO plugin v25.3 - https:\/\/yoast.com\/wordpress\/plugins\/seo\/ -->\n<title>Hol vagyunk \u00e9s Hogyan juthatsz el hozz\u00e1nk &#8211; Camping Ca&#039; Savio<\/title>\n<meta name=\"description\" content=\"Itt minden hasznos inform\u00e1ci\u00f3t megtal\u00e1l a kemping\u00fcnk el\u00e9r\u00e9s\u00e9hez.\" \/>\n<meta name=\"robots\" content=\"index, follow, max-snippet:-1, max-image-preview:large, max-video-preview:-1\" \/>\n<link rel=\"canonical\" href=\"https:\/\/www.casavio.com\/hu\/hogyan-lehet-eljutni-a-casavio-kempingbe\/\" \/>\n<meta property=\"og:locale\" content=\"hu_HU\" \/>\n<meta property=\"og:type\" content=\"article\" \/>\n<meta property=\"og:title\" content=\"Hol vagyunk \u00e9s Hogyan juthatsz el hozz\u00e1nk &#8211; Camping Ca&#039; Savio\" \/>\n<meta property=\"og:description\" content=\"Itt minden hasznos inform\u00e1ci\u00f3t megtal\u00e1l a kemping\u00fcnk el\u00e9r\u00e9s\u00e9hez.\" \/>\n<meta property=\"og:url\" content=\"https:\/\/www.casavio.com\/hu\/hogyan-lehet-eljutni-a-casavio-kempingbe\/\" \/>\n<meta property=\"og:site_name\" content=\"Camping Ca&#039; Savio\" \/>\n<meta property=\"article:publisher\" content=\"https:\/\/www.facebook.com\/campingcasavio\" \/>\n<meta property=\"article:modified_time\" content=\"2020-05-11T13:56:14+00:00\" \/>\n<meta property=\"og:image\" content=\"https:\/\/www.casavio.com\/wp-content\/uploads\/2019\/11\/ca-savio-evita-traffico-header.jpg\" \/>\n\t<meta property=\"og:image:width\" content=\"1440\" \/>\n\t<meta property=\"og:image:height\" content=\"500\" \/>\n\t<meta property=\"og:image:type\" content=\"image\/jpeg\" \/>\n<meta name=\"twitter:card\" content=\"summary_large_image\" \/>\n<script type=\"application\/ld+json\" class=\"yoast-schema-graph\">{\"@context\":\"https:\/\/schema.org\",\"@graph\":[{\"@type\":\"WebPage\",\"@id\":\"https:\/\/www.casavio.com\/hu\/hogyan-lehet-eljutni-a-casavio-kempingbe\/\",\"url\":\"https:\/\/www.casavio.com\/hu\/hogyan-lehet-eljutni-a-casavio-kempingbe\/\",\"name\":\"Hol vagyunk \u00e9s Hogyan juthatsz el hozz\u00e1nk &#8211; Camping Ca&#039; Savio\",\"isPartOf\":{\"@id\":\"https:\/\/www.casavio.com\/hu\/#website\"},\"primaryImageOfPage\":{\"@id\":\"https:\/\/www.casavio.com\/hu\/hogyan-lehet-eljutni-a-casavio-kempingbe\/#primaryimage\"},\"image\":{\"@id\":\"https:\/\/www.casavio.com\/hu\/hogyan-lehet-eljutni-a-casavio-kempingbe\/#primaryimage\"},\"thumbnailUrl\":\"https:\/\/www.casavio.com\/wp-content\/uploads\/2019\/11\/ca-savio-evita-traffico-header.jpg\",\"datePublished\":\"2019-11-07T10:33:43+00:00\",\"dateModified\":\"2020-05-11T13:56:14+00:00\",\"description\":\"Itt minden hasznos inform\u00e1ci\u00f3t megtal\u00e1l a kemping\u00fcnk el\u00e9r\u00e9s\u00e9hez.\",\"breadcrumb\":{\"@id\":\"https:\/\/www.casavio.com\/hu\/hogyan-lehet-eljutni-a-casavio-kempingbe\/#breadcrumb\"},\"inLanguage\":\"hu\",\"potentialAction\":[{\"@type\":\"ReadAction\",\"target\":[\"https:\/\/www.casavio.com\/hu\/hogyan-lehet-eljutni-a-casavio-kempingbe\/\"]}]},{\"@type\":\"ImageObject\",\"inLanguage\":\"hu\",\"@id\":\"https:\/\/www.casavio.com\/hu\/hogyan-lehet-eljutni-a-casavio-kempingbe\/#primaryimage\",\"url\":\"https:\/\/www.casavio.com\/wp-content\/uploads\/2019\/11\/ca-savio-evita-traffico-header.jpg\",\"contentUrl\":\"https:\/\/www.casavio.com\/wp-content\/uploads\/2019\/11\/ca-savio-evita-traffico-header.jpg\",\"width\":1440,\"height\":500},{\"@type\":\"BreadcrumbList\",\"@id\":\"https:\/\/www.casavio.com\/hu\/hogyan-lehet-eljutni-a-casavio-kempingbe\/#breadcrumb\",\"itemListElement\":[{\"@type\":\"ListItem\",\"position\":1,\"name\":\"Home\",\"item\":\"https:\/\/www.casavio.com\/hu\/\"},{\"@type\":\"ListItem\",\"position\":2,\"name\":\"Hogyan lehet eljutni a Ca\u2019Savio kempingbe\"}]},{\"@type\":\"WebSite\",\"@id\":\"https:\/\/www.casavio.com\/hu\/#website\",\"url\":\"https:\/\/www.casavio.com\/hu\/\",\"name\":\"Camping Ca&#039; Savio\",\"description\":\"\",\"publisher\":{\"@id\":\"https:\/\/www.casavio.com\/hu\/#organization\"},\"potentialAction\":[{\"@type\":\"SearchAction\",\"target\":{\"@type\":\"EntryPoint\",\"urlTemplate\":\"https:\/\/www.casavio.com\/hu\/?s={search_term_string}\"},\"query-input\":{\"@type\":\"PropertyValueSpecification\",\"valueRequired\":true,\"valueName\":\"search_term_string\"}}],\"inLanguage\":\"hu\"},{\"@type\":\"Organization\",\"@id\":\"https:\/\/www.casavio.com\/hu\/#organization\",\"name\":\"Camping Ca'Savio\",\"url\":\"https:\/\/www.casavio.com\/hu\/\",\"logo\":{\"@type\":\"ImageObject\",\"inLanguage\":\"hu\",\"@id\":\"https:\/\/www.casavio.com\/hu\/#\/schema\/logo\/image\/\",\"url\":\"https:\/\/www.casavio.com\/wp-content\/uploads\/2024\/04\/favicon.png\",\"contentUrl\":\"https:\/\/www.casavio.com\/wp-content\/uploads\/2024\/04\/favicon.png\",\"width\":144,\"height\":144,\"caption\":\"Camping Ca'Savio\"},\"image\":{\"@id\":\"https:\/\/www.casavio.com\/hu\/#\/schema\/logo\/image\/\"},\"sameAs\":[\"https:\/\/www.facebook.com\/campingcasavio\",\"https:\/\/www.instagram.com\/campingcasavio\",\"https:\/\/www.youtube.com\/user\/campingcasavio\"]}]}<\/script>\n<!-- \/ Yoast SEO plugin. -->","yoast_head_json":{"title":"Hol vagyunk \u00e9s Hogyan juthatsz el hozz\u00e1nk &#8211; Camping Ca&#039; Savio","description":"Itt minden hasznos inform\u00e1ci\u00f3t megtal\u00e1l a kemping\u00fcnk el\u00e9r\u00e9s\u00e9hez.","robots":{"index":"index","follow":"follow","max-snippet":"max-snippet:-1","max-image-preview":"max-image-preview:large","max-video-preview":"max-video-preview:-1"},"canonical":"https:\/\/www.casavio.com\/hu\/hogyan-lehet-eljutni-a-casavio-kempingbe\/","og_locale":"hu_HU","og_type":"article","og_title":"Hol vagyunk \u00e9s Hogyan juthatsz el hozz\u00e1nk &#8211; Camping Ca&#039; Savio","og_description":"Itt minden hasznos inform\u00e1ci\u00f3t megtal\u00e1l a kemping\u00fcnk el\u00e9r\u00e9s\u00e9hez.","og_url":"https:\/\/www.casavio.com\/hu\/hogyan-lehet-eljutni-a-casavio-kempingbe\/","og_site_name":"Camping Ca&#039; Savio","article_publisher":"https:\/\/www.facebook.com\/campingcasavio","article_modified_time":"2020-05-11T13:56:14+00:00","og_image":[{"width":1440,"height":500,"url":"https:\/\/www.casavio.com\/wp-content\/uploads\/2019\/11\/ca-savio-evita-traffico-header.jpg","type":"image\/jpeg"}],"twitter_card":"summary_large_image","schema":{"@context":"https:\/\/schema.org","@graph":[{"@type":"WebPage","@id":"https:\/\/www.casavio.com\/hu\/hogyan-lehet-eljutni-a-casavio-kempingbe\/","url":"https:\/\/www.casavio.com\/hu\/hogyan-lehet-eljutni-a-casavio-kempingbe\/","name":"Hol vagyunk \u00e9s Hogyan juthatsz el hozz\u00e1nk &#8211; Camping Ca&#039; Savio","isPartOf":{"@id":"https:\/\/www.casavio.com\/hu\/#website"},"primaryImageOfPage":{"@id":"https:\/\/www.casavio.com\/hu\/hogyan-lehet-eljutni-a-casavio-kempingbe\/#primaryimage"},"image":{"@id":"https:\/\/www.casavio.com\/hu\/hogyan-lehet-eljutni-a-casavio-kempingbe\/#primaryimage"},"thumbnailUrl":"https:\/\/www.casavio.com\/wp-content\/uploads\/2019\/11\/ca-savio-evita-traffico-header.jpg","datePublished":"2019-11-07T10:33:43+00:00","dateModified":"2020-05-11T13:56:14+00:00","description":"Itt minden hasznos inform\u00e1ci\u00f3t megtal\u00e1l a kemping\u00fcnk el\u00e9r\u00e9s\u00e9hez.","breadcrumb":{"@id":"https:\/\/www.casavio.com\/hu\/hogyan-lehet-eljutni-a-casavio-kempingbe\/#breadcrumb"},"inLanguage":"hu","potentialAction":[{"@type":"ReadAction","target":["https:\/\/www.casavio.com\/hu\/hogyan-lehet-eljutni-a-casavio-kempingbe\/"]}]},{"@type":"ImageObject","inLanguage":"hu","@id":"https:\/\/www.casavio.com\/hu\/hogyan-lehet-eljutni-a-casavio-kempingbe\/#primaryimage","url":"https:\/\/www.casavio.com\/wp-content\/uploads\/2019\/11\/ca-savio-evita-traffico-header.jpg","contentUrl":"https:\/\/www.casavio.com\/wp-content\/uploads\/2019\/11\/ca-savio-evita-traffico-header.jpg","width":1440,"height":500},{"@type":"BreadcrumbList","@id":"https:\/\/www.casavio.com\/hu\/hogyan-lehet-eljutni-a-casavio-kempingbe\/#breadcrumb","itemListElement":[{"@type":"ListItem","position":1,"name":"Home","item":"https:\/\/www.casavio.com\/hu\/"},{"@type":"ListItem","position":2,"name":"Hogyan lehet eljutni a Ca\u2019Savio kempingbe"}]},{"@type":"WebSite","@id":"https:\/\/www.casavio.com\/hu\/#website","url":"https:\/\/www.casavio.com\/hu\/","name":"Camping Ca&#039; Savio","description":"","publisher":{"@id":"https:\/\/www.casavio.com\/hu\/#organization"},"potentialAction":[{"@type":"SearchAction","target":{"@type":"EntryPoint","urlTemplate":"https:\/\/www.casavio.com\/hu\/?s={search_term_string}"},"query-input":{"@type":"PropertyValueSpecification","valueRequired":true,"valueName":"search_term_string"}}],"inLanguage":"hu"},{"@type":"Organization","@id":"https:\/\/www.casavio.com\/hu\/#organization","name":"Camping Ca'Savio","url":"https:\/\/www.casavio.com\/hu\/","logo":{"@type":"ImageObject","inLanguage":"hu","@id":"https:\/\/www.casavio.com\/hu\/#\/schema\/logo\/image\/","url":"https:\/\/www.casavio.com\/wp-content\/uploads\/2024\/04\/favicon.png","contentUrl":"https:\/\/www.casavio.com\/wp-content\/uploads\/2024\/04\/favicon.png","width":144,"height":144,"caption":"Camping Ca'Savio"},"image":{"@id":"https:\/\/www.casavio.com\/hu\/#\/schema\/logo\/image\/"},"sameAs":["https:\/\/www.facebook.com\/campingcasavio","https:\/\/www.instagram.com\/campingcasavio","https:\/\/www.youtube.com\/user\/campingcasavio"]}]}},"_links":{"self":[{"href":"https:\/\/www.casavio.com\/hu\/wp-json\/wp\/v2\/pages\/10976","targetHints":{"allow":["GET"]}}],"collection":[{"href":"https:\/\/www.casavio.com\/hu\/wp-json\/wp\/v2\/pages"}],"about":[{"href":"https:\/\/www.casavio.com\/hu\/wp-json\/wp\/v2\/types\/page"}],"author":[{"embeddable":true,"href":"https:\/\/www.casavio.com\/hu\/wp-json\/wp\/v2\/users\/3"}],"replies":[{"embeddable":true,"href":"https:\/\/www.casavio.com\/hu\/wp-json\/wp\/v2\/comments?post=10976"}],"version-history":[{"count":2,"href":"https:\/\/www.casavio.com\/hu\/wp-json\/wp\/v2\/pages\/10976\/revisions"}],"predecessor-version":[{"id":11242,"href":"https:\/\/www.casavio.com\/hu\/wp-json\/wp\/v2\/pages\/10976\/revisions\/11242"}],"wp:featuredmedia":[{"embeddable":true,"href":"https:\/\/www.casavio.com\/hu\/wp-json\/wp\/v2\/media\/4423"}],"wp:attachment":[{"href":"https:\/\/www.casavio.com\/hu\/wp-json\/wp\/v2\/media?parent=10976"}],"curies":[{"name":"wp","href":"https:\/\/api.w.org\/{rel}","templated":true}]}}