{"id":11985,"date":"2019-11-07T11:08:55","date_gmt":"2019-11-07T10:08:55","guid":{"rendered":"https:\/\/www.casavio.com\/?page_id=11985"},"modified":"2025-10-20T12:24:40","modified_gmt":"2025-10-20T10:24:40","slug":"casavio-plus","status":"publish","type":"page","link":"https:\/\/www.casavio.com\/hu\/tevekenysegek-kemping\/casavio-plus\/","title":{"rendered":"Ca&#8217;Savio PLUS"},"content":{"rendered":"<p>\u00dcdv\u00f6zl\u00fcnk a Ca\u2019Savio PLUS-on, a Camping Ca\u2019Savio <strong>sz\u00f3rakoztat\u00f3 csatorn\u00e1j\u00e1n<\/strong>!<\/p>\n<p>A Ca\u2019Savio PLUS a <strong>Camping Ca\u2019Savio online kiterjeszt\u00e9se<\/strong> \u2013 egy csatorna, ahol eg\u00e9sz \u00e9vben rengeteg vide\u00f3t \u00e9s programot osztunk meg. Ezek az anyagok otthon \u00e9s a kemping ter\u00fclet\u00e9n k\u00e9sz\u00fclnek, \u00e9s b\u00e1rhol megn\u00e9zheted \u0151ket \u2013 telefonon, tableten vagy t\u00e9v\u00e9n.<\/p>\n","protected":false},"excerpt":{"rendered":"<p>\u00dcdv\u00f6zl\u00fcnk a Ca\u2019Savio PLUS-on, a Camping Ca\u2019Savio \u00faj sz\u00f3rakoztat\u00f3 csatorn\u00e1j\u00e1n.<\/p>\n","protected":false},"author":6,"featured_media":15596,"parent":10813,"menu_order":63,"comment_status":"closed","ping_status":"closed","template":"templates\/tpl-children-with-intro.php","meta":{"_acf_changed":false},"class_list":["post-11985","page","type-page","status-publish","has-post-thumbnail","hentry"],"acf":[],"yoast_head":"<!-- This site is optimized with the Yoast SEO plugin v25.3 - https:\/\/yoast.com\/wordpress\/plugins\/seo\/ -->\n<title>Ca\u2019Savio PLUS \u2013 online sz\u00f3rakoz\u00e1s csal\u00e1doknak &#8211; Camping Ca&#039; Savio<\/title>\n<meta name=\"description\" content=\"A Camping Ca\u2019Savio \u00e1ltal tervezett \u00faj sz\u00f3rakoztat\u00f3 csatorna csal\u00e1doknak \u00e9s gyerekeknek, Olaszorsz\u00e1gban, Cavallin\u00f3ban.\" \/>\n<meta name=\"robots\" content=\"index, follow, max-snippet:-1, max-image-preview:large, max-video-preview:-1\" \/>\n<link rel=\"canonical\" href=\"https:\/\/www.casavio.com\/hu\/tevekenysegek-kemping\/casavio-plus\/\" \/>\n<meta property=\"og:locale\" content=\"hu_HU\" \/>\n<meta property=\"og:type\" content=\"article\" \/>\n<meta property=\"og:title\" content=\"Ca\u2019Savio PLUS \u2013 online sz\u00f3rakoz\u00e1s csal\u00e1doknak &#8211; Camping Ca&#039; Savio\" \/>\n<meta property=\"og:description\" content=\"A Camping Ca\u2019Savio \u00e1ltal tervezett \u00faj sz\u00f3rakoztat\u00f3 csatorna csal\u00e1doknak \u00e9s gyerekeknek, Olaszorsz\u00e1gban, Cavallin\u00f3ban.\" \/>\n<meta property=\"og:url\" content=\"https:\/\/www.casavio.com\/hu\/tevekenysegek-kemping\/casavio-plus\/\" \/>\n<meta property=\"og:site_name\" content=\"Camping Ca&#039; Savio\" \/>\n<meta property=\"article:publisher\" content=\"https:\/\/www.facebook.com\/campingcasavio\" \/>\n<meta property=\"article:modified_time\" content=\"2025-10-20T10:24:40+00:00\" \/>\n<meta property=\"og:image\" content=\"https:\/\/www.casavio.com\/wp-content\/uploads\/2020\/12\/CaSavio-Plus_Website_Box-Attivita\u0300.png\" \/>\n\t<meta property=\"og:image:width\" content=\"918\" \/>\n\t<meta property=\"og:image:height\" content=\"1251\" \/>\n\t<meta property=\"og:image:type\" content=\"image\/png\" \/>\n<meta name=\"twitter:card\" content=\"summary_large_image\" \/>\n<meta name=\"twitter:label1\" content=\"Becs\u00fclt olvas\u00e1si id\u0151\" \/>\n\t<meta name=\"twitter:data1\" content=\"1 perc\" \/>\n<script type=\"application\/ld+json\" class=\"yoast-schema-graph\">{\"@context\":\"https:\/\/schema.org\",\"@graph\":[{\"@type\":\"WebPage\",\"@id\":\"https:\/\/www.casavio.com\/hu\/tevekenysegek-kemping\/casavio-plus\/\",\"url\":\"https:\/\/www.casavio.com\/hu\/tevekenysegek-kemping\/casavio-plus\/\",\"name\":\"Ca\u2019Savio PLUS \u2013 online sz\u00f3rakoz\u00e1s csal\u00e1doknak &#8211; Camping Ca&#039; Savio\",\"isPartOf\":{\"@id\":\"https:\/\/www.casavio.com\/hu\/#website\"},\"primaryImageOfPage\":{\"@id\":\"https:\/\/www.casavio.com\/hu\/tevekenysegek-kemping\/casavio-plus\/#primaryimage\"},\"image\":{\"@id\":\"https:\/\/www.casavio.com\/hu\/tevekenysegek-kemping\/casavio-plus\/#primaryimage\"},\"thumbnailUrl\":\"https:\/\/www.casavio.com\/wp-content\/uploads\/2020\/12\/CaSavio-Plus_Website_Box-Attivita\u0300.png\",\"datePublished\":\"2019-11-07T10:08:55+00:00\",\"dateModified\":\"2025-10-20T10:24:40+00:00\",\"description\":\"A Camping Ca\u2019Savio \u00e1ltal tervezett \u00faj sz\u00f3rakoztat\u00f3 csatorna csal\u00e1doknak \u00e9s gyerekeknek, Olaszorsz\u00e1gban, Cavallin\u00f3ban.\",\"breadcrumb\":{\"@id\":\"https:\/\/www.casavio.com\/hu\/tevekenysegek-kemping\/casavio-plus\/#breadcrumb\"},\"inLanguage\":\"hu\",\"potentialAction\":[{\"@type\":\"ReadAction\",\"target\":[\"https:\/\/www.casavio.com\/hu\/tevekenysegek-kemping\/casavio-plus\/\"]}]},{\"@type\":\"ImageObject\",\"inLanguage\":\"hu\",\"@id\":\"https:\/\/www.casavio.com\/hu\/tevekenysegek-kemping\/casavio-plus\/#primaryimage\",\"url\":\"https:\/\/www.casavio.com\/wp-content\/uploads\/2020\/12\/CaSavio-Plus_Website_Box-Attivita\u0300.png\",\"contentUrl\":\"https:\/\/www.casavio.com\/wp-content\/uploads\/2020\/12\/CaSavio-Plus_Website_Box-Attivita\u0300.png\",\"width\":918,\"height\":1251},{\"@type\":\"BreadcrumbList\",\"@id\":\"https:\/\/www.casavio.com\/hu\/tevekenysegek-kemping\/casavio-plus\/#breadcrumb\",\"itemListElement\":[{\"@type\":\"ListItem\",\"position\":1,\"name\":\"Home\",\"item\":\"https:\/\/www.casavio.com\/hu\/\"},{\"@type\":\"ListItem\",\"position\":2,\"name\":\"Tev\u00e9kenys\u00e9gek\",\"item\":\"https:\/\/www.casavio.com\/hu\/tevekenysegek-kemping\/\"},{\"@type\":\"ListItem\",\"position\":3,\"name\":\"Ca&#8217;Savio PLUS\"}]},{\"@type\":\"WebSite\",\"@id\":\"https:\/\/www.casavio.com\/hu\/#website\",\"url\":\"https:\/\/www.casavio.com\/hu\/\",\"name\":\"Camping Ca&#039; Savio\",\"description\":\"\",\"publisher\":{\"@id\":\"https:\/\/www.casavio.com\/hu\/#organization\"},\"potentialAction\":[{\"@type\":\"SearchAction\",\"target\":{\"@type\":\"EntryPoint\",\"urlTemplate\":\"https:\/\/www.casavio.com\/hu\/?s={search_term_string}\"},\"query-input\":{\"@type\":\"PropertyValueSpecification\",\"valueRequired\":true,\"valueName\":\"search_term_string\"}}],\"inLanguage\":\"hu\"},{\"@type\":\"Organization\",\"@id\":\"https:\/\/www.casavio.com\/hu\/#organization\",\"name\":\"Camping Ca'Savio\",\"url\":\"https:\/\/www.casavio.com\/hu\/\",\"logo\":{\"@type\":\"ImageObject\",\"inLanguage\":\"hu\",\"@id\":\"https:\/\/www.casavio.com\/hu\/#\/schema\/logo\/image\/\",\"url\":\"https:\/\/www.casavio.com\/wp-content\/uploads\/2024\/04\/favicon.png\",\"contentUrl\":\"https:\/\/www.casavio.com\/wp-content\/uploads\/2024\/04\/favicon.png\",\"width\":144,\"height\":144,\"caption\":\"Camping Ca'Savio\"},\"image\":{\"@id\":\"https:\/\/www.casavio.com\/hu\/#\/schema\/logo\/image\/\"},\"sameAs\":[\"https:\/\/www.facebook.com\/campingcasavio\",\"https:\/\/www.instagram.com\/campingcasavio\",\"https:\/\/www.youtube.com\/user\/campingcasavio\"]}]}<\/script>\n<!-- \/ Yoast SEO plugin. -->","yoast_head_json":{"title":"Ca\u2019Savio PLUS \u2013 online sz\u00f3rakoz\u00e1s csal\u00e1doknak &#8211; Camping Ca&#039; Savio","description":"A Camping Ca\u2019Savio \u00e1ltal tervezett \u00faj sz\u00f3rakoztat\u00f3 csatorna csal\u00e1doknak \u00e9s gyerekeknek, Olaszorsz\u00e1gban, Cavallin\u00f3ban.","robots":{"index":"index","follow":"follow","max-snippet":"max-snippet:-1","max-image-preview":"max-image-preview:large","max-video-preview":"max-video-preview:-1"},"canonical":"https:\/\/www.casavio.com\/hu\/tevekenysegek-kemping\/casavio-plus\/","og_locale":"hu_HU","og_type":"article","og_title":"Ca\u2019Savio PLUS \u2013 online sz\u00f3rakoz\u00e1s csal\u00e1doknak &#8211; Camping Ca&#039; Savio","og_description":"A Camping Ca\u2019Savio \u00e1ltal tervezett \u00faj sz\u00f3rakoztat\u00f3 csatorna csal\u00e1doknak \u00e9s gyerekeknek, Olaszorsz\u00e1gban, Cavallin\u00f3ban.","og_url":"https:\/\/www.casavio.com\/hu\/tevekenysegek-kemping\/casavio-plus\/","og_site_name":"Camping Ca&#039; Savio","article_publisher":"https:\/\/www.facebook.com\/campingcasavio","article_modified_time":"2025-10-20T10:24:40+00:00","og_image":[{"width":918,"height":1251,"url":"https:\/\/www.casavio.com\/wp-content\/uploads\/2020\/12\/CaSavio-Plus_Website_Box-Attivita\u0300.png","type":"image\/png"}],"twitter_card":"summary_large_image","twitter_misc":{"Becs\u00fclt olvas\u00e1si id\u0151":"1 perc"},"schema":{"@context":"https:\/\/schema.org","@graph":[{"@type":"WebPage","@id":"https:\/\/www.casavio.com\/hu\/tevekenysegek-kemping\/casavio-plus\/","url":"https:\/\/www.casavio.com\/hu\/tevekenysegek-kemping\/casavio-plus\/","name":"Ca\u2019Savio PLUS \u2013 online sz\u00f3rakoz\u00e1s csal\u00e1doknak &#8211; Camping Ca&#039; Savio","isPartOf":{"@id":"https:\/\/www.casavio.com\/hu\/#website"},"primaryImageOfPage":{"@id":"https:\/\/www.casavio.com\/hu\/tevekenysegek-kemping\/casavio-plus\/#primaryimage"},"image":{"@id":"https:\/\/www.casavio.com\/hu\/tevekenysegek-kemping\/casavio-plus\/#primaryimage"},"thumbnailUrl":"https:\/\/www.casavio.com\/wp-content\/uploads\/2020\/12\/CaSavio-Plus_Website_Box-Attivita\u0300.png","datePublished":"2019-11-07T10:08:55+00:00","dateModified":"2025-10-20T10:24:40+00:00","description":"A Camping Ca\u2019Savio \u00e1ltal tervezett \u00faj sz\u00f3rakoztat\u00f3 csatorna csal\u00e1doknak \u00e9s gyerekeknek, Olaszorsz\u00e1gban, Cavallin\u00f3ban.","breadcrumb":{"@id":"https:\/\/www.casavio.com\/hu\/tevekenysegek-kemping\/casavio-plus\/#breadcrumb"},"inLanguage":"hu","potentialAction":[{"@type":"ReadAction","target":["https:\/\/www.casavio.com\/hu\/tevekenysegek-kemping\/casavio-plus\/"]}]},{"@type":"ImageObject","inLanguage":"hu","@id":"https:\/\/www.casavio.com\/hu\/tevekenysegek-kemping\/casavio-plus\/#primaryimage","url":"https:\/\/www.casavio.com\/wp-content\/uploads\/2020\/12\/CaSavio-Plus_Website_Box-Attivita\u0300.png","contentUrl":"https:\/\/www.casavio.com\/wp-content\/uploads\/2020\/12\/CaSavio-Plus_Website_Box-Attivita\u0300.png","width":918,"height":1251},{"@type":"BreadcrumbList","@id":"https:\/\/www.casavio.com\/hu\/tevekenysegek-kemping\/casavio-plus\/#breadcrumb","itemListElement":[{"@type":"ListItem","position":1,"name":"Home","item":"https:\/\/www.casavio.com\/hu\/"},{"@type":"ListItem","position":2,"name":"Tev\u00e9kenys\u00e9gek","item":"https:\/\/www.casavio.com\/hu\/tevekenysegek-kemping\/"},{"@type":"ListItem","position":3,"name":"Ca&#8217;Savio PLUS"}]},{"@type":"WebSite","@id":"https:\/\/www.casavio.com\/hu\/#website","url":"https:\/\/www.casavio.com\/hu\/","name":"Camping Ca&#039; Savio","description":"","publisher":{"@id":"https:\/\/www.casavio.com\/hu\/#organization"},"potentialAction":[{"@type":"SearchAction","target":{"@type":"EntryPoint","urlTemplate":"https:\/\/www.casavio.com\/hu\/?s={search_term_string}"},"query-input":{"@type":"PropertyValueSpecification","valueRequired":true,"valueName":"search_term_string"}}],"inLanguage":"hu"},{"@type":"Organization","@id":"https:\/\/www.casavio.com\/hu\/#organization","name":"Camping Ca'Savio","url":"https:\/\/www.casavio.com\/hu\/","logo":{"@type":"ImageObject","inLanguage":"hu","@id":"https:\/\/www.casavio.com\/hu\/#\/schema\/logo\/image\/","url":"https:\/\/www.casavio.com\/wp-content\/uploads\/2024\/04\/favicon.png","contentUrl":"https:\/\/www.casavio.com\/wp-content\/uploads\/2024\/04\/favicon.png","width":144,"height":144,"caption":"Camping Ca'Savio"},"image":{"@id":"https:\/\/www.casavio.com\/hu\/#\/schema\/logo\/image\/"},"sameAs":["https:\/\/www.facebook.com\/campingcasavio","https:\/\/www.instagram.com\/campingcasavio","https:\/\/www.youtube.com\/user\/campingcasavio"]}]}},"_links":{"self":[{"href":"https:\/\/www.casavio.com\/hu\/wp-json\/wp\/v2\/pages\/11985","targetHints":{"allow":["GET"]}}],"collection":[{"href":"https:\/\/www.casavio.com\/hu\/wp-json\/wp\/v2\/pages"}],"about":[{"href":"https:\/\/www.casavio.com\/hu\/wp-json\/wp\/v2\/types\/page"}],"author":[{"embeddable":true,"href":"https:\/\/www.casavio.com\/hu\/wp-json\/wp\/v2\/users\/6"}],"replies":[{"embeddable":true,"href":"https:\/\/www.casavio.com\/hu\/wp-json\/wp\/v2\/comments?post=11985"}],"version-history":[{"count":4,"href":"https:\/\/www.casavio.com\/hu\/wp-json\/wp\/v2\/pages\/11985\/revisions"}],"predecessor-version":[{"id":44007,"href":"https:\/\/www.casavio.com\/hu\/wp-json\/wp\/v2\/pages\/11985\/revisions\/44007"}],"up":[{"embeddable":true,"href":"https:\/\/www.casavio.com\/hu\/wp-json\/wp\/v2\/pages\/10813"}],"wp:featuredmedia":[{"embeddable":true,"href":"https:\/\/www.casavio.com\/hu\/wp-json\/wp\/v2\/media\/15596"}],"wp:attachment":[{"href":"https:\/\/www.casavio.com\/hu\/wp-json\/wp\/v2\/media?parent=11985"}],"curies":[{"name":"wp","href":"https:\/\/api.w.org\/{rel}","templated":true}]}}