{"id":32688,"date":"2024-05-29T11:37:32","date_gmt":"2024-05-29T09:37:32","guid":{"rendered":"https:\/\/www.casavio.com\/szolgaltatasok\/extra-szolgaltatasok\/umbrella-and-sun-lounger-rental\/"},"modified":"2026-02-17T13:03:11","modified_gmt":"2026-02-17T12:03:11","slug":"umbrella-and-sun-lounger-rental","status":"publish","type":"page","link":"https:\/\/www.casavio.com\/hu\/szolgaltatasok\/extra-szolgaltatasok\/umbrella-and-sun-lounger-rental\/","title":{"rendered":"Naperny\u0151 \u00e9s napoz\u00f3\u00e1gy b\u00e9rl\u00e9s"},"content":{"rendered":"<p>A szolg\u00e1ltat\u00e1s 08\/06-t\u00f3l 08\/09-ig vehet\u0151 ig\u00e9nybe, \u00e9s munkat\u00e1rsaink minden nap 9:00 \u00e9s 19:00 k\u00f6z\u00f6tt a <a href=\"https:\/\/www.casavio.com\/hu\/szolgaltatasok\/strand-ca-savio\/\">strandon<\/a> v\u00e1rj\u00e1k \u00d6nt, hogy \u00fcdv\u00f6z\u00f6lj\u00e9k, naperny\u0151ket \u00e9s napoz\u00f3\u00e1gyakat osszanak ki, \u00e9s b\u00e1rmilyen seg\u00edts\u00e9get ny\u00fajtsanak.<\/p>\n<p>A szolg\u00e1ltat\u00e1s a <strong>kemping vend\u00e9geinek sz\u00f3l<\/strong>, ez\u00e9rt <a href=\"https:\/\/booking.casavio.com\/contact\" target=\"_blank\" rel=\"noopener\">el\u0151re ig\u00e9nyelheti<\/a>, ha a foglal\u00e1skor hozz\u00e1adja a d\u00edjat, vagy a helysz\u00ednen megv\u00e1s\u00e1rolhatja, ha a recepci\u00f3n vagy az \u00fcgyf\u00e9lszolg\u00e1lati irod\u00e1ban fizet.<\/p>\n<p><strong>1 naperny\u0151t \u00e9s 2 napoz\u00f3\u00e1gyat<\/strong> <strong>21 eur\u00f3\u00e9rt<\/strong> b\u00e9relhet naponta, \u00e9s 7 napn\u00e1l hosszabb b\u00e9rl\u00e9s eset\u00e9n 19 eur\u00f3s kedvezm\u00e9nyes \u00e1rat biztos\u00edtunk.<\/p>\n<p>A naperny\u0151kkel \u00e9s napoz\u00f3\u00e1gyakkal felszerelt ter\u00fclet a <strong>7. sz\u00e1m\u00fa strandbej\u00e1ratn\u00e1l tal\u00e1lhat\u00f3<\/strong>, \u00e9s teljes eg\u00e9sz\u00e9ben <strong>nemdoh\u00e1nyz\u00f3<\/strong>, \u00edgy \u00e9lvezheti a tengeri leveg\u0151 minden el\u0151ny\u00e9t an\u00e9lk\u00fcl, hogy m\u00e1sodlagos doh\u00e1nyf\u00fcst vagy a homokban hagyott cigarettacsikkek rontan\u00e1k a k\u00f6rnyezetet \u00e9s zavarn\u00e1k gyermekei j\u00e1t\u00e9k\u00e1t.<\/p>\n<p>A kemping strandj\u00e1nak akad\u00e1lymentesebb\u00e9 \u00e9s inkluz\u00edvabb\u00e1 t\u00e9tele \u00e9rdek\u00e9ben a kempingben n\u00e9h\u00e1ny, mozg\u00e1skorl\u00e1tozottak sz\u00e1m\u00e1ra k\u00e9sz\u00fclt strandkerekessz\u00e9k b\u00e9relhet\u0151 (<a href=\"https:\/\/booking.casavio.com\/contact\" target=\"_blank\" rel=\"noopener\">k\u00e9r\u00e9sre<\/a> \u00e9s a rendelkez\u00e9sre \u00e1ll\u00f3 k\u00e9szlet erej\u00e9ig), amelyek kerekei alkalmasak a homokon val\u00f3 mozg\u00e1sra \u00e9s a v\u00edzbe val\u00f3 bejut\u00e1sra.<\/p>\n<p>Tudjon meg t\u00f6bbet sz\u00e9les strandunkr\u00f3l \u00e9s szolg\u00e1ltat\u00e1sainkr\u00f3l, hogy a pihen\u00e9s \u00e9s a sz\u00f3rakoz\u00e1s k\u00f6z\u00f6tt elt\u00f6lt\u00f6tt napok a tengerparton minden szabads\u00e1got megadjanak \u00d6nnek, amit csak k\u00edv\u00e1n, \u00e9s csak n\u00e9h\u00e1ny fontos <a href=\"https:\/\/www.casavio.com\/hu\/kempingunk\/szabalyzat\/\">szab\u00e1lyt<\/a> kell betartania, a biztons\u00e1ga \u00e9s a term\u00e9szet tiszteletben tart\u00e1sa \u00e9rdek\u00e9ben.<\/p>\n","protected":false},"excerpt":{"rendered":"<p>A kemping vend\u00e9geinek sz\u00f3l\u00f3 szolg\u00e1ltat\u00e1s.<\/p>\n","protected":false},"author":6,"featured_media":39990,"parent":10126,"menu_order":4,"comment_status":"closed","ping_status":"closed","template":"","meta":{"_acf_changed":false},"class_list":["post-32688","page","type-page","status-publish","has-post-thumbnail","hentry"],"acf":[],"yoast_head":"<!-- This site is optimized with the Yoast SEO plugin v25.3 - https:\/\/yoast.com\/wordpress\/plugins\/seo\/ -->\n<title>Naperny\u0151 \u00e9s napoz\u00f3\u00e1gy b\u00e9rl\u00e9s &#8211; Camping Ca&#039; Savio<\/title>\n<meta name=\"robots\" content=\"index, follow, max-snippet:-1, max-image-preview:large, max-video-preview:-1\" \/>\n<link rel=\"canonical\" href=\"https:\/\/www.casavio.com\/hu\/szolgaltatasok\/extra-szolgaltatasok\/umbrella-and-sun-lounger-rental\/\" \/>\n<meta property=\"og:locale\" content=\"hu_HU\" \/>\n<meta property=\"og:type\" content=\"article\" \/>\n<meta property=\"og:title\" content=\"Naperny\u0151 \u00e9s napoz\u00f3\u00e1gy b\u00e9rl\u00e9s &#8211; Camping Ca&#039; Savio\" \/>\n<meta property=\"og:description\" content=\"A kemping vend\u00e9geinek sz\u00f3l\u00f3 szolg\u00e1ltat\u00e1s.\" \/>\n<meta property=\"og:url\" content=\"https:\/\/www.casavio.com\/hu\/szolgaltatasok\/extra-szolgaltatasok\/umbrella-and-sun-lounger-rental\/\" \/>\n<meta property=\"og:site_name\" content=\"Camping Ca&#039; Savio\" \/>\n<meta property=\"article:publisher\" content=\"https:\/\/www.facebook.com\/campingcasavio\" \/>\n<meta property=\"article:modified_time\" content=\"2026-02-17T12:03:11+00:00\" \/>\n<meta property=\"og:image\" content=\"https:\/\/www.casavio.com\/wp-content\/uploads\/2025\/05\/spiaggia-attrezzata_ev.jpg\" \/>\n\t<meta property=\"og:image:width\" content=\"440\" \/>\n\t<meta property=\"og:image:height\" content=\"600\" \/>\n\t<meta property=\"og:image:type\" content=\"image\/jpeg\" \/>\n<meta name=\"twitter:card\" content=\"summary_large_image\" \/>\n<meta name=\"twitter:label1\" content=\"Becs\u00fclt olvas\u00e1si id\u0151\" \/>\n\t<meta name=\"twitter:data1\" content=\"2 perc\" \/>\n<script type=\"application\/ld+json\" class=\"yoast-schema-graph\">{\"@context\":\"https:\/\/schema.org\",\"@graph\":[{\"@type\":\"WebPage\",\"@id\":\"https:\/\/www.casavio.com\/hu\/szolgaltatasok\/extra-szolgaltatasok\/umbrella-and-sun-lounger-rental\/\",\"url\":\"https:\/\/www.casavio.com\/hu\/szolgaltatasok\/extra-szolgaltatasok\/umbrella-and-sun-lounger-rental\/\",\"name\":\"Naperny\u0151 \u00e9s napoz\u00f3\u00e1gy b\u00e9rl\u00e9s &#8211; Camping Ca&#039; Savio\",\"isPartOf\":{\"@id\":\"https:\/\/www.casavio.com\/hu\/#website\"},\"primaryImageOfPage\":{\"@id\":\"https:\/\/www.casavio.com\/hu\/szolgaltatasok\/extra-szolgaltatasok\/umbrella-and-sun-lounger-rental\/#primaryimage\"},\"image\":{\"@id\":\"https:\/\/www.casavio.com\/hu\/szolgaltatasok\/extra-szolgaltatasok\/umbrella-and-sun-lounger-rental\/#primaryimage\"},\"thumbnailUrl\":\"https:\/\/www.casavio.com\/wp-content\/uploads\/2025\/05\/spiaggia-attrezzata_ev.jpg\",\"datePublished\":\"2024-05-29T09:37:32+00:00\",\"dateModified\":\"2026-02-17T12:03:11+00:00\",\"breadcrumb\":{\"@id\":\"https:\/\/www.casavio.com\/hu\/szolgaltatasok\/extra-szolgaltatasok\/umbrella-and-sun-lounger-rental\/#breadcrumb\"},\"inLanguage\":\"hu\",\"potentialAction\":[{\"@type\":\"ReadAction\",\"target\":[\"https:\/\/www.casavio.com\/hu\/szolgaltatasok\/extra-szolgaltatasok\/umbrella-and-sun-lounger-rental\/\"]}]},{\"@type\":\"ImageObject\",\"inLanguage\":\"hu\",\"@id\":\"https:\/\/www.casavio.com\/hu\/szolgaltatasok\/extra-szolgaltatasok\/umbrella-and-sun-lounger-rental\/#primaryimage\",\"url\":\"https:\/\/www.casavio.com\/wp-content\/uploads\/2025\/05\/spiaggia-attrezzata_ev.jpg\",\"contentUrl\":\"https:\/\/www.casavio.com\/wp-content\/uploads\/2025\/05\/spiaggia-attrezzata_ev.jpg\",\"width\":440,\"height\":600},{\"@type\":\"BreadcrumbList\",\"@id\":\"https:\/\/www.casavio.com\/hu\/szolgaltatasok\/extra-szolgaltatasok\/umbrella-and-sun-lounger-rental\/#breadcrumb\",\"itemListElement\":[{\"@type\":\"ListItem\",\"position\":1,\"name\":\"Home\",\"item\":\"https:\/\/www.casavio.com\/hu\/\"},{\"@type\":\"ListItem\",\"position\":2,\"name\":\"Szolg\u00e1ltat\u00e1sok\",\"item\":\"https:\/\/www.casavio.com\/hu\/szolgaltatasok\/\"},{\"@type\":\"ListItem\",\"position\":3,\"name\":\"Extra szolg\u00e1ltat\u00e1sok\",\"item\":\"https:\/\/www.casavio.com\/hu\/szolgaltatasok\/extra-szolgaltatasok\/\"},{\"@type\":\"ListItem\",\"position\":4,\"name\":\"Naperny\u0151 \u00e9s napoz\u00f3\u00e1gy b\u00e9rl\u00e9s\"}]},{\"@type\":\"WebSite\",\"@id\":\"https:\/\/www.casavio.com\/hu\/#website\",\"url\":\"https:\/\/www.casavio.com\/hu\/\",\"name\":\"Camping Ca&#039; Savio\",\"description\":\"\",\"publisher\":{\"@id\":\"https:\/\/www.casavio.com\/hu\/#organization\"},\"potentialAction\":[{\"@type\":\"SearchAction\",\"target\":{\"@type\":\"EntryPoint\",\"urlTemplate\":\"https:\/\/www.casavio.com\/hu\/?s={search_term_string}\"},\"query-input\":{\"@type\":\"PropertyValueSpecification\",\"valueRequired\":true,\"valueName\":\"search_term_string\"}}],\"inLanguage\":\"hu\"},{\"@type\":\"Organization\",\"@id\":\"https:\/\/www.casavio.com\/hu\/#organization\",\"name\":\"Camping Ca'Savio\",\"url\":\"https:\/\/www.casavio.com\/hu\/\",\"logo\":{\"@type\":\"ImageObject\",\"inLanguage\":\"hu\",\"@id\":\"https:\/\/www.casavio.com\/hu\/#\/schema\/logo\/image\/\",\"url\":\"https:\/\/www.casavio.com\/wp-content\/uploads\/2024\/04\/favicon.png\",\"contentUrl\":\"https:\/\/www.casavio.com\/wp-content\/uploads\/2024\/04\/favicon.png\",\"width\":144,\"height\":144,\"caption\":\"Camping Ca'Savio\"},\"image\":{\"@id\":\"https:\/\/www.casavio.com\/hu\/#\/schema\/logo\/image\/\"},\"sameAs\":[\"https:\/\/www.facebook.com\/campingcasavio\",\"https:\/\/www.instagram.com\/campingcasavio\",\"https:\/\/www.youtube.com\/user\/campingcasavio\"]}]}<\/script>\n<!-- \/ Yoast SEO plugin. -->","yoast_head_json":{"title":"Naperny\u0151 \u00e9s napoz\u00f3\u00e1gy b\u00e9rl\u00e9s &#8211; Camping Ca&#039; Savio","robots":{"index":"index","follow":"follow","max-snippet":"max-snippet:-1","max-image-preview":"max-image-preview:large","max-video-preview":"max-video-preview:-1"},"canonical":"https:\/\/www.casavio.com\/hu\/szolgaltatasok\/extra-szolgaltatasok\/umbrella-and-sun-lounger-rental\/","og_locale":"hu_HU","og_type":"article","og_title":"Naperny\u0151 \u00e9s napoz\u00f3\u00e1gy b\u00e9rl\u00e9s &#8211; Camping Ca&#039; Savio","og_description":"A kemping vend\u00e9geinek sz\u00f3l\u00f3 szolg\u00e1ltat\u00e1s.","og_url":"https:\/\/www.casavio.com\/hu\/szolgaltatasok\/extra-szolgaltatasok\/umbrella-and-sun-lounger-rental\/","og_site_name":"Camping Ca&#039; Savio","article_publisher":"https:\/\/www.facebook.com\/campingcasavio","article_modified_time":"2026-02-17T12:03:11+00:00","og_image":[{"width":440,"height":600,"url":"https:\/\/www.casavio.com\/wp-content\/uploads\/2025\/05\/spiaggia-attrezzata_ev.jpg","type":"image\/jpeg"}],"twitter_card":"summary_large_image","twitter_misc":{"Becs\u00fclt olvas\u00e1si id\u0151":"2 perc"},"schema":{"@context":"https:\/\/schema.org","@graph":[{"@type":"WebPage","@id":"https:\/\/www.casavio.com\/hu\/szolgaltatasok\/extra-szolgaltatasok\/umbrella-and-sun-lounger-rental\/","url":"https:\/\/www.casavio.com\/hu\/szolgaltatasok\/extra-szolgaltatasok\/umbrella-and-sun-lounger-rental\/","name":"Naperny\u0151 \u00e9s napoz\u00f3\u00e1gy b\u00e9rl\u00e9s &#8211; Camping Ca&#039; Savio","isPartOf":{"@id":"https:\/\/www.casavio.com\/hu\/#website"},"primaryImageOfPage":{"@id":"https:\/\/www.casavio.com\/hu\/szolgaltatasok\/extra-szolgaltatasok\/umbrella-and-sun-lounger-rental\/#primaryimage"},"image":{"@id":"https:\/\/www.casavio.com\/hu\/szolgaltatasok\/extra-szolgaltatasok\/umbrella-and-sun-lounger-rental\/#primaryimage"},"thumbnailUrl":"https:\/\/www.casavio.com\/wp-content\/uploads\/2025\/05\/spiaggia-attrezzata_ev.jpg","datePublished":"2024-05-29T09:37:32+00:00","dateModified":"2026-02-17T12:03:11+00:00","breadcrumb":{"@id":"https:\/\/www.casavio.com\/hu\/szolgaltatasok\/extra-szolgaltatasok\/umbrella-and-sun-lounger-rental\/#breadcrumb"},"inLanguage":"hu","potentialAction":[{"@type":"ReadAction","target":["https:\/\/www.casavio.com\/hu\/szolgaltatasok\/extra-szolgaltatasok\/umbrella-and-sun-lounger-rental\/"]}]},{"@type":"ImageObject","inLanguage":"hu","@id":"https:\/\/www.casavio.com\/hu\/szolgaltatasok\/extra-szolgaltatasok\/umbrella-and-sun-lounger-rental\/#primaryimage","url":"https:\/\/www.casavio.com\/wp-content\/uploads\/2025\/05\/spiaggia-attrezzata_ev.jpg","contentUrl":"https:\/\/www.casavio.com\/wp-content\/uploads\/2025\/05\/spiaggia-attrezzata_ev.jpg","width":440,"height":600},{"@type":"BreadcrumbList","@id":"https:\/\/www.casavio.com\/hu\/szolgaltatasok\/extra-szolgaltatasok\/umbrella-and-sun-lounger-rental\/#breadcrumb","itemListElement":[{"@type":"ListItem","position":1,"name":"Home","item":"https:\/\/www.casavio.com\/hu\/"},{"@type":"ListItem","position":2,"name":"Szolg\u00e1ltat\u00e1sok","item":"https:\/\/www.casavio.com\/hu\/szolgaltatasok\/"},{"@type":"ListItem","position":3,"name":"Extra szolg\u00e1ltat\u00e1sok","item":"https:\/\/www.casavio.com\/hu\/szolgaltatasok\/extra-szolgaltatasok\/"},{"@type":"ListItem","position":4,"name":"Naperny\u0151 \u00e9s napoz\u00f3\u00e1gy b\u00e9rl\u00e9s"}]},{"@type":"WebSite","@id":"https:\/\/www.casavio.com\/hu\/#website","url":"https:\/\/www.casavio.com\/hu\/","name":"Camping Ca&#039; Savio","description":"","publisher":{"@id":"https:\/\/www.casavio.com\/hu\/#organization"},"potentialAction":[{"@type":"SearchAction","target":{"@type":"EntryPoint","urlTemplate":"https:\/\/www.casavio.com\/hu\/?s={search_term_string}"},"query-input":{"@type":"PropertyValueSpecification","valueRequired":true,"valueName":"search_term_string"}}],"inLanguage":"hu"},{"@type":"Organization","@id":"https:\/\/www.casavio.com\/hu\/#organization","name":"Camping Ca'Savio","url":"https:\/\/www.casavio.com\/hu\/","logo":{"@type":"ImageObject","inLanguage":"hu","@id":"https:\/\/www.casavio.com\/hu\/#\/schema\/logo\/image\/","url":"https:\/\/www.casavio.com\/wp-content\/uploads\/2024\/04\/favicon.png","contentUrl":"https:\/\/www.casavio.com\/wp-content\/uploads\/2024\/04\/favicon.png","width":144,"height":144,"caption":"Camping Ca'Savio"},"image":{"@id":"https:\/\/www.casavio.com\/hu\/#\/schema\/logo\/image\/"},"sameAs":["https:\/\/www.facebook.com\/campingcasavio","https:\/\/www.instagram.com\/campingcasavio","https:\/\/www.youtube.com\/user\/campingcasavio"]}]}},"_links":{"self":[{"href":"https:\/\/www.casavio.com\/hu\/wp-json\/wp\/v2\/pages\/32688","targetHints":{"allow":["GET"]}}],"collection":[{"href":"https:\/\/www.casavio.com\/hu\/wp-json\/wp\/v2\/pages"}],"about":[{"href":"https:\/\/www.casavio.com\/hu\/wp-json\/wp\/v2\/types\/page"}],"author":[{"embeddable":true,"href":"https:\/\/www.casavio.com\/hu\/wp-json\/wp\/v2\/users\/6"}],"replies":[{"embeddable":true,"href":"https:\/\/www.casavio.com\/hu\/wp-json\/wp\/v2\/comments?post=32688"}],"version-history":[{"count":2,"href":"https:\/\/www.casavio.com\/hu\/wp-json\/wp\/v2\/pages\/32688\/revisions"}],"predecessor-version":[{"id":46042,"href":"https:\/\/www.casavio.com\/hu\/wp-json\/wp\/v2\/pages\/32688\/revisions\/46042"}],"up":[{"embeddable":true,"href":"https:\/\/www.casavio.com\/hu\/wp-json\/wp\/v2\/pages\/10126"}],"wp:featuredmedia":[{"embeddable":true,"href":"https:\/\/www.casavio.com\/hu\/wp-json\/wp\/v2\/media\/39990"}],"wp:attachment":[{"href":"https:\/\/www.casavio.com\/hu\/wp-json\/wp\/v2\/media?parent=32688"}],"curies":[{"name":"wp","href":"https:\/\/api.w.org\/{rel}","templated":true}]}}