{"id":34943,"date":"2024-07-09T11:37:30","date_gmt":"2024-07-09T09:37:30","guid":{"rendered":"https:\/\/www.casavio.com\/?page_id=34943"},"modified":"2026-04-27T16:27:52","modified_gmt":"2026-04-27T14:27:52","slug":"terkep","status":"publish","type":"page","link":"https:\/\/www.casavio.com\/hu\/kempingunk\/terkep\/","title":{"rendered":"Kemping t\u00e9rk\u00e9p"},"content":{"rendered":"<p>Fedezze fel a kemping ter\u00fcleteit, t\u00e1j\u00e9koz\u00f3djon <a href=\"https:\/\/www.casavio.com\/hu\/tevekenysegek-kemping\/\">Tev\u00e9kenys\u00e9gek<\/a>, our\u00a0<a href=\"https:\/\/www.casavio.com\/hu\/camping\/\">Sz\u00e1ll\u00e1sok<\/a>,\u00a0<a href=\"https:\/\/www.casavio.com\/hu\/camping\/satorhelyek\/\">S\u00e1torhelyek<\/a> \u00e9s <a href=\"https:\/\/www.casavio.com\/hu\/szolgaltatasok\/\">Szolg\u00e1ltat\u00e1sok<\/a>.<br \/>\n<strong>Kattintson a sz\u00ednes ter\u00fcletekre a sz\u00e1ll\u00e1shelyek felfedez\u00e9s\u00e9hez, az ikonokra a f\u0151bb szolg\u00e1ltat\u00e1sok\u00e9rt!<\/strong><\/p>\n<p>T\u00f6ltse le a <a href=\"https:\/\/www.casavio.com\/wp-content\/uploads\/2026\/04\/mappa_2026_CampingCasavio.pdf\" target=\"_blank\" rel=\"noopener\">t\u00e9rk\u00e9pet pdf-ben<\/a>.<\/p>\n","protected":false},"excerpt":{"rendered":"<p>Fedezze fel a kemping ter\u00fcleteit, t\u00e1j\u00e9koz\u00f3djon Tev\u00e9kenys\u00e9gek, our\u00a0Sz\u00e1ll\u00e1sok,\u00a0S\u00e1torhelyek \u00e9s Szolg\u00e1ltat\u00e1sok. Kattintson a sz\u00ednes ter\u00fcletekre a sz\u00e1ll\u00e1shelyek felfedez\u00e9s\u00e9hez, az ikonokra a f\u0151bb szolg\u00e1ltat\u00e1sok\u00e9rt! T\u00f6ltse le a t\u00e9rk\u00e9pet pdf-ben.<\/p>\n","protected":false},"author":2,"featured_media":0,"parent":10036,"menu_order":4,"comment_status":"closed","ping_status":"closed","template":"templates\/tpl-map.php","meta":{"_acf_changed":false},"class_list":["post-34943","page","type-page","status-publish","hentry"],"acf":[],"yoast_head":"<!-- This site is optimized with the Yoast SEO plugin v25.3 - https:\/\/yoast.com\/wordpress\/plugins\/seo\/ -->\n<title>Kemping t\u00e9rk\u00e9p &#8211; Camping Ca&#039; Savio<\/title>\n<meta name=\"description\" content=\"Explore the campsite areas, find out our\u00a0activities, our\u00a0accommodations,\u00a0pitches\u00a0and our\u00a0services.\" \/>\n<meta name=\"robots\" content=\"index, follow, max-snippet:-1, max-image-preview:large, max-video-preview:-1\" \/>\n<link rel=\"canonical\" href=\"https:\/\/www.casavio.com\/hu\/kempingunk\/terkep\/\" \/>\n<meta property=\"og:locale\" content=\"hu_HU\" \/>\n<meta property=\"og:type\" content=\"article\" \/>\n<meta property=\"og:title\" content=\"Kemping t\u00e9rk\u00e9p &#8211; Camping Ca&#039; Savio\" \/>\n<meta property=\"og:description\" content=\"Explore the campsite areas, find out our\u00a0activities, our\u00a0accommodations,\u00a0pitches\u00a0and our\u00a0services.\" \/>\n<meta property=\"og:url\" content=\"https:\/\/www.casavio.com\/hu\/kempingunk\/terkep\/\" \/>\n<meta property=\"og:site_name\" content=\"Camping Ca&#039; Savio\" \/>\n<meta property=\"article:publisher\" content=\"https:\/\/www.facebook.com\/campingcasavio\" \/>\n<meta property=\"article:modified_time\" content=\"2026-04-27T14:27:52+00:00\" \/>\n<meta name=\"twitter:card\" content=\"summary_large_image\" \/>\n<meta name=\"twitter:label1\" content=\"Becs\u00fclt olvas\u00e1si id\u0151\" \/>\n\t<meta name=\"twitter:data1\" content=\"1 perc\" \/>\n<script type=\"application\/ld+json\" class=\"yoast-schema-graph\">{\"@context\":\"https:\/\/schema.org\",\"@graph\":[{\"@type\":\"WebPage\",\"@id\":\"https:\/\/www.casavio.com\/hu\/kempingunk\/terkep\/\",\"url\":\"https:\/\/www.casavio.com\/hu\/kempingunk\/terkep\/\",\"name\":\"Kemping t\u00e9rk\u00e9p &#8211; Camping Ca&#039; Savio\",\"isPartOf\":{\"@id\":\"https:\/\/www.casavio.com\/hu\/#website\"},\"datePublished\":\"2024-07-09T09:37:30+00:00\",\"dateModified\":\"2026-04-27T14:27:52+00:00\",\"description\":\"Explore the campsite areas, find out our\u00a0activities, our\u00a0accommodations,\u00a0pitches\u00a0and our\u00a0services.\",\"breadcrumb\":{\"@id\":\"https:\/\/www.casavio.com\/hu\/kempingunk\/terkep\/#breadcrumb\"},\"inLanguage\":\"hu\",\"potentialAction\":[{\"@type\":\"ReadAction\",\"target\":[\"https:\/\/www.casavio.com\/hu\/kempingunk\/terkep\/\"]}]},{\"@type\":\"BreadcrumbList\",\"@id\":\"https:\/\/www.casavio.com\/hu\/kempingunk\/terkep\/#breadcrumb\",\"itemListElement\":[{\"@type\":\"ListItem\",\"position\":1,\"name\":\"Home\",\"item\":\"https:\/\/www.casavio.com\/hu\/\"},{\"@type\":\"ListItem\",\"position\":2,\"name\":\"Kemping\u00fcnk\",\"item\":\"https:\/\/www.casavio.com\/hu\/kempingunk\/\"},{\"@type\":\"ListItem\",\"position\":3,\"name\":\"Kemping t\u00e9rk\u00e9p\"}]},{\"@type\":\"WebSite\",\"@id\":\"https:\/\/www.casavio.com\/hu\/#website\",\"url\":\"https:\/\/www.casavio.com\/hu\/\",\"name\":\"Camping Ca&#039; Savio\",\"description\":\"\",\"publisher\":{\"@id\":\"https:\/\/www.casavio.com\/hu\/#organization\"},\"potentialAction\":[{\"@type\":\"SearchAction\",\"target\":{\"@type\":\"EntryPoint\",\"urlTemplate\":\"https:\/\/www.casavio.com\/hu\/?s={search_term_string}\"},\"query-input\":{\"@type\":\"PropertyValueSpecification\",\"valueRequired\":true,\"valueName\":\"search_term_string\"}}],\"inLanguage\":\"hu\"},{\"@type\":\"Organization\",\"@id\":\"https:\/\/www.casavio.com\/hu\/#organization\",\"name\":\"Camping Ca'Savio\",\"url\":\"https:\/\/www.casavio.com\/hu\/\",\"logo\":{\"@type\":\"ImageObject\",\"inLanguage\":\"hu\",\"@id\":\"https:\/\/www.casavio.com\/hu\/#\/schema\/logo\/image\/\",\"url\":\"https:\/\/www.casavio.com\/wp-content\/uploads\/2024\/04\/favicon.png\",\"contentUrl\":\"https:\/\/www.casavio.com\/wp-content\/uploads\/2024\/04\/favicon.png\",\"width\":144,\"height\":144,\"caption\":\"Camping Ca'Savio\"},\"image\":{\"@id\":\"https:\/\/www.casavio.com\/hu\/#\/schema\/logo\/image\/\"},\"sameAs\":[\"https:\/\/www.facebook.com\/campingcasavio\",\"https:\/\/www.instagram.com\/campingcasavio\",\"https:\/\/www.youtube.com\/user\/campingcasavio\"]}]}<\/script>\n<!-- \/ Yoast SEO plugin. -->","yoast_head_json":{"title":"Kemping t\u00e9rk\u00e9p &#8211; Camping Ca&#039; Savio","description":"Explore the campsite areas, find out our\u00a0activities, our\u00a0accommodations,\u00a0pitches\u00a0and our\u00a0services.","robots":{"index":"index","follow":"follow","max-snippet":"max-snippet:-1","max-image-preview":"max-image-preview:large","max-video-preview":"max-video-preview:-1"},"canonical":"https:\/\/www.casavio.com\/hu\/kempingunk\/terkep\/","og_locale":"hu_HU","og_type":"article","og_title":"Kemping t\u00e9rk\u00e9p &#8211; Camping Ca&#039; Savio","og_description":"Explore the campsite areas, find out our\u00a0activities, our\u00a0accommodations,\u00a0pitches\u00a0and our\u00a0services.","og_url":"https:\/\/www.casavio.com\/hu\/kempingunk\/terkep\/","og_site_name":"Camping Ca&#039; Savio","article_publisher":"https:\/\/www.facebook.com\/campingcasavio","article_modified_time":"2026-04-27T14:27:52+00:00","twitter_card":"summary_large_image","twitter_misc":{"Becs\u00fclt olvas\u00e1si id\u0151":"1 perc"},"schema":{"@context":"https:\/\/schema.org","@graph":[{"@type":"WebPage","@id":"https:\/\/www.casavio.com\/hu\/kempingunk\/terkep\/","url":"https:\/\/www.casavio.com\/hu\/kempingunk\/terkep\/","name":"Kemping t\u00e9rk\u00e9p &#8211; Camping Ca&#039; Savio","isPartOf":{"@id":"https:\/\/www.casavio.com\/hu\/#website"},"datePublished":"2024-07-09T09:37:30+00:00","dateModified":"2026-04-27T14:27:52+00:00","description":"Explore the campsite areas, find out our\u00a0activities, our\u00a0accommodations,\u00a0pitches\u00a0and our\u00a0services.","breadcrumb":{"@id":"https:\/\/www.casavio.com\/hu\/kempingunk\/terkep\/#breadcrumb"},"inLanguage":"hu","potentialAction":[{"@type":"ReadAction","target":["https:\/\/www.casavio.com\/hu\/kempingunk\/terkep\/"]}]},{"@type":"BreadcrumbList","@id":"https:\/\/www.casavio.com\/hu\/kempingunk\/terkep\/#breadcrumb","itemListElement":[{"@type":"ListItem","position":1,"name":"Home","item":"https:\/\/www.casavio.com\/hu\/"},{"@type":"ListItem","position":2,"name":"Kemping\u00fcnk","item":"https:\/\/www.casavio.com\/hu\/kempingunk\/"},{"@type":"ListItem","position":3,"name":"Kemping t\u00e9rk\u00e9p"}]},{"@type":"WebSite","@id":"https:\/\/www.casavio.com\/hu\/#website","url":"https:\/\/www.casavio.com\/hu\/","name":"Camping Ca&#039; Savio","description":"","publisher":{"@id":"https:\/\/www.casavio.com\/hu\/#organization"},"potentialAction":[{"@type":"SearchAction","target":{"@type":"EntryPoint","urlTemplate":"https:\/\/www.casavio.com\/hu\/?s={search_term_string}"},"query-input":{"@type":"PropertyValueSpecification","valueRequired":true,"valueName":"search_term_string"}}],"inLanguage":"hu"},{"@type":"Organization","@id":"https:\/\/www.casavio.com\/hu\/#organization","name":"Camping Ca'Savio","url":"https:\/\/www.casavio.com\/hu\/","logo":{"@type":"ImageObject","inLanguage":"hu","@id":"https:\/\/www.casavio.com\/hu\/#\/schema\/logo\/image\/","url":"https:\/\/www.casavio.com\/wp-content\/uploads\/2024\/04\/favicon.png","contentUrl":"https:\/\/www.casavio.com\/wp-content\/uploads\/2024\/04\/favicon.png","width":144,"height":144,"caption":"Camping Ca'Savio"},"image":{"@id":"https:\/\/www.casavio.com\/hu\/#\/schema\/logo\/image\/"},"sameAs":["https:\/\/www.facebook.com\/campingcasavio","https:\/\/www.instagram.com\/campingcasavio","https:\/\/www.youtube.com\/user\/campingcasavio"]}]}},"_links":{"self":[{"href":"https:\/\/www.casavio.com\/hu\/wp-json\/wp\/v2\/pages\/34943","targetHints":{"allow":["GET"]}}],"collection":[{"href":"https:\/\/www.casavio.com\/hu\/wp-json\/wp\/v2\/pages"}],"about":[{"href":"https:\/\/www.casavio.com\/hu\/wp-json\/wp\/v2\/types\/page"}],"author":[{"embeddable":true,"href":"https:\/\/www.casavio.com\/hu\/wp-json\/wp\/v2\/users\/2"}],"replies":[{"embeddable":true,"href":"https:\/\/www.casavio.com\/hu\/wp-json\/wp\/v2\/comments?post=34943"}],"version-history":[{"count":4,"href":"https:\/\/www.casavio.com\/hu\/wp-json\/wp\/v2\/pages\/34943\/revisions"}],"predecessor-version":[{"id":46666,"href":"https:\/\/www.casavio.com\/hu\/wp-json\/wp\/v2\/pages\/34943\/revisions\/46666"}],"up":[{"embeddable":true,"href":"https:\/\/www.casavio.com\/hu\/wp-json\/wp\/v2\/pages\/10036"}],"wp:attachment":[{"href":"https:\/\/www.casavio.com\/hu\/wp-json\/wp\/v2\/media?parent=34943"}],"curies":[{"name":"wp","href":"https:\/\/api.w.org\/{rel}","templated":true}]}}