{"id":41299,"date":"2025-03-31T16:36:08","date_gmt":"2025-03-31T14:36:08","guid":{"rendered":"https:\/\/www.casavio.com\/tevekenysegek-kemping\/kirandulasok\/burano-and-mazzorbo-a-dream-in-colours\/"},"modified":"2026-03-25T11:23:16","modified_gmt":"2026-03-25T10:23:16","slug":"burano-and-mazzorbo-a-dream-in-colours","status":"publish","type":"page","link":"https:\/\/www.casavio.com\/hu\/tevekenysegek-kemping\/kirandulasok\/burano-and-mazzorbo-a-dream-in-colours\/","title":{"rendered":"Burano \u00e9s Mazzorbo: \u00e1lom sz\u00ednekben"},"content":{"rendered":"","protected":false},"excerpt":{"rendered":"<p>Engedd, hogy elvar\u00e1zsoljon az utaz\u00e1s Burano \u00e9s Mazzorbo szigetei k\u00f6z\u00f6tt, ahol \u00fagy t\u0171nik, meg\u00e1llt az id\u0151.<\/p>\n","protected":false},"author":6,"featured_media":41107,"parent":10856,"menu_order":0,"comment_status":"closed","ping_status":"closed","template":"templates\/tpl-stepping-stones-child.php","meta":{"_acf_changed":false},"class_list":["post-41299","page","type-page","status-publish","has-post-thumbnail","hentry"],"acf":[],"yoast_head":"<!-- This site is optimized with the Yoast SEO plugin v25.3 - https:\/\/yoast.com\/wordpress\/plugins\/seo\/ -->\n<title>Burano \u00e9s Mazzorbo: \u00e1lom sz\u00ednekben &#8211; Camping Ca&#039; Savio<\/title>\n<meta name=\"description\" content=\"Csatlakozz egy var\u00e1zslatos utaz\u00e1sra Burano \u00e9s Mazzorbo szigetein, ahol az id\u0151 mintha meg\u00e1llt volna. Haj\u00f3zunk a h\u00e1zak sziv\u00e1rv\u00e1ny\u00e1ban, amelyek a csendes csatorn\u00e1kban t\u00fckr\u00f6z\u0151dnek, \u00e9s elmer\u00fcl\u00fcnk egy mesebeli hangulatban.\" \/>\n<meta name=\"robots\" content=\"index, follow, max-snippet:-1, max-image-preview:large, max-video-preview:-1\" \/>\n<link rel=\"canonical\" href=\"https:\/\/www.casavio.com\/hu\/tevekenysegek-kemping\/kirandulasok\/burano-and-mazzorbo-a-dream-in-colours\/\" \/>\n<meta property=\"og:locale\" content=\"hu_HU\" \/>\n<meta property=\"og:type\" content=\"article\" \/>\n<meta property=\"og:title\" content=\"Burano \u00e9s Mazzorbo: \u00e1lom sz\u00ednekben &#8211; Camping Ca&#039; Savio\" \/>\n<meta property=\"og:description\" content=\"Csatlakozz egy var\u00e1zslatos utaz\u00e1sra Burano \u00e9s Mazzorbo szigetein, ahol az id\u0151 mintha meg\u00e1llt volna. Haj\u00f3zunk a h\u00e1zak sziv\u00e1rv\u00e1ny\u00e1ban, amelyek a csendes csatorn\u00e1kban t\u00fckr\u00f6z\u0151dnek, \u00e9s elmer\u00fcl\u00fcnk egy mesebeli hangulatban.\" \/>\n<meta property=\"og:url\" content=\"https:\/\/www.casavio.com\/hu\/tevekenysegek-kemping\/kirandulasok\/burano-and-mazzorbo-a-dream-in-colours\/\" \/>\n<meta property=\"og:site_name\" content=\"Camping Ca&#039; Savio\" \/>\n<meta property=\"article:publisher\" content=\"https:\/\/www.facebook.com\/campingcasavio\" \/>\n<meta property=\"article:modified_time\" content=\"2026-03-25T10:23:16+00:00\" \/>\n<meta property=\"og:image\" content=\"https:\/\/www.casavio.com\/wp-content\/uploads\/2025\/06\/Burano-campanile.jpg\" \/>\n\t<meta property=\"og:image:width\" content=\"440\" \/>\n\t<meta property=\"og:image:height\" content=\"600\" \/>\n\t<meta property=\"og:image:type\" content=\"image\/jpeg\" \/>\n<meta name=\"twitter:card\" content=\"summary_large_image\" \/>\n<meta name=\"twitter:label1\" content=\"Becs\u00fclt olvas\u00e1si id\u0151\" \/>\n\t<meta name=\"twitter:data1\" content=\"1 perc\" \/>\n<script type=\"application\/ld+json\" class=\"yoast-schema-graph\">{\"@context\":\"https:\/\/schema.org\",\"@graph\":[{\"@type\":\"WebPage\",\"@id\":\"https:\/\/www.casavio.com\/hu\/tevekenysegek-kemping\/kirandulasok\/burano-and-mazzorbo-a-dream-in-colours\/\",\"url\":\"https:\/\/www.casavio.com\/hu\/tevekenysegek-kemping\/kirandulasok\/burano-and-mazzorbo-a-dream-in-colours\/\",\"name\":\"Burano \u00e9s Mazzorbo: \u00e1lom sz\u00ednekben &#8211; Camping Ca&#039; Savio\",\"isPartOf\":{\"@id\":\"https:\/\/www.casavio.com\/hu\/#website\"},\"primaryImageOfPage\":{\"@id\":\"https:\/\/www.casavio.com\/hu\/tevekenysegek-kemping\/kirandulasok\/burano-and-mazzorbo-a-dream-in-colours\/#primaryimage\"},\"image\":{\"@id\":\"https:\/\/www.casavio.com\/hu\/tevekenysegek-kemping\/kirandulasok\/burano-and-mazzorbo-a-dream-in-colours\/#primaryimage\"},\"thumbnailUrl\":\"https:\/\/www.casavio.com\/wp-content\/uploads\/2025\/06\/Burano-campanile.jpg\",\"datePublished\":\"2025-03-31T14:36:08+00:00\",\"dateModified\":\"2026-03-25T10:23:16+00:00\",\"description\":\"Csatlakozz egy var\u00e1zslatos utaz\u00e1sra Burano \u00e9s Mazzorbo szigetein, ahol az id\u0151 mintha meg\u00e1llt volna. Haj\u00f3zunk a h\u00e1zak sziv\u00e1rv\u00e1ny\u00e1ban, amelyek a csendes csatorn\u00e1kban t\u00fckr\u00f6z\u0151dnek, \u00e9s elmer\u00fcl\u00fcnk egy mesebeli hangulatban.\",\"breadcrumb\":{\"@id\":\"https:\/\/www.casavio.com\/hu\/tevekenysegek-kemping\/kirandulasok\/burano-and-mazzorbo-a-dream-in-colours\/#breadcrumb\"},\"inLanguage\":\"hu\",\"potentialAction\":[{\"@type\":\"ReadAction\",\"target\":[\"https:\/\/www.casavio.com\/hu\/tevekenysegek-kemping\/kirandulasok\/burano-and-mazzorbo-a-dream-in-colours\/\"]}]},{\"@type\":\"ImageObject\",\"inLanguage\":\"hu\",\"@id\":\"https:\/\/www.casavio.com\/hu\/tevekenysegek-kemping\/kirandulasok\/burano-and-mazzorbo-a-dream-in-colours\/#primaryimage\",\"url\":\"https:\/\/www.casavio.com\/wp-content\/uploads\/2025\/06\/Burano-campanile.jpg\",\"contentUrl\":\"https:\/\/www.casavio.com\/wp-content\/uploads\/2025\/06\/Burano-campanile.jpg\",\"width\":440,\"height\":600},{\"@type\":\"BreadcrumbList\",\"@id\":\"https:\/\/www.casavio.com\/hu\/tevekenysegek-kemping\/kirandulasok\/burano-and-mazzorbo-a-dream-in-colours\/#breadcrumb\",\"itemListElement\":[{\"@type\":\"ListItem\",\"position\":1,\"name\":\"Home\",\"item\":\"https:\/\/www.casavio.com\/hu\/\"},{\"@type\":\"ListItem\",\"position\":2,\"name\":\"Tev\u00e9kenys\u00e9gek\",\"item\":\"https:\/\/www.casavio.com\/hu\/tevekenysegek-kemping\/\"},{\"@type\":\"ListItem\",\"position\":3,\"name\":\"Kir\u00e1ndul\u00e1sok\",\"item\":\"https:\/\/www.casavio.com\/hu\/tevekenysegek-kemping\/kirandulasok\/\"},{\"@type\":\"ListItem\",\"position\":4,\"name\":\"Burano \u00e9s Mazzorbo: \u00e1lom sz\u00ednekben\"}]},{\"@type\":\"WebSite\",\"@id\":\"https:\/\/www.casavio.com\/hu\/#website\",\"url\":\"https:\/\/www.casavio.com\/hu\/\",\"name\":\"Camping Ca&#039; Savio\",\"description\":\"\",\"publisher\":{\"@id\":\"https:\/\/www.casavio.com\/hu\/#organization\"},\"potentialAction\":[{\"@type\":\"SearchAction\",\"target\":{\"@type\":\"EntryPoint\",\"urlTemplate\":\"https:\/\/www.casavio.com\/hu\/?s={search_term_string}\"},\"query-input\":{\"@type\":\"PropertyValueSpecification\",\"valueRequired\":true,\"valueName\":\"search_term_string\"}}],\"inLanguage\":\"hu\"},{\"@type\":\"Organization\",\"@id\":\"https:\/\/www.casavio.com\/hu\/#organization\",\"name\":\"Camping Ca'Savio\",\"url\":\"https:\/\/www.casavio.com\/hu\/\",\"logo\":{\"@type\":\"ImageObject\",\"inLanguage\":\"hu\",\"@id\":\"https:\/\/www.casavio.com\/hu\/#\/schema\/logo\/image\/\",\"url\":\"https:\/\/www.casavio.com\/wp-content\/uploads\/2024\/04\/favicon.png\",\"contentUrl\":\"https:\/\/www.casavio.com\/wp-content\/uploads\/2024\/04\/favicon.png\",\"width\":144,\"height\":144,\"caption\":\"Camping Ca'Savio\"},\"image\":{\"@id\":\"https:\/\/www.casavio.com\/hu\/#\/schema\/logo\/image\/\"},\"sameAs\":[\"https:\/\/www.facebook.com\/campingcasavio\",\"https:\/\/www.instagram.com\/campingcasavio\",\"https:\/\/www.youtube.com\/user\/campingcasavio\"]}]}<\/script>\n<!-- \/ Yoast SEO plugin. -->","yoast_head_json":{"title":"Burano \u00e9s Mazzorbo: \u00e1lom sz\u00ednekben &#8211; Camping Ca&#039; Savio","description":"Csatlakozz egy var\u00e1zslatos utaz\u00e1sra Burano \u00e9s Mazzorbo szigetein, ahol az id\u0151 mintha meg\u00e1llt volna. Haj\u00f3zunk a h\u00e1zak sziv\u00e1rv\u00e1ny\u00e1ban, amelyek a csendes csatorn\u00e1kban t\u00fckr\u00f6z\u0151dnek, \u00e9s elmer\u00fcl\u00fcnk egy mesebeli hangulatban.","robots":{"index":"index","follow":"follow","max-snippet":"max-snippet:-1","max-image-preview":"max-image-preview:large","max-video-preview":"max-video-preview:-1"},"canonical":"https:\/\/www.casavio.com\/hu\/tevekenysegek-kemping\/kirandulasok\/burano-and-mazzorbo-a-dream-in-colours\/","og_locale":"hu_HU","og_type":"article","og_title":"Burano \u00e9s Mazzorbo: \u00e1lom sz\u00ednekben &#8211; Camping Ca&#039; Savio","og_description":"Csatlakozz egy var\u00e1zslatos utaz\u00e1sra Burano \u00e9s Mazzorbo szigetein, ahol az id\u0151 mintha meg\u00e1llt volna. Haj\u00f3zunk a h\u00e1zak sziv\u00e1rv\u00e1ny\u00e1ban, amelyek a csendes csatorn\u00e1kban t\u00fckr\u00f6z\u0151dnek, \u00e9s elmer\u00fcl\u00fcnk egy mesebeli hangulatban.","og_url":"https:\/\/www.casavio.com\/hu\/tevekenysegek-kemping\/kirandulasok\/burano-and-mazzorbo-a-dream-in-colours\/","og_site_name":"Camping Ca&#039; Savio","article_publisher":"https:\/\/www.facebook.com\/campingcasavio","article_modified_time":"2026-03-25T10:23:16+00:00","og_image":[{"width":440,"height":600,"url":"https:\/\/www.casavio.com\/wp-content\/uploads\/2025\/06\/Burano-campanile.jpg","type":"image\/jpeg"}],"twitter_card":"summary_large_image","twitter_misc":{"Becs\u00fclt olvas\u00e1si id\u0151":"1 perc"},"schema":{"@context":"https:\/\/schema.org","@graph":[{"@type":"WebPage","@id":"https:\/\/www.casavio.com\/hu\/tevekenysegek-kemping\/kirandulasok\/burano-and-mazzorbo-a-dream-in-colours\/","url":"https:\/\/www.casavio.com\/hu\/tevekenysegek-kemping\/kirandulasok\/burano-and-mazzorbo-a-dream-in-colours\/","name":"Burano \u00e9s Mazzorbo: \u00e1lom sz\u00ednekben &#8211; Camping Ca&#039; Savio","isPartOf":{"@id":"https:\/\/www.casavio.com\/hu\/#website"},"primaryImageOfPage":{"@id":"https:\/\/www.casavio.com\/hu\/tevekenysegek-kemping\/kirandulasok\/burano-and-mazzorbo-a-dream-in-colours\/#primaryimage"},"image":{"@id":"https:\/\/www.casavio.com\/hu\/tevekenysegek-kemping\/kirandulasok\/burano-and-mazzorbo-a-dream-in-colours\/#primaryimage"},"thumbnailUrl":"https:\/\/www.casavio.com\/wp-content\/uploads\/2025\/06\/Burano-campanile.jpg","datePublished":"2025-03-31T14:36:08+00:00","dateModified":"2026-03-25T10:23:16+00:00","description":"Csatlakozz egy var\u00e1zslatos utaz\u00e1sra Burano \u00e9s Mazzorbo szigetein, ahol az id\u0151 mintha meg\u00e1llt volna. Haj\u00f3zunk a h\u00e1zak sziv\u00e1rv\u00e1ny\u00e1ban, amelyek a csendes csatorn\u00e1kban t\u00fckr\u00f6z\u0151dnek, \u00e9s elmer\u00fcl\u00fcnk egy mesebeli hangulatban.","breadcrumb":{"@id":"https:\/\/www.casavio.com\/hu\/tevekenysegek-kemping\/kirandulasok\/burano-and-mazzorbo-a-dream-in-colours\/#breadcrumb"},"inLanguage":"hu","potentialAction":[{"@type":"ReadAction","target":["https:\/\/www.casavio.com\/hu\/tevekenysegek-kemping\/kirandulasok\/burano-and-mazzorbo-a-dream-in-colours\/"]}]},{"@type":"ImageObject","inLanguage":"hu","@id":"https:\/\/www.casavio.com\/hu\/tevekenysegek-kemping\/kirandulasok\/burano-and-mazzorbo-a-dream-in-colours\/#primaryimage","url":"https:\/\/www.casavio.com\/wp-content\/uploads\/2025\/06\/Burano-campanile.jpg","contentUrl":"https:\/\/www.casavio.com\/wp-content\/uploads\/2025\/06\/Burano-campanile.jpg","width":440,"height":600},{"@type":"BreadcrumbList","@id":"https:\/\/www.casavio.com\/hu\/tevekenysegek-kemping\/kirandulasok\/burano-and-mazzorbo-a-dream-in-colours\/#breadcrumb","itemListElement":[{"@type":"ListItem","position":1,"name":"Home","item":"https:\/\/www.casavio.com\/hu\/"},{"@type":"ListItem","position":2,"name":"Tev\u00e9kenys\u00e9gek","item":"https:\/\/www.casavio.com\/hu\/tevekenysegek-kemping\/"},{"@type":"ListItem","position":3,"name":"Kir\u00e1ndul\u00e1sok","item":"https:\/\/www.casavio.com\/hu\/tevekenysegek-kemping\/kirandulasok\/"},{"@type":"ListItem","position":4,"name":"Burano \u00e9s Mazzorbo: \u00e1lom sz\u00ednekben"}]},{"@type":"WebSite","@id":"https:\/\/www.casavio.com\/hu\/#website","url":"https:\/\/www.casavio.com\/hu\/","name":"Camping Ca&#039; Savio","description":"","publisher":{"@id":"https:\/\/www.casavio.com\/hu\/#organization"},"potentialAction":[{"@type":"SearchAction","target":{"@type":"EntryPoint","urlTemplate":"https:\/\/www.casavio.com\/hu\/?s={search_term_string}"},"query-input":{"@type":"PropertyValueSpecification","valueRequired":true,"valueName":"search_term_string"}}],"inLanguage":"hu"},{"@type":"Organization","@id":"https:\/\/www.casavio.com\/hu\/#organization","name":"Camping Ca'Savio","url":"https:\/\/www.casavio.com\/hu\/","logo":{"@type":"ImageObject","inLanguage":"hu","@id":"https:\/\/www.casavio.com\/hu\/#\/schema\/logo\/image\/","url":"https:\/\/www.casavio.com\/wp-content\/uploads\/2024\/04\/favicon.png","contentUrl":"https:\/\/www.casavio.com\/wp-content\/uploads\/2024\/04\/favicon.png","width":144,"height":144,"caption":"Camping Ca'Savio"},"image":{"@id":"https:\/\/www.casavio.com\/hu\/#\/schema\/logo\/image\/"},"sameAs":["https:\/\/www.facebook.com\/campingcasavio","https:\/\/www.instagram.com\/campingcasavio","https:\/\/www.youtube.com\/user\/campingcasavio"]}]}},"_links":{"self":[{"href":"https:\/\/www.casavio.com\/hu\/wp-json\/wp\/v2\/pages\/41299","targetHints":{"allow":["GET"]}}],"collection":[{"href":"https:\/\/www.casavio.com\/hu\/wp-json\/wp\/v2\/pages"}],"about":[{"href":"https:\/\/www.casavio.com\/hu\/wp-json\/wp\/v2\/types\/page"}],"author":[{"embeddable":true,"href":"https:\/\/www.casavio.com\/hu\/wp-json\/wp\/v2\/users\/6"}],"replies":[{"embeddable":true,"href":"https:\/\/www.casavio.com\/hu\/wp-json\/wp\/v2\/comments?post=41299"}],"version-history":[{"count":2,"href":"https:\/\/www.casavio.com\/hu\/wp-json\/wp\/v2\/pages\/41299\/revisions"}],"predecessor-version":[{"id":46243,"href":"https:\/\/www.casavio.com\/hu\/wp-json\/wp\/v2\/pages\/41299\/revisions\/46243"}],"up":[{"embeddable":true,"href":"https:\/\/www.casavio.com\/hu\/wp-json\/wp\/v2\/pages\/10856"}],"wp:featuredmedia":[{"embeddable":true,"href":"https:\/\/www.casavio.com\/hu\/wp-json\/wp\/v2\/media\/41107"}],"wp:attachment":[{"href":"https:\/\/www.casavio.com\/hu\/wp-json\/wp\/v2\/media?parent=41299"}],"curies":[{"name":"wp","href":"https:\/\/api.w.org\/{rel}","templated":true}]}}