{"id":43174,"date":"2025-03-31T16:35:50","date_gmt":"2025-03-31T14:35:50","guid":{"rendered":"https:\/\/www.casavio.com\/il-percorso\/"},"modified":"2025-09-17T10:27:23","modified_gmt":"2025-09-17T08:27:23","slug":"elkotelezettseg","status":"publish","type":"page","link":"https:\/\/www.casavio.com\/hu\/elkotelezettseg\/","title":{"rendered":"Elk\u00f6telezetts\u00e9g"},"content":{"rendered":"","protected":false},"excerpt":{"rendered":"","protected":false},"author":2,"featured_media":0,"parent":0,"menu_order":0,"comment_status":"closed","ping_status":"closed","template":"templates\/tpl-stepping-stones.php","meta":{"_acf_changed":false},"class_list":["post-43174","page","type-page","status-publish","hentry"],"acf":[],"yoast_head":"<!-- This site is optimized with the Yoast SEO plugin v25.3 - https:\/\/yoast.com\/wordpress\/plugins\/seo\/ -->\n<title>Elk\u00f6telezetts\u00e9g &#8211; Camping Ca&#039; Savio<\/title>\n<meta name=\"description\" content=\"Un campeggio che guarda al futuro punta sulla sostenibilit\u00e0 e sul rapporto tra persone e natura. Scopri le Stepping Stones del Camping Ca&#039;Savio.\" \/>\n<meta name=\"robots\" content=\"index, follow, max-snippet:-1, max-image-preview:large, max-video-preview:-1\" \/>\n<link rel=\"canonical\" href=\"https:\/\/www.casavio.com\/hu\/elkotelezettseg\/\" \/>\n<meta property=\"og:locale\" content=\"hu_HU\" \/>\n<meta property=\"og:type\" content=\"article\" \/>\n<meta property=\"og:title\" content=\"Elk\u00f6telezetts\u00e9g &#8211; Camping Ca&#039; Savio\" \/>\n<meta property=\"og:description\" content=\"Un campeggio che guarda al futuro punta sulla sostenibilit\u00e0 e sul rapporto tra persone e natura. Scopri le Stepping Stones del Camping Ca&#039;Savio.\" \/>\n<meta property=\"og:url\" content=\"https:\/\/www.casavio.com\/hu\/elkotelezettseg\/\" \/>\n<meta property=\"og:site_name\" content=\"Camping Ca&#039; Savio\" \/>\n<meta property=\"article:publisher\" content=\"https:\/\/www.facebook.com\/campingcasavio\" \/>\n<meta property=\"article:modified_time\" content=\"2025-09-17T08:27:23+00:00\" \/>\n<meta name=\"twitter:card\" content=\"summary_large_image\" \/>\n<script type=\"application\/ld+json\" class=\"yoast-schema-graph\">{\"@context\":\"https:\/\/schema.org\",\"@graph\":[{\"@type\":\"WebPage\",\"@id\":\"https:\/\/www.casavio.com\/hu\/elkotelezettseg\/\",\"url\":\"https:\/\/www.casavio.com\/hu\/elkotelezettseg\/\",\"name\":\"Elk\u00f6telezetts\u00e9g &#8211; Camping Ca&#039; Savio\",\"isPartOf\":{\"@id\":\"https:\/\/www.casavio.com\/hu\/#website\"},\"datePublished\":\"2025-03-31T14:35:50+00:00\",\"dateModified\":\"2025-09-17T08:27:23+00:00\",\"description\":\"Un campeggio che guarda al futuro punta sulla sostenibilit\u00e0 e sul rapporto tra persone e natura. Scopri le Stepping Stones del Camping Ca'Savio.\",\"breadcrumb\":{\"@id\":\"https:\/\/www.casavio.com\/hu\/elkotelezettseg\/#breadcrumb\"},\"inLanguage\":\"hu\",\"potentialAction\":[{\"@type\":\"ReadAction\",\"target\":[\"https:\/\/www.casavio.com\/hu\/elkotelezettseg\/\"]}]},{\"@type\":\"BreadcrumbList\",\"@id\":\"https:\/\/www.casavio.com\/hu\/elkotelezettseg\/#breadcrumb\",\"itemListElement\":[{\"@type\":\"ListItem\",\"position\":1,\"name\":\"Home\",\"item\":\"https:\/\/www.casavio.com\/hu\/\"},{\"@type\":\"ListItem\",\"position\":2,\"name\":\"Elk\u00f6telezetts\u00e9g\"}]},{\"@type\":\"WebSite\",\"@id\":\"https:\/\/www.casavio.com\/hu\/#website\",\"url\":\"https:\/\/www.casavio.com\/hu\/\",\"name\":\"Camping Ca&#039; Savio\",\"description\":\"\",\"publisher\":{\"@id\":\"https:\/\/www.casavio.com\/hu\/#organization\"},\"potentialAction\":[{\"@type\":\"SearchAction\",\"target\":{\"@type\":\"EntryPoint\",\"urlTemplate\":\"https:\/\/www.casavio.com\/hu\/?s={search_term_string}\"},\"query-input\":{\"@type\":\"PropertyValueSpecification\",\"valueRequired\":true,\"valueName\":\"search_term_string\"}}],\"inLanguage\":\"hu\"},{\"@type\":\"Organization\",\"@id\":\"https:\/\/www.casavio.com\/hu\/#organization\",\"name\":\"Camping Ca'Savio\",\"url\":\"https:\/\/www.casavio.com\/hu\/\",\"logo\":{\"@type\":\"ImageObject\",\"inLanguage\":\"hu\",\"@id\":\"https:\/\/www.casavio.com\/hu\/#\/schema\/logo\/image\/\",\"url\":\"https:\/\/www.casavio.com\/wp-content\/uploads\/2024\/04\/favicon.png\",\"contentUrl\":\"https:\/\/www.casavio.com\/wp-content\/uploads\/2024\/04\/favicon.png\",\"width\":144,\"height\":144,\"caption\":\"Camping Ca'Savio\"},\"image\":{\"@id\":\"https:\/\/www.casavio.com\/hu\/#\/schema\/logo\/image\/\"},\"sameAs\":[\"https:\/\/www.facebook.com\/campingcasavio\",\"https:\/\/www.instagram.com\/campingcasavio\",\"https:\/\/www.youtube.com\/user\/campingcasavio\"]}]}<\/script>\n<!-- \/ Yoast SEO plugin. -->","yoast_head_json":{"title":"Elk\u00f6telezetts\u00e9g &#8211; Camping Ca&#039; Savio","description":"Un campeggio che guarda al futuro punta sulla sostenibilit\u00e0 e sul rapporto tra persone e natura. Scopri le Stepping Stones del Camping Ca'Savio.","robots":{"index":"index","follow":"follow","max-snippet":"max-snippet:-1","max-image-preview":"max-image-preview:large","max-video-preview":"max-video-preview:-1"},"canonical":"https:\/\/www.casavio.com\/hu\/elkotelezettseg\/","og_locale":"hu_HU","og_type":"article","og_title":"Elk\u00f6telezetts\u00e9g &#8211; Camping Ca&#039; Savio","og_description":"Un campeggio che guarda al futuro punta sulla sostenibilit\u00e0 e sul rapporto tra persone e natura. Scopri le Stepping Stones del Camping Ca'Savio.","og_url":"https:\/\/www.casavio.com\/hu\/elkotelezettseg\/","og_site_name":"Camping Ca&#039; Savio","article_publisher":"https:\/\/www.facebook.com\/campingcasavio","article_modified_time":"2025-09-17T08:27:23+00:00","twitter_card":"summary_large_image","schema":{"@context":"https:\/\/schema.org","@graph":[{"@type":"WebPage","@id":"https:\/\/www.casavio.com\/hu\/elkotelezettseg\/","url":"https:\/\/www.casavio.com\/hu\/elkotelezettseg\/","name":"Elk\u00f6telezetts\u00e9g &#8211; Camping Ca&#039; Savio","isPartOf":{"@id":"https:\/\/www.casavio.com\/hu\/#website"},"datePublished":"2025-03-31T14:35:50+00:00","dateModified":"2025-09-17T08:27:23+00:00","description":"Un campeggio che guarda al futuro punta sulla sostenibilit\u00e0 e sul rapporto tra persone e natura. Scopri le Stepping Stones del Camping Ca'Savio.","breadcrumb":{"@id":"https:\/\/www.casavio.com\/hu\/elkotelezettseg\/#breadcrumb"},"inLanguage":"hu","potentialAction":[{"@type":"ReadAction","target":["https:\/\/www.casavio.com\/hu\/elkotelezettseg\/"]}]},{"@type":"BreadcrumbList","@id":"https:\/\/www.casavio.com\/hu\/elkotelezettseg\/#breadcrumb","itemListElement":[{"@type":"ListItem","position":1,"name":"Home","item":"https:\/\/www.casavio.com\/hu\/"},{"@type":"ListItem","position":2,"name":"Elk\u00f6telezetts\u00e9g"}]},{"@type":"WebSite","@id":"https:\/\/www.casavio.com\/hu\/#website","url":"https:\/\/www.casavio.com\/hu\/","name":"Camping Ca&#039; Savio","description":"","publisher":{"@id":"https:\/\/www.casavio.com\/hu\/#organization"},"potentialAction":[{"@type":"SearchAction","target":{"@type":"EntryPoint","urlTemplate":"https:\/\/www.casavio.com\/hu\/?s={search_term_string}"},"query-input":{"@type":"PropertyValueSpecification","valueRequired":true,"valueName":"search_term_string"}}],"inLanguage":"hu"},{"@type":"Organization","@id":"https:\/\/www.casavio.com\/hu\/#organization","name":"Camping Ca'Savio","url":"https:\/\/www.casavio.com\/hu\/","logo":{"@type":"ImageObject","inLanguage":"hu","@id":"https:\/\/www.casavio.com\/hu\/#\/schema\/logo\/image\/","url":"https:\/\/www.casavio.com\/wp-content\/uploads\/2024\/04\/favicon.png","contentUrl":"https:\/\/www.casavio.com\/wp-content\/uploads\/2024\/04\/favicon.png","width":144,"height":144,"caption":"Camping Ca'Savio"},"image":{"@id":"https:\/\/www.casavio.com\/hu\/#\/schema\/logo\/image\/"},"sameAs":["https:\/\/www.facebook.com\/campingcasavio","https:\/\/www.instagram.com\/campingcasavio","https:\/\/www.youtube.com\/user\/campingcasavio"]}]}},"_links":{"self":[{"href":"https:\/\/www.casavio.com\/hu\/wp-json\/wp\/v2\/pages\/43174","targetHints":{"allow":["GET"]}}],"collection":[{"href":"https:\/\/www.casavio.com\/hu\/wp-json\/wp\/v2\/pages"}],"about":[{"href":"https:\/\/www.casavio.com\/hu\/wp-json\/wp\/v2\/types\/page"}],"author":[{"embeddable":true,"href":"https:\/\/www.casavio.com\/hu\/wp-json\/wp\/v2\/users\/2"}],"replies":[{"embeddable":true,"href":"https:\/\/www.casavio.com\/hu\/wp-json\/wp\/v2\/comments?post=43174"}],"version-history":[{"count":2,"href":"https:\/\/www.casavio.com\/hu\/wp-json\/wp\/v2\/pages\/43174\/revisions"}],"predecessor-version":[{"id":43619,"href":"https:\/\/www.casavio.com\/hu\/wp-json\/wp\/v2\/pages\/43174\/revisions\/43619"}],"wp:attachment":[{"href":"https:\/\/www.casavio.com\/hu\/wp-json\/wp\/v2\/media?parent=43174"}],"curies":[{"name":"wp","href":"https:\/\/api.w.org\/{rel}","templated":true}]}}