{"id":43300,"date":"2025-03-31T16:36:08","date_gmt":"2025-03-31T14:36:08","guid":{"rendered":"https:\/\/www.casavio.com\/elkotelezettseg\/giardino\/"},"modified":"2025-09-11T10:45:16","modified_gmt":"2025-09-11T08:45:16","slug":"kert","status":"publish","type":"page","link":"https:\/\/www.casavio.com\/hu\/elkotelezettseg\/kert\/","title":{"rendered":"Kert"},"content":{"rendered":"","protected":false},"excerpt":{"rendered":"","protected":false},"author":9,"featured_media":40697,"parent":43174,"menu_order":0,"comment_status":"closed","ping_status":"closed","template":"templates\/tpl-stepping-stones-child.php","meta":{"_acf_changed":false},"class_list":["post-43300","page","type-page","status-publish","has-post-thumbnail","hentry"],"acf":[],"yoast_head":"<!-- This site is optimized with the Yoast SEO plugin v25.3 - https:\/\/yoast.com\/wordpress\/plugins\/seo\/ -->\n<title>Kert &#8211; Camping Ca&#039; Savio<\/title>\n<meta name=\"description\" content=\"Esplora il Giardino del Camping Ca&#039;Savio: un percorso naturale tra piante perenni, arte e biodiversit\u00e0, dove riconnettersi con la natura sar\u00e0 pi\u00f9 semplice.\" \/>\n<meta name=\"robots\" content=\"index, follow, max-snippet:-1, max-image-preview:large, max-video-preview:-1\" \/>\n<link rel=\"canonical\" href=\"https:\/\/www.casavio.com\/hu\/elkotelezettseg\/kert\/\" \/>\n<meta property=\"og:locale\" content=\"hu_HU\" \/>\n<meta property=\"og:type\" content=\"article\" \/>\n<meta property=\"og:title\" content=\"Kert &#8211; Camping Ca&#039; Savio\" \/>\n<meta property=\"og:description\" content=\"Esplora il Giardino del Camping Ca&#039;Savio: un percorso naturale tra piante perenni, arte e biodiversit\u00e0, dove riconnettersi con la natura sar\u00e0 pi\u00f9 semplice.\" \/>\n<meta property=\"og:url\" content=\"https:\/\/www.casavio.com\/hu\/elkotelezettseg\/kert\/\" \/>\n<meta property=\"og:site_name\" content=\"Camping Ca&#039; Savio\" \/>\n<meta property=\"article:publisher\" content=\"https:\/\/www.facebook.com\/campingcasavio\" \/>\n<meta property=\"article:modified_time\" content=\"2025-09-11T08:45:16+00:00\" \/>\n<meta property=\"og:image\" content=\"https:\/\/www.casavio.com\/wp-content\/uploads\/2025\/06\/casavio-cavallino-treporti-giardino-1-WEB.jpg\" \/>\n\t<meta property=\"og:image:width\" content=\"2160\" \/>\n\t<meta property=\"og:image:height\" content=\"750\" \/>\n\t<meta property=\"og:image:type\" content=\"image\/jpeg\" \/>\n<meta name=\"twitter:card\" content=\"summary_large_image\" \/>\n<meta name=\"twitter:label1\" content=\"Becs\u00fclt olvas\u00e1si id\u0151\" \/>\n\t<meta name=\"twitter:data1\" content=\"1 perc\" \/>\n<script type=\"application\/ld+json\" class=\"yoast-schema-graph\">{\"@context\":\"https:\/\/schema.org\",\"@graph\":[{\"@type\":\"WebPage\",\"@id\":\"https:\/\/www.casavio.com\/hu\/elkotelezettseg\/kert\/\",\"url\":\"https:\/\/www.casavio.com\/hu\/elkotelezettseg\/kert\/\",\"name\":\"Kert &#8211; Camping Ca&#039; Savio\",\"isPartOf\":{\"@id\":\"https:\/\/www.casavio.com\/hu\/#website\"},\"primaryImageOfPage\":{\"@id\":\"https:\/\/www.casavio.com\/hu\/elkotelezettseg\/kert\/#primaryimage\"},\"image\":{\"@id\":\"https:\/\/www.casavio.com\/hu\/elkotelezettseg\/kert\/#primaryimage\"},\"thumbnailUrl\":\"https:\/\/www.casavio.com\/wp-content\/uploads\/2025\/06\/casavio-cavallino-treporti-giardino-1-WEB.jpg\",\"datePublished\":\"2025-03-31T14:36:08+00:00\",\"dateModified\":\"2025-09-11T08:45:16+00:00\",\"description\":\"Esplora il Giardino del Camping Ca'Savio: un percorso naturale tra piante perenni, arte e biodiversit\u00e0, dove riconnettersi con la natura sar\u00e0 pi\u00f9 semplice.\",\"breadcrumb\":{\"@id\":\"https:\/\/www.casavio.com\/hu\/elkotelezettseg\/kert\/#breadcrumb\"},\"inLanguage\":\"hu\",\"potentialAction\":[{\"@type\":\"ReadAction\",\"target\":[\"https:\/\/www.casavio.com\/hu\/elkotelezettseg\/kert\/\"]}]},{\"@type\":\"ImageObject\",\"inLanguage\":\"hu\",\"@id\":\"https:\/\/www.casavio.com\/hu\/elkotelezettseg\/kert\/#primaryimage\",\"url\":\"https:\/\/www.casavio.com\/wp-content\/uploads\/2025\/06\/casavio-cavallino-treporti-giardino-1-WEB.jpg\",\"contentUrl\":\"https:\/\/www.casavio.com\/wp-content\/uploads\/2025\/06\/casavio-cavallino-treporti-giardino-1-WEB.jpg\",\"width\":2160,\"height\":750},{\"@type\":\"BreadcrumbList\",\"@id\":\"https:\/\/www.casavio.com\/hu\/elkotelezettseg\/kert\/#breadcrumb\",\"itemListElement\":[{\"@type\":\"ListItem\",\"position\":1,\"name\":\"Home\",\"item\":\"https:\/\/www.casavio.com\/hu\/\"},{\"@type\":\"ListItem\",\"position\":2,\"name\":\"Elk\u00f6telezetts\u00e9g\",\"item\":\"https:\/\/www.casavio.com\/hu\/elkotelezettseg\/\"},{\"@type\":\"ListItem\",\"position\":3,\"name\":\"Kert\"}]},{\"@type\":\"WebSite\",\"@id\":\"https:\/\/www.casavio.com\/hu\/#website\",\"url\":\"https:\/\/www.casavio.com\/hu\/\",\"name\":\"Camping Ca&#039; Savio\",\"description\":\"\",\"publisher\":{\"@id\":\"https:\/\/www.casavio.com\/hu\/#organization\"},\"potentialAction\":[{\"@type\":\"SearchAction\",\"target\":{\"@type\":\"EntryPoint\",\"urlTemplate\":\"https:\/\/www.casavio.com\/hu\/?s={search_term_string}\"},\"query-input\":{\"@type\":\"PropertyValueSpecification\",\"valueRequired\":true,\"valueName\":\"search_term_string\"}}],\"inLanguage\":\"hu\"},{\"@type\":\"Organization\",\"@id\":\"https:\/\/www.casavio.com\/hu\/#organization\",\"name\":\"Camping Ca'Savio\",\"url\":\"https:\/\/www.casavio.com\/hu\/\",\"logo\":{\"@type\":\"ImageObject\",\"inLanguage\":\"hu\",\"@id\":\"https:\/\/www.casavio.com\/hu\/#\/schema\/logo\/image\/\",\"url\":\"https:\/\/www.casavio.com\/wp-content\/uploads\/2024\/04\/favicon.png\",\"contentUrl\":\"https:\/\/www.casavio.com\/wp-content\/uploads\/2024\/04\/favicon.png\",\"width\":144,\"height\":144,\"caption\":\"Camping Ca'Savio\"},\"image\":{\"@id\":\"https:\/\/www.casavio.com\/hu\/#\/schema\/logo\/image\/\"},\"sameAs\":[\"https:\/\/www.facebook.com\/campingcasavio\",\"https:\/\/www.instagram.com\/campingcasavio\",\"https:\/\/www.youtube.com\/user\/campingcasavio\"]}]}<\/script>\n<!-- \/ Yoast SEO plugin. -->","yoast_head_json":{"title":"Kert &#8211; Camping Ca&#039; Savio","description":"Esplora il Giardino del Camping Ca'Savio: un percorso naturale tra piante perenni, arte e biodiversit\u00e0, dove riconnettersi con la natura sar\u00e0 pi\u00f9 semplice.","robots":{"index":"index","follow":"follow","max-snippet":"max-snippet:-1","max-image-preview":"max-image-preview:large","max-video-preview":"max-video-preview:-1"},"canonical":"https:\/\/www.casavio.com\/hu\/elkotelezettseg\/kert\/","og_locale":"hu_HU","og_type":"article","og_title":"Kert &#8211; Camping Ca&#039; Savio","og_description":"Esplora il Giardino del Camping Ca'Savio: un percorso naturale tra piante perenni, arte e biodiversit\u00e0, dove riconnettersi con la natura sar\u00e0 pi\u00f9 semplice.","og_url":"https:\/\/www.casavio.com\/hu\/elkotelezettseg\/kert\/","og_site_name":"Camping Ca&#039; Savio","article_publisher":"https:\/\/www.facebook.com\/campingcasavio","article_modified_time":"2025-09-11T08:45:16+00:00","og_image":[{"width":2160,"height":750,"url":"https:\/\/www.casavio.com\/wp-content\/uploads\/2025\/06\/casavio-cavallino-treporti-giardino-1-WEB.jpg","type":"image\/jpeg"}],"twitter_card":"summary_large_image","twitter_misc":{"Becs\u00fclt olvas\u00e1si id\u0151":"1 perc"},"schema":{"@context":"https:\/\/schema.org","@graph":[{"@type":"WebPage","@id":"https:\/\/www.casavio.com\/hu\/elkotelezettseg\/kert\/","url":"https:\/\/www.casavio.com\/hu\/elkotelezettseg\/kert\/","name":"Kert &#8211; Camping Ca&#039; Savio","isPartOf":{"@id":"https:\/\/www.casavio.com\/hu\/#website"},"primaryImageOfPage":{"@id":"https:\/\/www.casavio.com\/hu\/elkotelezettseg\/kert\/#primaryimage"},"image":{"@id":"https:\/\/www.casavio.com\/hu\/elkotelezettseg\/kert\/#primaryimage"},"thumbnailUrl":"https:\/\/www.casavio.com\/wp-content\/uploads\/2025\/06\/casavio-cavallino-treporti-giardino-1-WEB.jpg","datePublished":"2025-03-31T14:36:08+00:00","dateModified":"2025-09-11T08:45:16+00:00","description":"Esplora il Giardino del Camping Ca'Savio: un percorso naturale tra piante perenni, arte e biodiversit\u00e0, dove riconnettersi con la natura sar\u00e0 pi\u00f9 semplice.","breadcrumb":{"@id":"https:\/\/www.casavio.com\/hu\/elkotelezettseg\/kert\/#breadcrumb"},"inLanguage":"hu","potentialAction":[{"@type":"ReadAction","target":["https:\/\/www.casavio.com\/hu\/elkotelezettseg\/kert\/"]}]},{"@type":"ImageObject","inLanguage":"hu","@id":"https:\/\/www.casavio.com\/hu\/elkotelezettseg\/kert\/#primaryimage","url":"https:\/\/www.casavio.com\/wp-content\/uploads\/2025\/06\/casavio-cavallino-treporti-giardino-1-WEB.jpg","contentUrl":"https:\/\/www.casavio.com\/wp-content\/uploads\/2025\/06\/casavio-cavallino-treporti-giardino-1-WEB.jpg","width":2160,"height":750},{"@type":"BreadcrumbList","@id":"https:\/\/www.casavio.com\/hu\/elkotelezettseg\/kert\/#breadcrumb","itemListElement":[{"@type":"ListItem","position":1,"name":"Home","item":"https:\/\/www.casavio.com\/hu\/"},{"@type":"ListItem","position":2,"name":"Elk\u00f6telezetts\u00e9g","item":"https:\/\/www.casavio.com\/hu\/elkotelezettseg\/"},{"@type":"ListItem","position":3,"name":"Kert"}]},{"@type":"WebSite","@id":"https:\/\/www.casavio.com\/hu\/#website","url":"https:\/\/www.casavio.com\/hu\/","name":"Camping Ca&#039; Savio","description":"","publisher":{"@id":"https:\/\/www.casavio.com\/hu\/#organization"},"potentialAction":[{"@type":"SearchAction","target":{"@type":"EntryPoint","urlTemplate":"https:\/\/www.casavio.com\/hu\/?s={search_term_string}"},"query-input":{"@type":"PropertyValueSpecification","valueRequired":true,"valueName":"search_term_string"}}],"inLanguage":"hu"},{"@type":"Organization","@id":"https:\/\/www.casavio.com\/hu\/#organization","name":"Camping Ca'Savio","url":"https:\/\/www.casavio.com\/hu\/","logo":{"@type":"ImageObject","inLanguage":"hu","@id":"https:\/\/www.casavio.com\/hu\/#\/schema\/logo\/image\/","url":"https:\/\/www.casavio.com\/wp-content\/uploads\/2024\/04\/favicon.png","contentUrl":"https:\/\/www.casavio.com\/wp-content\/uploads\/2024\/04\/favicon.png","width":144,"height":144,"caption":"Camping Ca'Savio"},"image":{"@id":"https:\/\/www.casavio.com\/hu\/#\/schema\/logo\/image\/"},"sameAs":["https:\/\/www.facebook.com\/campingcasavio","https:\/\/www.instagram.com\/campingcasavio","https:\/\/www.youtube.com\/user\/campingcasavio"]}]}},"_links":{"self":[{"href":"https:\/\/www.casavio.com\/hu\/wp-json\/wp\/v2\/pages\/43300","targetHints":{"allow":["GET"]}}],"collection":[{"href":"https:\/\/www.casavio.com\/hu\/wp-json\/wp\/v2\/pages"}],"about":[{"href":"https:\/\/www.casavio.com\/hu\/wp-json\/wp\/v2\/types\/page"}],"author":[{"embeddable":true,"href":"https:\/\/www.casavio.com\/hu\/wp-json\/wp\/v2\/users\/9"}],"replies":[{"embeddable":true,"href":"https:\/\/www.casavio.com\/hu\/wp-json\/wp\/v2\/comments?post=43300"}],"version-history":[{"count":2,"href":"https:\/\/www.casavio.com\/hu\/wp-json\/wp\/v2\/pages\/43300\/revisions"}],"predecessor-version":[{"id":43471,"href":"https:\/\/www.casavio.com\/hu\/wp-json\/wp\/v2\/pages\/43300\/revisions\/43471"}],"up":[{"embeddable":true,"href":"https:\/\/www.casavio.com\/hu\/wp-json\/wp\/v2\/pages\/43174"}],"wp:featuredmedia":[{"embeddable":true,"href":"https:\/\/www.casavio.com\/hu\/wp-json\/wp\/v2\/media\/40697"}],"wp:attachment":[{"href":"https:\/\/www.casavio.com\/hu\/wp-json\/wp\/v2\/media?parent=43300"}],"curies":[{"name":"wp","href":"https:\/\/api.w.org\/{rel}","templated":true}]}}