{"id":9099,"date":"2019-11-27T09:42:14","date_gmt":"2019-11-27T08:42:14","guid":{"rendered":"https:\/\/www.casavio.com\/venezia-con-i-bambini\/"},"modified":"2024-05-31T13:07:40","modified_gmt":"2024-05-31T11:07:40","slug":"velence-gyerekekkel","status":"publish","type":"page","link":"https:\/\/www.casavio.com\/hu\/a-kornyek\/velence-es-a-szigetek\/velence-gyerekekkel\/","title":{"rendered":"Velence gyerekekkel"},"content":{"rendered":"<p>Amennyiben gyerekekkel menn\u00e9tek Velenc\u00e9be, az al\u00e1bbiakat javasoljuk megtekinteni:<\/p>\n<ul>\n<li>L\u00e1togassatok el a\u00a0<strong>D\u00f3zse-palot\u00e1ba<\/strong>, a fegyvert\u00e1rba, \u00e1t a\u00a0S\u00f3hajok h\u00eddj\u00e1n\u00a0a b\u00f6rt\u00f6n\u00f6kig.\u00a0Titkos \u00fatvonalak\u00a0bej\u00e1r\u00e1sa csak foglal\u00e1ssal lehets\u00e9ges. A\u00a0Musei civici veneziani\u00a0honlapon minden fontos inform\u00e1ci\u00f3t megtal\u00e1ltok a m\u00fazeumokr\u00f3l.<\/li>\n<li>Vas\u00e1rnaponk\u00e9nt a\u00a0Peggy Guggenheim\u00a0Gy\u0171jtem\u00e9ny gyereknapot (Kids Day) rendez: k\u00e9zm\u0171vesfoglalkoz\u00e1sok \u00e9s egy\u00e9b programok 4-10 \u00e9v k\u00f6z\u00f6tti gyermekek sz\u00e1m\u00e1ra.<\/li>\n<li><strong>Gondol\u00e1zzatok<\/strong>: \u00e1rak 80 \u20ac-t\u00f3l. Enn\u00e9l anyagilag kedvez\u0151bb megold\u00e1st jelent az \u00fan. gondola \u201ctraghetto\u201d, melyet a velenceiek haszn\u00e1lnak a Canal Grande-n val\u00f3 \u00e1tkel\u00e9shez (0,50 \u20ac). Felsz\u00e1ll\u00e1si lehet\u0151s\u00e9g: San Tom\u00e0, San Samuele, Punta della Dogana \u2013 San Marco.<\/li>\n<li>L\u00e1togassatok el a\u00a0Term\u00e9szettudom\u00e1nyi M\u00fazeumba: akv\u00e1riumok, interakt\u00edv j\u00e1t\u00e9kok \u00e9s dinoszaurusz csontv\u00e1z v\u00e1rnak r\u00e1tok!<\/li>\n<\/ul>\n<p>Minden vend\u00e9g\u00fcnknek aj\u00e1nljuk, hogy l\u00e1togasson el\u00a0<strong>Murano<\/strong>-ba, az \u00fcveggy\u00e1rt\u00e1s\u00e1r\u00f3l vil\u00e1gh\u00edres szigetre,\u00a0<strong>Burano<\/strong>-ba, mely a jellegzetes sz\u00ednes h\u00e1zair\u00f3l \u00e9s csipkever\u00e9s\u00e9r\u0151l nevezetes, illetve az els\u0151sorban antik \u00e9p\u00fcleteir\u0151l ismert\u00a0<strong>Torcello\u00a0<\/strong>sziget\u00e9re, amely m\u00e1r az eg\u00e9szen korai id\u0151kben is lakott telep\u00fcl\u00e9snek sz\u00e1m\u00edtott.<\/p>\n","protected":false},"excerpt":{"rendered":"<p>Hasznos tan\u00e1csok a velencei v\u00e1rosn\u00e9z\u00e9shez gyerekekkel.<\/p>\n","protected":false},"author":4,"featured_media":4705,"parent":10917,"menu_order":0,"comment_status":"closed","ping_status":"closed","template":"","meta":{"_acf_changed":false},"class_list":["post-9099","page","type-page","status-publish","has-post-thumbnail","hentry"],"acf":[],"yoast_head":"<!-- This site is optimized with the Yoast SEO plugin v25.3 - https:\/\/yoast.com\/wordpress\/plugins\/seo\/ -->\n<title>Velence gyerekekkel tan\u00e1csaink &#8211; Camping Ca&#039; Savio<\/title>\n<meta name=\"description\" content=\"Ismerd meg tan\u00e1csainkat arra vonatkoz\u00f3an, hogy mit \u00e9rdemes megn\u00e9zni Velenc\u00e9ben gyermekekkel: Palazzo Ducale (D\u00f3zse palota), Collezione Peggy Guggenheim (Peggy Guggenheim Kollekci\u00f3) vagy Museo di Storia Naturale (Term\u00e9szettudom\u00e1nyi M\u00fazeum). Ismerd meg a r\u00e9szleteket.\" \/>\n<meta name=\"robots\" content=\"index, follow, max-snippet:-1, max-image-preview:large, max-video-preview:-1\" \/>\n<link rel=\"canonical\" href=\"https:\/\/www.casavio.com\/hu\/a-kornyek\/velence-es-a-szigetek\/velence-gyerekekkel\/\" \/>\n<meta property=\"og:locale\" content=\"hu_HU\" \/>\n<meta property=\"og:type\" content=\"article\" \/>\n<meta property=\"og:title\" content=\"Velence gyerekekkel tan\u00e1csaink &#8211; Camping Ca&#039; Savio\" \/>\n<meta property=\"og:description\" content=\"Ismerd meg tan\u00e1csainkat arra vonatkoz\u00f3an, hogy mit \u00e9rdemes megn\u00e9zni Velenc\u00e9ben gyermekekkel: Palazzo Ducale (D\u00f3zse palota), Collezione Peggy Guggenheim (Peggy Guggenheim Kollekci\u00f3) vagy Museo di Storia Naturale (Term\u00e9szettudom\u00e1nyi M\u00fazeum). Ismerd meg a r\u00e9szleteket.\" \/>\n<meta property=\"og:url\" content=\"https:\/\/www.casavio.com\/hu\/a-kornyek\/velence-es-a-szigetek\/velence-gyerekekkel\/\" \/>\n<meta property=\"og:site_name\" content=\"Camping Ca&#039; Savio\" \/>\n<meta property=\"article:publisher\" content=\"https:\/\/www.facebook.com\/campingcasavio\" \/>\n<meta property=\"article:modified_time\" content=\"2024-05-31T11:07:40+00:00\" \/>\n<meta property=\"og:image\" content=\"https:\/\/www.casavio.com\/wp-content\/uploads\/2019\/11\/ca-savio-territorio-venezia-venezia-bambini.jpg\" \/>\n\t<meta property=\"og:image:width\" content=\"440\" \/>\n\t<meta property=\"og:image:height\" content=\"600\" \/>\n\t<meta property=\"og:image:type\" content=\"image\/jpeg\" \/>\n<meta name=\"twitter:card\" content=\"summary_large_image\" \/>\n<meta name=\"twitter:label1\" content=\"Becs\u00fclt olvas\u00e1si id\u0151\" \/>\n\t<meta name=\"twitter:data1\" content=\"1 perc\" \/>\n<script type=\"application\/ld+json\" class=\"yoast-schema-graph\">{\"@context\":\"https:\/\/schema.org\",\"@graph\":[{\"@type\":\"WebPage\",\"@id\":\"https:\/\/www.casavio.com\/hu\/a-kornyek\/velence-es-a-szigetek\/velence-gyerekekkel\/\",\"url\":\"https:\/\/www.casavio.com\/hu\/a-kornyek\/velence-es-a-szigetek\/velence-gyerekekkel\/\",\"name\":\"Velence gyerekekkel tan\u00e1csaink &#8211; Camping Ca&#039; Savio\",\"isPartOf\":{\"@id\":\"https:\/\/www.casavio.com\/hu\/#website\"},\"primaryImageOfPage\":{\"@id\":\"https:\/\/www.casavio.com\/hu\/a-kornyek\/velence-es-a-szigetek\/velence-gyerekekkel\/#primaryimage\"},\"image\":{\"@id\":\"https:\/\/www.casavio.com\/hu\/a-kornyek\/velence-es-a-szigetek\/velence-gyerekekkel\/#primaryimage\"},\"thumbnailUrl\":\"https:\/\/www.casavio.com\/wp-content\/uploads\/2019\/11\/ca-savio-territorio-venezia-venezia-bambini.jpg\",\"datePublished\":\"2019-11-27T08:42:14+00:00\",\"dateModified\":\"2024-05-31T11:07:40+00:00\",\"description\":\"Ismerd meg tan\u00e1csainkat arra vonatkoz\u00f3an, hogy mit \u00e9rdemes megn\u00e9zni Velenc\u00e9ben gyermekekkel: Palazzo Ducale (D\u00f3zse palota), Collezione Peggy Guggenheim (Peggy Guggenheim Kollekci\u00f3) vagy Museo di Storia Naturale (Term\u00e9szettudom\u00e1nyi M\u00fazeum). Ismerd meg a r\u00e9szleteket.\",\"breadcrumb\":{\"@id\":\"https:\/\/www.casavio.com\/hu\/a-kornyek\/velence-es-a-szigetek\/velence-gyerekekkel\/#breadcrumb\"},\"inLanguage\":\"hu\",\"potentialAction\":[{\"@type\":\"ReadAction\",\"target\":[\"https:\/\/www.casavio.com\/hu\/a-kornyek\/velence-es-a-szigetek\/velence-gyerekekkel\/\"]}]},{\"@type\":\"ImageObject\",\"inLanguage\":\"hu\",\"@id\":\"https:\/\/www.casavio.com\/hu\/a-kornyek\/velence-es-a-szigetek\/velence-gyerekekkel\/#primaryimage\",\"url\":\"https:\/\/www.casavio.com\/wp-content\/uploads\/2019\/11\/ca-savio-territorio-venezia-venezia-bambini.jpg\",\"contentUrl\":\"https:\/\/www.casavio.com\/wp-content\/uploads\/2019\/11\/ca-savio-territorio-venezia-venezia-bambini.jpg\",\"width\":440,\"height\":600},{\"@type\":\"BreadcrumbList\",\"@id\":\"https:\/\/www.casavio.com\/hu\/a-kornyek\/velence-es-a-szigetek\/velence-gyerekekkel\/#breadcrumb\",\"itemListElement\":[{\"@type\":\"ListItem\",\"position\":1,\"name\":\"Home\",\"item\":\"https:\/\/www.casavio.com\/hu\/\"},{\"@type\":\"ListItem\",\"position\":2,\"name\":\"A k\u00f6rny\u00e9k\",\"item\":\"https:\/\/www.casavio.com\/hu\/a-kornyek\/\"},{\"@type\":\"ListItem\",\"position\":3,\"name\":\"Velence \u00e9s a szigetek\",\"item\":\"https:\/\/www.casavio.com\/hu\/a-kornyek\/velence-es-a-szigetek\/\"},{\"@type\":\"ListItem\",\"position\":4,\"name\":\"Velence gyerekekkel\"}]},{\"@type\":\"WebSite\",\"@id\":\"https:\/\/www.casavio.com\/hu\/#website\",\"url\":\"https:\/\/www.casavio.com\/hu\/\",\"name\":\"Camping Ca&#039; Savio\",\"description\":\"\",\"publisher\":{\"@id\":\"https:\/\/www.casavio.com\/hu\/#organization\"},\"potentialAction\":[{\"@type\":\"SearchAction\",\"target\":{\"@type\":\"EntryPoint\",\"urlTemplate\":\"https:\/\/www.casavio.com\/hu\/?s={search_term_string}\"},\"query-input\":{\"@type\":\"PropertyValueSpecification\",\"valueRequired\":true,\"valueName\":\"search_term_string\"}}],\"inLanguage\":\"hu\"},{\"@type\":\"Organization\",\"@id\":\"https:\/\/www.casavio.com\/hu\/#organization\",\"name\":\"Camping Ca'Savio\",\"url\":\"https:\/\/www.casavio.com\/hu\/\",\"logo\":{\"@type\":\"ImageObject\",\"inLanguage\":\"hu\",\"@id\":\"https:\/\/www.casavio.com\/hu\/#\/schema\/logo\/image\/\",\"url\":\"https:\/\/www.casavio.com\/wp-content\/uploads\/2024\/04\/favicon.png\",\"contentUrl\":\"https:\/\/www.casavio.com\/wp-content\/uploads\/2024\/04\/favicon.png\",\"width\":144,\"height\":144,\"caption\":\"Camping Ca'Savio\"},\"image\":{\"@id\":\"https:\/\/www.casavio.com\/hu\/#\/schema\/logo\/image\/\"},\"sameAs\":[\"https:\/\/www.facebook.com\/campingcasavio\",\"https:\/\/www.instagram.com\/campingcasavio\",\"https:\/\/www.youtube.com\/user\/campingcasavio\"]}]}<\/script>\n<!-- \/ Yoast SEO plugin. -->","yoast_head_json":{"title":"Velence gyerekekkel tan\u00e1csaink &#8211; Camping Ca&#039; Savio","description":"Ismerd meg tan\u00e1csainkat arra vonatkoz\u00f3an, hogy mit \u00e9rdemes megn\u00e9zni Velenc\u00e9ben gyermekekkel: Palazzo Ducale (D\u00f3zse palota), Collezione Peggy Guggenheim (Peggy Guggenheim Kollekci\u00f3) vagy Museo di Storia Naturale (Term\u00e9szettudom\u00e1nyi M\u00fazeum). Ismerd meg a r\u00e9szleteket.","robots":{"index":"index","follow":"follow","max-snippet":"max-snippet:-1","max-image-preview":"max-image-preview:large","max-video-preview":"max-video-preview:-1"},"canonical":"https:\/\/www.casavio.com\/hu\/a-kornyek\/velence-es-a-szigetek\/velence-gyerekekkel\/","og_locale":"hu_HU","og_type":"article","og_title":"Velence gyerekekkel tan\u00e1csaink &#8211; Camping Ca&#039; Savio","og_description":"Ismerd meg tan\u00e1csainkat arra vonatkoz\u00f3an, hogy mit \u00e9rdemes megn\u00e9zni Velenc\u00e9ben gyermekekkel: Palazzo Ducale (D\u00f3zse palota), Collezione Peggy Guggenheim (Peggy Guggenheim Kollekci\u00f3) vagy Museo di Storia Naturale (Term\u00e9szettudom\u00e1nyi M\u00fazeum). Ismerd meg a r\u00e9szleteket.","og_url":"https:\/\/www.casavio.com\/hu\/a-kornyek\/velence-es-a-szigetek\/velence-gyerekekkel\/","og_site_name":"Camping Ca&#039; Savio","article_publisher":"https:\/\/www.facebook.com\/campingcasavio","article_modified_time":"2024-05-31T11:07:40+00:00","og_image":[{"width":440,"height":600,"url":"https:\/\/www.casavio.com\/wp-content\/uploads\/2019\/11\/ca-savio-territorio-venezia-venezia-bambini.jpg","type":"image\/jpeg"}],"twitter_card":"summary_large_image","twitter_misc":{"Becs\u00fclt olvas\u00e1si id\u0151":"1 perc"},"schema":{"@context":"https:\/\/schema.org","@graph":[{"@type":"WebPage","@id":"https:\/\/www.casavio.com\/hu\/a-kornyek\/velence-es-a-szigetek\/velence-gyerekekkel\/","url":"https:\/\/www.casavio.com\/hu\/a-kornyek\/velence-es-a-szigetek\/velence-gyerekekkel\/","name":"Velence gyerekekkel tan\u00e1csaink &#8211; Camping Ca&#039; Savio","isPartOf":{"@id":"https:\/\/www.casavio.com\/hu\/#website"},"primaryImageOfPage":{"@id":"https:\/\/www.casavio.com\/hu\/a-kornyek\/velence-es-a-szigetek\/velence-gyerekekkel\/#primaryimage"},"image":{"@id":"https:\/\/www.casavio.com\/hu\/a-kornyek\/velence-es-a-szigetek\/velence-gyerekekkel\/#primaryimage"},"thumbnailUrl":"https:\/\/www.casavio.com\/wp-content\/uploads\/2019\/11\/ca-savio-territorio-venezia-venezia-bambini.jpg","datePublished":"2019-11-27T08:42:14+00:00","dateModified":"2024-05-31T11:07:40+00:00","description":"Ismerd meg tan\u00e1csainkat arra vonatkoz\u00f3an, hogy mit \u00e9rdemes megn\u00e9zni Velenc\u00e9ben gyermekekkel: Palazzo Ducale (D\u00f3zse palota), Collezione Peggy Guggenheim (Peggy Guggenheim Kollekci\u00f3) vagy Museo di Storia Naturale (Term\u00e9szettudom\u00e1nyi M\u00fazeum). Ismerd meg a r\u00e9szleteket.","breadcrumb":{"@id":"https:\/\/www.casavio.com\/hu\/a-kornyek\/velence-es-a-szigetek\/velence-gyerekekkel\/#breadcrumb"},"inLanguage":"hu","potentialAction":[{"@type":"ReadAction","target":["https:\/\/www.casavio.com\/hu\/a-kornyek\/velence-es-a-szigetek\/velence-gyerekekkel\/"]}]},{"@type":"ImageObject","inLanguage":"hu","@id":"https:\/\/www.casavio.com\/hu\/a-kornyek\/velence-es-a-szigetek\/velence-gyerekekkel\/#primaryimage","url":"https:\/\/www.casavio.com\/wp-content\/uploads\/2019\/11\/ca-savio-territorio-venezia-venezia-bambini.jpg","contentUrl":"https:\/\/www.casavio.com\/wp-content\/uploads\/2019\/11\/ca-savio-territorio-venezia-venezia-bambini.jpg","width":440,"height":600},{"@type":"BreadcrumbList","@id":"https:\/\/www.casavio.com\/hu\/a-kornyek\/velence-es-a-szigetek\/velence-gyerekekkel\/#breadcrumb","itemListElement":[{"@type":"ListItem","position":1,"name":"Home","item":"https:\/\/www.casavio.com\/hu\/"},{"@type":"ListItem","position":2,"name":"A k\u00f6rny\u00e9k","item":"https:\/\/www.casavio.com\/hu\/a-kornyek\/"},{"@type":"ListItem","position":3,"name":"Velence \u00e9s a szigetek","item":"https:\/\/www.casavio.com\/hu\/a-kornyek\/velence-es-a-szigetek\/"},{"@type":"ListItem","position":4,"name":"Velence gyerekekkel"}]},{"@type":"WebSite","@id":"https:\/\/www.casavio.com\/hu\/#website","url":"https:\/\/www.casavio.com\/hu\/","name":"Camping Ca&#039; Savio","description":"","publisher":{"@id":"https:\/\/www.casavio.com\/hu\/#organization"},"potentialAction":[{"@type":"SearchAction","target":{"@type":"EntryPoint","urlTemplate":"https:\/\/www.casavio.com\/hu\/?s={search_term_string}"},"query-input":{"@type":"PropertyValueSpecification","valueRequired":true,"valueName":"search_term_string"}}],"inLanguage":"hu"},{"@type":"Organization","@id":"https:\/\/www.casavio.com\/hu\/#organization","name":"Camping Ca'Savio","url":"https:\/\/www.casavio.com\/hu\/","logo":{"@type":"ImageObject","inLanguage":"hu","@id":"https:\/\/www.casavio.com\/hu\/#\/schema\/logo\/image\/","url":"https:\/\/www.casavio.com\/wp-content\/uploads\/2024\/04\/favicon.png","contentUrl":"https:\/\/www.casavio.com\/wp-content\/uploads\/2024\/04\/favicon.png","width":144,"height":144,"caption":"Camping Ca'Savio"},"image":{"@id":"https:\/\/www.casavio.com\/hu\/#\/schema\/logo\/image\/"},"sameAs":["https:\/\/www.facebook.com\/campingcasavio","https:\/\/www.instagram.com\/campingcasavio","https:\/\/www.youtube.com\/user\/campingcasavio"]}]}},"_links":{"self":[{"href":"https:\/\/www.casavio.com\/hu\/wp-json\/wp\/v2\/pages\/9099","targetHints":{"allow":["GET"]}}],"collection":[{"href":"https:\/\/www.casavio.com\/hu\/wp-json\/wp\/v2\/pages"}],"about":[{"href":"https:\/\/www.casavio.com\/hu\/wp-json\/wp\/v2\/types\/page"}],"author":[{"embeddable":true,"href":"https:\/\/www.casavio.com\/hu\/wp-json\/wp\/v2\/users\/4"}],"replies":[{"embeddable":true,"href":"https:\/\/www.casavio.com\/hu\/wp-json\/wp\/v2\/comments?post=9099"}],"version-history":[{"count":1,"href":"https:\/\/www.casavio.com\/hu\/wp-json\/wp\/v2\/pages\/9099\/revisions"}],"predecessor-version":[{"id":32625,"href":"https:\/\/www.casavio.com\/hu\/wp-json\/wp\/v2\/pages\/9099\/revisions\/32625"}],"up":[{"embeddable":true,"href":"https:\/\/www.casavio.com\/hu\/wp-json\/wp\/v2\/pages\/10917"}],"wp:featuredmedia":[{"embeddable":true,"href":"https:\/\/www.casavio.com\/hu\/wp-json\/wp\/v2\/media\/4705"}],"wp:attachment":[{"href":"https:\/\/www.casavio.com\/hu\/wp-json\/wp\/v2\/media?parent=9099"}],"curies":[{"name":"wp","href":"https:\/\/api.w.org\/{rel}","templated":true}]}}