{"id":11510,"date":"2019-11-07T11:12:54","date_gmt":"2019-11-07T10:12:54","guid":{"rendered":"https:\/\/www.casavio.com\/camping-activiteiten\/excursies\/parco-acquatico-caribe-bay\/"},"modified":"2023-06-19T11:47:09","modified_gmt":"2023-06-19T09:47:09","slug":"waterpark-caribe-bay-in-jesolo","status":"publish","type":"page","link":"https:\/\/www.casavio.com\/nl\/camping-activiteiten\/excursies\/waterpark-caribe-bay-in-jesolo\/","title":{"rendered":"Waterpark Caribe Bay in Jesolo"},"content":{"rendered":"<p>Meerdere malen bekroond als het &#8220;beste waterpretpark in Itali\u00eb&#8221;, bootst Caribe Bay in Jesolo een echt Cara\u00efbisch eiland in de buurt van Veneti\u00eb na, met een oppervlakte van meer dan 80.000 vierkante meter, waar u kunt ontspanning en entertainment kunt ervaren voor alle leeftijden, van kleine kinderen tot teenagers en gezinnen.<\/p>\n<p>Caribe Bay is niet het gebruikelijke waterpark, maar veel meer&#8230;<\/p>\n","protected":false},"excerpt":{"rendered":"<p>Meerdere malen bekroond als het &#8220;beste waterpretpark van Itali\u00eb&#8221;, hier vindt u een echt Caribisch eiland, vlakbij Veneti\u00eb.<\/p>\n","protected":false},"author":3,"featured_media":23824,"parent":11489,"menu_order":71,"comment_status":"closed","ping_status":"closed","template":"","meta":{"_acf_changed":false},"class_list":["post-11510","page","type-page","status-publish","has-post-thumbnail","hentry"],"acf":[],"yoast_head":"<!-- This site is optimized with the Yoast SEO plugin v25.3 - https:\/\/yoast.com\/wordpress\/plugins\/seo\/ -->\n<title>Caribe Bay Water Park (Aqualandia): kortingskaartjes &#8211; Camping Ca&#039; Savio<\/title>\n<meta name=\"description\" content=\"Camping Ca&#039; Savio organiseert excursies naar Caribe Bay (Aqualandia) tot groot plezier van uw kinderen. Verzeker u van een gratis entreekaart, ontdek meteen wat u moet doen! Neem contact met ons op.\" \/>\n<meta name=\"robots\" content=\"index, follow, max-snippet:-1, max-image-preview:large, max-video-preview:-1\" \/>\n<link rel=\"canonical\" href=\"https:\/\/www.casavio.com\/nl\/camping-activiteiten\/excursies\/waterpark-caribe-bay-in-jesolo\/\" \/>\n<meta property=\"og:locale\" content=\"nl_NL\" \/>\n<meta property=\"og:type\" content=\"article\" \/>\n<meta property=\"og:title\" content=\"Caribe Bay Water Park (Aqualandia): kortingskaartjes &#8211; Camping Ca&#039; Savio\" \/>\n<meta property=\"og:description\" content=\"Camping Ca&#039; Savio organiseert excursies naar Caribe Bay (Aqualandia) tot groot plezier van uw kinderen. Verzeker u van een gratis entreekaart, ontdek meteen wat u moet doen! Neem contact met ons op.\" \/>\n<meta property=\"og:url\" content=\"https:\/\/www.casavio.com\/nl\/camping-activiteiten\/excursies\/waterpark-caribe-bay-in-jesolo\/\" \/>\n<meta property=\"og:site_name\" content=\"Camping Ca&#039; Savio\" \/>\n<meta property=\"article:publisher\" content=\"https:\/\/www.facebook.com\/campingcasavio\" \/>\n<meta property=\"article:modified_time\" content=\"2023-06-19T09:47:09+00:00\" \/>\n<meta property=\"og:image\" content=\"https:\/\/www.casavio.com\/wp-content\/uploads\/2022\/06\/caribe-bay.jpg\" \/>\n\t<meta property=\"og:image:width\" content=\"440\" \/>\n\t<meta property=\"og:image:height\" content=\"600\" \/>\n\t<meta property=\"og:image:type\" content=\"image\/jpeg\" \/>\n<meta name=\"twitter:card\" content=\"summary_large_image\" \/>\n<meta name=\"twitter:label1\" content=\"Geschatte leestijd\" \/>\n\t<meta name=\"twitter:data1\" content=\"1 minuut\" \/>\n<script type=\"application\/ld+json\" class=\"yoast-schema-graph\">{\"@context\":\"https:\/\/schema.org\",\"@graph\":[{\"@type\":\"WebPage\",\"@id\":\"https:\/\/www.casavio.com\/nl\/camping-activiteiten\/excursies\/waterpark-caribe-bay-in-jesolo\/\",\"url\":\"https:\/\/www.casavio.com\/nl\/camping-activiteiten\/excursies\/waterpark-caribe-bay-in-jesolo\/\",\"name\":\"Caribe Bay Water Park (Aqualandia): kortingskaartjes &#8211; Camping Ca&#039; Savio\",\"isPartOf\":{\"@id\":\"https:\/\/www.casavio.com\/nl\/#website\"},\"primaryImageOfPage\":{\"@id\":\"https:\/\/www.casavio.com\/nl\/camping-activiteiten\/excursies\/waterpark-caribe-bay-in-jesolo\/#primaryimage\"},\"image\":{\"@id\":\"https:\/\/www.casavio.com\/nl\/camping-activiteiten\/excursies\/waterpark-caribe-bay-in-jesolo\/#primaryimage\"},\"thumbnailUrl\":\"https:\/\/www.casavio.com\/wp-content\/uploads\/2022\/06\/caribe-bay.jpg\",\"datePublished\":\"2019-11-07T10:12:54+00:00\",\"dateModified\":\"2023-06-19T09:47:09+00:00\",\"description\":\"Camping Ca' Savio organiseert excursies naar Caribe Bay (Aqualandia) tot groot plezier van uw kinderen. Verzeker u van een gratis entreekaart, ontdek meteen wat u moet doen! Neem contact met ons op.\",\"breadcrumb\":{\"@id\":\"https:\/\/www.casavio.com\/nl\/camping-activiteiten\/excursies\/waterpark-caribe-bay-in-jesolo\/#breadcrumb\"},\"inLanguage\":\"nl-NL\",\"potentialAction\":[{\"@type\":\"ReadAction\",\"target\":[\"https:\/\/www.casavio.com\/nl\/camping-activiteiten\/excursies\/waterpark-caribe-bay-in-jesolo\/\"]}]},{\"@type\":\"ImageObject\",\"inLanguage\":\"nl-NL\",\"@id\":\"https:\/\/www.casavio.com\/nl\/camping-activiteiten\/excursies\/waterpark-caribe-bay-in-jesolo\/#primaryimage\",\"url\":\"https:\/\/www.casavio.com\/wp-content\/uploads\/2022\/06\/caribe-bay.jpg\",\"contentUrl\":\"https:\/\/www.casavio.com\/wp-content\/uploads\/2022\/06\/caribe-bay.jpg\",\"width\":440,\"height\":600},{\"@type\":\"BreadcrumbList\",\"@id\":\"https:\/\/www.casavio.com\/nl\/camping-activiteiten\/excursies\/waterpark-caribe-bay-in-jesolo\/#breadcrumb\",\"itemListElement\":[{\"@type\":\"ListItem\",\"position\":1,\"name\":\"Home\",\"item\":\"https:\/\/www.casavio.com\/nl\/\"},{\"@type\":\"ListItem\",\"position\":2,\"name\":\"Activiteiten\",\"item\":\"https:\/\/www.casavio.com\/nl\/camping-activiteiten\/\"},{\"@type\":\"ListItem\",\"position\":3,\"name\":\"Excursies\",\"item\":\"https:\/\/www.casavio.com\/nl\/camping-activiteiten\/excursies\/\"},{\"@type\":\"ListItem\",\"position\":4,\"name\":\"Waterpark Caribe Bay in Jesolo\"}]},{\"@type\":\"WebSite\",\"@id\":\"https:\/\/www.casavio.com\/nl\/#website\",\"url\":\"https:\/\/www.casavio.com\/nl\/\",\"name\":\"Camping Ca&#039; Savio\",\"description\":\"\",\"publisher\":{\"@id\":\"https:\/\/www.casavio.com\/nl\/#organization\"},\"potentialAction\":[{\"@type\":\"SearchAction\",\"target\":{\"@type\":\"EntryPoint\",\"urlTemplate\":\"https:\/\/www.casavio.com\/nl\/?s={search_term_string}\"},\"query-input\":{\"@type\":\"PropertyValueSpecification\",\"valueRequired\":true,\"valueName\":\"search_term_string\"}}],\"inLanguage\":\"nl-NL\"},{\"@type\":\"Organization\",\"@id\":\"https:\/\/www.casavio.com\/nl\/#organization\",\"name\":\"Camping Ca'Savio\",\"url\":\"https:\/\/www.casavio.com\/nl\/\",\"logo\":{\"@type\":\"ImageObject\",\"inLanguage\":\"nl-NL\",\"@id\":\"https:\/\/www.casavio.com\/nl\/#\/schema\/logo\/image\/\",\"url\":\"https:\/\/www.casavio.com\/wp-content\/uploads\/2024\/04\/favicon.png\",\"contentUrl\":\"https:\/\/www.casavio.com\/wp-content\/uploads\/2024\/04\/favicon.png\",\"width\":144,\"height\":144,\"caption\":\"Camping Ca'Savio\"},\"image\":{\"@id\":\"https:\/\/www.casavio.com\/nl\/#\/schema\/logo\/image\/\"},\"sameAs\":[\"https:\/\/www.facebook.com\/campingcasavio\",\"https:\/\/www.instagram.com\/campingcasavio\",\"https:\/\/www.youtube.com\/user\/campingcasavio\"]}]}<\/script>\n<!-- \/ Yoast SEO plugin. -->","yoast_head_json":{"title":"Caribe Bay Water Park (Aqualandia): kortingskaartjes &#8211; Camping Ca&#039; Savio","description":"Camping Ca' Savio organiseert excursies naar Caribe Bay (Aqualandia) tot groot plezier van uw kinderen. Verzeker u van een gratis entreekaart, ontdek meteen wat u moet doen! Neem contact met ons op.","robots":{"index":"index","follow":"follow","max-snippet":"max-snippet:-1","max-image-preview":"max-image-preview:large","max-video-preview":"max-video-preview:-1"},"canonical":"https:\/\/www.casavio.com\/nl\/camping-activiteiten\/excursies\/waterpark-caribe-bay-in-jesolo\/","og_locale":"nl_NL","og_type":"article","og_title":"Caribe Bay Water Park (Aqualandia): kortingskaartjes &#8211; Camping Ca&#039; Savio","og_description":"Camping Ca' Savio organiseert excursies naar Caribe Bay (Aqualandia) tot groot plezier van uw kinderen. Verzeker u van een gratis entreekaart, ontdek meteen wat u moet doen! Neem contact met ons op.","og_url":"https:\/\/www.casavio.com\/nl\/camping-activiteiten\/excursies\/waterpark-caribe-bay-in-jesolo\/","og_site_name":"Camping Ca&#039; Savio","article_publisher":"https:\/\/www.facebook.com\/campingcasavio","article_modified_time":"2023-06-19T09:47:09+00:00","og_image":[{"width":440,"height":600,"url":"https:\/\/www.casavio.com\/wp-content\/uploads\/2022\/06\/caribe-bay.jpg","type":"image\/jpeg"}],"twitter_card":"summary_large_image","twitter_misc":{"Geschatte leestijd":"1 minuut"},"schema":{"@context":"https:\/\/schema.org","@graph":[{"@type":"WebPage","@id":"https:\/\/www.casavio.com\/nl\/camping-activiteiten\/excursies\/waterpark-caribe-bay-in-jesolo\/","url":"https:\/\/www.casavio.com\/nl\/camping-activiteiten\/excursies\/waterpark-caribe-bay-in-jesolo\/","name":"Caribe Bay Water Park (Aqualandia): kortingskaartjes &#8211; Camping Ca&#039; Savio","isPartOf":{"@id":"https:\/\/www.casavio.com\/nl\/#website"},"primaryImageOfPage":{"@id":"https:\/\/www.casavio.com\/nl\/camping-activiteiten\/excursies\/waterpark-caribe-bay-in-jesolo\/#primaryimage"},"image":{"@id":"https:\/\/www.casavio.com\/nl\/camping-activiteiten\/excursies\/waterpark-caribe-bay-in-jesolo\/#primaryimage"},"thumbnailUrl":"https:\/\/www.casavio.com\/wp-content\/uploads\/2022\/06\/caribe-bay.jpg","datePublished":"2019-11-07T10:12:54+00:00","dateModified":"2023-06-19T09:47:09+00:00","description":"Camping Ca' Savio organiseert excursies naar Caribe Bay (Aqualandia) tot groot plezier van uw kinderen. Verzeker u van een gratis entreekaart, ontdek meteen wat u moet doen! Neem contact met ons op.","breadcrumb":{"@id":"https:\/\/www.casavio.com\/nl\/camping-activiteiten\/excursies\/waterpark-caribe-bay-in-jesolo\/#breadcrumb"},"inLanguage":"nl-NL","potentialAction":[{"@type":"ReadAction","target":["https:\/\/www.casavio.com\/nl\/camping-activiteiten\/excursies\/waterpark-caribe-bay-in-jesolo\/"]}]},{"@type":"ImageObject","inLanguage":"nl-NL","@id":"https:\/\/www.casavio.com\/nl\/camping-activiteiten\/excursies\/waterpark-caribe-bay-in-jesolo\/#primaryimage","url":"https:\/\/www.casavio.com\/wp-content\/uploads\/2022\/06\/caribe-bay.jpg","contentUrl":"https:\/\/www.casavio.com\/wp-content\/uploads\/2022\/06\/caribe-bay.jpg","width":440,"height":600},{"@type":"BreadcrumbList","@id":"https:\/\/www.casavio.com\/nl\/camping-activiteiten\/excursies\/waterpark-caribe-bay-in-jesolo\/#breadcrumb","itemListElement":[{"@type":"ListItem","position":1,"name":"Home","item":"https:\/\/www.casavio.com\/nl\/"},{"@type":"ListItem","position":2,"name":"Activiteiten","item":"https:\/\/www.casavio.com\/nl\/camping-activiteiten\/"},{"@type":"ListItem","position":3,"name":"Excursies","item":"https:\/\/www.casavio.com\/nl\/camping-activiteiten\/excursies\/"},{"@type":"ListItem","position":4,"name":"Waterpark Caribe Bay in Jesolo"}]},{"@type":"WebSite","@id":"https:\/\/www.casavio.com\/nl\/#website","url":"https:\/\/www.casavio.com\/nl\/","name":"Camping Ca&#039; Savio","description":"","publisher":{"@id":"https:\/\/www.casavio.com\/nl\/#organization"},"potentialAction":[{"@type":"SearchAction","target":{"@type":"EntryPoint","urlTemplate":"https:\/\/www.casavio.com\/nl\/?s={search_term_string}"},"query-input":{"@type":"PropertyValueSpecification","valueRequired":true,"valueName":"search_term_string"}}],"inLanguage":"nl-NL"},{"@type":"Organization","@id":"https:\/\/www.casavio.com\/nl\/#organization","name":"Camping Ca'Savio","url":"https:\/\/www.casavio.com\/nl\/","logo":{"@type":"ImageObject","inLanguage":"nl-NL","@id":"https:\/\/www.casavio.com\/nl\/#\/schema\/logo\/image\/","url":"https:\/\/www.casavio.com\/wp-content\/uploads\/2024\/04\/favicon.png","contentUrl":"https:\/\/www.casavio.com\/wp-content\/uploads\/2024\/04\/favicon.png","width":144,"height":144,"caption":"Camping Ca'Savio"},"image":{"@id":"https:\/\/www.casavio.com\/nl\/#\/schema\/logo\/image\/"},"sameAs":["https:\/\/www.facebook.com\/campingcasavio","https:\/\/www.instagram.com\/campingcasavio","https:\/\/www.youtube.com\/user\/campingcasavio"]}]}},"_links":{"self":[{"href":"https:\/\/www.casavio.com\/nl\/wp-json\/wp\/v2\/pages\/11510","targetHints":{"allow":["GET"]}}],"collection":[{"href":"https:\/\/www.casavio.com\/nl\/wp-json\/wp\/v2\/pages"}],"about":[{"href":"https:\/\/www.casavio.com\/nl\/wp-json\/wp\/v2\/types\/page"}],"author":[{"embeddable":true,"href":"https:\/\/www.casavio.com\/nl\/wp-json\/wp\/v2\/users\/3"}],"replies":[{"embeddable":true,"href":"https:\/\/www.casavio.com\/nl\/wp-json\/wp\/v2\/comments?post=11510"}],"version-history":[{"count":2,"href":"https:\/\/www.casavio.com\/nl\/wp-json\/wp\/v2\/pages\/11510\/revisions"}],"predecessor-version":[{"id":27954,"href":"https:\/\/www.casavio.com\/nl\/wp-json\/wp\/v2\/pages\/11510\/revisions\/27954"}],"up":[{"embeddable":true,"href":"https:\/\/www.casavio.com\/nl\/wp-json\/wp\/v2\/pages\/11489"}],"wp:featuredmedia":[{"embeddable":true,"href":"https:\/\/www.casavio.com\/nl\/wp-json\/wp\/v2\/media\/23824"}],"wp:attachment":[{"href":"https:\/\/www.casavio.com\/nl\/wp-json\/wp\/v2\/media?parent=11510"}],"curies":[{"name":"wp","href":"https:\/\/api.w.org\/{rel}","templated":true}]}}