{"id":11619,"date":"2019-11-07T11:17:56","date_gmt":"2019-11-07T10:17:56","guid":{"rendered":"https:\/\/www.casavio.com\/omgeving\/venezia-e-isole\/"},"modified":"2020-05-19T12:47:11","modified_gmt":"2020-05-19T10:47:11","slug":"venetie-en-eilanden","status":"publish","type":"page","link":"https:\/\/www.casavio.com\/nl\/omgeving\/venetie-en-eilanden\/","title":{"rendered":"Veneti\u00eb en de eilanden"},"content":{"rendered":"<p>Camping Ca\u2019Savio kijkt uit op zee en de lagune van Veneti\u00eb ligt er net achter. Het stadscentrum is gemakkelijk per boot bereikbaar. Lees hieronder alle informatie en handige tips om uw bezoek te plannen.<\/p>\n","protected":false},"excerpt":{"rendered":"<p>Hier vindt u alle informatie om Veneti\u00eb te bezoeken tijdens uw verblijf op Camping Ca&#8217;Savio.<\/p>\n","protected":false},"author":3,"featured_media":4653,"parent":11538,"menu_order":79,"comment_status":"closed","ping_status":"closed","template":"templates\/tpl-children-with-intro.php","meta":{"_acf_changed":false},"class_list":["post-11619","page","type-page","status-publish","has-post-thumbnail","hentry"],"acf":[],"yoast_head":"<!-- This site is optimized with the Yoast SEO plugin v25.3 - https:\/\/yoast.com\/wordpress\/plugins\/seo\/ -->\n<title>Bezoek Veneti\u00eb en de lagune vanaf Cavallino Treporti &#8211; Camping Ca&#039; Savio<\/title>\n<meta name=\"description\" content=\"Het beroemde Veneti\u00eb en zijn lagune kunt u niet missen! Ca&#039; Savio is het ideale vertrekpunt als u Veneti\u00eb wilt bezoeken.\" \/>\n<meta name=\"robots\" content=\"index, follow, max-snippet:-1, max-image-preview:large, max-video-preview:-1\" \/>\n<link rel=\"canonical\" href=\"https:\/\/www.casavio.com\/nl\/omgeving\/venetie-en-eilanden\/\" \/>\n<meta property=\"og:locale\" content=\"nl_NL\" \/>\n<meta property=\"og:type\" content=\"article\" \/>\n<meta property=\"og:title\" content=\"Bezoek Veneti\u00eb en de lagune vanaf Cavallino Treporti &#8211; Camping Ca&#039; Savio\" \/>\n<meta property=\"og:description\" content=\"Het beroemde Veneti\u00eb en zijn lagune kunt u niet missen! Ca&#039; Savio is het ideale vertrekpunt als u Veneti\u00eb wilt bezoeken.\" \/>\n<meta property=\"og:url\" content=\"https:\/\/www.casavio.com\/nl\/omgeving\/venetie-en-eilanden\/\" \/>\n<meta property=\"og:site_name\" content=\"Camping Ca&#039; Savio\" \/>\n<meta property=\"article:publisher\" content=\"https:\/\/www.facebook.com\/campingcasavio\" \/>\n<meta property=\"article:modified_time\" content=\"2020-05-19T10:47:11+00:00\" \/>\n<meta property=\"og:image\" content=\"https:\/\/www.casavio.com\/wp-content\/uploads\/2019\/11\/ca-savio-territorio-venezia.jpg\" \/>\n\t<meta property=\"og:image:width\" content=\"440\" \/>\n\t<meta property=\"og:image:height\" content=\"600\" \/>\n\t<meta property=\"og:image:type\" content=\"image\/jpeg\" \/>\n<meta name=\"twitter:card\" content=\"summary_large_image\" \/>\n<script type=\"application\/ld+json\" class=\"yoast-schema-graph\">{\"@context\":\"https:\/\/schema.org\",\"@graph\":[{\"@type\":\"WebPage\",\"@id\":\"https:\/\/www.casavio.com\/nl\/omgeving\/venetie-en-eilanden\/\",\"url\":\"https:\/\/www.casavio.com\/nl\/omgeving\/venetie-en-eilanden\/\",\"name\":\"Bezoek Veneti\u00eb en de lagune vanaf Cavallino Treporti &#8211; Camping Ca&#039; Savio\",\"isPartOf\":{\"@id\":\"https:\/\/www.casavio.com\/nl\/#website\"},\"primaryImageOfPage\":{\"@id\":\"https:\/\/www.casavio.com\/nl\/omgeving\/venetie-en-eilanden\/#primaryimage\"},\"image\":{\"@id\":\"https:\/\/www.casavio.com\/nl\/omgeving\/venetie-en-eilanden\/#primaryimage\"},\"thumbnailUrl\":\"https:\/\/www.casavio.com\/wp-content\/uploads\/2019\/11\/ca-savio-territorio-venezia.jpg\",\"datePublished\":\"2019-11-07T10:17:56+00:00\",\"dateModified\":\"2020-05-19T10:47:11+00:00\",\"description\":\"Het beroemde Veneti\u00eb en zijn lagune kunt u niet missen! Ca' Savio is het ideale vertrekpunt als u Veneti\u00eb wilt bezoeken.\",\"breadcrumb\":{\"@id\":\"https:\/\/www.casavio.com\/nl\/omgeving\/venetie-en-eilanden\/#breadcrumb\"},\"inLanguage\":\"nl-NL\",\"potentialAction\":[{\"@type\":\"ReadAction\",\"target\":[\"https:\/\/www.casavio.com\/nl\/omgeving\/venetie-en-eilanden\/\"]}]},{\"@type\":\"ImageObject\",\"inLanguage\":\"nl-NL\",\"@id\":\"https:\/\/www.casavio.com\/nl\/omgeving\/venetie-en-eilanden\/#primaryimage\",\"url\":\"https:\/\/www.casavio.com\/wp-content\/uploads\/2019\/11\/ca-savio-territorio-venezia.jpg\",\"contentUrl\":\"https:\/\/www.casavio.com\/wp-content\/uploads\/2019\/11\/ca-savio-territorio-venezia.jpg\",\"width\":440,\"height\":600},{\"@type\":\"BreadcrumbList\",\"@id\":\"https:\/\/www.casavio.com\/nl\/omgeving\/venetie-en-eilanden\/#breadcrumb\",\"itemListElement\":[{\"@type\":\"ListItem\",\"position\":1,\"name\":\"Home\",\"item\":\"https:\/\/www.casavio.com\/nl\/\"},{\"@type\":\"ListItem\",\"position\":2,\"name\":\"Omgeving\",\"item\":\"https:\/\/www.casavio.com\/nl\/omgeving\/\"},{\"@type\":\"ListItem\",\"position\":3,\"name\":\"Veneti\u00eb en de eilanden\"}]},{\"@type\":\"WebSite\",\"@id\":\"https:\/\/www.casavio.com\/nl\/#website\",\"url\":\"https:\/\/www.casavio.com\/nl\/\",\"name\":\"Camping Ca&#039; Savio\",\"description\":\"\",\"publisher\":{\"@id\":\"https:\/\/www.casavio.com\/nl\/#organization\"},\"potentialAction\":[{\"@type\":\"SearchAction\",\"target\":{\"@type\":\"EntryPoint\",\"urlTemplate\":\"https:\/\/www.casavio.com\/nl\/?s={search_term_string}\"},\"query-input\":{\"@type\":\"PropertyValueSpecification\",\"valueRequired\":true,\"valueName\":\"search_term_string\"}}],\"inLanguage\":\"nl-NL\"},{\"@type\":\"Organization\",\"@id\":\"https:\/\/www.casavio.com\/nl\/#organization\",\"name\":\"Camping Ca'Savio\",\"url\":\"https:\/\/www.casavio.com\/nl\/\",\"logo\":{\"@type\":\"ImageObject\",\"inLanguage\":\"nl-NL\",\"@id\":\"https:\/\/www.casavio.com\/nl\/#\/schema\/logo\/image\/\",\"url\":\"https:\/\/www.casavio.com\/wp-content\/uploads\/2024\/04\/favicon.png\",\"contentUrl\":\"https:\/\/www.casavio.com\/wp-content\/uploads\/2024\/04\/favicon.png\",\"width\":144,\"height\":144,\"caption\":\"Camping Ca'Savio\"},\"image\":{\"@id\":\"https:\/\/www.casavio.com\/nl\/#\/schema\/logo\/image\/\"},\"sameAs\":[\"https:\/\/www.facebook.com\/campingcasavio\",\"https:\/\/www.instagram.com\/campingcasavio\",\"https:\/\/www.youtube.com\/user\/campingcasavio\"]}]}<\/script>\n<!-- \/ Yoast SEO plugin. -->","yoast_head_json":{"title":"Bezoek Veneti\u00eb en de lagune vanaf Cavallino Treporti &#8211; Camping Ca&#039; Savio","description":"Het beroemde Veneti\u00eb en zijn lagune kunt u niet missen! Ca' Savio is het ideale vertrekpunt als u Veneti\u00eb wilt bezoeken.","robots":{"index":"index","follow":"follow","max-snippet":"max-snippet:-1","max-image-preview":"max-image-preview:large","max-video-preview":"max-video-preview:-1"},"canonical":"https:\/\/www.casavio.com\/nl\/omgeving\/venetie-en-eilanden\/","og_locale":"nl_NL","og_type":"article","og_title":"Bezoek Veneti\u00eb en de lagune vanaf Cavallino Treporti &#8211; Camping Ca&#039; Savio","og_description":"Het beroemde Veneti\u00eb en zijn lagune kunt u niet missen! Ca' Savio is het ideale vertrekpunt als u Veneti\u00eb wilt bezoeken.","og_url":"https:\/\/www.casavio.com\/nl\/omgeving\/venetie-en-eilanden\/","og_site_name":"Camping Ca&#039; Savio","article_publisher":"https:\/\/www.facebook.com\/campingcasavio","article_modified_time":"2020-05-19T10:47:11+00:00","og_image":[{"width":440,"height":600,"url":"https:\/\/www.casavio.com\/wp-content\/uploads\/2019\/11\/ca-savio-territorio-venezia.jpg","type":"image\/jpeg"}],"twitter_card":"summary_large_image","schema":{"@context":"https:\/\/schema.org","@graph":[{"@type":"WebPage","@id":"https:\/\/www.casavio.com\/nl\/omgeving\/venetie-en-eilanden\/","url":"https:\/\/www.casavio.com\/nl\/omgeving\/venetie-en-eilanden\/","name":"Bezoek Veneti\u00eb en de lagune vanaf Cavallino Treporti &#8211; Camping Ca&#039; Savio","isPartOf":{"@id":"https:\/\/www.casavio.com\/nl\/#website"},"primaryImageOfPage":{"@id":"https:\/\/www.casavio.com\/nl\/omgeving\/venetie-en-eilanden\/#primaryimage"},"image":{"@id":"https:\/\/www.casavio.com\/nl\/omgeving\/venetie-en-eilanden\/#primaryimage"},"thumbnailUrl":"https:\/\/www.casavio.com\/wp-content\/uploads\/2019\/11\/ca-savio-territorio-venezia.jpg","datePublished":"2019-11-07T10:17:56+00:00","dateModified":"2020-05-19T10:47:11+00:00","description":"Het beroemde Veneti\u00eb en zijn lagune kunt u niet missen! Ca' Savio is het ideale vertrekpunt als u Veneti\u00eb wilt bezoeken.","breadcrumb":{"@id":"https:\/\/www.casavio.com\/nl\/omgeving\/venetie-en-eilanden\/#breadcrumb"},"inLanguage":"nl-NL","potentialAction":[{"@type":"ReadAction","target":["https:\/\/www.casavio.com\/nl\/omgeving\/venetie-en-eilanden\/"]}]},{"@type":"ImageObject","inLanguage":"nl-NL","@id":"https:\/\/www.casavio.com\/nl\/omgeving\/venetie-en-eilanden\/#primaryimage","url":"https:\/\/www.casavio.com\/wp-content\/uploads\/2019\/11\/ca-savio-territorio-venezia.jpg","contentUrl":"https:\/\/www.casavio.com\/wp-content\/uploads\/2019\/11\/ca-savio-territorio-venezia.jpg","width":440,"height":600},{"@type":"BreadcrumbList","@id":"https:\/\/www.casavio.com\/nl\/omgeving\/venetie-en-eilanden\/#breadcrumb","itemListElement":[{"@type":"ListItem","position":1,"name":"Home","item":"https:\/\/www.casavio.com\/nl\/"},{"@type":"ListItem","position":2,"name":"Omgeving","item":"https:\/\/www.casavio.com\/nl\/omgeving\/"},{"@type":"ListItem","position":3,"name":"Veneti\u00eb en de eilanden"}]},{"@type":"WebSite","@id":"https:\/\/www.casavio.com\/nl\/#website","url":"https:\/\/www.casavio.com\/nl\/","name":"Camping Ca&#039; Savio","description":"","publisher":{"@id":"https:\/\/www.casavio.com\/nl\/#organization"},"potentialAction":[{"@type":"SearchAction","target":{"@type":"EntryPoint","urlTemplate":"https:\/\/www.casavio.com\/nl\/?s={search_term_string}"},"query-input":{"@type":"PropertyValueSpecification","valueRequired":true,"valueName":"search_term_string"}}],"inLanguage":"nl-NL"},{"@type":"Organization","@id":"https:\/\/www.casavio.com\/nl\/#organization","name":"Camping Ca'Savio","url":"https:\/\/www.casavio.com\/nl\/","logo":{"@type":"ImageObject","inLanguage":"nl-NL","@id":"https:\/\/www.casavio.com\/nl\/#\/schema\/logo\/image\/","url":"https:\/\/www.casavio.com\/wp-content\/uploads\/2024\/04\/favicon.png","contentUrl":"https:\/\/www.casavio.com\/wp-content\/uploads\/2024\/04\/favicon.png","width":144,"height":144,"caption":"Camping Ca'Savio"},"image":{"@id":"https:\/\/www.casavio.com\/nl\/#\/schema\/logo\/image\/"},"sameAs":["https:\/\/www.facebook.com\/campingcasavio","https:\/\/www.instagram.com\/campingcasavio","https:\/\/www.youtube.com\/user\/campingcasavio"]}]}},"_links":{"self":[{"href":"https:\/\/www.casavio.com\/nl\/wp-json\/wp\/v2\/pages\/11619","targetHints":{"allow":["GET"]}}],"collection":[{"href":"https:\/\/www.casavio.com\/nl\/wp-json\/wp\/v2\/pages"}],"about":[{"href":"https:\/\/www.casavio.com\/nl\/wp-json\/wp\/v2\/types\/page"}],"author":[{"embeddable":true,"href":"https:\/\/www.casavio.com\/nl\/wp-json\/wp\/v2\/users\/3"}],"replies":[{"embeddable":true,"href":"https:\/\/www.casavio.com\/nl\/wp-json\/wp\/v2\/comments?post=11619"}],"version-history":[{"count":1,"href":"https:\/\/www.casavio.com\/nl\/wp-json\/wp\/v2\/pages\/11619\/revisions"}],"predecessor-version":[{"id":11620,"href":"https:\/\/www.casavio.com\/nl\/wp-json\/wp\/v2\/pages\/11619\/revisions\/11620"}],"up":[{"embeddable":true,"href":"https:\/\/www.casavio.com\/nl\/wp-json\/wp\/v2\/pages\/11538"}],"wp:featuredmedia":[{"embeddable":true,"href":"https:\/\/www.casavio.com\/nl\/wp-json\/wp\/v2\/media\/4653"}],"wp:attachment":[{"href":"https:\/\/www.casavio.com\/nl\/wp-json\/wp\/v2\/media?parent=11619"}],"curies":[{"name":"wp","href":"https:\/\/api.w.org\/{rel}","templated":true}]}}