{"id":10136,"date":"2019-10-21T15:24:44","date_gmt":"2019-10-21T13:24:44","guid":{"rendered":"https:\/\/www.casavio.com\/nasz-kemping\/filosofia\/"},"modified":"2022-09-27T12:17:18","modified_gmt":"2022-09-27T10:17:18","slug":"filozofia","status":"publish","type":"page","link":"https:\/\/www.casavio.com\/pl\/nasz-kemping\/filozofia\/","title":{"rendered":"Nasza filozofia"},"content":{"rendered":"<p>Wakacje to o wiele wi\u0119cej ni\u017c cel podr\u00f3\u017cy, dla nas oznaczaj\u0105 one <strong>wolno\u015b\u0107<\/strong>, czas na odnalezienie samych siebie i oderwanie si\u0119 od gor\u0105czkowej codzienno\u015bci, sp\u0119dzany z rodzin\u0105 lub przyjaci\u00f3\u0142mi w <strong>relaksuj\u0105cym i nieformalnym<\/strong> otoczeniu. Przebywanie w otoczeniu <strong>przyrody<\/strong>, s\u0142uchanie szumu fal i poczucie, \u017ce <strong>troszczymy si\u0119 o Ciebie<\/strong>, to nasze najwa\u017cniejsze sk\u0142adniki, kt\u00f3re sprawi\u0105, \u017ce prze\u017cyjesz prawdziwe wakacje na \u015bwie\u017cym powietrzu.<\/p>\n<p>We believe in our philosophy and values, they are our guideline to keep providing our guests with holidays that make memories. In order to be able to continue this for many years, we have together with our <a href=\"https:\/\/www.casavio.com\/pl\/blog\/news\/exciting-partnership-announcement\/\"><b>partner Monviso Institute<\/b><\/a> rephrased our most important values:<\/p>\n<ol>\n<li aria-level=\"1\">We want to co-create and share unique experiences with our guests.<\/li>\n<li aria-level=\"1\">Our guests are at the centre of everything we do and we create a culture of warmth and belonging, where everyone is welcome.<\/li>\n<li aria-level=\"1\">We know we leave a footprint on nature and the local communities \u2013 we aim to make it as much of a <b>positive footprint<\/b> as possible.<\/li>\n<li aria-level=\"1\">One of our long-term goals is <b>to preserve the natural and social environment here<\/b>, and to <b>design a regenerative campsite<\/b>.<\/li>\n<li aria-level=\"1\">We share the<b> Global Sustainable Development Goals <\/b>and we aim to make them part of our culture.<\/li>\n<\/ol>\n<p>A Ca\u2019Savio experience in close connection with the campsite, with nature and the people is done together and we would like all of us to collaborate on the <b>journey to sustain this campsite and make us <a href=\"https:\/\/www.casavio.com\/pl\/nasz-kemping\/on-a-journey-towards-a-future-ready-campsite-tourism\/\">future-ready<\/a><\/b>.<\/p>\n","protected":false},"excerpt":{"rendered":"<p>Wakacje to o wiele wi\u0119cej ni\u017c cel podr\u00f3\u017cy i kemping, dzi\u015b jest to spos\u00f3b na wyra\u017cenie siebie i ponowne odkrycie swojej to\u017csamo\u015bci, na nauk\u0119 i nowe do\u015bwiadczenia. Kemping Ca\u2019Savio chce by\u0107 integraln\u0105 cz\u0119\u015bci\u0105 tej podr\u00f3\u017cy. Wierzymy, \u017ce tworzenie <strong>silnej wi\u0119zi z natur\u0105 <\/strong> i troska o naszych go\u015bci jest najlepszym sposobem na zaoferowanie autentycznych wakacyjnych prze\u017cy\u0107. Znajdziesz tu <strong>go\u015bcinno\u015b\u0107 i rodzinne przyj\u0119cie<\/strong>, dzi\u0119ki kt\u00f3rym ka\u017cdy czuje si\u0119 mile widziany i mo\u017ce znale\u017a\u0107 najbardziej odpowiedni dla siebie wymiar, pozwalaj\u0105cy mu oderwa\u0107 si\u0119 od codzienno\u015bci i odnale\u017a\u0107 siebie. <\/p>\n","protected":false},"author":2,"featured_media":7851,"parent":10133,"menu_order":3,"comment_status":"closed","ping_status":"closed","template":"","meta":{"_acf_changed":false},"class_list":["post-10136","page","type-page","status-publish","has-post-thumbnail","hentry"],"acf":[],"yoast_head":"<!-- This site is optimized with the Yoast SEO plugin v25.3 - https:\/\/yoast.com\/wordpress\/plugins\/seo\/ -->\n<title>Filozofia naszego kempingu &#8211; Camping Ca&#039; Savio<\/title>\n<meta name=\"description\" content=\"Nasz\u0105 filozofi\u0119 mo\u017cna stre\u015bci\u0107 w kilku prostych poj\u0119ciach: swoboda, relaks, relacja z natur\u0105 i czas bycia razem.\" \/>\n<meta name=\"robots\" content=\"index, follow, max-snippet:-1, max-image-preview:large, max-video-preview:-1\" \/>\n<link rel=\"canonical\" href=\"https:\/\/www.casavio.com\/pl\/nasz-kemping\/filozofia\/\" \/>\n<meta property=\"og:locale\" content=\"pl_PL\" \/>\n<meta property=\"og:type\" content=\"article\" \/>\n<meta property=\"og:title\" content=\"Filozofia naszego kempingu &#8211; Camping Ca&#039; Savio\" \/>\n<meta property=\"og:description\" content=\"Nasz\u0105 filozofi\u0119 mo\u017cna stre\u015bci\u0107 w kilku prostych poj\u0119ciach: swoboda, relaks, relacja z natur\u0105 i czas bycia razem.\" \/>\n<meta property=\"og:url\" content=\"https:\/\/www.casavio.com\/pl\/nasz-kemping\/filozofia\/\" \/>\n<meta property=\"og:site_name\" content=\"Camping Ca&#039; Savio\" \/>\n<meta property=\"article:publisher\" content=\"https:\/\/www.facebook.com\/campingcasavio\" \/>\n<meta property=\"article:modified_time\" content=\"2022-09-27T10:17:18+00:00\" \/>\n<meta property=\"og:image\" content=\"https:\/\/www.casavio.com\/wp-content\/uploads\/2020\/02\/00.-Home_La-nostra-_filosofia_-900x600-copy.jpg\" \/>\n\t<meta property=\"og:image:width\" content=\"900\" \/>\n\t<meta property=\"og:image:height\" content=\"600\" \/>\n\t<meta property=\"og:image:type\" content=\"image\/jpeg\" \/>\n<meta name=\"twitter:card\" content=\"summary_large_image\" \/>\n<meta name=\"twitter:label1\" content=\"Szacowany czas czytania\" \/>\n\t<meta name=\"twitter:data1\" content=\"2 minuty\" \/>\n<script type=\"application\/ld+json\" class=\"yoast-schema-graph\">{\"@context\":\"https:\/\/schema.org\",\"@graph\":[{\"@type\":\"WebPage\",\"@id\":\"https:\/\/www.casavio.com\/pl\/nasz-kemping\/filozofia\/\",\"url\":\"https:\/\/www.casavio.com\/pl\/nasz-kemping\/filozofia\/\",\"name\":\"Filozofia naszego kempingu &#8211; Camping Ca&#039; Savio\",\"isPartOf\":{\"@id\":\"https:\/\/www.casavio.com\/pl\/#website\"},\"primaryImageOfPage\":{\"@id\":\"https:\/\/www.casavio.com\/pl\/nasz-kemping\/filozofia\/#primaryimage\"},\"image\":{\"@id\":\"https:\/\/www.casavio.com\/pl\/nasz-kemping\/filozofia\/#primaryimage\"},\"thumbnailUrl\":\"https:\/\/www.casavio.com\/wp-content\/uploads\/2020\/02\/00.-Home_La-nostra-_filosofia_-900x600-copy.jpg\",\"datePublished\":\"2019-10-21T13:24:44+00:00\",\"dateModified\":\"2022-09-27T10:17:18+00:00\",\"description\":\"Nasz\u0105 filozofi\u0119 mo\u017cna stre\u015bci\u0107 w kilku prostych poj\u0119ciach: swoboda, relaks, relacja z natur\u0105 i czas bycia razem.\",\"breadcrumb\":{\"@id\":\"https:\/\/www.casavio.com\/pl\/nasz-kemping\/filozofia\/#breadcrumb\"},\"inLanguage\":\"pl-PL\",\"potentialAction\":[{\"@type\":\"ReadAction\",\"target\":[\"https:\/\/www.casavio.com\/pl\/nasz-kemping\/filozofia\/\"]}]},{\"@type\":\"ImageObject\",\"inLanguage\":\"pl-PL\",\"@id\":\"https:\/\/www.casavio.com\/pl\/nasz-kemping\/filozofia\/#primaryimage\",\"url\":\"https:\/\/www.casavio.com\/wp-content\/uploads\/2020\/02\/00.-Home_La-nostra-_filosofia_-900x600-copy.jpg\",\"contentUrl\":\"https:\/\/www.casavio.com\/wp-content\/uploads\/2020\/02\/00.-Home_La-nostra-_filosofia_-900x600-copy.jpg\",\"width\":900,\"height\":600},{\"@type\":\"BreadcrumbList\",\"@id\":\"https:\/\/www.casavio.com\/pl\/nasz-kemping\/filozofia\/#breadcrumb\",\"itemListElement\":[{\"@type\":\"ListItem\",\"position\":1,\"name\":\"Home\",\"item\":\"https:\/\/www.casavio.com\/pl\/\"},{\"@type\":\"ListItem\",\"position\":2,\"name\":\"Nasz kemping\",\"item\":\"https:\/\/www.casavio.com\/pl\/nasz-kemping\/\"},{\"@type\":\"ListItem\",\"position\":3,\"name\":\"Nasza filozofia\"}]},{\"@type\":\"WebSite\",\"@id\":\"https:\/\/www.casavio.com\/pl\/#website\",\"url\":\"https:\/\/www.casavio.com\/pl\/\",\"name\":\"Camping Ca&#039; Savio\",\"description\":\"\",\"publisher\":{\"@id\":\"https:\/\/www.casavio.com\/pl\/#organization\"},\"potentialAction\":[{\"@type\":\"SearchAction\",\"target\":{\"@type\":\"EntryPoint\",\"urlTemplate\":\"https:\/\/www.casavio.com\/pl\/?s={search_term_string}\"},\"query-input\":{\"@type\":\"PropertyValueSpecification\",\"valueRequired\":true,\"valueName\":\"search_term_string\"}}],\"inLanguage\":\"pl-PL\"},{\"@type\":\"Organization\",\"@id\":\"https:\/\/www.casavio.com\/pl\/#organization\",\"name\":\"Camping Ca'Savio\",\"url\":\"https:\/\/www.casavio.com\/pl\/\",\"logo\":{\"@type\":\"ImageObject\",\"inLanguage\":\"pl-PL\",\"@id\":\"https:\/\/www.casavio.com\/pl\/#\/schema\/logo\/image\/\",\"url\":\"https:\/\/www.casavio.com\/wp-content\/uploads\/2024\/04\/favicon.png\",\"contentUrl\":\"https:\/\/www.casavio.com\/wp-content\/uploads\/2024\/04\/favicon.png\",\"width\":144,\"height\":144,\"caption\":\"Camping Ca'Savio\"},\"image\":{\"@id\":\"https:\/\/www.casavio.com\/pl\/#\/schema\/logo\/image\/\"},\"sameAs\":[\"https:\/\/www.facebook.com\/campingcasavio\",\"https:\/\/www.instagram.com\/campingcasavio\",\"https:\/\/www.youtube.com\/user\/campingcasavio\"]}]}<\/script>\n<!-- \/ Yoast SEO plugin. -->","yoast_head_json":{"title":"Filozofia naszego kempingu &#8211; Camping Ca&#039; Savio","description":"Nasz\u0105 filozofi\u0119 mo\u017cna stre\u015bci\u0107 w kilku prostych poj\u0119ciach: swoboda, relaks, relacja z natur\u0105 i czas bycia razem.","robots":{"index":"index","follow":"follow","max-snippet":"max-snippet:-1","max-image-preview":"max-image-preview:large","max-video-preview":"max-video-preview:-1"},"canonical":"https:\/\/www.casavio.com\/pl\/nasz-kemping\/filozofia\/","og_locale":"pl_PL","og_type":"article","og_title":"Filozofia naszego kempingu &#8211; Camping Ca&#039; Savio","og_description":"Nasz\u0105 filozofi\u0119 mo\u017cna stre\u015bci\u0107 w kilku prostych poj\u0119ciach: swoboda, relaks, relacja z natur\u0105 i czas bycia razem.","og_url":"https:\/\/www.casavio.com\/pl\/nasz-kemping\/filozofia\/","og_site_name":"Camping Ca&#039; Savio","article_publisher":"https:\/\/www.facebook.com\/campingcasavio","article_modified_time":"2022-09-27T10:17:18+00:00","og_image":[{"width":900,"height":600,"url":"https:\/\/www.casavio.com\/wp-content\/uploads\/2020\/02\/00.-Home_La-nostra-_filosofia_-900x600-copy.jpg","type":"image\/jpeg"}],"twitter_card":"summary_large_image","twitter_misc":{"Szacowany czas czytania":"2 minuty"},"schema":{"@context":"https:\/\/schema.org","@graph":[{"@type":"WebPage","@id":"https:\/\/www.casavio.com\/pl\/nasz-kemping\/filozofia\/","url":"https:\/\/www.casavio.com\/pl\/nasz-kemping\/filozofia\/","name":"Filozofia naszego kempingu &#8211; Camping Ca&#039; Savio","isPartOf":{"@id":"https:\/\/www.casavio.com\/pl\/#website"},"primaryImageOfPage":{"@id":"https:\/\/www.casavio.com\/pl\/nasz-kemping\/filozofia\/#primaryimage"},"image":{"@id":"https:\/\/www.casavio.com\/pl\/nasz-kemping\/filozofia\/#primaryimage"},"thumbnailUrl":"https:\/\/www.casavio.com\/wp-content\/uploads\/2020\/02\/00.-Home_La-nostra-_filosofia_-900x600-copy.jpg","datePublished":"2019-10-21T13:24:44+00:00","dateModified":"2022-09-27T10:17:18+00:00","description":"Nasz\u0105 filozofi\u0119 mo\u017cna stre\u015bci\u0107 w kilku prostych poj\u0119ciach: swoboda, relaks, relacja z natur\u0105 i czas bycia razem.","breadcrumb":{"@id":"https:\/\/www.casavio.com\/pl\/nasz-kemping\/filozofia\/#breadcrumb"},"inLanguage":"pl-PL","potentialAction":[{"@type":"ReadAction","target":["https:\/\/www.casavio.com\/pl\/nasz-kemping\/filozofia\/"]}]},{"@type":"ImageObject","inLanguage":"pl-PL","@id":"https:\/\/www.casavio.com\/pl\/nasz-kemping\/filozofia\/#primaryimage","url":"https:\/\/www.casavio.com\/wp-content\/uploads\/2020\/02\/00.-Home_La-nostra-_filosofia_-900x600-copy.jpg","contentUrl":"https:\/\/www.casavio.com\/wp-content\/uploads\/2020\/02\/00.-Home_La-nostra-_filosofia_-900x600-copy.jpg","width":900,"height":600},{"@type":"BreadcrumbList","@id":"https:\/\/www.casavio.com\/pl\/nasz-kemping\/filozofia\/#breadcrumb","itemListElement":[{"@type":"ListItem","position":1,"name":"Home","item":"https:\/\/www.casavio.com\/pl\/"},{"@type":"ListItem","position":2,"name":"Nasz kemping","item":"https:\/\/www.casavio.com\/pl\/nasz-kemping\/"},{"@type":"ListItem","position":3,"name":"Nasza filozofia"}]},{"@type":"WebSite","@id":"https:\/\/www.casavio.com\/pl\/#website","url":"https:\/\/www.casavio.com\/pl\/","name":"Camping Ca&#039; Savio","description":"","publisher":{"@id":"https:\/\/www.casavio.com\/pl\/#organization"},"potentialAction":[{"@type":"SearchAction","target":{"@type":"EntryPoint","urlTemplate":"https:\/\/www.casavio.com\/pl\/?s={search_term_string}"},"query-input":{"@type":"PropertyValueSpecification","valueRequired":true,"valueName":"search_term_string"}}],"inLanguage":"pl-PL"},{"@type":"Organization","@id":"https:\/\/www.casavio.com\/pl\/#organization","name":"Camping Ca'Savio","url":"https:\/\/www.casavio.com\/pl\/","logo":{"@type":"ImageObject","inLanguage":"pl-PL","@id":"https:\/\/www.casavio.com\/pl\/#\/schema\/logo\/image\/","url":"https:\/\/www.casavio.com\/wp-content\/uploads\/2024\/04\/favicon.png","contentUrl":"https:\/\/www.casavio.com\/wp-content\/uploads\/2024\/04\/favicon.png","width":144,"height":144,"caption":"Camping Ca'Savio"},"image":{"@id":"https:\/\/www.casavio.com\/pl\/#\/schema\/logo\/image\/"},"sameAs":["https:\/\/www.facebook.com\/campingcasavio","https:\/\/www.instagram.com\/campingcasavio","https:\/\/www.youtube.com\/user\/campingcasavio"]}]}},"_links":{"self":[{"href":"https:\/\/www.casavio.com\/pl\/wp-json\/wp\/v2\/pages\/10136","targetHints":{"allow":["GET"]}}],"collection":[{"href":"https:\/\/www.casavio.com\/pl\/wp-json\/wp\/v2\/pages"}],"about":[{"href":"https:\/\/www.casavio.com\/pl\/wp-json\/wp\/v2\/types\/page"}],"author":[{"embeddable":true,"href":"https:\/\/www.casavio.com\/pl\/wp-json\/wp\/v2\/users\/2"}],"replies":[{"embeddable":true,"href":"https:\/\/www.casavio.com\/pl\/wp-json\/wp\/v2\/comments?post=10136"}],"version-history":[{"count":2,"href":"https:\/\/www.casavio.com\/pl\/wp-json\/wp\/v2\/pages\/10136\/revisions"}],"predecessor-version":[{"id":25536,"href":"https:\/\/www.casavio.com\/pl\/wp-json\/wp\/v2\/pages\/10136\/revisions\/25536"}],"up":[{"embeddable":true,"href":"https:\/\/www.casavio.com\/pl\/wp-json\/wp\/v2\/pages\/10133"}],"wp:featuredmedia":[{"embeddable":true,"href":"https:\/\/www.casavio.com\/pl\/wp-json\/wp\/v2\/media\/7851"}],"wp:attachment":[{"href":"https:\/\/www.casavio.com\/pl\/wp-json\/wp\/v2\/media?parent=10136"}],"curies":[{"name":"wp","href":"https:\/\/api.w.org\/{rel}","templated":true}]}}