{"id":10180,"date":"2019-11-07T10:49:56","date_gmt":"2019-11-07T09:49:56","guid":{"rendered":"https:\/\/www.casavio.com\/uslugi\/uslugi-wliczone-w-cene\/reception\/"},"modified":"2024-10-03T14:00:50","modified_gmt":"2024-10-03T12:00:50","slug":"recepcja","status":"publish","type":"page","link":"https:\/\/www.casavio.com\/pl\/uslugi\/uslugi-wliczone-w-cene\/recepcja\/","title":{"rendered":"Recepcja"},"content":{"rendered":"<p>Witamy na Kempingu Ca\u2019Savio!<br \/>\nW naszej Recepcji, przestronnym miejscu z przeszklonymi drzwiami i du\u017cymi oknami, otoczonym zieleni\u0105, w kt\u00f3rym od razu mo\u017cna odetchn\u0105\u0107 wakacyjn\u0105 atmosfer\u0105, spotkasz got\u00f3w do pomocy zesp\u00f3\u0142, do Twojej ca\u0142kowitej dyspozycji, nie tylko przy zameldowaniu i wymeldowaniu, ale podczas ca\u0142ego pobytu.<\/p>\n","protected":false},"excerpt":{"rendered":"<p>Miejsce, w kt\u00f3rym zostaniesz powitany w dniu przyjazdu, dokonasz zameldowania i gdzie po\u017cegnasz si\u0119 przy wymeldowaniu. <\/p>\n","protected":false},"author":3,"featured_media":35715,"parent":10162,"menu_order":37,"comment_status":"closed","ping_status":"closed","template":"","meta":{"_acf_changed":false},"class_list":["post-10180","page","type-page","status-publish","has-post-thumbnail","hentry"],"acf":[],"yoast_head":"<!-- This site is optimized with the Yoast SEO plugin v25.3 - https:\/\/yoast.com\/wordpress\/plugins\/seo\/ -->\n<title>Recepcja | Witamy na Kempingu Ca\u2019 Savio<\/title>\n<meta name=\"description\" content=\"W naszej recepcji spotkasz got\u00f3w do pomocy zesp\u00f3\u0142, do Twojej ca\u0142kowitej dyspozycji, nie tylko przy zameldowaniu i wymeldowaniu, ale podczas ca\u0142ego pobytu.\" \/>\n<meta name=\"robots\" content=\"index, follow, max-snippet:-1, max-image-preview:large, max-video-preview:-1\" \/>\n<link rel=\"canonical\" href=\"https:\/\/www.casavio.com\/pl\/uslugi\/uslugi-wliczone-w-cene\/recepcja\/\" \/>\n<meta property=\"og:locale\" content=\"pl_PL\" \/>\n<meta property=\"og:type\" content=\"article\" \/>\n<meta property=\"og:title\" content=\"Recepcja | Witamy na Kempingu Ca\u2019 Savio\" \/>\n<meta property=\"og:description\" content=\"W naszej recepcji spotkasz got\u00f3w do pomocy zesp\u00f3\u0142, do Twojej ca\u0142kowitej dyspozycji, nie tylko przy zameldowaniu i wymeldowaniu, ale podczas ca\u0142ego pobytu.\" \/>\n<meta property=\"og:url\" content=\"https:\/\/www.casavio.com\/pl\/uslugi\/uslugi-wliczone-w-cene\/recepcja\/\" \/>\n<meta property=\"og:site_name\" content=\"Camping Ca&#039; Savio\" \/>\n<meta property=\"article:publisher\" content=\"https:\/\/www.facebook.com\/campingcasavio\" \/>\n<meta property=\"article:modified_time\" content=\"2024-10-03T12:00:50+00:00\" \/>\n<meta property=\"og:image\" content=\"https:\/\/www.casavio.com\/wp-content\/uploads\/2024\/10\/reception_ev.jpg\" \/>\n\t<meta property=\"og:image:width\" content=\"440\" \/>\n\t<meta property=\"og:image:height\" content=\"600\" \/>\n\t<meta property=\"og:image:type\" content=\"image\/jpeg\" \/>\n<meta name=\"twitter:card\" content=\"summary_large_image\" \/>\n<meta name=\"twitter:label1\" content=\"Szacowany czas czytania\" \/>\n\t<meta name=\"twitter:data1\" content=\"1 minuta\" \/>\n<script type=\"application\/ld+json\" class=\"yoast-schema-graph\">{\"@context\":\"https:\/\/schema.org\",\"@graph\":[{\"@type\":\"WebPage\",\"@id\":\"https:\/\/www.casavio.com\/pl\/uslugi\/uslugi-wliczone-w-cene\/recepcja\/\",\"url\":\"https:\/\/www.casavio.com\/pl\/uslugi\/uslugi-wliczone-w-cene\/recepcja\/\",\"name\":\"Recepcja | Witamy na Kempingu Ca\u2019 Savio\",\"isPartOf\":{\"@id\":\"https:\/\/www.casavio.com\/pl\/#website\"},\"primaryImageOfPage\":{\"@id\":\"https:\/\/www.casavio.com\/pl\/uslugi\/uslugi-wliczone-w-cene\/recepcja\/#primaryimage\"},\"image\":{\"@id\":\"https:\/\/www.casavio.com\/pl\/uslugi\/uslugi-wliczone-w-cene\/recepcja\/#primaryimage\"},\"thumbnailUrl\":\"https:\/\/www.casavio.com\/wp-content\/uploads\/2024\/10\/reception_ev.jpg\",\"datePublished\":\"2019-11-07T09:49:56+00:00\",\"dateModified\":\"2024-10-03T12:00:50+00:00\",\"description\":\"W naszej recepcji spotkasz got\u00f3w do pomocy zesp\u00f3\u0142, do Twojej ca\u0142kowitej dyspozycji, nie tylko przy zameldowaniu i wymeldowaniu, ale podczas ca\u0142ego pobytu.\",\"breadcrumb\":{\"@id\":\"https:\/\/www.casavio.com\/pl\/uslugi\/uslugi-wliczone-w-cene\/recepcja\/#breadcrumb\"},\"inLanguage\":\"pl-PL\",\"potentialAction\":[{\"@type\":\"ReadAction\",\"target\":[\"https:\/\/www.casavio.com\/pl\/uslugi\/uslugi-wliczone-w-cene\/recepcja\/\"]}]},{\"@type\":\"ImageObject\",\"inLanguage\":\"pl-PL\",\"@id\":\"https:\/\/www.casavio.com\/pl\/uslugi\/uslugi-wliczone-w-cene\/recepcja\/#primaryimage\",\"url\":\"https:\/\/www.casavio.com\/wp-content\/uploads\/2024\/10\/reception_ev.jpg\",\"contentUrl\":\"https:\/\/www.casavio.com\/wp-content\/uploads\/2024\/10\/reception_ev.jpg\",\"width\":440,\"height\":600},{\"@type\":\"BreadcrumbList\",\"@id\":\"https:\/\/www.casavio.com\/pl\/uslugi\/uslugi-wliczone-w-cene\/recepcja\/#breadcrumb\",\"itemListElement\":[{\"@type\":\"ListItem\",\"position\":1,\"name\":\"Home\",\"item\":\"https:\/\/www.casavio.com\/pl\/\"},{\"@type\":\"ListItem\",\"position\":2,\"name\":\"Us\u0142ugi\",\"item\":\"https:\/\/www.casavio.com\/pl\/uslugi\/\"},{\"@type\":\"ListItem\",\"position\":3,\"name\":\"Us\u0142ugi wliczone w cen\u0119\",\"item\":\"https:\/\/www.casavio.com\/pl\/uslugi\/uslugi-wliczone-w-cene\/\"},{\"@type\":\"ListItem\",\"position\":4,\"name\":\"Recepcja\"}]},{\"@type\":\"WebSite\",\"@id\":\"https:\/\/www.casavio.com\/pl\/#website\",\"url\":\"https:\/\/www.casavio.com\/pl\/\",\"name\":\"Camping Ca&#039; Savio\",\"description\":\"\",\"publisher\":{\"@id\":\"https:\/\/www.casavio.com\/pl\/#organization\"},\"potentialAction\":[{\"@type\":\"SearchAction\",\"target\":{\"@type\":\"EntryPoint\",\"urlTemplate\":\"https:\/\/www.casavio.com\/pl\/?s={search_term_string}\"},\"query-input\":{\"@type\":\"PropertyValueSpecification\",\"valueRequired\":true,\"valueName\":\"search_term_string\"}}],\"inLanguage\":\"pl-PL\"},{\"@type\":\"Organization\",\"@id\":\"https:\/\/www.casavio.com\/pl\/#organization\",\"name\":\"Camping Ca'Savio\",\"url\":\"https:\/\/www.casavio.com\/pl\/\",\"logo\":{\"@type\":\"ImageObject\",\"inLanguage\":\"pl-PL\",\"@id\":\"https:\/\/www.casavio.com\/pl\/#\/schema\/logo\/image\/\",\"url\":\"https:\/\/www.casavio.com\/wp-content\/uploads\/2024\/04\/favicon.png\",\"contentUrl\":\"https:\/\/www.casavio.com\/wp-content\/uploads\/2024\/04\/favicon.png\",\"width\":144,\"height\":144,\"caption\":\"Camping Ca'Savio\"},\"image\":{\"@id\":\"https:\/\/www.casavio.com\/pl\/#\/schema\/logo\/image\/\"},\"sameAs\":[\"https:\/\/www.facebook.com\/campingcasavio\",\"https:\/\/www.instagram.com\/campingcasavio\",\"https:\/\/www.youtube.com\/user\/campingcasavio\"]}]}<\/script>\n<!-- \/ Yoast SEO plugin. -->","yoast_head_json":{"title":"Recepcja | Witamy na Kempingu Ca\u2019 Savio","description":"W naszej recepcji spotkasz got\u00f3w do pomocy zesp\u00f3\u0142, do Twojej ca\u0142kowitej dyspozycji, nie tylko przy zameldowaniu i wymeldowaniu, ale podczas ca\u0142ego pobytu.","robots":{"index":"index","follow":"follow","max-snippet":"max-snippet:-1","max-image-preview":"max-image-preview:large","max-video-preview":"max-video-preview:-1"},"canonical":"https:\/\/www.casavio.com\/pl\/uslugi\/uslugi-wliczone-w-cene\/recepcja\/","og_locale":"pl_PL","og_type":"article","og_title":"Recepcja | Witamy na Kempingu Ca\u2019 Savio","og_description":"W naszej recepcji spotkasz got\u00f3w do pomocy zesp\u00f3\u0142, do Twojej ca\u0142kowitej dyspozycji, nie tylko przy zameldowaniu i wymeldowaniu, ale podczas ca\u0142ego pobytu.","og_url":"https:\/\/www.casavio.com\/pl\/uslugi\/uslugi-wliczone-w-cene\/recepcja\/","og_site_name":"Camping Ca&#039; Savio","article_publisher":"https:\/\/www.facebook.com\/campingcasavio","article_modified_time":"2024-10-03T12:00:50+00:00","og_image":[{"width":440,"height":600,"url":"https:\/\/www.casavio.com\/wp-content\/uploads\/2024\/10\/reception_ev.jpg","type":"image\/jpeg"}],"twitter_card":"summary_large_image","twitter_misc":{"Szacowany czas czytania":"1 minuta"},"schema":{"@context":"https:\/\/schema.org","@graph":[{"@type":"WebPage","@id":"https:\/\/www.casavio.com\/pl\/uslugi\/uslugi-wliczone-w-cene\/recepcja\/","url":"https:\/\/www.casavio.com\/pl\/uslugi\/uslugi-wliczone-w-cene\/recepcja\/","name":"Recepcja | Witamy na Kempingu Ca\u2019 Savio","isPartOf":{"@id":"https:\/\/www.casavio.com\/pl\/#website"},"primaryImageOfPage":{"@id":"https:\/\/www.casavio.com\/pl\/uslugi\/uslugi-wliczone-w-cene\/recepcja\/#primaryimage"},"image":{"@id":"https:\/\/www.casavio.com\/pl\/uslugi\/uslugi-wliczone-w-cene\/recepcja\/#primaryimage"},"thumbnailUrl":"https:\/\/www.casavio.com\/wp-content\/uploads\/2024\/10\/reception_ev.jpg","datePublished":"2019-11-07T09:49:56+00:00","dateModified":"2024-10-03T12:00:50+00:00","description":"W naszej recepcji spotkasz got\u00f3w do pomocy zesp\u00f3\u0142, do Twojej ca\u0142kowitej dyspozycji, nie tylko przy zameldowaniu i wymeldowaniu, ale podczas ca\u0142ego pobytu.","breadcrumb":{"@id":"https:\/\/www.casavio.com\/pl\/uslugi\/uslugi-wliczone-w-cene\/recepcja\/#breadcrumb"},"inLanguage":"pl-PL","potentialAction":[{"@type":"ReadAction","target":["https:\/\/www.casavio.com\/pl\/uslugi\/uslugi-wliczone-w-cene\/recepcja\/"]}]},{"@type":"ImageObject","inLanguage":"pl-PL","@id":"https:\/\/www.casavio.com\/pl\/uslugi\/uslugi-wliczone-w-cene\/recepcja\/#primaryimage","url":"https:\/\/www.casavio.com\/wp-content\/uploads\/2024\/10\/reception_ev.jpg","contentUrl":"https:\/\/www.casavio.com\/wp-content\/uploads\/2024\/10\/reception_ev.jpg","width":440,"height":600},{"@type":"BreadcrumbList","@id":"https:\/\/www.casavio.com\/pl\/uslugi\/uslugi-wliczone-w-cene\/recepcja\/#breadcrumb","itemListElement":[{"@type":"ListItem","position":1,"name":"Home","item":"https:\/\/www.casavio.com\/pl\/"},{"@type":"ListItem","position":2,"name":"Us\u0142ugi","item":"https:\/\/www.casavio.com\/pl\/uslugi\/"},{"@type":"ListItem","position":3,"name":"Us\u0142ugi wliczone w cen\u0119","item":"https:\/\/www.casavio.com\/pl\/uslugi\/uslugi-wliczone-w-cene\/"},{"@type":"ListItem","position":4,"name":"Recepcja"}]},{"@type":"WebSite","@id":"https:\/\/www.casavio.com\/pl\/#website","url":"https:\/\/www.casavio.com\/pl\/","name":"Camping Ca&#039; Savio","description":"","publisher":{"@id":"https:\/\/www.casavio.com\/pl\/#organization"},"potentialAction":[{"@type":"SearchAction","target":{"@type":"EntryPoint","urlTemplate":"https:\/\/www.casavio.com\/pl\/?s={search_term_string}"},"query-input":{"@type":"PropertyValueSpecification","valueRequired":true,"valueName":"search_term_string"}}],"inLanguage":"pl-PL"},{"@type":"Organization","@id":"https:\/\/www.casavio.com\/pl\/#organization","name":"Camping Ca'Savio","url":"https:\/\/www.casavio.com\/pl\/","logo":{"@type":"ImageObject","inLanguage":"pl-PL","@id":"https:\/\/www.casavio.com\/pl\/#\/schema\/logo\/image\/","url":"https:\/\/www.casavio.com\/wp-content\/uploads\/2024\/04\/favicon.png","contentUrl":"https:\/\/www.casavio.com\/wp-content\/uploads\/2024\/04\/favicon.png","width":144,"height":144,"caption":"Camping Ca'Savio"},"image":{"@id":"https:\/\/www.casavio.com\/pl\/#\/schema\/logo\/image\/"},"sameAs":["https:\/\/www.facebook.com\/campingcasavio","https:\/\/www.instagram.com\/campingcasavio","https:\/\/www.youtube.com\/user\/campingcasavio"]}]}},"_links":{"self":[{"href":"https:\/\/www.casavio.com\/pl\/wp-json\/wp\/v2\/pages\/10180","targetHints":{"allow":["GET"]}}],"collection":[{"href":"https:\/\/www.casavio.com\/pl\/wp-json\/wp\/v2\/pages"}],"about":[{"href":"https:\/\/www.casavio.com\/pl\/wp-json\/wp\/v2\/types\/page"}],"author":[{"embeddable":true,"href":"https:\/\/www.casavio.com\/pl\/wp-json\/wp\/v2\/users\/3"}],"replies":[{"embeddable":true,"href":"https:\/\/www.casavio.com\/pl\/wp-json\/wp\/v2\/comments?post=10180"}],"version-history":[{"count":1,"href":"https:\/\/www.casavio.com\/pl\/wp-json\/wp\/v2\/pages\/10180\/revisions"}],"predecessor-version":[{"id":35723,"href":"https:\/\/www.casavio.com\/pl\/wp-json\/wp\/v2\/pages\/10180\/revisions\/35723"}],"up":[{"embeddable":true,"href":"https:\/\/www.casavio.com\/pl\/wp-json\/wp\/v2\/pages\/10162"}],"wp:featuredmedia":[{"embeddable":true,"href":"https:\/\/www.casavio.com\/pl\/wp-json\/wp\/v2\/media\/35715"}],"wp:attachment":[{"href":"https:\/\/www.casavio.com\/pl\/wp-json\/wp\/v2\/media?parent=10180"}],"curies":[{"name":"wp","href":"https:\/\/api.w.org\/{rel}","templated":true}]}}