{"id":10184,"date":"2019-11-07T10:50:22","date_gmt":"2019-11-07T09:50:22","guid":{"rendered":"https:\/\/www.casavio.com\/uslugi\/uslugi-wliczone-w-cene\/customer-care\/"},"modified":"2024-11-13T14:52:52","modified_gmt":"2024-11-13T13:52:52","slug":"biuro-customer-care","status":"publish","type":"page","link":"https:\/\/www.casavio.com\/pl\/uslugi\/uslugi-wliczone-w-cene\/biuro-customer-care\/","title":{"rendered":"Biuro Customer Care &#8211; Obs\u0142ugi Klienta"},"content":{"rendered":"<p>Zlokalizowane w g\u0142\u00f3wnym budynku, w kt\u00f3rym mie\u015bci si\u0119 r\u00f3wnie\u017c <a href=\"https:\/\/www.casavio.com\/pl\/uslugi\/uslugi-wliczone-w-cene\/recepcja\/\"><u>Recepcja<\/u><\/a>, <strong>Biuro Customer Care<\/strong> jest punktem odniesienia dla wszystkich naszych klient\u00f3w podczas ich pobytu na kempingu.<\/p>\n<p>Ciche i nieformalne miejsce, gdzie nasz <strong>wieloj\u0119zyczny, uwa\u017cny i kompetentny personel<\/strong> jest got\u00f3w Ci pom\u00f3c w ka\u017cdej potrzebie. Pomo\u017ce Ci tak\u017ce wybra\u0107 spo\u015br\u00f3d wielu propozycji opcj\u0119 najlepiej odpowiadaj\u0105c\u0105 Twoim potrzeb, aby\u015b m\u00f3g\u0142 sp\u0119dzi\u0107 naprawd\u0119 niezapomniane wakacje.<\/p>\n<p>Odkryj wszystkie us\u0142ugi oferowane przez nasze biuro&#8230;<\/p>\n","protected":false},"excerpt":{"rendered":"<p>Biuro Customer Care (Obs\u0142ugi Klienta), z wieloj\u0119zycznym, uwa\u017cnym i kompetentnym personelem, b\u0119dzie dla Pa\u0144stwa punktem odniesienia podczas urlopu.<\/p>\n","protected":false},"author":3,"featured_media":2778,"parent":10162,"menu_order":38,"comment_status":"closed","ping_status":"closed","template":"","meta":{"_acf_changed":false},"class_list":["post-10184","page","type-page","status-publish","has-post-thumbnail","hentry"],"acf":[],"yoast_head":"<!-- This site is optimized with the Yoast SEO plugin v25.3 - https:\/\/yoast.com\/wordpress\/plugins\/seo\/ -->\n<title>Biuro Customer Care &#8211; Camping Ca&#039; Savio<\/title>\n<meta name=\"description\" content=\"Ciche i nieformalne miejsce, gdzie nasz wieloj\u0119zyczny, uwa\u017cny i kompetentny personel jest got\u00f3w Ci pom\u00f3c w ka\u017cdej potrzebie. Pomo\u017ce Ci tak\u017ce wybra\u0107 spo\u015br\u00f3d wielu propozycji opcj\u0119 najlepiej odpowiadaj\u0105c\u0105 Twoim potrzeb, aby\u015b m\u00f3g\u0142 sp\u0119dzi\u0107 naprawd\u0119 niezapomniane wakacje.\" \/>\n<meta name=\"robots\" content=\"index, follow, max-snippet:-1, max-image-preview:large, max-video-preview:-1\" \/>\n<link rel=\"canonical\" href=\"https:\/\/www.casavio.com\/pl\/uslugi\/uslugi-wliczone-w-cene\/biuro-customer-care\/\" \/>\n<meta property=\"og:locale\" content=\"pl_PL\" \/>\n<meta property=\"og:type\" content=\"article\" \/>\n<meta property=\"og:title\" content=\"Biuro Customer Care &#8211; Camping Ca&#039; Savio\" \/>\n<meta property=\"og:description\" content=\"Ciche i nieformalne miejsce, gdzie nasz wieloj\u0119zyczny, uwa\u017cny i kompetentny personel jest got\u00f3w Ci pom\u00f3c w ka\u017cdej potrzebie. Pomo\u017ce Ci tak\u017ce wybra\u0107 spo\u015br\u00f3d wielu propozycji opcj\u0119 najlepiej odpowiadaj\u0105c\u0105 Twoim potrzeb, aby\u015b m\u00f3g\u0142 sp\u0119dzi\u0107 naprawd\u0119 niezapomniane wakacje.\" \/>\n<meta property=\"og:url\" content=\"https:\/\/www.casavio.com\/pl\/uslugi\/uslugi-wliczone-w-cene\/biuro-customer-care\/\" \/>\n<meta property=\"og:site_name\" content=\"Camping Ca&#039; Savio\" \/>\n<meta property=\"article:publisher\" content=\"https:\/\/www.facebook.com\/campingcasavio\" \/>\n<meta property=\"article:modified_time\" content=\"2024-11-13T13:52:52+00:00\" \/>\n<meta property=\"og:image\" content=\"https:\/\/www.casavio.com\/wp-content\/uploads\/2019\/11\/ca-savio-customer-care-box.jpg\" \/>\n\t<meta property=\"og:image:width\" content=\"440\" \/>\n\t<meta property=\"og:image:height\" content=\"600\" \/>\n\t<meta property=\"og:image:type\" content=\"image\/jpeg\" \/>\n<meta name=\"twitter:card\" content=\"summary_large_image\" \/>\n<meta name=\"twitter:label1\" content=\"Szacowany czas czytania\" \/>\n\t<meta name=\"twitter:data1\" content=\"1 minuta\" \/>\n<script type=\"application\/ld+json\" class=\"yoast-schema-graph\">{\"@context\":\"https:\/\/schema.org\",\"@graph\":[{\"@type\":\"WebPage\",\"@id\":\"https:\/\/www.casavio.com\/pl\/uslugi\/uslugi-wliczone-w-cene\/biuro-customer-care\/\",\"url\":\"https:\/\/www.casavio.com\/pl\/uslugi\/uslugi-wliczone-w-cene\/biuro-customer-care\/\",\"name\":\"Biuro Customer Care &#8211; Camping Ca&#039; Savio\",\"isPartOf\":{\"@id\":\"https:\/\/www.casavio.com\/pl\/#website\"},\"primaryImageOfPage\":{\"@id\":\"https:\/\/www.casavio.com\/pl\/uslugi\/uslugi-wliczone-w-cene\/biuro-customer-care\/#primaryimage\"},\"image\":{\"@id\":\"https:\/\/www.casavio.com\/pl\/uslugi\/uslugi-wliczone-w-cene\/biuro-customer-care\/#primaryimage\"},\"thumbnailUrl\":\"https:\/\/www.casavio.com\/wp-content\/uploads\/2019\/11\/ca-savio-customer-care-box.jpg\",\"datePublished\":\"2019-11-07T09:50:22+00:00\",\"dateModified\":\"2024-11-13T13:52:52+00:00\",\"description\":\"Ciche i nieformalne miejsce, gdzie nasz wieloj\u0119zyczny, uwa\u017cny i kompetentny personel jest got\u00f3w Ci pom\u00f3c w ka\u017cdej potrzebie. Pomo\u017ce Ci tak\u017ce wybra\u0107 spo\u015br\u00f3d wielu propozycji opcj\u0119 najlepiej odpowiadaj\u0105c\u0105 Twoim potrzeb, aby\u015b m\u00f3g\u0142 sp\u0119dzi\u0107 naprawd\u0119 niezapomniane wakacje.\",\"breadcrumb\":{\"@id\":\"https:\/\/www.casavio.com\/pl\/uslugi\/uslugi-wliczone-w-cene\/biuro-customer-care\/#breadcrumb\"},\"inLanguage\":\"pl-PL\",\"potentialAction\":[{\"@type\":\"ReadAction\",\"target\":[\"https:\/\/www.casavio.com\/pl\/uslugi\/uslugi-wliczone-w-cene\/biuro-customer-care\/\"]}]},{\"@type\":\"ImageObject\",\"inLanguage\":\"pl-PL\",\"@id\":\"https:\/\/www.casavio.com\/pl\/uslugi\/uslugi-wliczone-w-cene\/biuro-customer-care\/#primaryimage\",\"url\":\"https:\/\/www.casavio.com\/wp-content\/uploads\/2019\/11\/ca-savio-customer-care-box.jpg\",\"contentUrl\":\"https:\/\/www.casavio.com\/wp-content\/uploads\/2019\/11\/ca-savio-customer-care-box.jpg\",\"width\":440,\"height\":600},{\"@type\":\"BreadcrumbList\",\"@id\":\"https:\/\/www.casavio.com\/pl\/uslugi\/uslugi-wliczone-w-cene\/biuro-customer-care\/#breadcrumb\",\"itemListElement\":[{\"@type\":\"ListItem\",\"position\":1,\"name\":\"Home\",\"item\":\"https:\/\/www.casavio.com\/pl\/\"},{\"@type\":\"ListItem\",\"position\":2,\"name\":\"Us\u0142ugi\",\"item\":\"https:\/\/www.casavio.com\/pl\/uslugi\/\"},{\"@type\":\"ListItem\",\"position\":3,\"name\":\"Us\u0142ugi wliczone w cen\u0119\",\"item\":\"https:\/\/www.casavio.com\/pl\/uslugi\/uslugi-wliczone-w-cene\/\"},{\"@type\":\"ListItem\",\"position\":4,\"name\":\"Biuro Customer Care &#8211; Obs\u0142ugi Klienta\"}]},{\"@type\":\"WebSite\",\"@id\":\"https:\/\/www.casavio.com\/pl\/#website\",\"url\":\"https:\/\/www.casavio.com\/pl\/\",\"name\":\"Camping Ca&#039; Savio\",\"description\":\"\",\"publisher\":{\"@id\":\"https:\/\/www.casavio.com\/pl\/#organization\"},\"potentialAction\":[{\"@type\":\"SearchAction\",\"target\":{\"@type\":\"EntryPoint\",\"urlTemplate\":\"https:\/\/www.casavio.com\/pl\/?s={search_term_string}\"},\"query-input\":{\"@type\":\"PropertyValueSpecification\",\"valueRequired\":true,\"valueName\":\"search_term_string\"}}],\"inLanguage\":\"pl-PL\"},{\"@type\":\"Organization\",\"@id\":\"https:\/\/www.casavio.com\/pl\/#organization\",\"name\":\"Camping Ca'Savio\",\"url\":\"https:\/\/www.casavio.com\/pl\/\",\"logo\":{\"@type\":\"ImageObject\",\"inLanguage\":\"pl-PL\",\"@id\":\"https:\/\/www.casavio.com\/pl\/#\/schema\/logo\/image\/\",\"url\":\"https:\/\/www.casavio.com\/wp-content\/uploads\/2024\/04\/favicon.png\",\"contentUrl\":\"https:\/\/www.casavio.com\/wp-content\/uploads\/2024\/04\/favicon.png\",\"width\":144,\"height\":144,\"caption\":\"Camping Ca'Savio\"},\"image\":{\"@id\":\"https:\/\/www.casavio.com\/pl\/#\/schema\/logo\/image\/\"},\"sameAs\":[\"https:\/\/www.facebook.com\/campingcasavio\",\"https:\/\/www.instagram.com\/campingcasavio\",\"https:\/\/www.youtube.com\/user\/campingcasavio\"]}]}<\/script>\n<!-- \/ Yoast SEO plugin. -->","yoast_head_json":{"title":"Biuro Customer Care &#8211; Camping Ca&#039; Savio","description":"Ciche i nieformalne miejsce, gdzie nasz wieloj\u0119zyczny, uwa\u017cny i kompetentny personel jest got\u00f3w Ci pom\u00f3c w ka\u017cdej potrzebie. Pomo\u017ce Ci tak\u017ce wybra\u0107 spo\u015br\u00f3d wielu propozycji opcj\u0119 najlepiej odpowiadaj\u0105c\u0105 Twoim potrzeb, aby\u015b m\u00f3g\u0142 sp\u0119dzi\u0107 naprawd\u0119 niezapomniane wakacje.","robots":{"index":"index","follow":"follow","max-snippet":"max-snippet:-1","max-image-preview":"max-image-preview:large","max-video-preview":"max-video-preview:-1"},"canonical":"https:\/\/www.casavio.com\/pl\/uslugi\/uslugi-wliczone-w-cene\/biuro-customer-care\/","og_locale":"pl_PL","og_type":"article","og_title":"Biuro Customer Care &#8211; Camping Ca&#039; Savio","og_description":"Ciche i nieformalne miejsce, gdzie nasz wieloj\u0119zyczny, uwa\u017cny i kompetentny personel jest got\u00f3w Ci pom\u00f3c w ka\u017cdej potrzebie. Pomo\u017ce Ci tak\u017ce wybra\u0107 spo\u015br\u00f3d wielu propozycji opcj\u0119 najlepiej odpowiadaj\u0105c\u0105 Twoim potrzeb, aby\u015b m\u00f3g\u0142 sp\u0119dzi\u0107 naprawd\u0119 niezapomniane wakacje.","og_url":"https:\/\/www.casavio.com\/pl\/uslugi\/uslugi-wliczone-w-cene\/biuro-customer-care\/","og_site_name":"Camping Ca&#039; Savio","article_publisher":"https:\/\/www.facebook.com\/campingcasavio","article_modified_time":"2024-11-13T13:52:52+00:00","og_image":[{"width":440,"height":600,"url":"https:\/\/www.casavio.com\/wp-content\/uploads\/2019\/11\/ca-savio-customer-care-box.jpg","type":"image\/jpeg"}],"twitter_card":"summary_large_image","twitter_misc":{"Szacowany czas czytania":"1 minuta"},"schema":{"@context":"https:\/\/schema.org","@graph":[{"@type":"WebPage","@id":"https:\/\/www.casavio.com\/pl\/uslugi\/uslugi-wliczone-w-cene\/biuro-customer-care\/","url":"https:\/\/www.casavio.com\/pl\/uslugi\/uslugi-wliczone-w-cene\/biuro-customer-care\/","name":"Biuro Customer Care &#8211; Camping Ca&#039; Savio","isPartOf":{"@id":"https:\/\/www.casavio.com\/pl\/#website"},"primaryImageOfPage":{"@id":"https:\/\/www.casavio.com\/pl\/uslugi\/uslugi-wliczone-w-cene\/biuro-customer-care\/#primaryimage"},"image":{"@id":"https:\/\/www.casavio.com\/pl\/uslugi\/uslugi-wliczone-w-cene\/biuro-customer-care\/#primaryimage"},"thumbnailUrl":"https:\/\/www.casavio.com\/wp-content\/uploads\/2019\/11\/ca-savio-customer-care-box.jpg","datePublished":"2019-11-07T09:50:22+00:00","dateModified":"2024-11-13T13:52:52+00:00","description":"Ciche i nieformalne miejsce, gdzie nasz wieloj\u0119zyczny, uwa\u017cny i kompetentny personel jest got\u00f3w Ci pom\u00f3c w ka\u017cdej potrzebie. Pomo\u017ce Ci tak\u017ce wybra\u0107 spo\u015br\u00f3d wielu propozycji opcj\u0119 najlepiej odpowiadaj\u0105c\u0105 Twoim potrzeb, aby\u015b m\u00f3g\u0142 sp\u0119dzi\u0107 naprawd\u0119 niezapomniane wakacje.","breadcrumb":{"@id":"https:\/\/www.casavio.com\/pl\/uslugi\/uslugi-wliczone-w-cene\/biuro-customer-care\/#breadcrumb"},"inLanguage":"pl-PL","potentialAction":[{"@type":"ReadAction","target":["https:\/\/www.casavio.com\/pl\/uslugi\/uslugi-wliczone-w-cene\/biuro-customer-care\/"]}]},{"@type":"ImageObject","inLanguage":"pl-PL","@id":"https:\/\/www.casavio.com\/pl\/uslugi\/uslugi-wliczone-w-cene\/biuro-customer-care\/#primaryimage","url":"https:\/\/www.casavio.com\/wp-content\/uploads\/2019\/11\/ca-savio-customer-care-box.jpg","contentUrl":"https:\/\/www.casavio.com\/wp-content\/uploads\/2019\/11\/ca-savio-customer-care-box.jpg","width":440,"height":600},{"@type":"BreadcrumbList","@id":"https:\/\/www.casavio.com\/pl\/uslugi\/uslugi-wliczone-w-cene\/biuro-customer-care\/#breadcrumb","itemListElement":[{"@type":"ListItem","position":1,"name":"Home","item":"https:\/\/www.casavio.com\/pl\/"},{"@type":"ListItem","position":2,"name":"Us\u0142ugi","item":"https:\/\/www.casavio.com\/pl\/uslugi\/"},{"@type":"ListItem","position":3,"name":"Us\u0142ugi wliczone w cen\u0119","item":"https:\/\/www.casavio.com\/pl\/uslugi\/uslugi-wliczone-w-cene\/"},{"@type":"ListItem","position":4,"name":"Biuro Customer Care &#8211; Obs\u0142ugi Klienta"}]},{"@type":"WebSite","@id":"https:\/\/www.casavio.com\/pl\/#website","url":"https:\/\/www.casavio.com\/pl\/","name":"Camping Ca&#039; Savio","description":"","publisher":{"@id":"https:\/\/www.casavio.com\/pl\/#organization"},"potentialAction":[{"@type":"SearchAction","target":{"@type":"EntryPoint","urlTemplate":"https:\/\/www.casavio.com\/pl\/?s={search_term_string}"},"query-input":{"@type":"PropertyValueSpecification","valueRequired":true,"valueName":"search_term_string"}}],"inLanguage":"pl-PL"},{"@type":"Organization","@id":"https:\/\/www.casavio.com\/pl\/#organization","name":"Camping Ca'Savio","url":"https:\/\/www.casavio.com\/pl\/","logo":{"@type":"ImageObject","inLanguage":"pl-PL","@id":"https:\/\/www.casavio.com\/pl\/#\/schema\/logo\/image\/","url":"https:\/\/www.casavio.com\/wp-content\/uploads\/2024\/04\/favicon.png","contentUrl":"https:\/\/www.casavio.com\/wp-content\/uploads\/2024\/04\/favicon.png","width":144,"height":144,"caption":"Camping Ca'Savio"},"image":{"@id":"https:\/\/www.casavio.com\/pl\/#\/schema\/logo\/image\/"},"sameAs":["https:\/\/www.facebook.com\/campingcasavio","https:\/\/www.instagram.com\/campingcasavio","https:\/\/www.youtube.com\/user\/campingcasavio"]}]}},"_links":{"self":[{"href":"https:\/\/www.casavio.com\/pl\/wp-json\/wp\/v2\/pages\/10184","targetHints":{"allow":["GET"]}}],"collection":[{"href":"https:\/\/www.casavio.com\/pl\/wp-json\/wp\/v2\/pages"}],"about":[{"href":"https:\/\/www.casavio.com\/pl\/wp-json\/wp\/v2\/types\/page"}],"author":[{"embeddable":true,"href":"https:\/\/www.casavio.com\/pl\/wp-json\/wp\/v2\/users\/3"}],"replies":[{"embeddable":true,"href":"https:\/\/www.casavio.com\/pl\/wp-json\/wp\/v2\/comments?post=10184"}],"version-history":[{"count":2,"href":"https:\/\/www.casavio.com\/pl\/wp-json\/wp\/v2\/pages\/10184\/revisions"}],"predecessor-version":[{"id":36545,"href":"https:\/\/www.casavio.com\/pl\/wp-json\/wp\/v2\/pages\/10184\/revisions\/36545"}],"up":[{"embeddable":true,"href":"https:\/\/www.casavio.com\/pl\/wp-json\/wp\/v2\/pages\/10162"}],"wp:featuredmedia":[{"embeddable":true,"href":"https:\/\/www.casavio.com\/pl\/wp-json\/wp\/v2\/media\/2778"}],"wp:attachment":[{"href":"https:\/\/www.casavio.com\/pl\/wp-json\/wp\/v2\/media?parent=10184"}],"curies":[{"name":"wp","href":"https:\/\/api.w.org\/{rel}","templated":true}]}}