{"id":10201,"date":"2019-11-28T17:10:30","date_gmt":"2019-11-28T16:10:30","guid":{"rendered":"https:\/\/www.casavio.com\/uslugi\/servizi-extra\/transfer-aeroporto\/"},"modified":"2026-01-28T12:01:57","modified_gmt":"2026-01-28T11:01:57","slug":"transfer-lotniska","status":"publish","type":"page","link":"https:\/\/www.casavio.com\/pl\/uslugi\/uslugi-dodatkowe\/transfer-lotniska\/","title":{"rendered":"Transfer na\/z lotniska (Wenecja\/ Treviso)"},"content":{"rendered":"<p>Specjalne taryfy dla go\u015bci Kempingu Ca&#8217; Savio.<\/p>\n<p><strong>Lotnisko Marco Polo (Wenecja)<\/strong> &#8211; Kemping Ca&#8217; Savio, b\u0105d\u017a Kemping Ca&#8217; Savio-Lotnisko Marco Polo:<\/p>\n<ul>\n<li>Taxi do 4 os\u00f3b \u20ac 105,00<\/li>\n<li>Taxi dla 5 os\u00f3b \u20ac 110,00<\/li>\n<li>Taxi dla 6 os\u00f3b \u20ac 115,00<\/li>\n<li>Taxi dla 7 os\u00f3b \u20ac 120,00<\/li>\n<li>Taxi dla 8 os\u00f3b \u20ac 125,00.<\/li>\n<\/ul>\n<p><strong>Lotnisko Treviso<\/strong>&#8211; Kemping Ca&#8217; Savio, b\u0105d\u017a\u00a0 Kemping Ca&#8217; Savio-Lotnisko<\/p>\n<ul>\n<li>Treviso-Taxi do 4 os\u00f3b \u20ac 120,00<\/li>\n<li>Taxi dla 5 os\u00f3b \u20ac 125,00<\/li>\n<li>Taxi dla 6 os\u00f3b \u20ac 130,00<\/li>\n<li>Taxi dla 7 os\u00f3b \u20ac 135,00<\/li>\n<li>Taxi dla 8 os\u00f3b \u20ac 140,00.<\/li>\n<\/ul>\n<p>Siedzonka dzieci\u0119ce s\u0105 dost\u0119pne <a href=\"https:\/\/booking.casavio.com\/contact\" target=\"_blank\" rel=\"noopener noreferrer\">na \u017cyczenie go\u015bcia<\/a>.<\/p>\n<p>Transfer od godz. 22:00 do 7:00, w niedziele i \u015bwi\u0119ta: dop\u0142ata 20%.<br \/>\nW cen\u0119 wliczona jest 1 sztuka baga\u017cu na osob\u0119. Dodatkowy baga\u017c: 3 \u20ac.<br \/>\nKierowca b\u0119dzie oczekiwa\u0142 w hali przylot\u00f3w.<br \/>\nP\u0142atno\u015b\u0107 bezpo\u015brednio u kierowcy.<\/p>\n<p>Zapytaj o us\u0142ug\u0119 przynajmniej 3 dni przed wyl\u0105dowaniem na lotnisku. Odpowiemy w ci\u0105gu 48 godzin (wykluczaj\u0105c weekendy w okresie zimowzm w miesiacach pa\u017adziernik-kwiecie\u0144).<\/p>\n","protected":false},"excerpt":{"rendered":"<p>Camping Ca 'Savio oferuje us\u0142ug\u0119 transferu z lotniska do Wenecji i lotniska Treviso. Specjalne ceny dla naszych go\u015bci.<\/p>\n","protected":false},"author":3,"featured_media":5344,"parent":10198,"menu_order":10,"comment_status":"closed","ping_status":"closed","template":"templates\/tpl-taxi-transfer.php","meta":{"_acf_changed":false},"class_list":["post-10201","page","type-page","status-publish","has-post-thumbnail","hentry"],"acf":[],"yoast_head":"<!-- This site is optimized with the Yoast SEO plugin v25.3 - https:\/\/yoast.com\/wordpress\/plugins\/seo\/ -->\n<title>Transfer lotniska - Specjalne taryfy &#8211; Camping Ca&#039; Savio<\/title>\n<meta name=\"description\" content=\"Camping Ca &#039;Savio oferuje us\u0142ug\u0119 transferu z lotniska do Wenecji i lotniska Treviso. Specjalne ceny dla naszych go\u015bci.\" \/>\n<meta name=\"robots\" content=\"index, follow, max-snippet:-1, max-image-preview:large, max-video-preview:-1\" \/>\n<link rel=\"canonical\" href=\"https:\/\/www.casavio.com\/pl\/uslugi\/uslugi-dodatkowe\/transfer-lotniska\/\" \/>\n<meta property=\"og:locale\" content=\"pl_PL\" \/>\n<meta property=\"og:type\" content=\"article\" \/>\n<meta property=\"og:title\" content=\"Transfer lotniska - Specjalne taryfy &#8211; Camping Ca&#039; Savio\" \/>\n<meta property=\"og:description\" content=\"Camping Ca &#039;Savio oferuje us\u0142ug\u0119 transferu z lotniska do Wenecji i lotniska Treviso. Specjalne ceny dla naszych go\u015bci.\" \/>\n<meta property=\"og:url\" content=\"https:\/\/www.casavio.com\/pl\/uslugi\/uslugi-dodatkowe\/transfer-lotniska\/\" \/>\n<meta property=\"og:site_name\" content=\"Camping Ca&#039; Savio\" \/>\n<meta property=\"article:publisher\" content=\"https:\/\/www.facebook.com\/campingcasavio\" \/>\n<meta property=\"article:modified_time\" content=\"2026-01-28T11:01:57+00:00\" \/>\n<meta property=\"og:image\" content=\"https:\/\/www.casavio.com\/wp-content\/uploads\/2019\/11\/ca-savio-transfer-aeroporto.jpg\" \/>\n\t<meta property=\"og:image:width\" content=\"440\" \/>\n\t<meta property=\"og:image:height\" content=\"600\" \/>\n\t<meta property=\"og:image:type\" content=\"image\/jpeg\" \/>\n<meta name=\"twitter:card\" content=\"summary_large_image\" \/>\n<meta name=\"twitter:label1\" content=\"Szacowany czas czytania\" \/>\n\t<meta name=\"twitter:data1\" content=\"2 minuty\" \/>\n<script type=\"application\/ld+json\" class=\"yoast-schema-graph\">{\"@context\":\"https:\/\/schema.org\",\"@graph\":[{\"@type\":\"WebPage\",\"@id\":\"https:\/\/www.casavio.com\/pl\/uslugi\/uslugi-dodatkowe\/transfer-lotniska\/\",\"url\":\"https:\/\/www.casavio.com\/pl\/uslugi\/uslugi-dodatkowe\/transfer-lotniska\/\",\"name\":\"Transfer lotniska - Specjalne taryfy &#8211; Camping Ca&#039; Savio\",\"isPartOf\":{\"@id\":\"https:\/\/www.casavio.com\/pl\/#website\"},\"primaryImageOfPage\":{\"@id\":\"https:\/\/www.casavio.com\/pl\/uslugi\/uslugi-dodatkowe\/transfer-lotniska\/#primaryimage\"},\"image\":{\"@id\":\"https:\/\/www.casavio.com\/pl\/uslugi\/uslugi-dodatkowe\/transfer-lotniska\/#primaryimage\"},\"thumbnailUrl\":\"https:\/\/www.casavio.com\/wp-content\/uploads\/2019\/11\/ca-savio-transfer-aeroporto.jpg\",\"datePublished\":\"2019-11-28T16:10:30+00:00\",\"dateModified\":\"2026-01-28T11:01:57+00:00\",\"description\":\"Camping Ca 'Savio oferuje us\u0142ug\u0119 transferu z lotniska do Wenecji i lotniska Treviso. Specjalne ceny dla naszych go\u015bci.\",\"breadcrumb\":{\"@id\":\"https:\/\/www.casavio.com\/pl\/uslugi\/uslugi-dodatkowe\/transfer-lotniska\/#breadcrumb\"},\"inLanguage\":\"pl-PL\",\"potentialAction\":[{\"@type\":\"ReadAction\",\"target\":[\"https:\/\/www.casavio.com\/pl\/uslugi\/uslugi-dodatkowe\/transfer-lotniska\/\"]}]},{\"@type\":\"ImageObject\",\"inLanguage\":\"pl-PL\",\"@id\":\"https:\/\/www.casavio.com\/pl\/uslugi\/uslugi-dodatkowe\/transfer-lotniska\/#primaryimage\",\"url\":\"https:\/\/www.casavio.com\/wp-content\/uploads\/2019\/11\/ca-savio-transfer-aeroporto.jpg\",\"contentUrl\":\"https:\/\/www.casavio.com\/wp-content\/uploads\/2019\/11\/ca-savio-transfer-aeroporto.jpg\",\"width\":440,\"height\":600},{\"@type\":\"BreadcrumbList\",\"@id\":\"https:\/\/www.casavio.com\/pl\/uslugi\/uslugi-dodatkowe\/transfer-lotniska\/#breadcrumb\",\"itemListElement\":[{\"@type\":\"ListItem\",\"position\":1,\"name\":\"Home\",\"item\":\"https:\/\/www.casavio.com\/pl\/\"},{\"@type\":\"ListItem\",\"position\":2,\"name\":\"Us\u0142ugi\",\"item\":\"https:\/\/www.casavio.com\/pl\/uslugi\/\"},{\"@type\":\"ListItem\",\"position\":3,\"name\":\"Us\u0142ugi dodatkowe\",\"item\":\"https:\/\/www.casavio.com\/pl\/uslugi\/uslugi-dodatkowe\/\"},{\"@type\":\"ListItem\",\"position\":4,\"name\":\"Transfer na\/z lotniska (Wenecja\/ Treviso)\"}]},{\"@type\":\"WebSite\",\"@id\":\"https:\/\/www.casavio.com\/pl\/#website\",\"url\":\"https:\/\/www.casavio.com\/pl\/\",\"name\":\"Camping Ca&#039; Savio\",\"description\":\"\",\"publisher\":{\"@id\":\"https:\/\/www.casavio.com\/pl\/#organization\"},\"potentialAction\":[{\"@type\":\"SearchAction\",\"target\":{\"@type\":\"EntryPoint\",\"urlTemplate\":\"https:\/\/www.casavio.com\/pl\/?s={search_term_string}\"},\"query-input\":{\"@type\":\"PropertyValueSpecification\",\"valueRequired\":true,\"valueName\":\"search_term_string\"}}],\"inLanguage\":\"pl-PL\"},{\"@type\":\"Organization\",\"@id\":\"https:\/\/www.casavio.com\/pl\/#organization\",\"name\":\"Camping Ca'Savio\",\"url\":\"https:\/\/www.casavio.com\/pl\/\",\"logo\":{\"@type\":\"ImageObject\",\"inLanguage\":\"pl-PL\",\"@id\":\"https:\/\/www.casavio.com\/pl\/#\/schema\/logo\/image\/\",\"url\":\"https:\/\/www.casavio.com\/wp-content\/uploads\/2024\/04\/favicon.png\",\"contentUrl\":\"https:\/\/www.casavio.com\/wp-content\/uploads\/2024\/04\/favicon.png\",\"width\":144,\"height\":144,\"caption\":\"Camping Ca'Savio\"},\"image\":{\"@id\":\"https:\/\/www.casavio.com\/pl\/#\/schema\/logo\/image\/\"},\"sameAs\":[\"https:\/\/www.facebook.com\/campingcasavio\",\"https:\/\/www.instagram.com\/campingcasavio\",\"https:\/\/www.youtube.com\/user\/campingcasavio\"]}]}<\/script>\n<!-- \/ Yoast SEO plugin. -->","yoast_head_json":{"title":"Transfer lotniska - Specjalne taryfy &#8211; Camping Ca&#039; Savio","description":"Camping Ca 'Savio oferuje us\u0142ug\u0119 transferu z lotniska do Wenecji i lotniska Treviso. Specjalne ceny dla naszych go\u015bci.","robots":{"index":"index","follow":"follow","max-snippet":"max-snippet:-1","max-image-preview":"max-image-preview:large","max-video-preview":"max-video-preview:-1"},"canonical":"https:\/\/www.casavio.com\/pl\/uslugi\/uslugi-dodatkowe\/transfer-lotniska\/","og_locale":"pl_PL","og_type":"article","og_title":"Transfer lotniska - Specjalne taryfy &#8211; Camping Ca&#039; Savio","og_description":"Camping Ca 'Savio oferuje us\u0142ug\u0119 transferu z lotniska do Wenecji i lotniska Treviso. Specjalne ceny dla naszych go\u015bci.","og_url":"https:\/\/www.casavio.com\/pl\/uslugi\/uslugi-dodatkowe\/transfer-lotniska\/","og_site_name":"Camping Ca&#039; Savio","article_publisher":"https:\/\/www.facebook.com\/campingcasavio","article_modified_time":"2026-01-28T11:01:57+00:00","og_image":[{"width":440,"height":600,"url":"https:\/\/www.casavio.com\/wp-content\/uploads\/2019\/11\/ca-savio-transfer-aeroporto.jpg","type":"image\/jpeg"}],"twitter_card":"summary_large_image","twitter_misc":{"Szacowany czas czytania":"2 minuty"},"schema":{"@context":"https:\/\/schema.org","@graph":[{"@type":"WebPage","@id":"https:\/\/www.casavio.com\/pl\/uslugi\/uslugi-dodatkowe\/transfer-lotniska\/","url":"https:\/\/www.casavio.com\/pl\/uslugi\/uslugi-dodatkowe\/transfer-lotniska\/","name":"Transfer lotniska - Specjalne taryfy &#8211; Camping Ca&#039; Savio","isPartOf":{"@id":"https:\/\/www.casavio.com\/pl\/#website"},"primaryImageOfPage":{"@id":"https:\/\/www.casavio.com\/pl\/uslugi\/uslugi-dodatkowe\/transfer-lotniska\/#primaryimage"},"image":{"@id":"https:\/\/www.casavio.com\/pl\/uslugi\/uslugi-dodatkowe\/transfer-lotniska\/#primaryimage"},"thumbnailUrl":"https:\/\/www.casavio.com\/wp-content\/uploads\/2019\/11\/ca-savio-transfer-aeroporto.jpg","datePublished":"2019-11-28T16:10:30+00:00","dateModified":"2026-01-28T11:01:57+00:00","description":"Camping Ca 'Savio oferuje us\u0142ug\u0119 transferu z lotniska do Wenecji i lotniska Treviso. Specjalne ceny dla naszych go\u015bci.","breadcrumb":{"@id":"https:\/\/www.casavio.com\/pl\/uslugi\/uslugi-dodatkowe\/transfer-lotniska\/#breadcrumb"},"inLanguage":"pl-PL","potentialAction":[{"@type":"ReadAction","target":["https:\/\/www.casavio.com\/pl\/uslugi\/uslugi-dodatkowe\/transfer-lotniska\/"]}]},{"@type":"ImageObject","inLanguage":"pl-PL","@id":"https:\/\/www.casavio.com\/pl\/uslugi\/uslugi-dodatkowe\/transfer-lotniska\/#primaryimage","url":"https:\/\/www.casavio.com\/wp-content\/uploads\/2019\/11\/ca-savio-transfer-aeroporto.jpg","contentUrl":"https:\/\/www.casavio.com\/wp-content\/uploads\/2019\/11\/ca-savio-transfer-aeroporto.jpg","width":440,"height":600},{"@type":"BreadcrumbList","@id":"https:\/\/www.casavio.com\/pl\/uslugi\/uslugi-dodatkowe\/transfer-lotniska\/#breadcrumb","itemListElement":[{"@type":"ListItem","position":1,"name":"Home","item":"https:\/\/www.casavio.com\/pl\/"},{"@type":"ListItem","position":2,"name":"Us\u0142ugi","item":"https:\/\/www.casavio.com\/pl\/uslugi\/"},{"@type":"ListItem","position":3,"name":"Us\u0142ugi dodatkowe","item":"https:\/\/www.casavio.com\/pl\/uslugi\/uslugi-dodatkowe\/"},{"@type":"ListItem","position":4,"name":"Transfer na\/z lotniska (Wenecja\/ Treviso)"}]},{"@type":"WebSite","@id":"https:\/\/www.casavio.com\/pl\/#website","url":"https:\/\/www.casavio.com\/pl\/","name":"Camping Ca&#039; Savio","description":"","publisher":{"@id":"https:\/\/www.casavio.com\/pl\/#organization"},"potentialAction":[{"@type":"SearchAction","target":{"@type":"EntryPoint","urlTemplate":"https:\/\/www.casavio.com\/pl\/?s={search_term_string}"},"query-input":{"@type":"PropertyValueSpecification","valueRequired":true,"valueName":"search_term_string"}}],"inLanguage":"pl-PL"},{"@type":"Organization","@id":"https:\/\/www.casavio.com\/pl\/#organization","name":"Camping Ca'Savio","url":"https:\/\/www.casavio.com\/pl\/","logo":{"@type":"ImageObject","inLanguage":"pl-PL","@id":"https:\/\/www.casavio.com\/pl\/#\/schema\/logo\/image\/","url":"https:\/\/www.casavio.com\/wp-content\/uploads\/2024\/04\/favicon.png","contentUrl":"https:\/\/www.casavio.com\/wp-content\/uploads\/2024\/04\/favicon.png","width":144,"height":144,"caption":"Camping Ca'Savio"},"image":{"@id":"https:\/\/www.casavio.com\/pl\/#\/schema\/logo\/image\/"},"sameAs":["https:\/\/www.facebook.com\/campingcasavio","https:\/\/www.instagram.com\/campingcasavio","https:\/\/www.youtube.com\/user\/campingcasavio"]}]}},"_links":{"self":[{"href":"https:\/\/www.casavio.com\/pl\/wp-json\/wp\/v2\/pages\/10201","targetHints":{"allow":["GET"]}}],"collection":[{"href":"https:\/\/www.casavio.com\/pl\/wp-json\/wp\/v2\/pages"}],"about":[{"href":"https:\/\/www.casavio.com\/pl\/wp-json\/wp\/v2\/types\/page"}],"author":[{"embeddable":true,"href":"https:\/\/www.casavio.com\/pl\/wp-json\/wp\/v2\/users\/3"}],"replies":[{"embeddable":true,"href":"https:\/\/www.casavio.com\/pl\/wp-json\/wp\/v2\/comments?post=10201"}],"version-history":[{"count":2,"href":"https:\/\/www.casavio.com\/pl\/wp-json\/wp\/v2\/pages\/10201\/revisions"}],"predecessor-version":[{"id":45620,"href":"https:\/\/www.casavio.com\/pl\/wp-json\/wp\/v2\/pages\/10201\/revisions\/45620"}],"up":[{"embeddable":true,"href":"https:\/\/www.casavio.com\/pl\/wp-json\/wp\/v2\/pages\/10198"}],"wp:featuredmedia":[{"embeddable":true,"href":"https:\/\/www.casavio.com\/pl\/wp-json\/wp\/v2\/media\/5344"}],"wp:attachment":[{"href":"https:\/\/www.casavio.com\/pl\/wp-json\/wp\/v2\/media?parent=10201"}],"curies":[{"name":"wp","href":"https:\/\/api.w.org\/{rel}","templated":true}]}}